{"id":6322,"date":"2021-12-03T11:42:35","date_gmt":"2021-12-03T11:42:35","guid":{"rendered":"https:\/\/elfsight.com\/fr\/?page_id=6322"},"modified":"2024-12-20T13:02:50","modified_gmt":"2024-12-20T13:02:50","slug":"shopify","status":"publish","type":"page","link":"https:\/\/elfsight.com\/fr\/contact-form-widget\/shopify\/","title":{"rendered":"Contact Form &#8211; Shopify"},"content":{"rendered":"\n<div class=\"application-platform-content-item-description application-platform-content-item\" id=\"description\" data-nav-section=\"description\">\n  <h2>Formulaire de contact pour Shopify<\/h2>\n  <p>Vous recherchez un g\u00e9n\u00e9rateur de formulaire de contact pour Shopify ? Notre plugin de formulaire de contact pour Shopify peut vous aider \u00e0 r\u00e9pondre \u00e0 tous vos besoins principaux en mati\u00e8re de r\u00e9ception de commentaires et de commandes des clients de votre site. Installez simplement les champs n\u00e9cessaires \u00e0 remplir, choisissez le mod\u00e8le souhait\u00e9, et personnalisez l&rsquo;interface pour encourager encore plus vos clients \u00e0 r\u00e9diger une commande pour les services de votre entreprise. Notre formulaire de contact personnalis\u00e9 Shopify vous permet \u00e9galement de recevoir des messages \u00e9lectroniques du formulaire de contact Shopify de vos clients.<\/p>\n  <p><b>Obtenez des t\u00e9moignages, recevez des demandes et envoyez des r\u00e9ponses aux questions des utilisateurs de votre site Web !<\/b><\/p>\n  <ul>\n    <li><b>Augmentez le nombre de clients potentiels<\/b>.<br>Maintenez une interaction permanente avec des clients potentiels nuit et jour en utilisant un formulaire pratique sur votre site Web et trouvez des utilisateurs pr\u00eats \u00e0 commander et acheter.<\/li>\n    <li><b>Apprenez \u00e0 mieux conna\u00eetre vos clients<\/b>.<br>Les questions, les soup\u00e7ons, les incr\u00e9dulit\u00e9s et les opinions diverses de vos clients sur vos offres ou services vous donnent plus de chances de comprendre les demandes des visiteurs de votre site et appliquez avec succ\u00e8s un concept d&rsquo;extension de votre entreprise.<\/li>\n    <li><b>Prot\u00e9gez votre bo\u00eete aux lettres du spam<\/b>.<br>Ne laissez pas les robots charger votre bo\u00eete e-mail avec des courriers ind\u00e9sirables. Notre formulaire est \u00e9quip\u00e9 de Google reCAPTCHA pour prot\u00e9ger votre bo\u00eete e-mail du spam automatique et des robots.<\/li>\n  <\/ul>\n<\/div>\n\n<div class=\"application-platform-content-item-features application-platform-content-item\" id=\"features\" data-nav-section=\"features\">\n  <h2>Caract\u00e9ristiques du plugin de formulaire de contact<\/h2>\n  <p>Qu&rsquo;est-ce qui fait du formulaire de contact Elfsight la meilleure application pour recevoir les r\u00e9actions et les demandes des clients pour les sites Shopify ? V\u00e9rifiez nos principales fonctionnalit\u00e9s :<\/p>\n  <ul>\n    <li><b>Un ensemble minimum de champs pour envoyer un commentaire :<\/b> nom, e-mail, t\u00e9l\u00e9phone et message;<\/li>\n    <li>D\u00e9finissez n&rsquo;importe quelle largeur de formulaire;<\/li>\n    <li>2 mises en page pr\u00e9d\u00e9finies :<\/b> en ligne pour \u00eatre ajout\u00e9e au corps de la page, et flottante pour suivre le d\u00e9filement de votre visiteur;<\/li>\n    <li>Toutes les donn\u00e9es saisies dans le formulaire sont enregistr\u00e9es en cours;<\/li>\n    <li>Fonctionne et s&rsquo;affiche parfaitement sur les appareils mobiles.<\/li>\n  <\/ul>\n  <p><a href=\"#demo\">D\u00e9couvrez un ensemble complet d&rsquo;avantages dans notre d\u00e9mo<\/a><\/p>\n<\/div>\n\n<div class=\"application-platform-content-item-installation application-platform-content-item\" id=\"installation\" data-nav-section=\"installation\">\n  <h2>Comment ajouter un formulaire de contact au site Web Shopify<\/h2>\n  <div class=\"video-container\"><iframe width=\"720\" height=\"405\" src=\"https:\/\/www.youtube.com\/embed\/ORhSwUsmv9c\" frameborder=\"0\" allowfullscreen><\/iframe><\/div>\n  <p>Suivez nos instructions pour int\u00e9grer l&rsquo;application de contact sur votre site en un rien de temps. Il n\u2019est pas n\u00e9cessaire d\u2019avoir une exp\u00e9rience en d\u00e9veloppement pour installer notre formulaire de contact. La dur\u00e9e compl\u00e8te de l&rsquo;installation n&rsquo;est que de 3 minutes.<\/p>\n  <ol>\n    <li><b>Utilisez notre configurateur gratuit et commencez \u00e0 cr\u00e9er votre application sur mesure.<\/b><br>Choisissez la disposition et les param\u00e8tres pr\u00e9f\u00e9r\u00e9s de l&rsquo;application et appliquez toutes les corrections.<\/li>\n    <li><b>Recevez votre code unique affich\u00e9 dans la case sur les applications Elfsight.<\/b><br>Juste apr\u00e8s la g\u00e9n\u00e9ration de votre application personnelle, copiez votre code dans la bo\u00eete qui appara\u00eet et enregistrez-le pour une utilisation future.<\/li>\n    <li><b>Commencez l&rsquo;utilisation de l&rsquo;application sur le site Web Shopify.<\/b><br>Placez le code copi\u00e9 auparavant dans votre page et enregistrez les am\u00e9liorations.<\/li>\n    <li><b>Vous avez termin\u00e9 ! L&rsquo;int\u00e9gration est r\u00e9ussie.<\/b><br>Visitez votre site Web pour v\u00e9rifier les performances de l&rsquo;application.<\/li>\n  <\/ol>\n\n  <p>Vous rencontrez des difficult\u00e9s lors de l&rsquo;application du didacticiel ou de la conception de votre formulaire ? Il peut \u00eatre utile de suivre un tutoriel d\u00e9taill\u00e9 \u00ab Comment ajouter un formulaire de contact sur un site Web Shopify<\/a> \u00bb et essayez de l&rsquo;int\u00e9grer vous-m\u00eame ou contactez notre centre d&rsquo;assistance avec une description d\u00e9taill\u00e9e de votre probl\u00e8me. Notre \u00e9quipe sera l\u00e0 pour vous conseiller.<\/p>\n<\/div>\n\n<div class=\"faq\" data-component=\"FAQ\">\n  <div class=\"faq-item\">\r\n\t\t\t\t\t<div class=\"faq-item-question\">\r\n\t\t\t\t\t\t<h3 class=\"faq-item-question-text\">Comment puis-je ajouter un formulaire de contact \u00e0 mon site Shopify sans comp\u00e9tences en codage ?<\/h3>\r\n\r\n\t\t\t\t\t\t<div class=\"faq-item-question-icon\"><\/div>\r\n\t\t\t\t\t<\/div>\r\n\r\n\t\t\t\t\t<div class=\"faq-item-answer\">\r\n\t\t\t\t\t\t<div class=\"faq-item-answer-text\">\n    <p>Elfsight propose une solution SaaS qui vous permet de cr\u00e9er un widget de formulaire de contact vous-m\u00eame. Voyez \u00e0 quel point le processus est simple : travaillez directement dans l&rsquo;\u00e9diteur en ligne pour cr\u00e9er un widget de formulaire de contact que vous aimeriez voir sur votre site Web Shopify. Choisissez l&rsquo;un des mod\u00e8les pr\u00e9d\u00e9finis et ajustez les param\u00e8tres du formulaire de contact, ajoutez votre contenu, modifiez la mise en page et les couleurs sans aucune comp\u00e9tence en codage. Enregistrez le formulaire de contact et copiez son code d&rsquo;installation, que vous pouvez simplement inclure dans votre site Shopify sans acheter de version payante. Gr\u00e2ce \u00e0 notre \u00e9diteur intuitif, tout internaute peut cr\u00e9er un widget de formulaire de contact en ligne et l&rsquo;int\u00e9grer facilement \u00e0 son site Web Shopify. Il n&rsquo;est pas n\u00e9cessaire de payer ou de saisir les informations d&rsquo;identification de votre carte pour acc\u00e9der au service. Si vous rencontrez des probl\u00e8mes \u00e0 n&rsquo;importe quelle \u00e9tape, n&rsquo;h\u00e9sitez pas \u00e0 contacter notre \u00e9quipe d&rsquo;assistance technique.<\/p>\n  <\/div>\r\n\t\t\t\t\t<\/div>\r\n\t\t\t\t<\/div>\n\n  <div class=\"faq-item\">\r\n\t\t\t\t\t<div class=\"faq-item-question\">\r\n\t\t\t\t\t\t<h3 class=\"faq-item-question-text\">Existe-t-il des mod\u00e8les de formulaire de contact pour le site Web Shopify ?<\/h3>\r\n\r\n\t\t\t\t\t\t<div class=\"faq-item-question-icon\"><\/div>\r\n\t\t\t\t\t<\/div>\r\n\r\n\t\t\t\t\t<div class=\"faq-item-answer\">\r\n\t\t\t\t\t\t<div class=\"faq-item-answer-text\">\n    <p>Oui, il y en a ! L&rsquo;\u00e9quipe Elfsight a cr\u00e9\u00e9 une superbe collection de plus de 300 mod\u00e8les pr\u00eats \u00e0 l&#8217;emploi. Et vous ne serez certainement pas d\u00e9\u00e7u par les <a href=\"https:\/\/elfsight.com\/online-form-builder\/templates\/contact-forms\/\">mod\u00e8les de formulaire de contact<\/a>.<\/p>\n  <\/div>\r\n\t\t\t\t\t<\/div>\r\n\t\t\t\t<\/div>\n<\/div>\n","protected":false},"excerpt":{"rendered":"","protected":false},"author":18,"featured_media":0,"parent":1363,"menu_order":0,"comment_status":"closed","ping_status":"closed","template":"templates\/template-application-platform.php","meta":{"publish_to_discourse":"","publish_post_category":"","wpdc_auto_publish_overridden":"","wpdc_topic_tags":"","wpdc_pin_topic":"","wpdc_pin_until":"","discourse_post_id":"","discourse_permalink":"","wpdc_publishing_response":"","wpdc_publishing_error":"","footnotes":""},"class_list":["post-6322","page","type-page","status-publish","hentry"],"yoast_head":"<!-- This site is optimized with the Yoast SEO plugin v25.3.1 - https:\/\/yoast.com\/wordpress\/plugins\/seo\/ -->\n<title>Formulaire de Contact - ajoutez app Outil de Contact sur Shopify<\/title>\n<meta name=\"description\" content=\"Int\u00e9grez un Formulaire de Contact attractif sur votre site. Utilisez la d\u00e9mo d&#039;Elfsight et g\u00e9n\u00e9rez votre widget en quelques minutes.\" \/>\n<meta name=\"robots\" content=\"index, follow, max-snippet:-1, max-image-preview:large, max-video-preview:-1\" \/>\n<link rel=\"canonical\" href=\"https:\/\/elfsight.com\/fr\/contact-form-widget\/shopify\/\" \/>\n<meta property=\"og:locale\" content=\"fr_FR\" \/>\n<meta property=\"og:type\" content=\"article\" \/>\n<meta property=\"og:title\" content=\"Formulaire de Contact - ajoutez app Outil de Contact sur Shopify\" \/>\n<meta property=\"og:description\" content=\"Int\u00e9grez un Formulaire de Contact attractif sur votre site. Utilisez la d\u00e9mo d&#039;Elfsight et g\u00e9n\u00e9rez votre widget en quelques minutes.\" \/>\n<meta property=\"og:url\" content=\"https:\/\/elfsight.com\/fr\/contact-form-widget\/shopify\/\" \/>\n<meta property=\"og:site_name\" content=\"Elfsight FR\" \/>\n<meta property=\"article:modified_time\" content=\"2024-12-20T13:02:50+00:00\" \/>\n<meta name=\"twitter:card\" content=\"summary_large_image\" \/>\n<meta name=\"twitter:label1\" content=\"Dur\u00e9e de lecture estim\u00e9e\" \/>\n\t<meta name=\"twitter:data1\" content=\"5 minutes\" \/>\n<!-- \/ Yoast SEO plugin. -->","yoast_head_json":{"title":"Formulaire de Contact - ajoutez app Outil de Contact sur Shopify","description":"Int\u00e9grez un Formulaire de Contact attractif sur votre site. Utilisez la d\u00e9mo d'Elfsight et g\u00e9n\u00e9rez votre widget en quelques minutes.","robots":{"index":"index","follow":"follow","max-snippet":"max-snippet:-1","max-image-preview":"max-image-preview:large","max-video-preview":"max-video-preview:-1"},"canonical":"https:\/\/elfsight.com\/fr\/contact-form-widget\/shopify\/","og_locale":"fr_FR","og_type":"article","og_title":"Formulaire de Contact - ajoutez app Outil de Contact sur Shopify","og_description":"Int\u00e9grez un Formulaire de Contact attractif sur votre site. Utilisez la d\u00e9mo d'Elfsight et g\u00e9n\u00e9rez votre widget en quelques minutes.","og_url":"https:\/\/elfsight.com\/fr\/contact-form-widget\/shopify\/","og_site_name":"Elfsight FR","article_modified_time":"2024-12-20T13:02:50+00:00","twitter_card":"summary_large_image","twitter_misc":{"Dur\u00e9e de lecture estim\u00e9e":"5 minutes"},"schema":{"@context":"https:\/\/schema.org","@graph":[{"@type":"WebPage","@id":"https:\/\/elfsight.com\/fr\/contact-form-widget\/shopify\/","url":"https:\/\/elfsight.com\/fr\/contact-form-widget\/shopify\/","name":"Formulaire de Contact - ajoutez app Outil de Contact sur Shopify","isPartOf":{"@id":"https:\/\/elfsight.com\/fr\/#website"},"datePublished":"2021-12-03T11:42:35+00:00","dateModified":"2024-12-20T13:02:50+00:00","description":"Int\u00e9grez un Formulaire de Contact attractif sur votre site. Utilisez la d\u00e9mo d'Elfsight et g\u00e9n\u00e9rez votre widget en quelques minutes.","breadcrumb":{"@id":"https:\/\/elfsight.com\/fr\/contact-form-widget\/shopify\/#breadcrumb"},"inLanguage":"fr-FR","potentialAction":[{"@type":"ReadAction","target":["https:\/\/elfsight.com\/fr\/contact-form-widget\/shopify\/"]}]},{"@type":"BreadcrumbList","@id":"https:\/\/elfsight.com\/fr\/contact-form-widget\/shopify\/#breadcrumb","itemListElement":[{"@type":"ListItem","position":1,"name":"Home","item":"https:\/\/elfsight.com\/fr\/"},{"@type":"ListItem","position":2,"name":"Contact Form","item":"https:\/\/elfsight.com\/fr\/contact-form-widget\/"},{"@type":"ListItem","position":3,"name":"Contact Form &#8211; Shopify"}]},{"@type":"WebSite","@id":"https:\/\/elfsight.com\/fr\/#website","url":"https:\/\/elfsight.com\/fr\/","name":"Elfsight FR","description":"","potentialAction":[{"@type":"SearchAction","target":{"@type":"EntryPoint","urlTemplate":"https:\/\/elfsight.com\/fr\/?s={search_term_string}"},"query-input":{"@type":"PropertyValueSpecification","valueRequired":true,"valueName":"search_term_string"}}],"inLanguage":"fr-FR"}]}},"meta_box":{"industry":"","seo_heading":"","heading":"","description":"","cta_heading":"","cta_description":"","application":"1358","h1":"App Formulaire de Contact pour Shopify","h1_caption":"Cr\u00e9ez et int\u00e9grez facilement des formulaires de contact sur votre site Web pour encourager l'interaction des utilisateurs et les demandes de renseignements sur votre site Web Shopify sans effort.","application_category":[],"applications_title":"","applications_request_title":"","applications_request_button_text":"","hero_text":"","hero_video":"","hero_video_schema_markup":"","selling_points_title":"","selling_points_caption":"","selling_points":[],"selling_points_cta_text":"","features_title":"","features":"","ed_cta_examples_text":"","ed_cta_examples_hidden":"","ed_cta_demo_text":"","ed_cta_demo_hidden":"","why_caption":"","why_editor_title":"","why_editor_text":"","why_team_title":"","why_team_text":"","why_service_title":"","why_service_text":"","template_catalog_visible":"0","template_catalog_title":"","template_catalog_text":"","template_catalog_categories_visible":"","demo_title":"Cr\u00e9ez votre application de formulaire de contact","demo_caption":"Configurez votre formulaire de contact et ajoutez-le \u00e0 votre site Web Shopify gratuitement\u00a0!","default_faq_hidden":"","app_template_category":[],"platform":"360","template_public_id":"","codecanyon_url":"","codecanyon_item_id":"","codecanyon_price":"","pricing_caption":"","pricing_elfsight_apps_hide_column":"","pricing_elfsight_apps_url":"","pricing_codecanyon_price_caption":"","integration_category":[],"integration_request_title":"","integration_request_cta":"","integration_platform":"","integrations":[],"platform_category":[],"video_schema_markup":"","price":"\u00c0 partir de $0\/mois","trial":"","benefits":[{"text":"Installation gratuite"},{"text":"Support Premium"},{"text":"Garantie de remboursement de 14 jours"},{"text":"L'am\u00e9lioration continue"}],"button_url":"#demo","button_target_blank":"0","button_nofollow":"0","attributes":[{"name":"Nombre d'installations","content":"1,000 - 5,000","_state":"expanded"},{"name":"Adaptif","content":"Oui","_state":"expanded"},{"name":"Navigateurs compatibles","content":"Firefox, Safari, Opera, Chrome, Edge","_state":"expanded"}],"tags":[],"tags_disable_links":"0","hide_more_platforms":"","video_object":"","demo_hide_cta":"0","demo_hide_cloud_options":"0","pricing_title":"","pricing":[{"pricing_icon":"platform","pricing_title":"Applications d'Elfsight","pricing_title_caption":"Solution num\u00e9rique multiplateforme qui fonctionne sur n'importe quel site","pricing_price":"\u00c0 partir de $0\/mois","pricing_price_caption":"Commencez avec un plan gratuit","pricing_benefits":[{"text":"Sites Web illimit\u00e9s"},{"text":"\u00c9quipe d'assistance professionnelle"},{"text":"Service d'installation gratuit"},{"text":"100% personnalisable"}],"pricing_button_text":"Ajouter au site Web","pricing_button_url":"https:\/\/apps.elfsight.com\/sign-up\/","pricing_button_nofollow":"1","_state":"expanded"}],"related_apps_title":"","related_apps_hidden":"1","author":"","image":[],"title":"","job":"","social_networks":[]},"_links":{"self":[{"href":"https:\/\/elfsight.com\/fr\/wp-json\/wp\/v2\/pages\/6322","targetHints":{"allow":["GET"]}}],"collection":[{"href":"https:\/\/elfsight.com\/fr\/wp-json\/wp\/v2\/pages"}],"about":[{"href":"https:\/\/elfsight.com\/fr\/wp-json\/wp\/v2\/types\/page"}],"author":[{"embeddable":true,"href":"https:\/\/elfsight.com\/fr\/wp-json\/wp\/v2\/users\/18"}],"replies":[{"embeddable":true,"href":"https:\/\/elfsight.com\/fr\/wp-json\/wp\/v2\/comments?post=6322"}],"version-history":[{"count":6,"href":"https:\/\/elfsight.com\/fr\/wp-json\/wp\/v2\/pages\/6322\/revisions"}],"predecessor-version":[{"id":15984,"href":"https:\/\/elfsight.com\/fr\/wp-json\/wp\/v2\/pages\/6322\/revisions\/15984"}],"up":[{"embeddable":true,"href":"https:\/\/elfsight.com\/fr\/wp-json\/wp\/v2\/pages\/1363"}],"wp:attachment":[{"href":"https:\/\/elfsight.com\/fr\/wp-json\/wp\/v2\/media?parent=6322"}],"curies":[{"name":"wp","href":"https:\/\/api.w.org\/{rel}","templated":true}]}}