{"id":6314,"date":"2021-12-03T11:44:59","date_gmt":"2021-12-03T11:44:59","guid":{"rendered":"https:\/\/elfsight.com\/fr\/?page_id=6314"},"modified":"2024-12-20T12:53:08","modified_gmt":"2024-12-20T12:53:08","slug":"magento","status":"publish","type":"page","link":"https:\/\/elfsight.com\/fr\/contact-form-widget\/magento\/","title":{"rendered":"Contact Form &#8211; Magento"},"content":{"rendered":"\n<div class=\"application-platform-content-item-description application-platform-content-item\" id=\"description\" data-nav-section=\"description\">\n<h2>Formulaire de contact pour Magento<\/h2>\n<p>Si vous recherchez un formulaire de contact personnalis\u00e9 Magento, l&rsquo;extension Elfsight Contact peut vous aider. Il s&rsquo;agit d&rsquo;un outil gratuit d&rsquo;extension de formulaire de contact personnalis\u00e9 Magento qui vise \u00e0 vous aider avec tous les besoins actuels pour obtenir des impressions et des demandes des clients de votre site Web. Affichez simplement les \u00e9l\u00e9ments cruciaux \u00e0 remplir, choisissez votre mod\u00e8le pr\u00e9f\u00e9r\u00e9 et personnalisez l&rsquo;interface pour motiver davantage vos utilisateurs \u00e0 laisser des demandes pour les services de votre entreprise. Le plugin Form est con\u00e7u pour r\u00e9pondre \u00e0 toutes vos demandes afin d&rsquo;obtenir des commentaires et d&rsquo;\u00eatre toujours en contact avec votre client\u00e8le.<\/p>\n<p><b>Obtenez des avis, recevez des demandes et envoyez des r\u00e9ponses aux messages que vous recevez des clients de votre site Web !<\/b><\/p>\n<ul>\n<li><b>Am\u00e9liorez l&rsquo;acquisition de leads<\/b>.<br \/>Restez proche de vos clients potentiels en les incitant \u00e0 vous envoyer un message via l&rsquo;extension de contact \u00e0 tout moment. Moins de champs entra\u00eenera une conversion plus \u00e9lev\u00e9e.<\/li>\n<li><b>\u00c9liminez le spam<\/b>.<br \/>Obtenez uniquement des contacts organiques gr\u00e2ce au puissant service Google reCAPTCHA qui prot\u00e8ge contre le spam et les robots.<\/li>\n<li><b>Obtenez des commentaires des clients sans effort<\/b>.<br \/>Cr\u00e9ez un plugin de formulaire remarquable afin qu&rsquo;il soit facilement trouv\u00e9 sur votre site Web, incitant vos visiteurs \u00e0 vous donner des commentaires \u00e0 tout moment o\u00f9 ils jugent n\u00e9cessaire.<\/li>\n<\/ul>\n<p><\/div><div class=\"application-platform-content-item-features application-platform-content-item\" id=\"features\" data-nav-section=\"features\"><\/p>\n<h2>Plugin de formulaire de contact<\/h2>\n<p>Pourquoi notre formulaire de contact est-il la meilleure extension pour recueillir les r\u00e9actions des clients et obtenir des commandes pour les sites Web Magento ? D\u00e9couvrez nos avantages les plus importants :<\/p>\n<ul>\n<li>D\u00e9finissez vos propres \u00e9tiquettes de champ ;<\/li>\n<li>\u00c9tiquette du bouton d&rsquo;envoi modifiable ;<\/li>\n<li>2 mises en page pr\u00e9d\u00e9finies : en ligne \u00e0 ajouter au corps de la page, et flottante pour suivre le d\u00e9filement de votre visiteur ;<\/li>\n<li>Toutes les donn\u00e9es saisies dans le formulaire sont enregistr\u00e9es en cours ;<\/li>\n<li>Fonctionne et s&rsquo;affiche parfaitement sur les appareils mobiles.<\/li>\n<\/ul>\n<p><a href=\"#demo\">D\u00e9couvrez la liste compl\u00e8te des caract\u00e9ristiques dans notre \u00e9diteur<\/a><\/p>\n<p><\/div><br \/><div class=\"application-platform-content-item-installation application-platform-content-item\" id=\"installation\" data-nav-section=\"installation\"><\/p>\n<h2>Comment ajouter un widget Formulaire de contact au site Web Magento<\/h2>\n<p>Suivez simplement les instructions ci-dessous pour activer l&rsquo;extension sur Magento.<\/p>\n<ol>\n<li><b>Lancez notre \u00e9diteur gratuit et commencez \u00e0 cr\u00e9er votre extension de formulaire de contact personnalis\u00e9e.<\/b><br \/>Sp\u00e9cifiez la mise en page et les options s\u00e9lectionn\u00e9es du widget et enregistrez les corrections.<\/li>\n<li><b>Acqu\u00e9rez votre code unique apparaissant dans le formulaire sp\u00e9cial sur Elfsight Apps.<\/b><br \/>Juste apr\u00e8s la cr\u00e9ation de votre widget, copiez le code unique dans la case qui appara\u00eet et enregistrez-le pour une utilisation ult\u00e9rieure.<\/li>\n<li><b>Commencez \u00e0 utiliser l&rsquo;extension sur votre site Web Magento.<\/b><br \/>Int\u00e9grez le code que vous avez sauvegard\u00e9 pr\u00e9c\u00e9demment dans votre page et appliquez les modifications.<\/li>\n<li><b>Termin\u00e9 ! L&rsquo;int\u00e9gration a \u00e9t\u00e9 effectu\u00e9e avec succ\u00e8s.<\/b><br \/>Visitez votre page pour v\u00e9rifier comment l&rsquo;outil fonctionne.<\/li>\n<\/ol>\n<p>Vous avez des questions lors de l&rsquo;application du didacticiel ou de la cr\u00e9ation de votre formulaire ? Essayez d&rsquo;\u00e9tudier notre manuel complet \u00ab<a href=\"https:\/\/elfsight.com\/tutorials\/how-to-add-contact-form-extension-to-magento\/\" target=\"_blank\" rel=\"noopener noreferrer\">Comment int\u00e9grer le formulaire de contact \u00e0 un site Web Magento<\/a>\u00bb et donnez-vous une deuxi\u00e8me chance de le cr\u00e9er vous-m\u00eame. Ou contactez l&rsquo;\u00e9quipe d&rsquo;assistance avec une description d\u00e9taill\u00e9e de votre probl\u00e8me, et ils seront heureux de r\u00e9soudre le probl\u00e8me.<\/p>\n<p><\/div><br \/><div class=\"faq\" data-component=\"FAQ\"> <div class=\"faq-item\">\r\n\t\t\t\t\t<div class=\"faq-item-question\">\r\n\t\t\t\t\t\t<h3 class=\"faq-item-question-text\">Comment prot\u00e9ger les donn\u00e9es du formulaire Magento sur ma page d'accueil ?<\/h3>\r\n\r\n\t\t\t\t\t\t<div class=\"faq-item-question-icon\"><\/div>\r\n\t\t\t\t\t<\/div>\r\n\r\n\t\t\t\t\t<div class=\"faq-item-answer\">\r\n\t\t\t\t\t\t<div class=\"faq-item-answer-text\">Notre widget Form Builder est int\u00e9gr\u00e9 \u00e0 l&rsquo;outil de s\u00e9curit\u00e9 reCAPTCHA le plus efficace. Il a \u00e9t\u00e9 ajout\u00e9 pour prot\u00e9ger votre formulaire et votre bo\u00eete aux lettres contre le spam et les robots, garantissant ainsi un travail facile avec uniquement des donn\u00e9es pertinentes.<\/p>\n<p><\/div>\r\n\t\t\t\t\t<\/div>\r\n\t\t\t\t<\/div> <div class=\"faq-item\">\r\n\t\t\t\t\t<div class=\"faq-item-question\">\r\n\t\t\t\t\t\t<h3 class=\"faq-item-question-text\">Avez-vous des mod\u00e8les prenant en charge les formulaires logiques conditionnels \/ formulaires \u00e0 champs multiples \/ formulaires par e-mail ?<\/h3>\r\n\r\n\t\t\t\t\t\t<div class=\"faq-item-question-icon\"><\/div>\r\n\t\t\t\t\t<\/div>\r\n\r\n\t\t\t\t\t<div class=\"faq-item-answer\">\r\n\t\t\t\t\t\t<div class=\"faq-item-answer-text\">Bien s\u00fbr ! Il vous suffit de vous connecter au service Elfsight Apps, de s\u00e9lectionner un mod\u00e8le pertinent, puis de commencer \u00e0 cr\u00e9er votre outil personnalis\u00e9.<\/p>\n<p><\/div>\r\n\t\t\t\t\t<\/div>\r\n\t\t\t\t<\/div> <div class=\"faq-item\">\r\n\t\t\t\t\t<div class=\"faq-item-question\">\r\n\t\t\t\t\t\t<h3 class=\"faq-item-question-text\">Comment cr\u00e9er un formulaire de contact ou de commentaires pour mon site Web Magento ?<\/h3>\r\n\r\n\t\t\t\t\t\t<div class=\"faq-item-question-icon\"><\/div>\r\n\t\t\t\t\t<\/div>\r\n\r\n\t\t\t\t\t<div class=\"faq-item-answer\">\r\n\t\t\t\t\t\t<div class=\"faq-item-answer-text\">Pour cr\u00e9er un formulaire de contact\/commentaires, vous devez vous connecter au service Elfsight Apps et effectuer tous les ajustements n\u00e9cessaires au plugin. Une fois que vous avez termin\u00e9, enregistrez les modifications et acc\u00e9dez \u00e0 votre site. C&rsquo;est termin\u00e9.<\/p>\n<p><\/div>\r\n\t\t\t\t\t<\/div>\r\n\t\t\t\t<\/div> <div class=\"faq-item\">\r\n\t\t\t\t\t<div class=\"faq-item-question\">\r\n\t\t\t\t\t\t<h3 class=\"faq-item-question-text\">Y a-t-il des mod\u00e8les de formulaire de contact pour le site Magento ?<\/h3>\r\n\r\n\t\t\t\t\t\t<div class=\"faq-item-question-icon\"><\/div>\r\n\t\t\t\t\t<\/div>\r\n\r\n\t\t\t\t\t<div class=\"faq-item-answer\">\r\n\t\t\t\t\t\t<div class=\"faq-item-answer-text\">Oui, il y en a ! L&rsquo;\u00e9quipe Elfsight a cr\u00e9\u00e9 une superbe collection de plus de 300 mod\u00e8les pr\u00eats \u00e0 l&#8217;emploi. Et vous ne serez certainement pas d\u00e9\u00e7u par les <a href=\"https:\/\/elfsight.com\/online-form-builder\/templates\/contact-forms\/\" target=\"_blank\" rel=\"noopener noreferrer\">mod\u00e8les de formulaire de contact<\/a>.<\/p>\n<p><\/div>\r\n\t\t\t\t\t<\/div>\r\n\t\t\t\t<\/div> <\/div>\n\n","protected":false},"excerpt":{"rendered":"","protected":false},"author":18,"featured_media":0,"parent":1363,"menu_order":0,"comment_status":"closed","ping_status":"closed","template":"templates\/template-application-platform.php","meta":{"publish_to_discourse":"","publish_post_category":"","wpdc_auto_publish_overridden":"","wpdc_topic_tags":"","wpdc_pin_topic":"","wpdc_pin_until":"","discourse_post_id":"","discourse_permalink":"","wpdc_publishing_response":"","wpdc_publishing_error":"","footnotes":""},"class_list":["post-6314","page","type-page","status-publish","hentry"],"yoast_head":"<!-- This site is optimized with the Yoast SEO plugin v25.3.1 - https:\/\/yoast.com\/wordpress\/plugins\/seo\/ -->\n<title>Formulaire de Contact - ajoutez plugin Outil de Contact sur Magento<\/title>\n<meta name=\"description\" content=\"Int\u00e9grez un Formulaire de Contact avantageux sur votre site. Appliquez la d\u00e9mo d&#039;Elfsight et g\u00e9n\u00e9rez votre extension en 2 minutes.\" \/>\n<meta name=\"robots\" content=\"index, follow, max-snippet:-1, max-image-preview:large, max-video-preview:-1\" \/>\n<link rel=\"canonical\" href=\"https:\/\/elfsight.com\/fr\/contact-form-widget\/magento\/\" \/>\n<meta property=\"og:locale\" content=\"fr_FR\" \/>\n<meta property=\"og:type\" content=\"article\" \/>\n<meta property=\"og:title\" content=\"Formulaire de Contact - ajoutez plugin Outil de Contact sur Magento\" \/>\n<meta property=\"og:description\" content=\"Int\u00e9grez un Formulaire de Contact avantageux sur votre site. Appliquez la d\u00e9mo d&#039;Elfsight et g\u00e9n\u00e9rez votre extension en 2 minutes.\" \/>\n<meta property=\"og:url\" content=\"https:\/\/elfsight.com\/fr\/contact-form-widget\/magento\/\" \/>\n<meta property=\"og:site_name\" content=\"Elfsight FR\" \/>\n<meta property=\"article:modified_time\" content=\"2024-12-20T12:53:08+00:00\" \/>\n<meta name=\"twitter:card\" content=\"summary_large_image\" \/>\n<meta name=\"twitter:label1\" content=\"Dur\u00e9e de lecture estim\u00e9e\" \/>\n\t<meta name=\"twitter:data1\" content=\"4 minutes\" \/>\n<!-- \/ Yoast SEO plugin. -->","yoast_head_json":{"title":"Formulaire de Contact - ajoutez plugin Outil de Contact sur Magento","description":"Int\u00e9grez un Formulaire de Contact avantageux sur votre site. Appliquez la d\u00e9mo d'Elfsight et g\u00e9n\u00e9rez votre extension en 2 minutes.","robots":{"index":"index","follow":"follow","max-snippet":"max-snippet:-1","max-image-preview":"max-image-preview:large","max-video-preview":"max-video-preview:-1"},"canonical":"https:\/\/elfsight.com\/fr\/contact-form-widget\/magento\/","og_locale":"fr_FR","og_type":"article","og_title":"Formulaire de Contact - ajoutez plugin Outil de Contact sur Magento","og_description":"Int\u00e9grez un Formulaire de Contact avantageux sur votre site. Appliquez la d\u00e9mo d'Elfsight et g\u00e9n\u00e9rez votre extension en 2 minutes.","og_url":"https:\/\/elfsight.com\/fr\/contact-form-widget\/magento\/","og_site_name":"Elfsight FR","article_modified_time":"2024-12-20T12:53:08+00:00","twitter_card":"summary_large_image","twitter_misc":{"Dur\u00e9e de lecture estim\u00e9e":"4 minutes"},"schema":{"@context":"https:\/\/schema.org","@graph":[{"@type":"WebPage","@id":"https:\/\/elfsight.com\/fr\/contact-form-widget\/magento\/","url":"https:\/\/elfsight.com\/fr\/contact-form-widget\/magento\/","name":"Formulaire de Contact - ajoutez plugin Outil de Contact sur Magento","isPartOf":{"@id":"https:\/\/elfsight.com\/fr\/#website"},"datePublished":"2021-12-03T11:44:59+00:00","dateModified":"2024-12-20T12:53:08+00:00","description":"Int\u00e9grez un Formulaire de Contact avantageux sur votre site. Appliquez la d\u00e9mo d'Elfsight et g\u00e9n\u00e9rez votre extension en 2 minutes.","breadcrumb":{"@id":"https:\/\/elfsight.com\/fr\/contact-form-widget\/magento\/#breadcrumb"},"inLanguage":"fr-FR","potentialAction":[{"@type":"ReadAction","target":["https:\/\/elfsight.com\/fr\/contact-form-widget\/magento\/"]}]},{"@type":"BreadcrumbList","@id":"https:\/\/elfsight.com\/fr\/contact-form-widget\/magento\/#breadcrumb","itemListElement":[{"@type":"ListItem","position":1,"name":"Home","item":"https:\/\/elfsight.com\/fr\/"},{"@type":"ListItem","position":2,"name":"Contact Form","item":"https:\/\/elfsight.com\/fr\/contact-form-widget\/"},{"@type":"ListItem","position":3,"name":"Contact Form &#8211; Magento"}]},{"@type":"WebSite","@id":"https:\/\/elfsight.com\/fr\/#website","url":"https:\/\/elfsight.com\/fr\/","name":"Elfsight FR","description":"","potentialAction":[{"@type":"SearchAction","target":{"@type":"EntryPoint","urlTemplate":"https:\/\/elfsight.com\/fr\/?s={search_term_string}"},"query-input":{"@type":"PropertyValueSpecification","valueRequired":true,"valueName":"search_term_string"}}],"inLanguage":"fr-FR"}]}},"meta_box":{"industry":"","seo_heading":"","heading":"","description":"","cta_heading":"","cta_description":"","application":"1358","h1":"Plugin Formulaire de Contact pour Magento","h1_caption":"Cr\u00e9ez et int\u00e9grez facilement des formulaires de contact sur votre site Web pour encourager l'interaction des utilisateurs et les demandes de renseignements sur votre site Web Magento sans effort.","application_category":[],"applications_title":"","applications_request_title":"","applications_request_button_text":"","hero_text":"","hero_video":"","hero_video_schema_markup":"","selling_points_title":"","selling_points_caption":"","selling_points":[],"selling_points_cta_text":"","features_title":"","features":"","ed_cta_examples_text":"","ed_cta_examples_hidden":"","ed_cta_demo_text":"","ed_cta_demo_hidden":"","why_caption":"","why_editor_title":"","why_editor_text":"","why_team_title":"","why_team_text":"","why_service_title":"","why_service_text":"","template_catalog_visible":"0","template_catalog_title":"","template_catalog_text":"","template_catalog_categories_visible":"","demo_title":"Cr\u00e9ez votre extension de formulaire de contact","demo_caption":"Configurez votre formulaire de contact et ajoutez-le \u00e0 votre site Web Magento gratuitement !","default_faq_hidden":"","app_template_category":[],"platform":"357","template_public_id":"","codecanyon_url":"","codecanyon_item_id":"","codecanyon_price":"","pricing_caption":"","pricing_elfsight_apps_hide_column":"","pricing_elfsight_apps_url":"","pricing_codecanyon_price_caption":"","integration_category":[],"integration_request_title":"","integration_request_cta":"","integration_platform":"","integrations":[],"platform_category":[],"video_schema_markup":"","price":"\u00c0 partir de $0\/mois","trial":"","benefits":[{"text":"Installation gratuite"},{"text":"Support Premium"},{"text":"Garantie de remboursement de 14 jours"},{"text":"L'am\u00e9lioration continue"}],"button_url":"#demo","button_target_blank":"0","button_nofollow":"0","attributes":[{"name":"Nombre d'installations","content":"1,000 - 5,000","_state":"expanded"},{"name":"Adaptif","content":"Oui","_state":"expanded"},{"name":"Navigateurs compatibles","content":"Firefox, Safari, Opera, Chrome, Edge","_state":"expanded"}],"tags":[],"tags_disable_links":"0","hide_more_platforms":"","video_object":"","demo_hide_cta":"0","demo_hide_cloud_options":"0","pricing_title":"","pricing":[{"pricing_icon":"platform","pricing_title":"Applications d'Elfsight","pricing_title_caption":"Solution num\u00e9rique multiplateforme qui fonctionne sur n'importe quel site","pricing_price":"\u00c0 partir de $0\/mois","pricing_price_caption":"Commencez avec un plan gratuit","pricing_benefits":[{"text":"Sites Web illimit\u00e9s"},{"text":"\u00c9quipe d'assistance professionnelle"},{"text":"Service d'installation gratuit"},{"text":"100% personnalisable"}],"pricing_button_text":"Ajouter au site Web","pricing_button_url":"https:\/\/apps.elfsight.com\/sign-up\/","pricing_button_nofollow":"1","_state":"expanded"}],"related_apps_title":"","related_apps_hidden":"1","author":"","image":[],"title":"","job":"","social_networks":[]},"_links":{"self":[{"href":"https:\/\/elfsight.com\/fr\/wp-json\/wp\/v2\/pages\/6314","targetHints":{"allow":["GET"]}}],"collection":[{"href":"https:\/\/elfsight.com\/fr\/wp-json\/wp\/v2\/pages"}],"about":[{"href":"https:\/\/elfsight.com\/fr\/wp-json\/wp\/v2\/types\/page"}],"author":[{"embeddable":true,"href":"https:\/\/elfsight.com\/fr\/wp-json\/wp\/v2\/users\/18"}],"replies":[{"embeddable":true,"href":"https:\/\/elfsight.com\/fr\/wp-json\/wp\/v2\/comments?post=6314"}],"version-history":[{"count":8,"href":"https:\/\/elfsight.com\/fr\/wp-json\/wp\/v2\/pages\/6314\/revisions"}],"predecessor-version":[{"id":15978,"href":"https:\/\/elfsight.com\/fr\/wp-json\/wp\/v2\/pages\/6314\/revisions\/15978"}],"up":[{"embeddable":true,"href":"https:\/\/elfsight.com\/fr\/wp-json\/wp\/v2\/pages\/1363"}],"wp:attachment":[{"href":"https:\/\/elfsight.com\/fr\/wp-json\/wp\/v2\/media?parent=6314"}],"curies":[{"name":"wp","href":"https:\/\/api.w.org\/{rel}","templated":true}]}}