{"id":6308,"date":"2021-12-03T11:48:02","date_gmt":"2021-12-03T11:48:02","guid":{"rendered":"https:\/\/elfsight.com\/fr\/?page_id=6308"},"modified":"2025-07-09T17:10:50","modified_gmt":"2025-07-09T17:10:50","slug":"joomla","status":"publish","type":"page","link":"https:\/\/elfsight.com\/fr\/contact-form-widget\/joomla\/","title":{"rendered":"Contact Form &#8211; Joomla"},"content":{"rendered":"<div class=\"application-platform-content-item-description application-platform-content-item\" id=\"description\" data-nav-section=\"description\"><h2>Formulaire de contact pour Joomla<\/h2><p>Si vous recherchez le meilleur formulaire de contact Joomla, l&rsquo;extension Elfsight Contact peut vous aider . C&rsquo;est un module qui a pour but de vous accompagner dans toutes les demandes actuelles pour obtenir des impressions et des demandes des visiteurs de votre site. R\u00e9v\u00e9lez simplement les parties essentielles \u00e0 remplir, trouvez le mod\u00e8le pr\u00e9f\u00e9r\u00e9 et concevez l&rsquo;interface pour inciter davantage vos visiteurs \u00e0 laisser des demandes pour les services fournis par votre entreprise. Notre plugin de formulaire de contact est con\u00e7u pour r\u00e9pondre \u00e0 tous vos besoins d&rsquo;obtenir des commentaires et d&rsquo;\u00eatre en lien avec vos clients.<\/p><p><b>Obtenez des avis, des demandes et envoyez des r\u00e9ponses aux lettres des visiteurs de votre site Web. !<\/b><\/p><ul><li><b>Am\u00e9liorez la g\u00e9n\u00e9ration de leads<\/b>.<br>Soyez proche de vos futurs clients en les invitant \u00e0 communiquer avec vous au moyen de l&rsquo;extension de contact \u00e0 tout moment. . Un plus petit nombre de lignes entra\u00eenera une conversion plus \u00e9lev\u00e9e.<\/li><li><b>Bloquez le spam<\/b>.<br>Conservez uniquement les communications organiques gr\u00e2ce \u00e0 la technologie Google reCAPTCHA qui prot\u00e8ge contre le spam et les robots.<\/li> <li><b>Recueillez facilement les commentaires des clients<\/b>.<br>Cr\u00e9ez un plug-in de formulaire accrocheur afin qu&rsquo;il puisse \u00eatre trouv\u00e9 librement sur les pages de votre site, encourageant vos visiteurs \u00e0 laisser des commentaires \u00e0 tout moment s&rsquo;ils le jugent n\u00e9cessaire. .<\/li><\/ul><\/div><div class=\"application-platform-content-item-features application-platform-content-item\" id=\"features\" data-nav-section=\"features\"><h2>Plugin de formulaire de contact<\/h2><p>Qu&rsquo;est-ce qui fait de notre formulaire de contact la meilleure extension pour recevoir des commentaires et obtenir des commandes pour un Un site Joomla ? D\u00e9couvrez nos avantages de base\u00a0:<\/p><ul><li>Un ensemble minimum de champs pour envoyer un commentaire\u00a0: nom, e-mail, t\u00e9l\u00e9phone et message\u00a0;<\/li><li>\u00c9pinglez une photo, un logo ou une photo sur votre formulaire\u00a0;<\/li><li>5 styles de champ visuel inclus\u00a0: classique, plat, mat\u00e9riel, classique arrondi, plat arrondi\u00a0;<\/li><li>D\u00e9finissez un texte qui appara\u00eetra apr\u00e8s la soumission r\u00e9ussie du message ;<\/li><li>Conception transparente qui convient \u00e0 99\u00a0% des sites pr\u00eats \u00e0 l&#8217;emploi.<\/li><\/ul><p><a href=\"#demo\">Testez l&rsquo;ensemble des fonctionnalit\u00e9s dans notre \u00e9diteur<\/a><\/p><\/div><div class=\"application-platform-content-item-installation application-platform-content-item\" id=\"installation\" data-nav-section=\"installation\"><h2>Comment ajouter un widget Formulaire de contact au site Web Joomla<\/h2><div class=\"video-container\"><iframe width=\"720\" height=\"405\" src=\"https:\/\/www.youtube.com\/embed\/p-o048a61jM\" frameborder=\"0\" allowfullscreen=\"\"><\/iframe><\/div><p>Effectuez simplement la directives ci-dessous pour int\u00e9grer l&rsquo;extension sur Joomla.<\/p> <ol><li><b>Utilisez notre d\u00e9mo gratuite et commencez \u00e0 cr\u00e9er votre extension de formulaire de contact personnalis\u00e9e. <\/b><br> Choisissez l&rsquo;apparence et les aspects s\u00e9lectionn\u00e9s du plugin et appliquez les modifications. <\/li> <li><b>Recevez le code unique affich\u00e9 dans le formulaire sp\u00e9cial sur Elfsight Apps. <\/b><br> D\u00e8s que la personnalisation de votre outil personnel est termin\u00e9e, copiez le code individuel dans la fen\u00eatre qui appara\u00eet et conservez-le pour une utilisation ult\u00e9rieure. <\/li> <li><b>Lancer l&rsquo;utilisation de l&rsquo;outil sur le site Web Joomla. <\/b><br> Int\u00e9grez le code enregistr\u00e9 pr\u00e9c\u00e9demment dans votre page et enregistrez les corrections. <\/li> <li><b>Fait\u00a0! L&rsquo;installation est enti\u00e8rement termin\u00e9e. <\/b><br> Rendez-vous sur votre page pour voir en action le fonctionnement de l&rsquo;extension. <\/li><\/ol><p>Avez-vous des questions lors de l&rsquo;application des instructions ou de la cr\u00e9ation de votre formulaire\u00a0? Vous trouverez peut-\u00eatre utile de lire un manuel d\u00e9taill\u00e9 \u00ab<a href=\"https:\/\/elfsight.com\/tutorials\/how-to-add-contact-form-module-to-joomla\/\" target=\"_blank\" rel=\"noopener noreferrer\">Comment afficher le formulaire de contact sur un site Web Joomla<\/a>\u00bb et essayez de l&rsquo;int\u00e9grer une fois de plus par vous-m\u00eame, ou contactez l&rsquo;\u00e9quipe d&rsquo;assistance d&rsquo;Elfsight avec une explication d\u00e9taill\u00e9e de votre requ\u00eate, et notre \u00e9quipe se fera un plaisir de vous aider. help.<\/p><div class=\"faq\" data-component=\"FAQ\"> <div class=\"faq-item\">\r\n\t\t\t\t\t<div class=\"faq-item-question\">\r\n\t\t\t\t\t\t<h3 class=\"faq-item-question-text\">Comment ajouter un formulaire de contact \u00e0 mon site Joomla sans comp\u00e9tences en codage ?<\/h3>\r\n\r\n\t\t\t\t\t\t<div class=\"faq-item-question-icon\"><\/div>\r\n\t\t\t\t\t<\/div>\r\n\r\n\t\t\t\t\t<div class=\"faq-item-answer\">\r\n\t\t\t\t\t\t<div class=\"faq-item-answer-text\"> <p>Elfsight fournit une solution SaaS qui vous permet de cr\u00e9er vous-m\u00eame un widget de formulaire de contact, voyez \u00e0 quel point il est facile le processus est le suivant\u00a0: travaillez directement dans l&rsquo;\u00e9diteur en ligne pour cr\u00e9er un widget de formulaire de contact que vous aimeriez voir sur votre site Web Joomla. Choisissez l&rsquo;un des mod\u00e8les pr\u00e9d\u00e9finis et ajustez les param\u00e8tres du formulaire de contact, ajoutez votre contenu, modifiez la mise en page et la palette de couleurs sans comp\u00e9tences en codage. Enregistrez le formulaire de contact et copiez son code d&rsquo;installation, que vous pourrez int\u00e9grer \u00e0 votre site Web Joomla sans avoir besoin d&rsquo;acheter un forfait payant. Gr\u00e2ce \u00e0 notre \u00e9diteur intuitif, tout internaute peut cr\u00e9er un widget de formulaire de contact en ligne et l&rsquo;int\u00e9grer facilement \u00e0 son site Web Joomla. Il n&rsquo;est pas n\u00e9cessaire de payer ou de saisir les informations d&rsquo;identification de votre carte pour acc\u00e9der au service. Si vous rencontrez des probl\u00e8mes \u00e0 n&rsquo;importe quelle \u00e9tape, n&rsquo;h\u00e9sitez pas \u00e0 contacter notre \u00e9quipe d&rsquo;assistance technique.<\/p> <\/div>\r\n\t\t\t\t\t<\/div>\r\n\t\t\t\t<\/div> <div class=\"faq-item\">\r\n\t\t\t\t\t<div class=\"faq-item-question\">\r\n\t\t\t\t\t\t<h3 class=\"faq-item-question-text\">Proposez-vous des mod\u00e8les de formulaire de contact pour le site Web Joomla ?<\/h3>\r\n\r\n\t\t\t\t\t\t<div class=\"faq-item-question-icon\"><\/div>\r\n\t\t\t\t\t<\/div>\r\n\r\n\t\t\t\t\t<div class=\"faq-item-answer\">\r\n\t\t\t\t\t\t<div class=\"faq-item-answer-text\"><p>Oui, Elfsight propose plus de 300 mod\u00e8les pr\u00eats \u00e0 l&#8217;emploi pour tous les cas. Examinez de plus pr\u00e8s les <a href=\"https:\/\/elfsight.com\/online-form-builder\/templates\/contact-forms\/\">Mod\u00e8les de formulaire de contact<\/a> et choisissez celui que vous pr\u00e9f\u00e9rez.<\/p><\/div>\r\n\t\t\t\t\t<\/div>\r\n\t\t\t\t<\/div><\/div> <\/div>","protected":false},"excerpt":{"rendered":"","protected":false},"author":18,"featured_media":0,"parent":1363,"menu_order":0,"comment_status":"closed","ping_status":"closed","template":"templates\/template-application-platform.php","meta":{"publish_to_discourse":"","publish_post_category":"","wpdc_auto_publish_overridden":"","wpdc_topic_tags":"","wpdc_pin_topic":"","wpdc_pin_until":"","discourse_post_id":"","discourse_permalink":"","wpdc_publishing_response":"","wpdc_publishing_error":"","footnotes":""},"class_list":["post-6308","page","type-page","status-publish","hentry"],"yoast_head":"<!-- This site is optimized with the Yoast SEO plugin v25.3.1 - https:\/\/yoast.com\/wordpress\/plugins\/seo\/ -->\n<title>Formulaire de Contact - ajoutez extension Outil de Contact sur Joomla<\/title>\n<meta name=\"description\" content=\"Int\u00e9grez un Formulaire de Contact attractif sur votre site. Appliquez la d\u00e9mo d&#039;Elfsight et g\u00e9n\u00e9rez votre module en quelques minutes.\" \/>\n<meta name=\"robots\" content=\"index, follow, max-snippet:-1, max-image-preview:large, max-video-preview:-1\" \/>\n<link rel=\"canonical\" href=\"https:\/\/elfsight.com\/fr\/contact-form-widget\/joomla\/\" \/>\n<meta property=\"og:locale\" content=\"fr_FR\" \/>\n<meta property=\"og:type\" content=\"article\" \/>\n<meta property=\"og:title\" content=\"Formulaire de Contact - ajoutez extension Outil de Contact sur Joomla\" \/>\n<meta property=\"og:description\" content=\"Int\u00e9grez un Formulaire de Contact attractif sur votre site. Appliquez la d\u00e9mo d&#039;Elfsight et g\u00e9n\u00e9rez votre module en quelques minutes.\" \/>\n<meta property=\"og:url\" content=\"https:\/\/elfsight.com\/fr\/contact-form-widget\/joomla\/\" \/>\n<meta property=\"og:site_name\" content=\"Elfsight FR\" \/>\n<meta property=\"article:modified_time\" content=\"2025-07-09T17:10:50+00:00\" \/>\n<meta name=\"twitter:card\" content=\"summary_large_image\" \/>\n<meta name=\"twitter:label1\" content=\"Dur\u00e9e de lecture estim\u00e9e\" \/>\n\t<meta name=\"twitter:data1\" content=\"1 minute\" \/>\n<!-- \/ Yoast SEO plugin. -->","yoast_head_json":{"title":"Formulaire de Contact - ajoutez extension Outil de Contact sur Joomla","description":"Int\u00e9grez un Formulaire de Contact attractif sur votre site. Appliquez la d\u00e9mo d'Elfsight et g\u00e9n\u00e9rez votre module en quelques minutes.","robots":{"index":"index","follow":"follow","max-snippet":"max-snippet:-1","max-image-preview":"max-image-preview:large","max-video-preview":"max-video-preview:-1"},"canonical":"https:\/\/elfsight.com\/fr\/contact-form-widget\/joomla\/","og_locale":"fr_FR","og_type":"article","og_title":"Formulaire de Contact - ajoutez extension Outil de Contact sur Joomla","og_description":"Int\u00e9grez un Formulaire de Contact attractif sur votre site. Appliquez la d\u00e9mo d'Elfsight et g\u00e9n\u00e9rez votre module en quelques minutes.","og_url":"https:\/\/elfsight.com\/fr\/contact-form-widget\/joomla\/","og_site_name":"Elfsight FR","article_modified_time":"2025-07-09T17:10:50+00:00","twitter_card":"summary_large_image","twitter_misc":{"Dur\u00e9e de lecture estim\u00e9e":"1 minute"},"schema":{"@context":"https:\/\/schema.org","@graph":[{"@type":"WebPage","@id":"https:\/\/elfsight.com\/fr\/contact-form-widget\/joomla\/","url":"https:\/\/elfsight.com\/fr\/contact-form-widget\/joomla\/","name":"Formulaire de Contact - ajoutez extension Outil de Contact sur Joomla","isPartOf":{"@id":"https:\/\/elfsight.com\/fr\/#website"},"datePublished":"2021-12-03T11:48:02+00:00","dateModified":"2025-07-09T17:10:50+00:00","description":"Int\u00e9grez un Formulaire de Contact attractif sur votre site. Appliquez la d\u00e9mo d'Elfsight et g\u00e9n\u00e9rez votre module en quelques minutes.","breadcrumb":{"@id":"https:\/\/elfsight.com\/fr\/contact-form-widget\/joomla\/#breadcrumb"},"inLanguage":"fr-FR","potentialAction":[{"@type":"ReadAction","target":["https:\/\/elfsight.com\/fr\/contact-form-widget\/joomla\/"]}]},{"@type":"BreadcrumbList","@id":"https:\/\/elfsight.com\/fr\/contact-form-widget\/joomla\/#breadcrumb","itemListElement":[{"@type":"ListItem","position":1,"name":"Home","item":"https:\/\/elfsight.com\/fr\/"},{"@type":"ListItem","position":2,"name":"Contact Form","item":"https:\/\/elfsight.com\/fr\/contact-form-widget\/"},{"@type":"ListItem","position":3,"name":"Contact Form &#8211; Joomla"}]},{"@type":"WebSite","@id":"https:\/\/elfsight.com\/fr\/#website","url":"https:\/\/elfsight.com\/fr\/","name":"Elfsight FR","description":"","potentialAction":[{"@type":"SearchAction","target":{"@type":"EntryPoint","urlTemplate":"https:\/\/elfsight.com\/fr\/?s={search_term_string}"},"query-input":{"@type":"PropertyValueSpecification","valueRequired":true,"valueName":"search_term_string"}}],"inLanguage":"fr-FR"}]}},"meta_box":{"industry":"","seo_heading":"","heading":"","description":"","cta_heading":"","cta_description":"","application":"1358","h1":"Extension Formulaire de Contact pour Joomla","h1_caption":"Cr\u00e9ez et int\u00e9grez facilement des formulaires de contact sur votre site Web pour encourager l'interaction des utilisateurs et les demandes de renseignements sur votre site Web Joomla sans effort.","application_category":[],"applications_title":"","applications_request_title":"","applications_request_button_text":"","hero_text":"","hero_video":"","hero_video_schema_markup":"","selling_points_title":"","selling_points_caption":"","selling_points":[],"selling_points_cta_text":"","features_title":"","features":"","ed_cta_examples_text":"","ed_cta_examples_hidden":"","ed_cta_demo_text":"","ed_cta_demo_hidden":"","why_caption":"","why_editor_title":"","why_editor_text":"","why_team_title":"","why_team_text":"","why_service_title":"","why_service_text":"","template_catalog_visible":"","template_catalog_title":"","template_catalog_text":"","template_catalog_categories_visible":"","demo_title":"Cr\u00e9ez votre plugin de formulaire de contact","demo_caption":"Configurez votre formulaire de contact et ajoutez-le \u00e0 votre site Joomla gratuitement !","default_faq_hidden":"","app_template_category":[],"platform":"354","template_public_id":"","codecanyon_url":"","codecanyon_item_id":"","codecanyon_price":"","pricing_caption":"","pricing_elfsight_apps_hide_column":"","pricing_elfsight_apps_url":"","pricing_codecanyon_price_caption":"","integration_category":[],"integration_request_title":"","integration_request_cta":"","integration_platform":"","integrations":[],"platform_category":[],"video_schema_markup":"","price":"\u00c0 partir de $0\/mois","trial":"","benefits":[{"text":"Installation gratuite"},{"text":"Support Premium"},{"text":"Garantie de remboursement de 14 jours"},{"text":"L'am\u00e9lioration continue"}],"button_url":"#demo","button_target_blank":"0","button_nofollow":"0","attributes":[{"name":"Nombre d'installations","content":"1,000 - 5,000","_state":"expanded"},{"name":"Adaptif","content":"Oui","_state":"expanded"},{"name":"Navigateurs compatibles","content":"Firefox, Safari, Opera, Chrome, Edge","_state":"expanded"}],"tags":[],"tags_disable_links":"0","hide_more_platforms":"","video_object":"","demo_hide_cta":"0","demo_hide_cloud_options":"0","pricing_title":"","pricing":[{"pricing_icon":"platform","pricing_title":"Applications d'Elfsight","pricing_title_caption":"Solution num\u00e9rique multiplateforme qui fonctionne sur n'importe quel site","pricing_price":"\u00c0 partir de $0\/mois","pricing_price_caption":"Commencez avec un plan gratuit","pricing_benefits":[{"text":"Sites Web illimit\u00e9s"},{"text":"\u00c9quipe d'assistance professionnelle"},{"text":"Service d'installation gratuit"},{"text":"100% personnalisable"}],"pricing_button_text":"Ajouter au site Web","pricing_button_url":"https:\/\/apps.elfsight.com\/sign-up\/","pricing_button_nofollow":"1","_state":"expanded"}],"related_apps_title":"","related_apps_hidden":"1","author":"","image":[],"title":"","job":"","social_networks":[]},"_links":{"self":[{"href":"https:\/\/elfsight.com\/fr\/wp-json\/wp\/v2\/pages\/6308","targetHints":{"allow":["GET"]}}],"collection":[{"href":"https:\/\/elfsight.com\/fr\/wp-json\/wp\/v2\/pages"}],"about":[{"href":"https:\/\/elfsight.com\/fr\/wp-json\/wp\/v2\/types\/page"}],"author":[{"embeddable":true,"href":"https:\/\/elfsight.com\/fr\/wp-json\/wp\/v2\/users\/18"}],"replies":[{"embeddable":true,"href":"https:\/\/elfsight.com\/fr\/wp-json\/wp\/v2\/comments?post=6308"}],"version-history":[{"count":3,"href":"https:\/\/elfsight.com\/fr\/wp-json\/wp\/v2\/pages\/6308\/revisions"}],"predecessor-version":[{"id":14041,"href":"https:\/\/elfsight.com\/fr\/wp-json\/wp\/v2\/pages\/6308\/revisions\/14041"}],"up":[{"embeddable":true,"href":"https:\/\/elfsight.com\/fr\/wp-json\/wp\/v2\/pages\/1363"}],"wp:attachment":[{"href":"https:\/\/elfsight.com\/fr\/wp-json\/wp\/v2\/media?parent=6308"}],"curies":[{"name":"wp","href":"https:\/\/api.w.org\/{rel}","templated":true}]}}