{"id":6302,"date":"2021-12-03T11:51:08","date_gmt":"2021-12-03T11:51:08","guid":{"rendered":"https:\/\/elfsight.com\/fr\/?page_id=6302"},"modified":"2026-02-03T13:49:43","modified_gmt":"2026-02-03T13:49:43","slug":"html","status":"publish","type":"page","link":"https:\/\/elfsight.com\/fr\/contact-form-widget\/html\/","title":{"rendered":"Contact Form &#8211; HTML"},"content":{"rendered":"<div class=\"application-platform-content-item-description application-platform-content-item\" id=\"description\" data-nav-section=\"description\"><h2>Formulaire de contact pour HTML<\/h2><p>Si vous recherchez un code de formulaire de contact HTML gratuit, le widget Elfsight Contact peut aide. Il s&rsquo;agit d&rsquo;une application HTML de formulaire de contact flottant dont l&rsquo;objectif principal est de vous aider avec toutes les demandes actuelles pour obtenir des impressions et des demandes des visiteurs de votre site. R\u00e9v\u00e9lez simplement les \u00e9l\u00e9ments cruciaux \u00e0 remplir, trouvez le mod\u00e8le souhait\u00e9 et personnalisez l&rsquo;interface pour inciter encore plus vos visiteurs \u00e0 laisser des demandes de services de votre entreprise. Notre plugin HTML de formulaire de contact gratuit est con\u00e7u pour r\u00e9pondre \u00e0 tous vos besoins d&rsquo;obtenir des commentaires et de rester toujours en contact avec votre public.<\/p><p><b>Recueillez des t\u00e9moignages, prenez des commandes et r\u00e9pondez aux questions des utilisateurs du site\u00a0!<\/b><\/p><ul><li><b>R\u00e9visez l&rsquo;acquisition de leads<\/b>.<br>Restez proche de vos futurs clients en les motivant \u00e0 vous parler au moyen du widget Contact \u00e0 tout moment. Un nombre moindre de champs entra\u00eenera une conversion plus \u00e9lev\u00e9e. <\/li><li><b>\u00c9liminez le spam<\/b>.<br>Maintenez uniquement des communications organiques gr\u00e2ce au service Google reCAPTCHA qui prot\u00e8ge contre le spam et les robots.<\/li><li><b>Obtenir des clients commentaires en toute simplicit\u00e9<\/b>.<br>Concevez un plugin de formulaire visible afin qu&rsquo;il puisse \u00eatre facilement trouv\u00e9 sur les pages de votre site, motivant vos clients \u00e0 vous donner des commentaires \u00e0 tout moment o\u00f9 ils le jugent n\u00e9cessaire.<\/li><\/ul> <\/div><div class=\"application-platform-content-item-features application-platform-content-item\" id=\"features\" data-nav-section=\"features\"><h2>Plugin de formulaire de contact<\/h2><p>Pourquoi le formulaire de contact Elfsight est-il le meilleur widget pour collecter des avis et recevoir des demandes de renseignements HTML\u00a0? \u00c9tudiez nos caract\u00e9ristiques les plus importantes\u00a0:<\/p><ul><li>Organisez les champs du formulaire comme vous le souhaitez\u00a0;<\/li><li>Placez le texte dont vous avez besoin avant le formulaire dans la l\u00e9gende\u00a0;<\/li> <li>Mise en page int\u00e9gr\u00e9e avec ajustement automatique des champs \u00e0 la largeur du formulaire\u00a0;<\/li><li>Google reCAPTCHA est l\u00e0 pour prot\u00e9ger votre formulaire contre le spam et les robots\u00a0;<\/li><li>Fonctionne et s&rsquo;affiche parfaitement sur les appareils mobiles. .<\/li><\/ul><p><a href=\"#demo\">Lisez la liste compl\u00e8te des caract\u00e9ristiques dans notre configurateur<\/a><\/p><\/div><div class=\"application-platform-content-item-installation application-platform-content-item\" id=\"installation\" data-nav-section=\"installation\"> <h2>Comment cr\u00e9er un widget de formulaire de contact pour un site Web HTML<\/h2><div class=\"video-container\">\n<iframe width=\"720\" height=\"405\" src=\"https:\/\/www.youtube.com\/embed\/2YeqWGA_Fww?si=FWxIweZUeH4O5sfi\" frameborder=\"0\" allowfullscreen=\"\"><\/iframe>\n<\/div><p>Appliquez un guide d&rsquo;Elfsight pour installer votre propre widget de contact. Il n&rsquo;est pas n\u00e9cessaire d&rsquo;avoir des comp\u00e9tences en programmation et la dur\u00e9e moyenne d&rsquo;installation n&rsquo;est pas seulement proche de 80 secondes.<\/p><ol><li><b>Cr\u00e9ez votre formulaire de contact personnel<\/b>.<br> Avec l&rsquo;aide de notre service gratuit \u00e9diteur, concevez un plugin avec la mise en page et les capacit\u00e9s n\u00e9cessaires.<\/li><li><b>Recevez un code pour ajouter le plugin<\/b>.<br> Apr\u00e8s la cr\u00e9ation du widget, obtenez un code pour le plugin de formulaire \u00e0 partir de l&rsquo;apparence fen\u00eatre sur Elfsight Apps.<\/li><li><b>Placez le widget sur le site HTML<\/b>.<br> D\u00e9marrez le code de la page dans l&rsquo;\u00e9diteur HTML, affichez le widget \u00e0 l&rsquo;endroit souhait\u00e9 (contenu, pied de page , barre lat\u00e9rale, etc.), et enregistrez les modifications.<\/li><li><b>L&rsquo;installation est termin\u00e9e<\/b>.<br> Entrez sur le site HTML pour voir votre formulaire.<\/li><\/ol><p>Vous rencontrez des difficult\u00e9s en suivant le tutoriel ou en cr\u00e9ant votre formulaire ? Il est recommand\u00e9 d&rsquo;utiliser un guide d\u00e9taill\u00e9 \u00ab<a href=\"https:\/\/elfsight.com\/tutorials\/how-to-add-contact-form-widget-to-html-website\/\" target=\"_blank\" rel=\"noopener noreferrer\">Comment ins\u00e9rer un formulaire de contact dans un site HTML<\/a>\u00bb et essayez de l&rsquo;afficher \u00e0 nouveau vous-m\u00eame ou \u00e9crivez \u00e0 notre centre d&rsquo;assistance en donnant une explication compl\u00e8te de votre probl\u00e8me, et notre \u00e9quipe sera l\u00e0 pour vous conseiller .<\/p><\/div><div class=\"faq\" data-component=\"FAQ\"><div class=\"faq-item\">\r\n\t\t\t\t\t<div class=\"faq-item-question\">\r\n\t\t\t\t\t\t<h3 class=\"faq-item-question-text\">Comment s\u00e9curiser les informations du formulaire utilisateur HTML sur ma page d'accueil ?<\/h3>\r\n\r\n\t\t\t\t\t\t<div class=\"faq-item-question-icon\"><\/div>\r\n\t\t\t\t\t<\/div>\r\n\r\n\t\t\t\t\t<div class=\"faq-item-answer\">\r\n\t\t\t\t\t\t<div class=\"faq-item-answer-text\"><p>Le widget Elfsight Form Builder est ins\u00e9r\u00e9 avec l&rsquo;un des services de s\u00e9curit\u00e9 reCAPTCHA les plus convaincants. Il est l\u00e0 pour prot\u00e9ger votre formulaire et votre bo\u00eete aux lettres contre le spam et les robots et garantir un travail fluide et uniquement les donn\u00e9es pertinentes. <\/p><\/div>\r\n\t\t\t\t\t<\/div>\r\n\t\t\t\t<\/div><div class=\"faq-item\">\r\n\t\t\t\t\t<div class=\"faq-item-question\">\r\n\t\t\t\t\t\t<h3 class=\"faq-item-question-text\">Proposez-vous des mod\u00e8les prenant en charge les formulaires logiques conditionnels\/les formulaires \u00e0 champs multiples\/les formulaires de courrier \u00e9lectronique ?<\/h3>\r\n\r\n\t\t\t\t\t\t<div class=\"faq-item-question-icon\"><\/div>\r\n\t\t\t\t\t<\/div>\r\n\r\n\t\t\t\t\t<div class=\"faq-item-answer\">\r\n\t\t\t\t\t\t<div class=\"faq-item-answer-text\"><p>Bien s\u00fbr\u00a0! Tout ce que vous avez \u00e0 faire est de vous connecter aux applications Elfsight et de s\u00e9lectionner n&rsquo;importe quel mod\u00e8le d&rsquo;ajustement, puis de commencer \u00e0 cr\u00e9er votre outil. <\/p><\/div>\r\n\t\t\t\t\t<\/div>\r\n\t\t\t\t<\/div><div class=\"faq-item\">\r\n\t\t\t\t\t<div class=\"faq-item-question\">\r\n\t\t\t\t\t\t<h3 class=\"faq-item-question-text\">De quelle fa\u00e7on puis-je ajouter un formulaire de contact\/commentaires \u00e0 mon site Web HTML ?<\/h3>\r\n\r\n\t\t\t\t\t\t<div class=\"faq-item-question-icon\"><\/div>\r\n\t\t\t\t\t<\/div>\r\n\r\n\t\t\t\t\t<div class=\"faq-item-answer\">\r\n\t\t\t\t\t\t<div class=\"faq-item-answer-text\"><p>Pour r\u00e9diger un formulaire de contact ou de commentaires, vous devez vous connecter Acc\u00e9dez au site Web Elfsight Apps et apportez toutes les modifications requises \u00e0 l&rsquo;outil. Une fois que vous avez termin\u00e9, enregistrez vos modifications et acc\u00e9dez \u00e0 votre site Web. Aussi simple que cela. <\/p><\/div>\r\n\t\t\t\t\t<\/div>\r\n\t\t\t\t<\/div><div class=\"faq-item\">\r\n\t\t\t\t\t<div class=\"faq-item-question\">\r\n\t\t\t\t\t\t<h3 class=\"faq-item-question-text\">Proposez-vous des mod\u00e8les de formulaire de contact pour le site Web HTML ?<\/h3>\r\n\r\n\t\t\t\t\t\t<div class=\"faq-item-question-icon\"><\/div>\r\n\t\t\t\t\t<\/div>\r\n\r\n\t\t\t\t\t<div class=\"faq-item-answer\">\r\n\t\t\t\t\t\t<div class=\"faq-item-answer-text\"><p>Oui, Elfsight propose plus de 300 mod\u00e8les pr\u00eats \u00e0 l&#8217;emploi pour tous les cas. Examinez de plus pr\u00e8s les <a href=\"https:\/\/elfsight.com\/online-form-builder\/templates\/contact-forms\/\">Mod\u00e8les de formulaire de contact<\/a> et choisissez celui que vous pr\u00e9f\u00e9rez.<\/p><\/div>\r\n\t\t\t\t\t<\/div>\r\n\t\t\t\t<\/div><\/div>","protected":false},"excerpt":{"rendered":"","protected":false},"author":18,"featured_media":0,"parent":1363,"menu_order":0,"comment_status":"closed","ping_status":"closed","template":"templates\/template-application-platform.php","meta":{"publish_to_discourse":"","publish_post_category":"","wpdc_auto_publish_overridden":"","wpdc_topic_tags":"","wpdc_pin_topic":"","wpdc_pin_until":"","discourse_post_id":"","discourse_permalink":"","wpdc_publishing_response":"","wpdc_publishing_error":"","footnotes":""},"class_list":["post-6302","page","type-page","status-publish","hentry"],"yoast_head":"<!-- This site is optimized with the Yoast SEO plugin v25.3.1 - https:\/\/yoast.com\/wordpress\/plugins\/seo\/ -->\n<title>Formulaire de Contact - ajoutez widget Outil de Contact sur HTML<\/title>\n<meta name=\"description\" content=\"Int\u00e9grez un Formulaire de Contact attractif sur votre site. Utilisez la d\u00e9mo d&#039;Elfsight et g\u00e9n\u00e9rez votre widget en 2 minutes.\" \/>\n<meta name=\"robots\" content=\"index, follow, max-snippet:-1, max-image-preview:large, max-video-preview:-1\" \/>\n<link rel=\"canonical\" href=\"https:\/\/elfsight.com\/fr\/contact-form-widget\/html\/\" \/>\n<meta property=\"og:locale\" content=\"fr_FR\" \/>\n<meta property=\"og:type\" content=\"article\" \/>\n<meta property=\"og:title\" content=\"Formulaire de Contact - ajoutez widget Outil de Contact sur HTML\" \/>\n<meta property=\"og:description\" content=\"Int\u00e9grez un Formulaire de Contact attractif sur votre site. Utilisez la d\u00e9mo d&#039;Elfsight et g\u00e9n\u00e9rez votre widget en 2 minutes.\" \/>\n<meta property=\"og:url\" content=\"https:\/\/elfsight.com\/fr\/contact-form-widget\/html\/\" \/>\n<meta property=\"og:site_name\" content=\"Elfsight FR\" \/>\n<meta property=\"article:modified_time\" content=\"2026-02-03T13:49:43+00:00\" \/>\n<meta name=\"twitter:card\" content=\"summary_large_image\" \/>\n<meta name=\"twitter:label1\" content=\"Dur\u00e9e de lecture estim\u00e9e\" \/>\n\t<meta name=\"twitter:data1\" content=\"4 minutes\" \/>\n<!-- \/ Yoast SEO plugin. -->","yoast_head_json":{"title":"Formulaire de Contact - ajoutez widget Outil de Contact sur HTML","description":"Int\u00e9grez un Formulaire de Contact attractif sur votre site. Utilisez la d\u00e9mo d'Elfsight et g\u00e9n\u00e9rez votre widget en 2 minutes.","robots":{"index":"index","follow":"follow","max-snippet":"max-snippet:-1","max-image-preview":"max-image-preview:large","max-video-preview":"max-video-preview:-1"},"canonical":"https:\/\/elfsight.com\/fr\/contact-form-widget\/html\/","og_locale":"fr_FR","og_type":"article","og_title":"Formulaire de Contact - ajoutez widget Outil de Contact sur HTML","og_description":"Int\u00e9grez un Formulaire de Contact attractif sur votre site. Utilisez la d\u00e9mo d'Elfsight et g\u00e9n\u00e9rez votre widget en 2 minutes.","og_url":"https:\/\/elfsight.com\/fr\/contact-form-widget\/html\/","og_site_name":"Elfsight FR","article_modified_time":"2026-02-03T13:49:43+00:00","twitter_card":"summary_large_image","twitter_misc":{"Dur\u00e9e de lecture estim\u00e9e":"4 minutes"},"schema":{"@context":"https:\/\/schema.org","@graph":[{"@type":"WebPage","@id":"https:\/\/elfsight.com\/fr\/contact-form-widget\/html\/","url":"https:\/\/elfsight.com\/fr\/contact-form-widget\/html\/","name":"Formulaire de Contact - ajoutez widget Outil de Contact sur HTML","isPartOf":{"@id":"https:\/\/elfsight.com\/fr\/#website"},"datePublished":"2021-12-03T11:51:08+00:00","dateModified":"2026-02-03T13:49:43+00:00","description":"Int\u00e9grez un Formulaire de Contact attractif sur votre site. Utilisez la d\u00e9mo d'Elfsight et g\u00e9n\u00e9rez votre widget en 2 minutes.","breadcrumb":{"@id":"https:\/\/elfsight.com\/fr\/contact-form-widget\/html\/#breadcrumb"},"inLanguage":"fr-FR","potentialAction":[{"@type":"ReadAction","target":["https:\/\/elfsight.com\/fr\/contact-form-widget\/html\/"]}]},{"@type":"BreadcrumbList","@id":"https:\/\/elfsight.com\/fr\/contact-form-widget\/html\/#breadcrumb","itemListElement":[{"@type":"ListItem","position":1,"name":"Home","item":"https:\/\/elfsight.com\/fr\/"},{"@type":"ListItem","position":2,"name":"Contact Form","item":"https:\/\/elfsight.com\/fr\/contact-form-widget\/"},{"@type":"ListItem","position":3,"name":"Contact Form &#8211; HTML"}]},{"@type":"WebSite","@id":"https:\/\/elfsight.com\/fr\/#website","url":"https:\/\/elfsight.com\/fr\/","name":"Elfsight FR","description":"","potentialAction":[{"@type":"SearchAction","target":{"@type":"EntryPoint","urlTemplate":"https:\/\/elfsight.com\/fr\/?s={search_term_string}"},"query-input":{"@type":"PropertyValueSpecification","valueRequired":true,"valueName":"search_term_string"}}],"inLanguage":"fr-FR"}]}},"meta_box":{"industry":"","seo_heading":"","heading":"","description":"","cta_heading":"","cta_description":"","application":"1358","h1":"Widget Formulaire de Contact pour HTML","h1_caption":"Cr\u00e9ez et int\u00e9grez facilement des formulaires de contact sur votre site Web pour encourager l'interaction des utilisateurs et les demandes de renseignements sur votre site Web HTML sans effort.","application_category":[],"applications_title":"","applications_request_title":"","applications_request_button_text":"","hero_text":"","hero_video":"","hero_video_schema_markup":"","selling_points_title":"","selling_points_caption":"","selling_points":[],"selling_points_cta_text":"","features_title":"","features":"","ed_cta_examples_text":"","ed_cta_examples_hidden":"","ed_cta_demo_text":"","ed_cta_demo_hidden":"","why_caption":"","why_editor_title":"","why_editor_text":"","why_team_title":"","why_team_text":"","why_service_title":"","why_service_text":"","template_catalog_visible":"0","template_catalog_title":"","template_catalog_text":"","template_catalog_categories_visible":"","demo_title":"Cr\u00e9ez votre widget Formulaire de contact","demo_caption":"Configurez votre formulaire de contact et ajoutez-le \u00e0 votre site HTML gratuitement !","default_faq_hidden":"","app_template_category":[],"platform":"352","template_public_id":"","codecanyon_url":"","codecanyon_item_id":"","codecanyon_price":"","pricing_caption":"","pricing_elfsight_apps_hide_column":"","pricing_elfsight_apps_url":"","pricing_codecanyon_price_caption":"","integration_category":[],"integration_request_title":"","integration_request_cta":"","integration_platform":"","integrations":[],"platform_category":[],"video_schema_markup":"","price":"\u00c0 partir de $0\/mois","trial":"","benefits":[{"text":"Installation gratuite"},{"text":"Support Premium"},{"text":"Garantie de remboursement de 14 jours"},{"text":"L'am\u00e9lioration continue"}],"button_url":"#demo","button_target_blank":"0","button_nofollow":"0","attributes":[{"name":"Nombre d'installations","content":"1,000 - 5,000","_state":"expanded"},{"name":"Adaptif","content":"Oui","_state":"expanded"},{"name":"Navigateurs compatibles","content":"Firefox, Safari, Opera, Chrome, Edge","_state":"expanded"}],"tags":[],"tags_disable_links":"0","hide_more_platforms":"0","video_object":"","demo_hide_cta":"0","demo_hide_cloud_options":"0","pricing_title":"","pricing":[{"pricing_icon":"platform","pricing_title":"Applications d'Elfsight","pricing_title_caption":"Solution num\u00e9rique multiplateforme qui fonctionne sur n'importe quel site","pricing_price":"\u00c0 partir de $0\/mois","pricing_price_caption":"Commencez avec un plan gratuit","pricing_benefits":[{"text":"Sites Web illimit\u00e9s"},{"text":"\u00c9quipe d'assistance professionnelle"},{"text":"Service d'installation gratuit"},{"text":"100% personnalisable"}],"pricing_button_text":"Ajouter au site Web","pricing_button_url":"https:\/\/apps.elfsight.com\/sign-up\/","pricing_button_nofollow":"1","_state":"expanded"}],"related_apps_title":"","related_apps_hidden":"1","author":"","image":[],"title":"","job":"","social_networks":[]},"_links":{"self":[{"href":"https:\/\/elfsight.com\/fr\/wp-json\/wp\/v2\/pages\/6302","targetHints":{"allow":["GET"]}}],"collection":[{"href":"https:\/\/elfsight.com\/fr\/wp-json\/wp\/v2\/pages"}],"about":[{"href":"https:\/\/elfsight.com\/fr\/wp-json\/wp\/v2\/types\/page"}],"author":[{"embeddable":true,"href":"https:\/\/elfsight.com\/fr\/wp-json\/wp\/v2\/users\/18"}],"replies":[{"embeddable":true,"href":"https:\/\/elfsight.com\/fr\/wp-json\/wp\/v2\/comments?post=6302"}],"version-history":[{"count":4,"href":"https:\/\/elfsight.com\/fr\/wp-json\/wp\/v2\/pages\/6302\/revisions"}],"predecessor-version":[{"id":16807,"href":"https:\/\/elfsight.com\/fr\/wp-json\/wp\/v2\/pages\/6302\/revisions\/16807"}],"up":[{"embeddable":true,"href":"https:\/\/elfsight.com\/fr\/wp-json\/wp\/v2\/pages\/1363"}],"wp:attachment":[{"href":"https:\/\/elfsight.com\/fr\/wp-json\/wp\/v2\/media?parent=6302"}],"curies":[{"name":"wp","href":"https:\/\/api.w.org\/{rel}","templated":true}]}}