{"id":6300,"date":"2021-12-03T11:51:21","date_gmt":"2021-12-03T11:51:21","guid":{"rendered":"https:\/\/elfsight.com\/fr\/?page_id=6300"},"modified":"2025-07-09T17:10:21","modified_gmt":"2025-07-09T17:10:21","slug":"google-sites","status":"publish","type":"page","link":"https:\/\/elfsight.com\/fr\/contact-form-widget\/google-sites\/","title":{"rendered":"Contact Form &#8211; Google Sites"},"content":{"rendered":"<div class=\"application-platform-content-item-description application-platform-content-item\" id=\"description\" data-nav-section=\"description\"> <h2>Formulaire de contact pour Google Sites<\/h2> <p>Si vous vous demandez comment ajouter un formulaire de contact \u00e0 votre site Google, le Le formulaire de contact Elfsight peut vous aider. Il s&rsquo;agit d&rsquo;une option gratuite et personnalisable qui r\u00e9pond \u00e0 tous les besoins existants pour recevoir des avis et des commandes de clients. Installez simplement les \u00e9l\u00e9ments n\u00e9cessaires au remplissage, d\u00e9finissez le mod\u00e8le requis et ajustez l&rsquo;apparence pour inciter encore plus vos utilisateurs \u00e0 r\u00e9diger un avis sur vos produits ou votre entreprise. Avec ce formulaire, vous pouvez recevoir des avis, prendre des commandes et r\u00e9pondre aux lettres des utilisateurs de votre site Web\u00a0!<\/p><p><b>Avec le gadget Contactez-nous, d\u00e9marrez une croissance plus rapide de votre entreprise et augmentez vos ventes<\/b> <\/p> <\/div> <div class=\"application-platform-content-item-features application-platform-content-item\" id=\"features\" data-nav-section=\"features\"> <h2>Plugin de formulaire de contact<\/h2> <ul><li>V\u00e9rifiez tous les avantages dans notre \u00e9diteur<\/li><li>Pas besoin d&rsquo;avoir exp\u00e9rience en programmation Web et le temps d&rsquo;installation moyen n&rsquo;est que de 70 secondes.<\/li><li>En-t\u00eate de discussion avec image, nom et l\u00e9gende de la page. <\/li><li>S\u00e9lectionner l&rsquo;image de la page par d\u00e9faut, \u00e0 partir de la collection ou t\u00e9l\u00e9charger une image personnalis\u00e9e<\/li><li>Cinq variantes de temps de r\u00e9ponse dans la l\u00e9gende de la fen\u00eatre de discussion<\/li><\/ul><p><a href=\"#demo\">Vous pouvez d\u00e9couvrir toutes les fonctionnalit\u00e9s du widget dans la d\u00e9mo juste ici<\/a><\/p> <\/div> <div class=\"application-platform-content-item-installation application-platform-content-item\" id=\"installation\" data-nav-section=\"installation\"> <h2>Comment ajouter un formulaire de contact sur mes sites Google\u00a0?<\/h2><div class=\"video-container\"><iframe width=\"720\" height=\"405\" src=\"https:\/\/www.youtube.com\/embed\/tTDaSkkc204\" frameborder=\"0\" allowfullscreen=\"\"><\/iframe><\/div><p>Suivez simplement les instructions ci-dessous pour int\u00e9grer le gadget Contactez-nous.<\/p> <ol><li><b>Utilisez notre configurateur gratuit et d\u00e9marrez fa\u00e7onner votre instrument personnalis\u00e9.<\/b><br> Choisissez le design et les caract\u00e9ristiques s\u00e9lectionn\u00e9s de l&rsquo;outil et enregistrez les modifications.<\/li> <li><b>Recevez votre code individuel apparaissant dans le formulaire sp\u00e9cial sur Elfsight Apps.<\/b><br> D\u00e8s que la configuration de votre widget est termin\u00e9e, copiez le code individuel dans la fen\u00eatre qui appara\u00eet et enregistrez-le pour une utilisation ult\u00e9rieure.<\/li> <li><b>Commencez \u00e0 utiliser le widget Contactez-nous sur votre Page d&rsquo;accueil de Google Sites. <\/b><br> Ajoutez le code que vous avez enregistr\u00e9 r\u00e9cemment sur votre page d&rsquo;accueil et enregistrez les ajustements.<\/li> <li><b>L&rsquo;installation est effectu\u00e9e avec succ\u00e8s.<\/b><br> Acc\u00e9dez \u00e0 votre site. pour v\u00e9rifier comment fonctionne l&rsquo;outil.<\/li><\/ol> <div class=\"tip-yellow tip\"><b>En raison des particularit\u00e9s du fonctionnement de Google Sites, le widget peut \u00eatre diff\u00e9rent de la d\u00e9mo en ligne. Nous nous excusons pour tout inconv\u00e9nient caus\u00e9.<\/b><\/div><p>\u00c0 condition de r\u00e9pondre \u00e0 des questions ou de faire face \u00e0 des probl\u00e8mes, n&rsquo;h\u00e9sitez pas \u00e0 demander l&rsquo;aide de notre \u00e9quipe d&rsquo;assistance. Nos sp\u00e9cialistes seront ravis de vous aider avec toutes les questions que vous pourriez vous poser avec le widget. <\/p> <div class=\"faq\" data-component=\"FAQ\"> <div class=\"faq-item\">\r\n\t\t\t\t\t<div class=\"faq-item-question\">\r\n\t\t\t\t\t\t<h3 class=\"faq-item-question-text\">Comment puis-je ajouter un formulaire de contact \u00e0 mon site Web Google Sites sans comp\u00e9tences en codage ?<\/h3>\r\n\r\n\t\t\t\t\t\t<div class=\"faq-item-question-icon\"><\/div>\r\n\t\t\t\t\t<\/div>\r\n\r\n\t\t\t\t\t<div class=\"faq-item-answer\">\r\n\t\t\t\t\t\t<div class=\"faq-item-answer-text\"> <p>Elfsight fournit une solution SaaS qui vous permet de cr\u00e9er vous-m\u00eame un widget de formulaire de contact. Voyez \u00e0 quel point il est facile le processus est le suivant\u00a0: travaillez directement dans l&rsquo;\u00e9diteur en ligne pour cr\u00e9er un widget de formulaire de contact que vous aimeriez voir sur votre site Web Google Sites. Choisissez l&rsquo;un des mod\u00e8les pr\u00e9d\u00e9finis et ajustez les param\u00e8tres du formulaire de contact, ajoutez votre contenu, modifiez la mise en page et la palette de couleurs sans aucune comp\u00e9tence en codage. Enregistrez le formulaire de contact et copiez son code d&rsquo;installation, que vous pourrez int\u00e9grer \u00e0 votre site Web Google Sites sans avoir besoin d&rsquo;acheter un forfait payant. Gr\u00e2ce \u00e0 notre \u00e9diteur intuitif, tout internaute peut cr\u00e9er un widget de formulaire de contact en ligne et l&rsquo;int\u00e9grer facilement \u00e0 son site Web Google Sites. Il n&rsquo;est pas n\u00e9cessaire de payer ou de saisir les informations d&rsquo;identification de votre carte pour acc\u00e9der au service. Si vous rencontrez des probl\u00e8mes \u00e0 un moment donn\u00e9, n&rsquo;h\u00e9sitez pas \u00e0 contacter notre \u00e9quipe d&rsquo;assistance technique.<\/p> <\/div>\r\n\t\t\t\t\t<\/div>\r\n\t\t\t\t<\/div> <div class=\"faq-item\">\r\n\t\t\t\t\t<div class=\"faq-item-question\">\r\n\t\t\t\t\t\t<h3 class=\"faq-item-question-text\">Proposez-vous des mod\u00e8les de formulaire de contact pour les sites Google ?<\/h3>\r\n\r\n\t\t\t\t\t\t<div class=\"faq-item-question-icon\"><\/div>\r\n\t\t\t\t\t<\/div>\r\n\r\n\t\t\t\t\t<div class=\"faq-item-answer\">\r\n\t\t\t\t\t\t<div class=\"faq-item-answer-text\"><p>Oui, Elfsight propose plus de 300 mod\u00e8les pr\u00eats \u00e0 l&#8217;emploi pour tous les cas. Examinez de plus pr\u00e8s les <a href=\"https:\/\/elfsight.com\/online-form-builder\/templates\/contact-forms\/\">Mod\u00e8les de formulaire de contact<\/a> et choisissez celui que vous pr\u00e9f\u00e9rez.<\/p><\/div>\r\n\t\t\t\t\t<\/div>\r\n\t\t\t\t<\/div><\/div> <\/div>","protected":false},"excerpt":{"rendered":"","protected":false},"author":18,"featured_media":0,"parent":1363,"menu_order":0,"comment_status":"closed","ping_status":"closed","template":"templates\/template-application-platform.php","meta":{"publish_to_discourse":"","publish_post_category":"","wpdc_auto_publish_overridden":"","wpdc_topic_tags":"","wpdc_pin_topic":"","wpdc_pin_until":"","discourse_post_id":"","discourse_permalink":"","wpdc_publishing_response":"","wpdc_publishing_error":"","footnotes":""},"class_list":["post-6300","page","type-page","status-publish","hentry"],"yoast_head":"<!-- This site is optimized with the Yoast SEO plugin v25.3.1 - https:\/\/yoast.com\/wordpress\/plugins\/seo\/ -->\n<title>Formulaire de Contact - ajoutez plugin Outil de Contact sur Google Sites<\/title>\n<meta name=\"description\" content=\"Int\u00e9grez un Formulaire de Contact attractif sur votre site. Appliquez la d\u00e9mo d&#039;Elfsight et g\u00e9n\u00e9rez votre widget en quelques minutes.\" \/>\n<meta name=\"robots\" content=\"index, follow, max-snippet:-1, max-image-preview:large, max-video-preview:-1\" \/>\n<link rel=\"canonical\" href=\"https:\/\/elfsight.com\/fr\/contact-form-widget\/google-sites\/\" \/>\n<meta property=\"og:locale\" content=\"fr_FR\" \/>\n<meta property=\"og:type\" content=\"article\" \/>\n<meta property=\"og:title\" content=\"Formulaire de Contact - ajoutez plugin Outil de Contact sur Google Sites\" \/>\n<meta property=\"og:description\" content=\"Int\u00e9grez un Formulaire de Contact attractif sur votre site. Appliquez la d\u00e9mo d&#039;Elfsight et g\u00e9n\u00e9rez votre widget en quelques minutes.\" \/>\n<meta property=\"og:url\" content=\"https:\/\/elfsight.com\/fr\/contact-form-widget\/google-sites\/\" \/>\n<meta property=\"og:site_name\" content=\"Elfsight FR\" \/>\n<meta property=\"article:modified_time\" content=\"2025-07-09T17:10:21+00:00\" \/>\n<meta name=\"twitter:card\" content=\"summary_large_image\" \/>\n<meta name=\"twitter:label1\" content=\"Dur\u00e9e de lecture estim\u00e9e\" \/>\n\t<meta name=\"twitter:data1\" content=\"1 minute\" \/>\n<!-- \/ Yoast SEO plugin. -->","yoast_head_json":{"title":"Formulaire de Contact - ajoutez plugin Outil de Contact sur Google Sites","description":"Int\u00e9grez un Formulaire de Contact attractif sur votre site. Appliquez la d\u00e9mo d'Elfsight et g\u00e9n\u00e9rez votre widget en quelques minutes.","robots":{"index":"index","follow":"follow","max-snippet":"max-snippet:-1","max-image-preview":"max-image-preview:large","max-video-preview":"max-video-preview:-1"},"canonical":"https:\/\/elfsight.com\/fr\/contact-form-widget\/google-sites\/","og_locale":"fr_FR","og_type":"article","og_title":"Formulaire de Contact - ajoutez plugin Outil de Contact sur Google Sites","og_description":"Int\u00e9grez un Formulaire de Contact attractif sur votre site. Appliquez la d\u00e9mo d'Elfsight et g\u00e9n\u00e9rez votre widget en quelques minutes.","og_url":"https:\/\/elfsight.com\/fr\/contact-form-widget\/google-sites\/","og_site_name":"Elfsight FR","article_modified_time":"2025-07-09T17:10:21+00:00","twitter_card":"summary_large_image","twitter_misc":{"Dur\u00e9e de lecture estim\u00e9e":"1 minute"},"schema":{"@context":"https:\/\/schema.org","@graph":[{"@type":"WebPage","@id":"https:\/\/elfsight.com\/fr\/contact-form-widget\/google-sites\/","url":"https:\/\/elfsight.com\/fr\/contact-form-widget\/google-sites\/","name":"Formulaire de Contact - ajoutez plugin Outil de Contact sur Google Sites","isPartOf":{"@id":"https:\/\/elfsight.com\/fr\/#website"},"datePublished":"2021-12-03T11:51:21+00:00","dateModified":"2025-07-09T17:10:21+00:00","description":"Int\u00e9grez un Formulaire de Contact attractif sur votre site. Appliquez la d\u00e9mo d'Elfsight et g\u00e9n\u00e9rez votre widget en quelques minutes.","breadcrumb":{"@id":"https:\/\/elfsight.com\/fr\/contact-form-widget\/google-sites\/#breadcrumb"},"inLanguage":"fr-FR","potentialAction":[{"@type":"ReadAction","target":["https:\/\/elfsight.com\/fr\/contact-form-widget\/google-sites\/"]}]},{"@type":"BreadcrumbList","@id":"https:\/\/elfsight.com\/fr\/contact-form-widget\/google-sites\/#breadcrumb","itemListElement":[{"@type":"ListItem","position":1,"name":"Home","item":"https:\/\/elfsight.com\/fr\/"},{"@type":"ListItem","position":2,"name":"Contact Form","item":"https:\/\/elfsight.com\/fr\/contact-form-widget\/"},{"@type":"ListItem","position":3,"name":"Contact Form &#8211; Google Sites"}]},{"@type":"WebSite","@id":"https:\/\/elfsight.com\/fr\/#website","url":"https:\/\/elfsight.com\/fr\/","name":"Elfsight FR","description":"","potentialAction":[{"@type":"SearchAction","target":{"@type":"EntryPoint","urlTemplate":"https:\/\/elfsight.com\/fr\/?s={search_term_string}"},"query-input":{"@type":"PropertyValueSpecification","valueRequired":true,"valueName":"search_term_string"}}],"inLanguage":"fr-FR"}]}},"meta_box":{"industry":"","seo_heading":"","heading":"","description":"","cta_heading":"","cta_description":"","application":"1358","h1":"Plugin Formulaire de Contact pour Google Sites","h1_caption":"Cr\u00e9ez et int\u00e9grez facilement des formulaires de contact sur votre site Web pour encourager l'interaction des utilisateurs et les demandes de renseignements sur vos sites Google sans effort.","application_category":[],"applications_title":"","applications_request_title":"","applications_request_button_text":"","hero_text":"","hero_video":"","hero_video_schema_markup":"","selling_points_title":"","selling_points_caption":"","selling_points":[],"selling_points_cta_text":"","features_title":"","features":"","ed_cta_examples_text":"","ed_cta_examples_hidden":"","ed_cta_demo_text":"","ed_cta_demo_hidden":"","why_caption":"","why_editor_title":"","why_editor_text":"","why_team_title":"","why_team_text":"","why_service_title":"","why_service_text":"","template_catalog_visible":"","template_catalog_title":"","template_catalog_text":"","template_catalog_categories_visible":"","demo_title":"Cr\u00e9ez votre widget Formulaire de contact","demo_caption":"Configurez votre formulaire de contact et ajoutez-le gratuitement \u00e0 votre site Web Google Sites\u00a0!","default_faq_hidden":"","app_template_category":[],"platform":"423","template_public_id":"","codecanyon_url":"","codecanyon_item_id":"","codecanyon_price":"","pricing_caption":"","pricing_elfsight_apps_hide_column":"","pricing_elfsight_apps_url":"","pricing_codecanyon_price_caption":"","integration_category":[],"integration_request_title":"","integration_request_cta":"","integration_platform":"","integrations":[],"platform_category":[],"video_schema_markup":"","price":"\u00c0 partir de $0\/mois","trial":"","benefits":[{"text":"Installation gratuite"},{"text":"Support Premium"},{"text":"Garantie de remboursement de 14 jours"},{"text":"L'am\u00e9lioration continue"}],"button_url":"#demo","button_target_blank":"0","button_nofollow":"0","attributes":[{"name":"Nombre d'installations","content":"1,000 - 5,000","_state":"expanded"},{"name":"Adaptif","content":"Oui","_state":"expanded"},{"name":"Navigateurs compatibles","content":"Firefox, Safari, Opera, Chrome, Edge","_state":"expanded"}],"tags":[],"tags_disable_links":"0","hide_more_platforms":"","video_object":"","demo_hide_cta":"0","demo_hide_cloud_options":"0","pricing_title":"","pricing":[{"pricing_icon":"platform","pricing_title":"Applications d'Elfsight","pricing_title_caption":"Solution num\u00e9rique multiplateforme qui fonctionne sur n'importe quel site","pricing_price":"\u00c0 partir de $0\/mois","pricing_price_caption":"Commencez avec un plan gratuit","pricing_benefits":[{"text":"Sites Web illimit\u00e9s"},{"text":"\u00c9quipe d'assistance professionnelle"},{"text":"Service d'installation gratuit"},{"text":"100% personnalisable"}],"pricing_button_text":"Ajouter au site Web","pricing_button_url":"https:\/\/apps.elfsight.com\/sign-up\/","pricing_button_nofollow":"1","_state":"expanded"}],"related_apps_title":"","related_apps_hidden":"1","author":"","image":[],"title":"","job":"","social_networks":[]},"_links":{"self":[{"href":"https:\/\/elfsight.com\/fr\/wp-json\/wp\/v2\/pages\/6300","targetHints":{"allow":["GET"]}}],"collection":[{"href":"https:\/\/elfsight.com\/fr\/wp-json\/wp\/v2\/pages"}],"about":[{"href":"https:\/\/elfsight.com\/fr\/wp-json\/wp\/v2\/types\/page"}],"author":[{"embeddable":true,"href":"https:\/\/elfsight.com\/fr\/wp-json\/wp\/v2\/users\/18"}],"replies":[{"embeddable":true,"href":"https:\/\/elfsight.com\/fr\/wp-json\/wp\/v2\/comments?post=6300"}],"version-history":[{"count":2,"href":"https:\/\/elfsight.com\/fr\/wp-json\/wp\/v2\/pages\/6300\/revisions"}],"predecessor-version":[{"id":14933,"href":"https:\/\/elfsight.com\/fr\/wp-json\/wp\/v2\/pages\/6300\/revisions\/14933"}],"up":[{"embeddable":true,"href":"https:\/\/elfsight.com\/fr\/wp-json\/wp\/v2\/pages\/1363"}],"wp:attachment":[{"href":"https:\/\/elfsight.com\/fr\/wp-json\/wp\/v2\/media?parent=6300"}],"curies":[{"name":"wp","href":"https:\/\/api.w.org\/{rel}","templated":true}]}}