{"id":6278,"date":"2021-12-03T08:56:15","date_gmt":"2021-12-03T08:56:15","guid":{"rendered":"https:\/\/elfsight.com\/fr\/?page_id=6278"},"modified":"2025-01-16T14:46:09","modified_gmt":"2025-01-16T14:46:09","slug":"weebly","status":"publish","type":"page","link":"https:\/\/elfsight.com\/fr\/amazon-reviews-widget\/weebly\/","title":{"rendered":"Amazon Reviews &#8211; Weebly"},"content":{"rendered":"\n<div class=\"application-platform-content-item-description application-platform-content-item\" id=\"description\" data-nav-section=\"description\">\n  <h2>Int\u00e9grer les avis Amazon sur Webflow avec le widget Elfsight<\/h2>\n  <p>Le widget Elfsight Amazon est la m\u00e9thode la plus simple pour cr\u00e9er votre image de marque en affichant les commentaires de vrais clients sur vos produits. Mettez en avant uniquement les meilleurs ou les plus significatifs avis et organisez-les comme vous le souhaitez. Rassemblez des preuves sociales en montrant \u00e0 votre public que vous \u00eates un partenaire fiable.<\/p>\n  <p><strong>Incitez les utilisateurs \u00e0 r\u00e9diger de nouveaux avis sur vos produits et encouragez les conversations avec vos clients !<\/strong><\/p>\n<\/div>\n\n<div class=\"application-platform-content-item-features application-platform-content-item\" id=\"features\" data-nav-section=\"features\">\n  <h2>Principales fonctionnalit\u00e9s du widget Reviews from Amazon<\/h2>\n  <p>Pour avoir une id\u00e9e plus claire de ce que propose le widget Reviews from Amazon, voici une liste de ses principales fonctionnalit\u00e9s. Elles rendent le widget particuli\u00e8rement b\u00e9n\u00e9fique pour votre boutique :<\/p>\n  <ul>\n    <li>3 filtres pr\u00eats \u00e0 l&#8217;emploi : par type, exclusion par et nombre d&rsquo;avis ;<\/li>\n    <li>4 mises en page disponibles : Liste, Grille, Ma\u00e7onnerie et Curseur ;<\/li>\n    <li>Une option pour contr\u00f4ler l&rsquo;affichage de l&rsquo;en-t\u00eate du widget ;<\/li>\n    <li>Le bouton de demande de r\u00e9vision redirige les utilisateurs vers la page Amazon ;<\/li>\n    <li>6 \u00e9l\u00e9ments personnalisables pour chaque avis : nom et photo de l&rsquo;auteur, recommandation, date de publication, ic\u00f4ne Amazon et nombre d&rsquo;\u00e9toiles ;<\/li>\n    <li>Deux sc\u00e9narios apr\u00e8s un refus de demande d&rsquo;avis : afficher un message personnalis\u00e9 ou masquer le bouton ;<\/li>\n  <\/ul>\n  <p><a href=\"#demo\">Consultez la d\u00e9mo en direct pour voir toutes les fonctionnalit\u00e9s<\/a><\/p>\n<\/div>\n\n<div class=\"application-platform-content-item-installation application-platform-content-item\" id=\"installation\" data-nav-section=\"installation\">\n  <h2>Comment ajouter le widget Reviews from Amazon \u00e0 votre site Web Webflow<\/h2>\n \n  <p>Suivez ces \u00e9tapes pour int\u00e9grer le widget sur votre site Web :<\/p>\n  <ol>\n    <li><strong>Cr\u00e9ez votre propre plugin Amazon<\/strong><br>Utilisez notre \u00e9diteur gratuit pour cr\u00e9er un widget avec l&rsquo;interface et les fonctionnalit\u00e9s que vous souhaitez.<\/li>\n    <li><strong>Recevez le code d&rsquo;int\u00e9gration du plugin<\/strong><br>Apr\u00e8s avoir personnalis\u00e9 votre widget, vous recevrez un code d&rsquo;installation via une notification dans Elfsight Apps. Copiez ce code pour l&rsquo;utiliser ensuite.<\/li>\n    <li><strong>Int\u00e9grez le plugin sur votre site Web Webflow<\/strong><br>S\u00e9lectionnez l&rsquo;endroit o\u00f9 vous souhaitez afficher le widget et collez-y le code copi\u00e9. Enregistrez les modifications.<\/li>\n    <li><strong>Vous avez termin\u00e9 l&rsquo;installation !<\/strong><br>Acc\u00e9dez \u00e0 votre site pour v\u00e9rifier que le widget fonctionne correctement.<\/li>\n  <\/ol>\n  <p>Vous avez des questions ou des probl\u00e8mes ? N&rsquo;h\u00e9sitez pas \u00e0 contacter notre service client pour toute assistance.<\/p>\n<\/div>\n\n<div class=\"faq\" data-component=\"FAQ\">\n  <div class=\"faq-item\">\r\n\t\t\t\t\t<div class=\"faq-item-question\">\r\n\t\t\t\t\t\t<h3 class=\"faq-item-question-text\">Comment ajouter des avis Amazon \u00e0 mon site Web Webflow sans comp\u00e9tences en codage ?<\/h3>\r\n\r\n\t\t\t\t\t\t<div class=\"faq-item-question-icon\"><\/div>\r\n\t\t\t\t\t<\/div>\r\n\r\n\t\t\t\t\t<div class=\"faq-item-answer\">\r\n\t\t\t\t\t\t<div class=\"faq-item-answer-text\">\n    <p>Elfsight fournit une solution SaaS qui vous permet de cr\u00e9er un widget Reviews from Amazon vous-m\u00eame. Voici comment proc\u00e9der : travaillez directement dans l&rsquo;\u00e9diteur en ligne pour cr\u00e9er un widget Reviews from Amazon que vous souhaitez voir sur votre site Web Webflow. Choisissez l&rsquo;un des mod\u00e8les pr\u00e9d\u00e9finis, ajustez les param\u00e8tres des avis Amazon, ajoutez votre contenu, personnalisez la mise en page et la palette de couleurs sans avoir besoin de comp\u00e9tences en codage. Enregistrez les avis Amazon et copiez le code d&rsquo;installation, que vous pouvez facilement int\u00e9grer dans votre site Web Webflow sans avoir \u00e0 souscrire \u00e0 un abonnement payant. Gr\u00e2ce \u00e0 notre \u00e9diteur intuitif, vous pouvez facilement cr\u00e9er et int\u00e9grer un widget Reviews from Amazon \u00e0 votre site. Aucune carte de paiement n&rsquo;est n\u00e9cessaire pour acc\u00e9der au service. Si vous rencontrez des probl\u00e8mes \u00e0 n&rsquo;importe quelle \u00e9tape, notre \u00e9quipe d&rsquo;assistance est l\u00e0 pour vous aider.<\/p>\n  <\/div>\r\n\t\t\t\t\t<\/div>\r\n\t\t\t\t<\/div>\n<\/div>\n","protected":false},"excerpt":{"rendered":"","protected":false},"author":18,"featured_media":0,"parent":1774,"menu_order":0,"comment_status":"closed","ping_status":"closed","template":"templates\/template-application-platform.php","meta":{"publish_to_discourse":"","publish_post_category":"","wpdc_auto_publish_overridden":"","wpdc_topic_tags":"","wpdc_pin_topic":"","wpdc_pin_until":"","discourse_post_id":"","discourse_permalink":"","wpdc_publishing_response":"","wpdc_publishing_error":"","footnotes":""},"class_list":["post-6278","page","type-page","status-publish","hentry"],"yoast_head":"<!-- This site is optimized with the Yoast SEO plugin v25.3.1 - https:\/\/yoast.com\/wordpress\/plugins\/seo\/ -->\n<title>Avis Amazon - ajoutez app Avis Client Amazon sur Weebly<\/title>\n<meta name=\"description\" content=\"Int\u00e9grez un Avis Amazon avantageux sur votre site. Utilisez la d\u00e9mo d&#039;Elfsight et g\u00e9n\u00e9rez votre widget en quelques minutes.\" \/>\n<meta name=\"robots\" content=\"index, follow, max-snippet:-1, max-image-preview:large, max-video-preview:-1\" \/>\n<link rel=\"canonical\" href=\"https:\/\/elfsight.com\/fr\/amazon-reviews-widget\/weebly\/\" \/>\n<meta property=\"og:locale\" content=\"fr_FR\" \/>\n<meta property=\"og:type\" content=\"article\" \/>\n<meta property=\"og:title\" content=\"Avis Amazon - ajoutez app Avis Client Amazon sur Weebly\" \/>\n<meta property=\"og:description\" content=\"Int\u00e9grez un Avis Amazon avantageux sur votre site. Utilisez la d\u00e9mo d&#039;Elfsight et g\u00e9n\u00e9rez votre widget en quelques minutes.\" \/>\n<meta property=\"og:url\" content=\"https:\/\/elfsight.com\/fr\/amazon-reviews-widget\/weebly\/\" \/>\n<meta property=\"og:site_name\" content=\"Elfsight FR\" \/>\n<meta property=\"article:modified_time\" content=\"2025-01-16T14:46:09+00:00\" \/>\n<meta name=\"twitter:card\" content=\"summary_large_image\" \/>\n<meta name=\"twitter:label1\" content=\"Dur\u00e9e de lecture estim\u00e9e\" \/>\n\t<meta name=\"twitter:data1\" content=\"3 minutes\" \/>\n<!-- \/ Yoast SEO plugin. -->","yoast_head_json":{"title":"Avis Amazon - ajoutez app Avis Client Amazon sur Weebly","description":"Int\u00e9grez un Avis Amazon avantageux sur votre site. Utilisez la d\u00e9mo d'Elfsight et g\u00e9n\u00e9rez votre widget en quelques minutes.","robots":{"index":"index","follow":"follow","max-snippet":"max-snippet:-1","max-image-preview":"max-image-preview:large","max-video-preview":"max-video-preview:-1"},"canonical":"https:\/\/elfsight.com\/fr\/amazon-reviews-widget\/weebly\/","og_locale":"fr_FR","og_type":"article","og_title":"Avis Amazon - ajoutez app Avis Client Amazon sur Weebly","og_description":"Int\u00e9grez un Avis Amazon avantageux sur votre site. Utilisez la d\u00e9mo d'Elfsight et g\u00e9n\u00e9rez votre widget en quelques minutes.","og_url":"https:\/\/elfsight.com\/fr\/amazon-reviews-widget\/weebly\/","og_site_name":"Elfsight FR","article_modified_time":"2025-01-16T14:46:09+00:00","twitter_card":"summary_large_image","twitter_misc":{"Dur\u00e9e de lecture estim\u00e9e":"3 minutes"},"schema":{"@context":"https:\/\/schema.org","@graph":[{"@type":"WebPage","@id":"https:\/\/elfsight.com\/fr\/amazon-reviews-widget\/weebly\/","url":"https:\/\/elfsight.com\/fr\/amazon-reviews-widget\/weebly\/","name":"Avis Amazon - ajoutez app Avis Client Amazon sur Weebly","isPartOf":{"@id":"https:\/\/elfsight.com\/fr\/#website"},"datePublished":"2021-12-03T08:56:15+00:00","dateModified":"2025-01-16T14:46:09+00:00","description":"Int\u00e9grez un Avis Amazon avantageux sur votre site. Utilisez la d\u00e9mo d'Elfsight et g\u00e9n\u00e9rez votre widget en quelques minutes.","breadcrumb":{"@id":"https:\/\/elfsight.com\/fr\/amazon-reviews-widget\/weebly\/#breadcrumb"},"inLanguage":"fr-FR","potentialAction":[{"@type":"ReadAction","target":["https:\/\/elfsight.com\/fr\/amazon-reviews-widget\/weebly\/"]}]},{"@type":"BreadcrumbList","@id":"https:\/\/elfsight.com\/fr\/amazon-reviews-widget\/weebly\/#breadcrumb","itemListElement":[{"@type":"ListItem","position":1,"name":"Home","item":"https:\/\/elfsight.com\/fr\/"},{"@type":"ListItem","position":2,"name":"Amazon Reviews","item":"https:\/\/elfsight.com\/fr\/amazon-reviews-widget\/"},{"@type":"ListItem","position":3,"name":"Amazon Reviews &#8211; Weebly"}]},{"@type":"WebSite","@id":"https:\/\/elfsight.com\/fr\/#website","url":"https:\/\/elfsight.com\/fr\/","name":"Elfsight FR","description":"","potentialAction":[{"@type":"SearchAction","target":{"@type":"EntryPoint","urlTemplate":"https:\/\/elfsight.com\/fr\/?s={search_term_string}"},"query-input":{"@type":"PropertyValueSpecification","valueRequired":true,"valueName":"search_term_string"}}],"inLanguage":"fr-FR"}]}},"meta_box":{"industry":"","seo_heading":"","heading":"","description":"","cta_heading":"","cta_description":"","application":"1762","h1":"App Avis Amazon pour Weebly","h1_caption":"Affichez les avis sur les produits d'Amazon pour fournir une preuve sociale suppl\u00e9mentaire aux visiteurs de votre site Web sur votre site Web Weebly sans effort.","application_category":[],"applications_title":"","applications_request_title":"","applications_request_button_text":"","hero_text":"","hero_video":"","hero_video_schema_markup":"","selling_points_title":"","selling_points_caption":"","selling_points":[],"selling_points_cta_text":"","features_title":"","features":"","ed_cta_examples_text":"","ed_cta_examples_hidden":"","ed_cta_demo_text":"","ed_cta_demo_hidden":"","why_caption":"","why_editor_title":"","why_editor_text":"","why_team_title":"","why_team_text":"","why_service_title":"","why_service_text":"","template_catalog_visible":"0","template_catalog_title":"","template_catalog_text":"","template_catalog_categories_visible":"","demo_title":"Cr\u00e9ez votre application Amazon Reviews","demo_caption":"Configurez vos avis Amazon et ajoutez-les gratuitement \u00e0 votre site Web Weebly\u00a0!","default_faq_hidden":"","app_template_category":[],"platform":"363","template_public_id":"","codecanyon_url":"","codecanyon_item_id":"","codecanyon_price":"","pricing_caption":"","pricing_elfsight_apps_hide_column":"","pricing_elfsight_apps_url":"","pricing_codecanyon_price_caption":"","integration_category":[],"integration_request_title":"","integration_request_cta":"","integration_platform":"","integrations":[],"platform_category":[],"video_schema_markup":"","price":"\u00c0 partir de $0\/mois","trial":"","benefits":[{"text":"Installation gratuite"},{"text":"Support Premium"},{"text":"Garantie de remboursement de 14 jours"},{"text":"L'am\u00e9lioration continue"}],"button_url":"#demo","button_target_blank":"0","button_nofollow":"0","attributes":[{"name":"Nombre d'installations","content":"1,000 - 5,000","_state":"expanded"},{"name":"Adaptif","content":"Oui","_state":"expanded"},{"name":"Navigateurs compatibles","content":"Firefox, Safari, Opera, Chrome, Edge","_state":"expanded"}],"tags":[],"tags_disable_links":"0","hide_more_platforms":"","video_object":"","demo_hide_cta":"0","demo_hide_cloud_options":"0","pricing_title":"","pricing":[{"pricing_icon":"platform","pricing_title":"Applications d'Elfsight","pricing_title_caption":"Solution num\u00e9rique multiplateforme qui fonctionne sur n'importe quel site","pricing_price":"\u00c0 partir de $0\/mois","pricing_price_caption":"Commencez avec un plan gratuit","pricing_benefits":[{"text":"Sites Web illimit\u00e9s"},{"text":"\u00c9quipe d'assistance professionnelle"},{"text":"Service d'installation gratuit"},{"text":"100% personnalisable"}],"pricing_button_text":"Ajouter au site Web","pricing_button_url":"https:\/\/apps.elfsight.com\/sign-up\/","pricing_button_nofollow":"1","_state":"expanded"}],"related_apps_title":"","related_apps_hidden":"1","author":"","image":[],"title":"","job":"","social_networks":[]},"_links":{"self":[{"href":"https:\/\/elfsight.com\/fr\/wp-json\/wp\/v2\/pages\/6278","targetHints":{"allow":["GET"]}}],"collection":[{"href":"https:\/\/elfsight.com\/fr\/wp-json\/wp\/v2\/pages"}],"about":[{"href":"https:\/\/elfsight.com\/fr\/wp-json\/wp\/v2\/types\/page"}],"author":[{"embeddable":true,"href":"https:\/\/elfsight.com\/fr\/wp-json\/wp\/v2\/users\/18"}],"replies":[{"embeddable":true,"href":"https:\/\/elfsight.com\/fr\/wp-json\/wp\/v2\/comments?post=6278"}],"version-history":[{"count":5,"href":"https:\/\/elfsight.com\/fr\/wp-json\/wp\/v2\/pages\/6278\/revisions"}],"predecessor-version":[{"id":16210,"href":"https:\/\/elfsight.com\/fr\/wp-json\/wp\/v2\/pages\/6278\/revisions\/16210"}],"up":[{"embeddable":true,"href":"https:\/\/elfsight.com\/fr\/wp-json\/wp\/v2\/pages\/1774"}],"wp:attachment":[{"href":"https:\/\/elfsight.com\/fr\/wp-json\/wp\/v2\/media?parent=6278"}],"curies":[{"name":"wp","href":"https:\/\/api.w.org\/{rel}","templated":true}]}}