{"id":6276,"date":"2021-12-03T08:56:20","date_gmt":"2021-12-03T08:56:20","guid":{"rendered":"https:\/\/elfsight.com\/fr\/?page_id=6276"},"modified":"2025-01-16T14:45:15","modified_gmt":"2025-01-16T14:45:15","slug":"webnode","status":"publish","type":"page","link":"https:\/\/elfsight.com\/fr\/amazon-reviews-widget\/webnode\/","title":{"rendered":"Amazon Reviews &#8211; Webnode"},"content":{"rendered":"\n<div class=\"application-platform-content-item-description application-platform-content-item\" id=\"description\" data-nav-section=\"description\"><h2>Description<\/h2><p>Le widget Elfsight Amazon est la m\u00e9thode la plus simple pour am\u00e9liorer la repr\u00e9sentation de votre marque en exprimant les commentaires de vrais visiteurs sur vos produits. . Affichez uniquement les points de vue les meilleurs ou les plus significatifs et disposez-les comme vous le souhaitez. Obtenez une preuve sociale en montrant aux visiteurs de votre site Web que vous pouvez faire confiance.<\/p><p><b>Inspirez les utilisateurs \u00e0 publier de nouveaux commentaires sur vos produits et encouragez les conversations avec les clients\u00a0!<\/b><\/p><\/div> <div class=\"application-platform-content-item-features application-platform-content-item\" id=\"features\" data-nav-section=\"features\"><h2>Fonctionnalit\u00e9s<\/h2><p>Afin d&rsquo;avoir une meilleure perception du widget, v\u00e9rifiez la liste de ses caract\u00e9ristiques essentielles. Ils rendent notre widget incroyablement efficace pour votre promotion\u00a0:<\/p><ul><li>3 filtres pr\u00eats \u00e0 l&#8217;emploi\u00a0: par type, exclusion par et nombre d&rsquo;avis \u00e0 afficher\u00a0;<\/li><li>4 variantes de mises en page\u00a0: Liste, Grille, Ma\u00e7onnerie et Slider\u00a0;<\/li><li>Une opportunit\u00e9 d&rsquo;activer\/d\u00e9sactiver l&rsquo;en-t\u00eate du widget\u00a0;<\/li><li>Le bouton de demande de r\u00e9vision am\u00e8ne les gens \u00e0 la page Amazon\u00a0;<\/li><li>6 \u00e9l\u00e9ments personnalisables des avis\u00a0: le nom de l&rsquo;auteur et la photo, le texte de la recommandation, la date de publication, l&rsquo;ic\u00f4ne Amazon et le nombre d&rsquo;\u00e9toiles\u00a0;<\/li><li>Deux variantes de sc\u00e9narios apr\u00e8s refus de demande d&rsquo;avis : afficher un message personnalis\u00e9 ou masquer le bouton\u00a0;<\/li><\/ul><p><a href=\"#demo\">D\u00e9couvrez la liste compl\u00e8te des fonctionnalit\u00e9s en d\u00e9mo<\/a><\/p><\/div> <div class=\"application-platform-content-item-installation application-platform-content-item\" id=\"installation\" data-nav-section=\"installation\"><h2>Comment ajouter Reviews from Amazon au site Web Webnode<\/h2><p>Les \u00e9tapes ci-dessous sont la seule chose dont vous avez besoin pour configurer Reviews from Amazon sur votre site. Cela ne prendra que trois minutes et vous n&rsquo;aurez pas \u00e0 vous soucier du codage.<\/p><ol><li><b>Concevez votre propre plugin Amazon<\/b><br>G\u00e9rez notre \u00e9diteur gratuit, shape un plugin avec une interface et des fonctionnalit\u00e9s pr\u00e9f\u00e9rables.<\/li><li><b>Copiez le code individuel pour int\u00e9grer le plugin<\/b><br>Apr\u00e8s avoir d\u00e9fini votre widget, vous obtiendrez le code unique de l&rsquo;\u00e9cran qui appara\u00eet. notification sur les applications Elfsight. Copiez ce code.<\/li><li><b>Le plugin sur votre site Webnode<\/b><br>S\u00e9lectionnez la zone dans laquelle vous pr\u00e9voyez d&rsquo;ajouter le plugin et ins\u00e9rez-y le code copi\u00e9. Publiez les modifications.<\/li><li><b>L&rsquo;int\u00e9gration est r\u00e9ussie\u00a0!<\/b><br>Entrez sur votre site Web pour voir votre travail.<\/li><\/ol><p>Vous avez encore des doutes sur quelque chose\u00a0? Ou vous avez des questions ? Envoyez simplement une demande \u00e0 notre \u00e9quipe de support client. Ils vous aideront en cas de probl\u00e8me.<\/p><div class=\"faq\" data-component=\"FAQ\"> <div class=\"faq-item\">\r\n\t\t\t\t\t<div class=\"faq-item-question\">\r\n\t\t\t\t\t\t<h3 class=\"faq-item-question-text\">Comment ajouter des avis Amazon \u00e0 mon site Webnode sans comp\u00e9tences en codage ?<\/h3>\r\n\r\n\t\t\t\t\t\t<div class=\"faq-item-question-icon\"><\/div>\r\n\t\t\t\t\t<\/div>\r\n\r\n\t\t\t\t\t<div class=\"faq-item-answer\">\r\n\t\t\t\t\t\t<div class=\"faq-item-answer-text\"> <p>Elfsight fournit une solution SaaS qui vous permet de cr\u00e9er un compte Amazon. Widget Avis vous-m\u00eame, voyez \u00e0 quel point le processus est simple : travaillez directement dans l&rsquo;\u00e9diteur en ligne pour cr\u00e9er un widget Avis Amazon que vous aimeriez voir sur votre site Web Webnode. Choisissez l&rsquo;un des mod\u00e8les pr\u00e9d\u00e9finis et ajustez les param\u00e8tres Reviews from Amazon, ajoutez votre contenu, modifiez la mise en page et les couleurs sans aucune comp\u00e9tence en codage. Enregistrez les avis Amazon et copiez son code d&rsquo;installation, que vous pouvez facilement inclure dans votre site Webnode sans avoir besoin d&rsquo;acheter un abonnement payant. Gr\u00e2ce \u00e0 notre \u00e9diteur intuitif, tout internaute peut cr\u00e9er un widget Reviews from Amazon en ligne et l&rsquo;int\u00e9grer facilement \u00e0 son site Web Webnode. Il n&rsquo;est pas n\u00e9cessaire de payer ou de saisir les informations d&rsquo;identification de votre carte pour acc\u00e9der au service. Si vous rencontrez des probl\u00e8mes \u00e0 n&rsquo;importe quelle \u00e9tape, n&rsquo;h\u00e9sitez pas \u00e0 contacter notre \u00e9quipe d&rsquo;assistance technique.<\/p> <\/div>\r\n\t\t\t\t\t<\/div>\r\n\t\t\t\t<\/div> <\/div> <\/div>\n","protected":false},"excerpt":{"rendered":"","protected":false},"author":18,"featured_media":0,"parent":1774,"menu_order":0,"comment_status":"closed","ping_status":"closed","template":"templates\/template-application-platform.php","meta":{"publish_to_discourse":"","publish_post_category":"","wpdc_auto_publish_overridden":"","wpdc_topic_tags":"","wpdc_pin_topic":"","wpdc_pin_until":"","discourse_post_id":"","discourse_permalink":"","wpdc_publishing_response":"","wpdc_publishing_error":"","footnotes":""},"class_list":["post-6276","page","type-page","status-publish","hentry"],"yoast_head":"<!-- This site is optimized with the Yoast SEO plugin v25.3.1 - https:\/\/yoast.com\/wordpress\/plugins\/seo\/ -->\n<title>Avis Amazon - ajoutez plugin Avis Client Amazon sur Webnode<\/title>\n<meta name=\"description\" content=\"Int\u00e9grez un Avis Amazon avantageux sur votre site. Utilisez la d\u00e9mo d&#039;Elfsight et g\u00e9n\u00e9rez votre widget en deux minutes.\" \/>\n<meta name=\"robots\" content=\"index, follow, max-snippet:-1, max-image-preview:large, max-video-preview:-1\" \/>\n<link rel=\"canonical\" href=\"https:\/\/elfsight.com\/fr\/amazon-reviews-widget\/webnode\/\" \/>\n<meta property=\"og:locale\" content=\"fr_FR\" \/>\n<meta property=\"og:type\" content=\"article\" \/>\n<meta property=\"og:title\" content=\"Avis Amazon - ajoutez plugin Avis Client Amazon sur Webnode\" \/>\n<meta property=\"og:description\" content=\"Int\u00e9grez un Avis Amazon avantageux sur votre site. Utilisez la d\u00e9mo d&#039;Elfsight et g\u00e9n\u00e9rez votre widget en deux minutes.\" \/>\n<meta property=\"og:url\" content=\"https:\/\/elfsight.com\/fr\/amazon-reviews-widget\/webnode\/\" \/>\n<meta property=\"og:site_name\" content=\"Elfsight FR\" \/>\n<meta property=\"article:modified_time\" content=\"2025-01-16T14:45:15+00:00\" \/>\n<meta name=\"twitter:card\" content=\"summary_large_image\" \/>\n<meta name=\"twitter:label1\" content=\"Dur\u00e9e de lecture estim\u00e9e\" \/>\n\t<meta name=\"twitter:data1\" content=\"3 minutes\" \/>\n<!-- \/ Yoast SEO plugin. -->","yoast_head_json":{"title":"Avis Amazon - ajoutez plugin Avis Client Amazon sur Webnode","description":"Int\u00e9grez un Avis Amazon avantageux sur votre site. Utilisez la d\u00e9mo d'Elfsight et g\u00e9n\u00e9rez votre widget en deux minutes.","robots":{"index":"index","follow":"follow","max-snippet":"max-snippet:-1","max-image-preview":"max-image-preview:large","max-video-preview":"max-video-preview:-1"},"canonical":"https:\/\/elfsight.com\/fr\/amazon-reviews-widget\/webnode\/","og_locale":"fr_FR","og_type":"article","og_title":"Avis Amazon - ajoutez plugin Avis Client Amazon sur Webnode","og_description":"Int\u00e9grez un Avis Amazon avantageux sur votre site. Utilisez la d\u00e9mo d'Elfsight et g\u00e9n\u00e9rez votre widget en deux minutes.","og_url":"https:\/\/elfsight.com\/fr\/amazon-reviews-widget\/webnode\/","og_site_name":"Elfsight FR","article_modified_time":"2025-01-16T14:45:15+00:00","twitter_card":"summary_large_image","twitter_misc":{"Dur\u00e9e de lecture estim\u00e9e":"3 minutes"},"schema":{"@context":"https:\/\/schema.org","@graph":[{"@type":"WebPage","@id":"https:\/\/elfsight.com\/fr\/amazon-reviews-widget\/webnode\/","url":"https:\/\/elfsight.com\/fr\/amazon-reviews-widget\/webnode\/","name":"Avis Amazon - ajoutez plugin Avis Client Amazon sur Webnode","isPartOf":{"@id":"https:\/\/elfsight.com\/fr\/#website"},"datePublished":"2021-12-03T08:56:20+00:00","dateModified":"2025-01-16T14:45:15+00:00","description":"Int\u00e9grez un Avis Amazon avantageux sur votre site. Utilisez la d\u00e9mo d'Elfsight et g\u00e9n\u00e9rez votre widget en deux minutes.","breadcrumb":{"@id":"https:\/\/elfsight.com\/fr\/amazon-reviews-widget\/webnode\/#breadcrumb"},"inLanguage":"fr-FR","potentialAction":[{"@type":"ReadAction","target":["https:\/\/elfsight.com\/fr\/amazon-reviews-widget\/webnode\/"]}]},{"@type":"BreadcrumbList","@id":"https:\/\/elfsight.com\/fr\/amazon-reviews-widget\/webnode\/#breadcrumb","itemListElement":[{"@type":"ListItem","position":1,"name":"Home","item":"https:\/\/elfsight.com\/fr\/"},{"@type":"ListItem","position":2,"name":"Amazon Reviews","item":"https:\/\/elfsight.com\/fr\/amazon-reviews-widget\/"},{"@type":"ListItem","position":3,"name":"Amazon Reviews &#8211; Webnode"}]},{"@type":"WebSite","@id":"https:\/\/elfsight.com\/fr\/#website","url":"https:\/\/elfsight.com\/fr\/","name":"Elfsight FR","description":"","potentialAction":[{"@type":"SearchAction","target":{"@type":"EntryPoint","urlTemplate":"https:\/\/elfsight.com\/fr\/?s={search_term_string}"},"query-input":{"@type":"PropertyValueSpecification","valueRequired":true,"valueName":"search_term_string"}}],"inLanguage":"fr-FR"}]}},"meta_box":{"industry":"","seo_heading":"","heading":"","description":"","cta_heading":"","cta_description":"","application":"1762","h1":"Plugin Avis Amazon pour Webnode","h1_caption":"Affichez les avis sur les produits d'Amazon pour fournir une preuve sociale suppl\u00e9mentaire aux visiteurs de votre site Web sur votre site Web Webnode sans effort.","application_category":[],"applications_title":"","applications_request_title":"","applications_request_button_text":"","hero_text":"","hero_video":"","hero_video_schema_markup":"","selling_points_title":"","selling_points_caption":"","selling_points":[],"selling_points_cta_text":"","features_title":"","features":"","ed_cta_examples_text":"","ed_cta_examples_hidden":"","ed_cta_demo_text":"","ed_cta_demo_hidden":"","why_caption":"","why_editor_title":"","why_editor_text":"","why_team_title":"","why_team_text":"","why_service_title":"","why_service_text":"","template_catalog_visible":"0","template_catalog_title":"","template_catalog_text":"","template_catalog_categories_visible":"","demo_title":"Cr\u00e9ez votre widget Avis Amazon","demo_caption":"Configurez vos avis Amazon et ajoutez-les gratuitement \u00e0 votre site Webnode !","default_faq_hidden":"","app_template_category":[],"platform":"364","template_public_id":"","codecanyon_url":"","codecanyon_item_id":"","codecanyon_price":"","pricing_caption":"","pricing_elfsight_apps_hide_column":"","pricing_elfsight_apps_url":"","pricing_codecanyon_price_caption":"","integration_category":[],"integration_request_title":"","integration_request_cta":"","integration_platform":"","integrations":[],"platform_category":[],"video_schema_markup":"","price":"\u00c0 partir de $0\/mois","trial":"","benefits":[{"text":"Installation gratuite"},{"text":"Support Premium"},{"text":"Garantie de remboursement de 14 jours"},{"text":"L'am\u00e9lioration continue"}],"button_url":"#demo","button_target_blank":"0","button_nofollow":"0","attributes":[{"name":"Nombre d'installations","content":"1,000 - 5,000","_state":"expanded"},{"name":"Adaptif","content":"Oui","_state":"expanded"},{"name":"Navigateurs compatibles","content":"Firefox, Safari, Opera, Chrome, Edge","_state":"expanded"}],"tags":[],"tags_disable_links":"0","hide_more_platforms":"","video_object":"","demo_hide_cta":"0","demo_hide_cloud_options":"0","pricing_title":"","pricing":[{"pricing_icon":"platform","pricing_title":"Applications d'Elfsight","pricing_title_caption":"Solution num\u00e9rique multiplateforme qui fonctionne sur n'importe quel site","pricing_price":"\u00c0 partir de $0\/mois","pricing_price_caption":"Commencez avec un plan gratuit","pricing_benefits":[{"text":"Sites Web illimit\u00e9s"},{"text":"\u00c9quipe d'assistance professionnelle"},{"text":"Service d'installation gratuit"},{"text":"100% personnalisable"}],"pricing_button_text":"Ajouter au site Web","pricing_button_url":"https:\/\/apps.elfsight.com\/sign-up\/","pricing_button_nofollow":"1","_state":"expanded"}],"related_apps_title":"","related_apps_hidden":"1","author":"","image":[],"title":"","job":"","social_networks":[]},"_links":{"self":[{"href":"https:\/\/elfsight.com\/fr\/wp-json\/wp\/v2\/pages\/6276","targetHints":{"allow":["GET"]}}],"collection":[{"href":"https:\/\/elfsight.com\/fr\/wp-json\/wp\/v2\/pages"}],"about":[{"href":"https:\/\/elfsight.com\/fr\/wp-json\/wp\/v2\/types\/page"}],"author":[{"embeddable":true,"href":"https:\/\/elfsight.com\/fr\/wp-json\/wp\/v2\/users\/18"}],"replies":[{"embeddable":true,"href":"https:\/\/elfsight.com\/fr\/wp-json\/wp\/v2\/comments?post=6276"}],"version-history":[{"count":3,"href":"https:\/\/elfsight.com\/fr\/wp-json\/wp\/v2\/pages\/6276\/revisions"}],"predecessor-version":[{"id":16209,"href":"https:\/\/elfsight.com\/fr\/wp-json\/wp\/v2\/pages\/6276\/revisions\/16209"}],"up":[{"embeddable":true,"href":"https:\/\/elfsight.com\/fr\/wp-json\/wp\/v2\/pages\/1774"}],"wp:attachment":[{"href":"https:\/\/elfsight.com\/fr\/wp-json\/wp\/v2\/media?parent=6276"}],"curies":[{"name":"wp","href":"https:\/\/api.w.org\/{rel}","templated":true}]}}