{"id":6270,"date":"2021-12-03T08:56:32","date_gmt":"2021-12-03T08:56:32","guid":{"rendered":"https:\/\/elfsight.com\/fr\/?page_id=6270"},"modified":"2025-01-16T14:43:15","modified_gmt":"2025-01-16T14:43:15","slug":"shopify","status":"publish","type":"page","link":"https:\/\/elfsight.com\/fr\/amazon-reviews-widget\/shopify\/","title":{"rendered":"Amazon Reviews &#8211; Shopify"},"content":{"rendered":"\n<div class=\"application-platform-content-item-description application-platform-content-item\" id=\"description\" data-nav-section=\"description\">\n<h2>Int\u00e9grez les avis Amazon sur Shopify avec le widget Elfsight<\/h2>\n<p>Le plugin Elfsight Amazon est le moyen le plus simple de former votre image de marque en d\u00e9montrant les commentaires de vrais visiteurs sur votre production. Affichez uniquement les r\u00e9actions les meilleures ou les plus significatives et organisez-les comme vous le souhaitez. Rassemblez des preuves sociales en montrant aux visiteurs de votre site Web que vous avez de la cr\u00e9dibilit\u00e9.<\/p>\n<p><b>Motivez les utilisateurs \u00e0 r\u00e9diger de nouveaux avis sur vos produits et encouragez les conversations avec les clients\u00a0!<\/b><\/p>\n<\/div>\n\n<div class=\"application-platform-content-item-features application-platform-content-item\" id=\"features\" data-nav-section=\"features\">\n<h2>Principales fonctionnalit\u00e9s du widget Reviews from Amazon<\/h2>\n<p>Pour mieux comprendre le widget, consultez la liste de ses principales fonctionnalit\u00e9s. Elles rendent notre widget incroyablement efficace pour votre boutique\u00a0:<\/p>\n<ul>\n    <li>3 options de filtres\u00a0: par type, exclusion par et nombre d&rsquo;avis\u00a0;<\/li>\n    <li>4 options de mise en page\u00a0: Liste, Grille, Ma\u00e7onnerie et Curseur\u00a0;<\/li>\n    <li>En-t\u00eate commutable du widget\u00a0;<\/li>\n    <li>Le bouton pour demander un avis dirige les gens vers la page Amazon\u00a0;<\/li>\n    <li>6 \u00e9l\u00e9ments r\u00e9glables des avis\u00a0: nom et photo de l&rsquo;auteur, recommandation, date de sortie, ic\u00f4ne Amazon et note par \u00e9toiles\u00a0;<\/li>\n    <li>Deux variantes de sc\u00e9narios apr\u00e8s rejet de la demande d&rsquo;avis\u00a0: r\u00e9v\u00e9ler votre message ou masquer le bouton\u00a0;<\/li>\n<\/ul>\n<p><a href=\"#demo\">Pour explorer plus de fonctionnalit\u00e9s, voir la d\u00e9mo en direct<\/a><\/p>\n<\/div>\n\n<div class=\"application-platform-content-item-installation application-platform-content-item\" id=\"installation\" data-nav-section=\"installation\">\n<h2>Comment ajouter l&rsquo;application Reviews from Amazon sur le site Web Shopify<\/h2>\n\n<p>Les \u00e9tapes suivantes sont la seule chose que vous devez suivre pour int\u00e9grer le plugin.<\/p>\n<ol>\n    <li><b>Utilisez notre \u00e9diteur gratuit et commencez \u00e0 fa\u00e7onner votre application personnalis\u00e9e.<\/b><br> Recherchez la mise en page et les sp\u00e9cifications personnalis\u00e9es de l&rsquo;application et appliquez toutes les modifications.<\/li>\n    <li><b>Copiez votre code individuel qui appara\u00eet dans la case sur les applications Elfsight.<\/b><br> Juste apr\u00e8s avoir termin\u00e9 la personnalisation de votre application personnelle, copiez le code exclusif dans la fen\u00eatre qui appara\u00eet et enregistrez-le pour une utilisation future.<\/li>\n    <li><b>Commencez \u00e0 utiliser l&rsquo;application sur votre site Shopify.<\/b><br> Impl\u00e9mentez le code que vous avez copi\u00e9 auparavant dans votre page Web et appliquez les corrections.<\/li>\n    <li><b>Fait\u00a0! La configuration est termin\u00e9e avec succ\u00e8s.<\/b><br> Rendez-vous sur votre site pour jeter un \u0153il au fonctionnement de l&rsquo;application.<\/li>\n<\/ol>\n<p>Vous n&rsquo;\u00eates toujours pas s\u00fbr\u00a0? Ou vous avez des questions ? Une seule demande \u00e0 notre \u00e9quipe d&rsquo;assistance r\u00e9soudra tout type de probl\u00e8me.<\/p>\n<\/div>\n\n<div class=\"faq\" data-component=\"FAQ\">\n<div class=\"faq-item\">\r\n\t\t\t\t\t<div class=\"faq-item-question\">\r\n\t\t\t\t\t\t<h3 class=\"faq-item-question-text\">Comment int\u00e9grer les avis clients Amazon sur mon site Shopify?<\/h3>\r\n\r\n\t\t\t\t\t\t<div class=\"faq-item-question-icon\"><\/div>\r\n\t\t\t\t\t<\/div>\r\n\r\n\t\t\t\t\t<div class=\"faq-item-answer\">\r\n\t\t\t\t\t\t<div class=\"faq-item-answer-text\">\n<p>Cr\u00e9ez simplement votre widget, puis modifiez son design et enregistrez vos modifications. Copiez le code du plugin que vous venez de cr\u00e9er et ajoutez-le dans la mise en page que vous avez actuellement.<\/p>\n<\/div>\r\n\t\t\t\t\t<\/div>\r\n\t\t\t\t<\/div>\n\n<div class=\"faq-item\">\r\n\t\t\t\t\t<div class=\"faq-item-question\">\r\n\t\t\t\t\t\t<h3 class=\"faq-item-question-text\">Comment obtenir des avis d'utilisateurs Amazon pour les pages de produits ?<\/h3>\r\n\r\n\t\t\t\t\t\t<div class=\"faq-item-question-icon\"><\/div>\r\n\t\t\t\t\t<\/div>\r\n\r\n\t\t\t\t\t<div class=\"faq-item-answer\">\r\n\t\t\t\t\t\t<div class=\"faq-item-answer-text\">\n<p>Tout ce que vous avez \u00e0 faire est d&rsquo;utiliser le bouton \u00ab \u00c9crire un avis \u00bb. En cliquant dessus, le public du site Web aura un acc\u00e8s imm\u00e9diat \u00e0 votre profil.<\/p>\n<\/div>\r\n\t\t\t\t\t<\/div>\r\n\t\t\t\t<\/div>\n\n<div class=\"faq-item\">\r\n\t\t\t\t\t<div class=\"faq-item-question\">\r\n\t\t\t\t\t\t<h3 class=\"faq-item-question-text\">De quelle mani\u00e8re puis-je cr\u00e9er une extension de notation Shopify\/un mod\u00e8le de badge ?<\/h3>\r\n\r\n\t\t\t\t\t\t<div class=\"faq-item-question-icon\"><\/div>\r\n\t\t\t\t\t<\/div>\r\n\r\n\t\t\t\t\t<div class=\"faq-item-answer\">\r\n\t\t\t\t\t\t<div class=\"faq-item-answer-text\">\n<p>Faites connaissance avec les points des instructions claires ci-dessous\u00a0:<\/p>\n<ol>\n    <li>G\u00e9rez notre d\u00e9mo et commencez \u00e0 cr\u00e9er votre propre application.<\/li>\n    <li>Personnalisez les options du plugin et cliquez pour enregistrer les corrections essentielles.<\/li>\n    <li>Copiez le code unique r\u00e9v\u00e9l\u00e9 dans la notification.<\/li>\n    <li>Collez le code du widget sur votre page d&rsquo;accueil et enregistrez la page.<\/li>\n    <li>Vous avez install\u00e9 avec succ\u00e8s l&rsquo;application sur le site Web.<\/li>\n<\/ol>\n<\/div>\r\n\t\t\t\t\t<\/div>\r\n\t\t\t\t<\/div>\n<\/div>\n","protected":false},"excerpt":{"rendered":"","protected":false},"author":18,"featured_media":0,"parent":1774,"menu_order":0,"comment_status":"closed","ping_status":"closed","template":"templates\/template-application-platform.php","meta":{"publish_to_discourse":"","publish_post_category":"","wpdc_auto_publish_overridden":"","wpdc_topic_tags":"","wpdc_pin_topic":"","wpdc_pin_until":"","discourse_post_id":"","discourse_permalink":"","wpdc_publishing_response":"","wpdc_publishing_error":"","footnotes":""},"class_list":["post-6270","page","type-page","status-publish","hentry"],"yoast_head":"<!-- This site is optimized with the Yoast SEO plugin v25.3.1 - https:\/\/yoast.com\/wordpress\/plugins\/seo\/ -->\n<title>Avis Amazon - ajoutez app Avis Client Amazon sur Shopify<\/title>\n<meta name=\"description\" content=\"Int\u00e9grez un Avis Amazon attractif sur votre site. Appliquez la d\u00e9mo d&#039;Elfsight et g\u00e9n\u00e9rez votre widget en deux minutes.\" \/>\n<meta name=\"robots\" content=\"index, follow, max-snippet:-1, max-image-preview:large, max-video-preview:-1\" \/>\n<link rel=\"canonical\" href=\"https:\/\/elfsight.com\/fr\/amazon-reviews-widget\/shopify\/\" \/>\n<meta property=\"og:locale\" content=\"fr_FR\" \/>\n<meta property=\"og:type\" content=\"article\" \/>\n<meta property=\"og:title\" content=\"Avis Amazon - ajoutez app Avis Client Amazon sur Shopify\" \/>\n<meta property=\"og:description\" content=\"Int\u00e9grez un Avis Amazon attractif sur votre site. Appliquez la d\u00e9mo d&#039;Elfsight et g\u00e9n\u00e9rez votre widget en deux minutes.\" \/>\n<meta property=\"og:url\" content=\"https:\/\/elfsight.com\/fr\/amazon-reviews-widget\/shopify\/\" \/>\n<meta property=\"og:site_name\" content=\"Elfsight FR\" \/>\n<meta property=\"article:modified_time\" content=\"2025-01-16T14:43:15+00:00\" \/>\n<meta name=\"twitter:card\" content=\"summary_large_image\" \/>\n<meta name=\"twitter:label1\" content=\"Dur\u00e9e de lecture estim\u00e9e\" \/>\n\t<meta name=\"twitter:data1\" content=\"3 minutes\" \/>\n<!-- \/ Yoast SEO plugin. -->","yoast_head_json":{"title":"Avis Amazon - ajoutez app Avis Client Amazon sur Shopify","description":"Int\u00e9grez un Avis Amazon attractif sur votre site. Appliquez la d\u00e9mo d'Elfsight et g\u00e9n\u00e9rez votre widget en deux minutes.","robots":{"index":"index","follow":"follow","max-snippet":"max-snippet:-1","max-image-preview":"max-image-preview:large","max-video-preview":"max-video-preview:-1"},"canonical":"https:\/\/elfsight.com\/fr\/amazon-reviews-widget\/shopify\/","og_locale":"fr_FR","og_type":"article","og_title":"Avis Amazon - ajoutez app Avis Client Amazon sur Shopify","og_description":"Int\u00e9grez un Avis Amazon attractif sur votre site. Appliquez la d\u00e9mo d'Elfsight et g\u00e9n\u00e9rez votre widget en deux minutes.","og_url":"https:\/\/elfsight.com\/fr\/amazon-reviews-widget\/shopify\/","og_site_name":"Elfsight FR","article_modified_time":"2025-01-16T14:43:15+00:00","twitter_card":"summary_large_image","twitter_misc":{"Dur\u00e9e de lecture estim\u00e9e":"3 minutes"},"schema":{"@context":"https:\/\/schema.org","@graph":[{"@type":"WebPage","@id":"https:\/\/elfsight.com\/fr\/amazon-reviews-widget\/shopify\/","url":"https:\/\/elfsight.com\/fr\/amazon-reviews-widget\/shopify\/","name":"Avis Amazon - ajoutez app Avis Client Amazon sur Shopify","isPartOf":{"@id":"https:\/\/elfsight.com\/fr\/#website"},"datePublished":"2021-12-03T08:56:32+00:00","dateModified":"2025-01-16T14:43:15+00:00","description":"Int\u00e9grez un Avis Amazon attractif sur votre site. Appliquez la d\u00e9mo d'Elfsight et g\u00e9n\u00e9rez votre widget en deux minutes.","breadcrumb":{"@id":"https:\/\/elfsight.com\/fr\/amazon-reviews-widget\/shopify\/#breadcrumb"},"inLanguage":"fr-FR","potentialAction":[{"@type":"ReadAction","target":["https:\/\/elfsight.com\/fr\/amazon-reviews-widget\/shopify\/"]}]},{"@type":"BreadcrumbList","@id":"https:\/\/elfsight.com\/fr\/amazon-reviews-widget\/shopify\/#breadcrumb","itemListElement":[{"@type":"ListItem","position":1,"name":"Home","item":"https:\/\/elfsight.com\/fr\/"},{"@type":"ListItem","position":2,"name":"Amazon Reviews","item":"https:\/\/elfsight.com\/fr\/amazon-reviews-widget\/"},{"@type":"ListItem","position":3,"name":"Amazon Reviews &#8211; Shopify"}]},{"@type":"WebSite","@id":"https:\/\/elfsight.com\/fr\/#website","url":"https:\/\/elfsight.com\/fr\/","name":"Elfsight FR","description":"","potentialAction":[{"@type":"SearchAction","target":{"@type":"EntryPoint","urlTemplate":"https:\/\/elfsight.com\/fr\/?s={search_term_string}"},"query-input":{"@type":"PropertyValueSpecification","valueRequired":true,"valueName":"search_term_string"}}],"inLanguage":"fr-FR"}]}},"meta_box":{"industry":"","seo_heading":"","heading":"","description":"","cta_heading":"","cta_description":"","application":"1762","h1":"App Avis Amazon pour Shopify","h1_caption":"Affichez les avis sur les produits d'Amazon pour fournir une preuve sociale suppl\u00e9mentaire aux visiteurs de votre site Web sur votre site Web Shopify sans effort.","application_category":[],"applications_title":"","applications_request_title":"","applications_request_button_text":"","hero_text":"","hero_video":"","hero_video_schema_markup":"","selling_points_title":"","selling_points_caption":"","selling_points":[],"selling_points_cta_text":"","features_title":"","features":"","ed_cta_examples_text":"","ed_cta_examples_hidden":"","ed_cta_demo_text":"","ed_cta_demo_hidden":"","why_caption":"","why_editor_title":"","why_editor_text":"","why_team_title":"","why_team_text":"","why_service_title":"","why_service_text":"","template_catalog_visible":"0","template_catalog_title":"","template_catalog_text":"","template_catalog_categories_visible":"","demo_title":"Cr\u00e9ez votre application Reviews from Amazon","demo_caption":"Configurez vos avis Amazon et ajoutez-les gratuitement \u00e0 votre site Web Shopify !","default_faq_hidden":"","app_template_category":[],"platform":"360","template_public_id":"","codecanyon_url":"","codecanyon_item_id":"","codecanyon_price":"","pricing_caption":"","pricing_elfsight_apps_hide_column":"","pricing_elfsight_apps_url":"","pricing_codecanyon_price_caption":"","integration_category":[],"integration_request_title":"","integration_request_cta":"","integration_platform":"","integrations":[],"platform_category":[],"video_schema_markup":"","price":"\u00c0 partir de $0\/mois","trial":"","benefits":[{"text":"Installation gratuite"},{"text":"Support Premium"},{"text":"Garantie de remboursement de 14 jours"},{"text":"L'am\u00e9lioration continue"}],"button_url":"#demo","button_target_blank":"0","button_nofollow":"0","attributes":[{"name":"Nombre d'installations","content":"1,000 - 5,000","_state":"expanded"},{"name":"Adaptif","content":"Oui","_state":"expanded"},{"name":"Navigateurs compatibles","content":"Firefox, Safari, Opera, Chrome, Edge","_state":"expanded"}],"tags":[],"tags_disable_links":"0","hide_more_platforms":"","video_object":"","demo_hide_cta":"0","demo_hide_cloud_options":"0","pricing_title":"","pricing":[{"pricing_icon":"platform","pricing_title":"Applications d'Elfsight","pricing_title_caption":"Solution num\u00e9rique multiplateforme qui fonctionne sur n'importe quel site","pricing_price":"\u00c0 partir de $0\/mois","pricing_price_caption":"Commencez avec un plan gratuit","pricing_benefits":[{"text":"Sites Web illimit\u00e9s"},{"text":"\u00c9quipe d'assistance professionnelle"},{"text":"Service d'installation gratuit"},{"text":"100% personnalisable"}],"pricing_button_text":"Ajouter au site Web","pricing_button_url":"https:\/\/apps.elfsight.com\/sign-up\/","pricing_button_nofollow":"1","_state":"expanded"}],"related_apps_title":"","related_apps_hidden":"1","author":"","image":[],"title":"","job":"","social_networks":[]},"_links":{"self":[{"href":"https:\/\/elfsight.com\/fr\/wp-json\/wp\/v2\/pages\/6270","targetHints":{"allow":["GET"]}}],"collection":[{"href":"https:\/\/elfsight.com\/fr\/wp-json\/wp\/v2\/pages"}],"about":[{"href":"https:\/\/elfsight.com\/fr\/wp-json\/wp\/v2\/types\/page"}],"author":[{"embeddable":true,"href":"https:\/\/elfsight.com\/fr\/wp-json\/wp\/v2\/users\/18"}],"replies":[{"embeddable":true,"href":"https:\/\/elfsight.com\/fr\/wp-json\/wp\/v2\/comments?post=6270"}],"version-history":[{"count":3,"href":"https:\/\/elfsight.com\/fr\/wp-json\/wp\/v2\/pages\/6270\/revisions"}],"predecessor-version":[{"id":16207,"href":"https:\/\/elfsight.com\/fr\/wp-json\/wp\/v2\/pages\/6270\/revisions\/16207"}],"up":[{"embeddable":true,"href":"https:\/\/elfsight.com\/fr\/wp-json\/wp\/v2\/pages\/1774"}],"wp:attachment":[{"href":"https:\/\/elfsight.com\/fr\/wp-json\/wp\/v2\/media?parent=6270"}],"curies":[{"name":"wp","href":"https:\/\/api.w.org\/{rel}","templated":true}]}}