{"id":627,"date":"2020-06-16T04:46:39","date_gmt":"2020-06-16T04:46:39","guid":{"rendered":"https:\/\/elfsight.com\/fr\/?page_id=627"},"modified":"2020-10-21T15:34:40","modified_gmt":"2020-10-21T15:34:40","slug":"divi-plugins","status":"publish","type":"page","link":"https:\/\/elfsight.com\/fr\/divi-plugins\/","title":{"rendered":"Divi plugins"},"content":{"rendered":"\n<h2>Le mieux Elfsight Apps Service pour la modernisation du site en Divi. <\/h2>\n\n\n<p>Pendant de nombreuses ann\u00e9es, notre \u00e9quipe de d\u00e9veloppeurs d\u2019Elfsight cr\u00e9e applications pratiques et responsives pour votre site. Le collectif d&rsquo;experts syst\u00e9matiquement vous propose un service d&rsquo;assistance d\u00e9di\u00e9e et vitesse de chargement inimaginable. Ces outils enrichirent beaucoup de marchands, organisations d&rsquo;utilit\u00e9 publique \net de nombreux autres propri\u00e9taires de sites Web\ndans diff\u00e9rentes endroits du monde \u00e0 assumer les t\u00e2ches efficacement. <\/p>\n<p>Simplement ajoutez les instruments dans le site et augmentez cours de vente, pr\u00e9sentez commentaires favorables, agrandissez une fiducie des usagers. Nos plans varient entre gratuit et premium. Commencez l&rsquo;impl\u00e9mentation de d\u2019instrument en employant d\u00e9mo interactif et vois son effet sur l\u2019\u00e9laboration de votre entreprise. <\/p>\n\n<h2> \nQu\u2019est-ce qui fais Elfsight plugins sp\u00e9ciaux pour votre site web? <\/h2>\n\n\n<p>Voici une \u00e9croue des pr\u00e9f\u00e9rences rares de nos widgets, qui nous assurersent d&rsquo;\u00eatre plus efficaces que nos concurrents: <\/p>\n\n<ul>\n<li>R\u00e9ponse libre et vite avec des plugins d\u2019insertion ou de individualisation; <\/li>\n<li>Largement sensible \u00e0 tous les param\u00e8tres du site internet; <\/li>\n<li>Sans| d&rsquo;apprendre le codage; <\/li>\n<li>Une grande multitude des opportunit\u00e9s de individualisation; <\/li>\n<li>Les solutions cloud admettrent d&rsquo;augmenter la cadence de chargement; <\/li>\n<li>Renouveaux continuelles; <\/li>\n<li> Plans de prix mod\u00e9r\u00e9s; <\/li>\n<li> Soutien constant pour toutes les questions des usagers. <\/li>\n<\/ul>\n\n<p> Souscrivez-vous \u00e0 la version gracieux de nos widgets et regardez son capacit\u00e9 ou installez aucun outil bonard avec une remise de 20%. <\/p>\n\n\n<h2>Comment incorporer vos widgets sur le site de Divi<\/h2>\n\n<p>Pour enraciner les plugins, voir le mode d&#8217;emploi simple: <\/p>\n\n\n<ol>\n<li> S\u00e9lectionnez le plugin requis; <\/li>\n<li> Ajustez la forme n\u00e9cessaire selon vos objectifs; <\/li>\n<li> Sauvez les modifications; <\/li>\n<li> Faire le clic sur le code obtenu; <\/li>\n<li> Impl\u00e9mentez le code \u00e0 localit\u00e9 disponible de votre site internet ou mod\u00e8le; <\/li>\n<li> La personnalisation du widget est enti\u00e8rement termin\u00e9e. <\/li>\n<\/ol>\n\n<p> Si vous se trouvez face \u00e0 face avec des d\u00e9fis, n&rsquo;h\u00e9sitez pas s&rsquo;adresser \u00e0 nos sp\u00e9cialistes du soutien. <\/p>\n\n\n<div class=\"faq\" data-component=\"FAQ\">\n\n<div class=\"faq-item\">\r\n\t\t\t\t\t<div class=\"faq-item-question\">\r\n\t\t\t\t\t\t<h3 class=\"faq-item-question-text\">1. Quels mod\u00e8les Divi sauvent prendre en charge les widgets?<\/h3>\r\n\r\n\t\t\t\t\t\t<div class=\"faq-item-question-icon\"><\/div>\r\n\t\t\t\t\t<\/div>\r\n\r\n\t\t\t\t\t<div class=\"faq-item-answer\">\r\n\t\t\t\t\t\t<div class=\"faq-item-answer-text\">\n<p> Les widgets peuvent \u00eatre incorpor\u00e9s \u00e0 tous les \u00e9l\u00e9ments du site internet de Divi. Vous pouvez \u00eatre s\u00fbr d&rsquo;un fonction stable de nos outils. <\/p>\n<\/div>\r\n\t\t\t\t\t<\/div>\r\n\t\t\t\t<\/div>\n<div class=\"faq-item\">\r\n\t\t\t\t\t<div class=\"faq-item-question\">\r\n\t\t\t\t\t\t<h3 class=\"faq-item-question-text\">2. O\u00f9 puis-je d\u00e9velopper les param\u00e8tres de mon plugin?<\/h3>\r\n\r\n\t\t\t\t\t\t<div class=\"faq-item-question-icon\"><\/div>\r\n\t\t\t\t\t<\/div>\r\n\r\n\t\t\t\t\t<div class=\"faq-item-answer\">\r\n\t\t\t\t\t\t<div class=\"faq-item-answer-text\">\n<p> Tous nos usagers appliqueront tous les ajustements appropri\u00e9s dans les param\u00e8tres de l&rsquo;\u00e9diteur intuitif. <\/p>\n<\/div>\r\n\t\t\t\t\t<\/div>\r\n\t\t\t\t<\/div>\n<div class=\"faq-item\">\r\n\t\t\t\t\t<div class=\"faq-item-question\">\r\n\t\t\t\t\t\t<h3 class=\"faq-item-question-text\">3. Est-il possible de prendre contact le centre d\u2019appoint d'Elfsight au cas o\u00f9 j'aurais besoin d\u2019appoint pour la individualisation de widget?<\/h3>\r\n\r\n\t\t\t\t\t\t<div class=\"faq-item-question-icon\"><\/div>\r\n\t\t\t\t\t<\/div>\r\n\r\n\t\t\t\t\t<div class=\"faq-item-answer\">\r\n\t\t\t\t\t\t<div class=\"faq-item-answer-text\">\n<p> Tous les usagers peuvent en r\u00e9f\u00e9rer nos personnel d\u2019Elfsight hautement comp\u00e9tentes pour d\u00e9goter une solution sur le travail des widgets. <\/p>\n<\/div>\r\n\t\t\t\t\t<\/div>\r\n\t\t\t\t<\/div>\n<\/div>\n","protected":false},"excerpt":{"rendered":"Le mieux Elfsight Apps Service pour la modernisation du site en Divi. Pendant de nombreuses ann\u00e9es, notre \u00e9quipe de d\u00e9veloppeurs d\u2019Elfsight cr\u00e9e applications pratiques et responsives pour votre site. Le collectif d&rsquo;experts syst\u00e9matiquement vous propose un service d&rsquo;assistance d\u00e9di\u00e9e et vitesse de chargement inimaginable. Ces outils enrichirent beaucoup de marchands,&#8230;","protected":false},"author":12,"featured_media":0,"parent":0,"menu_order":0,"comment_status":"closed","ping_status":"closed","template":"templates\/template-platform.php","meta":{"publish_to_discourse":"","publish_post_category":"","wpdc_auto_publish_overridden":"","wpdc_topic_tags":"","wpdc_pin_topic":"","wpdc_pin_until":"","discourse_post_id":"","discourse_permalink":"","wpdc_publishing_response":"","wpdc_publishing_error":"","footnotes":""},"class_list":["post-627","page","type-page","status-publish","hentry"],"yoast_head":"<!-- This site is optimized with the Yoast SEO plugin v25.3.1 - https:\/\/yoast.com\/wordpress\/plugins\/seo\/ -->\n<title>Les meilleures plugins Divi pour votre site Web (en 2025)<\/title>\n<meta name=\"description\" content=\"Le groupement gratis des outils seulement pour site Divi. Le service client\u00e8le d\u00e9di\u00e9e qui vous aide avec l&#039;installation et fonctionnalit\u00e9 impressionnante.\" \/>\n<meta name=\"robots\" content=\"index, follow, max-snippet:-1, max-image-preview:large, max-video-preview:-1\" \/>\n<link rel=\"canonical\" href=\"https:\/\/elfsight.com\/fr\/divi-plugins\/\" \/>\n<meta property=\"og:locale\" content=\"fr_FR\" \/>\n<meta property=\"og:type\" content=\"article\" \/>\n<meta property=\"og:title\" content=\"Les meilleures plugins Divi pour votre site Web (en 2025)\" \/>\n<meta property=\"og:description\" content=\"Le groupement gratis des outils seulement pour site Divi. Le service client\u00e8le d\u00e9di\u00e9e qui vous aide avec l&#039;installation et fonctionnalit\u00e9 impressionnante.\" \/>\n<meta property=\"og:url\" content=\"https:\/\/elfsight.com\/fr\/divi-plugins\/\" \/>\n<meta property=\"og:site_name\" content=\"Elfsight FR\" \/>\n<meta property=\"article:modified_time\" content=\"2020-10-21T15:34:40+00:00\" \/>\n<meta name=\"twitter:card\" content=\"summary_large_image\" \/>\n<meta name=\"twitter:label1\" content=\"Dur\u00e9e de lecture estim\u00e9e\" \/>\n\t<meta name=\"twitter:data1\" content=\"2 minutes\" \/>\n<!-- \/ Yoast SEO plugin. -->","yoast_head_json":{"title":"Les meilleures plugins Divi pour votre site Web (en 2025)","description":"Le groupement gratis des outils seulement pour site Divi. Le service client\u00e8le d\u00e9di\u00e9e qui vous aide avec l'installation et fonctionnalit\u00e9 impressionnante.","robots":{"index":"index","follow":"follow","max-snippet":"max-snippet:-1","max-image-preview":"max-image-preview:large","max-video-preview":"max-video-preview:-1"},"canonical":"https:\/\/elfsight.com\/fr\/divi-plugins\/","og_locale":"fr_FR","og_type":"article","og_title":"Les meilleures plugins Divi pour votre site Web (en 2025)","og_description":"Le groupement gratis des outils seulement pour site Divi. Le service client\u00e8le d\u00e9di\u00e9e qui vous aide avec l'installation et fonctionnalit\u00e9 impressionnante.","og_url":"https:\/\/elfsight.com\/fr\/divi-plugins\/","og_site_name":"Elfsight FR","article_modified_time":"2020-10-21T15:34:40+00:00","twitter_card":"summary_large_image","twitter_misc":{"Dur\u00e9e de lecture estim\u00e9e":"2 minutes"},"schema":{"@context":"https:\/\/schema.org","@graph":[{"@type":"WebPage","@id":"https:\/\/elfsight.com\/fr\/divi-plugins\/","url":"https:\/\/elfsight.com\/fr\/divi-plugins\/","name":"Les meilleures plugins Divi pour votre site Web (en 2025)","isPartOf":{"@id":"https:\/\/elfsight.com\/fr\/#website"},"datePublished":"2020-06-16T04:46:39+00:00","dateModified":"2020-10-21T15:34:40+00:00","description":"Le groupement gratis des outils seulement pour site Divi. Le service client\u00e8le d\u00e9di\u00e9e qui vous aide avec l'installation et fonctionnalit\u00e9 impressionnante.","breadcrumb":{"@id":"https:\/\/elfsight.com\/fr\/divi-plugins\/#breadcrumb"},"inLanguage":"fr-FR","potentialAction":[{"@type":"ReadAction","target":["https:\/\/elfsight.com\/fr\/divi-plugins\/"]}]},{"@type":"BreadcrumbList","@id":"https:\/\/elfsight.com\/fr\/divi-plugins\/#breadcrumb","itemListElement":[{"@type":"ListItem","position":1,"name":"Home","item":"https:\/\/elfsight.com\/fr\/"},{"@type":"ListItem","position":2,"name":"Divi plugins"}]},{"@type":"WebSite","@id":"https:\/\/elfsight.com\/fr\/#website","url":"https:\/\/elfsight.com\/fr\/","name":"Elfsight FR","description":"","potentialAction":[{"@type":"SearchAction","target":{"@type":"EntryPoint","urlTemplate":"https:\/\/elfsight.com\/fr\/?s={search_term_string}"},"query-input":{"@type":"PropertyValueSpecification","valueRequired":true,"valueName":"search_term_string"}}],"inLanguage":"fr-FR"}]}},"meta_box":{"industry":"","seo_heading":"","heading":"","description":"","cta_heading":"","cta_description":"","application":"","h1":"Les meilleures plugins pour site Divi","h1_caption":"Le groupement gratis des outils brillants qui sont utilis\u00e9s \u00e0 renforcer des ventes et r\u00e9pondre aux objectifs fondamentaux. L'impl\u00e9mentation est sans effort, et il y a une grande \u00e9ventail des options d'adaptation et \u00e9quipe de support d\u00e9di\u00e9e.","application_category":[],"applications_title":"Examiner toute la diversit\u00e9 de tous les plugins gratuits pour le site Web.","applications_request_title":"Vous ne trouvez pas le plugin n\u00e9cessaire?","applications_request_button_text":"Demander un plugin","hero_text":"","hero_video":"","hero_video_schema_markup":"","selling_points_title":"","selling_points_caption":"","selling_points":[],"selling_points_cta_text":"","features_title":"","features":"","ed_cta_examples_text":"","ed_cta_examples_hidden":"","ed_cta_demo_text":"","ed_cta_demo_hidden":"","why_caption":"","why_editor_title":"","why_editor_text":"","why_team_title":"","why_team_text":"","why_service_title":"","why_service_text":"","template_catalog_visible":"","template_catalog_title":"","template_catalog_text":"","template_catalog_categories_visible":"","demo_title":"","demo_caption":"","default_faq_hidden":"","app_template_category":[],"platform":"412","template_public_id":"","codecanyon_url":"","codecanyon_item_id":"","codecanyon_price":"","pricing_caption":"","pricing_elfsight_apps_hide_column":"","pricing_elfsight_apps_url":"","pricing_codecanyon_price_caption":"","integration_category":[],"integration_request_title":"","integration_request_cta":"","integration_platform":"","integrations":[],"platform_category":[],"video_schema_markup":"","price":"","trial":"","benefits":[],"button_url":"","button_target_blank":"","button_nofollow":"","attributes":[],"tags":[],"tags_disable_links":"","hide_more_platforms":"","video_object":"","demo_hide_cta":"","demo_hide_cloud_options":"","pricing_title":"","pricing":[],"related_apps_title":"","related_apps_hidden":"","author":"","image":[],"title":"","job":"","social_networks":[]},"_links":{"self":[{"href":"https:\/\/elfsight.com\/fr\/wp-json\/wp\/v2\/pages\/627","targetHints":{"allow":["GET"]}}],"collection":[{"href":"https:\/\/elfsight.com\/fr\/wp-json\/wp\/v2\/pages"}],"about":[{"href":"https:\/\/elfsight.com\/fr\/wp-json\/wp\/v2\/types\/page"}],"author":[{"embeddable":true,"href":"https:\/\/elfsight.com\/fr\/wp-json\/wp\/v2\/users\/12"}],"replies":[{"embeddable":true,"href":"https:\/\/elfsight.com\/fr\/wp-json\/wp\/v2\/comments?post=627"}],"version-history":[{"count":3,"href":"https:\/\/elfsight.com\/fr\/wp-json\/wp\/v2\/pages\/627\/revisions"}],"predecessor-version":[{"id":630,"href":"https:\/\/elfsight.com\/fr\/wp-json\/wp\/v2\/pages\/627\/revisions\/630"}],"wp:attachment":[{"href":"https:\/\/elfsight.com\/fr\/wp-json\/wp\/v2\/media?parent=627"}],"curies":[{"name":"wp","href":"https:\/\/api.w.org\/{rel}","templated":true}]}}