{"id":6262,"date":"2021-12-03T08:56:44","date_gmt":"2021-12-03T08:56:44","guid":{"rendered":"https:\/\/elfsight.com\/fr\/?page_id=6262"},"modified":"2025-01-16T14:39:09","modified_gmt":"2025-01-16T14:39:09","slug":"magento","status":"publish","type":"page","link":"https:\/\/elfsight.com\/fr\/amazon-reviews-widget\/magento\/","title":{"rendered":"Amazon Reviews &#8211; Magento"},"content":{"rendered":"\n<div class=\"application-platform-content-item-description application-platform-content-item\" id=\"description\" data-nav-section=\"description\"><h2>Description<\/h2><p>Notre plugin Amazon est la m\u00e9thode la plus simple pour former l&rsquo;image de votre entreprise en montrant l&rsquo;opinion r\u00e9elle des visiteurs sur vos produits. . Affichez uniquement les avis les meilleurs ou les plus significatifs et organisez-les comme vous le souhaitez. Obtenez une preuve sociale en d\u00e9montrant aux visiteurs de votre site Web qu&rsquo;on peut vous faire confiance.<\/p><p><b>Incitez les utilisateurs \u00e0 \u00e9crire de nouveaux commentaires sur vos produits et encouragez les conversations avec les clients\u00a0!<\/b><\/p><\/div> <div class=\"application-platform-content-item-features application-platform-content-item\" id=\"features\" data-nav-section=\"features\"><h2>Fonctionnalit\u00e9s<\/h2><p>Afin de mieux comprendre le plugin Reviews from Amazon, consultez la liste de ses principales caract\u00e9ristiques. Ils rendent le widget extr\u00eamement avantageux pour vous\u00a0:<\/p><ul><li>Trois filtres pr\u00eats \u00e0 l&#8217;emploi\u00a0: par type, exclusion par et quantit\u00e9 d&rsquo;avis \u00e0 afficher\u00a0;<\/li><li>4 mises en page pr\u00e9d\u00e9finies\u00a0: Liste, Grille, Ma\u00e7onnerie et Slider\u00a0;<\/li><li>En-t\u00eate commutable du widget\u00a0;<\/li><li>Le bouton de demande de r\u00e9vision redirige les utilisateurs vers votre page Amazon\u00a0;<\/li><li>Six \u00e9l\u00e9ments r\u00e9glables du widget\u00a0: nom et photo de l&rsquo;auteur, recommandation, date de publication, ic\u00f4ne Amazon et note par \u00e9toiles\u00a0;<\/li><li>Deux alternatives de sc\u00e9narios de rejet de demande d&rsquo;avis\u00a0: afficher un message texte ou masquer le bouton\u00a0;<\/li><\/ul><p><a href=\"#demo\">Pour d\u00e9couvrir plus de fonctionnalit\u00e9s, consultez la d\u00e9mo en direct<\/a><\/p><\/div><div class=\"application-platform-content-item-installation application-platform-content-item\" id=\"installation\" data-nav-section=\"installation\"><h2>Comment pour ajouter l&rsquo;extension Amazon au site Web Magento<\/h2><p>Ces plusieurs \u00e9tapes sont la seule chose dont vous avez besoin pour l&rsquo;int\u00e9grer.<\/p><ol><li><b>Utilisez notre \u00e9diteur gratuit et commencez \u00e0 fa\u00e7onner votre extension. <\/b><br> Recherchez l&rsquo;apparence et les options pr\u00e9f\u00e9r\u00e9es de l&rsquo;extension Avis et appliquez toutes les corrections. <\/li> <li><b>Obtenez une d\u00e9monstration de votre code unique dans la fen\u00eatre des applications Elfsight. <\/b><br> Une fois la configuration de votre extension personnelle termin\u00e9e, copiez le code individuel dans la fen\u00eatre contextuelle qui appara\u00eet et enregistrez-le pour une occasion ult\u00e9rieure. <\/li> <li><b>Lancer l&rsquo;application de l&rsquo;extension sur la page Web de Magento. <\/b><br> Int\u00e9grez le code que vous avez enregistr\u00e9 auparavant dans votre site Web et enregistrez les am\u00e9liorations. <\/li> <li><b>L&rsquo;installation est enti\u00e8rement termin\u00e9e. <\/b><br> Acc\u00e9dez \u00e0 votre site pour voir en action les performances de l&rsquo;extension. <\/li><\/ol><p>Vous n&rsquo;arrivez toujours pas \u00e0 vous d\u00e9cider\u00a0? Ou vous \u00eates tomb\u00e9 sur quelque chose ? Notre service client r\u00e9glera tout probl\u00e8me.<\/p><\/div><div class=\"faq\" data-component=\"FAQ\"><div class=\"faq-item\">\r\n\t\t\t\t\t<div class=\"faq-item-question\">\r\n\t\t\t\t\t\t<h3 class=\"faq-item-question-text\">Puis-je utiliser les avis clients Amazon sur mon site Magento ?<\/h3>\r\n\r\n\t\t\t\t\t\t<div class=\"faq-item-question-icon\"><\/div>\r\n\t\t\t\t\t<\/div>\r\n\r\n\t\t\t\t\t<div class=\"faq-item-answer\">\r\n\t\t\t\t\t\t<div class=\"faq-item-answer-text\"><p>Concevez simplement votre outil , puis modifiez son design et enregistrez vos r\u00e9glages. Copiez \u00e9galement votre code et ajoutez-le dans la mise en page que vous utilisez. <\/p><\/div>\r\n\t\t\t\t\t<\/div>\r\n\t\t\t\t<\/div><div class=\"faq-item\">\r\n\t\t\t\t\t<div class=\"faq-item-question\">\r\n\t\t\t\t\t\t<h3 class=\"faq-item-question-text\">De quelle mani\u00e8re puis-je collecter les avis des clients Amazon pour mes pages de produits ?<\/h3>\r\n\r\n\t\t\t\t\t\t<div class=\"faq-item-question-icon\"><\/div>\r\n\t\t\t\t\t<\/div>\r\n\r\n\t\t\t\t\t<div class=\"faq-item-answer\">\r\n\t\t\t\t\t\t<div class=\"faq-item-answer-text\"><p>Vous pouvez facilement le faire via l&rsquo;agence du bouton CTA. En cliquant dessus, les utilisateurs seront directement transf\u00e9r\u00e9s vers votre profil. <\/p><\/div>\r\n\t\t\t\t\t<\/div>\r\n\t\t\t\t<\/div><div class=\"faq-item\">\r\n\t\t\t\t\t<div class=\"faq-item-question\">\r\n\t\t\t\t\t\t<h3 class=\"faq-item-question-text\">De quelle fa\u00e7on puis-je fa\u00e7onner mon widget de notation Amazon\/mod\u00e8le de badge ?<\/h3>\r\n\r\n\t\t\t\t\t\t<div class=\"faq-item-question-icon\"><\/div>\r\n\t\t\t\t\t<\/div>\r\n\r\n\t\t\t\t\t<div class=\"faq-item-answer\">\r\n\t\t\t\t\t\t<div class=\"faq-item-answer-text\"><p>Suivez les \u00e9tapes du didacticiel simple\u00a0: <\/p><ol><li>Effectuer Configurateur Elfsight et commencez \u00e0 cr\u00e9er votre propre widget. <\/li> <li>Modifiez les caract\u00e9ristiques fonctionnelles du widget et enregistrez les am\u00e9liorations n\u00e9cessaires. <\/li><li>R\u00e9cup\u00e9rez le code individuel apparaissant dans la notification. <\/li> <li>Collez le code de l&rsquo;application dans votre page Web et appuyez sur le bouton \u00ab\u00a0Enregistrer\u00a0\u00bb. <\/li><li>F\u00e9licitations\u00a0! Vous avez impl\u00e9ment\u00e9 en douceur un nouveau plugin sur le site. <\/li><\/div>\r\n\t\t\t\t\t<\/div>\r\n\t\t\t\t<\/div><div class=\"faq-item\">\r\n\t\t\t\t\t<div class=\"faq-item-question\">\r\n\t\t\t\t\t\t<h3 class=\"faq-item-question-text\">Comment puis-je ajouter Reviews from Amazon \u00e0 mon site Web Magento sans comp\u00e9tences en codage ?<\/h3>\r\n\r\n\t\t\t\t\t\t<div class=\"faq-item-question-icon\"><\/div>\r\n\t\t\t\t\t<\/div>\r\n\r\n\t\t\t\t\t<div class=\"faq-item-answer\">\r\n\t\t\t\t\t\t<div class=\"faq-item-answer-text\"><p>Elfsight fournit une solution SaaS qui vous permet de cr\u00e9er vous-m\u00eame un widget Reviews from Amazon, voyez \u00e0 quel point il est facile le processus est le suivant\u00a0: travaillez directement dans l&rsquo;\u00e9diteur en ligne pour cr\u00e9er un widget Reviews from Amazon que vous aimeriez voir sur votre site Web Magento. Choisissez l&rsquo;un des mod\u00e8les pr\u00e9d\u00e9finis et ajustez les param\u00e8tres Reviews from Amazon, ajoutez votre contenu, modifiez la mise en page et la palette de couleurs sans aucune comp\u00e9tence en codage. Enregistrez les avis Amazon et copiez son code d&rsquo;installation, que vous pouvez facilement coller sur votre site Web Magento sans avoir besoin d&rsquo;acheter un abonnement payant. Gr\u00e2ce \u00e0 notre \u00e9diteur intuitif, tout internaute peut cr\u00e9er un widget Reviews from Amazon en ligne et l&rsquo;int\u00e9grer facilement \u00e0 son site Web Magento. Il n&rsquo;est pas n\u00e9cessaire de payer ou de saisir les informations d&rsquo;identification de votre carte pour acc\u00e9der au service. Si vous rencontrez des probl\u00e8mes \u00e0 n&rsquo;importe quelle \u00e9tape, n&rsquo;h\u00e9sitez pas \u00e0 contacter notre \u00e9quipe d&rsquo;assistance technique.<\/p><\/div>\r\n\t\t\t\t\t<\/div>\r\n\t\t\t\t<\/div><\/div>\n","protected":false},"excerpt":{"rendered":"","protected":false},"author":18,"featured_media":0,"parent":1774,"menu_order":0,"comment_status":"closed","ping_status":"closed","template":"templates\/template-application-platform.php","meta":{"publish_to_discourse":"","publish_post_category":"","wpdc_auto_publish_overridden":"","wpdc_topic_tags":"","wpdc_pin_topic":"","wpdc_pin_until":"","discourse_post_id":"","discourse_permalink":"","wpdc_publishing_response":"","wpdc_publishing_error":"","footnotes":""},"class_list":["post-6262","page","type-page","status-publish","hentry"],"yoast_head":"<!-- This site is optimized with the Yoast SEO plugin v25.3.1 - https:\/\/yoast.com\/wordpress\/plugins\/seo\/ -->\n<title>Avis Amazon - ajoutez plugin Avis Client Amazon sur Magento<\/title>\n<meta name=\"description\" content=\"Int\u00e9grez un Avis Amazon attractif sur votre site. Utilisez la d\u00e9mo d&#039;Elfsight et g\u00e9n\u00e9rez votre extension en deux minutes.\" \/>\n<meta name=\"robots\" content=\"index, follow, max-snippet:-1, max-image-preview:large, max-video-preview:-1\" \/>\n<link rel=\"canonical\" href=\"https:\/\/elfsight.com\/fr\/amazon-reviews-widget\/magento\/\" \/>\n<meta property=\"og:locale\" content=\"fr_FR\" \/>\n<meta property=\"og:type\" content=\"article\" \/>\n<meta property=\"og:title\" content=\"Avis Amazon - ajoutez plugin Avis Client Amazon sur Magento\" \/>\n<meta property=\"og:description\" content=\"Int\u00e9grez un Avis Amazon attractif sur votre site. Utilisez la d\u00e9mo d&#039;Elfsight et g\u00e9n\u00e9rez votre extension en deux minutes.\" \/>\n<meta property=\"og:url\" content=\"https:\/\/elfsight.com\/fr\/amazon-reviews-widget\/magento\/\" \/>\n<meta property=\"og:site_name\" content=\"Elfsight FR\" \/>\n<meta property=\"article:modified_time\" content=\"2025-01-16T14:39:09+00:00\" \/>\n<meta name=\"twitter:card\" content=\"summary_large_image\" \/>\n<meta name=\"twitter:label1\" content=\"Dur\u00e9e de lecture estim\u00e9e\" \/>\n\t<meta name=\"twitter:data1\" content=\"4 minutes\" \/>\n<!-- \/ Yoast SEO plugin. -->","yoast_head_json":{"title":"Avis Amazon - ajoutez plugin Avis Client Amazon sur Magento","description":"Int\u00e9grez un Avis Amazon attractif sur votre site. Utilisez la d\u00e9mo d'Elfsight et g\u00e9n\u00e9rez votre extension en deux minutes.","robots":{"index":"index","follow":"follow","max-snippet":"max-snippet:-1","max-image-preview":"max-image-preview:large","max-video-preview":"max-video-preview:-1"},"canonical":"https:\/\/elfsight.com\/fr\/amazon-reviews-widget\/magento\/","og_locale":"fr_FR","og_type":"article","og_title":"Avis Amazon - ajoutez plugin Avis Client Amazon sur Magento","og_description":"Int\u00e9grez un Avis Amazon attractif sur votre site. Utilisez la d\u00e9mo d'Elfsight et g\u00e9n\u00e9rez votre extension en deux minutes.","og_url":"https:\/\/elfsight.com\/fr\/amazon-reviews-widget\/magento\/","og_site_name":"Elfsight FR","article_modified_time":"2025-01-16T14:39:09+00:00","twitter_card":"summary_large_image","twitter_misc":{"Dur\u00e9e de lecture estim\u00e9e":"4 minutes"},"schema":{"@context":"https:\/\/schema.org","@graph":[{"@type":"WebPage","@id":"https:\/\/elfsight.com\/fr\/amazon-reviews-widget\/magento\/","url":"https:\/\/elfsight.com\/fr\/amazon-reviews-widget\/magento\/","name":"Avis Amazon - ajoutez plugin Avis Client Amazon sur Magento","isPartOf":{"@id":"https:\/\/elfsight.com\/fr\/#website"},"datePublished":"2021-12-03T08:56:44+00:00","dateModified":"2025-01-16T14:39:09+00:00","description":"Int\u00e9grez un Avis Amazon attractif sur votre site. Utilisez la d\u00e9mo d'Elfsight et g\u00e9n\u00e9rez votre extension en deux minutes.","breadcrumb":{"@id":"https:\/\/elfsight.com\/fr\/amazon-reviews-widget\/magento\/#breadcrumb"},"inLanguage":"fr-FR","potentialAction":[{"@type":"ReadAction","target":["https:\/\/elfsight.com\/fr\/amazon-reviews-widget\/magento\/"]}]},{"@type":"BreadcrumbList","@id":"https:\/\/elfsight.com\/fr\/amazon-reviews-widget\/magento\/#breadcrumb","itemListElement":[{"@type":"ListItem","position":1,"name":"Home","item":"https:\/\/elfsight.com\/fr\/"},{"@type":"ListItem","position":2,"name":"Amazon Reviews","item":"https:\/\/elfsight.com\/fr\/amazon-reviews-widget\/"},{"@type":"ListItem","position":3,"name":"Amazon Reviews &#8211; Magento"}]},{"@type":"WebSite","@id":"https:\/\/elfsight.com\/fr\/#website","url":"https:\/\/elfsight.com\/fr\/","name":"Elfsight FR","description":"","potentialAction":[{"@type":"SearchAction","target":{"@type":"EntryPoint","urlTemplate":"https:\/\/elfsight.com\/fr\/?s={search_term_string}"},"query-input":{"@type":"PropertyValueSpecification","valueRequired":true,"valueName":"search_term_string"}}],"inLanguage":"fr-FR"}]}},"meta_box":{"industry":"","seo_heading":"","heading":"","description":"","cta_heading":"","cta_description":"","application":"1762","h1":"Plugin Avis Amazon pour Magento","h1_caption":"Affichez les avis sur les produits d'Amazon pour fournir une preuve sociale suppl\u00e9mentaire aux visiteurs de votre site Web sur votre site Web Magento sans effort.","application_category":[],"applications_title":"","applications_request_title":"","applications_request_button_text":"","hero_text":"","hero_video":"","hero_video_schema_markup":"","selling_points_title":"","selling_points_caption":"","selling_points":[],"selling_points_cta_text":"","features_title":"","features":"","ed_cta_examples_text":"","ed_cta_examples_hidden":"","ed_cta_demo_text":"","ed_cta_demo_hidden":"","why_caption":"","why_editor_title":"","why_editor_text":"","why_team_title":"","why_team_text":"","why_service_title":"","why_service_text":"","template_catalog_visible":"0","template_catalog_title":"","template_catalog_text":"","template_catalog_categories_visible":"","demo_title":"Cr\u00e9ez votre extension Reviews from Amazon","demo_caption":"Configurez vos avis Amazon et ajoutez-les gratuitement \u00e0 votre site Web Magento\u00a0!","default_faq_hidden":"","app_template_category":[],"platform":"357","template_public_id":"","codecanyon_url":"","codecanyon_item_id":"","codecanyon_price":"","pricing_caption":"","pricing_elfsight_apps_hide_column":"","pricing_elfsight_apps_url":"","pricing_codecanyon_price_caption":"","integration_category":[],"integration_request_title":"","integration_request_cta":"","integration_platform":"","integrations":[],"platform_category":[],"video_schema_markup":"","price":"\u00c0 partir de $0\/mois","trial":"","benefits":[{"text":"Installation gratuite"},{"text":"Support Premium"},{"text":"Garantie de remboursement de 14 jours"},{"text":"L'am\u00e9lioration continue"}],"button_url":"#demo","button_target_blank":"0","button_nofollow":"0","attributes":[{"name":"Nombre d'installations","content":"1,000 - 5,000","_state":"expanded"},{"name":"Adaptif","content":"Oui","_state":"expanded"},{"name":"Navigateurs compatibles","content":"Firefox, Safari, Opera, Chrome, Edge","_state":"expanded"}],"tags":[],"tags_disable_links":"0","hide_more_platforms":"","video_object":"","demo_hide_cta":"0","demo_hide_cloud_options":"0","pricing_title":"","pricing":[{"pricing_icon":"platform","pricing_title":"Applications d'Elfsight","pricing_title_caption":"Solution num\u00e9rique multiplateforme qui fonctionne sur n'importe quel site","pricing_price":"\u00c0 partir de $0\/mois","pricing_price_caption":"Commencez avec un plan gratuit","pricing_benefits":[{"text":"Sites Web illimit\u00e9s"},{"text":"\u00c9quipe d'assistance professionnelle"},{"text":"Service d'installation gratuit"},{"text":"100% personnalisable"}],"pricing_button_text":"Ajouter au site Web","pricing_button_url":"https:\/\/apps.elfsight.com\/sign-up\/","pricing_button_nofollow":"1","_state":"expanded"}],"related_apps_title":"","related_apps_hidden":"1","author":"","image":[],"title":"","job":"","social_networks":[]},"_links":{"self":[{"href":"https:\/\/elfsight.com\/fr\/wp-json\/wp\/v2\/pages\/6262","targetHints":{"allow":["GET"]}}],"collection":[{"href":"https:\/\/elfsight.com\/fr\/wp-json\/wp\/v2\/pages"}],"about":[{"href":"https:\/\/elfsight.com\/fr\/wp-json\/wp\/v2\/types\/page"}],"author":[{"embeddable":true,"href":"https:\/\/elfsight.com\/fr\/wp-json\/wp\/v2\/users\/18"}],"replies":[{"embeddable":true,"href":"https:\/\/elfsight.com\/fr\/wp-json\/wp\/v2\/comments?post=6262"}],"version-history":[{"count":3,"href":"https:\/\/elfsight.com\/fr\/wp-json\/wp\/v2\/pages\/6262\/revisions"}],"predecessor-version":[{"id":16203,"href":"https:\/\/elfsight.com\/fr\/wp-json\/wp\/v2\/pages\/6262\/revisions\/16203"}],"up":[{"embeddable":true,"href":"https:\/\/elfsight.com\/fr\/wp-json\/wp\/v2\/pages\/1774"}],"wp:attachment":[{"href":"https:\/\/elfsight.com\/fr\/wp-json\/wp\/v2\/media?parent=6262"}],"curies":[{"name":"wp","href":"https:\/\/api.w.org\/{rel}","templated":true}]}}