{"id":6246,"date":"2021-12-03T09:51:35","date_gmt":"2021-12-03T09:51:35","guid":{"rendered":"https:\/\/elfsight.com\/fr\/?page_id=6246"},"modified":"2025-01-16T14:30:40","modified_gmt":"2025-01-16T14:30:40","slug":"godaddy","status":"publish","type":"page","link":"https:\/\/elfsight.com\/fr\/amazon-reviews-widget\/godaddy\/","title":{"rendered":"Amazon Reviews &#8211; GoDaddy"},"content":{"rendered":"\n<div class=\"application-platform-content-item-description application-platform-content-item\" id=\"description\" data-nav-section=\"description\"><h2>Int\u00e9grer les avis Amazon sur GoDaddy avec le widget Elfsight<\/h2><p>Le plugin Elfsight Reviews from Amazon est la m\u00e9thode la plus pratique pour am\u00e9liorer votre image de marque en montrant les commentaires de vrais visiteurs sur vos produits. Vantez-vous uniquement des r\u00e9actions les meilleures ou les plus significatives et organisez-les comme vous le souhaitez. Rassemblez des preuves sociales en montrant aux visiteurs de votre site Web que vous \u00eates un partenaire fiable.<\/p><p>Motivez les utilisateurs \u00e0 publier de nouveaux avis sur votre marque et am\u00e9liorez les conversations avec les clients\u00a0!<\/p><\/div><div class=\"application-platform-content-item-features  application-platform-content-item\" id=\"features \" data-nav-section=\"features \"><h2>Principales fonctionnalit\u00e9s du widget Reviews from Amazon<\/h2><p>Pour avoir une id\u00e9e pr\u00e9ciseReviews from Amazon, consultez la liste des principales fonctionnalit\u00e9s. Ils rendent ce plugin incroyablement efficace pour vous\u00a0:<\/p><ul><li>3 filtres pr\u00eats \u00e0 l&#8217;emploi\u00a0: par type, exclusion par et quantit\u00e9 d&rsquo;avis\u00a0;<\/li><li>Quatre mises en page pr\u00e9d\u00e9finies\u00a0: Liste , Grid, Masonry et Slider\u00a0;<\/li><li>En-t\u00eate enti\u00e8rement flexible du plugin\u00a0;<\/li><li>Le bouton de demande d&rsquo;examen redirige les visiteurs vers votre page Amazon\u00a0;<\/li><li>Six \u00e9l\u00e9ments personnalisables de les avis\u00a0: le nom de l&rsquo;auteur et la photo, la recommandation, la date de publication, l&rsquo;ic\u00f4ne Amazon et le nombre d&rsquo;\u00e9toiles\u00a0;<\/li><li>Deux sc\u00e9narios possibles apr\u00e8s refus de la demande d&rsquo;avis\u00a0: afficher un message personnalis\u00e9 ou masquer le bouton\u00a0;<\/li><\/ul><p><a href=\"#demo\">D\u00e9couvrez plus de fonctionnalit\u00e9s dans la d\u00e9mo<\/a><\/p><\/div><div class=\"application-platform-content-item-installation application-platform-content-item\" id=\"installation\" data-nav-section=\"installation\"><h2>Comment ajouter Amazon Avis sur le site Web<\/h2><p>Les \u00e9tapes suivantes sont la seule chose dont vous avez besoin pour installer le plugin.<\/p><p>Vous avez encore des doutes sur quelque chose\u00a0? Ou vous avez des probl\u00e8mes ? Une simple demande \u00e0 notre \u00e9quipe d&rsquo;assistance r\u00e9glera tout probl\u00e8me.<\/p><div class=\"faq\" data-component=\"FAQ\"> <div class=\"faq-item\">\r\n\t\t\t\t\t<div class=\"faq-item-question\">\r\n\t\t\t\t\t\t<h3 class=\"faq-item-question-text\">Comment puis-je ajouter des avis Amazon \u00e0 mon site Web GoDaddy sans comp\u00e9tences en codage ?<\/h3>\r\n\r\n\t\t\t\t\t\t<div class=\"faq-item-question-icon\"><\/div>\r\n\t\t\t\t\t<\/div>\r\n\r\n\t\t\t\t\t<div class=\"faq-item-answer\">\r\n\t\t\t\t\t\t<div class=\"faq-item-answer-text\"> <p>Elfsight fournit une solution SaaS qui vous permet de cr\u00e9er vous-m\u00eame un widget Reviews from Amazon. Voyez \u00e0 quel point le processus est simple\u00a0: travaillez directement dans l&rsquo;\u00e9diteur en ligne pour cr\u00e9er un widget Reviews from Amazon que vous aimeriez voir sur votre site Web GoDaddy. Choisissez l&rsquo;un des mod\u00e8les pr\u00e9d\u00e9finis et ajustez les param\u00e8tres Reviews from Amazon, ajoutez votre contenu, modifiez la mise en page et la palette de couleurs sans aucune comp\u00e9tence en codage. Enregistrez les avis Amazon et copiez son code d&rsquo;installation, que vous pouvez facilement coller sur votre site Web GoDaddy sans avoir besoin d&rsquo;acheter un abonnement payant. Gr\u00e2ce \u00e0 notre \u00e9diteur intuitif, tout internaute peut cr\u00e9er un widget Reviews from Amazon en ligne et l&rsquo;int\u00e9grer facilement \u00e0 son site Web GoDaddy. Il n&rsquo;est pas n\u00e9cessaire de payer ou de saisir les informations d&rsquo;identification de votre carte pour acc\u00e9der au service. Si vous rencontrez des probl\u00e8mes \u00e0 n&rsquo;importe quelle \u00e9tape, n&rsquo;h\u00e9sitez pas \u00e0 contacter notre \u00e9quipe d&rsquo;assistance technique.<\/p> <\/div>\r\n\t\t\t\t\t<\/div>\r\n\t\t\t\t<\/div> <\/div> <\/div>\n","protected":false},"excerpt":{"rendered":"","protected":false},"author":18,"featured_media":0,"parent":1774,"menu_order":0,"comment_status":"closed","ping_status":"closed","template":"templates\/template-application-platform.php","meta":{"publish_to_discourse":"","publish_post_category":"","wpdc_auto_publish_overridden":"","wpdc_topic_tags":"","wpdc_pin_topic":"","wpdc_pin_until":"","discourse_post_id":"","discourse_permalink":"","wpdc_publishing_response":"","wpdc_publishing_error":"","footnotes":""},"class_list":["post-6246","page","type-page","status-publish","hentry"],"yoast_head":"<!-- This site is optimized with the Yoast SEO plugin v25.3.1 - https:\/\/yoast.com\/wordpress\/plugins\/seo\/ -->\n<title>Avis Amazon - ajoutez app Avis Client Amazon sur GoDaddy<\/title>\n<meta name=\"description\" content=\"Int\u00e9grez un Avis Amazon avantageux sur votre site. Appliquez la d\u00e9mo d&#039;Elfsight et g\u00e9n\u00e9rez votre plugin en 2 minutes.\" \/>\n<meta name=\"robots\" content=\"index, follow, max-snippet:-1, max-image-preview:large, max-video-preview:-1\" \/>\n<link rel=\"canonical\" href=\"https:\/\/elfsight.com\/fr\/amazon-reviews-widget\/godaddy\/\" \/>\n<meta property=\"og:locale\" content=\"fr_FR\" \/>\n<meta property=\"og:type\" content=\"article\" \/>\n<meta property=\"og:title\" content=\"Avis Amazon - ajoutez app Avis Client Amazon sur GoDaddy\" \/>\n<meta property=\"og:description\" content=\"Int\u00e9grez un Avis Amazon avantageux sur votre site. Appliquez la d\u00e9mo d&#039;Elfsight et g\u00e9n\u00e9rez votre plugin en 2 minutes.\" \/>\n<meta property=\"og:url\" content=\"https:\/\/elfsight.com\/fr\/amazon-reviews-widget\/godaddy\/\" \/>\n<meta property=\"og:site_name\" content=\"Elfsight FR\" \/>\n<meta property=\"article:modified_time\" content=\"2025-01-16T14:30:40+00:00\" \/>\n<meta name=\"twitter:card\" content=\"summary_large_image\" \/>\n<meta name=\"twitter:label1\" content=\"Dur\u00e9e de lecture estim\u00e9e\" \/>\n\t<meta name=\"twitter:data1\" content=\"3 minutes\" \/>\n<!-- \/ Yoast SEO plugin. -->","yoast_head_json":{"title":"Avis Amazon - ajoutez app Avis Client Amazon sur GoDaddy","description":"Int\u00e9grez un Avis Amazon avantageux sur votre site. Appliquez la d\u00e9mo d'Elfsight et g\u00e9n\u00e9rez votre plugin en 2 minutes.","robots":{"index":"index","follow":"follow","max-snippet":"max-snippet:-1","max-image-preview":"max-image-preview:large","max-video-preview":"max-video-preview:-1"},"canonical":"https:\/\/elfsight.com\/fr\/amazon-reviews-widget\/godaddy\/","og_locale":"fr_FR","og_type":"article","og_title":"Avis Amazon - ajoutez app Avis Client Amazon sur GoDaddy","og_description":"Int\u00e9grez un Avis Amazon avantageux sur votre site. Appliquez la d\u00e9mo d'Elfsight et g\u00e9n\u00e9rez votre plugin en 2 minutes.","og_url":"https:\/\/elfsight.com\/fr\/amazon-reviews-widget\/godaddy\/","og_site_name":"Elfsight FR","article_modified_time":"2025-01-16T14:30:40+00:00","twitter_card":"summary_large_image","twitter_misc":{"Dur\u00e9e de lecture estim\u00e9e":"3 minutes"},"schema":{"@context":"https:\/\/schema.org","@graph":[{"@type":"WebPage","@id":"https:\/\/elfsight.com\/fr\/amazon-reviews-widget\/godaddy\/","url":"https:\/\/elfsight.com\/fr\/amazon-reviews-widget\/godaddy\/","name":"Avis Amazon - ajoutez app Avis Client Amazon sur GoDaddy","isPartOf":{"@id":"https:\/\/elfsight.com\/fr\/#website"},"datePublished":"2021-12-03T09:51:35+00:00","dateModified":"2025-01-16T14:30:40+00:00","description":"Int\u00e9grez un Avis Amazon avantageux sur votre site. Appliquez la d\u00e9mo d'Elfsight et g\u00e9n\u00e9rez votre plugin en 2 minutes.","breadcrumb":{"@id":"https:\/\/elfsight.com\/fr\/amazon-reviews-widget\/godaddy\/#breadcrumb"},"inLanguage":"fr-FR","potentialAction":[{"@type":"ReadAction","target":["https:\/\/elfsight.com\/fr\/amazon-reviews-widget\/godaddy\/"]}]},{"@type":"BreadcrumbList","@id":"https:\/\/elfsight.com\/fr\/amazon-reviews-widget\/godaddy\/#breadcrumb","itemListElement":[{"@type":"ListItem","position":1,"name":"Home","item":"https:\/\/elfsight.com\/fr\/"},{"@type":"ListItem","position":2,"name":"Amazon Reviews","item":"https:\/\/elfsight.com\/fr\/amazon-reviews-widget\/"},{"@type":"ListItem","position":3,"name":"Amazon Reviews &#8211; GoDaddy"}]},{"@type":"WebSite","@id":"https:\/\/elfsight.com\/fr\/#website","url":"https:\/\/elfsight.com\/fr\/","name":"Elfsight FR","description":"","potentialAction":[{"@type":"SearchAction","target":{"@type":"EntryPoint","urlTemplate":"https:\/\/elfsight.com\/fr\/?s={search_term_string}"},"query-input":{"@type":"PropertyValueSpecification","valueRequired":true,"valueName":"search_term_string"}}],"inLanguage":"fr-FR"}]}},"meta_box":{"industry":"","seo_heading":"","heading":"","description":"","cta_heading":"","cta_description":"","application":"1762","h1":"App Avis Amazon pour GoDaddy","h1_caption":"Affichez les avis sur les produits d'Amazon pour fournir une preuve sociale suppl\u00e9mentaire aux visiteurs de votre site Web sur votre site Web GoDaddy sans effort.","application_category":[],"applications_title":"","applications_request_title":"","applications_request_button_text":"","hero_text":"","hero_video":"","hero_video_schema_markup":"","selling_points_title":"","selling_points_caption":"","selling_points":[],"selling_points_cta_text":"","features_title":"","features":"","ed_cta_examples_text":"","ed_cta_examples_hidden":"","ed_cta_demo_text":"","ed_cta_demo_hidden":"","why_caption":"","why_editor_title":"","why_editor_text":"","why_team_title":"","why_team_text":"","why_service_title":"","why_service_text":"","template_catalog_visible":"0","template_catalog_title":"","template_catalog_text":"","template_catalog_categories_visible":"","demo_title":"Cr\u00e9ez votre plugin Reviews from Amazon","demo_caption":"Configurez vos avis Amazon et ajoutez-les gratuitement \u00e0 votre site Web GoDaddy\u00a0!","default_faq_hidden":"","app_template_category":[],"platform":"370","template_public_id":"","codecanyon_url":"","codecanyon_item_id":"","codecanyon_price":"","pricing_caption":"","pricing_elfsight_apps_hide_column":"","pricing_elfsight_apps_url":"","pricing_codecanyon_price_caption":"","integration_category":[],"integration_request_title":"","integration_request_cta":"","integration_platform":"","integrations":[],"platform_category":[],"video_schema_markup":"","price":"\u00c0 partir de $0\/mois","trial":"","benefits":[{"text":"Installation gratuite"},{"text":"Support Premium"},{"text":"Garantie de remboursement de 14 jours"},{"text":"L'am\u00e9lioration continue"}],"button_url":"#demo","button_target_blank":"0","button_nofollow":"0","attributes":[{"name":"Nombre d'installations","content":"1,000 - 5,000","_state":"expanded"},{"name":"Adaptif","content":"Oui","_state":"expanded"},{"name":"Navigateurs compatibles","content":"Firefox, Safari, Opera, Chrome, Edge","_state":"expanded"}],"tags":[],"tags_disable_links":"0","hide_more_platforms":"","video_object":"","demo_hide_cta":"0","demo_hide_cloud_options":"0","pricing_title":"","pricing":[{"pricing_icon":"platform","pricing_title":"Applications d'Elfsight","pricing_title_caption":"Solution num\u00e9rique multiplateforme qui fonctionne sur n'importe quel site","pricing_price":"\u00c0 partir de $0\/mois","pricing_price_caption":"Commencez avec un plan gratuit","pricing_benefits":[{"text":"Sites Web illimit\u00e9s"},{"text":"\u00c9quipe d'assistance professionnelle"},{"text":"Service d'installation gratuit"},{"text":"100% personnalisable"}],"pricing_button_text":"Ajouter au site Web","pricing_button_url":"https:\/\/apps.elfsight.com\/sign-up\/","pricing_button_nofollow":"1","_state":"expanded"}],"related_apps_title":"","related_apps_hidden":"1","author":"","image":[],"title":"","job":"","social_networks":[]},"_links":{"self":[{"href":"https:\/\/elfsight.com\/fr\/wp-json\/wp\/v2\/pages\/6246","targetHints":{"allow":["GET"]}}],"collection":[{"href":"https:\/\/elfsight.com\/fr\/wp-json\/wp\/v2\/pages"}],"about":[{"href":"https:\/\/elfsight.com\/fr\/wp-json\/wp\/v2\/types\/page"}],"author":[{"embeddable":true,"href":"https:\/\/elfsight.com\/fr\/wp-json\/wp\/v2\/users\/18"}],"replies":[{"embeddable":true,"href":"https:\/\/elfsight.com\/fr\/wp-json\/wp\/v2\/comments?post=6246"}],"version-history":[{"count":3,"href":"https:\/\/elfsight.com\/fr\/wp-json\/wp\/v2\/pages\/6246\/revisions"}],"predecessor-version":[{"id":16195,"href":"https:\/\/elfsight.com\/fr\/wp-json\/wp\/v2\/pages\/6246\/revisions\/16195"}],"up":[{"embeddable":true,"href":"https:\/\/elfsight.com\/fr\/wp-json\/wp\/v2\/pages\/1774"}],"wp:attachment":[{"href":"https:\/\/elfsight.com\/fr\/wp-json\/wp\/v2\/media?parent=6246"}],"curies":[{"name":"wp","href":"https:\/\/api.w.org\/{rel}","templated":true}]}}