{"id":6244,"date":"2021-12-03T08:57:11","date_gmt":"2021-12-03T08:57:11","guid":{"rendered":"https:\/\/elfsight.com\/fr\/?page_id=6244"},"modified":"2025-01-16T14:29:25","modified_gmt":"2025-01-16T14:29:25","slug":"facebook","status":"publish","type":"page","link":"https:\/\/elfsight.com\/fr\/amazon-reviews-widget\/facebook\/","title":{"rendered":"Amazon Reviews &#8211; Facebook Page"},"content":{"rendered":"\n<div class=\"application-platform-content-item-description application-platform-content-item\" id=\"description\" data-nav-section=\"description\"><h2>Description<\/h2><p>Le widget Elfsight Reviews from Amazon est la m\u00e9thode la plus pratique pour fa\u00e7onner la r\u00e9putation de votre marque en affichant les avis de vrais clients sur votre marchandises. Montrez uniquement les r\u00e9actions les meilleures ou les plus significatives et organisez-les comme vous le souhaitez. Obtenez une preuve sociale en d\u00e9montrant \u00e0 vos clients qu&rsquo;on peut vous faire confiance.<\/p><p><b>Motivez les utilisateurs \u00e0 publier de nouveaux avis sur votre marque et encouragez les conversations avec les clients\u00a0!<\/b><\/p><\/div> <div class=\"application-platform-content-item-features application-platform-content-item\" id=\"features\" data-nav-section=\"features\"><h2>Fonctionnalit\u00e9s<\/h2><p>Examinez la liste des fonctionnalit\u00e9s du widget. Ils rendent votre promotion incroyablement efficace\u00a0:<\/p><ul><li>Trois filtres pr\u00e9d\u00e9finis\u00a0: par type, exclusion par et nombre d&rsquo;avis\u00a0;<\/li><li>Quatre mises en page disponibles\u00a0: Liste, Grille, Ma\u00e7onnerie. , et Slider\u00a0;<\/li><li>En-t\u00eate enti\u00e8rement flexible du widget\u00a0;<\/li><li>Le bouton actif pour partager un avis suppl\u00e9mentaire am\u00e8ne les gens vers votre page Amazon\u00a0;<\/li><li>Six \u00e9l\u00e9ments r\u00e9glables du widget\u00a0: nom et photo de l&rsquo;auteur, recommandation, date, ic\u00f4ne Amazon et nombre d&rsquo;\u00e9toiles\u00a0;<\/li><li>Deux sc\u00e9narios possibles de refus de demande d&rsquo;avis\u00a0: afficher un message personnalis\u00e9 ou masquer le bouton\u00a0;<\/li><\/ul><p><a href=\"#demo\">La d\u00e9mo en direct vous montrera plus de fonctionnalit\u00e9s<\/a><\/p><\/div> <div class=\"application-platform-content-item-installation application-platform-content-item\" id=\"installation\" data-nav-section=\"installation\"><h2>Comment ajouter des avis Amazon onglet vers la page d&rsquo;entreprise Facebook<\/h2><p>Ces plusieurs \u00e9tapes sont la seule chose dont vous avez besoin pour configurer Amazon sur votre page. Cela prendra une minute et non une ligne de codage.<\/p><ol><li><b>Concevez votre widget Amazon personnalis\u00e9<\/b><br>Avec l&rsquo;aide de notre configurateur gratuit, configurez un plugin avec un design s\u00e9lectionn\u00e9 et choisissez les avis \u00e0 afficher.<\/li><li><b>Acqu\u00e9rir le code individuel pour ajouter le plugin<\/b><br>Apr\u00e8s avoir cr\u00e9\u00e9 votre widget, vous obtiendrez votre code personnel \u00e0 partir de la notification apparue sur les applications Elfsight. Copiez-le pour une utilisation ult\u00e9rieure.<\/li><li><b>Ajoutez l&rsquo;onglet Amazon \u00e0 la page Facebook<\/b><br> Cr\u00e9ez votre onglet Facebook personnalis\u00e9. Ins\u00e9rez le code que vous avez re\u00e7u sur les applications elfsight dans l&rsquo;onglet. Si vous rencontrez des probl\u00e8mes, consultez simplement notre guide sur <a href=\"https:\/\/elfsight.com\/blog\/how-to-add-custom-tab-to-facebook-page\/\" target=\"_blank\" rel=\"noopener noreferrer\">cr\u00e9ation d&rsquo;un onglet Facebook personnalis\u00e9<\/a><\/li><li><b>Vous avez termin\u00e9\u00a0!<\/b><br>Entrez dans votre page pour voir votre travail.<\/li><\/ol><p>Toujours instable\u00a0? Ou vous \u00eates tomb\u00e9 sur quelque chose ? Adressez simplement une demande \u00e0 notre \u00e9quipe d&rsquo;assistance, elle vous aidera \u00e0 r\u00e9soudre tout type de probl\u00e8me.<\/p><\/div><div class=\"faq\" data-component=\"FAQ\"><div class=\"faq-item\">\r\n\t\t\t\t\t<div class=\"faq-item-question\">\r\n\t\t\t\t\t\t<h3 class=\"faq-item-question-text\">Puis-je int\u00e9grer des avis Amazon sur ma page Facebook ?<\/h3>\r\n\r\n\t\t\t\t\t\t<div class=\"faq-item-question-icon\"><\/div>\r\n\t\t\t\t\t<\/div>\r\n\r\n\t\t\t\t\t<div class=\"faq-item-answer\">\r\n\t\t\t\t\t\t<div class=\"faq-item-answer-text\"><p>Tout ce que vous avez \u00e0 faire est de cr\u00e9er votre outil, puis de modifier son design et d&rsquo;enregistrer vos modifications. Prenez ensuite le code de votre widget et int\u00e9grez-le dans le mod\u00e8le dont vous disposez actuellement. <\/p><\/div>\r\n\t\t\t\t\t<\/div>\r\n\t\t\t\t<\/div><div class=\"faq-item\">\r\n\t\t\t\t\t<div class=\"faq-item-question\">\r\n\t\t\t\t\t\t<h3 class=\"faq-item-question-text\">Comment obtenir les avis des clients Amazon sur les pages produits ?<\/h3>\r\n\r\n\t\t\t\t\t\t<div class=\"faq-item-question-icon\"><\/div>\r\n\t\t\t\t\t<\/div>\r\n\r\n\t\t\t\t\t<div class=\"faq-item-answer\">\r\n\t\t\t\t\t\t<div class=\"faq-item-answer-text\"><p>Tout ce que vous avez \u00e0 faire est d&rsquo;appliquer le bouton \u00c9crire un avis. En cliquant dessus, l&rsquo;audience du site sera directement transf\u00e9r\u00e9e vers votre profil. <\/p><\/div>\r\n\t\t\t\t\t<\/div>\r\n\t\t\t\t<\/div><div class=\"faq-item\">\r\n\t\t\t\t\t<div class=\"faq-item-question\">\r\n\t\t\t\t\t\t<h3 class=\"faq-item-question-text\">Comment cr\u00e9er mon widget de notation Amazon\/mod\u00e8le de badge ?<\/h3>\r\n\r\n\t\t\t\t\t\t<div class=\"faq-item-question-icon\"><\/div>\r\n\t\t\t\t\t<\/div>\r\n\r\n\t\t\t\t\t<div class=\"faq-item-answer\">\r\n\t\t\t\t\t\t<div class=\"faq-item-answer-text\"><p>Appliquez les points du guide simple ci-dessous\u00a0: <\/p><ol><li>Employez notre configurateur et commencez \u00e0 construire votre outil sur mesure. <\/li> <li>Adaptez les aspects du widget et enregistrez les ajustements. <\/li><li>Obtenez le code individuel r\u00e9v\u00e9l\u00e9 dans la notification. <\/li> <li>Placez le code unique sur votre page d&rsquo;accueil et enregistrez la page. <\/li><li> Vous avez correctement int\u00e9gr\u00e9 l&rsquo;application Elfsight sur votre site. <\/li><\/div>\r\n\t\t\t\t\t<\/div>\r\n\t\t\t\t<\/div><\/div><\/ol>\n","protected":false},"excerpt":{"rendered":"","protected":false},"author":18,"featured_media":0,"parent":1774,"menu_order":0,"comment_status":"closed","ping_status":"closed","template":"templates\/template-application-platform.php","meta":{"publish_to_discourse":"","publish_post_category":"","wpdc_auto_publish_overridden":"","wpdc_topic_tags":"","wpdc_pin_topic":"","wpdc_pin_until":"","discourse_post_id":"","discourse_permalink":"","wpdc_publishing_response":"","wpdc_publishing_error":"","footnotes":""},"class_list":["post-6244","page","type-page","status-publish","hentry"],"yoast_head":"<!-- This site is optimized with the Yoast SEO plugin v25.3.1 - https:\/\/yoast.com\/wordpress\/plugins\/seo\/ -->\n<title>Avis Amazon - ajoutez widget Avis Client Amazon sur Facebook Page<\/title>\n<meta name=\"description\" content=\"Int\u00e9grez un Avis Amazon attractif sur votre site. Appliquez la d\u00e9mo d&#039;Elfsight et g\u00e9n\u00e9rez votre widget en 2 minutes.\" \/>\n<meta name=\"robots\" content=\"index, follow, max-snippet:-1, max-image-preview:large, max-video-preview:-1\" \/>\n<link rel=\"canonical\" href=\"https:\/\/elfsight.com\/fr\/amazon-reviews-widget\/facebook\/\" \/>\n<meta property=\"og:locale\" content=\"fr_FR\" \/>\n<meta property=\"og:type\" content=\"article\" \/>\n<meta property=\"og:title\" content=\"Avis Amazon - ajoutez widget Avis Client Amazon sur Facebook Page\" \/>\n<meta property=\"og:description\" content=\"Int\u00e9grez un Avis Amazon attractif sur votre site. Appliquez la d\u00e9mo d&#039;Elfsight et g\u00e9n\u00e9rez votre widget en 2 minutes.\" \/>\n<meta property=\"og:url\" content=\"https:\/\/elfsight.com\/fr\/amazon-reviews-widget\/facebook\/\" \/>\n<meta property=\"og:site_name\" content=\"Elfsight FR\" \/>\n<meta property=\"article:modified_time\" content=\"2025-01-16T14:29:25+00:00\" \/>\n<meta name=\"twitter:card\" content=\"summary_large_image\" \/>\n<meta name=\"twitter:label1\" content=\"Dur\u00e9e de lecture estim\u00e9e\" \/>\n\t<meta name=\"twitter:data1\" content=\"3 minutes\" \/>\n<!-- \/ Yoast SEO plugin. -->","yoast_head_json":{"title":"Avis Amazon - ajoutez widget Avis Client Amazon sur Facebook Page","description":"Int\u00e9grez un Avis Amazon attractif sur votre site. Appliquez la d\u00e9mo d'Elfsight et g\u00e9n\u00e9rez votre widget en 2 minutes.","robots":{"index":"index","follow":"follow","max-snippet":"max-snippet:-1","max-image-preview":"max-image-preview:large","max-video-preview":"max-video-preview:-1"},"canonical":"https:\/\/elfsight.com\/fr\/amazon-reviews-widget\/facebook\/","og_locale":"fr_FR","og_type":"article","og_title":"Avis Amazon - ajoutez widget Avis Client Amazon sur Facebook Page","og_description":"Int\u00e9grez un Avis Amazon attractif sur votre site. Appliquez la d\u00e9mo d'Elfsight et g\u00e9n\u00e9rez votre widget en 2 minutes.","og_url":"https:\/\/elfsight.com\/fr\/amazon-reviews-widget\/facebook\/","og_site_name":"Elfsight FR","article_modified_time":"2025-01-16T14:29:25+00:00","twitter_card":"summary_large_image","twitter_misc":{"Dur\u00e9e de lecture estim\u00e9e":"3 minutes"},"schema":{"@context":"https:\/\/schema.org","@graph":[{"@type":"WebPage","@id":"https:\/\/elfsight.com\/fr\/amazon-reviews-widget\/facebook\/","url":"https:\/\/elfsight.com\/fr\/amazon-reviews-widget\/facebook\/","name":"Avis Amazon - ajoutez widget Avis Client Amazon sur Facebook Page","isPartOf":{"@id":"https:\/\/elfsight.com\/fr\/#website"},"datePublished":"2021-12-03T08:57:11+00:00","dateModified":"2025-01-16T14:29:25+00:00","description":"Int\u00e9grez un Avis Amazon attractif sur votre site. Appliquez la d\u00e9mo d'Elfsight et g\u00e9n\u00e9rez votre widget en 2 minutes.","breadcrumb":{"@id":"https:\/\/elfsight.com\/fr\/amazon-reviews-widget\/facebook\/#breadcrumb"},"inLanguage":"fr-FR","potentialAction":[{"@type":"ReadAction","target":["https:\/\/elfsight.com\/fr\/amazon-reviews-widget\/facebook\/"]}]},{"@type":"BreadcrumbList","@id":"https:\/\/elfsight.com\/fr\/amazon-reviews-widget\/facebook\/#breadcrumb","itemListElement":[{"@type":"ListItem","position":1,"name":"Home","item":"https:\/\/elfsight.com\/fr\/"},{"@type":"ListItem","position":2,"name":"Amazon Reviews","item":"https:\/\/elfsight.com\/fr\/amazon-reviews-widget\/"},{"@type":"ListItem","position":3,"name":"Amazon Reviews &#8211; Facebook Page"}]},{"@type":"WebSite","@id":"https:\/\/elfsight.com\/fr\/#website","url":"https:\/\/elfsight.com\/fr\/","name":"Elfsight FR","description":"","potentialAction":[{"@type":"SearchAction","target":{"@type":"EntryPoint","urlTemplate":"https:\/\/elfsight.com\/fr\/?s={search_term_string}"},"query-input":{"@type":"PropertyValueSpecification","valueRequired":true,"valueName":"search_term_string"}}],"inLanguage":"fr-FR"}]}},"meta_box":{"industry":"","seo_heading":"","heading":"","description":"","cta_heading":"","cta_description":"","application":"1762","h1":"Widget Avis Amazon pour Facebook Page","h1_caption":"Affichez les avis sur les produits d'Amazon pour fournir une preuve sociale suppl\u00e9mentaire aux visiteurs de votre site Web sur votre page Facebook sans effort.","application_category":[],"applications_title":"","applications_request_title":"","applications_request_button_text":"","hero_text":"","hero_video":"","hero_video_schema_markup":"","selling_points_title":"","selling_points_caption":"","selling_points":[],"selling_points_cta_text":"","features_title":"","features":"","ed_cta_examples_text":"","ed_cta_examples_hidden":"","ed_cta_demo_text":"","ed_cta_demo_hidden":"","why_caption":"","why_editor_title":"","why_editor_text":"","why_team_title":"","why_team_text":"","why_service_title":"","why_service_text":"","template_catalog_visible":"0","template_catalog_title":"","template_catalog_text":"","template_catalog_categories_visible":"","demo_title":"Cr\u00e9ez votre widget Avis Amazon","demo_caption":"Configurez vos avis Amazon et ajoutez-les gratuitement \u00e0 votre page Facebook\u00a0!","default_faq_hidden":"","app_template_category":[],"platform":"394","template_public_id":"","codecanyon_url":"","codecanyon_item_id":"","codecanyon_price":"","pricing_caption":"","pricing_elfsight_apps_hide_column":"","pricing_elfsight_apps_url":"","pricing_codecanyon_price_caption":"","integration_category":[],"integration_request_title":"","integration_request_cta":"","integration_platform":"","integrations":[],"platform_category":[],"video_schema_markup":"","price":"\u00c0 partir de $0\/mois","trial":"","benefits":[{"text":"Installation gratuite"},{"text":"Support Premium"},{"text":"Garantie de remboursement de 14 jours"},{"text":"L'am\u00e9lioration continue"}],"button_url":"#demo","button_target_blank":"0","button_nofollow":"0","attributes":[{"name":"Nombre d'installations","content":"1,000 - 5,000","_state":"expanded"},{"name":"Adaptif","content":"Oui","_state":"expanded"},{"name":"Navigateurs compatibles","content":"Firefox, Safari, Opera, Chrome, Edge","_state":"expanded"}],"tags":[],"tags_disable_links":"0","hide_more_platforms":"","video_object":"","demo_hide_cta":"0","demo_hide_cloud_options":"0","pricing_title":"","pricing":[{"pricing_icon":"platform","pricing_title":"Applications d'Elfsight","pricing_title_caption":"Solution num\u00e9rique multiplateforme qui fonctionne sur n'importe quel site","pricing_price":"\u00c0 partir de $0\/mois","pricing_price_caption":"Commencez avec un plan gratuit","pricing_benefits":[{"text":"Sites Web illimit\u00e9s"},{"text":"\u00c9quipe d'assistance professionnelle"},{"text":"Service d'installation gratuit"},{"text":"100% personnalisable"}],"pricing_button_text":"Ajouter au site Web","pricing_button_url":"https:\/\/apps.elfsight.com\/sign-up\/","pricing_button_nofollow":"1","_state":"expanded"}],"related_apps_title":"","related_apps_hidden":"1","author":"","image":[],"title":"","job":"","social_networks":[]},"_links":{"self":[{"href":"https:\/\/elfsight.com\/fr\/wp-json\/wp\/v2\/pages\/6244","targetHints":{"allow":["GET"]}}],"collection":[{"href":"https:\/\/elfsight.com\/fr\/wp-json\/wp\/v2\/pages"}],"about":[{"href":"https:\/\/elfsight.com\/fr\/wp-json\/wp\/v2\/types\/page"}],"author":[{"embeddable":true,"href":"https:\/\/elfsight.com\/fr\/wp-json\/wp\/v2\/users\/18"}],"replies":[{"embeddable":true,"href":"https:\/\/elfsight.com\/fr\/wp-json\/wp\/v2\/comments?post=6244"}],"version-history":[{"count":4,"href":"https:\/\/elfsight.com\/fr\/wp-json\/wp\/v2\/pages\/6244\/revisions"}],"predecessor-version":[{"id":16194,"href":"https:\/\/elfsight.com\/fr\/wp-json\/wp\/v2\/pages\/6244\/revisions\/16194"}],"up":[{"embeddable":true,"href":"https:\/\/elfsight.com\/fr\/wp-json\/wp\/v2\/pages\/1774"}],"wp:attachment":[{"href":"https:\/\/elfsight.com\/fr\/wp-json\/wp\/v2\/media?parent=6244"}],"curies":[{"name":"wp","href":"https:\/\/api.w.org\/{rel}","templated":true}]}}