{"id":6228,"date":"2021-12-03T13:20:58","date_gmt":"2021-12-03T13:20:58","guid":{"rendered":"https:\/\/elfsight.com\/fr\/?page_id=6228"},"modified":"2025-07-10T13:29:01","modified_gmt":"2025-07-10T13:29:01","slug":"wix","status":"publish","type":"page","link":"https:\/\/elfsight.com\/fr\/social-feed-widget\/wix\/","title":{"rendered":"Social Feed &#8211; Wix"},"content":{"rendered":"<div class=\"application-platform-content-item-description application-platform-content-item\" id=\"description\" data-nav-section=\"description\"> <h2>Description<\/h2> <p>Elfsight Social Feed pour Wix est une application exclusive permettant de vendre non seulement des produits, mais aussi des \u00e9motions et des exp\u00e9riences. En l&rsquo;utilisant, vous pouvez d\u00e9velopper un flux personnalis\u00e9 compos\u00e9 de contenus provenant de divers m\u00e9dias sociaux : Instagram, Pinterest, Facebook, Twitter, Tumblr, YouTube, Vimeo &#8211; et le pr\u00e9senter directement sur votre site. Concevez une galerie ou un catalogue de produits en quelques minutes ! Profitez d&rsquo;un contr\u00f4le total sur un contenu d\u00e9montr\u00e9 avec de nombreuses options de filtrage et d\u00e9barrassez-vous du spam et de tout contenu ind\u00e9sirable gr\u00e2ce \u00e0 la mod\u00e9ration manuelle. Le configurateur en ligne enti\u00e8rement r\u00e9actif vous propose diff\u00e9rents mod\u00e8les \u00e0 choisir. <\/p> <p><b>Avec Social Wall, r\u00e9alisez un d\u00e9veloppement commercial durable et de meilleures ventes <\/b><\/p> <\/div> <div class=\"application-platform-content-item-features application-platform-content-item\" id=\"features\" data-nav-section=\"features\"> <h2>Explorez la liste des plus fonctionnalit\u00e9s importantes\u00a0: <\/h2> <ul><li>Affichez votre contenu de m\u00e9dias sociaux \u00e0 partir de plusieurs r\u00e9seaux. <\/li><li>Supprimez tout spam et contenu ind\u00e9sirable en utilisant le mode de mod\u00e9ration manuelle. <\/li><li>Installez le bouton Suivre sur les fiches widgets. <\/li><li>Affichez vos publications dans une fen\u00eatre contextuelle. <\/li><\/ul><p><a href=\"#demo\">Testez toutes les options de personnalisation dans une d\u00e9mo 100% fonctionnelle<\/a><\/p> <\/div> <div class=\"application-platform-content-item-installation application-platform-content-item\" id=\"installation\" data-nav-section=\"installation\"> <h2>Comment ajouter une application Social Media Feed sur mon site Wix\u00a0? <\/h2> <p>Suivez simplement quelques \u00e9tapes pr\u00e9sent\u00e9es ci-dessous pour activer l&rsquo;application. <\/p> <ol><li><b>Ex\u00e9cutez notre \u00e9diteur gratuit et commencez \u00e0 cr\u00e9er votre application unique. <\/b><br> Sp\u00e9cifiez l&rsquo;interface pr\u00e9f\u00e9r\u00e9e et les sp\u00e9cifications du plugin et appliquez les modifications. <\/li> <li><b>Copiez votre code individuel affich\u00e9 dans la fen\u00eatre des applications Elfsight. <\/b><br> Une fois la personnalisation de votre outil personnel termin\u00e9e, copiez le code exclusif de la fen\u00eatre contextuelle \u00e9mergente et enregistrez-le pour une occasion future. <\/li> <li><b>Commencez \u00e0 utiliser l&rsquo;application Social Wall sur le site Web Wix. <\/b><br> Impl\u00e9mentez le code que vous avez enregistr\u00e9 auparavant dans votre site Web et appliquez les ajustements. <\/li> <li><b>L&rsquo;installation est effectu\u00e9e avec succ\u00e8s. <\/b><br> Acc\u00e9dez \u00e0 votre site Web pour voir comment fonctionne l&rsquo;outil. <\/li><\/ol> <p>\u00c0 condition de faire face \u00e0 des demandes de renseignements ou de rencontrer des difficult\u00e9s, n&rsquo;h\u00e9sitez pas \u00e0 postuler aupr\u00e8s de notre \u00e9quipe de service client. Nos collaborateurs ont h\u00e2te de r\u00e9soudre toutes les difficult\u00e9s que vous pourriez rencontrer avec le plugin. <\/p> <\/div><div class=\"faq\" data-component=\"FAQ\"><div class=\"faq-item\">\r\n\t\t\t\t\t<div class=\"faq-item-question\">\r\n\t\t\t\t\t\t<h3 class=\"faq-item-question-text\">Existe-t-il un moyen d'int\u00e9grer le flux social \u00e0 mon site Web Wix sans connaissances en codage ?<\/h3>\r\n\r\n\t\t\t\t\t\t<div class=\"faq-item-question-icon\"><\/div>\r\n\t\t\t\t\t<\/div>\r\n\r\n\t\t\t\t\t<div class=\"faq-item-answer\">\r\n\t\t\t\t\t\t<div class=\"faq-item-answer-text\"><p>La soci\u00e9t\u00e9 Elfsight offre une solution Cloud qui permet \u00e0 l&rsquo;utilisateur de cr\u00e9er vous-m\u00eame une section de flux social, d\u00e9couvrez \u00e0 quel point c&rsquo;est simple\u00a0: <\/p><ul><li>Travailler directement dans l&rsquo;\u00e9diteur en ligne pour cr\u00e9er une section de flux social que vous souhaitez voir appara\u00eetre sur Wix. <\/li><li>Choisissez l&rsquo;un des mod\u00e8les pr\u00e9d\u00e9finis et modifiez les param\u00e8tres du flux social, incluez votre contenu, transformez la mise en page et les couleurs sans comp\u00e9tences en codage.<\/li><li>Enregistrez les param\u00e8tres que vous avez d\u00e9finis dans Social Feed et obtenez le code d&rsquo;installation, que vous pouvez facilement coller sur le site Wix sans acheter de version payante.<\/li><\/ul><p>Avec le configurateur intuitif, tout internaute peut cr\u00e9er un widget Social Feed et l&rsquo;int\u00e9grer sans effort \u00e0 n\u2019importe quelle page d\u2019accueil Wix. Vous ne devez pas payer ni saisir les donn\u00e9es de votre carte pour acc\u00e9der \u00e0 notre service. Si vous rencontrez des probl\u00e8mes de quelque nature que ce soit, n&rsquo;h\u00e9sitez pas \u00e0 vous adresser \u00e0 notre \u00e9quipe d&rsquo;assistance technique.<\/p><\/div>\r\n\t\t\t\t\t<\/div>\r\n\t\t\t\t<\/div><\/div>","protected":false},"excerpt":{"rendered":"","protected":false},"author":18,"featured_media":0,"parent":2785,"menu_order":0,"comment_status":"closed","ping_status":"closed","template":"templates\/template-application-platform.php","meta":{"publish_to_discourse":"","publish_post_category":"","wpdc_auto_publish_overridden":"","wpdc_topic_tags":"","wpdc_pin_topic":"","wpdc_pin_until":"","discourse_post_id":"","discourse_permalink":"","wpdc_publishing_response":"","wpdc_publishing_error":"","footnotes":""},"class_list":["post-6228","page","type-page","status-publish","hentry"],"yoast_head":"<!-- This site is optimized with the Yoast SEO plugin v25.3.1 - https:\/\/yoast.com\/wordpress\/plugins\/seo\/ -->\n<title>Flux Social - ajoutez app R\u00e9seau Social sur Wix (2025)<\/title>\n<meta name=\"description\" content=\"Int\u00e9grez un Flux Social avantageux sur votre site. Utilisez la d\u00e9mo d&#039;Elfsight et g\u00e9n\u00e9rez votre plugin en deux minutes.\" \/>\n<meta name=\"robots\" content=\"index, follow, max-snippet:-1, max-image-preview:large, max-video-preview:-1\" \/>\n<link rel=\"canonical\" href=\"https:\/\/elfsight.com\/fr\/social-feed-widget\/wix\/\" \/>\n<meta property=\"og:locale\" content=\"fr_FR\" \/>\n<meta property=\"og:type\" content=\"article\" \/>\n<meta property=\"og:title\" content=\"Flux Social - ajoutez app R\u00e9seau Social sur Wix (2025)\" \/>\n<meta property=\"og:description\" content=\"Int\u00e9grez un Flux Social avantageux sur votre site. Utilisez la d\u00e9mo d&#039;Elfsight et g\u00e9n\u00e9rez votre plugin en deux minutes.\" \/>\n<meta property=\"og:url\" content=\"https:\/\/elfsight.com\/fr\/social-feed-widget\/wix\/\" \/>\n<meta property=\"og:site_name\" content=\"Elfsight FR\" \/>\n<meta property=\"article:modified_time\" content=\"2025-07-10T13:29:01+00:00\" \/>\n<meta name=\"twitter:card\" content=\"summary_large_image\" \/>\n<meta name=\"twitter:label1\" content=\"Dur\u00e9e de lecture estim\u00e9e\" \/>\n\t<meta name=\"twitter:data1\" content=\"1 minute\" \/>\n<!-- \/ Yoast SEO plugin. -->","yoast_head_json":{"title":"Flux Social - ajoutez app R\u00e9seau Social sur Wix (2025)","description":"Int\u00e9grez un Flux Social avantageux sur votre site. Utilisez la d\u00e9mo d'Elfsight et g\u00e9n\u00e9rez votre plugin en deux minutes.","robots":{"index":"index","follow":"follow","max-snippet":"max-snippet:-1","max-image-preview":"max-image-preview:large","max-video-preview":"max-video-preview:-1"},"canonical":"https:\/\/elfsight.com\/fr\/social-feed-widget\/wix\/","og_locale":"fr_FR","og_type":"article","og_title":"Flux Social - ajoutez app R\u00e9seau Social sur Wix (2025)","og_description":"Int\u00e9grez un Flux Social avantageux sur votre site. Utilisez la d\u00e9mo d'Elfsight et g\u00e9n\u00e9rez votre plugin en deux minutes.","og_url":"https:\/\/elfsight.com\/fr\/social-feed-widget\/wix\/","og_site_name":"Elfsight FR","article_modified_time":"2025-07-10T13:29:01+00:00","twitter_card":"summary_large_image","twitter_misc":{"Dur\u00e9e de lecture estim\u00e9e":"1 minute"},"schema":{"@context":"https:\/\/schema.org","@graph":[{"@type":"WebPage","@id":"https:\/\/elfsight.com\/fr\/social-feed-widget\/wix\/","url":"https:\/\/elfsight.com\/fr\/social-feed-widget\/wix\/","name":"Flux Social - ajoutez app R\u00e9seau Social sur Wix (2025)","isPartOf":{"@id":"https:\/\/elfsight.com\/fr\/#website"},"datePublished":"2021-12-03T13:20:58+00:00","dateModified":"2025-07-10T13:29:01+00:00","description":"Int\u00e9grez un Flux Social avantageux sur votre site. Utilisez la d\u00e9mo d'Elfsight et g\u00e9n\u00e9rez votre plugin en deux minutes.","breadcrumb":{"@id":"https:\/\/elfsight.com\/fr\/social-feed-widget\/wix\/#breadcrumb"},"inLanguage":"fr-FR","potentialAction":[{"@type":"ReadAction","target":["https:\/\/elfsight.com\/fr\/social-feed-widget\/wix\/"]}]},{"@type":"BreadcrumbList","@id":"https:\/\/elfsight.com\/fr\/social-feed-widget\/wix\/#breadcrumb","itemListElement":[{"@type":"ListItem","position":1,"name":"Home","item":"https:\/\/elfsight.com\/fr\/"},{"@type":"ListItem","position":2,"name":"Social Feed","item":"https:\/\/elfsight.com\/fr\/social-feed-widget\/"},{"@type":"ListItem","position":3,"name":"Social Feed &#8211; Wix"}]},{"@type":"WebSite","@id":"https:\/\/elfsight.com\/fr\/#website","url":"https:\/\/elfsight.com\/fr\/","name":"Elfsight FR","description":"","potentialAction":[{"@type":"SearchAction","target":{"@type":"EntryPoint","urlTemplate":"https:\/\/elfsight.com\/fr\/?s={search_term_string}"},"query-input":{"@type":"PropertyValueSpecification","valueRequired":true,"valueName":"search_term_string"}}],"inLanguage":"fr-FR"}]}},"meta_box":{"industry":"","seo_heading":"","heading":"","description":"","cta_heading":"","cta_description":"","application":"2784","h1":"App Flux Social pour Wix","h1_caption":"Regroupez le contenu de plusieurs plateformes de m\u00e9dias sociaux en un seul flux dynamique, offrant ainsi \u00e0 vos visiteurs un contenu frais et attrayant sur votre site Web Wix sans effort.","application_category":[],"applications_title":"","applications_request_title":"","applications_request_button_text":"","hero_text":"","hero_video":"","hero_video_schema_markup":"","selling_points_title":"","selling_points_caption":"","selling_points":[],"selling_points_cta_text":"","features_title":"","features":"","ed_cta_examples_text":"","ed_cta_examples_hidden":"","ed_cta_demo_text":"","ed_cta_demo_hidden":"","why_caption":"","why_editor_title":"","why_editor_text":"","why_team_title":"","why_team_text":"","why_service_title":"","why_service_text":"","template_catalog_visible":"","template_catalog_title":"","template_catalog_text":"","template_catalog_categories_visible":"","demo_title":"Cr\u00e9ez votre application de flux social","demo_caption":"Configurez votre flux social et ajoutez-le \u00e0 votre site Web Wix gratuitement !","default_faq_hidden":"","app_template_category":[],"platform":"345","template_public_id":"","codecanyon_url":"","codecanyon_item_id":"","codecanyon_price":"","pricing_caption":"","pricing_elfsight_apps_hide_column":"","pricing_elfsight_apps_url":"","pricing_codecanyon_price_caption":"","integration_category":[],"integration_request_title":"","integration_request_cta":"","integration_platform":"","integrations":[],"platform_category":[],"video_schema_markup":"","price":"\u00c0 partir de $0\/mois","trial":"","benefits":[{"text":"Installation gratuite"},{"text":"Support Premium"},{"text":"Garantie de remboursement de 14 jours"},{"text":"L'am\u00e9lioration continue"}],"button_url":"#demo","button_target_blank":"0","button_nofollow":"0","attributes":[{"name":"Nombre d'installations","content":"1,000 - 5,000","_state":"expanded"},{"name":"Adaptif","content":"Oui","_state":"expanded"},{"name":"Navigateurs compatibles","content":"Firefox, Safari, Opera, Chrome, Edge","_state":"expanded"}],"tags":[],"tags_disable_links":"0","hide_more_platforms":"","video_object":"","demo_hide_cta":"0","demo_hide_cloud_options":"0","pricing_title":"","pricing":[{"pricing_icon":"platform","pricing_title":"Applications d'Elfsight","pricing_title_caption":"Solution num\u00e9rique multiplateforme qui fonctionne sur n'importe quel site","pricing_price":"\u00c0 partir de $0\/mois","pricing_price_caption":"Commencez avec un plan gratuit","pricing_benefits":[{"text":"Sites Web illimit\u00e9s"},{"text":"\u00c9quipe d'assistance professionnelle"},{"text":"Service d'installation gratuit"},{"text":"100% personnalisable"}],"pricing_button_text":"Ajouter au site Web","pricing_button_url":"https:\/\/apps.elfsight.com\/sign-up\/","pricing_button_nofollow":"1","_state":"expanded"}],"related_apps_title":"","related_apps_hidden":"1","author":"","image":[],"title":"","job":"","social_networks":[]},"_links":{"self":[{"href":"https:\/\/elfsight.com\/fr\/wp-json\/wp\/v2\/pages\/6228","targetHints":{"allow":["GET"]}}],"collection":[{"href":"https:\/\/elfsight.com\/fr\/wp-json\/wp\/v2\/pages"}],"about":[{"href":"https:\/\/elfsight.com\/fr\/wp-json\/wp\/v2\/types\/page"}],"author":[{"embeddable":true,"href":"https:\/\/elfsight.com\/fr\/wp-json\/wp\/v2\/users\/18"}],"replies":[{"embeddable":true,"href":"https:\/\/elfsight.com\/fr\/wp-json\/wp\/v2\/comments?post=6228"}],"version-history":[{"count":3,"href":"https:\/\/elfsight.com\/fr\/wp-json\/wp\/v2\/pages\/6228\/revisions"}],"predecessor-version":[{"id":14081,"href":"https:\/\/elfsight.com\/fr\/wp-json\/wp\/v2\/pages\/6228\/revisions\/14081"}],"up":[{"embeddable":true,"href":"https:\/\/elfsight.com\/fr\/wp-json\/wp\/v2\/pages\/2785"}],"wp:attachment":[{"href":"https:\/\/elfsight.com\/fr\/wp-json\/wp\/v2\/media?parent=6228"}],"curies":[{"name":"wp","href":"https:\/\/api.w.org\/{rel}","templated":true}]}}