{"id":622,"date":"2020-06-16T04:56:23","date_gmt":"2020-06-16T04:56:23","guid":{"rendered":"https:\/\/elfsight.com\/fr\/?page_id=622"},"modified":"2020-06-16T04:56:23","modified_gmt":"2020-06-16T04:56:23","slug":"fusion-plugins","status":"publish","type":"page","link":"https:\/\/elfsight.com\/fr\/fusion-plugins\/","title":{"rendered":"Fusion plugins"},"content":{"rendered":"\n<h2>Le mieux Elfsight Apps Service pour remise \u00e0 niveau de votre site Web en Fusion. <\/h2>\n\n\n<p>Pendant les ann\u00e9es d&rsquo;abondance, notre \u00e9quipe de d\u00e9veloppeurs d\u2019Elfsight produit plugins simples d&rsquo;utilisation et ajustable pour le site. L\u2019\u00e9quipe de d\u00e9veloppeurs syst\u00e9matiquement vous offrir un service d&rsquo;assistance comp\u00e9tente et grande rapidit\u00e9 de chargement. Ces moyens apportent \u00e0 beaucoup de marchands, organisations d&rsquo;utilit\u00e9 publique \net de nombreux autres propri\u00e9taires de sites Web\ndans le monde entier \u00e0 assumer les t\u00e2ches plus rationnellement. <\/p>\n<p>Simplement ajoutez les outils dans votre site et agrandissez cours vendeur, d\u00e9montrez commentaires favorables, perfectionnez une fiducie des consommateurs. Nos tarifs modifient entre sans suppl\u00e9ment et haut de gamme. D\u00e9marrer l&rsquo;impl\u00e9mentation de plugin en utilisant d\u00e9mo conversationnel et v\u00e9rifiez son impact sur l\u2019\u00e9laboration de votre activit\u00e9 commerciale. <\/p>\n\n<h2> \nQu\u2019est-ce qui rend Elfsight plugin extraordinaires pour votre site? <\/h2>\n\n\n<p>Tu vois une liste des pr\u00e9f\u00e9rences extraordinaires de nos widgets, qui nous garantissent d&rsquo;\u00eatre plus op\u00e9rantes que nos concurrents: <\/p>\n\n<ul>\n<li>R\u00e9ponse libre et rapide avec des widgets d\u2019insertion ou de individualisation; <\/li>\n<li>Largement r\u00e9actif \u00e0 tous les \u00e9l\u00e9ments du site web; <\/li>\n<li>Sans| d&rsquo;apprendre le codage; <\/li>\n<li>Une large diversit\u00e9 des opportunit\u00e9s de individualisation; <\/li>\n<li>Les solutions cloud admettrent de renforcer la c\u00e9l\u00e9rit\u00e9 de t\u00e9l\u00e9chargement; <\/li>\n<li>Actualisations constantes; <\/li>\n<li> Tarifs mod\u00e9r\u00e9s; <\/li>\n<li> Assistance perp\u00e9tuel pour toutes les questions des usagers. <\/li>\n<\/ul>\n\n<p> Souscrivez-vous \u00e0 l\u2019option gratuite de nos widgets et \u00e9valuez son capacit\u00e9 ou installez aucun outil bonard avec une remise de 20%. <\/p>\n\n\n<h2>De quelle mani\u00e8re incorporer vos widgets sur le site web de Fusion<\/h2>\n\n<p>Pour int\u00e9grer les widgets, voir l&rsquo;instruction simple: <\/p>\n\n\n<ol>\n<li> Choisissez le widget appropri\u00e9; <\/li>\n<li> Ajustez la configuration essentielle sous r\u00e9serve des vos demandes; <\/li>\n<li> Enregistrez les alt\u00e9rations; <\/li>\n<li> Cliquez sur le code acquis; <\/li>\n<li> Instaurez le code \u00e0 l&#8217;emplacement disponible de votre site ou mod\u00e8le; <\/li>\n<li> La individualisation du plugin est de tout point termin\u00e9e. <\/li>\n<\/ol>\n\n<p> Au cas o\u00f9 vous rencontrez avec des d\u00e9fis, n&rsquo;h\u00e9sitez pas \u00e0 tourner \u00e0 nos personnel de l&rsquo;assistance. <\/p>\n\n\n<div class=\"faq\" data-component=\"FAQ\">\n\n<div class=\"faq-item\">\r\n\t\t\t\t\t<div class=\"faq-item-question\">\r\n\t\t\t\t\t\t<h3 class=\"faq-item-question-text\">1. Quels mod\u00e8les Fusion peuvent prendre sous sa responsabilit\u00e9 les plugins?<\/h3>\r\n\r\n\t\t\t\t\t\t<div class=\"faq-item-question-icon\"><\/div>\r\n\t\t\t\t\t<\/div>\r\n\r\n\t\t\t\t\t<div class=\"faq-item-answer\">\r\n\t\t\t\t\t\t<div class=\"faq-item-answer-text\">\n<p> Les plugins peuvent \u00eatre enclav\u00e9es \u00e0 \tn\u2019importe quelles options du site web de Fusion. Vous pouvez \u00eatre s\u00fbr d&rsquo;un fonction profitant de nos plugins. <\/p>\n<\/div>\r\n\t\t\t\t\t<\/div>\r\n\t\t\t\t<\/div>\n<div class=\"faq-item\">\r\n\t\t\t\t\t<div class=\"faq-item-question\">\r\n\t\t\t\t\t\t<h3 class=\"faq-item-question-text\">2. O\u00f9 puis-je modifier les \u00e9l\u00e9ments de mon outil?<\/h3>\r\n\r\n\t\t\t\t\t\t<div class=\"faq-item-question-icon\"><\/div>\r\n\t\t\t\t\t<\/div>\r\n\r\n\t\t\t\t\t<div class=\"faq-item-answer\">\r\n\t\t\t\t\t\t<div class=\"faq-item-answer-text\">\n<p> Tous nos clients appliqueront tous les actuations ad\u00e9quates dans les param\u00e8tres de l&rsquo;\u00e9diteur ergonomique. <\/p>\n<\/div>\r\n\t\t\t\t\t<\/div>\r\n\t\t\t\t<\/div>\n<div class=\"faq-item\">\r\n\t\t\t\t\t<div class=\"faq-item-question\">\r\n\t\t\t\t\t\t<h3 class=\"faq-item-question-text\">3. Est-il probable de prendre contact le centre d\u2019appoint d'Elfsight dans le cas o\u00f9 j'aurais besoin d\u2019appoint pour la personnalisation de widget?<\/h3>\r\n\r\n\t\t\t\t\t\t<div class=\"faq-item-question-icon\"><\/div>\r\n\t\t\t\t\t<\/div>\r\n\r\n\t\t\t\t\t<div class=\"faq-item-answer\">\r\n\t\t\t\t\t\t<div class=\"faq-item-answer-text\">\n<p> Tous les usagers peuvent s&rsquo;adresser nos sp\u00e9cialistes d\u2019Elfsight franchement comp\u00e9tentes pour trouver une solution sur le fonctionnement des plugins. <\/p>\n<\/div>\r\n\t\t\t\t\t<\/div>\r\n\t\t\t\t<\/div>\n<\/div>\n","protected":false},"excerpt":{"rendered":"Le mieux Elfsight Apps Service pour remise \u00e0 niveau de votre site Web en Fusion. Pendant les ann\u00e9es d&rsquo;abondance, notre \u00e9quipe de d\u00e9veloppeurs d\u2019Elfsight produit plugins simples d&rsquo;utilisation et ajustable pour le site. L\u2019\u00e9quipe de d\u00e9veloppeurs syst\u00e9matiquement vous offrir un service d&rsquo;assistance comp\u00e9tente et grande rapidit\u00e9 de chargement. Ces moyens&#8230;","protected":false},"author":12,"featured_media":0,"parent":0,"menu_order":0,"comment_status":"closed","ping_status":"closed","template":"templates\/template-platform.php","meta":{"publish_to_discourse":"","publish_post_category":"","wpdc_auto_publish_overridden":"","wpdc_topic_tags":"","wpdc_pin_topic":"","wpdc_pin_until":"","discourse_post_id":"","discourse_permalink":"","wpdc_publishing_response":"","wpdc_publishing_error":"","footnotes":""},"class_list":["post-622","page","type-page","status-publish","hentry"],"yoast_head":"<!-- This site is optimized with the Yoast SEO plugin v25.3.1 - https:\/\/yoast.com\/wordpress\/plugins\/seo\/ -->\n<title>Les meilleures plugins Fusion gratuits pour votre site Web (en 2025)<\/title>\n<meta name=\"description\" content=\"La liste gratuite des widgets seulement pour votre site Fusion. Le service client est d\u00e9di\u00e9e et fonctionnalit\u00e9 est imposante.\" \/>\n<meta name=\"robots\" content=\"index, follow, max-snippet:-1, max-image-preview:large, max-video-preview:-1\" \/>\n<link rel=\"canonical\" href=\"https:\/\/elfsight.com\/fr\/fusion-plugins\/\" \/>\n<meta property=\"og:locale\" content=\"fr_FR\" \/>\n<meta property=\"og:type\" content=\"article\" \/>\n<meta property=\"og:title\" content=\"Les meilleures plugins Fusion gratuits pour votre site Web (en 2025)\" \/>\n<meta property=\"og:description\" content=\"La liste gratuite des widgets seulement pour votre site Fusion. Le service client est d\u00e9di\u00e9e et fonctionnalit\u00e9 est imposante.\" \/>\n<meta property=\"og:url\" content=\"https:\/\/elfsight.com\/fr\/fusion-plugins\/\" \/>\n<meta property=\"og:site_name\" content=\"Elfsight FR\" \/>\n<meta name=\"twitter:card\" content=\"summary_large_image\" \/>\n<meta name=\"twitter:label1\" content=\"Dur\u00e9e de lecture estim\u00e9e\" \/>\n\t<meta name=\"twitter:data1\" content=\"2 minutes\" \/>\n<!-- \/ Yoast SEO plugin. -->","yoast_head_json":{"title":"Les meilleures plugins Fusion gratuits pour votre site Web (en 2025)","description":"La liste gratuite des widgets seulement pour votre site Fusion. Le service client est d\u00e9di\u00e9e et fonctionnalit\u00e9 est imposante.","robots":{"index":"index","follow":"follow","max-snippet":"max-snippet:-1","max-image-preview":"max-image-preview:large","max-video-preview":"max-video-preview:-1"},"canonical":"https:\/\/elfsight.com\/fr\/fusion-plugins\/","og_locale":"fr_FR","og_type":"article","og_title":"Les meilleures plugins Fusion gratuits pour votre site Web (en 2025)","og_description":"La liste gratuite des widgets seulement pour votre site Fusion. Le service client est d\u00e9di\u00e9e et fonctionnalit\u00e9 est imposante.","og_url":"https:\/\/elfsight.com\/fr\/fusion-plugins\/","og_site_name":"Elfsight FR","twitter_card":"summary_large_image","twitter_misc":{"Dur\u00e9e de lecture estim\u00e9e":"2 minutes"},"schema":{"@context":"https:\/\/schema.org","@graph":[{"@type":"WebPage","@id":"https:\/\/elfsight.com\/fr\/fusion-plugins\/","url":"https:\/\/elfsight.com\/fr\/fusion-plugins\/","name":"Les meilleures plugins Fusion gratuits pour votre site Web (en 2025)","isPartOf":{"@id":"https:\/\/elfsight.com\/fr\/#website"},"datePublished":"2020-06-16T04:56:23+00:00","description":"La liste gratuite des widgets seulement pour votre site Fusion. Le service client est d\u00e9di\u00e9e et fonctionnalit\u00e9 est imposante.","breadcrumb":{"@id":"https:\/\/elfsight.com\/fr\/fusion-plugins\/#breadcrumb"},"inLanguage":"fr-FR","potentialAction":[{"@type":"ReadAction","target":["https:\/\/elfsight.com\/fr\/fusion-plugins\/"]}]},{"@type":"BreadcrumbList","@id":"https:\/\/elfsight.com\/fr\/fusion-plugins\/#breadcrumb","itemListElement":[{"@type":"ListItem","position":1,"name":"Home","item":"https:\/\/elfsight.com\/fr\/"},{"@type":"ListItem","position":2,"name":"Fusion plugins"}]},{"@type":"WebSite","@id":"https:\/\/elfsight.com\/fr\/#website","url":"https:\/\/elfsight.com\/fr\/","name":"Elfsight FR","description":"","potentialAction":[{"@type":"SearchAction","target":{"@type":"EntryPoint","urlTemplate":"https:\/\/elfsight.com\/fr\/?s={search_term_string}"},"query-input":{"@type":"PropertyValueSpecification","valueRequired":true,"valueName":"search_term_string"}}],"inLanguage":"fr-FR"}]}},"meta_box":{"industry":"","seo_heading":"","heading":"","description":"","cta_heading":"","cta_description":"","application":"","h1":"Les meilleures plugins Fusion","h1_caption":"Le catalogue gratis des instruments de premi\u00e8re classe qui sont utilis\u00e9s \u00e0 conduire l'engagement des utilisateurs et accomplir des devoirs essentiels. La cr\u00e9ation est transparente, et il y a un grand choix des options personnalis\u00e9es et service client comp\u00e9tente.","application_category":[],"applications_title":"Explorez la diversit\u00e9 compl\u00e8te de tous les outils libres pour votre site Web. ","applications_request_title":"Vous ne trouvez pas le plugin n\u00e9cessaire?","applications_request_button_text":"Demander un plugin","hero_text":"","hero_video":"","hero_video_schema_markup":"","selling_points_title":"","selling_points_caption":"","selling_points":[],"selling_points_cta_text":"","features_title":"","features":"","ed_cta_examples_text":"","ed_cta_examples_hidden":"","ed_cta_demo_text":"","ed_cta_demo_hidden":"","why_caption":"","why_editor_title":"","why_editor_text":"","why_team_title":"","why_team_text":"","why_service_title":"","why_service_text":"","template_catalog_visible":"","template_catalog_title":"","template_catalog_text":"","template_catalog_categories_visible":"","demo_title":"","demo_caption":"","default_faq_hidden":"","app_template_category":[],"platform":"416","template_public_id":"","codecanyon_url":"","codecanyon_item_id":"","codecanyon_price":"","pricing_caption":"","pricing_elfsight_apps_hide_column":"","pricing_elfsight_apps_url":"","pricing_codecanyon_price_caption":"","integration_category":[],"integration_request_title":"","integration_request_cta":"","integration_platform":"","integrations":[],"platform_category":[],"video_schema_markup":"","price":"","trial":"","benefits":[],"button_url":"","button_target_blank":"","button_nofollow":"","attributes":[],"tags":[],"tags_disable_links":"","hide_more_platforms":"","video_object":"","demo_hide_cta":"","demo_hide_cloud_options":"","pricing_title":"","pricing":[],"related_apps_title":"","related_apps_hidden":"","author":"","image":[],"title":"","job":"","social_networks":[]},"_links":{"self":[{"href":"https:\/\/elfsight.com\/fr\/wp-json\/wp\/v2\/pages\/622","targetHints":{"allow":["GET"]}}],"collection":[{"href":"https:\/\/elfsight.com\/fr\/wp-json\/wp\/v2\/pages"}],"about":[{"href":"https:\/\/elfsight.com\/fr\/wp-json\/wp\/v2\/types\/page"}],"author":[{"embeddable":true,"href":"https:\/\/elfsight.com\/fr\/wp-json\/wp\/v2\/users\/12"}],"replies":[{"embeddable":true,"href":"https:\/\/elfsight.com\/fr\/wp-json\/wp\/v2\/comments?post=622"}],"version-history":[{"count":1,"href":"https:\/\/elfsight.com\/fr\/wp-json\/wp\/v2\/pages\/622\/revisions"}],"predecessor-version":[{"id":623,"href":"https:\/\/elfsight.com\/fr\/wp-json\/wp\/v2\/pages\/622\/revisions\/623"}],"wp:attachment":[{"href":"https:\/\/elfsight.com\/fr\/wp-json\/wp\/v2\/media?parent=622"}],"curies":[{"name":"wp","href":"https:\/\/api.w.org\/{rel}","templated":true}]}}