{"id":6206,"date":"2021-12-03T08:58:21","date_gmt":"2021-12-03T08:58:21","guid":{"rendered":"https:\/\/elfsight.com\/fr\/?page_id=6206"},"modified":"2025-07-10T13:27:59","modified_gmt":"2025-07-10T13:27:59","slug":"jquery","status":"publish","type":"page","link":"https:\/\/elfsight.com\/fr\/social-feed-widget\/jquery\/","title":{"rendered":"Social Feed &#8211; jQuery"},"content":{"rendered":"<div class=\"application-platform-content-item-description application-platform-content-item\" id=\"description\" data-nav-section=\"description\"> <h2>Description<\/h2> <p>Elfsight Social Feed pour jQuery est un plugin permettant de commercialiser non seulement des articles, mais aussi des \u00e9motions et des exp\u00e9riences. Avec lui, vous pouvez cr\u00e9er un flux personnalis\u00e9 compos\u00e9 du contenu de diff\u00e9rents r\u00e9seaux : Instagram, Pinterest, Facebook, Twitter, Tumblr, YouTube, Vimeo &#8211; et le d\u00e9montrer directement sur votre site. Cr\u00e9ez une galerie ou un catalogue de produits en quelques clics ! Profitez d&rsquo;un contr\u00f4le complet sur un contenu d\u00e9montr\u00e9 avec plusieurs options de filtrage et \u00e9liminez le spam et tout contenu ind\u00e9sirable via une mod\u00e9ration manuelle. L&rsquo;\u00e9diteur en ligne enti\u00e8rement r\u00e9actif vous propose de nombreux mod\u00e8les parmi lesquels choisir. <\/p> <p><b>Essayez Social Wall pour atteindre vos sommets en mati\u00e8re de commerce \u00e9lectronique avec moins d&rsquo;effort\u00a0! <\/b><\/p> <\/div> <div class=\"faq\" data-component=\"FAQ\"><div class=\"faq-item\">\r\n\t\t\t\t\t<div class=\"faq-item-question\">\r\n\t\t\t\t\t\t<h3 class=\"faq-item-question-text\">De quelle mani\u00e8re puis-je ajouter un flux de m\u00e9dias sociaux \u00e0 jQuery ?<\/h3>\r\n\r\n\t\t\t\t\t\t<div class=\"faq-item-question-icon\"><\/div>\r\n\t\t\t\t\t<\/div>\r\n\r\n\t\t\t\t\t<div class=\"faq-item-answer\">\r\n\t\t\t\t\t\t<div class=\"faq-item-answer-text\"><p>La cr\u00e9ation du widget se produit sur les pages Elfsight et vous n&rsquo;avez pas besoin d&rsquo;apprendre \u00e0 coder. Appliquez notre d\u00e9mo active pour cr\u00e9er votre propre outil, obtenez le code et int\u00e9grez-le dans votre site. <\/p><\/div>\r\n\t\t\t\t\t<\/div>\r\n\t\t\t\t<\/div><div class=\"faq-item\">\r\n\t\t\t\t\t<div class=\"faq-item-question\">\r\n\t\t\t\t\t\t<h3 class=\"faq-item-question-text\">De quelle mani\u00e8re puis-je obtenir un carrousel de m\u00e9dias sociaux ou un flux YouTube \u00e0 l'aide des plugins Elfsight ?<\/h3>\r\n\r\n\t\t\t\t\t\t<div class=\"faq-item-question-icon\"><\/div>\r\n\t\t\t\t\t<\/div>\r\n\r\n\t\t\t\t\t<div class=\"faq-item-answer\">\r\n\t\t\t\t\t\t<div class=\"faq-item-answer-text\"><p>Une vari\u00e9t\u00e9 de mod\u00e8les sont applicables\u00a0: grille, galerie, ma\u00e7onnerie , liste, flux et bien d\u2019autres, ainsi que des param\u00e8tres de mise en page mall\u00e9ables pour s\u2019harmoniser avec vos conditions. Vous \u00eates invit\u00e9s \u00e0 cr\u00e9er presque tous les widgets qui vous manquent. <\/p><\/div>\r\n\t\t\t\t\t<\/div>\r\n\t\t\t\t<\/div><div class=\"faq-item\">\r\n\t\t\t\t\t<div class=\"faq-item-question\">\r\n\t\t\t\t\t\t<h3 class=\"faq-item-question-text\">Pourquoi mon flux Social Wall ne fonctionne-t-il pas \/ n'est-il pas mis \u00e0 jour ?<\/h3>\r\n\r\n\t\t\t\t\t\t<div class=\"faq-item-question-icon\"><\/div>\r\n\t\t\t\t\t<\/div>\r\n\r\n\t\t\t\t\t<div class=\"faq-item-answer\">\r\n\t\t\t\t\t\t<div class=\"faq-item-answer-text\"><p>D\u00e8s que vous rencontrez des difficult\u00e9s avec les widgets de r\u00e9seaux sociaux, r\u00e9solvez le \u00e9quipe de support client. Le support est absolument gratuit pour tous les clients Elfsight. <\/p><\/div>\r\n\t\t\t\t\t<\/div>\r\n\t\t\t\t<\/div><\/div><div class=\"application-platform-content-item-features application-platform-content-item\" id=\"features\" data-nav-section=\"features\"> <h2>Les fonctionnalit\u00e9s de base du widget contiennent<\/h2> <ul><li>Affichez votre contenu \u00e0 partir de nombreux m\u00e9dias sociaux. <\/li><li>Supprimez tout spam et tout contenu ind\u00e9sirable au moyen du mode de mod\u00e9ration manuelle. <\/li><li>D\u00e9finissez le bouton Suivre sur le flux du widget. <\/li><li>Laissez vos messages appara\u00eetre dans une fen\u00eatre contextuelle. <\/li><\/ul><p><a href=\"#demo\">Essayez simplement cette d\u00e9mo pour avoir une id\u00e9e compl\u00e8te<\/a><\/p> <\/div> <div class=\"application-platform-content-item-installation application-platform-content-item\" id=\"installation\" data-nav-section=\"installation\"> <h2>Comment int\u00e9grer le plugin Social Media Feed sur mon site Web jQuery\u00a0? <\/h2> <p>Remplissez simplement les instructions ci-dessous pour ajouter le widget. <\/p> <ol><li><b>G\u00e9rez notre configurateur gratuit et commencez \u00e0 fa\u00e7onner votre plugin unique. <\/b><br> Recherchez l&rsquo;apparence et les options s\u00e9lectionn\u00e9es du plugin et appliquez les modifications. <\/li> <li><b>Copiez votre code individuel affich\u00e9 dans la case sur les applications Elfsight. <\/b><br> Une fois la g\u00e9n\u00e9ration de votre widget termin\u00e9e, copiez le code individuel dans la fen\u00eatre contextuelle qui appara\u00eet et conservez-le pour une utilisation ult\u00e9rieure. <\/li> <li><b>Entrez sur l&rsquo;utilisation du plugin Social Wall sur le site jQuery. <\/b><br> Int\u00e9grez le code que vous avez copi\u00e9 auparavant dans votre page et appliquez les ajustements. <\/li> <li><b>Vous avez termin\u00e9\u00a0! L&rsquo;installation est termin\u00e9e avec succ\u00e8s. <\/b><br> Visitez votre page Web pour jeter un \u0153il au travail du widget. <\/li><\/ol> <p>Si vous rencontrez des obstacles, n&rsquo;h\u00e9sitez pas \u00e0 \u00e9crire \u00e0 notre \u00e9quipe d&rsquo;assistance. Nos consultants seront ravis de vous aider avec toutes les difficult\u00e9s que vous pourriez rencontrer avec le produit. <\/p> <\/div>","protected":false},"excerpt":{"rendered":"","protected":false},"author":18,"featured_media":0,"parent":2785,"menu_order":0,"comment_status":"closed","ping_status":"closed","template":"templates\/template-application-platform.php","meta":{"publish_to_discourse":"","publish_post_category":"","wpdc_auto_publish_overridden":"","wpdc_topic_tags":"","wpdc_pin_topic":"","wpdc_pin_until":"","discourse_post_id":"","discourse_permalink":"","wpdc_publishing_response":"","wpdc_publishing_error":"","footnotes":""},"class_list":["post-6206","page","type-page","status-publish","hentry"],"yoast_head":"<!-- This site is optimized with the Yoast SEO plugin v25.3.1 - https:\/\/yoast.com\/wordpress\/plugins\/seo\/ -->\n<title>Flux Social - ajoutez widget R\u00e9seau Social sur jQuery<\/title>\n<meta name=\"description\" content=\"Int\u00e9grez un Flux Social attractif sur votre site. Appliquez la d\u00e9mo d&#039;Elfsight et g\u00e9n\u00e9rez votre widget en quelques minutes.\" \/>\n<meta name=\"robots\" content=\"index, follow, max-snippet:-1, max-image-preview:large, max-video-preview:-1\" \/>\n<link rel=\"canonical\" href=\"https:\/\/elfsight.com\/fr\/social-feed-widget\/jquery\/\" \/>\n<meta property=\"og:locale\" content=\"fr_FR\" \/>\n<meta property=\"og:type\" content=\"article\" \/>\n<meta property=\"og:title\" content=\"Flux Social - ajoutez widget R\u00e9seau Social sur jQuery\" \/>\n<meta property=\"og:description\" content=\"Int\u00e9grez un Flux Social attractif sur votre site. Appliquez la d\u00e9mo d&#039;Elfsight et g\u00e9n\u00e9rez votre widget en quelques minutes.\" \/>\n<meta property=\"og:url\" content=\"https:\/\/elfsight.com\/fr\/social-feed-widget\/jquery\/\" \/>\n<meta property=\"og:site_name\" content=\"Elfsight FR\" \/>\n<meta property=\"article:modified_time\" content=\"2025-07-10T13:27:59+00:00\" \/>\n<meta name=\"twitter:card\" content=\"summary_large_image\" \/>\n<meta name=\"twitter:label1\" content=\"Dur\u00e9e de lecture estim\u00e9e\" \/>\n\t<meta name=\"twitter:data1\" content=\"1 minute\" \/>\n<!-- \/ Yoast SEO plugin. -->","yoast_head_json":{"title":"Flux Social - ajoutez widget R\u00e9seau Social sur jQuery","description":"Int\u00e9grez un Flux Social attractif sur votre site. Appliquez la d\u00e9mo d'Elfsight et g\u00e9n\u00e9rez votre widget en quelques minutes.","robots":{"index":"index","follow":"follow","max-snippet":"max-snippet:-1","max-image-preview":"max-image-preview:large","max-video-preview":"max-video-preview:-1"},"canonical":"https:\/\/elfsight.com\/fr\/social-feed-widget\/jquery\/","og_locale":"fr_FR","og_type":"article","og_title":"Flux Social - ajoutez widget R\u00e9seau Social sur jQuery","og_description":"Int\u00e9grez un Flux Social attractif sur votre site. Appliquez la d\u00e9mo d'Elfsight et g\u00e9n\u00e9rez votre widget en quelques minutes.","og_url":"https:\/\/elfsight.com\/fr\/social-feed-widget\/jquery\/","og_site_name":"Elfsight FR","article_modified_time":"2025-07-10T13:27:59+00:00","twitter_card":"summary_large_image","twitter_misc":{"Dur\u00e9e de lecture estim\u00e9e":"1 minute"},"schema":{"@context":"https:\/\/schema.org","@graph":[{"@type":"WebPage","@id":"https:\/\/elfsight.com\/fr\/social-feed-widget\/jquery\/","url":"https:\/\/elfsight.com\/fr\/social-feed-widget\/jquery\/","name":"Flux Social - ajoutez widget R\u00e9seau Social sur jQuery","isPartOf":{"@id":"https:\/\/elfsight.com\/fr\/#website"},"datePublished":"2021-12-03T08:58:21+00:00","dateModified":"2025-07-10T13:27:59+00:00","description":"Int\u00e9grez un Flux Social attractif sur votre site. Appliquez la d\u00e9mo d'Elfsight et g\u00e9n\u00e9rez votre widget en quelques minutes.","breadcrumb":{"@id":"https:\/\/elfsight.com\/fr\/social-feed-widget\/jquery\/#breadcrumb"},"inLanguage":"fr-FR","potentialAction":[{"@type":"ReadAction","target":["https:\/\/elfsight.com\/fr\/social-feed-widget\/jquery\/"]}]},{"@type":"BreadcrumbList","@id":"https:\/\/elfsight.com\/fr\/social-feed-widget\/jquery\/#breadcrumb","itemListElement":[{"@type":"ListItem","position":1,"name":"Home","item":"https:\/\/elfsight.com\/fr\/"},{"@type":"ListItem","position":2,"name":"Social Feed","item":"https:\/\/elfsight.com\/fr\/social-feed-widget\/"},{"@type":"ListItem","position":3,"name":"Social Feed &#8211; jQuery"}]},{"@type":"WebSite","@id":"https:\/\/elfsight.com\/fr\/#website","url":"https:\/\/elfsight.com\/fr\/","name":"Elfsight FR","description":"","potentialAction":[{"@type":"SearchAction","target":{"@type":"EntryPoint","urlTemplate":"https:\/\/elfsight.com\/fr\/?s={search_term_string}"},"query-input":{"@type":"PropertyValueSpecification","valueRequired":true,"valueName":"search_term_string"}}],"inLanguage":"fr-FR"}]}},"meta_box":{"industry":"","seo_heading":"","heading":"","description":"","cta_heading":"","cta_description":"","application":"2784","h1":"Widget Flux Social pour jQuery","h1_caption":"Regroupez le contenu de plusieurs plateformes de m\u00e9dias sociaux en un seul flux dynamique, offrant ainsi \u00e0 vos visiteurs un contenu frais et attrayant sur votre site Web jQuery sans effort.","application_category":[],"applications_title":"","applications_request_title":"","applications_request_button_text":"","hero_text":"","hero_video":"","hero_video_schema_markup":"","selling_points_title":"","selling_points_caption":"","selling_points":[],"selling_points_cta_text":"","features_title":"","features":"","ed_cta_examples_text":"","ed_cta_examples_hidden":"","ed_cta_demo_text":"","ed_cta_demo_hidden":"","why_caption":"","why_editor_title":"","why_editor_text":"","why_team_title":"","why_team_text":"","why_service_title":"","why_service_text":"","template_catalog_visible":"","template_catalog_title":"","template_catalog_text":"","template_catalog_categories_visible":"","demo_title":"Cr\u00e9ez votre plugin de flux social","demo_caption":"Configurez votre flux social et ajoutez-le gratuitement \u00e0 votre site Web jQuery\u00a0!","default_faq_hidden":"","app_template_category":[],"platform":"355","template_public_id":"","codecanyon_url":"","codecanyon_item_id":"","codecanyon_price":"","pricing_caption":"","pricing_elfsight_apps_hide_column":"","pricing_elfsight_apps_url":"","pricing_codecanyon_price_caption":"","integration_category":[],"integration_request_title":"","integration_request_cta":"","integration_platform":"","integrations":[],"platform_category":[],"video_schema_markup":"","price":"\u00c0 partir de $0\/mois","trial":"","benefits":[{"text":"Installation gratuite"},{"text":"Support Premium"},{"text":"Garantie de remboursement de 14 jours"},{"text":"L'am\u00e9lioration continue"}],"button_url":"#demo","button_target_blank":"0","button_nofollow":"0","attributes":[{"name":"Nombre d'installations","content":"1,000 - 5,000","_state":"expanded"},{"name":"Adaptif","content":"Oui","_state":"expanded"},{"name":"Navigateurs compatibles","content":"Firefox, Safari, Opera, Chrome, Edge","_state":"expanded"}],"tags":[],"tags_disable_links":"0","hide_more_platforms":"","video_object":"","demo_hide_cta":"0","demo_hide_cloud_options":"0","pricing_title":"","pricing":[{"pricing_icon":"platform","pricing_title":"Applications d'Elfsight","pricing_title_caption":"Solution num\u00e9rique multiplateforme qui fonctionne sur n'importe quel site","pricing_price":"\u00c0 partir de $0\/mois","pricing_price_caption":"Commencez avec un plan gratuit","pricing_benefits":[{"text":"Sites Web illimit\u00e9s"},{"text":"\u00c9quipe d'assistance professionnelle"},{"text":"Service d'installation gratuit"},{"text":"100% personnalisable"}],"pricing_button_text":"Ajouter au site Web","pricing_button_url":"https:\/\/apps.elfsight.com\/sign-up\/","pricing_button_nofollow":"1","_state":"expanded"}],"related_apps_title":"","related_apps_hidden":"1","author":"","image":[],"title":"","job":"","social_networks":[]},"_links":{"self":[{"href":"https:\/\/elfsight.com\/fr\/wp-json\/wp\/v2\/pages\/6206","targetHints":{"allow":["GET"]}}],"collection":[{"href":"https:\/\/elfsight.com\/fr\/wp-json\/wp\/v2\/pages"}],"about":[{"href":"https:\/\/elfsight.com\/fr\/wp-json\/wp\/v2\/types\/page"}],"author":[{"embeddable":true,"href":"https:\/\/elfsight.com\/fr\/wp-json\/wp\/v2\/users\/18"}],"replies":[{"embeddable":true,"href":"https:\/\/elfsight.com\/fr\/wp-json\/wp\/v2\/comments?post=6206"}],"version-history":[{"count":2,"href":"https:\/\/elfsight.com\/fr\/wp-json\/wp\/v2\/pages\/6206\/revisions"}],"predecessor-version":[{"id":15084,"href":"https:\/\/elfsight.com\/fr\/wp-json\/wp\/v2\/pages\/6206\/revisions\/15084"}],"up":[{"embeddable":true,"href":"https:\/\/elfsight.com\/fr\/wp-json\/wp\/v2\/pages\/2785"}],"wp:attachment":[{"href":"https:\/\/elfsight.com\/fr\/wp-json\/wp\/v2\/media?parent=6206"}],"curies":[{"name":"wp","href":"https:\/\/api.w.org\/{rel}","templated":true}]}}