{"id":6204,"date":"2021-12-03T13:23:02","date_gmt":"2021-12-03T13:23:02","guid":{"rendered":"https:\/\/elfsight.com\/fr\/?page_id=6204"},"modified":"2025-07-10T13:27:54","modified_gmt":"2025-07-10T13:27:54","slug":"joomla","status":"publish","type":"page","link":"https:\/\/elfsight.com\/fr\/social-feed-widget\/joomla\/","title":{"rendered":"Social Feed &#8211; Joomla"},"content":{"rendered":"<div class=\"application-platform-content-item-description application-platform-content-item\" id=\"description\" data-nav-section=\"description\"> <h2>Description<\/h2> <p>Elfsight Social Feed pour Joomla est un widget unique permettant de promouvoir non seulement des biens, mais aussi des \u00e9motions et des exp\u00e9riences. Avec lui, vous pouvez cr\u00e9er un flux individualis\u00e9 compos\u00e9 du contenu de nombreux r\u00e9seaux : Instagram, Pinterest, Facebook, Twitter, Tumblr, YouTube, Vimeo &#8211; et le pr\u00e9senter directement sur votre page Web. Concevez une galerie ou un catalogue de produits en 1-2-3 ! Exercez un contr\u00f4le absolu sur un contenu d\u00e9montr\u00e9 avec de nombreuses options de filtrage et \u00e9liminez le spam et tout contenu ind\u00e9sirable via une mod\u00e9ration manuelle. L&rsquo;\u00e9diteur en ligne enti\u00e8rement r\u00e9actif vous propose diff\u00e9rents mod\u00e8les \u00e0 choisir. <\/p> <p><b>Rendez votre site plus efficace pour atteindre vos objectifs commerciaux \u00e0 l&rsquo;aide de Social Wall<\/b><\/p> <\/div> <div class=\"application-platform-content-item-features application-platform-content-item\" id=\"features\" data-nav-section=\"features\"> <h2>Trouver la cl\u00e9 ci-dessous fonctionnalit\u00e9s de l&rsquo;extension\u00a0: <\/h2> <ul><li>Affichez votre contenu de r\u00e9seaux sociaux \u00e0 partir de diff\u00e9rents r\u00e9seaux. <\/li><li>Supprimez tout spam et contenu ind\u00e9sirable gr\u00e2ce au mode de mod\u00e9ration manuelle. <\/li><li>Placez le bouton Suivre sur les cartes des widgets. <\/li><li>Laissez vos publications s&rsquo;afficher dans un mode pop-up. <\/li><\/ul><p><a href=\"#demo\">Vous pouvez tester le fonctionnement de l&rsquo;extension \u00e0 l&rsquo;aide de la d\u00e9mo<\/a><\/p> <\/div> <div class=\"application-platform-content-item- installation application-platform-content-item\" id=\" installation\" data-nav-section=\" installation\"> <h2>Comment puis-je ajouter l&rsquo;extension Social Media Feed \u00e0 mon site Web Joomla\u00a0? <\/h2> <p>Remplissez simplement les instructions ci-dessous pour ins\u00e9rer l&rsquo;outil. <\/p> <ol><li><b>Lancez notre configurateur gratuit et commencez \u00e0 former votre instrument personnalis\u00e9. <\/b><br> Sp\u00e9cifiez l&rsquo;interface personnalis\u00e9e et les caract\u00e9ristiques du widget et enregistrez les modifications. <\/li> <li><b>Acqu\u00e9rez votre code personnel qui appara\u00eet dans la case sur Elfsight Apps. <\/b><br> Juste apr\u00e8s la configuration de votre widget, copiez le code personnel de la fen\u00eatre qui appara\u00eet et enregistrez-le pour une utilisation ult\u00e9rieure. <\/li> <li><b>Inscrivez-vous pour utiliser l&rsquo;extension Social Wall sur le site Web Joomla. <\/b><br> Impl\u00e9mentez le code que vous avez enregistr\u00e9 auparavant dans votre page et appliquez les modifications. <\/li> <li><b>L&rsquo;installation est effectu\u00e9e avec succ\u00e8s. <\/b><br> Acc\u00e9dez \u00e0 votre page Web pour voir les performances de l&rsquo;outil. <\/li><\/ol> <p>Si vous rencontrez des difficult\u00e9s, n&rsquo;h\u00e9sitez pas \u00e0 \u00e9crire \u00e0 notre \u00e9quipe du service client. Nos collaborateurs seront ravis de r\u00e9soudre tous les probl\u00e8mes que vous pourriez rencontrer avec le plugin. <\/p> <\/div><div class=\"faq\" data-component=\"FAQ\"><div class=\"faq-item\">\r\n\t\t\t\t\t<div class=\"faq-item-question\">\r\n\t\t\t\t\t\t<h3 class=\"faq-item-question-text\">Existe-t-il un moyen d'ajouter un flux social \u00e0 mon site Web Joomla sans exp\u00e9rience en codage ?<\/h3>\r\n\r\n\t\t\t\t\t\t<div class=\"faq-item-question-icon\"><\/div>\r\n\t\t\t\t\t<\/div>\r\n\r\n\t\t\t\t\t<div class=\"faq-item-answer\">\r\n\t\t\t\t\t\t<div class=\"faq-item-answer-text\"><p>La soci\u00e9t\u00e9 Elfsight propose une solution SaaS qui permet \u00e0 un large public de g\u00e9n\u00e9rer vous-m\u00eame une section de flux social, consultez le guide simple\u00a0: <\/p><ul><li>Acc\u00e9dez \u00e0 la d\u00e9mo en direct pour g\u00e9n\u00e9rer une section de flux social que vous souhaitez inclure sur votre page d&rsquo;accueil Joomla. <\/li><li>Choisissez l&rsquo;un des mod\u00e8les pr\u00e9d\u00e9finis et modifiez les param\u00e8tres du flux social, modifiez la mise en page et les couleurs, incluez votre contenu sans aucune exp\u00e9rience de codage.<\/li><li>Enregistrez les param\u00e8tres que vous avez d\u00e9finis sur les r\u00e9seaux sociaux. Alimentez et obtenez son code \u00e0 int\u00e9grer, qui peut \u00eatre coll\u00e9 dans n&rsquo;importe quel site Web Joomla en utilisant un plan gratuit.<\/li><\/ul><p>Avec notre configurateur simple, chaque utilisateur Web peut cr\u00e9er un plugin Social Feed et l&rsquo;int\u00e9grer \u00e0 sa page d&rsquo;accueil Joomla. . Il n&rsquo;est pas n\u00e9cessaire de payer ou de saisir les informations d&rsquo;identification de votre carte pour acc\u00e9der \u00e0 Elfsight Editor. Si vous rencontrez des probl\u00e8mes \u00e0 n&rsquo;importe quelle \u00e9tape, veuillez contacter notre service client.<\/p><\/div>\r\n\t\t\t\t\t<\/div>\r\n\t\t\t\t<\/div><\/div>","protected":false},"excerpt":{"rendered":"","protected":false},"author":18,"featured_media":0,"parent":2785,"menu_order":0,"comment_status":"closed","ping_status":"closed","template":"templates\/template-application-platform.php","meta":{"publish_to_discourse":"","publish_post_category":"","wpdc_auto_publish_overridden":"","wpdc_topic_tags":"","wpdc_pin_topic":"","wpdc_pin_until":"","discourse_post_id":"","discourse_permalink":"","wpdc_publishing_response":"","wpdc_publishing_error":"","footnotes":""},"class_list":["post-6204","page","type-page","status-publish","hentry"],"yoast_head":"<!-- This site is optimized with the Yoast SEO plugin v25.3.1 - https:\/\/yoast.com\/wordpress\/plugins\/seo\/ -->\n<title>Flux Social - ajoutez extension R\u00e9seau Social sur Joomla<\/title>\n<meta name=\"description\" content=\"Int\u00e9grez un Flux Social attractif sur votre site. Appliquez la d\u00e9mo d&#039;Elfsight et g\u00e9n\u00e9rez votre module en quelques minutes.\" \/>\n<meta name=\"robots\" content=\"index, follow, max-snippet:-1, max-image-preview:large, max-video-preview:-1\" \/>\n<link rel=\"canonical\" href=\"https:\/\/elfsight.com\/fr\/social-feed-widget\/joomla\/\" \/>\n<meta property=\"og:locale\" content=\"fr_FR\" \/>\n<meta property=\"og:type\" content=\"article\" \/>\n<meta property=\"og:title\" content=\"Flux Social - ajoutez extension R\u00e9seau Social sur Joomla\" \/>\n<meta property=\"og:description\" content=\"Int\u00e9grez un Flux Social attractif sur votre site. Appliquez la d\u00e9mo d&#039;Elfsight et g\u00e9n\u00e9rez votre module en quelques minutes.\" \/>\n<meta property=\"og:url\" content=\"https:\/\/elfsight.com\/fr\/social-feed-widget\/joomla\/\" \/>\n<meta property=\"og:site_name\" content=\"Elfsight FR\" \/>\n<meta property=\"article:modified_time\" content=\"2025-07-10T13:27:54+00:00\" \/>\n<meta name=\"twitter:card\" content=\"summary_large_image\" \/>\n<meta name=\"twitter:label1\" content=\"Dur\u00e9e de lecture estim\u00e9e\" \/>\n\t<meta name=\"twitter:data1\" content=\"1 minute\" \/>\n<!-- \/ Yoast SEO plugin. -->","yoast_head_json":{"title":"Flux Social - ajoutez extension R\u00e9seau Social sur Joomla","description":"Int\u00e9grez un Flux Social attractif sur votre site. Appliquez la d\u00e9mo d'Elfsight et g\u00e9n\u00e9rez votre module en quelques minutes.","robots":{"index":"index","follow":"follow","max-snippet":"max-snippet:-1","max-image-preview":"max-image-preview:large","max-video-preview":"max-video-preview:-1"},"canonical":"https:\/\/elfsight.com\/fr\/social-feed-widget\/joomla\/","og_locale":"fr_FR","og_type":"article","og_title":"Flux Social - ajoutez extension R\u00e9seau Social sur Joomla","og_description":"Int\u00e9grez un Flux Social attractif sur votre site. Appliquez la d\u00e9mo d'Elfsight et g\u00e9n\u00e9rez votre module en quelques minutes.","og_url":"https:\/\/elfsight.com\/fr\/social-feed-widget\/joomla\/","og_site_name":"Elfsight FR","article_modified_time":"2025-07-10T13:27:54+00:00","twitter_card":"summary_large_image","twitter_misc":{"Dur\u00e9e de lecture estim\u00e9e":"1 minute"},"schema":{"@context":"https:\/\/schema.org","@graph":[{"@type":"WebPage","@id":"https:\/\/elfsight.com\/fr\/social-feed-widget\/joomla\/","url":"https:\/\/elfsight.com\/fr\/social-feed-widget\/joomla\/","name":"Flux Social - ajoutez extension R\u00e9seau Social sur Joomla","isPartOf":{"@id":"https:\/\/elfsight.com\/fr\/#website"},"datePublished":"2021-12-03T13:23:02+00:00","dateModified":"2025-07-10T13:27:54+00:00","description":"Int\u00e9grez un Flux Social attractif sur votre site. Appliquez la d\u00e9mo d'Elfsight et g\u00e9n\u00e9rez votre module en quelques minutes.","breadcrumb":{"@id":"https:\/\/elfsight.com\/fr\/social-feed-widget\/joomla\/#breadcrumb"},"inLanguage":"fr-FR","potentialAction":[{"@type":"ReadAction","target":["https:\/\/elfsight.com\/fr\/social-feed-widget\/joomla\/"]}]},{"@type":"BreadcrumbList","@id":"https:\/\/elfsight.com\/fr\/social-feed-widget\/joomla\/#breadcrumb","itemListElement":[{"@type":"ListItem","position":1,"name":"Home","item":"https:\/\/elfsight.com\/fr\/"},{"@type":"ListItem","position":2,"name":"Social Feed","item":"https:\/\/elfsight.com\/fr\/social-feed-widget\/"},{"@type":"ListItem","position":3,"name":"Social Feed &#8211; Joomla"}]},{"@type":"WebSite","@id":"https:\/\/elfsight.com\/fr\/#website","url":"https:\/\/elfsight.com\/fr\/","name":"Elfsight FR","description":"","potentialAction":[{"@type":"SearchAction","target":{"@type":"EntryPoint","urlTemplate":"https:\/\/elfsight.com\/fr\/?s={search_term_string}"},"query-input":{"@type":"PropertyValueSpecification","valueRequired":true,"valueName":"search_term_string"}}],"inLanguage":"fr-FR"}]}},"meta_box":{"industry":"","seo_heading":"","heading":"","description":"","cta_heading":"","cta_description":"","application":"2784","h1":"Extension Flux Social pour Joomla","h1_caption":"Regroupez le contenu de plusieurs plateformes de m\u00e9dias sociaux en un seul flux dynamique, offrant ainsi \u00e0 vos visiteurs un contenu frais et attrayant sur votre site Web Joomla sans effort.","application_category":[],"applications_title":"","applications_request_title":"","applications_request_button_text":"","hero_text":"","hero_video":"","hero_video_schema_markup":"","selling_points_title":"","selling_points_caption":"","selling_points":[],"selling_points_cta_text":"","features_title":"","features":"","ed_cta_examples_text":"","ed_cta_examples_hidden":"","ed_cta_demo_text":"","ed_cta_demo_hidden":"","why_caption":"","why_editor_title":"","why_editor_text":"","why_team_title":"","why_team_text":"","why_service_title":"","why_service_text":"","template_catalog_visible":"","template_catalog_title":"","template_catalog_text":"","template_catalog_categories_visible":"","demo_title":"Cr\u00e9ez votre plugin de flux social","demo_caption":"Configurez votre flux social et ajoutez-le gratuitement \u00e0 votre site Web Joomla\u00a0!","default_faq_hidden":"","app_template_category":[],"platform":"354","template_public_id":"","codecanyon_url":"","codecanyon_item_id":"","codecanyon_price":"","pricing_caption":"","pricing_elfsight_apps_hide_column":"","pricing_elfsight_apps_url":"","pricing_codecanyon_price_caption":"","integration_category":[],"integration_request_title":"","integration_request_cta":"","integration_platform":"","integrations":[],"platform_category":[],"video_schema_markup":"","price":"\u00c0 partir de $0\/mois","trial":"","benefits":[{"text":"Installation gratuite"},{"text":"Support Premium"},{"text":"Garantie de remboursement de 14 jours"},{"text":"L'am\u00e9lioration continue"}],"button_url":"#demo","button_target_blank":"0","button_nofollow":"0","attributes":[{"name":"Nombre d'installations","content":"1,000 - 5,000","_state":"expanded"},{"name":"Adaptif","content":"Oui","_state":"expanded"},{"name":"Navigateurs compatibles","content":"Firefox, Safari, Opera, Chrome, Edge","_state":"expanded"}],"tags":[],"tags_disable_links":"0","hide_more_platforms":"","video_object":"","demo_hide_cta":"0","demo_hide_cloud_options":"0","pricing_title":"","pricing":[{"pricing_icon":"platform","pricing_title":"Applications d'Elfsight","pricing_title_caption":"Solution num\u00e9rique multiplateforme qui fonctionne sur n'importe quel site","pricing_price":"\u00c0 partir de $0\/mois","pricing_price_caption":"Commencez avec un plan gratuit","pricing_benefits":[{"text":"Sites Web illimit\u00e9s"},{"text":"\u00c9quipe d'assistance professionnelle"},{"text":"Service d'installation gratuit"},{"text":"100% personnalisable"}],"pricing_button_text":"Ajouter au site Web","pricing_button_url":"https:\/\/apps.elfsight.com\/sign-up\/","pricing_button_nofollow":"1","_state":"expanded"}],"related_apps_title":"","related_apps_hidden":"1","author":"","image":[],"title":"","job":"","social_networks":[]},"_links":{"self":[{"href":"https:\/\/elfsight.com\/fr\/wp-json\/wp\/v2\/pages\/6204","targetHints":{"allow":["GET"]}}],"collection":[{"href":"https:\/\/elfsight.com\/fr\/wp-json\/wp\/v2\/pages"}],"about":[{"href":"https:\/\/elfsight.com\/fr\/wp-json\/wp\/v2\/types\/page"}],"author":[{"embeddable":true,"href":"https:\/\/elfsight.com\/fr\/wp-json\/wp\/v2\/users\/18"}],"replies":[{"embeddable":true,"href":"https:\/\/elfsight.com\/fr\/wp-json\/wp\/v2\/comments?post=6204"}],"version-history":[{"count":3,"href":"https:\/\/elfsight.com\/fr\/wp-json\/wp\/v2\/pages\/6204\/revisions"}],"predecessor-version":[{"id":14089,"href":"https:\/\/elfsight.com\/fr\/wp-json\/wp\/v2\/pages\/6204\/revisions\/14089"}],"up":[{"embeddable":true,"href":"https:\/\/elfsight.com\/fr\/wp-json\/wp\/v2\/pages\/2785"}],"wp:attachment":[{"href":"https:\/\/elfsight.com\/fr\/wp-json\/wp\/v2\/media?parent=6204"}],"curies":[{"name":"wp","href":"https:\/\/api.w.org\/{rel}","templated":true}]}}