{"id":6174,"date":"2021-12-03T09:51:02","date_gmt":"2021-12-03T09:51:02","guid":{"rendered":"https:\/\/elfsight.com\/fr\/?page_id=6174"},"modified":"2024-11-11T10:53:58","modified_gmt":"2024-11-11T10:53:58","slug":"webnode","status":"publish","type":"page","link":"https:\/\/elfsight.com\/fr\/age-verification-widget\/webnode\/","title":{"rendered":"Age Verification &#8211; Webnode"},"content":{"rendered":"<div class=\"application-platform-content-item-description application-platform-content-item\" id=\"description\" data-nav-section=\"description\"> <h2>Description<\/h2> <p>Notre widget deviendra la m\u00e9thode la plus pratique pour cr\u00e9er une notification contr\u00f4lant l&rsquo;\u00e2ge d&rsquo;un utilisateur. Notre widget permet de rendre votre contenu limit\u00e9 par \u00e2ge accessible aux utilisateurs majeurs et d&rsquo;en bloquer l&rsquo;acc\u00e8s pour les spectateurs mineurs. Le widget permet de d\u00e9finir la limite d&rsquo;\u00e2ge, de s\u00e9lectionner le format de v\u00e9rification, de placer la fen\u00eatre sur chaque page ou uniquement sur des pages particuli\u00e8res et de choisir l&rsquo;action apr\u00e8s un refus d&rsquo;acc\u00e8s. L&rsquo;apparence est \u00e9galement sous votre contr\u00f4le avec des \u00e9l\u00e9ments \u00e0 peindre et la possibilit\u00e9 d&rsquo;afficher des images personnalis\u00e9es. <\/p> <div class=\"faq\" data-component=\"FAQ\"> <div class=\"faq-item\">\r\n\t\t\t\t\t<div class=\"faq-item-question\">\r\n\t\t\t\t\t\t<h3 class=\"faq-item-question-text\">O\u00f9 puis-je afficher le widget de v\u00e9rification de l'\u00e2ge ?<\/h3>\r\n\r\n\t\t\t\t\t\t<div class=\"faq-item-question-icon\"><\/div>\r\n\t\t\t\t\t<\/div>\r\n\r\n\t\t\t\t\t<div class=\"faq-item-answer\">\r\n\t\t\t\t\t\t<div class=\"faq-item-answer-text\"> <p>Vous pouvez choisir d&rsquo;afficher la fen\u00eatre contextuelle de v\u00e9rification de l&rsquo;\u00e2ge sur chaque page ou s\u00e9lectionner les pages sur lesquelles l&rsquo;afficher. De plus, il existe la possibilit\u00e9 d\u2019exclure les pages sur lesquelles vous n\u2019en avez pas besoin. <\/p> <\/div>\r\n\t\t\t\t\t<\/div>\r\n\t\t\t\t<\/div> <div class=\"faq-item\">\r\n\t\t\t\t\t<div class=\"faq-item-question\">\r\n\t\t\t\t\t\t<h3 class=\"faq-item-question-text\">Quels avantages cela m'apportera-t-il ?<\/h3>\r\n\r\n\t\t\t\t\t\t<div class=\"faq-item-question-icon\"><\/div>\r\n\t\t\t\t\t<\/div>\r\n\r\n\t\t\t\t\t<div class=\"faq-item-answer\">\r\n\t\t\t\t\t\t<div class=\"faq-item-answer-text\"> <p>En utilisant notre widget, il est absolument simple et rapide d&rsquo;afficher une fen\u00eatre de v\u00e9rification de l&rsquo;\u00e2ge et de masquer votre contenu aux visiteurs mineurs. Ainsi, vous serez s\u00fbr que votre site Web r\u00e9pond aux exigences l\u00e9gales. De plus, cela attirera davantage de public cible et de clients potentiels valides. <\/p> <\/div>\r\n\t\t\t\t\t<\/div>\r\n\t\t\t\t<\/div> <div class=\"faq-item\">\r\n\t\t\t\t\t<div class=\"faq-item-question\">\r\n\t\t\t\t\t\t<h3 class=\"faq-item-question-text\">De quoi ai-je besoin pour ajouter la v\u00e9rification de l'\u00e2ge sur mon site Webnode ?<\/h3>\r\n\r\n\t\t\t\t\t\t<div class=\"faq-item-question-icon\"><\/div>\r\n\t\t\t\t\t<\/div>\r\n\r\n\t\t\t\t\t<div class=\"faq-item-answer\">\r\n\t\t\t\t\t\t<div class=\"faq-item-answer-text\"> <p>L&rsquo;activation du widget ne prend que trois minutes. L\u2019ajouter au site est ultra rapide, gratuit et sans codage. <\/p> <p>Il existe une option pour int\u00e9grer la v\u00e9rification de l&rsquo;\u00e2ge au site Web directement via notre service. Consultez simplement la br\u00e8ve description ci-apr\u00e8s sur cette page.<\/p> <\/div>\r\n\t\t\t\t\t<\/div>\r\n\t\t\t\t<\/div> <\/div> <\/div> <div class=\"application-platform-content-item-features application-platform-content-item\" id=\"features\" data-nav-section=\"features\"> <h2>Fonctionnalit\u00e9s<\/h2> <p>Pour fa\u00e7onner une connaissance compl\u00e8te du widget, consultez la liste des principales fonctionnalit\u00e9s. Ils rendent ce widget incroyablement efficace pour vous\u00a0: <\/p> <ul><li>S\u00e9lectionnez l&rsquo;un des types de contr\u00f4le\u00a0: saisissez la date de naissance compl\u00e8te, uniquement l&rsquo;ann\u00e9e de naissance ou les boutons Oui et Non pour choisir\u00a0; <\/li><li>Configurez le widget pour qu&rsquo;il se souvienne d&rsquo;un visiteur pendant un certain temps\u00a0; <\/li><li>2 sc\u00e9narios pour les utilisateurs mineurs\u00a0: pour afficher un message personnalis\u00e9 ou diriger un utilisateur vers n&rsquo;importe quelle page ou site\u00a0; <\/li><li>Chargez votre propre photo \u00e0 afficher dans la fen\u00eatre de v\u00e9rification de l&rsquo;\u00e2ge\u00a0; <\/li><li>Affichez des informations suppl\u00e9mentaires avec des liens sous le bouton de v\u00e9rification. <\/li><\/ul><p><a href=\"#demo\">D\u00e9couvrez plus de fonctionnalit\u00e9s dans notre d\u00e9mo en direct<\/a><\/p> <\/div><div class=\"application-platform-content-item-installation application-platform-content-item\" id=\"installation\" data-nav-section=\"installation\"> <h2> V\u00e9rifiez comment ajouter le widget de v\u00e9rification de l&rsquo;\u00e2ge \u00e0 votre site. C&rsquo;est un-deux-trois facile.<\/h2> <p>Suivez les \u00e9tapes suivantes pour \u00e9tablir le widget. <\/p> <ol><li><b>Cr\u00e9ez votre plugin de v\u00e9rification d&rsquo;\u00e2ge personnalis\u00e9<\/b><br> Au moyen de notre d\u00e9mo gratuite, configurez un plugin, choisissez les options d&rsquo;interface et de fonctionnalit\u00e9 pr\u00e9f\u00e9r\u00e9es. <\/li><li><b>Copiez le code personnel pour afficher le plugin<\/b><br> Apr\u00e8s avoir cr\u00e9\u00e9 votre widget, vous obtiendrez votre code d&rsquo;installation dans la notification contextuelle sur Elfsight Apps. Copiez le code. <\/li> <li><b>Affichez le plugin sur votre site Webnode<\/b><br> Recherchez la zone dans laquelle vous pr\u00e9voyez d&rsquo;int\u00e9grer le plugin et ajoutez-y le code enregistr\u00e9. Appliquez les modifications.<\/li> <li><b>F\u00e9licitations\u00a0! Vous venez de publier le widget ! <\/b><br> Visitez le site pour jeter un \u0153il \u00e0 votre travail.<\/li> <\/ol><p>Vous n&rsquo;arrivez toujours pas \u00e0 vous d\u00e9cider\u00a0? Ou rencontrez des probl\u00e8mes ? Il suffit d&rsquo;envoyer une demande \u00e0 notre service client pour r\u00e9soudre tous les probl\u00e8mes.<\/p> <\/div>","protected":false},"excerpt":{"rendered":"","protected":false},"author":18,"featured_media":0,"parent":931,"menu_order":0,"comment_status":"closed","ping_status":"closed","template":"templates\/template-application-platform.php","meta":{"publish_to_discourse":"","publish_post_category":"","wpdc_auto_publish_overridden":"","wpdc_topic_tags":"","wpdc_pin_topic":"","wpdc_pin_until":"","discourse_post_id":"","discourse_permalink":"","wpdc_publishing_response":"","wpdc_publishing_error":"","footnotes":""},"class_list":["post-6174","page","type-page","status-publish","hentry"],"yoast_head":"<!-- This site is optimized with the Yoast SEO plugin v25.3.1 - https:\/\/yoast.com\/wordpress\/plugins\/seo\/ -->\n<title>V\u00e9rification de l&#039;age - ajoutez plugin Age verifier sur Webnode<\/title>\n<meta name=\"description\" content=\"Int\u00e9grez une V\u00e9rification de l&#039;age avantageuse sur votre site. Utilisez la d\u00e9mo d&#039;Elfsight et g\u00e9n\u00e9rez votre widget en deux minutes.\" \/>\n<meta name=\"robots\" content=\"index, follow, max-snippet:-1, max-image-preview:large, max-video-preview:-1\" \/>\n<link rel=\"canonical\" href=\"https:\/\/elfsight.com\/fr\/age-verification-widget\/webnode\/\" \/>\n<meta property=\"og:locale\" content=\"fr_FR\" \/>\n<meta property=\"og:type\" content=\"article\" \/>\n<meta property=\"og:title\" content=\"V\u00e9rification de l&#039;age - ajoutez plugin Age verifier sur Webnode\" \/>\n<meta property=\"og:description\" content=\"Int\u00e9grez une V\u00e9rification de l&#039;age avantageuse sur votre site. Utilisez la d\u00e9mo d&#039;Elfsight et g\u00e9n\u00e9rez votre widget en deux minutes.\" \/>\n<meta property=\"og:url\" content=\"https:\/\/elfsight.com\/fr\/age-verification-widget\/webnode\/\" \/>\n<meta property=\"og:site_name\" content=\"Elfsight FR\" \/>\n<meta property=\"article:modified_time\" content=\"2024-11-11T10:53:58+00:00\" \/>\n<meta name=\"twitter:card\" content=\"summary_large_image\" \/>\n<meta name=\"twitter:label1\" content=\"Dur\u00e9e de lecture estim\u00e9e\" \/>\n\t<meta name=\"twitter:data1\" content=\"1 minute\" \/>\n<!-- \/ Yoast SEO plugin. -->","yoast_head_json":{"title":"V\u00e9rification de l'age - ajoutez plugin Age verifier sur Webnode","description":"Int\u00e9grez une V\u00e9rification de l'age avantageuse sur votre site. Utilisez la d\u00e9mo d'Elfsight et g\u00e9n\u00e9rez votre widget en deux minutes.","robots":{"index":"index","follow":"follow","max-snippet":"max-snippet:-1","max-image-preview":"max-image-preview:large","max-video-preview":"max-video-preview:-1"},"canonical":"https:\/\/elfsight.com\/fr\/age-verification-widget\/webnode\/","og_locale":"fr_FR","og_type":"article","og_title":"V\u00e9rification de l'age - ajoutez plugin Age verifier sur Webnode","og_description":"Int\u00e9grez une V\u00e9rification de l'age avantageuse sur votre site. Utilisez la d\u00e9mo d'Elfsight et g\u00e9n\u00e9rez votre widget en deux minutes.","og_url":"https:\/\/elfsight.com\/fr\/age-verification-widget\/webnode\/","og_site_name":"Elfsight FR","article_modified_time":"2024-11-11T10:53:58+00:00","twitter_card":"summary_large_image","twitter_misc":{"Dur\u00e9e de lecture estim\u00e9e":"1 minute"},"schema":{"@context":"https:\/\/schema.org","@graph":[{"@type":"WebPage","@id":"https:\/\/elfsight.com\/fr\/age-verification-widget\/webnode\/","url":"https:\/\/elfsight.com\/fr\/age-verification-widget\/webnode\/","name":"V\u00e9rification de l'age - ajoutez plugin Age verifier sur Webnode","isPartOf":{"@id":"https:\/\/elfsight.com\/fr\/#website"},"datePublished":"2021-12-03T09:51:02+00:00","dateModified":"2024-11-11T10:53:58+00:00","description":"Int\u00e9grez une V\u00e9rification de l'age avantageuse sur votre site. Utilisez la d\u00e9mo d'Elfsight et g\u00e9n\u00e9rez votre widget en deux minutes.","breadcrumb":{"@id":"https:\/\/elfsight.com\/fr\/age-verification-widget\/webnode\/#breadcrumb"},"inLanguage":"fr-FR","potentialAction":[{"@type":"ReadAction","target":["https:\/\/elfsight.com\/fr\/age-verification-widget\/webnode\/"]}]},{"@type":"BreadcrumbList","@id":"https:\/\/elfsight.com\/fr\/age-verification-widget\/webnode\/#breadcrumb","itemListElement":[{"@type":"ListItem","position":1,"name":"Home","item":"https:\/\/elfsight.com\/fr\/"},{"@type":"ListItem","position":2,"name":"Age Verification","item":"https:\/\/elfsight.com\/fr\/age-verification-widget\/"},{"@type":"ListItem","position":3,"name":"Age Verification &#8211; Webnode"}]},{"@type":"WebSite","@id":"https:\/\/elfsight.com\/fr\/#website","url":"https:\/\/elfsight.com\/fr\/","name":"Elfsight FR","description":"","potentialAction":[{"@type":"SearchAction","target":{"@type":"EntryPoint","urlTemplate":"https:\/\/elfsight.com\/fr\/?s={search_term_string}"},"query-input":{"@type":"PropertyValueSpecification","valueRequired":true,"valueName":"search_term_string"}}],"inLanguage":"fr-FR"}]}},"meta_box":{"industry":"","seo_heading":"","heading":"","description":"","cta_heading":"","cta_description":"","application":"933","h1":"Plugin V\u00e9rification de l'age pour Webnode","h1_caption":"Assurez-vous que le contenu sensible \u00e0 l'\u00e2ge est accessible de mani\u00e8re responsable gr\u00e2ce \u00e0 un widget de v\u00e9rification de l'\u00e2ge simple et personnalisable int\u00e9gr\u00e9 sans effort \u00e0 votre site Web Webnode.","application_category":[],"applications_title":"","applications_request_title":"","applications_request_button_text":"","hero_text":"","hero_video":"","hero_video_schema_markup":"","selling_points_title":"","selling_points_caption":"","selling_points":[],"selling_points_cta_text":"","features_title":"","features":"","ed_cta_examples_text":"","ed_cta_examples_hidden":"","ed_cta_demo_text":"","ed_cta_demo_hidden":"","why_caption":"","why_editor_title":"","why_editor_text":"","why_team_title":"","why_team_text":"","why_service_title":"","why_service_text":"","template_catalog_visible":"","template_catalog_title":"","template_catalog_text":"","template_catalog_categories_visible":"","demo_title":"Cr\u00e9ez votre widget de v\u00e9rification de l'\u00e2ge","demo_caption":"Configurez votre v\u00e9rification d'\u00e2ge et ajoutez-la \u00e0 votre site Webnode gratuitement !","default_faq_hidden":"","app_template_category":[],"platform":"364","template_public_id":"","codecanyon_url":"","codecanyon_item_id":"","codecanyon_price":"","pricing_caption":"","pricing_elfsight_apps_hide_column":"","pricing_elfsight_apps_url":"","pricing_codecanyon_price_caption":"","integration_category":[],"integration_request_title":"","integration_request_cta":"","integration_platform":"","integrations":[],"platform_category":[],"video_schema_markup":"","price":"\u00c0 partir de $0\/mois","trial":"","benefits":[{"text":"Installation gratuite"},{"text":"Support Premium"},{"text":"Garantie de remboursement de 14 jours"},{"text":"L'am\u00e9lioration continue"}],"button_url":"#demo","button_target_blank":"0","button_nofollow":"0","attributes":[{"name":"Nombre d'installations","content":"1,000 - 5,000","_state":"expanded"},{"name":"Adaptif","content":"Oui","_state":"expanded"},{"name":"Navigateurs compatibles","content":"Firefox, Safari, Opera, Chrome, Edge","_state":"expanded"}],"tags":[],"tags_disable_links":"0","hide_more_platforms":"","video_object":"","demo_hide_cta":"0","demo_hide_cloud_options":"0","pricing_title":"","pricing":[{"pricing_icon":"platform","pricing_title":"Applications d'Elfsight","pricing_title_caption":"Solution num\u00e9rique multiplateforme qui fonctionne sur n'importe quel site","pricing_price":"\u00c0 partir de $0\/mois","pricing_price_caption":"Commencez avec un plan gratuit","pricing_benefits":[{"text":"Sites Web illimit\u00e9s"},{"text":"\u00c9quipe d'assistance professionnelle"},{"text":"Service d'installation gratuit"},{"text":"100% personnalisable"}],"pricing_button_text":"Ajouter au site Web","pricing_button_url":"https:\/\/apps.elfsight.com\/sign-up\/","pricing_button_nofollow":"1","_state":"expanded"}],"related_apps_title":"","related_apps_hidden":"1","author":"","image":[],"title":"","job":"","social_networks":[]},"_links":{"self":[{"href":"https:\/\/elfsight.com\/fr\/wp-json\/wp\/v2\/pages\/6174","targetHints":{"allow":["GET"]}}],"collection":[{"href":"https:\/\/elfsight.com\/fr\/wp-json\/wp\/v2\/pages"}],"about":[{"href":"https:\/\/elfsight.com\/fr\/wp-json\/wp\/v2\/types\/page"}],"author":[{"embeddable":true,"href":"https:\/\/elfsight.com\/fr\/wp-json\/wp\/v2\/users\/18"}],"replies":[{"embeddable":true,"href":"https:\/\/elfsight.com\/fr\/wp-json\/wp\/v2\/comments?post=6174"}],"version-history":[{"count":3,"href":"https:\/\/elfsight.com\/fr\/wp-json\/wp\/v2\/pages\/6174\/revisions"}],"predecessor-version":[{"id":13985,"href":"https:\/\/elfsight.com\/fr\/wp-json\/wp\/v2\/pages\/6174\/revisions\/13985"}],"up":[{"embeddable":true,"href":"https:\/\/elfsight.com\/fr\/wp-json\/wp\/v2\/pages\/931"}],"wp:attachment":[{"href":"https:\/\/elfsight.com\/fr\/wp-json\/wp\/v2\/media?parent=6174"}],"curies":[{"name":"wp","href":"https:\/\/api.w.org\/{rel}","templated":true}]}}