{"id":6172,"date":"2021-12-03T09:51:00","date_gmt":"2021-12-03T09:51:00","guid":{"rendered":"https:\/\/elfsight.com\/fr\/?page_id=6172"},"modified":"2025-07-09T09:22:54","modified_gmt":"2025-07-09T09:22:54","slug":"webflow","status":"publish","type":"page","link":"https:\/\/elfsight.com\/fr\/age-verification-widget\/webflow\/","title":{"rendered":"Age Verification &#8211; Webflow"},"content":{"rendered":"<div class=\"application-platform-content-item-description application-platform-content-item\" id=\"description\" data-nav-section=\"description\"> <h2>Int\u00e9grer la v\u00e9rification de l&rsquo;\u00e2ge sur Webflow avec le widget Elfsight<\/h2> <p>Le widget de v\u00e9rification de l&rsquo;\u00e2ge Elfsight est le moyen le plus simple de configurer une fen\u00eatre qui v\u00e9rifie l&rsquo;\u00e2ge d&rsquo;un visiteur. Notre widget permet de rendre les contenus sensibles \u00e0 l&rsquo;\u00e2ge accessibles aux utilisateurs adultes et de les dissuader des t\u00e9l\u00e9spectateurs mineurs. Vous pouvez d\u00e9finir l&rsquo;\u00e2ge correct, choisir la m\u00e9thode de v\u00e9rification, introduire la fen\u00eatre sur chaque page ou uniquement sur les pages s\u00e9lectionn\u00e9es et choisir l&rsquo;action. Le style peut \u00e9galement \u00eatre adapt\u00e9, y compris des \u00e9l\u00e9ments \u00e0 peindre et la possibilit\u00e9 d&rsquo;ajouter des images personnalis\u00e9es. <\/p> <div class=\"faq\" data-component=\"FAQ\"> <div class=\"faq-item\">\r\n\t\t\t\t\t<div class=\"faq-item-question\">\r\n\t\t\t\t\t\t<h3 class=\"faq-item-question-text\">O\u00f9 puis-je l'afficher<\/h3>\r\n\r\n\t\t\t\t\t\t<div class=\"faq-item-question-icon\"><\/div>\r\n\t\t\t\t\t<\/div>\r\n\r\n\t\t\t\t\t<div class=\"faq-item-answer\">\r\n\t\t\t\t\t\t<div class=\"faq-item-answer-text\"> <p>Vous pouvez choisir d&rsquo;afficher la popup de v\u00e9rification sur chaque page ou d\u00e9signer des pages particuli\u00e8res, o\u00f9 l&rsquo;afficher. De plus, il existe la possibilit\u00e9 d\u2019exclure les pages sur lesquelles vous ne le souhaitez pas. <\/p> <\/div>\r\n\t\t\t\t\t<\/div>\r\n\t\t\t\t<\/div> <div class=\"faq-item\">\r\n\t\t\t\t\t<div class=\"faq-item-question\">\r\n\t\t\t\t\t\t<h3 class=\"faq-item-question-text\">Comment vais-je b\u00e9n\u00e9ficier du widget ? <\/h3>\r\n\r\n\t\t\t\t\t\t<div class=\"faq-item-question-icon\"><\/div>\r\n\t\t\t\t\t<\/div>\r\n\r\n\t\t\t\t\t<div class=\"faq-item-answer\">\r\n\t\t\t\t\t\t<div class=\"faq-item-answer-text\"> <p>Gr\u00e2ce \u00e0 ce widget, il est parfaitement simple et rapide d&rsquo;int\u00e9grer une fen\u00eatre de contr\u00f4le d&rsquo;\u00e2ge et de rendre votre contenu inaccessible aux visiteurs mineurs. . Ainsi, vous vous assurerez que votre site Web r\u00e9pond aux exigences l\u00e9gales. En outre, cela attirera de nouveaux visiteurs cibles et des clients valides. <\/p> <\/div>\r\n\t\t\t\t\t<\/div>\r\n\t\t\t\t<\/div> <div class=\"faq-item\">\r\n\t\t\t\t\t<div class=\"faq-item-question\">\r\n\t\t\t\t\t\t<h3 class=\"faq-item-question-text\">Comment puis-je int\u00e9grer la v\u00e9rification de l'\u00e2ge sur mon site Webflow ? <\/h3>\r\n\r\n\t\t\t\t\t\t<div class=\"faq-item-question-icon\"><\/div>\r\n\t\t\t\t\t<\/div>\r\n\r\n\t\t\t\t\t<div class=\"faq-item-answer\">\r\n\t\t\t\t\t\t<div class=\"faq-item-answer-text\"> <p>Cela prendra une minute pour commencer \u00e0 utiliser le widget. L&rsquo;int\u00e9gration est vraiment rapide, gratuite et sans codage. <\/p> <ol> <li>Vous pouvez int\u00e9grer le widget au site Web directement via notre service. Appliquez simplement les instructions ci-dessous sur cette page. <\/li> <li>Le widget peut \u00eatre int\u00e9gr\u00e9 via notre service ou via la marketplace. Ici, vous pouvez comparer les deux variantes et en s\u00e9lectionner une plus appropri\u00e9e. <\/li> <\/ol> <\/div>\r\n\t\t\t\t\t<\/div>\r\n\t\t\t\t<\/div> <\/div> <\/div> <div class=\"application-platform-content-item-features application-platform-content-item\" id=\"features\" data-nav-section=\"features\"> <h2>Principales fonctionnalit\u00e9s du widget de v\u00e9rification de l&rsquo;\u00e2ge<\/h2> <p>Pour mieux comprendre de v\u00e9rification de l&rsquo;\u00e2ge, consultez la liste des principales fonctionnalit\u00e9s du widget. Ils rendent ce widget vraiment b\u00e9n\u00e9fique pour votre boutique\u00a0: <\/p> <ul><li>S\u00e9lectionnez l&rsquo;un des formats de v\u00e9rification\u00a0: demander la date de naissance compl\u00e8te, uniquement l&rsquo;ann\u00e9e de naissance ou une question proposant des options Oui et Non\u00a0; <\/li><li>Choisissez de m\u00e9moriser les utilisateurs pendant une p\u00e9riode de temps quelconque\u00a0; <\/li><li>Deux sc\u00e9narios pour dissuader les visiteurs\u00a0: afficher un message personnalis\u00e9 ou diriger un utilisateur vers n&rsquo;importe quelle adresse\u00a0; <\/li><li>Ajoutez n&rsquo;importe quelle image \u00e0 afficher dans la fen\u00eatre de v\u00e9rification\u00a0; <\/li><li>Affichez des d\u00e9tails suppl\u00e9mentaires avec des liens sous le bouton de v\u00e9rification. <\/li><\/ul><p><a href=\"#demo\">V\u00e9rifiez plus de fonctionnalit\u00e9s dans la d\u00e9mo<\/a><\/p> <\/div> <div class=\"application-platform-content-item-installation application-platform-content-item\" id=\"installation\" data-nav-section=\"installation\"> <h2>D\u00e9couvrez comment pour ajouter la v\u00e9rification de l&rsquo;\u00e2ge \u00e0 votre site Webflow. C&rsquo;est sans codage et tr\u00e8s rapide.<\/h2><iframe width=\"720\" height=\"405\" src=\"https:\/\/www.youtube.com\/embed\/rAr3jZG6hsA\" frameborder=\"0\" allowfullscreen=\"\"><\/iframe><p>Les \u00e9tapes suivantes sont la seule chose que vous devez effectuer pour int\u00e9grer le widget. <\/p> <ol><li><b>Cr\u00e9ez votre plugin unique de v\u00e9rification de l&rsquo;\u00e2ge<\/b><br> Dans notre configurateur gratuit, configurez un plugin, choisissez une mise en page et personnalisez d&rsquo;autres d\u00e9tails de l&rsquo;interface. <\/li><li><b>Recevez le code personnel pour ajouter le plugin<\/b><br> Apr\u00e8s avoir g\u00e9n\u00e9r\u00e9 votre widget, vous obtiendrez votre code d&rsquo;installation \u00e0 partir de la notification apparue sur Elfsight Apps. Copiez ce code. <\/li> <li><b>Int\u00e9grez le plugin sur votre site Web Webflow<\/b><br> Choisissez l&rsquo;endroit o\u00f9 vous devez afficher le plugin et collez-y le code copi\u00e9. Appliquez les modifications. <\/li> <li><b>Vous avez r\u00e9ussi l&rsquo;installation<\/b><br> Allez sur le site pour voir votre widget. <\/li> <\/ol><p>Vous n&rsquo;arrivez toujours pas \u00e0 vous d\u00e9cider\u00a0? Ou vous avez des questions ? Envoyez simplement votre demande \u00e0 notre service client ; nous vous aiderons \u00e0 r\u00e9soudre tous les probl\u00e8mes. <\/p> <\/div>","protected":false},"excerpt":{"rendered":"","protected":false},"author":18,"featured_media":0,"parent":931,"menu_order":0,"comment_status":"closed","ping_status":"closed","template":"templates\/template-application-platform.php","meta":{"publish_to_discourse":"","publish_post_category":"","wpdc_auto_publish_overridden":"","wpdc_topic_tags":"","wpdc_pin_topic":"","wpdc_pin_until":"","discourse_post_id":"","discourse_permalink":"","wpdc_publishing_response":"","wpdc_publishing_error":"","footnotes":""},"class_list":["post-6172","page","type-page","status-publish","hentry"],"yoast_head":"<!-- This site is optimized with the Yoast SEO plugin v25.3.1 - https:\/\/yoast.com\/wordpress\/plugins\/seo\/ -->\n<title>V\u00e9rification de l&#039;age - ajoutez widget Age verifier sur Webflow<\/title>\n<meta name=\"description\" content=\"Int\u00e9grez une V\u00e9rification de l&#039;age attractive sur votre site. Utilisez la d\u00e9mo d&#039;Elfsight et g\u00e9n\u00e9rez votre widget en deux minutes.\" \/>\n<meta name=\"robots\" content=\"index, follow, max-snippet:-1, max-image-preview:large, max-video-preview:-1\" \/>\n<link rel=\"canonical\" href=\"https:\/\/elfsight.com\/fr\/age-verification-widget\/webflow\/\" \/>\n<meta property=\"og:locale\" content=\"fr_FR\" \/>\n<meta property=\"og:type\" content=\"article\" \/>\n<meta property=\"og:title\" content=\"V\u00e9rification de l&#039;age - ajoutez widget Age verifier sur Webflow\" \/>\n<meta property=\"og:description\" content=\"Int\u00e9grez une V\u00e9rification de l&#039;age attractive sur votre site. Utilisez la d\u00e9mo d&#039;Elfsight et g\u00e9n\u00e9rez votre widget en deux minutes.\" \/>\n<meta property=\"og:url\" content=\"https:\/\/elfsight.com\/fr\/age-verification-widget\/webflow\/\" \/>\n<meta property=\"og:site_name\" content=\"Elfsight FR\" \/>\n<meta property=\"article:modified_time\" content=\"2025-07-09T09:22:54+00:00\" \/>\n<meta name=\"twitter:card\" content=\"summary_large_image\" \/>\n<meta name=\"twitter:label1\" content=\"Dur\u00e9e de lecture estim\u00e9e\" \/>\n\t<meta name=\"twitter:data1\" content=\"1 minute\" \/>\n<!-- \/ Yoast SEO plugin. -->","yoast_head_json":{"title":"V\u00e9rification de l'age - ajoutez widget Age verifier sur Webflow","description":"Int\u00e9grez une V\u00e9rification de l'age attractive sur votre site. Utilisez la d\u00e9mo d'Elfsight et g\u00e9n\u00e9rez votre widget en deux minutes.","robots":{"index":"index","follow":"follow","max-snippet":"max-snippet:-1","max-image-preview":"max-image-preview:large","max-video-preview":"max-video-preview:-1"},"canonical":"https:\/\/elfsight.com\/fr\/age-verification-widget\/webflow\/","og_locale":"fr_FR","og_type":"article","og_title":"V\u00e9rification de l'age - ajoutez widget Age verifier sur Webflow","og_description":"Int\u00e9grez une V\u00e9rification de l'age attractive sur votre site. Utilisez la d\u00e9mo d'Elfsight et g\u00e9n\u00e9rez votre widget en deux minutes.","og_url":"https:\/\/elfsight.com\/fr\/age-verification-widget\/webflow\/","og_site_name":"Elfsight FR","article_modified_time":"2025-07-09T09:22:54+00:00","twitter_card":"summary_large_image","twitter_misc":{"Dur\u00e9e de lecture estim\u00e9e":"1 minute"},"schema":{"@context":"https:\/\/schema.org","@graph":[{"@type":"WebPage","@id":"https:\/\/elfsight.com\/fr\/age-verification-widget\/webflow\/","url":"https:\/\/elfsight.com\/fr\/age-verification-widget\/webflow\/","name":"V\u00e9rification de l'age - ajoutez widget Age verifier sur Webflow","isPartOf":{"@id":"https:\/\/elfsight.com\/fr\/#website"},"datePublished":"2021-12-03T09:51:00+00:00","dateModified":"2025-07-09T09:22:54+00:00","description":"Int\u00e9grez une V\u00e9rification de l'age attractive sur votre site. Utilisez la d\u00e9mo d'Elfsight et g\u00e9n\u00e9rez votre widget en deux minutes.","breadcrumb":{"@id":"https:\/\/elfsight.com\/fr\/age-verification-widget\/webflow\/#breadcrumb"},"inLanguage":"fr-FR","potentialAction":[{"@type":"ReadAction","target":["https:\/\/elfsight.com\/fr\/age-verification-widget\/webflow\/"]}]},{"@type":"BreadcrumbList","@id":"https:\/\/elfsight.com\/fr\/age-verification-widget\/webflow\/#breadcrumb","itemListElement":[{"@type":"ListItem","position":1,"name":"Home","item":"https:\/\/elfsight.com\/fr\/"},{"@type":"ListItem","position":2,"name":"Age Verification","item":"https:\/\/elfsight.com\/fr\/age-verification-widget\/"},{"@type":"ListItem","position":3,"name":"Age Verification &#8211; Webflow"}]},{"@type":"WebSite","@id":"https:\/\/elfsight.com\/fr\/#website","url":"https:\/\/elfsight.com\/fr\/","name":"Elfsight FR","description":"","potentialAction":[{"@type":"SearchAction","target":{"@type":"EntryPoint","urlTemplate":"https:\/\/elfsight.com\/fr\/?s={search_term_string}"},"query-input":{"@type":"PropertyValueSpecification","valueRequired":true,"valueName":"search_term_string"}}],"inLanguage":"fr-FR"}]}},"meta_box":{"industry":"","seo_heading":"","heading":"","description":"","cta_heading":"","cta_description":"","application":"933","h1":"Widget V\u00e9rification de l'age pour Webflow","h1_caption":"Assurez-vous que le contenu sensible \u00e0 l\u2019\u00e2ge est accessible de mani\u00e8re responsable gr\u00e2ce \u00e0 un widget de v\u00e9rification de l\u2019\u00e2ge simple et personnalisable int\u00e9gr\u00e9 sans effort \u00e0 votre site Web Webflow.","application_category":[],"applications_title":"","applications_request_title":"","applications_request_button_text":"","hero_text":"","hero_video":"","hero_video_schema_markup":"","selling_points_title":"","selling_points_caption":"","selling_points":[],"selling_points_cta_text":"","features_title":"","features":"","ed_cta_examples_text":"","ed_cta_examples_hidden":"","ed_cta_demo_text":"","ed_cta_demo_hidden":"","why_caption":"","why_editor_title":"","why_editor_text":"","why_team_title":"","why_team_text":"","why_service_title":"","why_service_text":"","template_catalog_visible":"","template_catalog_title":"","template_catalog_text":"","template_catalog_categories_visible":"","demo_title":"Cr\u00e9ez votre widget de v\u00e9rification de l'\u00e2ge","demo_caption":"Configurez votre v\u00e9rification d'\u00e2ge et ajoutez-la \u00e0 votre site Web Webflow gratuitement\u00a0!","default_faq_hidden":"","app_template_category":[],"platform":"362","template_public_id":"","codecanyon_url":"","codecanyon_item_id":"","codecanyon_price":"","pricing_caption":"","pricing_elfsight_apps_hide_column":"","pricing_elfsight_apps_url":"","pricing_codecanyon_price_caption":"","integration_category":[],"integration_request_title":"","integration_request_cta":"","integration_platform":"","integrations":[],"platform_category":[],"video_schema_markup":"","price":"\u00c0 partir de $0\/mois","trial":"","benefits":[{"text":"Installation gratuite"},{"text":"Support Premium"},{"text":"Garantie de remboursement de 14 jours"},{"text":"L'am\u00e9lioration continue"}],"button_url":"#demo","button_target_blank":"0","button_nofollow":"0","attributes":[{"name":"Nombre d'installations","content":"1,000 - 5,000","_state":"expanded"},{"name":"Adaptif","content":"Oui","_state":"expanded"},{"name":"Navigateurs compatibles","content":"Firefox, Safari, Opera, Chrome, Edge","_state":"expanded"}],"tags":[],"tags_disable_links":"0","hide_more_platforms":"","video_object":"","demo_hide_cta":"0","demo_hide_cloud_options":"0","pricing_title":"","pricing":[{"pricing_icon":"platform","pricing_title":"Applications d'Elfsight","pricing_title_caption":"Solution num\u00e9rique multiplateforme qui fonctionne sur n'importe quel site","pricing_price":"\u00c0 partir de $0\/mois","pricing_price_caption":"Commencez avec un plan gratuit","pricing_benefits":[{"text":"Sites Web illimit\u00e9s"},{"text":"\u00c9quipe d'assistance professionnelle"},{"text":"Service d'installation gratuit"},{"text":"100% personnalisable"}],"pricing_button_text":"Ajouter au site Web","pricing_button_url":"https:\/\/apps.elfsight.com\/sign-up\/","pricing_button_nofollow":"1","_state":"expanded"}],"related_apps_title":"","related_apps_hidden":"1","author":"","image":[],"title":"","job":"","social_networks":[]},"_links":{"self":[{"href":"https:\/\/elfsight.com\/fr\/wp-json\/wp\/v2\/pages\/6172","targetHints":{"allow":["GET"]}}],"collection":[{"href":"https:\/\/elfsight.com\/fr\/wp-json\/wp\/v2\/pages"}],"about":[{"href":"https:\/\/elfsight.com\/fr\/wp-json\/wp\/v2\/types\/page"}],"author":[{"embeddable":true,"href":"https:\/\/elfsight.com\/fr\/wp-json\/wp\/v2\/users\/18"}],"replies":[{"embeddable":true,"href":"https:\/\/elfsight.com\/fr\/wp-json\/wp\/v2\/comments?post=6172"}],"version-history":[{"count":2,"href":"https:\/\/elfsight.com\/fr\/wp-json\/wp\/v2\/pages\/6172\/revisions"}],"predecessor-version":[{"id":14773,"href":"https:\/\/elfsight.com\/fr\/wp-json\/wp\/v2\/pages\/6172\/revisions\/14773"}],"up":[{"embeddable":true,"href":"https:\/\/elfsight.com\/fr\/wp-json\/wp\/v2\/pages\/931"}],"wp:attachment":[{"href":"https:\/\/elfsight.com\/fr\/wp-json\/wp\/v2\/media?parent=6172"}],"curies":[{"name":"wp","href":"https:\/\/api.w.org\/{rel}","templated":true}]}}