{"id":6170,"date":"2021-12-03T09:50:58","date_gmt":"2021-12-03T09:50:58","guid":{"rendered":"https:\/\/elfsight.com\/fr\/?page_id=6170"},"modified":"2024-11-11T10:54:07","modified_gmt":"2024-11-11T10:54:07","slug":"squarespace","status":"publish","type":"page","link":"https:\/\/elfsight.com\/fr\/age-verification-widget\/squarespace\/","title":{"rendered":"Age Verification &#8211; Squarespace"},"content":{"rendered":"<div class=\"application-platform-content-item-description application-platform-content-item\" id=\"description\" data-nav-section=\"description\"> <h2>Int\u00e9grer la v\u00e9rification de l&rsquo;\u00e2ge sur Squarespace avec le widget Elfsight<\/h2> <p>Le widget de v\u00e9rification de l&rsquo;\u00e2ge Elfsight sera la meilleure m\u00e9thode pour configurer un notification qui contr\u00f4le l\u2019\u00e2ge d\u2019un utilisateur. Le widget contribuera \u00e0 rendre votre contenu sensible \u00e0 l&rsquo;\u00e2ge accessible aux adultes et \u00e0 le cacher au public mineur. Vous pouvez d\u00e9terminer une limite d&rsquo;\u00e2ge appropri\u00e9e, s\u00e9lectionner la m\u00e9thode de v\u00e9rification, introduire la fen\u00eatre sur toutes les pages ou uniquement sur certaines pages et choisir le sc\u00e9nario. Le look est flexible avec des d\u00e9tails pouvant \u00eatre peints et la possibilit\u00e9 de t\u00e9l\u00e9charger des images personnalis\u00e9es. <\/p> <div class=\"faq\" data-component=\"FAQ\"> <div class=\"faq-item\">\r\n\t\t\t\t\t<div class=\"faq-item-question\">\r\n\t\t\t\t\t\t<h3 class=\"faq-item-question-text\">O\u00f9 puis-je publier la v\u00e9rification de l'\u00e2ge<\/h3>\r\n\r\n\t\t\t\t\t\t<div class=\"faq-item-question-icon\"><\/div>\r\n\t\t\t\t\t<\/div>\r\n\r\n\t\t\t\t\t<div class=\"faq-item-answer\">\r\n\t\t\t\t\t\t<div class=\"faq-item-answer-text\"> <p>Vous pouvez soit int\u00e9grer la fen\u00eatre de v\u00e9rification sur tous les sites Web, soit choisir les pages, o\u00f9 l&rsquo;int\u00e9grer ou exclure plusieurs pages. <\/p> <\/div>\r\n\t\t\t\t\t<\/div>\r\n\t\t\t\t<\/div> <div class=\"faq-item\">\r\n\t\t\t\t\t<div class=\"faq-item-question\">\r\n\t\t\t\t\t\t<h3 class=\"faq-item-question-text\">Comment pourrais-je en b\u00e9n\u00e9ficier ?<\/h3>\r\n\r\n\t\t\t\t\t\t<div class=\"faq-item-question-icon\"><\/div>\r\n\t\t\t\t\t<\/div>\r\n\r\n\t\t\t\t\t<div class=\"faq-item-answer\">\r\n\t\t\t\t\t\t<div class=\"faq-item-answer-text\"> <p>Avec ce widget, il est tr\u00e8s simple et rapide d&rsquo;afficher une fen\u00eatre contextuelle de v\u00e9rification de l&rsquo;\u00e2ge et de dissuader les utilisateurs mineurs. Ainsi, vous vous assurerez que votre site est conforme \u00e0 la l\u00e9gislation. De plus, cela vous donnera plus de public cible et de clients valides. <\/p> <\/div>\r\n\t\t\t\t\t<\/div>\r\n\t\t\t\t<\/div> <div class=\"faq-item\">\r\n\t\t\t\t\t<div class=\"faq-item-question\">\r\n\t\t\t\t\t\t<h3 class=\"faq-item-question-text\">Comment ajouter la v\u00e9rification de l'\u00e2ge \u00e0 mon site Web Squarespace ?<\/h3>\r\n\r\n\t\t\t\t\t\t<div class=\"faq-item-question-icon\"><\/div>\r\n\t\t\t\t\t<\/div>\r\n\r\n\t\t\t\t\t<div class=\"faq-item-answer\">\r\n\t\t\t\t\t\t<div class=\"faq-item-answer-text\"> <p>L&rsquo;activation du widget ne prendra que quelques minutes de votre temps. L&rsquo;int\u00e9gration est tr\u00e8s rapide, gratuite et sans codage. <\/p> <p>Il existe une option pour introduire la v\u00e9rification de l&rsquo;\u00e2ge sur votre site directement dans notre service. Appliquez simplement le guide publi\u00e9 ci-dessous sur cette page.<\/p> <\/div>\r\n\t\t\t\t\t<\/div>\r\n\t\t\t\t<\/div> <\/div> <\/div> <div class=\"application-platform-content-item-features application-platform-content-item\" id=\"features\" data-nav-section=\"features\"> <h2>Principales fonctionnalit\u00e9s du widget de v\u00e9rification de l&rsquo;\u00e2ge<\/h2> <p>Afin de mieux comprendre le widget de v\u00e9rification de l&rsquo;\u00e2ge, consultez la liste de ses fonctionnalit\u00e9s essentielles. Ils rendent notre widget extr\u00eamement b\u00e9n\u00e9fique pour votre entreprise\u00a0: <\/p> <ul><li>S\u00e9lectionnez l&rsquo;une des trois m\u00e9thodes de v\u00e9rification\u00a0: demander la date de naissance compl\u00e8te, uniquement l&rsquo;ann\u00e9e de naissance ou une question proposant des r\u00e9ponses par oui et par non\u00a0; <\/li><li>Configurez le widget pour qu&rsquo;il se souvienne d&rsquo;un visiteur pendant un certain temps\u00a0; <\/li><li>2 sc\u00e9narios possibles pour les utilisateurs dissuad\u00e9s\u00a0: afficher un message ou diriger un utilisateur vers n&rsquo;importe quelle adresse\u00a0; <\/li><li>T\u00e9l\u00e9chargez n&rsquo;importe quelle image pour la fen\u00eatre contextuelle de v\u00e9rification\u00a0; <\/li><li>Afficher du texte et des liens suppl\u00e9mentaires sous le bouton de v\u00e9rification. <\/li><\/ul><p><a href=\"#demo\">Pour consulter la liste compl\u00e8te des fonctionnalit\u00e9s, consultez notre d\u00e9mo en direct<\/a><\/p> <\/div> <div class=\"application-platform-content-item-installation  application-platform-content-item\" id=\"installation \" data-nav-section=\"installation \"> <h2>V\u00e9rifiez comment introduire le widget de v\u00e9rification de l&rsquo;\u00e2ge sur votre site Web Squarespace. C&rsquo;est rapide et sans transpiration.<\/h2> <div class=\"video-container\"><iframe width=\"720\" height=\"405\" src=\"https:\/\/www.youtube.com\/embed\/r_CmpExwAhk\" frameborder=\"0\" allowfullscreen=\"\"><\/iframe><\/div><p>Les actions ci-dessous sont la seule chose que vous devez faire pour installer le widget. C\u2019est rapide et sans codage. <\/p> <ol><li><b>Cr\u00e9ez votre propre plugin de v\u00e9rification de l&rsquo;\u00e2ge<\/b><br> En g\u00e9rant notre \u00e9diteur gratuit, configurez un plugin avec une mise en page et des fonctions pr\u00e9f\u00e9rables. <\/li><li><b>Copiez le code personnel pour ajouter le plugin<\/b><br> Apr\u00e8s avoir configur\u00e9 votre widget, vous recevrez votre code personnel dans la notification apparaissant sur Elfsight Apps. Copiez ce code. <\/li> <li><b>Int\u00e9grez le plugin sur votre site Squarespace<\/b><br> Recherchez la zone dans laquelle vous devez placer le plugin et ins\u00e9rez-y le code enregistr\u00e9. Publier les r\u00e9sultats. <\/li> <li><b>Fait\u00a0! <\/b><br> Entrez sur votre site Web pour v\u00e9rifier votre plugin.<\/li> <\/ol><p>Vous n&rsquo;arrivez toujours pas \u00e0 vous d\u00e9cider\u00a0? Ou avez-vous des questions \u00e0 poser ? Une seule demande \u00e0 notre \u00e9quipe d\u2019assistance r\u00e9glera chaque question. <\/p> <\/div>","protected":false},"excerpt":{"rendered":"","protected":false},"author":18,"featured_media":0,"parent":931,"menu_order":0,"comment_status":"closed","ping_status":"closed","template":"templates\/template-application-platform.php","meta":{"publish_to_discourse":"","publish_post_category":"","wpdc_auto_publish_overridden":"","wpdc_topic_tags":"","wpdc_pin_topic":"","wpdc_pin_until":"","discourse_post_id":"","discourse_permalink":"","wpdc_publishing_response":"","wpdc_publishing_error":"","footnotes":""},"class_list":["post-6170","page","type-page","status-publish","hentry"],"yoast_head":"<!-- This site is optimized with the Yoast SEO plugin v25.3.1 - https:\/\/yoast.com\/wordpress\/plugins\/seo\/ -->\n<title>V\u00e9rification de l&#039;age - ajoutez plugin Age verifier sur Squarespace<\/title>\n<meta name=\"description\" content=\"Int\u00e9grez une V\u00e9rification de l&#039;age avantageuse sur votre site. Utilisez la d\u00e9mo d&#039;Elfsight et g\u00e9n\u00e9rez votre widget en quelques minutes.\" \/>\n<meta name=\"robots\" content=\"index, follow, max-snippet:-1, max-image-preview:large, max-video-preview:-1\" \/>\n<link rel=\"canonical\" href=\"https:\/\/elfsight.com\/fr\/age-verification-widget\/squarespace\/\" \/>\n<meta property=\"og:locale\" content=\"fr_FR\" \/>\n<meta property=\"og:type\" content=\"article\" \/>\n<meta property=\"og:title\" content=\"V\u00e9rification de l&#039;age - ajoutez plugin Age verifier sur Squarespace\" \/>\n<meta property=\"og:description\" content=\"Int\u00e9grez une V\u00e9rification de l&#039;age avantageuse sur votre site. Utilisez la d\u00e9mo d&#039;Elfsight et g\u00e9n\u00e9rez votre widget en quelques minutes.\" \/>\n<meta property=\"og:url\" content=\"https:\/\/elfsight.com\/fr\/age-verification-widget\/squarespace\/\" \/>\n<meta property=\"og:site_name\" content=\"Elfsight FR\" \/>\n<meta property=\"article:modified_time\" content=\"2024-11-11T10:54:07+00:00\" \/>\n<meta name=\"twitter:card\" content=\"summary_large_image\" \/>\n<meta name=\"twitter:label1\" content=\"Dur\u00e9e de lecture estim\u00e9e\" \/>\n\t<meta name=\"twitter:data1\" content=\"1 minute\" \/>\n<!-- \/ Yoast SEO plugin. -->","yoast_head_json":{"title":"V\u00e9rification de l'age - ajoutez plugin Age verifier sur Squarespace","description":"Int\u00e9grez une V\u00e9rification de l'age avantageuse sur votre site. Utilisez la d\u00e9mo d'Elfsight et g\u00e9n\u00e9rez votre widget en quelques minutes.","robots":{"index":"index","follow":"follow","max-snippet":"max-snippet:-1","max-image-preview":"max-image-preview:large","max-video-preview":"max-video-preview:-1"},"canonical":"https:\/\/elfsight.com\/fr\/age-verification-widget\/squarespace\/","og_locale":"fr_FR","og_type":"article","og_title":"V\u00e9rification de l'age - ajoutez plugin Age verifier sur Squarespace","og_description":"Int\u00e9grez une V\u00e9rification de l'age avantageuse sur votre site. Utilisez la d\u00e9mo d'Elfsight et g\u00e9n\u00e9rez votre widget en quelques minutes.","og_url":"https:\/\/elfsight.com\/fr\/age-verification-widget\/squarespace\/","og_site_name":"Elfsight FR","article_modified_time":"2024-11-11T10:54:07+00:00","twitter_card":"summary_large_image","twitter_misc":{"Dur\u00e9e de lecture estim\u00e9e":"1 minute"},"schema":{"@context":"https:\/\/schema.org","@graph":[{"@type":"WebPage","@id":"https:\/\/elfsight.com\/fr\/age-verification-widget\/squarespace\/","url":"https:\/\/elfsight.com\/fr\/age-verification-widget\/squarespace\/","name":"V\u00e9rification de l'age - ajoutez plugin Age verifier sur Squarespace","isPartOf":{"@id":"https:\/\/elfsight.com\/fr\/#website"},"datePublished":"2021-12-03T09:50:58+00:00","dateModified":"2024-11-11T10:54:07+00:00","description":"Int\u00e9grez une V\u00e9rification de l'age avantageuse sur votre site. Utilisez la d\u00e9mo d'Elfsight et g\u00e9n\u00e9rez votre widget en quelques minutes.","breadcrumb":{"@id":"https:\/\/elfsight.com\/fr\/age-verification-widget\/squarespace\/#breadcrumb"},"inLanguage":"fr-FR","potentialAction":[{"@type":"ReadAction","target":["https:\/\/elfsight.com\/fr\/age-verification-widget\/squarespace\/"]}]},{"@type":"BreadcrumbList","@id":"https:\/\/elfsight.com\/fr\/age-verification-widget\/squarespace\/#breadcrumb","itemListElement":[{"@type":"ListItem","position":1,"name":"Home","item":"https:\/\/elfsight.com\/fr\/"},{"@type":"ListItem","position":2,"name":"Age Verification","item":"https:\/\/elfsight.com\/fr\/age-verification-widget\/"},{"@type":"ListItem","position":3,"name":"Age Verification &#8211; Squarespace"}]},{"@type":"WebSite","@id":"https:\/\/elfsight.com\/fr\/#website","url":"https:\/\/elfsight.com\/fr\/","name":"Elfsight FR","description":"","potentialAction":[{"@type":"SearchAction","target":{"@type":"EntryPoint","urlTemplate":"https:\/\/elfsight.com\/fr\/?s={search_term_string}"},"query-input":{"@type":"PropertyValueSpecification","valueRequired":true,"valueName":"search_term_string"}}],"inLanguage":"fr-FR"}]}},"meta_box":{"industry":"","seo_heading":"","heading":"","description":"","cta_heading":"","cta_description":"","application":"933","h1":"Plugin V\u00e9rification de l'age pour Squarespace","h1_caption":"Assurez-vous que le contenu sensible \u00e0 l\u2019\u00e2ge est accessible de mani\u00e8re responsable gr\u00e2ce \u00e0 un plugin de v\u00e9rification de l\u2019\u00e2ge simple et personnalisable sur votre site Web Squarespace sans effort.","application_category":[],"applications_title":"","applications_request_title":"","applications_request_button_text":"","hero_text":"","hero_video":"","hero_video_schema_markup":"","selling_points_title":"","selling_points_caption":"","selling_points":[],"selling_points_cta_text":"","features_title":"","features":"","ed_cta_examples_text":"","ed_cta_examples_hidden":"","ed_cta_demo_text":"","ed_cta_demo_hidden":"","why_caption":"","why_editor_title":"","why_editor_text":"","why_team_title":"","why_team_text":"","why_service_title":"","why_service_text":"","template_catalog_visible":"","template_catalog_title":"","template_catalog_text":"","template_catalog_categories_visible":"","demo_title":"Cr\u00e9ez votre plugin de v\u00e9rification de l'\u00e2ge","demo_caption":"Configurez votre v\u00e9rification d'\u00e2ge et ajoutez-la gratuitement \u00e0 votre site Web Squarespace\u00a0!","default_faq_hidden":"","app_template_category":[],"platform":"361","template_public_id":"","codecanyon_url":"","codecanyon_item_id":"","codecanyon_price":"","pricing_caption":"","pricing_elfsight_apps_hide_column":"","pricing_elfsight_apps_url":"","pricing_codecanyon_price_caption":"","integration_category":[],"integration_request_title":"","integration_request_cta":"","integration_platform":"","integrations":[],"platform_category":[],"video_schema_markup":"","price":"\u00c0 partir de $0\/mois","trial":"","benefits":[{"text":"Installation gratuite"},{"text":"Support Premium"},{"text":"Garantie de remboursement de 14 jours"},{"text":"L'am\u00e9lioration continue"}],"button_url":"#demo","button_target_blank":"0","button_nofollow":"0","attributes":[{"name":"Nombre d'installations","content":"1,000 - 5,000","_state":"expanded"},{"name":"Adaptif","content":"Oui","_state":"expanded"},{"name":"Navigateurs compatibles","content":"Firefox, Safari, Opera, Chrome, Edge","_state":"expanded"}],"tags":[],"tags_disable_links":"0","hide_more_platforms":"","video_object":"","demo_hide_cta":"0","demo_hide_cloud_options":"0","pricing_title":"","pricing":[{"pricing_icon":"platform","pricing_title":"Applications d'Elfsight","pricing_title_caption":"Solution num\u00e9rique multiplateforme qui fonctionne sur n'importe quel site","pricing_price":"\u00c0 partir de $0\/mois","pricing_price_caption":"Commencez avec un plan gratuit","pricing_benefits":[{"text":"Sites Web illimit\u00e9s"},{"text":"\u00c9quipe d'assistance professionnelle"},{"text":"Service d'installation gratuit"},{"text":"100% personnalisable"}],"pricing_button_text":"Ajouter au site Web","pricing_button_url":"https:\/\/apps.elfsight.com\/sign-up\/","pricing_button_nofollow":"1","_state":"expanded"}],"related_apps_title":"","related_apps_hidden":"1","author":"","image":[],"title":"","job":"","social_networks":[]},"_links":{"self":[{"href":"https:\/\/elfsight.com\/fr\/wp-json\/wp\/v2\/pages\/6170","targetHints":{"allow":["GET"]}}],"collection":[{"href":"https:\/\/elfsight.com\/fr\/wp-json\/wp\/v2\/pages"}],"about":[{"href":"https:\/\/elfsight.com\/fr\/wp-json\/wp\/v2\/types\/page"}],"author":[{"embeddable":true,"href":"https:\/\/elfsight.com\/fr\/wp-json\/wp\/v2\/users\/18"}],"replies":[{"embeddable":true,"href":"https:\/\/elfsight.com\/fr\/wp-json\/wp\/v2\/comments?post=6170"}],"version-history":[{"count":3,"href":"https:\/\/elfsight.com\/fr\/wp-json\/wp\/v2\/pages\/6170\/revisions"}],"predecessor-version":[{"id":13986,"href":"https:\/\/elfsight.com\/fr\/wp-json\/wp\/v2\/pages\/6170\/revisions\/13986"}],"up":[{"embeddable":true,"href":"https:\/\/elfsight.com\/fr\/wp-json\/wp\/v2\/pages\/931"}],"wp:attachment":[{"href":"https:\/\/elfsight.com\/fr\/wp-json\/wp\/v2\/media?parent=6170"}],"curies":[{"name":"wp","href":"https:\/\/api.w.org\/{rel}","templated":true}]}}