{"id":6164,"date":"2021-12-03T09:50:51","date_gmt":"2021-12-03T09:50:51","guid":{"rendered":"https:\/\/elfsight.com\/fr\/?page_id=6164"},"modified":"2025-07-09T09:22:35","modified_gmt":"2025-07-09T09:22:35","slug":"opencart","status":"publish","type":"page","link":"https:\/\/elfsight.com\/fr\/age-verification-widget\/opencart\/","title":{"rendered":"Age Verification &#8211; OpenCart"},"content":{"rendered":"<div class=\"application-platform-content-item-description application-platform-content-item\" id=\"description\" data-nav-section=\"description\"> <h2>Description<\/h2> <p>Notre widget est le meilleur moyen d&rsquo;organiser une notification de chargement de page, qui demande l&rsquo;\u00e2ge d&rsquo;un visiteur. . Le widget permet de rendre le mat\u00e9riel soumis \u00e0 une limite d&rsquo;\u00e2ge accessible aux utilisateurs majeurs et de le prot\u00e9ger pour le public mineur. Le widget permet de d\u00e9terminer la limite d&rsquo;\u00e2ge, de choisir le format de v\u00e9rification, de placer la fen\u00eatre sur tout le site Web ou seulement sur un certain nombre de pages, et de s\u00e9lectionner l&rsquo;action. L&rsquo;interface est flexible, elle comprend des d\u00e9tails \u00e0 peindre et la possibilit\u00e9 de t\u00e9l\u00e9charger vos propres images. <\/p> <div class=\"faq\" data-component=\"FAQ\"> <div class=\"faq-item\">\r\n\t\t\t\t\t<div class=\"faq-item-question\">\r\n\t\t\t\t\t\t<h3 class=\"faq-item-question-text\">O\u00f9 puis-je l'ins\u00e9rer<\/h3>\r\n\r\n\t\t\t\t\t\t<div class=\"faq-item-question-icon\"><\/div>\r\n\t\t\t\t\t<\/div>\r\n\r\n\t\t\t\t\t<div class=\"faq-item-answer\">\r\n\t\t\t\t\t\t<div class=\"faq-item-answer-text\"> <p>Vous pouvez soit d\u00e9montrer la fen\u00eatre de v\u00e9rification sur tous les sites Web, soit sp\u00e9cifier les pages pour l&rsquo;afficher. De plus, il existe la possibilit\u00e9 d\u2019exclure les pages o\u00f9 vous n\u2019en avez pas besoin. <\/p> <\/div>\r\n\t\t\t\t\t<\/div>\r\n\t\t\t\t<\/div> <div class=\"faq-item\">\r\n\t\t\t\t\t<div class=\"faq-item-question\">\r\n\t\t\t\t\t\t<h3 class=\"faq-item-question-text\">Quels sont les avantages d'avoir ce plugin pour moi ?<\/h3>\r\n\r\n\t\t\t\t\t\t<div class=\"faq-item-question-icon\"><\/div>\r\n\t\t\t\t\t<\/div>\r\n\r\n\t\t\t\t\t<div class=\"faq-item-answer\">\r\n\t\t\t\t\t\t<div class=\"faq-item-answer-text\"> <p>En utilisant notre widget, il est tr\u00e8s simple et rapide d&rsquo;afficher une fen\u00eatre de v\u00e9rification de l&rsquo;\u00e2ge et de d\u00e9tourner l&rsquo;acc\u00e8s \u00e0 votre contenu. pour les utilisateurs mineurs. Ainsi, vous serez s\u00fbr que votre site est conforme \u00e0 la l\u00e9gislation. En outre, cela attirera davantage de public cible et de clients valides.<\/p> <\/div>\r\n\t\t\t\t\t<\/div>\r\n\t\t\t\t<\/div> <div class=\"faq-item\">\r\n\t\t\t\t\t<div class=\"faq-item-question\">\r\n\t\t\t\t\t\t<h3 class=\"faq-item-question-text\">De quoi ai-je besoin pour ajouter la v\u00e9rification de l'\u00e2ge sur mon site OpenCart ?<\/h3>\r\n\r\n\t\t\t\t\t\t<div class=\"faq-item-question-icon\"><\/div>\r\n\t\t\t\t\t<\/div>\r\n\r\n\t\t\t\t\t<div class=\"faq-item-answer\">\r\n\t\t\t\t\t\t<div class=\"faq-item-answer-text\"> <p>Cela ne prendra que trois minutes. de temps pour activer le widget sur votre site. Le processus est tr\u00e8s rapide, gratuit et ne n\u00e9cessite aucun codage. <\/p> <p>La v\u00e9rification de l&rsquo;\u00e2ge Elfsight peut \u00eatre ajout\u00e9e \u00e0 votre site via notre service ou en acc\u00e9dant au march\u00e9. Ici, vous pouvez en savoir plus sur ces variantes et choisir la v\u00f4tre.<\/p> <\/div>\r\n\t\t\t\t\t<\/div>\r\n\t\t\t\t<\/div> <\/div> <\/div> <div class=\"application-platform-content-item-features application-platform-content-item\" id=\"features\" data-nav-section=\"features\"> <h2>Fonctionnalit\u00e9s<\/h2> <p>Afin de Pour mieux comprendre le widget, consultez la liste de ses principales fonctionnalit\u00e9s. Ils rendent notre widget extr\u00eamement efficace pour vous\u00a0: <\/p> <ul><li>Choisissez l&rsquo;un des formats de ch\u00e8que\u00a0: demandant la date de naissance compl\u00e8te, juste l&rsquo;ann\u00e9e de naissance, ou une question proposant des r\u00e9ponses par oui et par non\u00a0; <\/li><li>La possibilit\u00e9 de m\u00e9moriser les visiteurs pour n&rsquo;importe quelle p\u00e9riode de temps\u00a0; <\/li><li>Deux sc\u00e9narios apr\u00e8s un refus d&rsquo;acc\u00e8s\u00a0: afficher un texte ou diriger un utilisateur vers n&rsquo;importe quelle adresse\u00a0; <\/li><li>Chargez votre propre image \u00e0 afficher dans la fen\u00eatre contextuelle de v\u00e9rification de l&rsquo;\u00e2ge\u00a0; <\/li><li>Affichez du texte suppl\u00e9mentaire avec des liens sous le bouton de v\u00e9rification. <\/li><\/ul><p><a href=\"#demo\">La d\u00e9mo en direct vous r\u00e9v\u00e9lera toutes les fonctionnalit\u00e9s<\/a><\/p> <\/div> <div class=\"application-platform-content-item-installation application-platform-content-item\" id=\"installation\" data-nav-section=\"installation\"> <h2>V\u00e9rifiez comment int\u00e9grer la v\u00e9rification de l&rsquo;\u00e2ge \u00e0 votre site Web OpenCart<\/h2> <p>Les \u00e9tapes ci-dessous sont la seule chose dont vous avez besoin pour ajouter le widget. <\/p> <ol><li><b>Utilisez notre d\u00e9mo gratuite et commencez \u00e0 cr\u00e9er votre extension personnalis\u00e9e. <\/b><br> D\u00e9terminez la forme pr\u00e9f\u00e9rable et les caract\u00e9ristiques fonctionnelles de l&rsquo;extension et enregistrez toutes les modifications. <\/li> <li><b>Copiez le code personnel affich\u00e9 dans le formulaire sp\u00e9cial sur Elfsight Apps. <\/b><br> Une fois la cr\u00e9ation de votre extension termin\u00e9e, copiez votre code dans la fen\u00eatre qui appara\u00eet et enregistrez-le pour une utilisation ult\u00e9rieure. <\/li> <li><b>Initier l&rsquo;utilisation de l&rsquo;extension sur la page Web OpenCart. <\/b><br> Int\u00e9grez le code que vous avez enregistr\u00e9 auparavant dans votre site Web et appliquez les modifications. <\/li> <li><b>L&rsquo;installation est enti\u00e8rement effectu\u00e9e. <\/b><br> Acc\u00e9dez \u00e0 votre page Web pour voir en action le travail de l&rsquo;extension. <\/li><\/ol><p>Vous avez encore des doutes\u00a0? Ou des requ\u00eates d&rsquo;exp\u00e9rience ? \u00c9crivez simplement une demande \u00e0 notre service client et il r\u00e9glera chaque probl\u00e8me pour vous. <\/p> <\/div>","protected":false},"excerpt":{"rendered":"","protected":false},"author":18,"featured_media":0,"parent":931,"menu_order":0,"comment_status":"closed","ping_status":"closed","template":"templates\/template-application-platform.php","meta":{"publish_to_discourse":"","publish_post_category":"","wpdc_auto_publish_overridden":"","wpdc_topic_tags":"","wpdc_pin_topic":"","wpdc_pin_until":"","discourse_post_id":"","discourse_permalink":"","wpdc_publishing_response":"","wpdc_publishing_error":"","footnotes":""},"class_list":["post-6164","page","type-page","status-publish","hentry"],"yoast_head":"<!-- This site is optimized with the Yoast SEO plugin v25.3.1 - https:\/\/yoast.com\/wordpress\/plugins\/seo\/ -->\n<title>V\u00e9rification de l&#039;age - ajoutez plugin Age verifier sur OpenCart<\/title>\n<meta name=\"description\" content=\"Int\u00e9grez une V\u00e9rification de l&#039;age avantageuse sur votre site. Appliquez la d\u00e9mo d&#039;Elfsight et g\u00e9n\u00e9rez votre module en deux minutes.\" \/>\n<meta name=\"robots\" content=\"index, follow, max-snippet:-1, max-image-preview:large, max-video-preview:-1\" \/>\n<link rel=\"canonical\" href=\"https:\/\/elfsight.com\/fr\/age-verification-widget\/opencart\/\" \/>\n<meta property=\"og:locale\" content=\"fr_FR\" \/>\n<meta property=\"og:type\" content=\"article\" \/>\n<meta property=\"og:title\" content=\"V\u00e9rification de l&#039;age - ajoutez plugin Age verifier sur OpenCart\" \/>\n<meta property=\"og:description\" content=\"Int\u00e9grez une V\u00e9rification de l&#039;age avantageuse sur votre site. Appliquez la d\u00e9mo d&#039;Elfsight et g\u00e9n\u00e9rez votre module en deux minutes.\" \/>\n<meta property=\"og:url\" content=\"https:\/\/elfsight.com\/fr\/age-verification-widget\/opencart\/\" \/>\n<meta property=\"og:site_name\" content=\"Elfsight FR\" \/>\n<meta property=\"article:modified_time\" content=\"2025-07-09T09:22:35+00:00\" \/>\n<meta name=\"twitter:card\" content=\"summary_large_image\" \/>\n<meta name=\"twitter:label1\" content=\"Dur\u00e9e de lecture estim\u00e9e\" \/>\n\t<meta name=\"twitter:data1\" content=\"1 minute\" \/>\n<!-- \/ Yoast SEO plugin. -->","yoast_head_json":{"title":"V\u00e9rification de l'age - ajoutez plugin Age verifier sur OpenCart","description":"Int\u00e9grez une V\u00e9rification de l'age avantageuse sur votre site. Appliquez la d\u00e9mo d'Elfsight et g\u00e9n\u00e9rez votre module en deux minutes.","robots":{"index":"index","follow":"follow","max-snippet":"max-snippet:-1","max-image-preview":"max-image-preview:large","max-video-preview":"max-video-preview:-1"},"canonical":"https:\/\/elfsight.com\/fr\/age-verification-widget\/opencart\/","og_locale":"fr_FR","og_type":"article","og_title":"V\u00e9rification de l'age - ajoutez plugin Age verifier sur OpenCart","og_description":"Int\u00e9grez une V\u00e9rification de l'age avantageuse sur votre site. Appliquez la d\u00e9mo d'Elfsight et g\u00e9n\u00e9rez votre module en deux minutes.","og_url":"https:\/\/elfsight.com\/fr\/age-verification-widget\/opencart\/","og_site_name":"Elfsight FR","article_modified_time":"2025-07-09T09:22:35+00:00","twitter_card":"summary_large_image","twitter_misc":{"Dur\u00e9e de lecture estim\u00e9e":"1 minute"},"schema":{"@context":"https:\/\/schema.org","@graph":[{"@type":"WebPage","@id":"https:\/\/elfsight.com\/fr\/age-verification-widget\/opencart\/","url":"https:\/\/elfsight.com\/fr\/age-verification-widget\/opencart\/","name":"V\u00e9rification de l'age - ajoutez plugin Age verifier sur OpenCart","isPartOf":{"@id":"https:\/\/elfsight.com\/fr\/#website"},"datePublished":"2021-12-03T09:50:51+00:00","dateModified":"2025-07-09T09:22:35+00:00","description":"Int\u00e9grez une V\u00e9rification de l'age avantageuse sur votre site. Appliquez la d\u00e9mo d'Elfsight et g\u00e9n\u00e9rez votre module en deux minutes.","breadcrumb":{"@id":"https:\/\/elfsight.com\/fr\/age-verification-widget\/opencart\/#breadcrumb"},"inLanguage":"fr-FR","potentialAction":[{"@type":"ReadAction","target":["https:\/\/elfsight.com\/fr\/age-verification-widget\/opencart\/"]}]},{"@type":"BreadcrumbList","@id":"https:\/\/elfsight.com\/fr\/age-verification-widget\/opencart\/#breadcrumb","itemListElement":[{"@type":"ListItem","position":1,"name":"Home","item":"https:\/\/elfsight.com\/fr\/"},{"@type":"ListItem","position":2,"name":"Age Verification","item":"https:\/\/elfsight.com\/fr\/age-verification-widget\/"},{"@type":"ListItem","position":3,"name":"Age Verification &#8211; OpenCart"}]},{"@type":"WebSite","@id":"https:\/\/elfsight.com\/fr\/#website","url":"https:\/\/elfsight.com\/fr\/","name":"Elfsight FR","description":"","potentialAction":[{"@type":"SearchAction","target":{"@type":"EntryPoint","urlTemplate":"https:\/\/elfsight.com\/fr\/?s={search_term_string}"},"query-input":{"@type":"PropertyValueSpecification","valueRequired":true,"valueName":"search_term_string"}}],"inLanguage":"fr-FR"}]}},"meta_box":{"industry":"","seo_heading":"","heading":"","description":"","cta_heading":"","cta_description":"","application":"933","h1":"Plugin V\u00e9rification de l'age pour OpenCart","h1_caption":"Assurez-vous que le contenu sensible \u00e0 l\u2019\u00e2ge est accessible de mani\u00e8re responsable gr\u00e2ce \u00e0 une extension de v\u00e9rification de l\u2019\u00e2ge simple et personnalisable sur votre site Web Opencart sans effort.","application_category":[],"applications_title":"","applications_request_title":"","applications_request_button_text":"","hero_text":"","hero_video":"","hero_video_schema_markup":"","selling_points_title":"","selling_points_caption":"","selling_points":[],"selling_points_cta_text":"","features_title":"","features":"","ed_cta_examples_text":"","ed_cta_examples_hidden":"","ed_cta_demo_text":"","ed_cta_demo_hidden":"","why_caption":"","why_editor_title":"","why_editor_text":"","why_team_title":"","why_team_text":"","why_service_title":"","why_service_text":"","template_catalog_visible":"","template_catalog_title":"","template_catalog_text":"","template_catalog_categories_visible":"","demo_title":"Cr\u00e9ez votre extension de v\u00e9rification de l'\u00e2ge","demo_caption":"Configurez votre v\u00e9rification d'\u00e2ge et ajoutez-la gratuitement \u00e0 votre site Web OpenCart\u00a0!","default_faq_hidden":"","app_template_category":[],"platform":"359","template_public_id":"","codecanyon_url":"","codecanyon_item_id":"","codecanyon_price":"","pricing_caption":"","pricing_elfsight_apps_hide_column":"","pricing_elfsight_apps_url":"","pricing_codecanyon_price_caption":"","integration_category":[],"integration_request_title":"","integration_request_cta":"","integration_platform":"","integrations":[],"platform_category":[],"video_schema_markup":"","price":"\u00c0 partir de $0\/mois","trial":"","benefits":[{"text":"Installation gratuite"},{"text":"Support Premium"},{"text":"Garantie de remboursement de 14 jours"},{"text":"L'am\u00e9lioration continue"}],"button_url":"#demo","button_target_blank":"0","button_nofollow":"0","attributes":[{"name":"Nombre d'installations","content":"1,000 - 5,000","_state":"expanded"},{"name":"Adaptif","content":"Oui","_state":"expanded"},{"name":"Navigateurs compatibles","content":"Firefox, Safari, Opera, Chrome, Edge","_state":"expanded"}],"tags":[],"tags_disable_links":"0","hide_more_platforms":"","video_object":"","demo_hide_cta":"0","demo_hide_cloud_options":"0","pricing_title":"","pricing":[{"pricing_icon":"platform","pricing_title":"Applications d'Elfsight","pricing_title_caption":"Solution num\u00e9rique multiplateforme qui fonctionne sur n'importe quel site","pricing_price":"\u00c0 partir de $0\/mois","pricing_price_caption":"Commencez avec un plan gratuit","pricing_benefits":[{"text":"Sites Web illimit\u00e9s"},{"text":"\u00c9quipe d'assistance professionnelle"},{"text":"Service d'installation gratuit"},{"text":"100% personnalisable"}],"pricing_button_text":"Ajouter au site Web","pricing_button_url":"https:\/\/apps.elfsight.com\/sign-up\/","pricing_button_nofollow":"1","_state":"expanded"}],"related_apps_title":"","related_apps_hidden":"1","author":"","image":[],"title":"","job":"","social_networks":[]},"_links":{"self":[{"href":"https:\/\/elfsight.com\/fr\/wp-json\/wp\/v2\/pages\/6164","targetHints":{"allow":["GET"]}}],"collection":[{"href":"https:\/\/elfsight.com\/fr\/wp-json\/wp\/v2\/pages"}],"about":[{"href":"https:\/\/elfsight.com\/fr\/wp-json\/wp\/v2\/types\/page"}],"author":[{"embeddable":true,"href":"https:\/\/elfsight.com\/fr\/wp-json\/wp\/v2\/users\/18"}],"replies":[{"embeddable":true,"href":"https:\/\/elfsight.com\/fr\/wp-json\/wp\/v2\/comments?post=6164"}],"version-history":[{"count":2,"href":"https:\/\/elfsight.com\/fr\/wp-json\/wp\/v2\/pages\/6164\/revisions"}],"predecessor-version":[{"id":14784,"href":"https:\/\/elfsight.com\/fr\/wp-json\/wp\/v2\/pages\/6164\/revisions\/14784"}],"up":[{"embeddable":true,"href":"https:\/\/elfsight.com\/fr\/wp-json\/wp\/v2\/pages\/931"}],"wp:attachment":[{"href":"https:\/\/elfsight.com\/fr\/wp-json\/wp\/v2\/media?parent=6164"}],"curies":[{"name":"wp","href":"https:\/\/api.w.org\/{rel}","templated":true}]}}