{"id":6160,"date":"2021-12-03T09:50:47","date_gmt":"2021-12-03T09:50:47","guid":{"rendered":"https:\/\/elfsight.com\/fr\/?page_id=6160"},"modified":"2025-07-09T09:22:14","modified_gmt":"2025-07-09T09:22:14","slug":"magento","status":"publish","type":"page","link":"https:\/\/elfsight.com\/fr\/age-verification-widget\/magento\/","title":{"rendered":"Age Verification &#8211; Magento"},"content":{"rendered":"<div class=\"application-platform-content-item-description application-platform-content-item\" id=\"description\" data-nav-section=\"description\"> <h2>Description<\/h2> <p>Notre widget deviendra le meilleur moyen de cr\u00e9er une fen\u00eatre imm\u00e9diate qui v\u00e9rifie l&rsquo;\u00e2ge d&rsquo;un utilisateur. Le widget rendra votre contenu sensible \u00e0 l&rsquo;\u00e2ge accessible aux utilisateurs majeurs et le cachera aux t\u00e9l\u00e9spectateurs mineurs. Le widget permet de fixer une limite d&rsquo;\u00e2ge requise, de choisir le format de v\u00e9rification, d&rsquo;introduire la fen\u00eatre contextuelle sur tous les sites Web ou uniquement sur des pages particuli\u00e8res, et de choisir l&rsquo;action pour l&rsquo;acc\u00e8s refus\u00e9. Le look est flexible et comprend des d\u00e9tails pouvant \u00eatre peints et la possibilit\u00e9 d&rsquo;ajouter des images personnalis\u00e9es. <\/p> <div class=\"faq\" data-component=\"FAQ\"> <div class=\"faq-item\">\r\n\t\t\t\t\t<div class=\"faq-item-question\">\r\n\t\t\t\t\t\t<h3 class=\"faq-item-question-text\">O\u00f9 puis-je publier ce plugin<\/h3>\r\n\r\n\t\t\t\t\t\t<div class=\"faq-item-question-icon\"><\/div>\r\n\t\t\t\t\t<\/div>\r\n\r\n\t\t\t\t\t<div class=\"faq-item-answer\">\r\n\t\t\t\t\t\t<div class=\"faq-item-answer-text\"> <p>Vous pouvez soit afficher la fen\u00eatre de contr\u00f4le de l&rsquo;\u00e2ge sur toutes les pages du site Web, soit d\u00e9signer des pages sp\u00e9cifiques, o\u00f9 l&rsquo;int\u00e9grer. De plus, vous pouvez utiliser la fonctionnalit\u00e9 permettant d\u2019exclure les pages o\u00f9 vous n\u2019en avez pas besoin. <\/p> <\/div>\r\n\t\t\t\t\t<\/div>\r\n\t\t\t\t<\/div> <div class=\"faq-item\">\r\n\t\t\t\t\t<div class=\"faq-item-question\">\r\n\t\t\t\t\t\t<h3 class=\"faq-item-question-text\">Quels avantages cela peut-il m'apporter ?<\/h3>\r\n\r\n\t\t\t\t\t\t<div class=\"faq-item-question-icon\"><\/div>\r\n\t\t\t\t\t<\/div>\r\n\r\n\t\t\t\t\t<div class=\"faq-item-answer\">\r\n\t\t\t\t\t\t<div class=\"faq-item-answer-text\"> <p>Avec l&rsquo;aide de notre widget, il est tr\u00e8s simple et rapide de cr\u00e9er une fen\u00eatre contextuelle de v\u00e9rification de l&rsquo;\u00e2ge et de dissuader les utilisateurs mineurs. Cela contribuera \u00e0 garantir que votre site r\u00e9pond aux exigences l\u00e9gales. De plus, cela vous donnera un nouveau public cible et des clients valides. <\/p> <\/div>\r\n\t\t\t\t\t<\/div>\r\n\t\t\t\t<\/div> <div class=\"faq-item\">\r\n\t\t\t\t\t<div class=\"faq-item-question\">\r\n\t\t\t\t\t\t<h3 class=\"faq-item-question-text\">Comment puis-je ajouter la v\u00e9rification de l'\u00e2ge \u00e0 Magento ?<\/h3>\r\n\r\n\t\t\t\t\t\t<div class=\"faq-item-question-icon\"><\/div>\r\n\t\t\t\t\t<\/div>\r\n\r\n\t\t\t\t\t<div class=\"faq-item-answer\">\r\n\t\t\t\t\t\t<div class=\"faq-item-answer-text\"> <p>Cela prend quelques minutes de votre temps pour commencer \u00e0 utiliser le widget. Le processus est tr\u00e8s rapide, gratuit et ne n\u00e9cessite aucun codage. <\/p> <p>La v\u00e9rification de l&rsquo;\u00e2ge d&rsquo;Elfsight peut \u00eatre configur\u00e9e sur notre service ou via la place de march\u00e9. Vous pouvez en savoir plus sur les deux options et d\u00e9cider laquelle est la v\u00f4tre.<\/p> <\/div>\r\n\t\t\t\t\t<\/div>\r\n\t\t\t\t<\/div> <\/div> <\/div> <div class=\"application-platform-content-item-features application-platform-content-item\" id=\"features\" data-nav-section=\"features\"> <h2>Fonctionnalit\u00e9s<\/h2> <p>Pour fa\u00e7onner Pour une meilleure connaissance du widget, d\u00e9couvrez la liste des fonctions les plus marquantes. Ils rendent le widget incroyablement efficace pour votre entreprise\u00a0: <\/p> <ul><li>S\u00e9lectionnez l&rsquo;une des m\u00e9thodes de v\u00e9rification\u00a0: demande de la date de naissance compl\u00e8te, uniquement de l&rsquo;ann\u00e9e de naissance ou une question proposant des options Oui et Non\u00a0;<\/li><li>La possibilit\u00e9 de m\u00e9moriser un visiteur pendant n&rsquo;importe quelle p\u00e9riode de temps\u00a0;<\/li><li>Deux sc\u00e9narios apr\u00e8s un refus d&rsquo;acc\u00e8s\u00a0: afficher un texte ou diriger un utilisateur vers n&rsquo;importe quelle adresse\u00a0;<\/li><li>Ajouter n&rsquo;importe quelle adresse image \u00e0 afficher dans la fen\u00eatre contextuelle de v\u00e9rification\u00a0;<\/li><li>D\u00e9montrer des d\u00e9tails suppl\u00e9mentaires et des liens sous le bouton de v\u00e9rification.<\/li><\/ul><p><a href=\"#demo\">Notre d\u00e9mo montrera plus fonctionnalit\u00e9s \u00e0 votre disposition<\/a><\/p> <\/div> <div class=\"application-platform-content-item-installation application-platform-content-item\" id=\"installation\" data-nav-section=\"installation\"> <h2>Voyons comment int\u00e9grer le widget de v\u00e9rification de l&rsquo;\u00e2ge \u00e0 votre site Web Magento<\/h2> <p> Quelques \u00e9tapes rapides les \u00e9tapes sont la seule chose que vous devez faire. <\/p> <ol><li><b>Ouvrez notre \u00e9diteur gratuit et commencez \u00e0 fa\u00e7onner votre extension personnalis\u00e9e. <\/b><br> Sp\u00e9cifiez la forme et les fonctionnalit\u00e9s pr\u00e9f\u00e9rables de l&rsquo;extension et appliquez toutes les modifications. <\/li> <li><b>Recevez le code individuel affich\u00e9 dans la fen\u00eatre sur les applications Elfsight. <\/b><br> D\u00e8s que la g\u00e9n\u00e9ration de votre extension personnelle est termin\u00e9e, copiez votre code depuis la fen\u00eatre qui appara\u00eet et enregistrez-le pour une utilisation ult\u00e9rieure. <\/li> <li><b>Initier l&rsquo;utilisation de l&rsquo;extension sur le site Web de Magento. <\/b><br> Placez le code que vous avez copi\u00e9 auparavant dans votre site Web et enregistrez les modifications. <\/li> <li><b>Fait\u00a0! L&rsquo;int\u00e9gration est enti\u00e8rement r\u00e9alis\u00e9e. <\/b><br> Acc\u00e9dez \u00e0 votre site pour observer les performances de l&rsquo;extension. <\/li><\/ol><p>Vous avez encore des doutes sur quelque chose\u00a0? Ou vous rencontrez des probl\u00e8mes ? Envoyez simplement votre demande \u00e0 notre service client, nous vous aiderons pour tout probl\u00e8me. <\/p> <\/div>","protected":false},"excerpt":{"rendered":"","protected":false},"author":18,"featured_media":0,"parent":931,"menu_order":0,"comment_status":"closed","ping_status":"closed","template":"templates\/template-application-platform.php","meta":{"publish_to_discourse":"","publish_post_category":"","wpdc_auto_publish_overridden":"","wpdc_topic_tags":"","wpdc_pin_topic":"","wpdc_pin_until":"","discourse_post_id":"","discourse_permalink":"","wpdc_publishing_response":"","wpdc_publishing_error":"","footnotes":""},"class_list":["post-6160","page","type-page","status-publish","hentry"],"yoast_head":"<!-- This site is optimized with the Yoast SEO plugin v25.3.1 - https:\/\/yoast.com\/wordpress\/plugins\/seo\/ -->\n<title>V\u00e9rification de l&#039;age - ajoutez plugin Age verifier sur Magento<\/title>\n<meta name=\"description\" content=\"Int\u00e9grez une V\u00e9rification de l&#039;age attractive sur votre site. Utilisez la d\u00e9mo d&#039;Elfsight et g\u00e9n\u00e9rez votre extension en deux minutes.\" \/>\n<meta name=\"robots\" content=\"index, follow, max-snippet:-1, max-image-preview:large, max-video-preview:-1\" \/>\n<link rel=\"canonical\" href=\"https:\/\/elfsight.com\/fr\/age-verification-widget\/magento\/\" \/>\n<meta property=\"og:locale\" content=\"fr_FR\" \/>\n<meta property=\"og:type\" content=\"article\" \/>\n<meta property=\"og:title\" content=\"V\u00e9rification de l&#039;age - ajoutez plugin Age verifier sur Magento\" \/>\n<meta property=\"og:description\" content=\"Int\u00e9grez une V\u00e9rification de l&#039;age attractive sur votre site. Utilisez la d\u00e9mo d&#039;Elfsight et g\u00e9n\u00e9rez votre extension en deux minutes.\" \/>\n<meta property=\"og:url\" content=\"https:\/\/elfsight.com\/fr\/age-verification-widget\/magento\/\" \/>\n<meta property=\"og:site_name\" content=\"Elfsight FR\" \/>\n<meta property=\"article:modified_time\" content=\"2025-07-09T09:22:14+00:00\" \/>\n<meta name=\"twitter:card\" content=\"summary_large_image\" \/>\n<meta name=\"twitter:label1\" content=\"Dur\u00e9e de lecture estim\u00e9e\" \/>\n\t<meta name=\"twitter:data1\" content=\"1 minute\" \/>\n<!-- \/ Yoast SEO plugin. -->","yoast_head_json":{"title":"V\u00e9rification de l'age - ajoutez plugin Age verifier sur Magento","description":"Int\u00e9grez une V\u00e9rification de l'age attractive sur votre site. Utilisez la d\u00e9mo d'Elfsight et g\u00e9n\u00e9rez votre extension en deux minutes.","robots":{"index":"index","follow":"follow","max-snippet":"max-snippet:-1","max-image-preview":"max-image-preview:large","max-video-preview":"max-video-preview:-1"},"canonical":"https:\/\/elfsight.com\/fr\/age-verification-widget\/magento\/","og_locale":"fr_FR","og_type":"article","og_title":"V\u00e9rification de l'age - ajoutez plugin Age verifier sur Magento","og_description":"Int\u00e9grez une V\u00e9rification de l'age attractive sur votre site. Utilisez la d\u00e9mo d'Elfsight et g\u00e9n\u00e9rez votre extension en deux minutes.","og_url":"https:\/\/elfsight.com\/fr\/age-verification-widget\/magento\/","og_site_name":"Elfsight FR","article_modified_time":"2025-07-09T09:22:14+00:00","twitter_card":"summary_large_image","twitter_misc":{"Dur\u00e9e de lecture estim\u00e9e":"1 minute"},"schema":{"@context":"https:\/\/schema.org","@graph":[{"@type":"WebPage","@id":"https:\/\/elfsight.com\/fr\/age-verification-widget\/magento\/","url":"https:\/\/elfsight.com\/fr\/age-verification-widget\/magento\/","name":"V\u00e9rification de l'age - ajoutez plugin Age verifier sur Magento","isPartOf":{"@id":"https:\/\/elfsight.com\/fr\/#website"},"datePublished":"2021-12-03T09:50:47+00:00","dateModified":"2025-07-09T09:22:14+00:00","description":"Int\u00e9grez une V\u00e9rification de l'age attractive sur votre site. Utilisez la d\u00e9mo d'Elfsight et g\u00e9n\u00e9rez votre extension en deux minutes.","breadcrumb":{"@id":"https:\/\/elfsight.com\/fr\/age-verification-widget\/magento\/#breadcrumb"},"inLanguage":"fr-FR","potentialAction":[{"@type":"ReadAction","target":["https:\/\/elfsight.com\/fr\/age-verification-widget\/magento\/"]}]},{"@type":"BreadcrumbList","@id":"https:\/\/elfsight.com\/fr\/age-verification-widget\/magento\/#breadcrumb","itemListElement":[{"@type":"ListItem","position":1,"name":"Home","item":"https:\/\/elfsight.com\/fr\/"},{"@type":"ListItem","position":2,"name":"Age Verification","item":"https:\/\/elfsight.com\/fr\/age-verification-widget\/"},{"@type":"ListItem","position":3,"name":"Age Verification &#8211; Magento"}]},{"@type":"WebSite","@id":"https:\/\/elfsight.com\/fr\/#website","url":"https:\/\/elfsight.com\/fr\/","name":"Elfsight FR","description":"","potentialAction":[{"@type":"SearchAction","target":{"@type":"EntryPoint","urlTemplate":"https:\/\/elfsight.com\/fr\/?s={search_term_string}"},"query-input":{"@type":"PropertyValueSpecification","valueRequired":true,"valueName":"search_term_string"}}],"inLanguage":"fr-FR"}]}},"meta_box":{"industry":"","seo_heading":"","heading":"","description":"","cta_heading":"","cta_description":"","application":"933","h1":"Plugin V\u00e9rification de l'age pour Magento","h1_caption":"Assurez-vous que le contenu sensible \u00e0 l\u2019\u00e2ge est accessible de mani\u00e8re responsable gr\u00e2ce \u00e0 une extension de v\u00e9rification de l\u2019\u00e2ge simple et personnalisable sur votre site Web Magento sans effort.","application_category":[],"applications_title":"","applications_request_title":"","applications_request_button_text":"","hero_text":"","hero_video":"","hero_video_schema_markup":"","selling_points_title":"","selling_points_caption":"","selling_points":[],"selling_points_cta_text":"","features_title":"","features":"","ed_cta_examples_text":"","ed_cta_examples_hidden":"","ed_cta_demo_text":"","ed_cta_demo_hidden":"","why_caption":"","why_editor_title":"","why_editor_text":"","why_team_title":"","why_team_text":"","why_service_title":"","why_service_text":"","template_catalog_visible":"","template_catalog_title":"","template_catalog_text":"","template_catalog_categories_visible":"","demo_title":"Cr\u00e9ez votre extension de v\u00e9rification de l'\u00e2ge","demo_caption":"Configurez votre v\u00e9rification d'\u00e2ge et ajoutez-la \u00e0 votre site Web Magento gratuitement\u00a0!","default_faq_hidden":"","app_template_category":[],"platform":"357","template_public_id":"","codecanyon_url":"","codecanyon_item_id":"","codecanyon_price":"","pricing_caption":"","pricing_elfsight_apps_hide_column":"","pricing_elfsight_apps_url":"","pricing_codecanyon_price_caption":"","integration_category":[],"integration_request_title":"","integration_request_cta":"","integration_platform":"","integrations":[],"platform_category":[],"video_schema_markup":"","price":"\u00c0 partir de $0\/mois","trial":"","benefits":[{"text":"Installation gratuite"},{"text":"Support Premium"},{"text":"Garantie de remboursement de 14 jours"},{"text":"L'am\u00e9lioration continue"}],"button_url":"#demo","button_target_blank":"0","button_nofollow":"0","attributes":[{"name":"Nombre d'installations","content":"1,000 - 5,000","_state":"expanded"},{"name":"Adaptif","content":"Oui","_state":"expanded"},{"name":"Navigateurs compatibles","content":"Firefox, Safari, Opera, Chrome, Edge","_state":"expanded"}],"tags":[],"tags_disable_links":"0","hide_more_platforms":"","video_object":"","demo_hide_cta":"0","demo_hide_cloud_options":"0","pricing_title":"","pricing":[{"pricing_icon":"platform","pricing_title":"Applications d'Elfsight","pricing_title_caption":"Solution num\u00e9rique multiplateforme qui fonctionne sur n'importe quel site","pricing_price":"\u00c0 partir de $0\/mois","pricing_price_caption":"Commencez avec un plan gratuit","pricing_benefits":[{"text":"Sites Web illimit\u00e9s"},{"text":"\u00c9quipe d'assistance professionnelle"},{"text":"Service d'installation gratuit"},{"text":"100% personnalisable"}],"pricing_button_text":"Ajouter au site Web","pricing_button_url":"https:\/\/apps.elfsight.com\/sign-up\/","pricing_button_nofollow":"1","_state":"expanded"}],"related_apps_title":"","related_apps_hidden":"1","author":"","image":[],"title":"","job":"","social_networks":[]},"_links":{"self":[{"href":"https:\/\/elfsight.com\/fr\/wp-json\/wp\/v2\/pages\/6160","targetHints":{"allow":["GET"]}}],"collection":[{"href":"https:\/\/elfsight.com\/fr\/wp-json\/wp\/v2\/pages"}],"about":[{"href":"https:\/\/elfsight.com\/fr\/wp-json\/wp\/v2\/types\/page"}],"author":[{"embeddable":true,"href":"https:\/\/elfsight.com\/fr\/wp-json\/wp\/v2\/users\/18"}],"replies":[{"embeddable":true,"href":"https:\/\/elfsight.com\/fr\/wp-json\/wp\/v2\/comments?post=6160"}],"version-history":[{"count":2,"href":"https:\/\/elfsight.com\/fr\/wp-json\/wp\/v2\/pages\/6160\/revisions"}],"predecessor-version":[{"id":14785,"href":"https:\/\/elfsight.com\/fr\/wp-json\/wp\/v2\/pages\/6160\/revisions\/14785"}],"up":[{"embeddable":true,"href":"https:\/\/elfsight.com\/fr\/wp-json\/wp\/v2\/pages\/931"}],"wp:attachment":[{"href":"https:\/\/elfsight.com\/fr\/wp-json\/wp\/v2\/media?parent=6160"}],"curies":[{"name":"wp","href":"https:\/\/api.w.org\/{rel}","templated":true}]}}