{"id":6156,"date":"2021-12-03T09:50:43","date_gmt":"2021-12-03T09:50:43","guid":{"rendered":"https:\/\/elfsight.com\/fr\/?page_id=6156"},"modified":"2025-07-09T09:21:53","modified_gmt":"2025-07-09T09:21:53","slug":"jquery","status":"publish","type":"page","link":"https:\/\/elfsight.com\/fr\/age-verification-widget\/jquery\/","title":{"rendered":"Age Verification &#8211; jQuery"},"content":{"rendered":"<div class=\"application-platform-content-item-description application-platform-content-item\" id=\"description\" data-nav-section=\"description\"> <h2>Description<\/h2> <p>Notre widget deviendra la meilleure m\u00e9thode pour configurer une fen\u00eatre contextuelle de chargement de page qui contr\u00f4le l&rsquo;\u00e2ge d&rsquo;un visiteur du site Web. Ce widget rend le contenu limit\u00e9 par \u00e2ge disponible pour les utilisateurs majeurs et le dissuade du public mineur. Vous pouvez sp\u00e9cifier une limite d&rsquo;\u00e2ge requise, sp\u00e9cifier la m\u00e9thode de v\u00e9rification, ins\u00e9rer la fen\u00eatre sur toutes les pages ou uniquement sur certaines pages et d\u00e9signer l&rsquo;action. Le look est facilement personnalisable, avec des \u00e9l\u00e9ments \u00e0 peindre et la possibilit\u00e9 d&rsquo;afficher vos propres images. <\/p> <div class=\"faq\" data-component=\"FAQ\"> <div class=\"faq-item\">\r\n\t\t\t\t\t<div class=\"faq-item-question\">\r\n\t\t\t\t\t\t<h3 class=\"faq-item-question-text\">O\u00f9 puis-je l'afficher<\/h3>\r\n\r\n\t\t\t\t\t\t<div class=\"faq-item-question-icon\"><\/div>\r\n\t\t\t\t\t<\/div>\r\n\r\n\t\t\t\t\t<div class=\"faq-item-answer\">\r\n\t\t\t\t\t\t<div class=\"faq-item-answer-text\"> <p>Vous pouvez soit d\u00e9montrer la fen\u00eatre contextuelle de contr\u00f4le de l&rsquo;\u00e2ge sur toutes les pages, soit d\u00e9signer des pages sp\u00e9cifiques pour l&rsquo;int\u00e9grer. De plus, il existe une fonctionnalit\u00e9 permettant de sp\u00e9cifier les pages sur lesquelles vous ne le souhaitez pas. <\/p> <\/div>\r\n\t\t\t\t\t<\/div>\r\n\t\t\t\t<\/div> <div class=\"faq-item\">\r\n\t\t\t\t\t<div class=\"faq-item-question\">\r\n\t\t\t\t\t\t<h3 class=\"faq-item-question-text\">Quels sont les avantages d'avoir le widget pour moi ? <\/h3>\r\n\r\n\t\t\t\t\t\t<div class=\"faq-item-question-icon\"><\/div>\r\n\t\t\t\t\t<\/div>\r\n\r\n\t\t\t\t\t<div class=\"faq-item-answer\">\r\n\t\t\t\t\t\t<div class=\"faq-item-answer-text\"> <p>En utilisant ce widget, il est parfaitement simple et rapide de cr\u00e9er une fen\u00eatre de v\u00e9rification de l&rsquo;\u00e2ge et de bloquer l&rsquo;acc\u00e8s \u00e0 votre mat\u00e9riel. pour les utilisateurs mineurs. Ainsi, vous serez s\u00fbr que votre site Web r\u00e9pond aux exigences l\u00e9gales. De plus, cela attirera de nouveaux visiteurs cibles et des clients valides. <\/p> <\/div>\r\n\t\t\t\t\t<\/div>\r\n\t\t\t\t<\/div> <div class=\"faq-item\">\r\n\t\t\t\t\t<div class=\"faq-item-question\">\r\n\t\t\t\t\t\t<h3 class=\"faq-item-question-text\">Comment installer la v\u00e9rification de l'\u00e2ge sur jQuery ? <\/h3>\r\n\r\n\t\t\t\t\t\t<div class=\"faq-item-question-icon\"><\/div>\r\n\t\t\t\t\t<\/div>\r\n\r\n\t\t\t\t\t<div class=\"faq-item-answer\">\r\n\t\t\t\t\t\t<div class=\"faq-item-answer-text\"> <p>Vous n&rsquo;aurez besoin que de deux minutes pour int\u00e9grer le widget. C&rsquo;est super rapide, gratuit et sans codage. <\/p> <p>Vous pouvez configurer le widget sur votre site directement via notre service. Pour cela, vous devrez appliquer le guide ci-apr\u00e8s sur cette page. <\/p> <\/div>\r\n\t\t\t\t\t<\/div>\r\n\t\t\t\t<\/div> <\/div> <\/div> <div class=\"application-platform-content-item-features application-platform-content-item\" id=\"features\" data-nav-section=\"features\"> <h2>Fonctionnalit\u00e9s<\/h2> <p>Afin d&rsquo;obtenir une meilleure perception de la v\u00e9rification de l&rsquo;\u00e2ge, voici la liste des les caract\u00e9ristiques les plus remarquables. Ils rendent notre widget plus efficace pour vous\u00a0: <\/p> <ul><li>S\u00e9lectionnez l&rsquo;une des m\u00e9thodes de v\u00e9rification\u00a0: demande de date de naissance compl\u00e8te, uniquement l&rsquo;ann\u00e9e de naissance ou une question avec les options Oui et Non\u00a0; <\/li><li>D\u00e9finissez le widget pour qu&rsquo;il m\u00e9morise les visiteurs pendant un certain temps\u00a0; <\/li><li>2 sc\u00e9narios possibles pour les utilisateurs dissuad\u00e9s\u00a0: afficher un message personnalis\u00e9 ou rediriger un utilisateur vers n&rsquo;importe quelle adresse\u00a0; <\/li><li>Ajoutez une image personnalis\u00e9e pour la fen\u00eatre contextuelle de v\u00e9rification de l&rsquo;\u00e2ge\u00a0; <\/li><li>Fournissez un texte d\u00e9taill\u00e9 et des liens sous le bouton de v\u00e9rification. <\/li><\/ul><p><a href=\"#demo\">Notre d\u00e9mo vous montrera toutes les fonctionnalit\u00e9s<\/a><\/p> <\/div> <div class=\"application-platform-content-item-installation application-platform-content-item\" id=\"installation\" data-nav-section=\"installation\"> <h2>D\u00e9couvrez comment configurer la v\u00e9rification de l&rsquo;\u00e2ge sur votre site Web jQuery. Il est rapide et sans codage.<\/h2> <p>Les actions suivantes sont la seule chose que vous devez faire pour d\u00e9montrer le widget.<\/p><ol><li><b>G\u00e9n\u00e9rez votre plugin unique de v\u00e9rification de l&rsquo;\u00e2ge. <\/b><br> \u00c0 l&rsquo;aide de notre d\u00e9mo gratuite, cr\u00e9ez un plugin avec un look et des fonctions pr\u00e9f\u00e9rables.<\/li><li><b>Acqu\u00e9rir le code personnel pour int\u00e9grer le plugin<\/b><br> Apr\u00e8s avoir personnalis\u00e9 votre widget, vous obtiendrez votre code personnel \u00e0 partir de la notification apparaissant sur Elfsight Apps. Copiez ce code. <\/li> <li><b>Affichez le plugin sur votre site jQuery<\/b><br> Acc\u00e9dez \u00e0 la zone dans laquelle vous devez placer le plugin et ins\u00e9rez-y le code enregistr\u00e9. Appliquez les modifications.<\/li> <li><b>F\u00e9licitations\u00a0! Vous venez d&rsquo;int\u00e9grer le widget\u00a0!<\/b><br> Entrez dans votre page, pour voir votre plugin.<\/li> <\/ol><p>Toujours pas d\u00e9cid\u00e9\u00a0? Ou rencontrez des probl\u00e8mes ? Envoyez simplement une demande \u00e0 notre service client et ils r\u00e9gleront chaque probl\u00e8me. <\/p> <\/div>","protected":false},"excerpt":{"rendered":"","protected":false},"author":18,"featured_media":0,"parent":931,"menu_order":0,"comment_status":"closed","ping_status":"closed","template":"templates\/template-application-platform.php","meta":{"publish_to_discourse":"","publish_post_category":"","wpdc_auto_publish_overridden":"","wpdc_topic_tags":"","wpdc_pin_topic":"","wpdc_pin_until":"","discourse_post_id":"","discourse_permalink":"","wpdc_publishing_response":"","wpdc_publishing_error":"","footnotes":""},"class_list":["post-6156","page","type-page","status-publish","hentry"],"yoast_head":"<!-- This site is optimized with the Yoast SEO plugin v25.3.1 - https:\/\/yoast.com\/wordpress\/plugins\/seo\/ -->\n<title>V\u00e9rification de l&#039;age - ajoutez widget Age verifier sur jQuery<\/title>\n<meta name=\"description\" content=\"Int\u00e9grez une V\u00e9rification de l&#039;age avantageuse sur votre site. Appliquez la d\u00e9mo d&#039;Elfsight et g\u00e9n\u00e9rez votre widget en 2 minutes.\" \/>\n<meta name=\"robots\" content=\"index, follow, max-snippet:-1, max-image-preview:large, max-video-preview:-1\" \/>\n<link rel=\"canonical\" href=\"https:\/\/elfsight.com\/fr\/age-verification-widget\/jquery\/\" \/>\n<meta property=\"og:locale\" content=\"fr_FR\" \/>\n<meta property=\"og:type\" content=\"article\" \/>\n<meta property=\"og:title\" content=\"V\u00e9rification de l&#039;age - ajoutez widget Age verifier sur jQuery\" \/>\n<meta property=\"og:description\" content=\"Int\u00e9grez une V\u00e9rification de l&#039;age avantageuse sur votre site. Appliquez la d\u00e9mo d&#039;Elfsight et g\u00e9n\u00e9rez votre widget en 2 minutes.\" \/>\n<meta property=\"og:url\" content=\"https:\/\/elfsight.com\/fr\/age-verification-widget\/jquery\/\" \/>\n<meta property=\"og:site_name\" content=\"Elfsight FR\" \/>\n<meta property=\"article:modified_time\" content=\"2025-07-09T09:21:53+00:00\" \/>\n<meta name=\"twitter:card\" content=\"summary_large_image\" \/>\n<meta name=\"twitter:label1\" content=\"Dur\u00e9e de lecture estim\u00e9e\" \/>\n\t<meta name=\"twitter:data1\" content=\"1 minute\" \/>\n<!-- \/ Yoast SEO plugin. -->","yoast_head_json":{"title":"V\u00e9rification de l'age - ajoutez widget Age verifier sur jQuery","description":"Int\u00e9grez une V\u00e9rification de l'age avantageuse sur votre site. Appliquez la d\u00e9mo d'Elfsight et g\u00e9n\u00e9rez votre widget en 2 minutes.","robots":{"index":"index","follow":"follow","max-snippet":"max-snippet:-1","max-image-preview":"max-image-preview:large","max-video-preview":"max-video-preview:-1"},"canonical":"https:\/\/elfsight.com\/fr\/age-verification-widget\/jquery\/","og_locale":"fr_FR","og_type":"article","og_title":"V\u00e9rification de l'age - ajoutez widget Age verifier sur jQuery","og_description":"Int\u00e9grez une V\u00e9rification de l'age avantageuse sur votre site. Appliquez la d\u00e9mo d'Elfsight et g\u00e9n\u00e9rez votre widget en 2 minutes.","og_url":"https:\/\/elfsight.com\/fr\/age-verification-widget\/jquery\/","og_site_name":"Elfsight FR","article_modified_time":"2025-07-09T09:21:53+00:00","twitter_card":"summary_large_image","twitter_misc":{"Dur\u00e9e de lecture estim\u00e9e":"1 minute"},"schema":{"@context":"https:\/\/schema.org","@graph":[{"@type":"WebPage","@id":"https:\/\/elfsight.com\/fr\/age-verification-widget\/jquery\/","url":"https:\/\/elfsight.com\/fr\/age-verification-widget\/jquery\/","name":"V\u00e9rification de l'age - ajoutez widget Age verifier sur jQuery","isPartOf":{"@id":"https:\/\/elfsight.com\/fr\/#website"},"datePublished":"2021-12-03T09:50:43+00:00","dateModified":"2025-07-09T09:21:53+00:00","description":"Int\u00e9grez une V\u00e9rification de l'age avantageuse sur votre site. Appliquez la d\u00e9mo d'Elfsight et g\u00e9n\u00e9rez votre widget en 2 minutes.","breadcrumb":{"@id":"https:\/\/elfsight.com\/fr\/age-verification-widget\/jquery\/#breadcrumb"},"inLanguage":"fr-FR","potentialAction":[{"@type":"ReadAction","target":["https:\/\/elfsight.com\/fr\/age-verification-widget\/jquery\/"]}]},{"@type":"BreadcrumbList","@id":"https:\/\/elfsight.com\/fr\/age-verification-widget\/jquery\/#breadcrumb","itemListElement":[{"@type":"ListItem","position":1,"name":"Home","item":"https:\/\/elfsight.com\/fr\/"},{"@type":"ListItem","position":2,"name":"Age Verification","item":"https:\/\/elfsight.com\/fr\/age-verification-widget\/"},{"@type":"ListItem","position":3,"name":"Age Verification &#8211; jQuery"}]},{"@type":"WebSite","@id":"https:\/\/elfsight.com\/fr\/#website","url":"https:\/\/elfsight.com\/fr\/","name":"Elfsight FR","description":"","potentialAction":[{"@type":"SearchAction","target":{"@type":"EntryPoint","urlTemplate":"https:\/\/elfsight.com\/fr\/?s={search_term_string}"},"query-input":{"@type":"PropertyValueSpecification","valueRequired":true,"valueName":"search_term_string"}}],"inLanguage":"fr-FR"}]}},"meta_box":{"industry":"","seo_heading":"","heading":"","description":"","cta_heading":"","cta_description":"","application":"933","h1":"Widget V\u00e9rification de l'age pour jQuery","h1_caption":"Assurez-vous que le contenu sensible \u00e0 l\u2019\u00e2ge est accessible de mani\u00e8re responsable gr\u00e2ce \u00e0 un plugin de v\u00e9rification de l\u2019\u00e2ge simple et personnalisable sur votre site Web jQuery sans effort.","application_category":[],"applications_title":"","applications_request_title":"","applications_request_button_text":"","hero_text":"","hero_video":"","hero_video_schema_markup":"","selling_points_title":"","selling_points_caption":"","selling_points":[],"selling_points_cta_text":"","features_title":"","features":"","ed_cta_examples_text":"","ed_cta_examples_hidden":"","ed_cta_demo_text":"","ed_cta_demo_hidden":"","why_caption":"","why_editor_title":"","why_editor_text":"","why_team_title":"","why_team_text":"","why_service_title":"","why_service_text":"","template_catalog_visible":"","template_catalog_title":"","template_catalog_text":"","template_catalog_categories_visible":"","demo_title":"Cr\u00e9ez votre plugin de v\u00e9rification de l'\u00e2ge","demo_caption":"Configurez votre v\u00e9rification d'\u00e2ge et ajoutez-la \u00e0 votre site Web jQuery gratuitement\u00a0!","default_faq_hidden":"","app_template_category":[],"platform":"355","template_public_id":"","codecanyon_url":"","codecanyon_item_id":"","codecanyon_price":"","pricing_caption":"","pricing_elfsight_apps_hide_column":"","pricing_elfsight_apps_url":"","pricing_codecanyon_price_caption":"","integration_category":[],"integration_request_title":"","integration_request_cta":"","integration_platform":"","integrations":[],"platform_category":[],"video_schema_markup":"","price":"\u00c0 partir de $0\/mois","trial":"","benefits":[{"text":"Installation gratuite"},{"text":"Support Premium"},{"text":"Garantie de remboursement de 14 jours"},{"text":"L'am\u00e9lioration continue"}],"button_url":"#demo","button_target_blank":"0","button_nofollow":"0","attributes":[{"name":"Nombre d'installations","content":"1,000 - 5,000","_state":"expanded"},{"name":"Adaptif","content":"Oui","_state":"expanded"},{"name":"Navigateurs compatibles","content":"Firefox, Safari, Opera, Chrome, Edge","_state":"expanded"}],"tags":[],"tags_disable_links":"0","hide_more_platforms":"","video_object":"","demo_hide_cta":"0","demo_hide_cloud_options":"0","pricing_title":"","pricing":[{"pricing_icon":"platform","pricing_title":"Applications d'Elfsight","pricing_title_caption":"Solution num\u00e9rique multiplateforme qui fonctionne sur n'importe quel site","pricing_price":"\u00c0 partir de $0\/mois","pricing_price_caption":"Commencez avec un plan gratuit","pricing_benefits":[{"text":"Sites Web illimit\u00e9s"},{"text":"\u00c9quipe d'assistance professionnelle"},{"text":"Service d'installation gratuit"},{"text":"100% personnalisable"}],"pricing_button_text":"Ajouter au site Web","pricing_button_url":"https:\/\/apps.elfsight.com\/sign-up\/","pricing_button_nofollow":"1","_state":"expanded"}],"related_apps_title":"","related_apps_hidden":"1","author":"","image":[],"title":"","job":"","social_networks":[]},"_links":{"self":[{"href":"https:\/\/elfsight.com\/fr\/wp-json\/wp\/v2\/pages\/6156","targetHints":{"allow":["GET"]}}],"collection":[{"href":"https:\/\/elfsight.com\/fr\/wp-json\/wp\/v2\/pages"}],"about":[{"href":"https:\/\/elfsight.com\/fr\/wp-json\/wp\/v2\/types\/page"}],"author":[{"embeddable":true,"href":"https:\/\/elfsight.com\/fr\/wp-json\/wp\/v2\/users\/18"}],"replies":[{"embeddable":true,"href":"https:\/\/elfsight.com\/fr\/wp-json\/wp\/v2\/comments?post=6156"}],"version-history":[{"count":2,"href":"https:\/\/elfsight.com\/fr\/wp-json\/wp\/v2\/pages\/6156\/revisions"}],"predecessor-version":[{"id":14783,"href":"https:\/\/elfsight.com\/fr\/wp-json\/wp\/v2\/pages\/6156\/revisions\/14783"}],"up":[{"embeddable":true,"href":"https:\/\/elfsight.com\/fr\/wp-json\/wp\/v2\/pages\/931"}],"wp:attachment":[{"href":"https:\/\/elfsight.com\/fr\/wp-json\/wp\/v2\/media?parent=6156"}],"curies":[{"name":"wp","href":"https:\/\/api.w.org\/{rel}","templated":true}]}}