{"id":6140,"date":"2021-12-03T09:50:24","date_gmt":"2021-12-03T09:50:24","guid":{"rendered":"https:\/\/elfsight.com\/fr\/?page_id=6140"},"modified":"2025-07-09T09:21:13","modified_gmt":"2025-07-09T09:21:13","slug":"elementor","status":"publish","type":"page","link":"https:\/\/elfsight.com\/fr\/age-verification-widget\/elementor\/","title":{"rendered":"Age Verification &#8211; Elementor"},"content":{"rendered":"<div class=\"application-platform-content-item-description application-platform-content-item\" id=\"description\" data-nav-section=\"description\"> <h2>Int\u00e9grer la v\u00e9rification de l&rsquo;\u00e2ge sur Elementor avec le widget Elfsight<\/h2> <p>Le widget Elfsight est la meilleure m\u00e9thode pour organiser une notification qui v\u00e9rifie le \u00e2ge d&rsquo;un utilisateur. Notre widget met \u00e0 la disposition des adultes du mat\u00e9riel sensible \u00e0 l&rsquo;\u00e2ge et le cache au public mineur. Vous pouvez d\u00e9finir une limite d&rsquo;\u00e2ge correcte, choisir la m\u00e9thode de v\u00e9rification, placer le widget sur toutes ou seulement plusieurs pages et l&rsquo;action d\u00e9tournant l&rsquo;acc\u00e8s. L&rsquo;apparence est flexible avec des d\u00e9tails pouvant \u00eatre peints et la fonctionnalit\u00e9 permettant d&rsquo;afficher des images personnalis\u00e9es.<\/p> <div class=\"faq\" data-component=\"FAQ\"> <div class=\"faq-item\">\r\n\t\t\t\t\t<div class=\"faq-item-question\">\r\n\t\t\t\t\t\t<h3 class=\"faq-item-question-text\">O\u00f9 puis-je ins\u00e9rer un widget de v\u00e9rification<\/h3>\r\n\r\n\t\t\t\t\t\t<div class=\"faq-item-question-icon\"><\/div>\r\n\t\t\t\t\t<\/div>\r\n\r\n\t\t\t\t\t<div class=\"faq-item-answer\">\r\n\t\t\t\t\t\t<div class=\"faq-item-answer-text\"> <p>Vous pouvez soit afficher la fen\u00eatre de contr\u00f4le de l&rsquo;\u00e2ge sur toutes les pages, soit choisissez des pages sp\u00e9cifiques. De plus, il y a la possibilit\u00e9 d&rsquo;exclure les pages o\u00f9 vous ne le souhaitez pas.<\/p> <\/div>\r\n\t\t\t\t\t<\/div>\r\n\t\t\t\t<\/div> <div class=\"faq-item\">\r\n\t\t\t\t\t<div class=\"faq-item-question\">\r\n\t\t\t\t\t\t<h3 class=\"faq-item-question-text\">Comment puis-je b\u00e9n\u00e9ficier de ce plugin ?<\/h3>\r\n\r\n\t\t\t\t\t\t<div class=\"faq-item-question-icon\"><\/div>\r\n\t\t\t\t\t<\/div>\r\n\r\n\t\t\t\t\t<div class=\"faq-item-answer\">\r\n\t\t\t\t\t\t<div class=\"faq-item-answer-text\"> <p>Avec ce widget, c&rsquo;est parfaitement il est facile et rapide de configurer une fen\u00eatre de contr\u00f4le d&rsquo;\u00e2ge et de bloquer l&rsquo;acc\u00e8s \u00e0 votre mat\u00e9riel pour les utilisateurs mineurs. Cela vous aidera \u00e0 garantir que votre site est conforme \u00e0 la l\u00e9gislation. En plus de cela, cela vous donnera de nouveaux visiteurs cibles et des clients valides.<\/p> <\/div>\r\n\t\t\t\t\t<\/div>\r\n\t\t\t\t<\/div> <div class=\"faq-item\">\r\n\t\t\t\t\t<div class=\"faq-item-question\">\r\n\t\t\t\t\t\t<h3 class=\"faq-item-question-text\">Comment ajouter la v\u00e9rification de l'\u00e2ge \u00e0 Elementor ?<\/h3>\r\n\r\n\t\t\t\t\t\t<div class=\"faq-item-question-icon\"><\/div>\r\n\t\t\t\t\t<\/div>\r\n\r\n\t\t\t\t\t<div class=\"faq-item-answer\">\r\n\t\t\t\t\t\t<div class=\"faq-item-answer-text\"> <p>Cela ne prendra que deux minutes votre temps pour vous installer. L&rsquo;installation est tr\u00e8s rapide, gratuite et sans codage.<\/p> <p>Vous pouvez placer une v\u00e9rification de l&rsquo;\u00e2ge sur votre page Web via notre service. Pour cela, consultez le guide ci-dessous sur cette page.<\/p> <\/div>\r\n\t\t\t\t\t<\/div>\r\n\t\t\t\t<\/div> <\/div> <\/div> <div class=\"application-platform-content-item-features application-platform-content-item\" id=\"features\" data-nav-section=\"features\"> <h2>Principales fonctionnalit\u00e9s du widget de v\u00e9rification de l&rsquo;\u00e2ge<\/h2> <p>Afin de mieux conna\u00eetre la v\u00e9rification de l&rsquo;\u00e2ge, voici la liste de ses principales fonctions. Ils rendent le widget incroyablement avantageux pour vous\u00a0:<\/p> <ul><li>Choisissez l&rsquo;une des m\u00e9thodes de v\u00e9rification\u00a0: demande de date de naissance compl\u00e8te, uniquement l&rsquo;ann\u00e9e de naissance ou une question proposant des options Oui et Non\u00a0;<\/li><li>Choisissez de m\u00e9moriser un visiteur pendant n&rsquo;importe quelle p\u00e9riode de temps en jours\u00a0;<\/li><li>2 sc\u00e9narios pour les visiteurs mineurs\u00a0: pour afficher un texte personnalis\u00e9 ou rediriger un utilisateur vers n&rsquo;importe quelle page ou site\u00a0; <\/li><li>T\u00e9l\u00e9chargez votre propre image \u00e0 ajouter \u00e0 la fen\u00eatre de v\u00e9rification\u00a0;<\/li><li>Affichez du texte et des liens suppl\u00e9mentaires sous le bouton de v\u00e9rification.<\/li><\/ul><p><a href=\"#demo\">D\u00e9couvrez toutes les fonctionnalit\u00e9s de la d\u00e9mo<\/a><\/p> <\/div><div class=\"application-platform-content-item-installation application-platform-content-item\" id=\"installation\" data-nav-section=\"installation\"> <h2>D\u00e9couvrez comment placer le widget de v\u00e9rification de l&rsquo;\u00e2ge sur votre site Web Elementor<\/h2> <div class=\"video-container\"><iframe width=\"720\" height=\"405\" src=\"https:\/\/www.youtube.com\/embed\/YbPlEwXJRTY\" frameborder=\"0\" allowfullscreen=\"\"><\/iframe><\/div><p>Suivez simplement les \u00e9tapes suivantes afin d&rsquo;introduire le widget sur votre site Web.<\/p><ol><li><b>Cr\u00e9ez votre plugin de v\u00e9rification d&rsquo;\u00e2ge personnalis\u00e9<\/b> <br> \u00c0 l&rsquo;aide de notre configurateur gratuit, cr\u00e9ez un plugin, s\u00e9lectionnez une mise en page et choisissez d&rsquo;autres fonctionnalit\u00e9s de l&rsquo;interface.<\/li><li><b>Acqu\u00e9rir le code personnel pour installer le plugin<\/b><br> Apr\u00e8s avoir configur\u00e9 votre widget, vous obtiendrez votre code d&rsquo;installation dans la fen\u00eatre apparue sur Elfsight Apps. Copiez-le.<\/li> <li><b>Ajoutez le plugin sur votre site Elementor<\/b><br> S\u00e9lectionnez la zone dans laquelle vous souhaitez int\u00e9grer le plugin et collez-y le code copi\u00e9. Appliquez les modifications.<\/li><li><b>Termin\u00e9\u00a0!<\/b><br>Allez sur la page Web pour voir votre \u00e2ge.<\/li> <\/ol><p>Vous avez encore des doutes\u00a0? Ou besoin d&rsquo;aide ? Envoyez simplement une demande \u00e0 notre service client. Nous r\u00e9soudrons tout probl\u00e8me.<\/p> <\/div>","protected":false},"excerpt":{"rendered":"","protected":false},"author":18,"featured_media":0,"parent":931,"menu_order":0,"comment_status":"closed","ping_status":"closed","template":"templates\/template-application-platform.php","meta":{"publish_to_discourse":"","publish_post_category":"","wpdc_auto_publish_overridden":"","wpdc_topic_tags":"","wpdc_pin_topic":"","wpdc_pin_until":"","discourse_post_id":"","discourse_permalink":"","wpdc_publishing_response":"","wpdc_publishing_error":"","footnotes":""},"class_list":["post-6140","page","type-page","status-publish","hentry"],"yoast_head":"<!-- This site is optimized with the Yoast SEO plugin v25.3.1 - https:\/\/yoast.com\/wordpress\/plugins\/seo\/ -->\n<title>V\u00e9rification de l&#039;age - ajoutez plugin Age verifier sur Elementor<\/title>\n<meta name=\"description\" content=\"Int\u00e9grez une V\u00e9rification de l&#039;age avantageuse sur votre site. Utilisez la d\u00e9mo d&#039;Elfsight et g\u00e9n\u00e9rez votre widget en quelques minutes.\" \/>\n<meta name=\"robots\" content=\"index, follow, max-snippet:-1, max-image-preview:large, max-video-preview:-1\" \/>\n<link rel=\"canonical\" href=\"https:\/\/elfsight.com\/fr\/age-verification-widget\/elementor\/\" \/>\n<meta property=\"og:locale\" content=\"fr_FR\" \/>\n<meta property=\"og:type\" content=\"article\" \/>\n<meta property=\"og:title\" content=\"V\u00e9rification de l&#039;age - ajoutez plugin Age verifier sur Elementor\" \/>\n<meta property=\"og:description\" content=\"Int\u00e9grez une V\u00e9rification de l&#039;age avantageuse sur votre site. Utilisez la d\u00e9mo d&#039;Elfsight et g\u00e9n\u00e9rez votre widget en quelques minutes.\" \/>\n<meta property=\"og:url\" content=\"https:\/\/elfsight.com\/fr\/age-verification-widget\/elementor\/\" \/>\n<meta property=\"og:site_name\" content=\"Elfsight FR\" \/>\n<meta property=\"article:modified_time\" content=\"2025-07-09T09:21:13+00:00\" \/>\n<meta name=\"twitter:card\" content=\"summary_large_image\" \/>\n<meta name=\"twitter:label1\" content=\"Dur\u00e9e de lecture estim\u00e9e\" \/>\n\t<meta name=\"twitter:data1\" content=\"1 minute\" \/>\n<!-- \/ Yoast SEO plugin. -->","yoast_head_json":{"title":"V\u00e9rification de l'age - ajoutez plugin Age verifier sur Elementor","description":"Int\u00e9grez une V\u00e9rification de l'age avantageuse sur votre site. Utilisez la d\u00e9mo d'Elfsight et g\u00e9n\u00e9rez votre widget en quelques minutes.","robots":{"index":"index","follow":"follow","max-snippet":"max-snippet:-1","max-image-preview":"max-image-preview:large","max-video-preview":"max-video-preview:-1"},"canonical":"https:\/\/elfsight.com\/fr\/age-verification-widget\/elementor\/","og_locale":"fr_FR","og_type":"article","og_title":"V\u00e9rification de l'age - ajoutez plugin Age verifier sur Elementor","og_description":"Int\u00e9grez une V\u00e9rification de l'age avantageuse sur votre site. Utilisez la d\u00e9mo d'Elfsight et g\u00e9n\u00e9rez votre widget en quelques minutes.","og_url":"https:\/\/elfsight.com\/fr\/age-verification-widget\/elementor\/","og_site_name":"Elfsight FR","article_modified_time":"2025-07-09T09:21:13+00:00","twitter_card":"summary_large_image","twitter_misc":{"Dur\u00e9e de lecture estim\u00e9e":"1 minute"},"schema":{"@context":"https:\/\/schema.org","@graph":[{"@type":"WebPage","@id":"https:\/\/elfsight.com\/fr\/age-verification-widget\/elementor\/","url":"https:\/\/elfsight.com\/fr\/age-verification-widget\/elementor\/","name":"V\u00e9rification de l'age - ajoutez plugin Age verifier sur Elementor","isPartOf":{"@id":"https:\/\/elfsight.com\/fr\/#website"},"datePublished":"2021-12-03T09:50:24+00:00","dateModified":"2025-07-09T09:21:13+00:00","description":"Int\u00e9grez une V\u00e9rification de l'age avantageuse sur votre site. Utilisez la d\u00e9mo d'Elfsight et g\u00e9n\u00e9rez votre widget en quelques minutes.","breadcrumb":{"@id":"https:\/\/elfsight.com\/fr\/age-verification-widget\/elementor\/#breadcrumb"},"inLanguage":"fr-FR","potentialAction":[{"@type":"ReadAction","target":["https:\/\/elfsight.com\/fr\/age-verification-widget\/elementor\/"]}]},{"@type":"BreadcrumbList","@id":"https:\/\/elfsight.com\/fr\/age-verification-widget\/elementor\/#breadcrumb","itemListElement":[{"@type":"ListItem","position":1,"name":"Home","item":"https:\/\/elfsight.com\/fr\/"},{"@type":"ListItem","position":2,"name":"Age Verification","item":"https:\/\/elfsight.com\/fr\/age-verification-widget\/"},{"@type":"ListItem","position":3,"name":"Age Verification &#8211; Elementor"}]},{"@type":"WebSite","@id":"https:\/\/elfsight.com\/fr\/#website","url":"https:\/\/elfsight.com\/fr\/","name":"Elfsight FR","description":"","potentialAction":[{"@type":"SearchAction","target":{"@type":"EntryPoint","urlTemplate":"https:\/\/elfsight.com\/fr\/?s={search_term_string}"},"query-input":{"@type":"PropertyValueSpecification","valueRequired":true,"valueName":"search_term_string"}}],"inLanguage":"fr-FR"}]}},"meta_box":{"industry":"","seo_heading":"","heading":"","description":"","cta_heading":"","cta_description":"","application":"933","h1":"Plugin V\u00e9rification de l'age pour Elementor","h1_caption":"Assurez-vous que le contenu sensible \u00e0 l\u2019\u00e2ge est accessible de mani\u00e8re responsable gr\u00e2ce \u00e0 un widget de v\u00e9rification de l\u2019\u00e2ge simple et personnalisable sur votre site Web Elementor sans effort.","application_category":[],"applications_title":"","applications_request_title":"","applications_request_button_text":"","hero_text":"","hero_video":"","hero_video_schema_markup":"","selling_points_title":"","selling_points_caption":"","selling_points":[],"selling_points_cta_text":"","features_title":"","features":"","ed_cta_examples_text":"","ed_cta_examples_hidden":"","ed_cta_demo_text":"","ed_cta_demo_hidden":"","why_caption":"","why_editor_title":"","why_editor_text":"","why_team_title":"","why_team_text":"","why_service_title":"","why_service_text":"","template_catalog_visible":"","template_catalog_title":"","template_catalog_text":"","template_catalog_categories_visible":"","demo_title":"Cr\u00e9ez votre widget de v\u00e9rification de l'\u00e2ge","demo_caption":"Configurez votre v\u00e9rification d'\u00e2ge et ajoutez-la \u00e0 votre site Web Elementor gratuitement\u00a0!","default_faq_hidden":"","app_template_category":[],"platform":"385","template_public_id":"","codecanyon_url":"","codecanyon_item_id":"","codecanyon_price":"","pricing_caption":"","pricing_elfsight_apps_hide_column":"","pricing_elfsight_apps_url":"","pricing_codecanyon_price_caption":"","integration_category":[],"integration_request_title":"","integration_request_cta":"","integration_platform":"","integrations":[],"platform_category":[],"video_schema_markup":"","price":"\u00c0 partir de $0\/mois","trial":"","benefits":[{"text":"Installation gratuite"},{"text":"Support Premium"},{"text":"Garantie de remboursement de 14 jours"},{"text":"L'am\u00e9lioration continue"}],"button_url":"#demo","button_target_blank":"0","button_nofollow":"0","attributes":[{"name":"Nombre d'installations","content":"1,000 - 5,000","_state":"expanded"},{"name":"Adaptif","content":"Oui","_state":"expanded"},{"name":"Navigateurs compatibles","content":"Firefox, Safari, Opera, Chrome, Edge","_state":"expanded"}],"tags":[],"tags_disable_links":"0","hide_more_platforms":"","video_object":"","demo_hide_cta":"0","demo_hide_cloud_options":"0","pricing_title":"","pricing":[{"pricing_icon":"platform","pricing_title":"Applications d'Elfsight","pricing_title_caption":"Solution num\u00e9rique multiplateforme qui fonctionne sur n'importe quel site","pricing_price":"\u00c0 partir de $0\/mois","pricing_price_caption":"Commencez avec un plan gratuit","pricing_benefits":[{"text":"Sites Web illimit\u00e9s"},{"text":"\u00c9quipe d'assistance professionnelle"},{"text":"Service d'installation gratuit"},{"text":"100% personnalisable"}],"pricing_button_text":"Ajouter au site Web","pricing_button_url":"https:\/\/apps.elfsight.com\/sign-up\/","pricing_button_nofollow":"1","_state":"expanded"}],"related_apps_title":"","related_apps_hidden":"1","author":"","image":[],"title":"","job":"","social_networks":[]},"_links":{"self":[{"href":"https:\/\/elfsight.com\/fr\/wp-json\/wp\/v2\/pages\/6140","targetHints":{"allow":["GET"]}}],"collection":[{"href":"https:\/\/elfsight.com\/fr\/wp-json\/wp\/v2\/pages"}],"about":[{"href":"https:\/\/elfsight.com\/fr\/wp-json\/wp\/v2\/types\/page"}],"author":[{"embeddable":true,"href":"https:\/\/elfsight.com\/fr\/wp-json\/wp\/v2\/users\/18"}],"replies":[{"embeddable":true,"href":"https:\/\/elfsight.com\/fr\/wp-json\/wp\/v2\/comments?post=6140"}],"version-history":[{"count":2,"href":"https:\/\/elfsight.com\/fr\/wp-json\/wp\/v2\/pages\/6140\/revisions"}],"predecessor-version":[{"id":14780,"href":"https:\/\/elfsight.com\/fr\/wp-json\/wp\/v2\/pages\/6140\/revisions\/14780"}],"up":[{"embeddable":true,"href":"https:\/\/elfsight.com\/fr\/wp-json\/wp\/v2\/pages\/931"}],"wp:attachment":[{"href":"https:\/\/elfsight.com\/fr\/wp-json\/wp\/v2\/media?parent=6140"}],"curies":[{"name":"wp","href":"https:\/\/api.w.org\/{rel}","templated":true}]}}