{"id":6136,"date":"2021-12-03T09:49:58","date_gmt":"2021-12-03T09:49:58","guid":{"rendered":"https:\/\/elfsight.com\/fr\/?page_id=6136"},"modified":"2025-07-09T09:21:02","modified_gmt":"2025-07-09T09:21:02","slug":"blogger","status":"publish","type":"page","link":"https:\/\/elfsight.com\/fr\/age-verification-widget\/blogger\/","title":{"rendered":"Age Verification &#8211; Blogger"},"content":{"rendered":"<div class=\"application-platform-content-item-description application-platform-content-item\" id=\"description\" data-nav-section=\"description\"> <h2>Description<\/h2> <p>Le widget Elfsight sera l&rsquo;outil le plus simple pour obtenir une fen\u00eatre de chargement de page qui v\u00e9rifie l&rsquo;\u00e2ge d&rsquo;un visiteur. Le widget rend votre contenu limit\u00e9 par \u00e2ge accessible aux utilisateurs majeurs et le cache de la cat\u00e9gorie des mineurs. Vous pouvez fixer une limite d&rsquo;\u00e2ge requise, sp\u00e9cifier la m\u00e9thode de v\u00e9rification, introduire le widget sur chaque page ou uniquement sur certaines pages et choisir le sc\u00e9nario. L&rsquo;interface est \u00e9galement sous votre contr\u00f4le, avec des d\u00e9tails \u00e0 peindre et la possibilit\u00e9 de t\u00e9l\u00e9charger vos propres images. <\/p> <div class=\"faq\" data-component=\"FAQ\"> <div class=\"faq-item\">\r\n\t\t\t\t\t<div class=\"faq-item-question\">\r\n\t\t\t\t\t\t<h3 class=\"faq-item-question-text\">O\u00f9 sur mon site puis-je l'installer<\/h3>\r\n\r\n\t\t\t\t\t\t<div class=\"faq-item-question-icon\"><\/div>\r\n\t\t\t\t\t<\/div>\r\n\r\n\t\t\t\t\t<div class=\"faq-item-answer\">\r\n\t\t\t\t\t\t<div class=\"faq-item-answer-text\"> <p>Vous pouvez soit afficher la fen\u00eatre contextuelle de contr\u00f4le de l&rsquo;\u00e2ge sur tous les sites Web, soit choisir les pages pour l&rsquo;afficher. De plus, il existe la possibilit\u00e9 d\u2019exclure les pages sur lesquelles vous n\u2019en avez pas besoin. <\/p> <\/div>\r\n\t\t\t\t\t<\/div>\r\n\t\t\t\t<\/div> <div class=\"faq-item\">\r\n\t\t\t\t\t<div class=\"faq-item-question\">\r\n\t\t\t\t\t\t<h3 class=\"faq-item-question-text\">Comment puis-je b\u00e9n\u00e9ficier de ce plugin ? <\/h3>\r\n\r\n\t\t\t\t\t\t<div class=\"faq-item-question-icon\"><\/div>\r\n\t\t\t\t\t<\/div>\r\n\r\n\t\t\t\t\t<div class=\"faq-item-answer\">\r\n\t\t\t\t\t\t<div class=\"faq-item-answer-text\"> <p>En utilisant ce widget, il est tr\u00e8s simple et rapide d&rsquo;afficher une fen\u00eatre de v\u00e9rification de l&rsquo;\u00e2ge et de rendre votre mat\u00e9riel indisponible pour les visiteurs mineurs. Ainsi, vous serez s\u00fbr que votre site internet est conforme \u00e0 la l\u00e9gislation. De plus, cela attirera davantage de visiteurs cibles et de clients potentiels valides. <\/p> <\/div>\r\n\t\t\t\t\t<\/div>\r\n\t\t\t\t<\/div> <div class=\"faq-item\">\r\n\t\t\t\t\t<div class=\"faq-item-question\">\r\n\t\t\t\t\t\t<h3 class=\"faq-item-question-text\">Comment ajouter la v\u00e9rification de l'\u00e2ge \u00e0 mon site Web Blogger ? <\/h3>\r\n\r\n\t\t\t\t\t\t<div class=\"faq-item-question-icon\"><\/div>\r\n\t\t\t\t\t<\/div>\r\n\r\n\t\t\t\t\t<div class=\"faq-item-answer\">\r\n\t\t\t\t\t\t<div class=\"faq-item-answer-text\"> <p>Vous n&rsquo;aurez besoin que de deux minutes pour la configurer. L\u2019installation est vraiment rapide, gratuite et n\u2019inclut pas de codage. <\/p> <p>La v\u00e9rification de l&rsquo;\u00e2ge d&rsquo;Elfsight peut \u00eatre int\u00e9gr\u00e9e via notre service ou via le march\u00e9. Ici, vous pouvez comparer les avantages des deux variantes et choisir celle qui convient le mieux. <\/p> <\/div>\r\n\t\t\t\t\t<\/div>\r\n\t\t\t\t<\/div> <\/div> <\/div> <div class=\"application-platform-content-item-features application-platform-content-item\" id=\"features\" data-nav-section=\"features\"> <h2>Fonctionnalit\u00e9s<\/h2> <p>Pour mieux comprendre le widget, consultez la liste des principaux caract\u00e9ristiques. Ils rendent le widget incroyablement efficace pour vous\u00a0: <\/p> <ul><li>Choisissez l&rsquo;un des trois formats de contr\u00f4le\u00a0: demander la date de naissance compl\u00e8te, uniquement l&rsquo;ann\u00e9e de naissance ou une question proposant des options Oui et Non\u00a0; <\/li><li>L&rsquo;option de m\u00e9moriser les utilisateurs pendant une dur\u00e9e illimit\u00e9e\u00a0; <\/li><li>2 sc\u00e9narios pour les visiteurs dissuad\u00e9s\u00a0: pour afficher un texte personnalis\u00e9 ou diriger un utilisateur vers n&rsquo;importe quelle adresse\u00a0; <\/li><li>Ajoutez votre propre image \u00e0 ajouter \u00e0 la fen\u00eatre contextuelle de v\u00e9rification\u00a0; <\/li><li>D\u00e9montrez des d\u00e9tails suppl\u00e9mentaires avec des liens sous le bouton de v\u00e9rification. <\/li><\/ul><p><a href=\"#demo\">La d\u00e9mo en direct vous ouvrira toutes les fonctionnalit\u00e9s<\/a><\/p> <\/div> <div class=\"application-platform-content-item-installation application-platform-content-item\" id=\"installation\" data-nav-section=\"installation\"> <h2>D\u00e9couvrez comment ajouter le widget de v\u00e9rification de l&rsquo;\u00e2ge \u00e0 votre site Web Blogger. C&rsquo;est rapide.<\/h2> <div class=\"video-container\"><iframe width=\"720\" height=\"405\" src=\"https:\/\/www.youtube.com\/embed\/5tEa0-ah-0E\" frameborder=\"0\" allowfullscreen=\"\"><\/iframe><\/div><p>Les \u00e9tapes ci-dessous sont la seule chose que vous devez faire. <\/p> <ol><li><b>G\u00e9n\u00e9rez votre plugin de v\u00e9rification d&rsquo;\u00e2ge personnel<\/b><br> En g\u00e9rant notre configurateur gratuit, configurez un plugin avec une mise en page et des fonctions s\u00e9lectionn\u00e9es. <\/li><li><b>Copiez le code individuel pour afficher le plugin<\/b><br> Apr\u00e8s avoir personnalis\u00e9 votre widget, vous recevrez votre code d&rsquo;installation dans la notification contextuelle sur Elfsight Apps. Copiez-le.<\/li> <li><b> Le plugin sur votre site Web Muse<\/b><br> Choisissez la zone dans laquelle vous souhaitez int\u00e9grer le plugin et ins\u00e9rez-y le code copi\u00e9. Enregistrez les modifications. <\/li> <li><b>F\u00e9licitations\u00a0! Vous venez de publier le widget ! <\/b><br> Visitez la page Web pour voir votre plugin. <\/li> <\/ol><p>Vous avez encore des doutes ? Ou vous avez des questions ? Une simple demande \u00e0 notre service client r\u00e9glera tout type de probl\u00e8me. <\/p> <\/div>","protected":false},"excerpt":{"rendered":"","protected":false},"author":18,"featured_media":0,"parent":931,"menu_order":0,"comment_status":"closed","ping_status":"closed","template":"templates\/template-application-platform.php","meta":{"publish_to_discourse":"","publish_post_category":"","wpdc_auto_publish_overridden":"","wpdc_topic_tags":"","wpdc_pin_topic":"","wpdc_pin_until":"","discourse_post_id":"","discourse_permalink":"","wpdc_publishing_response":"","wpdc_publishing_error":"","footnotes":""},"class_list":["post-6136","page","type-page","status-publish","hentry"],"yoast_head":"<!-- This site is optimized with the Yoast SEO plugin v25.3.1 - https:\/\/yoast.com\/wordpress\/plugins\/seo\/ -->\n<title>V\u00e9rification de l&#039;age - ajoutez plugin Age verifier sur Blogger<\/title>\n<meta name=\"description\" content=\"Int\u00e9grez une V\u00e9rification de l&#039;age attractive sur votre site. Appliquez la d\u00e9mo d&#039;Elfsight et g\u00e9n\u00e9rez votre widget en 2 minutes.\" \/>\n<meta name=\"robots\" content=\"index, follow, max-snippet:-1, max-image-preview:large, max-video-preview:-1\" \/>\n<link rel=\"canonical\" href=\"https:\/\/elfsight.com\/fr\/age-verification-widget\/blogger\/\" \/>\n<meta property=\"og:locale\" content=\"fr_FR\" \/>\n<meta property=\"og:type\" content=\"article\" \/>\n<meta property=\"og:title\" content=\"V\u00e9rification de l&#039;age - ajoutez plugin Age verifier sur Blogger\" \/>\n<meta property=\"og:description\" content=\"Int\u00e9grez une V\u00e9rification de l&#039;age attractive sur votre site. Appliquez la d\u00e9mo d&#039;Elfsight et g\u00e9n\u00e9rez votre widget en 2 minutes.\" \/>\n<meta property=\"og:url\" content=\"https:\/\/elfsight.com\/fr\/age-verification-widget\/blogger\/\" \/>\n<meta property=\"og:site_name\" content=\"Elfsight FR\" \/>\n<meta property=\"article:modified_time\" content=\"2025-07-09T09:21:02+00:00\" \/>\n<meta name=\"twitter:card\" content=\"summary_large_image\" \/>\n<meta name=\"twitter:label1\" content=\"Dur\u00e9e de lecture estim\u00e9e\" \/>\n\t<meta name=\"twitter:data1\" content=\"1 minute\" \/>\n<!-- \/ Yoast SEO plugin. -->","yoast_head_json":{"title":"V\u00e9rification de l'age - ajoutez plugin Age verifier sur Blogger","description":"Int\u00e9grez une V\u00e9rification de l'age attractive sur votre site. Appliquez la d\u00e9mo d'Elfsight et g\u00e9n\u00e9rez votre widget en 2 minutes.","robots":{"index":"index","follow":"follow","max-snippet":"max-snippet:-1","max-image-preview":"max-image-preview:large","max-video-preview":"max-video-preview:-1"},"canonical":"https:\/\/elfsight.com\/fr\/age-verification-widget\/blogger\/","og_locale":"fr_FR","og_type":"article","og_title":"V\u00e9rification de l'age - ajoutez plugin Age verifier sur Blogger","og_description":"Int\u00e9grez une V\u00e9rification de l'age attractive sur votre site. Appliquez la d\u00e9mo d'Elfsight et g\u00e9n\u00e9rez votre widget en 2 minutes.","og_url":"https:\/\/elfsight.com\/fr\/age-verification-widget\/blogger\/","og_site_name":"Elfsight FR","article_modified_time":"2025-07-09T09:21:02+00:00","twitter_card":"summary_large_image","twitter_misc":{"Dur\u00e9e de lecture estim\u00e9e":"1 minute"},"schema":{"@context":"https:\/\/schema.org","@graph":[{"@type":"WebPage","@id":"https:\/\/elfsight.com\/fr\/age-verification-widget\/blogger\/","url":"https:\/\/elfsight.com\/fr\/age-verification-widget\/blogger\/","name":"V\u00e9rification de l'age - ajoutez plugin Age verifier sur Blogger","isPartOf":{"@id":"https:\/\/elfsight.com\/fr\/#website"},"datePublished":"2021-12-03T09:49:58+00:00","dateModified":"2025-07-09T09:21:02+00:00","description":"Int\u00e9grez une V\u00e9rification de l'age attractive sur votre site. Appliquez la d\u00e9mo d'Elfsight et g\u00e9n\u00e9rez votre widget en 2 minutes.","breadcrumb":{"@id":"https:\/\/elfsight.com\/fr\/age-verification-widget\/blogger\/#breadcrumb"},"inLanguage":"fr-FR","potentialAction":[{"@type":"ReadAction","target":["https:\/\/elfsight.com\/fr\/age-verification-widget\/blogger\/"]}]},{"@type":"BreadcrumbList","@id":"https:\/\/elfsight.com\/fr\/age-verification-widget\/blogger\/#breadcrumb","itemListElement":[{"@type":"ListItem","position":1,"name":"Home","item":"https:\/\/elfsight.com\/fr\/"},{"@type":"ListItem","position":2,"name":"Age Verification","item":"https:\/\/elfsight.com\/fr\/age-verification-widget\/"},{"@type":"ListItem","position":3,"name":"Age Verification &#8211; Blogger"}]},{"@type":"WebSite","@id":"https:\/\/elfsight.com\/fr\/#website","url":"https:\/\/elfsight.com\/fr\/","name":"Elfsight FR","description":"","potentialAction":[{"@type":"SearchAction","target":{"@type":"EntryPoint","urlTemplate":"https:\/\/elfsight.com\/fr\/?s={search_term_string}"},"query-input":{"@type":"PropertyValueSpecification","valueRequired":true,"valueName":"search_term_string"}}],"inLanguage":"fr-FR"}]}},"meta_box":{"industry":"","seo_heading":"","heading":"","description":"","cta_heading":"","cta_description":"","application":"933","h1":"Plugin V\u00e9rification de l'age pour Blogger","h1_caption":"Assurez-vous que le contenu sensible \u00e0 l\u2019\u00e2ge est accessible de mani\u00e8re responsable gr\u00e2ce \u00e0 un widget de v\u00e9rification de l\u2019\u00e2ge simple et personnalisable int\u00e9gr\u00e9 sans effort \u00e0 votre site Web Blogger.","application_category":[],"applications_title":"","applications_request_title":"","applications_request_button_text":"","hero_text":"","hero_video":"","hero_video_schema_markup":"","selling_points_title":"","selling_points_caption":"","selling_points":[],"selling_points_cta_text":"","features_title":"","features":"","ed_cta_examples_text":"","ed_cta_examples_hidden":"","ed_cta_demo_text":"","ed_cta_demo_hidden":"","why_caption":"","why_editor_title":"","why_editor_text":"","why_team_title":"","why_team_text":"","why_service_title":"","why_service_text":"","template_catalog_visible":"","template_catalog_title":"","template_catalog_text":"","template_catalog_categories_visible":"","demo_title":"Cr\u00e9ez votre widget de v\u00e9rification de l'\u00e2ge","demo_caption":"Configurez votre v\u00e9rification d'\u00e2ge et ajoutez-la gratuitement \u00e0 votre site Web Blogger\u00a0!","default_faq_hidden":"","app_template_category":[],"platform":"348","template_public_id":"","codecanyon_url":"","codecanyon_item_id":"","codecanyon_price":"","pricing_caption":"","pricing_elfsight_apps_hide_column":"","pricing_elfsight_apps_url":"","pricing_codecanyon_price_caption":"","integration_category":[],"integration_request_title":"","integration_request_cta":"","integration_platform":"","integrations":[],"platform_category":[],"video_schema_markup":"","price":"\u00c0 partir de $0\/mois","trial":"","benefits":[{"text":"Installation gratuite"},{"text":"Support Premium"},{"text":"Garantie de remboursement de 14 jours"},{"text":"L'am\u00e9lioration continue"}],"button_url":"#demo","button_target_blank":"0","button_nofollow":"0","attributes":[{"name":"Nombre d'installations","content":"1,000 - 5,000","_state":"expanded"},{"name":"Adaptif","content":"Oui","_state":"expanded"},{"name":"Navigateurs compatibles","content":"Firefox, Safari, Opera, Chrome, Edge","_state":"expanded"}],"tags":[],"tags_disable_links":"0","hide_more_platforms":"","video_object":"","demo_hide_cta":"0","demo_hide_cloud_options":"0","pricing_title":"","pricing":[{"pricing_icon":"platform","pricing_title":"Applications d'Elfsight","pricing_title_caption":"Solution num\u00e9rique multiplateforme qui fonctionne sur n'importe quel site","pricing_price":"\u00c0 partir de $0\/mois","pricing_price_caption":"Commencez avec un plan gratuit","pricing_benefits":[{"text":"Sites Web illimit\u00e9s"},{"text":"\u00c9quipe d'assistance professionnelle"},{"text":"Service d'installation gratuit"},{"text":"100% personnalisable"}],"pricing_button_text":"Ajouter au site Web","pricing_button_url":"https:\/\/apps.elfsight.com\/sign-up\/","pricing_button_nofollow":"1","_state":"expanded"}],"related_apps_title":"","related_apps_hidden":"1","author":"","image":[],"title":"","job":"","social_networks":[]},"_links":{"self":[{"href":"https:\/\/elfsight.com\/fr\/wp-json\/wp\/v2\/pages\/6136","targetHints":{"allow":["GET"]}}],"collection":[{"href":"https:\/\/elfsight.com\/fr\/wp-json\/wp\/v2\/pages"}],"about":[{"href":"https:\/\/elfsight.com\/fr\/wp-json\/wp\/v2\/types\/page"}],"author":[{"embeddable":true,"href":"https:\/\/elfsight.com\/fr\/wp-json\/wp\/v2\/users\/18"}],"replies":[{"embeddable":true,"href":"https:\/\/elfsight.com\/fr\/wp-json\/wp\/v2\/comments?post=6136"}],"version-history":[{"count":2,"href":"https:\/\/elfsight.com\/fr\/wp-json\/wp\/v2\/pages\/6136\/revisions"}],"predecessor-version":[{"id":14781,"href":"https:\/\/elfsight.com\/fr\/wp-json\/wp\/v2\/pages\/6136\/revisions\/14781"}],"up":[{"embeddable":true,"href":"https:\/\/elfsight.com\/fr\/wp-json\/wp\/v2\/pages\/931"}],"wp:attachment":[{"href":"https:\/\/elfsight.com\/fr\/wp-json\/wp\/v2\/media?parent=6136"}],"curies":[{"name":"wp","href":"https:\/\/api.w.org\/{rel}","templated":true}]}}