{"id":6134,"date":"2021-12-03T09:49:51","date_gmt":"2021-12-03T09:49:51","guid":{"rendered":"https:\/\/elfsight.com\/fr\/?page_id=6134"},"modified":"2025-07-09T09:43:26","modified_gmt":"2025-07-09T09:43:26","slug":"bigcommerce","status":"publish","type":"page","link":"https:\/\/elfsight.com\/fr\/age-verification-widget\/bigcommerce\/","title":{"rendered":"Age Verification &#8211; BigCommerce"},"content":{"rendered":"<div class=\"application-platform-content-item-description application-platform-content-item\" id=\"description\" data-nav-section=\"description\"> <h2>Description<\/h2> <p>Notre widget deviendra le moyen le plus simple de configurer une fen\u00eatre contextuelle imm\u00e9diate, qui contr\u00f4lera l&rsquo;\u00e2ge d&rsquo;un utilisateur. Notre widget permet de rendre les contenus sensibles \u00e0 l&rsquo;\u00e2ge accessibles aux utilisateurs adultes et de les dissuader des t\u00e9l\u00e9spectateurs mineurs. Vous pouvez sp\u00e9cifier la limite d&rsquo;\u00e2ge, choisir le format de v\u00e9rification, placer la fen\u00eatre contextuelle sur tous les sites Web ou uniquement sur des pages sp\u00e9cifiques, et d\u00e9signer l&rsquo;action. L&rsquo;apparence peut \u00e9galement \u00eatre adapt\u00e9e, avec des d\u00e9tails pouvant \u00eatre peints et la possibilit\u00e9 d&rsquo;afficher vos propres images. <\/p> <div class=\"faq\" data-component=\"FAQ\"> <div class=\"faq-item\">\r\n\t\t\t\t\t<div class=\"faq-item-question\">\r\n\t\t\t\t\t\t<h3 class=\"faq-item-question-text\">O\u00f9 puis-je ins\u00e9rer la v\u00e9rification de l'\u00e2ge<\/h3>\r\n\r\n\t\t\t\t\t\t<div class=\"faq-item-question-icon\"><\/div>\r\n\t\t\t\t\t<\/div>\r\n\r\n\t\t\t\t\t<div class=\"faq-item-answer\">\r\n\t\t\t\t\t\t<div class=\"faq-item-answer-text\"> <p>Vous pouvez choisir d&rsquo;afficher la fen\u00eatre de v\u00e9rification de l&rsquo;\u00e2ge sur toutes les pages ou de s\u00e9lectionner les pages o\u00f9 l&rsquo;int\u00e9grer. De plus, il existe une fonctionnalit\u00e9 permettant de d\u00e9signer les pages sur lesquelles vous ne le souhaitez pas. <\/p> <\/div>\r\n\t\t\t\t\t<\/div>\r\n\t\t\t\t<\/div> <div class=\"faq-item\">\r\n\t\t\t\t\t<div class=\"faq-item-question\">\r\n\t\t\t\t\t\t<h3 class=\"faq-item-question-text\">Comment en b\u00e9n\u00e9ficierais-je ? <\/h3>\r\n\r\n\t\t\t\t\t\t<div class=\"faq-item-question-icon\"><\/div>\r\n\t\t\t\t\t<\/div>\r\n\r\n\t\t\t\t\t<div class=\"faq-item-answer\">\r\n\t\t\t\t\t\t<div class=\"faq-item-answer-text\"> <p>Avec l&rsquo;aide de notre widget, il est absolument simple et rapide de cr\u00e9er une fen\u00eatre de v\u00e9rification de l&rsquo;\u00e2ge et de dissuader les visiteurs mineurs. Cela contribuera \u00e0 garantir que votre site Web est conforme \u00e0 la l\u00e9gislation. En outre, cela attirera plus de visiteurs cibles et de clients valides. <\/p> <\/div>\r\n\t\t\t\t\t<\/div>\r\n\t\t\t\t<\/div> <div class=\"faq-item\">\r\n\t\t\t\t\t<div class=\"faq-item-question\">\r\n\t\t\t\t\t\t<h3 class=\"faq-item-question-text\">Comment ajouter la v\u00e9rification de l'\u00e2ge sur mon site BigCommerce ? <\/h3>\r\n\r\n\t\t\t\t\t\t<div class=\"faq-item-question-icon\"><\/div>\r\n\t\t\t\t\t<\/div>\r\n\r\n\t\t\t\t\t<div class=\"faq-item-answer\">\r\n\t\t\t\t\t\t<div class=\"faq-item-answer-text\"> <p>L&rsquo;activation du widget ne prendra qu&rsquo;une minute. L\u2019installation est tr\u00e8s rapide, gratuite et sans codage. <\/p> <p>Le widget peut \u00eatre introduit directement sur notre service ou via la marketplace. Vous pouvez comparer les deux variantes et choisir la v\u00f4tre.<\/p> <\/div>\r\n\t\t\t\t\t<\/div>\r\n\t\t\t\t<\/div> <\/div> <\/div> <div class=\"application-platform-content-item-features application-platform-content-item\" id=\"features\" data-nav-section=\"features\"> <h2>Fonctionnalit\u00e9s<\/h2> <p>Pour former une meilleure id\u00e9e du widget, consultez la liste de ses principales caract\u00e9ristiques. Ils rendent ce widget vraiment efficace pour votre boutique\u00a0: <\/p> <ul><li>S\u00e9lectionnez l&rsquo;un des trois types de v\u00e9rification\u00a0: demande de date de naissance compl\u00e8te, uniquement l&rsquo;ann\u00e9e de naissance ou une question proposant des r\u00e9ponses par oui et par non\u00a0; <\/li><li>D\u00e9finissez le widget pour qu&rsquo;il se souvienne d&rsquo;un visiteur pendant n&rsquo;importe quelle dur\u00e9e en jours\u00a0; <\/li><li>Deux sc\u00e9narios possibles pour les visiteurs mineurs\u00a0: afficher un texte ou diriger un utilisateur vers une autre adresse\u00a0; <\/li><li>Chargez n&rsquo;importe quelle image pour la fen\u00eatre contextuelle de v\u00e9rification de l&rsquo;\u00e2ge\u00a0; <\/li><li>Affichez du texte suppl\u00e9mentaire avec des liens sous le bouton de v\u00e9rification. <\/li><\/ul><p><a href=\"#demo\">Voir toutes les fonctionnalit\u00e9s dans notre d\u00e9mo<\/a><\/p> <\/div> <div class=\"application-platform-content-item-installation application-platform-content-item\" id=\"installation\" data-nav-section=\"installation\"> <h2>Allons v\u00e9rifiez comment ajouter le widget de v\u00e9rification de l&rsquo;\u00e2ge \u00e0 votre site Web BigCommerce<\/h2> <div class=\"video-container\"><iframe width=\"720\" height=\"405\" src=\"https:\/\/www.youtube.com\/embed\/Dc4FWjE4-RQ\" frameborder=\"0\" allowfullscreen=\"\"><\/iframe><\/div><p>Suivez simplement plusieurs \u00e9tapes pr\u00e9sent\u00e9es ci-dessous pour activer le plugin sur BigCommerce.<\/p> <ol><li><b>Ex\u00e9cutez notre configurateur gratuit et commencez \u00e0 cr\u00e9er votre propre instrument. <\/b><br> Sp\u00e9cifiez la disposition et les sp\u00e9cifications pr\u00e9f\u00e9r\u00e9es de l&rsquo;outil et appliquez les corrections. <\/li> <li><b>Copiez le code personnel qui appara\u00eet dans la fen\u00eatre des applications Elfsight. <\/b><br> D\u00e8s que la cr\u00e9ation de votre widget de v\u00e9rification est termin\u00e9e, copiez le code personnel dans la fen\u00eatre contextuelle qui appara\u00eet et conservez-le pour une utilisation ult\u00e9rieure. <\/li> <li><b>Commencez \u00e0 utiliser le widget sur votre site BigCommerce. <\/b><br> Int\u00e9grez le code copi\u00e9 r\u00e9cemment dans votre page et appliquez les am\u00e9liorations. <\/li> <li><b>Fait\u00a0! L&rsquo;int\u00e9gration s&rsquo;est termin\u00e9e avec succ\u00e8s. <\/b><br> Acc\u00e9dez \u00e0 votre site Web pour v\u00e9rifier le travail du plugin. <\/li><\/ol><p>Vous n&rsquo;arrivez toujours pas \u00e0 vous d\u00e9cider\u00a0? Ou vous avez des questions ? \u00c9crivez simplement une demande \u00e0 notre \u00e9quipe d&rsquo;assistance et elle r\u00e9soudra tout type de question. <\/p> <\/div>","protected":false},"excerpt":{"rendered":"","protected":false},"author":18,"featured_media":0,"parent":931,"menu_order":0,"comment_status":"closed","ping_status":"closed","template":"templates\/template-application-platform.php","meta":{"publish_to_discourse":"","publish_post_category":"","wpdc_auto_publish_overridden":"","wpdc_topic_tags":"","wpdc_pin_topic":"","wpdc_pin_until":"","discourse_post_id":"","discourse_permalink":"","wpdc_publishing_response":"","wpdc_publishing_error":"","footnotes":""},"class_list":["post-6134","page","type-page","status-publish","hentry"],"yoast_head":"<!-- This site is optimized with the Yoast SEO plugin v25.3.1 - https:\/\/yoast.com\/wordpress\/plugins\/seo\/ -->\n<title>V\u00e9rification de l&#039;age - ajoutez plugin Age verifier sur BigCommerce<\/title>\n<meta name=\"description\" content=\"Int\u00e9grez une V\u00e9rification de l&#039;age avantageuse sur votre site. Utilisez la d\u00e9mo d&#039;Elfsight et g\u00e9n\u00e9rez votre widget en 2 minutes.\" \/>\n<meta name=\"robots\" content=\"index, follow, max-snippet:-1, max-image-preview:large, max-video-preview:-1\" \/>\n<link rel=\"canonical\" href=\"https:\/\/elfsight.com\/fr\/age-verification-widget\/bigcommerce\/\" \/>\n<meta property=\"og:locale\" content=\"fr_FR\" \/>\n<meta property=\"og:type\" content=\"article\" \/>\n<meta property=\"og:title\" content=\"V\u00e9rification de l&#039;age - ajoutez plugin Age verifier sur BigCommerce\" \/>\n<meta property=\"og:description\" content=\"Int\u00e9grez une V\u00e9rification de l&#039;age avantageuse sur votre site. Utilisez la d\u00e9mo d&#039;Elfsight et g\u00e9n\u00e9rez votre widget en 2 minutes.\" \/>\n<meta property=\"og:url\" content=\"https:\/\/elfsight.com\/fr\/age-verification-widget\/bigcommerce\/\" \/>\n<meta property=\"og:site_name\" content=\"Elfsight FR\" \/>\n<meta property=\"article:modified_time\" content=\"2025-07-09T09:43:26+00:00\" \/>\n<meta name=\"twitter:card\" content=\"summary_large_image\" \/>\n<meta name=\"twitter:label1\" content=\"Dur\u00e9e de lecture estim\u00e9e\" \/>\n\t<meta name=\"twitter:data1\" content=\"1 minute\" \/>\n<!-- \/ Yoast SEO plugin. -->","yoast_head_json":{"title":"V\u00e9rification de l'age - ajoutez plugin Age verifier sur BigCommerce","description":"Int\u00e9grez une V\u00e9rification de l'age avantageuse sur votre site. Utilisez la d\u00e9mo d'Elfsight et g\u00e9n\u00e9rez votre widget en 2 minutes.","robots":{"index":"index","follow":"follow","max-snippet":"max-snippet:-1","max-image-preview":"max-image-preview:large","max-video-preview":"max-video-preview:-1"},"canonical":"https:\/\/elfsight.com\/fr\/age-verification-widget\/bigcommerce\/","og_locale":"fr_FR","og_type":"article","og_title":"V\u00e9rification de l'age - ajoutez plugin Age verifier sur BigCommerce","og_description":"Int\u00e9grez une V\u00e9rification de l'age avantageuse sur votre site. Utilisez la d\u00e9mo d'Elfsight et g\u00e9n\u00e9rez votre widget en 2 minutes.","og_url":"https:\/\/elfsight.com\/fr\/age-verification-widget\/bigcommerce\/","og_site_name":"Elfsight FR","article_modified_time":"2025-07-09T09:43:26+00:00","twitter_card":"summary_large_image","twitter_misc":{"Dur\u00e9e de lecture estim\u00e9e":"1 minute"},"schema":{"@context":"https:\/\/schema.org","@graph":[{"@type":"WebPage","@id":"https:\/\/elfsight.com\/fr\/age-verification-widget\/bigcommerce\/","url":"https:\/\/elfsight.com\/fr\/age-verification-widget\/bigcommerce\/","name":"V\u00e9rification de l'age - ajoutez plugin Age verifier sur BigCommerce","isPartOf":{"@id":"https:\/\/elfsight.com\/fr\/#website"},"datePublished":"2021-12-03T09:49:51+00:00","dateModified":"2025-07-09T09:43:26+00:00","description":"Int\u00e9grez une V\u00e9rification de l'age avantageuse sur votre site. Utilisez la d\u00e9mo d'Elfsight et g\u00e9n\u00e9rez votre widget en 2 minutes.","breadcrumb":{"@id":"https:\/\/elfsight.com\/fr\/age-verification-widget\/bigcommerce\/#breadcrumb"},"inLanguage":"fr-FR","potentialAction":[{"@type":"ReadAction","target":["https:\/\/elfsight.com\/fr\/age-verification-widget\/bigcommerce\/"]}]},{"@type":"BreadcrumbList","@id":"https:\/\/elfsight.com\/fr\/age-verification-widget\/bigcommerce\/#breadcrumb","itemListElement":[{"@type":"ListItem","position":1,"name":"Home","item":"https:\/\/elfsight.com\/fr\/"},{"@type":"ListItem","position":2,"name":"Age Verification","item":"https:\/\/elfsight.com\/fr\/age-verification-widget\/"},{"@type":"ListItem","position":3,"name":"Age Verification &#8211; BigCommerce"}]},{"@type":"WebSite","@id":"https:\/\/elfsight.com\/fr\/#website","url":"https:\/\/elfsight.com\/fr\/","name":"Elfsight FR","description":"","potentialAction":[{"@type":"SearchAction","target":{"@type":"EntryPoint","urlTemplate":"https:\/\/elfsight.com\/fr\/?s={search_term_string}"},"query-input":{"@type":"PropertyValueSpecification","valueRequired":true,"valueName":"search_term_string"}}],"inLanguage":"fr-FR"}]}},"meta_box":{"industry":"","seo_heading":"","heading":"","description":"","cta_heading":"","cta_description":"","application":"933","h1":"Plugin V\u00e9rification de l'age pour BigCommerce","h1_caption":"Assurez-vous que le contenu sensible \u00e0 l'\u00e2ge est accessible de mani\u00e8re responsable gr\u00e2ce \u00e0 une application de v\u00e9rification de l'\u00e2ge simple et personnalisable sur votre site Web BigCommerce sans effort.","application_category":[],"applications_title":"","applications_request_title":"","applications_request_button_text":"","hero_text":"","hero_video":"","hero_video_schema_markup":"","selling_points_title":"","selling_points_caption":"","selling_points":[],"selling_points_cta_text":"","features_title":"","features":"","ed_cta_examples_text":"","ed_cta_examples_hidden":"","ed_cta_demo_text":"","ed_cta_demo_hidden":"","why_caption":"","why_editor_title":"","why_editor_text":"","why_team_title":"","why_team_text":"","why_service_title":"","why_service_text":"","template_catalog_visible":"","template_catalog_title":"","template_catalog_text":"","template_catalog_categories_visible":"","demo_title":"Cr\u00e9ez votre application de v\u00e9rification de l'\u00e2ge","demo_caption":"Configurez votre v\u00e9rification d'\u00e2ge et ajoutez-la gratuitement \u00e0 votre site Web BigCommerce\u00a0!","default_faq_hidden":"","app_template_category":[],"platform":"347","template_public_id":"","codecanyon_url":"","codecanyon_item_id":"","codecanyon_price":"","pricing_caption":"","pricing_elfsight_apps_hide_column":"","pricing_elfsight_apps_url":"","pricing_codecanyon_price_caption":"","integration_category":[],"integration_request_title":"","integration_request_cta":"","integration_platform":"","integrations":[],"platform_category":[],"video_schema_markup":"","price":"\u00c0 partir de $0\/mois","trial":"","benefits":[{"text":"Installation gratuite"},{"text":"Support Premium"},{"text":"Garantie de remboursement de 14 jours"},{"text":"L'am\u00e9lioration continue"}],"button_url":"#demo","button_target_blank":"0","button_nofollow":"0","attributes":[{"name":"Nombre d'installations","content":"1,000 - 5,000","_state":"expanded"},{"name":"Adaptif","content":"Oui","_state":"expanded"},{"name":"Navigateurs compatibles","content":"Firefox, Safari, Opera, Chrome, Edge","_state":"expanded"}],"tags":[],"tags_disable_links":"0","hide_more_platforms":"","video_object":"","demo_hide_cta":"0","demo_hide_cloud_options":"0","pricing_title":"","pricing":[{"pricing_icon":"platform","pricing_title":"Applications d'Elfsight","pricing_title_caption":"Solution num\u00e9rique multiplateforme qui fonctionne sur n'importe quel site","pricing_price":"\u00c0 partir de $0\/mois","pricing_price_caption":"Commencez avec un plan gratuit","pricing_benefits":[{"text":"Sites Web illimit\u00e9s"},{"text":"\u00c9quipe d'assistance professionnelle"},{"text":"Service d'installation gratuit"},{"text":"100% personnalisable"}],"pricing_button_text":"Ajouter au site Web","pricing_button_url":"https:\/\/apps.elfsight.com\/sign-up\/","pricing_button_nofollow":"1","_state":"expanded"}],"related_apps_title":"","related_apps_hidden":"1","author":"","image":[],"title":"","job":"","social_networks":[]},"_links":{"self":[{"href":"https:\/\/elfsight.com\/fr\/wp-json\/wp\/v2\/pages\/6134","targetHints":{"allow":["GET"]}}],"collection":[{"href":"https:\/\/elfsight.com\/fr\/wp-json\/wp\/v2\/pages"}],"about":[{"href":"https:\/\/elfsight.com\/fr\/wp-json\/wp\/v2\/types\/page"}],"author":[{"embeddable":true,"href":"https:\/\/elfsight.com\/fr\/wp-json\/wp\/v2\/users\/18"}],"replies":[{"embeddable":true,"href":"https:\/\/elfsight.com\/fr\/wp-json\/wp\/v2\/comments?post=6134"}],"version-history":[{"count":2,"href":"https:\/\/elfsight.com\/fr\/wp-json\/wp\/v2\/pages\/6134\/revisions"}],"predecessor-version":[{"id":14787,"href":"https:\/\/elfsight.com\/fr\/wp-json\/wp\/v2\/pages\/6134\/revisions\/14787"}],"up":[{"embeddable":true,"href":"https:\/\/elfsight.com\/fr\/wp-json\/wp\/v2\/pages\/931"}],"wp:attachment":[{"href":"https:\/\/elfsight.com\/fr\/wp-json\/wp\/v2\/media?parent=6134"}],"curies":[{"name":"wp","href":"https:\/\/api.w.org\/{rel}","templated":true}]}}