{"id":5951,"date":"2021-12-03T09:00:23","date_gmt":"2021-12-03T09:00:23","guid":{"rendered":"https:\/\/elfsight.com\/fr\/?page_id=5951"},"modified":"2025-01-10T13:19:40","modified_gmt":"2025-01-10T13:19:40","slug":"woocommerce","status":"publish","type":"page","link":"https:\/\/elfsight.com\/fr\/slider-widget\/woocommerce\/","title":{"rendered":"Slider &#8211; WooCommerce"},"content":{"rendered":"\n<div class=\"application-platform-content-item-description application-platform-content-item\" id=\"description\" data-nav-section=\"description\"><h2>Description<\/h2><p>Elfsight Image Slider est un widget simple qui vous permet de capter l&rsquo;attention des utilisateurs en affichant plusieurs images, vid\u00e9os ou les meilleures offres sur votre site internet. N&rsquo;h\u00e9sitez pas \u00e0 utiliser le nombre de diapositives n\u00e9cessaire pour vanter votre plugin Product Image Slider et marquer les bonnes affaires. Ajoutez des effets visuels et redimensionnez la dimension de l&rsquo;image\/vid\u00e9o comme vous le souhaitez. Gr\u00e2ce \u00e0 notre outil, vous serez en mesure de cr\u00e9er un slider dynamique qui attirera l&rsquo;attention des utilisateurs et ne les laissera pas quitter votre page trop t\u00f4t.<\/p><p><b>Appliquez un plugin Slider accompagn\u00e9 d&rsquo;un contenu interactif pour attirer votre l&rsquo;attention des clients\u00a0!<\/b><\/p><p><b>Un plus grand engagement des utilisateurs<\/b><br>Notre widget Image Slider pr\u00e9sente de charmants effets visuels qui transformeront votre contenu en un incontournable pour les utilisateurs qui les conduisent. pour travailler avec et prendre les actions cibles.<\/p><p><b>Retravailler l&rsquo;exp\u00e9rience utilisateur<\/b><br>Int\u00e9grer les visuels les plus attrayants dans un endroit attrayant pour rendre la navigation sur votre site fluide et simple, dessinant ainsi de nouveaux publics.<\/p><p><b>Augmentez vos ventes<\/b><br>Soulignez vos activit\u00e9s, les \u0153uvres les plus m\u00e9morables ou les probl\u00e8mes pr\u00e9sent\u00e9s en appliquant un plugin Slider qui am\u00e8ne les utilisateurs directement \u00e0 l&rsquo;achat<\/p> <\/div> <div class=\"faq\" data-component=\"FAQ\"><div class=\"faq-item\">\r\n\t\t\t\t\t<div class=\"faq-item-question\">\r\n\t\t\t\t\t\t<h3 class=\"faq-item-question-text\">De quelle mani\u00e8re puis-je ajouter un Slider au site WooCommerce ? <\/h3>\r\n\r\n\t\t\t\t\t\t<div class=\"faq-item-question-icon\"><\/div>\r\n\t\t\t\t\t<\/div>\r\n\r\n\t\t\t\t\t<div class=\"faq-item-answer\">\r\n\t\t\t\t\t\t<div class=\"faq-item-answer-text\"><p>La base du widget se produit au sein du site Web Elfsight et il n&rsquo;est pas n\u00e9cessaire d&rsquo;apprendre le codage. Utilisez notre d\u00e9mo active pour ajuster votre outil, acqu\u00e9rir le code et l&rsquo;ins\u00e9rer sur votre site Web. <\/p><\/div>\r\n\t\t\t\t\t<\/div>\r\n\t\t\t\t<\/div><div class=\"faq-item\">\r\n\t\t\t\t\t<div class=\"faq-item-question\">\r\n\t\t\t\t\t\t<h3 class=\"faq-item-question-text\">Les meilleurs exemples d'utilisation de l'int\u00e9gration de Gallery Slider<\/h3>\r\n\r\n\t\t\t\t\t\t<div class=\"faq-item-question-icon\"><\/div>\r\n\t\t\t\t\t<\/div>\r\n\r\n\t\t\t\t\t<div class=\"faq-item-answer\">\r\n\t\t\t\t\t\t<div class=\"faq-item-answer-text\"><p>Nous vous offrons un large \u00e9ventail de possibilit\u00e9s de personnalisation\u00a0: des widgets complets \u00e0 ins\u00e9rer dans la zone de contenu , des widgets flottants pour les possibilit\u00e9s de d\u00e9filement, des dispositions pour le pied de page, la section d&rsquo;en-t\u00eate et toutes sortes d&rsquo;options verticales pour les barres lat\u00e9rales et les menus. <\/p><\/div>\r\n\t\t\t\t\t<\/div>\r\n\t\t\t\t<\/div><div class=\"faq-item\">\r\n\t\t\t\t\t<div class=\"faq-item-question\">\r\n\t\t\t\t\t\t<h3 class=\"faq-item-question-text\">Comment cr\u00e9er une pr\u00e9sentation d'h\u00f4tel ou des offres de caf\u00e9 avec l'aide de votre \u00e9diteur ? <\/h3>\r\n\r\n\t\t\t\t\t\t<div class=\"faq-item-question-icon\"><\/div>\r\n\t\t\t\t\t<\/div>\r\n\r\n\t\t\t\t\t<div class=\"faq-item-answer\">\r\n\t\t\t\t\t\t<div class=\"faq-item-answer-text\"><p>Vous pouvez fa\u00e7onner les modifications de n&rsquo;importe quel widget. De nombreuses mises en page sont disponibles dans l&rsquo;\u00e9diteur, et elles peuvent toutes \u00eatre rapidement personnalis\u00e9es selon vos besoins. <\/p><\/div>\r\n\t\t\t\t\t<\/div>\r\n\t\t\t\t<\/div><\/div><div class=\"application-platform-content-item-features application-platform-content-item\" id=\"features\" data-nav-section=\"features\"><h2>Les principales fonctionnalit\u00e9s du widget incluent<\/h2><ul><li>Ajouter des CTA pour guider les utilisateurs vers la conversion\u00a0;<\/li> <li>Ajustez la dur\u00e9e du changement de diapositive\u00a0;<\/li><li>Choisissez entre de nombreuses variantes\u00a0;<\/li><li>Placez le texte o\u00f9 vous le souhaitez sur la page \u00e0 l&rsquo;aide de la position avanc\u00e9e\u00a0;<\/li><li>Modifiez 5 \u00e9l\u00e9ments de contenu.<\/li><\/ul><p><a href=\"#demo\">Vous pouvez essayer toutes les fonctionnalit\u00e9s du widget dans la d\u00e9mo sur cette page<\/a><\/p><\/div><div class=\"application-platform-content-item-installation application-platform-content-item\" id=\"installation\" data-nav-section=\"installation\"><h2>Comment int\u00e9grer le plugin Image Slider sur mon site WooCommerce ?<\/h2><p>Suivez simplement les \u00e9tapes ci-dessous pour ins\u00e9rer le widget.<\/p><ol><li><b>G\u00e9rez notre configurateur gratuit et commencez \u00e0 former votre widget personnalis\u00e9.<\/b><br>Sp\u00e9cifiez l&rsquo;interface et les fonctionnalit\u00e9s appropri\u00e9es de l&rsquo;outil et appliquez les modifications.<\/li><li><b>Obtenez votre code personnel apparaissant sous la forme sp\u00e9ciale sur Elfsight Apps.<\/b><br>Juste apr\u00e8s avoir termin\u00e9 la configuration de votre plugin personnel, copiez le code exclusif de la fen\u00eatre qui appara\u00eet et conservez-le pour une occasion ult\u00e9rieure.<\/li><li> <b>Commencez \u00e0 utiliser le widget sur le site WooCommerce.<\/b><br>Int\u00e9grez le code que vous avez copi\u00e9 r\u00e9cemment dans votre page Web et appliquez les ajustements.<\/li><li><b>Vous avez termin\u00e9\u00a0! L&rsquo;int\u00e9gration est termin\u00e9e avec succ\u00e8s.<\/b><br>Visitez votre page pour voir comment fonctionne l&rsquo;outil.<\/li><\/ol><p>Si vous rencontrez des obstacles, n&rsquo;h\u00e9sitez pas \u00e0 faire appel \u00e0 notre assistance. personnel. Nos consultants se feront un plaisir de vous aider avec toutes les difficult\u00e9s que vous pourriez rencontrer avec le plugin.<\/p><\/div>\n","protected":false},"excerpt":{"rendered":"","protected":false},"author":18,"featured_media":0,"parent":1532,"menu_order":0,"comment_status":"closed","ping_status":"closed","template":"templates\/template-application-platform.php","meta":{"publish_to_discourse":"","publish_post_category":"","wpdc_auto_publish_overridden":"","wpdc_topic_tags":"","wpdc_pin_topic":"","wpdc_pin_until":"","discourse_post_id":"","discourse_permalink":"","wpdc_publishing_response":"","wpdc_publishing_error":"","footnotes":""},"class_list":["post-5951","page","type-page","status-publish","hentry"],"yoast_head":"<!-- This site is optimized with the Yoast SEO plugin v25.3.1 - https:\/\/yoast.com\/wordpress\/plugins\/seo\/ -->\n<title>Diapo - ajoutez plugin Diaporama sur WooCommerce<\/title>\n<meta name=\"description\" content=\"Int\u00e9grez un Diapo avantageux sur votre site. Utilisez la d\u00e9mo d&#039;Elfsight et g\u00e9n\u00e9rez votre widget en 2 minutes.\" \/>\n<meta name=\"robots\" content=\"index, follow, max-snippet:-1, max-image-preview:large, max-video-preview:-1\" \/>\n<link rel=\"canonical\" href=\"https:\/\/elfsight.com\/fr\/slider-widget\/woocommerce\/\" \/>\n<meta property=\"og:locale\" content=\"fr_FR\" \/>\n<meta property=\"og:type\" content=\"article\" \/>\n<meta property=\"og:title\" content=\"Diapo - ajoutez plugin Diaporama sur WooCommerce\" \/>\n<meta property=\"og:description\" content=\"Int\u00e9grez un Diapo avantageux sur votre site. Utilisez la d\u00e9mo d&#039;Elfsight et g\u00e9n\u00e9rez votre widget en 2 minutes.\" \/>\n<meta property=\"og:url\" content=\"https:\/\/elfsight.com\/fr\/slider-widget\/woocommerce\/\" \/>\n<meta property=\"og:site_name\" content=\"Elfsight FR\" \/>\n<meta property=\"article:modified_time\" content=\"2025-01-10T13:19:40+00:00\" \/>\n<meta name=\"twitter:card\" content=\"summary_large_image\" \/>\n<meta name=\"twitter:label1\" content=\"Dur\u00e9e de lecture estim\u00e9e\" \/>\n\t<meta name=\"twitter:data1\" content=\"3 minutes\" \/>\n<!-- \/ Yoast SEO plugin. -->","yoast_head_json":{"title":"Diapo - ajoutez plugin Diaporama sur WooCommerce","description":"Int\u00e9grez un Diapo avantageux sur votre site. Utilisez la d\u00e9mo d'Elfsight et g\u00e9n\u00e9rez votre widget en 2 minutes.","robots":{"index":"index","follow":"follow","max-snippet":"max-snippet:-1","max-image-preview":"max-image-preview:large","max-video-preview":"max-video-preview:-1"},"canonical":"https:\/\/elfsight.com\/fr\/slider-widget\/woocommerce\/","og_locale":"fr_FR","og_type":"article","og_title":"Diapo - ajoutez plugin Diaporama sur WooCommerce","og_description":"Int\u00e9grez un Diapo avantageux sur votre site. Utilisez la d\u00e9mo d'Elfsight et g\u00e9n\u00e9rez votre widget en 2 minutes.","og_url":"https:\/\/elfsight.com\/fr\/slider-widget\/woocommerce\/","og_site_name":"Elfsight FR","article_modified_time":"2025-01-10T13:19:40+00:00","twitter_card":"summary_large_image","twitter_misc":{"Dur\u00e9e de lecture estim\u00e9e":"3 minutes"},"schema":{"@context":"https:\/\/schema.org","@graph":[{"@type":"WebPage","@id":"https:\/\/elfsight.com\/fr\/slider-widget\/woocommerce\/","url":"https:\/\/elfsight.com\/fr\/slider-widget\/woocommerce\/","name":"Diapo - ajoutez plugin Diaporama sur WooCommerce","isPartOf":{"@id":"https:\/\/elfsight.com\/fr\/#website"},"datePublished":"2021-12-03T09:00:23+00:00","dateModified":"2025-01-10T13:19:40+00:00","description":"Int\u00e9grez un Diapo avantageux sur votre site. Utilisez la d\u00e9mo d'Elfsight et g\u00e9n\u00e9rez votre widget en 2 minutes.","breadcrumb":{"@id":"https:\/\/elfsight.com\/fr\/slider-widget\/woocommerce\/#breadcrumb"},"inLanguage":"fr-FR","potentialAction":[{"@type":"ReadAction","target":["https:\/\/elfsight.com\/fr\/slider-widget\/woocommerce\/"]}]},{"@type":"BreadcrumbList","@id":"https:\/\/elfsight.com\/fr\/slider-widget\/woocommerce\/#breadcrumb","itemListElement":[{"@type":"ListItem","position":1,"name":"Home","item":"https:\/\/elfsight.com\/fr\/"},{"@type":"ListItem","position":2,"name":"Slider","item":"https:\/\/elfsight.com\/fr\/slider-widget\/"},{"@type":"ListItem","position":3,"name":"Slider &#8211; WooCommerce"}]},{"@type":"WebSite","@id":"https:\/\/elfsight.com\/fr\/#website","url":"https:\/\/elfsight.com\/fr\/","name":"Elfsight FR","description":"","potentialAction":[{"@type":"SearchAction","target":{"@type":"EntryPoint","urlTemplate":"https:\/\/elfsight.com\/fr\/?s={search_term_string}"},"query-input":{"@type":"PropertyValueSpecification","valueRequired":true,"valueName":"search_term_string"}}],"inLanguage":"fr-FR"}]}},"meta_box":{"industry":"","seo_heading":"","heading":"","description":"","cta_heading":"","cta_description":"","application":"1525","h1":"Plugin Diapo pour WooCommerce","h1_caption":"Ajoutez un curseur d'image ou de contenu \u00e0 votre site Web pour pr\u00e9senter sans effort des visuels, des promotions ou du contenu cl\u00e9 de mani\u00e8re dynamique sur votre site Web WooCommerce.","application_category":[],"applications_title":"","applications_request_title":"","applications_request_button_text":"","hero_text":"","hero_video":"","hero_video_schema_markup":"","selling_points_title":"","selling_points_caption":"","selling_points":[],"selling_points_cta_text":"","features_title":"","features":"","ed_cta_examples_text":"","ed_cta_examples_hidden":"","ed_cta_demo_text":"","ed_cta_demo_hidden":"","why_caption":"","why_editor_title":"","why_editor_text":"","why_team_title":"","why_team_text":"","why_service_title":"","why_service_text":"","template_catalog_visible":"0","template_catalog_title":"","template_catalog_text":"","template_catalog_categories_visible":"","demo_title":"Cr\u00e9ez votre application Slider","demo_caption":"Configurez votre Slider et ajoutez-le \u00e0 votre site Web WooCommerce gratuitement !","default_faq_hidden":"","app_template_category":[],"platform":"397","template_public_id":"","codecanyon_url":"","codecanyon_item_id":"","codecanyon_price":"","pricing_caption":"","pricing_elfsight_apps_hide_column":"","pricing_elfsight_apps_url":"","pricing_codecanyon_price_caption":"","integration_category":[],"integration_request_title":"","integration_request_cta":"","integration_platform":"","integrations":[],"platform_category":[],"video_schema_markup":"","price":"\u00c0 partir de $0\/mois","trial":"","benefits":[{"text":"Installation gratuite"},{"text":"Support Premium"},{"text":"Garantie de remboursement de 14 jours"},{"text":"L'am\u00e9lioration continue"}],"button_url":"#demo","button_target_blank":"0","button_nofollow":"0","attributes":[{"name":"Nombre d'installations","content":"1,000 - 5,000","_state":"expanded"},{"name":"Adaptif","content":"Oui","_state":"expanded"},{"name":"Navigateurs compatibles","content":"Firefox, Safari, Opera, Chrome, Edge","_state":"expanded"}],"tags":[],"tags_disable_links":"0","hide_more_platforms":"","video_object":"","demo_hide_cta":"0","demo_hide_cloud_options":"0","pricing_title":"","pricing":[{"pricing_icon":"platform","pricing_title":"Applications d'Elfsight","pricing_title_caption":"Solution num\u00e9rique multiplateforme qui fonctionne sur n'importe quel site","pricing_price":"\u00c0 partir de $0\/mois","pricing_price_caption":"Commencez avec un plan gratuit","pricing_benefits":[{"text":"Sites Web illimit\u00e9s"},{"text":"\u00c9quipe d'assistance professionnelle"},{"text":"Service d'installation gratuit"},{"text":"100% personnalisable"}],"pricing_button_text":"Ajouter au site Web","pricing_button_url":"https:\/\/apps.elfsight.com\/sign-up\/","pricing_button_nofollow":"1","_state":"expanded"}],"related_apps_title":"","related_apps_hidden":"1","author":"","image":[],"title":"","job":"","social_networks":[]},"_links":{"self":[{"href":"https:\/\/elfsight.com\/fr\/wp-json\/wp\/v2\/pages\/5951","targetHints":{"allow":["GET"]}}],"collection":[{"href":"https:\/\/elfsight.com\/fr\/wp-json\/wp\/v2\/pages"}],"about":[{"href":"https:\/\/elfsight.com\/fr\/wp-json\/wp\/v2\/types\/page"}],"author":[{"embeddable":true,"href":"https:\/\/elfsight.com\/fr\/wp-json\/wp\/v2\/users\/18"}],"replies":[{"embeddable":true,"href":"https:\/\/elfsight.com\/fr\/wp-json\/wp\/v2\/comments?post=5951"}],"version-history":[{"count":3,"href":"https:\/\/elfsight.com\/fr\/wp-json\/wp\/v2\/pages\/5951\/revisions"}],"predecessor-version":[{"id":16133,"href":"https:\/\/elfsight.com\/fr\/wp-json\/wp\/v2\/pages\/5951\/revisions\/16133"}],"up":[{"embeddable":true,"href":"https:\/\/elfsight.com\/fr\/wp-json\/wp\/v2\/pages\/1532"}],"wp:attachment":[{"href":"https:\/\/elfsight.com\/fr\/wp-json\/wp\/v2\/media?parent=5951"}],"curies":[{"name":"wp","href":"https:\/\/api.w.org\/{rel}","templated":true}]}}