{"id":5949,"date":"2021-12-03T09:00:28","date_gmt":"2021-12-03T09:00:28","guid":{"rendered":"https:\/\/elfsight.com\/fr\/?page_id=5949"},"modified":"2025-11-19T16:33:04","modified_gmt":"2025-11-19T16:33:04","slug":"wix","status":"publish","type":"page","link":"https:\/\/elfsight.com\/fr\/slider-widget\/wix\/","title":{"rendered":"Slider &#8211; Wix"},"content":{"rendered":"<div class=\"application-platform-content-item-description application-platform-content-item\" id=\"description\" data-nav-section=\"description\"><h2>Description<\/h2> <p>Elfsight Photo &amp; Image Slider est un widget simple et r\u00e9actif qui vous permet d&rsquo;attirer l&rsquo;attention des visiteurs du site en affichant diverses images, vid\u00e9os ou les meilleures offres sur votre site. Utilisez le nombre de diapositives n\u00e9cessaire pour pr\u00e9senter vos produits et mettre en \u00e9vidence les offres int\u00e9ressantes. Ajoutez des effets sp\u00e9ciaux et redimensionnez la taille de l&rsquo;image\/vid\u00e9o comme vous le souhaitez. Avec notre outil, vous pourrez cr\u00e9er un slider spectaculaire qui attirera l&rsquo;attention des utilisateurs et ne les laissera pas quitter votre page Web trop t\u00f4t.<\/p><\/div><div class=\"application-platform-content-item-features application-platform-content-item\" id=\"features\" data-nav-section=\"features\"><h2> Caract\u00e9ristiques<\/h2><p>Voir toutes les fonctions du produit. Vous pouvez les d\u00e9finir directement dans l&rsquo;\u00e9diteur et ils vous aideront \u00e0 configurer le widget en fonction de votre cas d&rsquo;utilisation.<\/p><ol><li>Utilisez les boutons CTA pour guider les visiteurs du site vers votre objectif.<\/li><li> Modifiez la dur\u00e9e du changement de diapositive.<\/li><li>Choisissez entre plusieurs variantes.<\/li><li>Placez votre contenu n&rsquo;importe o\u00f9 sur la page gr\u00e2ce \u00e0 la position avanc\u00e9e.<\/li><li>Modifiez cinq fonctions de contenu. <\/li><\/ol><p>Vous pouvez essayer toutes les caract\u00e9ristiques fonctionnelles du widget directement dans la d\u00e9mo<\/p><\/div><div class=\"application-platform-content-item-installation application-platform-content-item\" id=\"installation\" data-nav-section=\"installation\"><h2>Comment ajouter Image Slider au site Web Wix ?<\/h2><div class=\"video-container\"><iframe width=\"720\" height=\"405\" src=\"https:\/\/www.youtube.com\/embed\/hDNyLRiq0nM?si=nzvkB6Z7dxQYlHqY\" frameborder=\"0\" allowfullscreen=\"\"><\/iframe><\/div><p>Pour int\u00e9grer le produit, suivez simplement quelques \u00e9tapes rapides<\/p><ol><li><b>Concevez votre plugin Photo Slider personnel<\/b><br> Dans notre \u00e9diteur gratuit, cr\u00e9ez un plugin avec un look et des fonctions s\u00e9lectionn\u00e9s. <\/li><li><b>Copiez le code personnel pour int\u00e9grer le plugin<\/b><br> Apr\u00e8s avoir configur\u00e9 votre widget, vous obtiendrez le code individuel \u00e0 partir de la fen\u00eatre apparue sur Elfsight Apps. Copiez-le pour une utilisation future. <\/li> <li><b>Affichez le plugin sur votre site Web Wix<\/b><br> Choisissez l&rsquo;endroit sur lequel vous devez r\u00e9v\u00e9ler le plugin et ins\u00e9rez-y le code copi\u00e9. Publier les r\u00e9sultats. <\/li> <li><b>F\u00e9licitations\u00a0! Vous venez d&rsquo;int\u00e9grer le widget ! <\/b><br> Acc\u00e9dez \u00e0 la page Web pour voir votre Slider. <\/li> <\/ol><p>N&rsquo;h\u00e9sitez pas \u00e0 contacter le service support si vous avez besoin de conseils ou si vous avez quelque chose \u00e0 demander. Nos sp\u00e9cialistes se feront un plaisir de r\u00e9pondre \u00e0 chaque demande.<\/p><div class=\"faq\" data-component=\"FAQ\"><div class=\"faq-item\">\r\n\t\t\t\t\t<div class=\"faq-item-question\">\r\n\t\t\t\t\t\t<h3 class=\"faq-item-question-text\">Existe-t-il un moyen d'int\u00e9grer Slider \u00e0 mon site Wix sans coder ?<\/h3>\r\n\r\n\t\t\t\t\t\t<div class=\"faq-item-question-icon\"><\/div>\r\n\t\t\t\t\t<\/div>\r\n\r\n\t\t\t\t\t<div class=\"faq-item-answer\">\r\n\t\t\t\t\t\t<div class=\"faq-item-answer-text\"> <p>La soci\u00e9t\u00e9 Elfsight propose une solution Cloud qui permet Les utilisateurs cr\u00e9ent eux-m\u00eames une application Slider, d\u00e9couvrez le guide simple\u00a0: commencez \u00e0 travailler directement dans l&rsquo;\u00e9diteur en direct pour cr\u00e9er un plugin Slider que vous souhaitez voir appara\u00eetre sur la page Web Wix. Choisissez l&rsquo;un des mod\u00e8les pr\u00eats \u00e0 l&#8217;emploi et modifiez les param\u00e8tres du curseur, transformez la mise en page et les couleurs et ajoutez votre contenu, sans connaissances en codage. Cliquez pour enregistrer le curseur et obtenir le code d&rsquo;installation, que vous pouvez facilement inclure dans la page d&rsquo;accueil de Wix sans acheter de version payante. Avec notre \u00e9diteur simple, tout utilisateur Web peut cr\u00e9er un widget Slider et l&rsquo;inclure facilement \u00e0 la page Web Wix. Il n&rsquo;est pas n\u00e9cessaire de payer ou de soumettre les donn\u00e9es de votre carte pour acc\u00e9der au service. Si vous rencontrez des probl\u00e8mes de quelque nature que ce soit, n&rsquo;h\u00e9sitez pas \u00e0 parler \u00e0 notre \u00e9quipe d&rsquo;assistance technique.<\/p> <\/div>\r\n\t\t\t\t\t<\/div>\r\n\t\t\t\t<\/div> <\/div><\/div>","protected":false},"excerpt":{"rendered":"","protected":false},"author":18,"featured_media":0,"parent":1532,"menu_order":0,"comment_status":"closed","ping_status":"closed","template":"templates\/template-application-platform.php","meta":{"publish_to_discourse":"","publish_post_category":"","wpdc_auto_publish_overridden":"","wpdc_topic_tags":"","wpdc_pin_topic":"","wpdc_pin_until":"","discourse_post_id":"","discourse_permalink":"","wpdc_publishing_response":"","wpdc_publishing_error":"","footnotes":""},"class_list":["post-5949","page","type-page","status-publish","hentry"],"yoast_head":"<!-- This site is optimized with the Yoast SEO plugin v25.3.1 - https:\/\/yoast.com\/wordpress\/plugins\/seo\/ -->\n<title>Diapo - ajoutez app Diaporama sur Wix<\/title>\n<meta name=\"description\" content=\"Int\u00e9grez un Diapo avantageux sur votre site. Appliquez la d\u00e9mo d&#039;Elfsight et g\u00e9n\u00e9rez votre plugin en quelques minutes.\" \/>\n<meta name=\"robots\" content=\"index, follow, max-snippet:-1, max-image-preview:large, max-video-preview:-1\" \/>\n<link rel=\"canonical\" href=\"https:\/\/elfsight.com\/fr\/slider-widget\/wix\/\" \/>\n<meta property=\"og:locale\" content=\"fr_FR\" \/>\n<meta property=\"og:type\" content=\"article\" \/>\n<meta property=\"og:title\" content=\"Diapo - ajoutez app Diaporama sur Wix\" \/>\n<meta property=\"og:description\" content=\"Int\u00e9grez un Diapo avantageux sur votre site. Appliquez la d\u00e9mo d&#039;Elfsight et g\u00e9n\u00e9rez votre plugin en quelques minutes.\" \/>\n<meta property=\"og:url\" content=\"https:\/\/elfsight.com\/fr\/slider-widget\/wix\/\" \/>\n<meta property=\"og:site_name\" content=\"Elfsight FR\" \/>\n<meta property=\"article:modified_time\" content=\"2025-11-19T16:33:04+00:00\" \/>\n<meta name=\"twitter:card\" content=\"summary_large_image\" \/>\n<meta name=\"twitter:label1\" content=\"Dur\u00e9e de lecture estim\u00e9e\" \/>\n\t<meta name=\"twitter:data1\" content=\"3 minutes\" \/>\n<!-- \/ Yoast SEO plugin. -->","yoast_head_json":{"title":"Diapo - ajoutez app Diaporama sur Wix","description":"Int\u00e9grez un Diapo avantageux sur votre site. Appliquez la d\u00e9mo d'Elfsight et g\u00e9n\u00e9rez votre plugin en quelques minutes.","robots":{"index":"index","follow":"follow","max-snippet":"max-snippet:-1","max-image-preview":"max-image-preview:large","max-video-preview":"max-video-preview:-1"},"canonical":"https:\/\/elfsight.com\/fr\/slider-widget\/wix\/","og_locale":"fr_FR","og_type":"article","og_title":"Diapo - ajoutez app Diaporama sur Wix","og_description":"Int\u00e9grez un Diapo avantageux sur votre site. Appliquez la d\u00e9mo d'Elfsight et g\u00e9n\u00e9rez votre plugin en quelques minutes.","og_url":"https:\/\/elfsight.com\/fr\/slider-widget\/wix\/","og_site_name":"Elfsight FR","article_modified_time":"2025-11-19T16:33:04+00:00","twitter_card":"summary_large_image","twitter_misc":{"Dur\u00e9e de lecture estim\u00e9e":"3 minutes"},"schema":{"@context":"https:\/\/schema.org","@graph":[{"@type":"WebPage","@id":"https:\/\/elfsight.com\/fr\/slider-widget\/wix\/","url":"https:\/\/elfsight.com\/fr\/slider-widget\/wix\/","name":"Diapo - ajoutez app Diaporama sur Wix","isPartOf":{"@id":"https:\/\/elfsight.com\/fr\/#website"},"datePublished":"2021-12-03T09:00:28+00:00","dateModified":"2025-11-19T16:33:04+00:00","description":"Int\u00e9grez un Diapo avantageux sur votre site. Appliquez la d\u00e9mo d'Elfsight et g\u00e9n\u00e9rez votre plugin en quelques minutes.","breadcrumb":{"@id":"https:\/\/elfsight.com\/fr\/slider-widget\/wix\/#breadcrumb"},"inLanguage":"fr-FR","potentialAction":[{"@type":"ReadAction","target":["https:\/\/elfsight.com\/fr\/slider-widget\/wix\/"]}]},{"@type":"BreadcrumbList","@id":"https:\/\/elfsight.com\/fr\/slider-widget\/wix\/#breadcrumb","itemListElement":[{"@type":"ListItem","position":1,"name":"Home","item":"https:\/\/elfsight.com\/fr\/"},{"@type":"ListItem","position":2,"name":"Slider","item":"https:\/\/elfsight.com\/fr\/slider-widget\/"},{"@type":"ListItem","position":3,"name":"Slider &#8211; Wix"}]},{"@type":"WebSite","@id":"https:\/\/elfsight.com\/fr\/#website","url":"https:\/\/elfsight.com\/fr\/","name":"Elfsight FR","description":"","potentialAction":[{"@type":"SearchAction","target":{"@type":"EntryPoint","urlTemplate":"https:\/\/elfsight.com\/fr\/?s={search_term_string}"},"query-input":{"@type":"PropertyValueSpecification","valueRequired":true,"valueName":"search_term_string"}}],"inLanguage":"fr-FR"}]}},"meta_box":{"industry":"","seo_heading":"","heading":"","description":"","cta_heading":"","cta_description":"","application":"1525","h1":"App Diapo pour Wix","h1_caption":"Ajoutez un curseur d'image ou de contenu \u00e0 votre site Web pour pr\u00e9senter sans effort des visuels, des promotions ou du contenu cl\u00e9 de mani\u00e8re dynamique sur votre site Web Wix.","application_category":[],"applications_title":"","applications_request_title":"","applications_request_button_text":"","hero_text":"","hero_video":"","hero_video_schema_markup":"","selling_points_title":"","selling_points_caption":"","selling_points":[],"selling_points_cta_text":"","features_title":"","features":"","ed_cta_examples_text":"","ed_cta_examples_hidden":"","ed_cta_demo_text":"","ed_cta_demo_hidden":"","why_caption":"","why_editor_title":"","why_editor_text":"","why_team_title":"","why_team_text":"","why_service_title":"","why_service_text":"","template_catalog_visible":"0","template_catalog_title":"","template_catalog_text":"","template_catalog_categories_visible":"","demo_title":"Cr\u00e9ez votre application Slider","demo_caption":"Configurez votre Slider et ajoutez-le \u00e0 votre site Wix gratuitement !","default_faq_hidden":"","app_template_category":[],"platform":"345","template_public_id":"","codecanyon_url":"","codecanyon_item_id":"","codecanyon_price":"","pricing_caption":"","pricing_elfsight_apps_hide_column":"","pricing_elfsight_apps_url":"","pricing_codecanyon_price_caption":"","integration_category":[],"integration_request_title":"","integration_request_cta":"","integration_platform":"","integrations":[],"platform_category":[],"video_schema_markup":"","price":"\u00c0 partir de $0\/mois","trial":"","benefits":[{"text":"Installation gratuite"},{"text":"Support Premium"},{"text":"Garantie de remboursement de 14 jours"},{"text":"L'am\u00e9lioration continue"}],"button_url":"#demo","button_target_blank":"0","button_nofollow":"0","attributes":[{"name":"Nombre d'installations","content":"1,000 - 5,000","_state":"expanded"},{"name":"Adaptif","content":"Oui","_state":"expanded"},{"name":"Navigateurs compatibles","content":"Firefox, Safari, Opera, Chrome, Edge","_state":"expanded"}],"tags":[],"tags_disable_links":"0","hide_more_platforms":"0","video_object":"","demo_hide_cta":"0","demo_hide_cloud_options":"0","pricing_title":"","pricing":[{"pricing_icon":"platform","pricing_title":"Applications d'Elfsight","pricing_title_caption":"Solution num\u00e9rique multiplateforme qui fonctionne sur n'importe quel site","pricing_price":"\u00c0 partir de $0\/mois","pricing_price_caption":"Commencez avec un plan gratuit","pricing_benefits":[{"text":"Sites Web illimit\u00e9s"},{"text":"\u00c9quipe d'assistance professionnelle"},{"text":"Service d'installation gratuit"},{"text":"100% personnalisable"}],"pricing_button_text":"Ajouter au site Web","pricing_button_url":"https:\/\/apps.elfsight.com\/sign-up\/","pricing_button_nofollow":"1","_state":"expanded"}],"related_apps_title":"","related_apps_hidden":"1","author":"","image":[],"title":"","job":"","social_networks":[]},"_links":{"self":[{"href":"https:\/\/elfsight.com\/fr\/wp-json\/wp\/v2\/pages\/5949","targetHints":{"allow":["GET"]}}],"collection":[{"href":"https:\/\/elfsight.com\/fr\/wp-json\/wp\/v2\/pages"}],"about":[{"href":"https:\/\/elfsight.com\/fr\/wp-json\/wp\/v2\/types\/page"}],"author":[{"embeddable":true,"href":"https:\/\/elfsight.com\/fr\/wp-json\/wp\/v2\/users\/18"}],"replies":[{"embeddable":true,"href":"https:\/\/elfsight.com\/fr\/wp-json\/wp\/v2\/comments?post=5949"}],"version-history":[{"count":3,"href":"https:\/\/elfsight.com\/fr\/wp-json\/wp\/v2\/pages\/5949\/revisions"}],"predecessor-version":[{"id":16749,"href":"https:\/\/elfsight.com\/fr\/wp-json\/wp\/v2\/pages\/5949\/revisions\/16749"}],"up":[{"embeddable":true,"href":"https:\/\/elfsight.com\/fr\/wp-json\/wp\/v2\/pages\/1532"}],"wp:attachment":[{"href":"https:\/\/elfsight.com\/fr\/wp-json\/wp\/v2\/media?parent=5949"}],"curies":[{"name":"wp","href":"https:\/\/api.w.org\/{rel}","templated":true}]}}