{"id":5947,"date":"2021-12-03T09:00:31","date_gmt":"2021-12-03T09:00:31","guid":{"rendered":"https:\/\/elfsight.com\/fr\/?page_id=5947"},"modified":"2025-07-10T13:26:15","modified_gmt":"2025-07-10T13:26:15","slug":"weebly","status":"publish","type":"page","link":"https:\/\/elfsight.com\/fr\/slider-widget\/weebly\/","title":{"rendered":"Slider &#8211; Weebly"},"content":{"rendered":"<div class=\"application-platform-content-item-description application-platform-content-item\" id=\"description\" data-nav-section=\"description\"><h2>Description<\/h2> <p>Elfsight Photo &amp; Image Slider est un plugin simple et r\u00e9actif qui vous permet d&rsquo;attirer l&rsquo;attention des visiteurs du site en affichant plusieurs images, vid\u00e9os ou les meilleures offres sur votre site. Utilisez le nombre de diapositives dont vous avez besoin pour pr\u00e9senter vos produits et mettre en \u00e9vidence les bonnes affaires. Ajoutez des effets sp\u00e9ciaux et redimensionnez la dimension de l&rsquo;image\/vid\u00e9o comme vous le souhaitez. Gr\u00e2ce \u00e0 notre outil, vous r\u00e9ussirez \u00e0 cr\u00e9er un curseur remarquable qui attirera l&rsquo;attention des visiteurs du site et ne les laissera pas quitter votre page trop t\u00f4t.<\/p><\/div><div class=\"application-platform-content-item-features application-platform-content-item\" id=\"features\" data-nav-section=\"features\"><h2>Fonctionnalit\u00e9s <\/h2><p>V\u00e9rifiez une liste de toutes les caract\u00e9ristiques fonctionnelles du produit. Ils sont disponibles directement dans l&rsquo;\u00e9diteur et vous aideront \u00e0 adapter le plugin \u00e0 vos besoins.<\/p><ul><li>Utilisez les boutons CTA pour guider les utilisateurs vers la conversion.<\/li><li>Modifier le changement de diapositive dur\u00e9e.<\/li><li>Choisissez entre les variantes de pagination.<\/li><li>Placez votre contenu n&rsquo;importe o\u00f9 sur la page \u00e0 l&rsquo;aide de la position avanc\u00e9e.<\/li><li>Modifiez 5 \u00e9l\u00e9ments de contenu.<\/li><p>V\u00e9rifiez le fonctionnement de toutes les fonctionnalit\u00e9s dans notre d\u00e9mo<\/p><\/div><div class=\"application-platform-content-item-installation application-platform-content-item\" id=\"installation\" data-nav-section=\"installation\"><h2>Comment int\u00e9grer Image Slider au site Web Weebly\u00a0?<\/h2><div class=\"conteneur vid\u00e9o\"><iframe width=\"720\" height=\"405\" src=\"https:\/\/www.youtube.com\/embed\/T3gJwAAAwiI\" frameborder=\"0\" allowfullscreen><\/iframe><\/div> <p>Pour pr\u00e9senter le produit, suivez simplement les instructions ci-dessous.<\/p><ol><li><b>G\u00e9rez notre d\u00e9mo gratuite et commencez \u00e0 cr\u00e9er votre application unique. <\/b><br> Sp\u00e9cifiez l&rsquo;interface s\u00e9lectionn\u00e9e et les performances de l&rsquo;application et appliquez toutes les modifications. <\/li> <li><b>Acqu\u00e9rez votre code individuel affich\u00e9 dans la fen\u00eatre des applications Elfsight. <\/b><br> Juste apr\u00e8s la g\u00e9n\u00e9ration de votre application personnelle, copiez le code individuel dans la fen\u00eatre qui appara\u00eet et conservez-le pour une utilisation future. <\/li> <li><b>Commencez l&rsquo;application de l&rsquo;application sur votre page Web Weebly. <\/b><br> Placez le code enregistr\u00e9 pr\u00e9c\u00e9demment dans votre site Web et appliquez les modifications. <\/li> <li><b>Vous avez termin\u00e9\u00a0! L&rsquo;int\u00e9gration est enti\u00e8rement termin\u00e9e. <\/b><br> Acc\u00e9dez \u00e0 votre site pour inspecter le travail de l&rsquo;application. <\/li><\/ol><p>N&rsquo;h\u00e9sitez pas \u00e0 contacter le service client d&rsquo;Elfsight lorsque vous avez besoin d&rsquo;aide ou si vous avez des questions. Nous serons heureux de r\u00e9pondre \u00e0 chaque demande.<\/p><div class=\"faq\" data-component=\"FAQ\"><div class=\"faq-item\">\r\n\t\t\t\t\t<div class=\"faq-item-question\">\r\n\t\t\t\t\t\t<h3 class=\"faq-item-question-text\">Comment puis-je ajouter Slider \u00e0 mon site Weebly sans exp\u00e9rience en codage ?<\/h3>\r\n\r\n\t\t\t\t\t\t<div class=\"faq-item-question-icon\"><\/div>\r\n\t\t\t\t\t<\/div>\r\n\r\n\t\t\t\t\t<div class=\"faq-item-answer\">\r\n\t\t\t\t\t\t<div class=\"faq-item-answer-text\"> <p>La soci\u00e9t\u00e9 Elfsight propose une solution qui permet aux propri\u00e9taires de sites de g\u00e9n\u00e9rer une application Slider vous-m\u00eame, d\u00e9couvrez les \u00e9tapes simples : Commencez \u00e0 travailler directement dans l&rsquo;\u00e9diteur en ligne pour g\u00e9n\u00e9rer une application Slider que vous souhaitez ajouter sur votre site Web Weebly. Cliquez sur l&rsquo;un des nombreux mod\u00e8les pr\u00eats \u00e0 l&#8217;emploi et modifiez les param\u00e8tres du curseur, modifiez la mise en page et les couleurs, ajoutez votre contenu, sans codage. Cliquez pour enregistrer les param\u00e8tres que vous avez d\u00e9finis sur Slider et obtenir son code d&rsquo;installation, qui peut \u00eatre inclus dans n&rsquo;importe quel site Web Weebly sans acheter de version payante. Avec l&rsquo;aide de l&rsquo;\u00e9diteur simple, chaque internaute peut cr\u00e9er un slider et le coller simplement sur n&rsquo;importe quel site Web Weebly. Vous ne devez pas souscrire \u00e0 un abonnement payant ni soumettre les informations d&rsquo;identification de votre carte pour acc\u00e9der au service. Si vous rencontrez des obstacles \u00e0 une \u00e9tape quelconque, n&rsquo;h\u00e9sitez pas \u00e0 en parler \u00e0 notre \u00e9quipe d&rsquo;assistance technique.<\/p> <\/div>\r\n\t\t\t\t\t<\/div>\r\n\t\t\t\t<\/div> <\/div><\/div>","protected":false},"excerpt":{"rendered":"","protected":false},"author":18,"featured_media":0,"parent":1532,"menu_order":0,"comment_status":"closed","ping_status":"closed","template":"templates\/template-application-platform.php","meta":{"publish_to_discourse":"","publish_post_category":"","wpdc_auto_publish_overridden":"","wpdc_topic_tags":"","wpdc_pin_topic":"","wpdc_pin_until":"","discourse_post_id":"","discourse_permalink":"","wpdc_publishing_response":"","wpdc_publishing_error":"","footnotes":""},"class_list":["post-5947","page","type-page","status-publish","hentry"],"yoast_head":"<!-- This site is optimized with the Yoast SEO plugin v25.3.1 - https:\/\/yoast.com\/wordpress\/plugins\/seo\/ -->\n<title>Diapo - ajoutez app Diaporama sur Weebly<\/title>\n<meta name=\"description\" content=\"Int\u00e9grez un Diapo attractif sur votre site. Utilisez la d\u00e9mo d&#039;Elfsight et g\u00e9n\u00e9rez votre widget en deux minutes.\" \/>\n<meta name=\"robots\" content=\"index, follow, max-snippet:-1, max-image-preview:large, max-video-preview:-1\" \/>\n<link rel=\"canonical\" href=\"https:\/\/elfsight.com\/fr\/slider-widget\/weebly\/\" \/>\n<meta property=\"og:locale\" content=\"fr_FR\" \/>\n<meta property=\"og:type\" content=\"article\" \/>\n<meta property=\"og:title\" content=\"Diapo - ajoutez app Diaporama sur Weebly\" \/>\n<meta property=\"og:description\" content=\"Int\u00e9grez un Diapo attractif sur votre site. Utilisez la d\u00e9mo d&#039;Elfsight et g\u00e9n\u00e9rez votre widget en deux minutes.\" \/>\n<meta property=\"og:url\" content=\"https:\/\/elfsight.com\/fr\/slider-widget\/weebly\/\" \/>\n<meta property=\"og:site_name\" content=\"Elfsight FR\" \/>\n<meta property=\"article:modified_time\" content=\"2025-07-10T13:26:15+00:00\" \/>\n<meta name=\"twitter:card\" content=\"summary_large_image\" \/>\n<meta name=\"twitter:label1\" content=\"Dur\u00e9e de lecture estim\u00e9e\" \/>\n\t<meta name=\"twitter:data1\" content=\"1 minute\" \/>\n<!-- \/ Yoast SEO plugin. -->","yoast_head_json":{"title":"Diapo - ajoutez app Diaporama sur Weebly","description":"Int\u00e9grez un Diapo attractif sur votre site. Utilisez la d\u00e9mo d'Elfsight et g\u00e9n\u00e9rez votre widget en deux minutes.","robots":{"index":"index","follow":"follow","max-snippet":"max-snippet:-1","max-image-preview":"max-image-preview:large","max-video-preview":"max-video-preview:-1"},"canonical":"https:\/\/elfsight.com\/fr\/slider-widget\/weebly\/","og_locale":"fr_FR","og_type":"article","og_title":"Diapo - ajoutez app Diaporama sur Weebly","og_description":"Int\u00e9grez un Diapo attractif sur votre site. Utilisez la d\u00e9mo d'Elfsight et g\u00e9n\u00e9rez votre widget en deux minutes.","og_url":"https:\/\/elfsight.com\/fr\/slider-widget\/weebly\/","og_site_name":"Elfsight FR","article_modified_time":"2025-07-10T13:26:15+00:00","twitter_card":"summary_large_image","twitter_misc":{"Dur\u00e9e de lecture estim\u00e9e":"1 minute"},"schema":{"@context":"https:\/\/schema.org","@graph":[{"@type":"WebPage","@id":"https:\/\/elfsight.com\/fr\/slider-widget\/weebly\/","url":"https:\/\/elfsight.com\/fr\/slider-widget\/weebly\/","name":"Diapo - ajoutez app Diaporama sur Weebly","isPartOf":{"@id":"https:\/\/elfsight.com\/fr\/#website"},"datePublished":"2021-12-03T09:00:31+00:00","dateModified":"2025-07-10T13:26:15+00:00","description":"Int\u00e9grez un Diapo attractif sur votre site. Utilisez la d\u00e9mo d'Elfsight et g\u00e9n\u00e9rez votre widget en deux minutes.","breadcrumb":{"@id":"https:\/\/elfsight.com\/fr\/slider-widget\/weebly\/#breadcrumb"},"inLanguage":"fr-FR","potentialAction":[{"@type":"ReadAction","target":["https:\/\/elfsight.com\/fr\/slider-widget\/weebly\/"]}]},{"@type":"BreadcrumbList","@id":"https:\/\/elfsight.com\/fr\/slider-widget\/weebly\/#breadcrumb","itemListElement":[{"@type":"ListItem","position":1,"name":"Home","item":"https:\/\/elfsight.com\/fr\/"},{"@type":"ListItem","position":2,"name":"Slider","item":"https:\/\/elfsight.com\/fr\/slider-widget\/"},{"@type":"ListItem","position":3,"name":"Slider &#8211; Weebly"}]},{"@type":"WebSite","@id":"https:\/\/elfsight.com\/fr\/#website","url":"https:\/\/elfsight.com\/fr\/","name":"Elfsight FR","description":"","potentialAction":[{"@type":"SearchAction","target":{"@type":"EntryPoint","urlTemplate":"https:\/\/elfsight.com\/fr\/?s={search_term_string}"},"query-input":{"@type":"PropertyValueSpecification","valueRequired":true,"valueName":"search_term_string"}}],"inLanguage":"fr-FR"}]}},"meta_box":{"industry":"","seo_heading":"","heading":"","description":"","cta_heading":"","cta_description":"","application":"1525","h1":"App Diapo pour Weebly","h1_caption":"Ajoutez un curseur d'image ou de contenu \u00e0 votre site Web pour pr\u00e9senter sans effort des visuels, des promotions ou du contenu cl\u00e9 de mani\u00e8re dynamique sur votre site Web Weebly.","application_category":[],"applications_title":"","applications_request_title":"","applications_request_button_text":"","hero_text":"","hero_video":"","hero_video_schema_markup":"","selling_points_title":"","selling_points_caption":"","selling_points":[],"selling_points_cta_text":"","features_title":"","features":"","ed_cta_examples_text":"","ed_cta_examples_hidden":"","ed_cta_demo_text":"","ed_cta_demo_hidden":"","why_caption":"","why_editor_title":"","why_editor_text":"","why_team_title":"","why_team_text":"","why_service_title":"","why_service_text":"","template_catalog_visible":"","template_catalog_title":"","template_catalog_text":"","template_catalog_categories_visible":"","demo_title":"Cr\u00e9ez votre application Slider","demo_caption":"Configurez votre Slider et ajoutez-le \u00e0 votre site Web Weebly gratuitement\u00a0!","default_faq_hidden":"","app_template_category":[],"platform":"363","template_public_id":"","codecanyon_url":"","codecanyon_item_id":"","codecanyon_price":"","pricing_caption":"","pricing_elfsight_apps_hide_column":"","pricing_elfsight_apps_url":"","pricing_codecanyon_price_caption":"","integration_category":[],"integration_request_title":"","integration_request_cta":"","integration_platform":"","integrations":[],"platform_category":[],"video_schema_markup":"","price":"\u00c0 partir de $0\/mois","trial":"","benefits":[{"text":"Installation gratuite"},{"text":"Support Premium"},{"text":"Garantie de remboursement de 14 jours"},{"text":"L'am\u00e9lioration continue"}],"button_url":"#demo","button_target_blank":"0","button_nofollow":"0","attributes":[{"name":"Nombre d'installations","content":"1,000 - 5,000","_state":"expanded"},{"name":"Adaptif","content":"Oui","_state":"expanded"},{"name":"Navigateurs compatibles","content":"Firefox, Safari, Opera, Chrome, Edge","_state":"expanded"}],"tags":[],"tags_disable_links":"0","hide_more_platforms":"","video_object":"","demo_hide_cta":"0","demo_hide_cloud_options":"0","pricing_title":"","pricing":[{"pricing_icon":"platform","pricing_title":"Applications d'Elfsight","pricing_title_caption":"Solution num\u00e9rique multiplateforme qui fonctionne sur n'importe quel site","pricing_price":"\u00c0 partir de $0\/mois","pricing_price_caption":"Commencez avec un plan gratuit","pricing_benefits":[{"text":"Sites Web illimit\u00e9s"},{"text":"\u00c9quipe d'assistance professionnelle"},{"text":"Service d'installation gratuit"},{"text":"100% personnalisable"}],"pricing_button_text":"Ajouter au site Web","pricing_button_url":"https:\/\/apps.elfsight.com\/sign-up\/","pricing_button_nofollow":"1","_state":"expanded"}],"related_apps_title":"","related_apps_hidden":"1","author":"","image":[],"title":"","job":"","social_networks":[]},"_links":{"self":[{"href":"https:\/\/elfsight.com\/fr\/wp-json\/wp\/v2\/pages\/5947","targetHints":{"allow":["GET"]}}],"collection":[{"href":"https:\/\/elfsight.com\/fr\/wp-json\/wp\/v2\/pages"}],"about":[{"href":"https:\/\/elfsight.com\/fr\/wp-json\/wp\/v2\/types\/page"}],"author":[{"embeddable":true,"href":"https:\/\/elfsight.com\/fr\/wp-json\/wp\/v2\/users\/18"}],"replies":[{"embeddable":true,"href":"https:\/\/elfsight.com\/fr\/wp-json\/wp\/v2\/comments?post=5947"}],"version-history":[{"count":2,"href":"https:\/\/elfsight.com\/fr\/wp-json\/wp\/v2\/pages\/5947\/revisions"}],"predecessor-version":[{"id":15151,"href":"https:\/\/elfsight.com\/fr\/wp-json\/wp\/v2\/pages\/5947\/revisions\/15151"}],"up":[{"embeddable":true,"href":"https:\/\/elfsight.com\/fr\/wp-json\/wp\/v2\/pages\/1532"}],"wp:attachment":[{"href":"https:\/\/elfsight.com\/fr\/wp-json\/wp\/v2\/media?parent=5947"}],"curies":[{"name":"wp","href":"https:\/\/api.w.org\/{rel}","templated":true}]}}