{"id":5939,"date":"2021-12-03T09:00:46","date_gmt":"2021-12-03T09:00:46","guid":{"rendered":"https:\/\/elfsight.com\/fr\/?page_id=5939"},"modified":"2025-11-13T11:12:27","modified_gmt":"2025-11-13T11:12:27","slug":"shopify","status":"publish","type":"page","link":"https:\/\/elfsight.com\/fr\/slider-widget\/shopify\/","title":{"rendered":"Slider &#8211; Shopify"},"content":{"rendered":"<div class=\"application-platform-content-item-description application-platform-content-item\" id=\"description\" data-nav-section=\"description\"><h2>Int\u00e9grer Slider sur Shopify avec le widget Elfsight<\/h2> <p>Elfsight Photo &amp; Image Slider est une application simple et r\u00e9active vous permettant d&rsquo;attirer l&rsquo;attention des visiteurs du site en leur affichant diff\u00e9rentes images, vid\u00e9os ou les meilleures offres de votre site Web. Utilisez le nombre de diapositives n\u00e9cessaire pour montrer votre marque et mettre en \u00e9vidence les bonnes affaires. Ajoutez des effets visuels et modifiez la taille de l&rsquo;image\/vid\u00e9o comme vous le souhaitez. Gr\u00e2ce \u00e0 notre outil, vous r\u00e9ussirez \u00e0 cr\u00e9er un curseur apparent qui attirera l&rsquo;attention des visiteurs du site et ne les laissera pas quitter votre page Web trop t\u00f4t.<\/p><\/div><div class=\"application-platform-content-item-features application-platform-content-item\" id=\"features\" data-nav-section=\"features\"><h2>Principales fonctionnalit\u00e9s du widget Slider<\/h2><p>V\u00e9rifiez toutes les fonctionnalit\u00e9s du produit. Vous pouvez les d\u00e9finir directement dans l&rsquo;\u00e9diteur et ils vous aideront \u00e0 cr\u00e9er l&rsquo;application adapt\u00e9e \u00e0 votre cas.<\/p><ul><li>Utilisez les CTA pour guider votre audience vers votre objectif.<\/li><li>Ajuster la diapositive dur\u00e9e de commutation.<\/li><li>Choisissez entre de nombreuses options.<\/li><li>Placez le texte n&rsquo;importe o\u00f9 sur la page \u00e0 l&rsquo;aide de la position avanc\u00e9e.<\/li><li>Modifiez cinq \u00e9l\u00e9ments de contenu.<\/li><\/ul><p>V\u00e9rifiez le fonctionnement de toutes les fonctionnalit\u00e9s dans notre d\u00e9mo<\/p><\/div><div class=\"application-platform-content-item-installation application-platform-content-item\" id=\"installation\" data-nav-section=\"installation\"><h2>Comment ajouter l&rsquo;application Image Slider au site Web Shopify\u00a0?<\/h2><div class=\"video-container\">\n<iframe width=\"720\" height=\"405\" src=\"https:\/\/www.youtube.com\/embed\/d3S1Vb6a2h8?si=054rQqNoCQIOFKmP\" frameborder=\"0\" allowfullscreen=\"\"><\/iframe>\n<\/div><p>Pour commencer \u00e0 utiliser le produit, suivez quelques \u00e9tapes rapides.<\/p><ol><li><b>Configurer l&rsquo;application<\/b><br> Ouvrir Boutique Shopify et acc\u00e9dez \u00e0 la page de l&rsquo;application. Appuyez sur le bouton \u00ab\u00a0Obtenir\u00a0\u00bb pour ins\u00e9rer l&rsquo;application sur votre site. <\/li> <li><b>Ajustez l&rsquo;application<\/b><br> Ins\u00e9rez les donn\u00e9es de l&rsquo;application\u00a0: texte du curseur et ajustements du design. Apr\u00e8s le r\u00e9glage, vous recevrez un code d&rsquo;installation individuel. Conservez le code pour une utilisation ult\u00e9rieure. <\/li> <li><b>Ins\u00e9rer l&rsquo;application sur la page<\/b><br> Entrez dans la section \u00ab\u00a0Pages\u00a0\u00bb et recherchez la page pour int\u00e9grer l&rsquo;application. Ensuite, int\u00e9grez le code au format HTML et publiez les modifications.<\/li> <li><b>Termin\u00e9\u00a0! <\/b><br> Ouvrez boutique, pour consulter vos r\u00e9sultats ! <\/li><\/ol><p>N&rsquo;h\u00e9sitez pas \u00e0 contacter le support client si vous avez besoin d&rsquo;aide ou si vous rencontrez des probl\u00e8mes. Nos sp\u00e9cialistes se feront un plaisir de r\u00e9pondre \u00e0 chaque demande.<\/p><div class=\"faq\" data-component=\"FAQ\"><div class=\"faq-item\">\r\n\t\t\t\t\t<div class=\"faq-item-question\">\r\n\t\t\t\t\t\t<h3 class=\"faq-item-question-text\">De quelle mani\u00e8re est-il possible d'ajouter Slider \u00e0 ma page d'accueil Shopify sans coder ?<\/h3>\r\n\r\n\t\t\t\t\t\t<div class=\"faq-item-question-icon\"><\/div>\r\n\t\t\t\t\t<\/div>\r\n\r\n\t\t\t\t\t<div class=\"faq-item-answer\">\r\n\t\t\t\t\t\t<div class=\"faq-item-answer-text\"> <p>Elfsight fournit une solution SaaS qui vous permet de cr\u00e9er vous-m\u00eame un plugin Slider, d\u00e9couvrez les \u00e9tapes simples : Acc\u00e9dez \u00e0 la d\u00e9mo en ligne pour cr\u00e9er un widget Slider que vous souhaitez ajouter sur Shopify. Cliquez sur l&rsquo;un des mod\u00e8les pr\u00e9d\u00e9finis et modifiez les param\u00e8tres du curseur, ajoutez votre contenu, changez la disposition et la couleur des \u00e9l\u00e9ments sans aucune exp\u00e9rience de codage. Enregistrez les param\u00e8tres que vous avez d\u00e9finis sur Slider et obtenez le code d&rsquo;installation du plugin, que vous pouvez simplement ajouter gratuitement sur la page Web de Shopify. Gr\u00e2ce \u00e0 notre configurateur convivial, chaque internaute peut cr\u00e9er un plugin Slider en ligne et le coller facilement sur le site Shopify. Il n&rsquo;est pas n\u00e9cessaire de payer ou de saisir les donn\u00e9es de votre carte pour acc\u00e9der \u00e0 notre \u00e9diteur. Si vous rencontrez des probl\u00e8mes \u00e0 n&rsquo;importe quelle \u00e9tape, n&rsquo;h\u00e9sitez pas \u00e0 parler \u00e0 notre \u00e9quipe d&rsquo;assistance technique.<\/p> <\/div>\r\n\t\t\t\t\t<\/div>\r\n\t\t\t\t<\/div> <\/div><\/div>","protected":false},"excerpt":{"rendered":"","protected":false},"author":18,"featured_media":0,"parent":1532,"menu_order":0,"comment_status":"closed","ping_status":"closed","template":"templates\/template-application-platform.php","meta":{"publish_to_discourse":"","publish_post_category":"","wpdc_auto_publish_overridden":"","wpdc_topic_tags":"","wpdc_pin_topic":"","wpdc_pin_until":"","discourse_post_id":"","discourse_permalink":"","wpdc_publishing_response":"","wpdc_publishing_error":"","footnotes":""},"class_list":["post-5939","page","type-page","status-publish","hentry"],"yoast_head":"<!-- This site is optimized with the Yoast SEO plugin v25.3.1 - https:\/\/yoast.com\/wordpress\/plugins\/seo\/ -->\n<title>Diapo - ajoutez app Diaporama sur Shopify<\/title>\n<meta name=\"description\" content=\"Int\u00e9grez un Diapo avantageux sur votre site. Appliquez la d\u00e9mo d&#039;Elfsight et g\u00e9n\u00e9rez votre widget en 2 minutes.\" \/>\n<meta name=\"robots\" content=\"index, follow, max-snippet:-1, max-image-preview:large, max-video-preview:-1\" \/>\n<link rel=\"canonical\" href=\"https:\/\/elfsight.com\/fr\/slider-widget\/shopify\/\" \/>\n<meta property=\"og:locale\" content=\"fr_FR\" \/>\n<meta property=\"og:type\" content=\"article\" \/>\n<meta property=\"og:title\" content=\"Diapo - ajoutez app Diaporama sur Shopify\" \/>\n<meta property=\"og:description\" content=\"Int\u00e9grez un Diapo avantageux sur votre site. Appliquez la d\u00e9mo d&#039;Elfsight et g\u00e9n\u00e9rez votre widget en 2 minutes.\" \/>\n<meta property=\"og:url\" content=\"https:\/\/elfsight.com\/fr\/slider-widget\/shopify\/\" \/>\n<meta property=\"og:site_name\" content=\"Elfsight FR\" \/>\n<meta property=\"article:modified_time\" content=\"2025-11-13T11:12:27+00:00\" \/>\n<meta name=\"twitter:card\" content=\"summary_large_image\" \/>\n<meta name=\"twitter:label1\" content=\"Dur\u00e9e de lecture estim\u00e9e\" \/>\n\t<meta name=\"twitter:data1\" content=\"1 minute\" \/>\n<!-- \/ Yoast SEO plugin. -->","yoast_head_json":{"title":"Diapo - ajoutez app Diaporama sur Shopify","description":"Int\u00e9grez un Diapo avantageux sur votre site. Appliquez la d\u00e9mo d'Elfsight et g\u00e9n\u00e9rez votre widget en 2 minutes.","robots":{"index":"index","follow":"follow","max-snippet":"max-snippet:-1","max-image-preview":"max-image-preview:large","max-video-preview":"max-video-preview:-1"},"canonical":"https:\/\/elfsight.com\/fr\/slider-widget\/shopify\/","og_locale":"fr_FR","og_type":"article","og_title":"Diapo - ajoutez app Diaporama sur Shopify","og_description":"Int\u00e9grez un Diapo avantageux sur votre site. Appliquez la d\u00e9mo d'Elfsight et g\u00e9n\u00e9rez votre widget en 2 minutes.","og_url":"https:\/\/elfsight.com\/fr\/slider-widget\/shopify\/","og_site_name":"Elfsight FR","article_modified_time":"2025-11-13T11:12:27+00:00","twitter_card":"summary_large_image","twitter_misc":{"Dur\u00e9e de lecture estim\u00e9e":"1 minute"},"schema":{"@context":"https:\/\/schema.org","@graph":[{"@type":"WebPage","@id":"https:\/\/elfsight.com\/fr\/slider-widget\/shopify\/","url":"https:\/\/elfsight.com\/fr\/slider-widget\/shopify\/","name":"Diapo - ajoutez app Diaporama sur Shopify","isPartOf":{"@id":"https:\/\/elfsight.com\/fr\/#website"},"datePublished":"2021-12-03T09:00:46+00:00","dateModified":"2025-11-13T11:12:27+00:00","description":"Int\u00e9grez un Diapo avantageux sur votre site. Appliquez la d\u00e9mo d'Elfsight et g\u00e9n\u00e9rez votre widget en 2 minutes.","breadcrumb":{"@id":"https:\/\/elfsight.com\/fr\/slider-widget\/shopify\/#breadcrumb"},"inLanguage":"fr-FR","potentialAction":[{"@type":"ReadAction","target":["https:\/\/elfsight.com\/fr\/slider-widget\/shopify\/"]}]},{"@type":"BreadcrumbList","@id":"https:\/\/elfsight.com\/fr\/slider-widget\/shopify\/#breadcrumb","itemListElement":[{"@type":"ListItem","position":1,"name":"Home","item":"https:\/\/elfsight.com\/fr\/"},{"@type":"ListItem","position":2,"name":"Slider","item":"https:\/\/elfsight.com\/fr\/slider-widget\/"},{"@type":"ListItem","position":3,"name":"Slider &#8211; Shopify"}]},{"@type":"WebSite","@id":"https:\/\/elfsight.com\/fr\/#website","url":"https:\/\/elfsight.com\/fr\/","name":"Elfsight FR","description":"","potentialAction":[{"@type":"SearchAction","target":{"@type":"EntryPoint","urlTemplate":"https:\/\/elfsight.com\/fr\/?s={search_term_string}"},"query-input":{"@type":"PropertyValueSpecification","valueRequired":true,"valueName":"search_term_string"}}],"inLanguage":"fr-FR"}]}},"meta_box":{"industry":"","seo_heading":"","heading":"","description":"","cta_heading":"","cta_description":"","application":"1525","h1":"App Diapo pour Shopify","h1_caption":"Ajoutez un curseur d'image ou de contenu \u00e0 votre site Web pour pr\u00e9senter sans effort des visuels, des promotions ou du contenu cl\u00e9 de mani\u00e8re dynamique sur votre site Web Shopify.","application_category":[],"applications_title":"","applications_request_title":"","applications_request_button_text":"","hero_text":"","hero_video":"","hero_video_schema_markup":"","selling_points_title":"","selling_points_caption":"","selling_points":[],"selling_points_cta_text":"","features_title":"","features":"","ed_cta_examples_text":"","ed_cta_examples_hidden":"","ed_cta_demo_text":"","ed_cta_demo_hidden":"","why_caption":"","why_editor_title":"","why_editor_text":"","why_team_title":"","why_team_text":"","why_service_title":"","why_service_text":"","template_catalog_visible":"","template_catalog_title":"","template_catalog_text":"","template_catalog_categories_visible":"","demo_title":"Cr\u00e9ez votre application Slider","demo_caption":"Configurez votre Slider et ajoutez-le \u00e0 votre site Web Shopify gratuitement\u00a0!","default_faq_hidden":"","app_template_category":[],"platform":"360","template_public_id":"","codecanyon_url":"","codecanyon_item_id":"","codecanyon_price":"","pricing_caption":"","pricing_elfsight_apps_hide_column":"","pricing_elfsight_apps_url":"","pricing_codecanyon_price_caption":"","integration_category":[],"integration_request_title":"","integration_request_cta":"","integration_platform":"","integrations":[],"platform_category":[],"video_schema_markup":"","price":"\u00c0 partir de $0\/mois","trial":"","benefits":[{"text":"Installation gratuite"},{"text":"Support Premium"},{"text":"Garantie de remboursement de 14 jours"},{"text":"L'am\u00e9lioration continue"}],"button_url":"#demo","button_target_blank":"0","button_nofollow":"0","attributes":[{"name":"Nombre d'installations","content":"1,000 - 5,000","_state":"expanded"},{"name":"Adaptif","content":"Oui","_state":"expanded"},{"name":"Navigateurs compatibles","content":"Firefox, Safari, Opera, Chrome, Edge","_state":"expanded"}],"tags":[],"tags_disable_links":"0","hide_more_platforms":"","video_object":"","demo_hide_cta":"0","demo_hide_cloud_options":"0","pricing_title":"","pricing":[{"pricing_icon":"platform","pricing_title":"Applications d'Elfsight","pricing_title_caption":"Solution num\u00e9rique multiplateforme qui fonctionne sur n'importe quel site","pricing_price":"\u00c0 partir de $0\/mois","pricing_price_caption":"Commencez avec un plan gratuit","pricing_benefits":[{"text":"Sites Web illimit\u00e9s"},{"text":"\u00c9quipe d'assistance professionnelle"},{"text":"Service d'installation gratuit"},{"text":"100% personnalisable"}],"pricing_button_text":"Ajouter au site Web","pricing_button_url":"https:\/\/apps.elfsight.com\/sign-up\/","pricing_button_nofollow":"1","_state":"expanded"}],"related_apps_title":"","related_apps_hidden":"1","author":"","image":[],"title":"","job":"","social_networks":[]},"_links":{"self":[{"href":"https:\/\/elfsight.com\/fr\/wp-json\/wp\/v2\/pages\/5939","targetHints":{"allow":["GET"]}}],"collection":[{"href":"https:\/\/elfsight.com\/fr\/wp-json\/wp\/v2\/pages"}],"about":[{"href":"https:\/\/elfsight.com\/fr\/wp-json\/wp\/v2\/types\/page"}],"author":[{"embeddable":true,"href":"https:\/\/elfsight.com\/fr\/wp-json\/wp\/v2\/users\/18"}],"replies":[{"embeddable":true,"href":"https:\/\/elfsight.com\/fr\/wp-json\/wp\/v2\/comments?post=5939"}],"version-history":[{"count":3,"href":"https:\/\/elfsight.com\/fr\/wp-json\/wp\/v2\/pages\/5939\/revisions"}],"predecessor-version":[{"id":16743,"href":"https:\/\/elfsight.com\/fr\/wp-json\/wp\/v2\/pages\/5939\/revisions\/16743"}],"up":[{"embeddable":true,"href":"https:\/\/elfsight.com\/fr\/wp-json\/wp\/v2\/pages\/1532"}],"wp:attachment":[{"href":"https:\/\/elfsight.com\/fr\/wp-json\/wp\/v2\/media?parent=5939"}],"curies":[{"name":"wp","href":"https:\/\/api.w.org\/{rel}","templated":true}]}}