{"id":5931,"date":"2021-12-03T09:00:59","date_gmt":"2021-12-03T09:00:59","guid":{"rendered":"https:\/\/elfsight.com\/fr\/?page_id=5931"},"modified":"2025-07-10T13:25:43","modified_gmt":"2025-07-10T13:25:43","slug":"magento","status":"publish","type":"page","link":"https:\/\/elfsight.com\/fr\/slider-widget\/magento\/","title":{"rendered":"Slider &#8211; Magento"},"content":{"rendered":"<div class=\"application-platform-content-item-description application-platform-content-item\" id=\"description\" data-nav-section=\"description\"><h2>Description<\/h2> <p>Elfsight Photo and Image Slider est un outil simple vous permettant d&rsquo;attirer l&rsquo;attention des utilisateurs en affichant diverses images, des vid\u00e9os ou les plus belles offres de votre site. N&rsquo;h\u00e9sitez pas \u00e0 utiliser le nombre de diapositives dont vous avez besoin pour montrer votre marque et marquer les bonnes affaires. Ajoutez des effets visuels et redimensionnez la dimension de l&rsquo;image\/vid\u00e9o comme vous le souhaitez. Gr\u00e2ce \u00e0 notre outil, vous pourrez cr\u00e9er un slider remarquable qui attirera l&rsquo;attention des visiteurs du site et ne les laissera pas quitter votre page trop t\u00f4t.<\/p><p><b>Utilisez une extension Slider accompagn\u00e9e contenu interactif pour attirer l&rsquo;attention de vos visiteurs\u00a0!<\/b><\/p><p><b>Engagement plus \u00e9lev\u00e9 des utilisateurs<\/b><br>Notre plugin de curseur d&rsquo;image offre des effets d&rsquo;affichage attrayants qui transformeront votre contenu en un incontournable pour votre les clients les incitent \u00e0 l&rsquo;utiliser et \u00e0 effectuer les actions cibles.<\/p><p><b>R\u00e9organisez l&rsquo;exp\u00e9rience utilisateur<\/b><br>Int\u00e9grez les visuels les plus attrayants dans un endroit visible pour rendre l&rsquo;utilisation de votre site Web fluide et simple. obtenant ainsi de nouveaux publics.<\/p><p><b>Augmentez le nombre de ventes<\/b><br>Mettez l&rsquo;accent sur vos activit\u00e9s, les plus belles \u0153uvres ou les num\u00e9ros pr\u00e9sent\u00e9s \u00e0 l&rsquo;aide d&rsquo;une extension Slider qui am\u00e8ne les utilisateurs directement \u00e0 l&rsquo;achat.<\/p><\/div><div class=\"faq\" data-component=\"FAQ\"><div class=\"faq-item\">\r\n\t\t\t\t\t<div class=\"faq-item-question\">\r\n\t\t\t\t\t\t<h3 class=\"faq-item-question-text\">Comment int\u00e9grer un Slider au site Magento ? <\/h3>\r\n\r\n\t\t\t\t\t\t<div class=\"faq-item-question-icon\"><\/div>\r\n\t\t\t\t\t<\/div>\r\n\r\n\t\t\t\t\t<div class=\"faq-item-answer\">\r\n\t\t\t\t\t\t<div class=\"faq-item-answer-text\"><p>La r\u00e9alisation de l&rsquo;outil se produit sur le site Elfsight et vous n&rsquo;avez pas besoin d&rsquo;apprendre le codage. Utilisez notre d\u00e9mo active pour fa\u00e7onner votre application, acqu\u00e9rir le code et l&rsquo;int\u00e9grer dans votre site Web. <\/p><\/div>\r\n\t\t\t\t\t<\/div>\r\n\t\t\t\t<\/div><div class=\"faq-item\">\r\n\t\t\t\t\t<div class=\"faq-item-question\">\r\n\t\t\t\t\t\t<h3 class=\"faq-item-question-text\">Les meilleures fa\u00e7ons d'utiliser l'int\u00e9gration d'images et de vid\u00e9os<\/h3>\r\n\r\n\t\t\t\t\t\t<div class=\"faq-item-question-icon\"><\/div>\r\n\t\t\t\t\t<\/div>\r\n\r\n\t\t\t\t\t<div class=\"faq-item-answer\">\r\n\t\t\t\t\t\t<div class=\"faq-item-answer-text\"><p>Nous vous offrons de nombreuses possibilit\u00e9s de personnalisation\u00a0: widgets complets \u00e0 int\u00e9grer dans la zone de contenu, flottants plugins avec fonction de d\u00e9filement, mises en page pour le pied de page de votre site Web, la section d&rsquo;en-t\u00eate et toutes les variantes d&rsquo;opportunit\u00e9s verticales pour les barres lat\u00e9rales et les menus du site Web. <\/p><\/div>\r\n\t\t\t\t\t<\/div>\r\n\t\t\t\t<\/div><div class=\"faq-item\">\r\n\t\t\t\t\t<div class=\"faq-item-question\">\r\n\t\t\t\t\t\t<h3 class=\"faq-item-question-text\">Existe-t-il une option pour cr\u00e9er un curseur d'articles ou d'offres de caf\u00e9 par l'interm\u00e9diaire de votre \u00e9diteur ? <\/h3>\r\n\r\n\t\t\t\t\t\t<div class=\"faq-item-question-icon\"><\/div>\r\n\t\t\t\t\t<\/div>\r\n\r\n\t\t\t\t\t<div class=\"faq-item-answer\">\r\n\t\t\t\t\t\t<div class=\"faq-item-answer-text\"><p>Vous pouvez cr\u00e9er les modifications de n&rsquo;importe quel widget. Il existe des tonnes de mises en page applicables dans l&rsquo;\u00e9diteur, et elles peuvent toutes \u00eatre rapidement ajust\u00e9es selon vos besoins. <\/p><\/div>\r\n\t\t\t\t\t<\/div>\r\n\t\t\t\t<\/div><\/div><div class=\"application-platform-content-item-features application-platform-content-item\" id=\"features\" data-nav-section=\"features\"><h2>Fonctionnalit\u00e9s<\/h2><p>Voir toutes les fonctions du produit. Ils sont disponibles directement dans l&rsquo;\u00e9diteur et vous aideront \u00e0 cr\u00e9er l&rsquo;extension adapt\u00e9e \u00e0 vos besoins.<\/p><ul><li>Utilisez des boutons CTA pour guider les visiteurs du site vers la conversion.<\/li><li>Changement de diapositive personnalis\u00e9 dur\u00e9e.<\/li><li>Choisissez entre de nombreuses fonctionnalit\u00e9s.<\/li><li>Placez votre contenu n&rsquo;importe o\u00f9 sur la page \u00e0 l&rsquo;aide de la position avanc\u00e9e.<\/li><li>Adaptez cinq fonctions de contenu.<\/li><\/ul><p><a href=\"#demo\">Essayez toutes les autres fonctions de la d\u00e9mo<\/a><\/p><\/div><div class=\"application-platform-content-item-installation application-platform-content-item\" id=\"installation\" data-nav-section=\"installation\"><h2>Comment ajouter Slider vers le site Web Magento\u00a0?<\/h2><p>Suivez simplement les instructions ci-dessous pour ajouter l&rsquo;extension sur Magento.<\/p> <ol><li><b>G\u00e9rez notre \u00e9diteur gratuit et commencez \u00e0 cr\u00e9er votre extension personnalis\u00e9e. <\/b><br> Recherchez l&rsquo;apparence et les aspects appropri\u00e9s du widget et enregistrez les modifications. <\/li> <li><b>Copiez votre code individuel qui appara\u00eet dans le formulaire sp\u00e9cial sur les applications Elfsight. <\/b><br> Juste apr\u00e8s la cr\u00e9ation de votre widget Image Slider, copiez le code exclusif dans la fen\u00eatre contextuelle apparue et enregistrez-le pour une utilisation ult\u00e9rieure. <\/li> <li><b>Commencez \u00e0 utiliser l&rsquo;extension sur le site Web de Magento. <\/b><br> Ins\u00e9rez le code enregistr\u00e9 pr\u00e9c\u00e9demment dans votre site Web et appliquez les ajustements. <\/li> <li><b>L&rsquo;installation est enti\u00e8rement termin\u00e9e. <\/b><br> Rendez-vous sur votre page pour voir en action le fonctionnement du widget. <\/li><\/ol><p>N&rsquo;h\u00e9sitez pas \u00e0 contacter le service client si vous avez besoin de conseils ou si vous rencontrez des probl\u00e8mes. Nos sp\u00e9cialistes vous donneront un coup de main pour chaque demande.<\/p><\/div>","protected":false},"excerpt":{"rendered":"","protected":false},"author":18,"featured_media":0,"parent":1532,"menu_order":0,"comment_status":"closed","ping_status":"closed","template":"templates\/template-application-platform.php","meta":{"publish_to_discourse":"","publish_post_category":"","wpdc_auto_publish_overridden":"","wpdc_topic_tags":"","wpdc_pin_topic":"","wpdc_pin_until":"","discourse_post_id":"","discourse_permalink":"","wpdc_publishing_response":"","wpdc_publishing_error":"","footnotes":""},"class_list":["post-5931","page","type-page","status-publish","hentry"],"yoast_head":"<!-- This site is optimized with the Yoast SEO plugin v25.3.1 - https:\/\/yoast.com\/wordpress\/plugins\/seo\/ -->\n<title>Diapo - ajoutez plugin Diaporama sur Magento<\/title>\n<meta name=\"description\" content=\"Int\u00e9grez un Diapo avantageux sur votre site. Utilisez la d\u00e9mo d&#039;Elfsight et g\u00e9n\u00e9rez votre extension en deux minutes.\" \/>\n<meta name=\"robots\" content=\"index, follow, max-snippet:-1, max-image-preview:large, max-video-preview:-1\" \/>\n<link rel=\"canonical\" href=\"https:\/\/elfsight.com\/fr\/slider-widget\/magento\/\" \/>\n<meta property=\"og:locale\" content=\"fr_FR\" \/>\n<meta property=\"og:type\" content=\"article\" \/>\n<meta property=\"og:title\" content=\"Diapo - ajoutez plugin Diaporama sur Magento\" \/>\n<meta property=\"og:description\" content=\"Int\u00e9grez un Diapo avantageux sur votre site. Utilisez la d\u00e9mo d&#039;Elfsight et g\u00e9n\u00e9rez votre extension en deux minutes.\" \/>\n<meta property=\"og:url\" content=\"https:\/\/elfsight.com\/fr\/slider-widget\/magento\/\" \/>\n<meta property=\"og:site_name\" content=\"Elfsight FR\" \/>\n<meta property=\"article:modified_time\" content=\"2025-07-10T13:25:43+00:00\" \/>\n<meta name=\"twitter:card\" content=\"summary_large_image\" \/>\n<meta name=\"twitter:label1\" content=\"Dur\u00e9e de lecture estim\u00e9e\" \/>\n\t<meta name=\"twitter:data1\" content=\"1 minute\" \/>\n<!-- \/ Yoast SEO plugin. -->","yoast_head_json":{"title":"Diapo - ajoutez plugin Diaporama sur Magento","description":"Int\u00e9grez un Diapo avantageux sur votre site. Utilisez la d\u00e9mo d'Elfsight et g\u00e9n\u00e9rez votre extension en deux minutes.","robots":{"index":"index","follow":"follow","max-snippet":"max-snippet:-1","max-image-preview":"max-image-preview:large","max-video-preview":"max-video-preview:-1"},"canonical":"https:\/\/elfsight.com\/fr\/slider-widget\/magento\/","og_locale":"fr_FR","og_type":"article","og_title":"Diapo - ajoutez plugin Diaporama sur Magento","og_description":"Int\u00e9grez un Diapo avantageux sur votre site. Utilisez la d\u00e9mo d'Elfsight et g\u00e9n\u00e9rez votre extension en deux minutes.","og_url":"https:\/\/elfsight.com\/fr\/slider-widget\/magento\/","og_site_name":"Elfsight FR","article_modified_time":"2025-07-10T13:25:43+00:00","twitter_card":"summary_large_image","twitter_misc":{"Dur\u00e9e de lecture estim\u00e9e":"1 minute"},"schema":{"@context":"https:\/\/schema.org","@graph":[{"@type":"WebPage","@id":"https:\/\/elfsight.com\/fr\/slider-widget\/magento\/","url":"https:\/\/elfsight.com\/fr\/slider-widget\/magento\/","name":"Diapo - ajoutez plugin Diaporama sur Magento","isPartOf":{"@id":"https:\/\/elfsight.com\/fr\/#website"},"datePublished":"2021-12-03T09:00:59+00:00","dateModified":"2025-07-10T13:25:43+00:00","description":"Int\u00e9grez un Diapo avantageux sur votre site. Utilisez la d\u00e9mo d'Elfsight et g\u00e9n\u00e9rez votre extension en deux minutes.","breadcrumb":{"@id":"https:\/\/elfsight.com\/fr\/slider-widget\/magento\/#breadcrumb"},"inLanguage":"fr-FR","potentialAction":[{"@type":"ReadAction","target":["https:\/\/elfsight.com\/fr\/slider-widget\/magento\/"]}]},{"@type":"BreadcrumbList","@id":"https:\/\/elfsight.com\/fr\/slider-widget\/magento\/#breadcrumb","itemListElement":[{"@type":"ListItem","position":1,"name":"Home","item":"https:\/\/elfsight.com\/fr\/"},{"@type":"ListItem","position":2,"name":"Slider","item":"https:\/\/elfsight.com\/fr\/slider-widget\/"},{"@type":"ListItem","position":3,"name":"Slider &#8211; Magento"}]},{"@type":"WebSite","@id":"https:\/\/elfsight.com\/fr\/#website","url":"https:\/\/elfsight.com\/fr\/","name":"Elfsight FR","description":"","potentialAction":[{"@type":"SearchAction","target":{"@type":"EntryPoint","urlTemplate":"https:\/\/elfsight.com\/fr\/?s={search_term_string}"},"query-input":{"@type":"PropertyValueSpecification","valueRequired":true,"valueName":"search_term_string"}}],"inLanguage":"fr-FR"}]}},"meta_box":{"industry":"","seo_heading":"","heading":"","description":"","cta_heading":"","cta_description":"","application":"1525","h1":"Plugin Diapo pour Magento","h1_caption":"Ajoutez un curseur d'image ou de contenu \u00e0 votre site Web pour pr\u00e9senter sans effort des visuels, des promotions ou du contenu cl\u00e9 de mani\u00e8re dynamique sur votre site Web Magento.","application_category":[],"applications_title":"","applications_request_title":"","applications_request_button_text":"","hero_text":"","hero_video":"","hero_video_schema_markup":"","selling_points_title":"","selling_points_caption":"","selling_points":[],"selling_points_cta_text":"","features_title":"","features":"","ed_cta_examples_text":"","ed_cta_examples_hidden":"","ed_cta_demo_text":"","ed_cta_demo_hidden":"","why_caption":"","why_editor_title":"","why_editor_text":"","why_team_title":"","why_team_text":"","why_service_title":"","why_service_text":"","template_catalog_visible":"","template_catalog_title":"","template_catalog_text":"","template_catalog_categories_visible":"","demo_title":"Cr\u00e9ez votre extension Slider","demo_caption":"Configurez votre Slider et ajoutez-le \u00e0 votre site Web Magento gratuitement !","default_faq_hidden":"","app_template_category":[],"platform":"357","template_public_id":"","codecanyon_url":"","codecanyon_item_id":"","codecanyon_price":"","pricing_caption":"","pricing_elfsight_apps_hide_column":"","pricing_elfsight_apps_url":"","pricing_codecanyon_price_caption":"","integration_category":[],"integration_request_title":"","integration_request_cta":"","integration_platform":"","integrations":[],"platform_category":[],"video_schema_markup":"","price":"\u00c0 partir de $0\/mois","trial":"","benefits":[{"text":"Installation gratuite"},{"text":"Support Premium"},{"text":"Garantie de remboursement de 14 jours"},{"text":"L'am\u00e9lioration continue"}],"button_url":"#demo","button_target_blank":"0","button_nofollow":"0","attributes":[{"name":"Nombre d'installations","content":"1,000 - 5,000","_state":"expanded"},{"name":"Adaptif","content":"Oui","_state":"expanded"},{"name":"Navigateurs compatibles","content":"Firefox, Safari, Opera, Chrome, Edge","_state":"expanded"}],"tags":[],"tags_disable_links":"0","hide_more_platforms":"","video_object":"","demo_hide_cta":"0","demo_hide_cloud_options":"0","pricing_title":"","pricing":[{"pricing_icon":"platform","pricing_title":"Applications d'Elfsight","pricing_title_caption":"Solution num\u00e9rique multiplateforme qui fonctionne sur n'importe quel site","pricing_price":"\u00c0 partir de $0\/mois","pricing_price_caption":"Commencez avec un plan gratuit","pricing_benefits":[{"text":"Sites Web illimit\u00e9s"},{"text":"\u00c9quipe d'assistance professionnelle"},{"text":"Service d'installation gratuit"},{"text":"100% personnalisable"}],"pricing_button_text":"Ajouter au site Web","pricing_button_url":"https:\/\/apps.elfsight.com\/sign-up\/","pricing_button_nofollow":"1","_state":"expanded"}],"related_apps_title":"","related_apps_hidden":"1","author":"","image":[],"title":"","job":"","social_networks":[]},"_links":{"self":[{"href":"https:\/\/elfsight.com\/fr\/wp-json\/wp\/v2\/pages\/5931","targetHints":{"allow":["GET"]}}],"collection":[{"href":"https:\/\/elfsight.com\/fr\/wp-json\/wp\/v2\/pages"}],"about":[{"href":"https:\/\/elfsight.com\/fr\/wp-json\/wp\/v2\/types\/page"}],"author":[{"embeddable":true,"href":"https:\/\/elfsight.com\/fr\/wp-json\/wp\/v2\/users\/18"}],"replies":[{"embeddable":true,"href":"https:\/\/elfsight.com\/fr\/wp-json\/wp\/v2\/comments?post=5931"}],"version-history":[{"count":2,"href":"https:\/\/elfsight.com\/fr\/wp-json\/wp\/v2\/pages\/5931\/revisions"}],"predecessor-version":[{"id":15159,"href":"https:\/\/elfsight.com\/fr\/wp-json\/wp\/v2\/pages\/5931\/revisions\/15159"}],"up":[{"embeddable":true,"href":"https:\/\/elfsight.com\/fr\/wp-json\/wp\/v2\/pages\/1532"}],"wp:attachment":[{"href":"https:\/\/elfsight.com\/fr\/wp-json\/wp\/v2\/media?parent=5931"}],"curies":[{"name":"wp","href":"https:\/\/api.w.org\/{rel}","templated":true}]}}