{"id":5925,"date":"2021-12-03T09:01:09","date_gmt":"2021-12-03T09:01:09","guid":{"rendered":"https:\/\/elfsight.com\/fr\/?page_id=5925"},"modified":"2025-07-10T13:25:23","modified_gmt":"2025-07-10T13:25:23","slug":"joomla","status":"publish","type":"page","link":"https:\/\/elfsight.com\/fr\/slider-widget\/joomla\/","title":{"rendered":"Slider &#8211; Joomla"},"content":{"rendered":"<div class=\"application-platform-content-item-description application-platform-content-item\" id=\"description\" data-nav-section=\"description\"><h2>Description<\/h2> <p>Elfsight Photo &amp; Image Slider est un instrument simple et r\u00e9actif vous permettant d&rsquo;attirer l&rsquo;attention des visiteurs du site en pr\u00e9sentant diff\u00e9rentes images, vid\u00e9os ou les meilleures offres sur votre site Web. N&rsquo;h\u00e9sitez pas \u00e0 utiliser le nombre de diapositives n\u00e9cessaire pour pr\u00e9senter vos produits et marquer les bonnes affaires. Ajoutez des effets visuels et modifiez la taille de l&rsquo;image\/vid\u00e9o comme vous le souhaitez. Gr\u00e2ce \u00e0 notre outil, vous r\u00e9ussirez \u00e0 cr\u00e9er un curseur remarquable qui attirera l&rsquo;attention des visiteurs du site et ne les laissera pas quitter votre page Web trop t\u00f4t.<\/p><p><b>Donnez \u00e0 vos offres un aspect tentant et atteignez vos objectifs commerciaux gr\u00e2ce \u00e0 l&rsquo;extension Slider\u00a0!<\/b><\/p><p><b>Un plus grand engagement des utilisateurs<\/b><br>Notre plugin Image slider vous offre de charmants effets visuels qui rendront votre contenu un incontournable pour les utilisateurs qui les incitent \u00e0 l&rsquo;utiliser et \u00e0 entreprendre les actions cibl\u00e9es.<\/p><p><b>D\u00e9velopper l&rsquo;exp\u00e9rience utilisateur<\/b><br>Ayez les visuels les plus tentants dans un seul endroit attrayant pour faciliter l&rsquo;utilisation votre site sans effort et simple, obtenant ainsi de nouvelles audiences.<\/p><p><b>Augmentez vos ventes<\/b><br>Mettez un point d&rsquo;honneur sur vos projets, les plus belles \u0153uvres ou les probl\u00e8mes pr\u00e9sent\u00e9s avec une extension Slider qui bouge utilisateurs directement \u00e0 l&rsquo;achat.<\/p><\/div><div class=\"faq\" data-component=\"FAQ\"><div class=\"faq-item\">\r\n\t\t\t\t\t<div class=\"faq-item-question\">\r\n\t\t\t\t\t\t<h3 class=\"faq-item-question-text\">De quelle mani\u00e8re puis-je int\u00e9grer un Slider au site Joomla ? <\/h3>\r\n\r\n\t\t\t\t\t\t<div class=\"faq-item-question-icon\"><\/div>\r\n\t\t\t\t\t<\/div>\r\n\r\n\t\t\t\t\t<div class=\"faq-item-answer\">\r\n\t\t\t\t\t\t<div class=\"faq-item-answer-text\"><p>Le la construction du widget s&rsquo;effectue sur le site Web Elfsight et vous n&rsquo;avez pas besoin d&rsquo;apprendre \u00e0 coder. Acc\u00e9dez \u00e0 la d\u00e9mo active pour concevoir votre application, obtenez le code et int\u00e9grez-le dans votre site Web. <\/p><\/div>\r\n\t\t\t\t\t<\/div>\r\n\t\t\t\t<\/div><div class=\"faq-item\">\r\n\t\t\t\t\t<div class=\"faq-item-question\">\r\n\t\t\t\t\t\t<h3 class=\"faq-item-question-text\">Les meilleures fa\u00e7ons d'utiliser l'int\u00e9gration de Slider de galerie d'images<\/h3>\r\n\r\n\t\t\t\t\t\t<div class=\"faq-item-question-icon\"><\/div>\r\n\t\t\t\t\t<\/div>\r\n\r\n\t\t\t\t\t<div class=\"faq-item-answer\">\r\n\t\t\t\t\t\t<div class=\"faq-item-answer-text\"><p>Nous vous offrons une pl\u00e9thore de possibilit\u00e9s de r\u00e9glage\u00a0: des widgets complets \u00e0 int\u00e9grer dans la zone de contenu , des widgets flottants avec des options de d\u00e9filement, des vignettes pour le pied de page, la section d&rsquo;en-t\u00eate et toutes les variantes de possibilit\u00e9s verticales pour les barres lat\u00e9rales et les menus du site Web. <\/p><\/div>\r\n\t\t\t\t\t<\/div>\r\n\t\t\t\t<\/div><div class=\"faq-item\">\r\n\t\t\t\t\t<div class=\"faq-item-question\">\r\n\t\t\t\t\t\t<h3 class=\"faq-item-question-text\">Existe-t-il une option pour cr\u00e9er un curseur de produits ou d'offres au moyen de l'\u00e9diteur ? <\/h3>\r\n\r\n\t\t\t\t\t\t<div class=\"faq-item-question-icon\"><\/div>\r\n\t\t\t\t\t<\/div>\r\n\r\n\t\t\t\t\t<div class=\"faq-item-answer\">\r\n\t\t\t\t\t\t<div class=\"faq-item-answer-text\"><p>Vous \u00eates invit\u00e9s \u00e0 cr\u00e9er les modifications de n&rsquo;importe quel widget. Il existe un large \u00e9ventail de mises en page disponibles dans l&rsquo;\u00e9diteur, et toutes peuvent \u00eatre facilement personnalis\u00e9es selon vos besoins. <\/p><\/div>\r\n\t\t\t\t\t<\/div>\r\n\t\t\t\t<\/div><\/div><div class=\"application-platform-content-item-features application-platform-content-item\" id=\"features\" data-nav-section=\"features\"><h2>Fonctionnalit\u00e9s<\/h2><p>Voici une liste de toutes les fonctionnalit\u00e9s du produit. Vous pouvez les ajuster directement dans l&rsquo;\u00e9diteur et ils vous aideront \u00e0 construire le module sp\u00e9cialement pour vos besoins.<\/p><ul><li>Utilisez des CTA pour guider les utilisateurs vers votre objectif.<\/li><li>Ajustez le changement de diapositive dur\u00e9e.<\/li><li>Choisissez entre plusieurs variantes.<\/li><li>Placez votre texte n&rsquo;importe o\u00f9 sur la page gr\u00e2ce \u00e0 la position avanc\u00e9e.<\/li><li>Ajustez cinq \u00e9l\u00e9ments de contenu.<\/li><\/ul><p><a href=\"#demo\">Testez toutes les autres fonctions de la d\u00e9mo<\/a><\/p><\/div><div class=\"application-platform-content-item-installation application-platform-content-item\" id=\"installation\" data-nav-section=\"installation\"><h2>Comment ajouter Slider to Joomla<\/h2><p>Suivez simplement les \u00e9tapes suivantes d\u00e9crites ci-dessous pour int\u00e9grer le widget sur Joomla.<\/p> <ol><li><b>Ex\u00e9cutez notre configurateur gratuit et commencez \u00e0 cr\u00e9er votre plugin sur mesure. <\/b><br> Choisissez la mise en page et les fonctionnalit\u00e9s pr\u00e9f\u00e9r\u00e9es de l&rsquo;extension Slider et appliquez les corrections. <\/li> <li><b>Acqu\u00e9rir le code unique qui appara\u00eet dans la fen\u00eatre des applications Elfsight. <\/b><br> Une fois la configuration de votre plugin termin\u00e9e, copiez le code exclusif de la bo\u00eete qui appara\u00eet et conservez-le pour une utilisation ult\u00e9rieure. <\/li> <li><b>Commencez \u00e0 utiliser le module sur le site Web Joomla. <\/b><br> Ins\u00e9rez le code enregistr\u00e9 r\u00e9cemment dans votre site et appliquez les modifications. <\/li> <li><b>L&rsquo;installation est termin\u00e9e avec succ\u00e8s. <\/b><br> Visitez votre site Web pour voir comment fonctionne le plugin. <\/li><\/ol><p>N&rsquo;h\u00e9sitez pas \u00e0 contacter le support client Elfsight si vous avez besoin d&rsquo;aide ou si vous avez des questions. Nos sp\u00e9cialistes se feront un plaisir de r\u00e9pondre \u00e0 chaque demande.<\/p><\/div>","protected":false},"excerpt":{"rendered":"","protected":false},"author":18,"featured_media":0,"parent":1532,"menu_order":0,"comment_status":"closed","ping_status":"closed","template":"templates\/template-application-platform.php","meta":{"publish_to_discourse":"","publish_post_category":"","wpdc_auto_publish_overridden":"","wpdc_topic_tags":"","wpdc_pin_topic":"","wpdc_pin_until":"","discourse_post_id":"","discourse_permalink":"","wpdc_publishing_response":"","wpdc_publishing_error":"","footnotes":""},"class_list":["post-5925","page","type-page","status-publish","hentry"],"yoast_head":"<!-- This site is optimized with the Yoast SEO plugin v25.3.1 - https:\/\/yoast.com\/wordpress\/plugins\/seo\/ -->\n<title>Diapo - ajoutez extension Diaporama sur Joomla<\/title>\n<meta name=\"description\" content=\"Int\u00e9grez un Diapo attractif sur votre site. Appliquez la d\u00e9mo d&#039;Elfsight et g\u00e9n\u00e9rez votre module en deux minutes.\" \/>\n<meta name=\"robots\" content=\"index, follow, max-snippet:-1, max-image-preview:large, max-video-preview:-1\" \/>\n<link rel=\"canonical\" href=\"https:\/\/elfsight.com\/fr\/slider-widget\/joomla\/\" \/>\n<meta property=\"og:locale\" content=\"fr_FR\" \/>\n<meta property=\"og:type\" content=\"article\" \/>\n<meta property=\"og:title\" content=\"Diapo - ajoutez extension Diaporama sur Joomla\" \/>\n<meta property=\"og:description\" content=\"Int\u00e9grez un Diapo attractif sur votre site. Appliquez la d\u00e9mo d&#039;Elfsight et g\u00e9n\u00e9rez votre module en deux minutes.\" \/>\n<meta property=\"og:url\" content=\"https:\/\/elfsight.com\/fr\/slider-widget\/joomla\/\" \/>\n<meta property=\"og:site_name\" content=\"Elfsight FR\" \/>\n<meta property=\"article:modified_time\" content=\"2025-07-10T13:25:23+00:00\" \/>\n<meta name=\"twitter:card\" content=\"summary_large_image\" \/>\n<meta name=\"twitter:label1\" content=\"Dur\u00e9e de lecture estim\u00e9e\" \/>\n\t<meta name=\"twitter:data1\" content=\"1 minute\" \/>\n<!-- \/ Yoast SEO plugin. -->","yoast_head_json":{"title":"Diapo - ajoutez extension Diaporama sur Joomla","description":"Int\u00e9grez un Diapo attractif sur votre site. Appliquez la d\u00e9mo d'Elfsight et g\u00e9n\u00e9rez votre module en deux minutes.","robots":{"index":"index","follow":"follow","max-snippet":"max-snippet:-1","max-image-preview":"max-image-preview:large","max-video-preview":"max-video-preview:-1"},"canonical":"https:\/\/elfsight.com\/fr\/slider-widget\/joomla\/","og_locale":"fr_FR","og_type":"article","og_title":"Diapo - ajoutez extension Diaporama sur Joomla","og_description":"Int\u00e9grez un Diapo attractif sur votre site. Appliquez la d\u00e9mo d'Elfsight et g\u00e9n\u00e9rez votre module en deux minutes.","og_url":"https:\/\/elfsight.com\/fr\/slider-widget\/joomla\/","og_site_name":"Elfsight FR","article_modified_time":"2025-07-10T13:25:23+00:00","twitter_card":"summary_large_image","twitter_misc":{"Dur\u00e9e de lecture estim\u00e9e":"1 minute"},"schema":{"@context":"https:\/\/schema.org","@graph":[{"@type":"WebPage","@id":"https:\/\/elfsight.com\/fr\/slider-widget\/joomla\/","url":"https:\/\/elfsight.com\/fr\/slider-widget\/joomla\/","name":"Diapo - ajoutez extension Diaporama sur Joomla","isPartOf":{"@id":"https:\/\/elfsight.com\/fr\/#website"},"datePublished":"2021-12-03T09:01:09+00:00","dateModified":"2025-07-10T13:25:23+00:00","description":"Int\u00e9grez un Diapo attractif sur votre site. Appliquez la d\u00e9mo d'Elfsight et g\u00e9n\u00e9rez votre module en deux minutes.","breadcrumb":{"@id":"https:\/\/elfsight.com\/fr\/slider-widget\/joomla\/#breadcrumb"},"inLanguage":"fr-FR","potentialAction":[{"@type":"ReadAction","target":["https:\/\/elfsight.com\/fr\/slider-widget\/joomla\/"]}]},{"@type":"BreadcrumbList","@id":"https:\/\/elfsight.com\/fr\/slider-widget\/joomla\/#breadcrumb","itemListElement":[{"@type":"ListItem","position":1,"name":"Home","item":"https:\/\/elfsight.com\/fr\/"},{"@type":"ListItem","position":2,"name":"Slider","item":"https:\/\/elfsight.com\/fr\/slider-widget\/"},{"@type":"ListItem","position":3,"name":"Slider &#8211; Joomla"}]},{"@type":"WebSite","@id":"https:\/\/elfsight.com\/fr\/#website","url":"https:\/\/elfsight.com\/fr\/","name":"Elfsight FR","description":"","potentialAction":[{"@type":"SearchAction","target":{"@type":"EntryPoint","urlTemplate":"https:\/\/elfsight.com\/fr\/?s={search_term_string}"},"query-input":{"@type":"PropertyValueSpecification","valueRequired":true,"valueName":"search_term_string"}}],"inLanguage":"fr-FR"}]}},"meta_box":{"industry":"","seo_heading":"","heading":"","description":"","cta_heading":"","cta_description":"","application":"1525","h1":"Extension Diapo pour Joomla","h1_caption":"Ajoutez un curseur d'image ou de contenu \u00e0 votre site Web pour pr\u00e9senter sans effort des visuels, des promotions ou du contenu cl\u00e9 de mani\u00e8re dynamique sur votre site Web Joomla.","application_category":[],"applications_title":"","applications_request_title":"","applications_request_button_text":"","hero_text":"","hero_video":"","hero_video_schema_markup":"","selling_points_title":"","selling_points_caption":"","selling_points":[],"selling_points_cta_text":"","features_title":"","features":"","ed_cta_examples_text":"","ed_cta_examples_hidden":"","ed_cta_demo_text":"","ed_cta_demo_hidden":"","why_caption":"","why_editor_title":"","why_editor_text":"","why_team_title":"","why_team_text":"","why_service_title":"","why_service_text":"","template_catalog_visible":"","template_catalog_title":"","template_catalog_text":"","template_catalog_categories_visible":"","demo_title":"Cr\u00e9ez votre plugin Slider","demo_caption":"Configurez votre Slider et ajoutez-le \u00e0 votre site Joomla gratuitement !","default_faq_hidden":"","app_template_category":[],"platform":"354","template_public_id":"","codecanyon_url":"","codecanyon_item_id":"","codecanyon_price":"","pricing_caption":"","pricing_elfsight_apps_hide_column":"","pricing_elfsight_apps_url":"","pricing_codecanyon_price_caption":"","integration_category":[],"integration_request_title":"","integration_request_cta":"","integration_platform":"","integrations":[],"platform_category":[],"video_schema_markup":"","price":"\u00c0 partir de $0\/mois","trial":"","benefits":[{"text":"Installation gratuite"},{"text":"Support Premium"},{"text":"Garantie de remboursement de 14 jours"},{"text":"L'am\u00e9lioration continue"}],"button_url":"#demo","button_target_blank":"0","button_nofollow":"0","attributes":[{"name":"Nombre d'installations","content":"1,000 - 5,000","_state":"expanded"},{"name":"Adaptif","content":"Oui","_state":"expanded"},{"name":"Navigateurs compatibles","content":"Firefox, Safari, Opera, Chrome, Edge","_state":"expanded"}],"tags":[],"tags_disable_links":"0","hide_more_platforms":"","video_object":"","demo_hide_cta":"0","demo_hide_cloud_options":"0","pricing_title":"","pricing":[{"pricing_icon":"platform","pricing_title":"Applications d'Elfsight","pricing_title_caption":"Solution num\u00e9rique multiplateforme qui fonctionne sur n'importe quel site","pricing_price":"\u00c0 partir de $0\/mois","pricing_price_caption":"Commencez avec un plan gratuit","pricing_benefits":[{"text":"Sites Web illimit\u00e9s"},{"text":"\u00c9quipe d'assistance professionnelle"},{"text":"Service d'installation gratuit"},{"text":"100% personnalisable"}],"pricing_button_text":"Ajouter au site Web","pricing_button_url":"https:\/\/apps.elfsight.com\/sign-up\/","pricing_button_nofollow":"1","_state":"expanded"}],"related_apps_title":"","related_apps_hidden":"1","author":"","image":[],"title":"","job":"","social_networks":[]},"_links":{"self":[{"href":"https:\/\/elfsight.com\/fr\/wp-json\/wp\/v2\/pages\/5925","targetHints":{"allow":["GET"]}}],"collection":[{"href":"https:\/\/elfsight.com\/fr\/wp-json\/wp\/v2\/pages"}],"about":[{"href":"https:\/\/elfsight.com\/fr\/wp-json\/wp\/v2\/types\/page"}],"author":[{"embeddable":true,"href":"https:\/\/elfsight.com\/fr\/wp-json\/wp\/v2\/users\/18"}],"replies":[{"embeddable":true,"href":"https:\/\/elfsight.com\/fr\/wp-json\/wp\/v2\/comments?post=5925"}],"version-history":[{"count":2,"href":"https:\/\/elfsight.com\/fr\/wp-json\/wp\/v2\/pages\/5925\/revisions"}],"predecessor-version":[{"id":15162,"href":"https:\/\/elfsight.com\/fr\/wp-json\/wp\/v2\/pages\/5925\/revisions\/15162"}],"up":[{"embeddable":true,"href":"https:\/\/elfsight.com\/fr\/wp-json\/wp\/v2\/pages\/1532"}],"wp:attachment":[{"href":"https:\/\/elfsight.com\/fr\/wp-json\/wp\/v2\/media?parent=5925"}],"curies":[{"name":"wp","href":"https:\/\/api.w.org\/{rel}","templated":true}]}}