{"id":5923,"date":"2021-12-03T09:01:12","date_gmt":"2021-12-03T09:01:12","guid":{"rendered":"https:\/\/elfsight.com\/fr\/?page_id=5923"},"modified":"2025-07-10T13:25:13","modified_gmt":"2025-07-10T13:25:13","slug":"jimdo","status":"publish","type":"page","link":"https:\/\/elfsight.com\/fr\/slider-widget\/jimdo\/","title":{"rendered":"Slider &#8211; Jimdo"},"content":{"rendered":"<div class=\"application-platform-content-item-description application-platform-content-item\" id=\"description\" data-nav-section=\"description\"><h2>Description<\/h2> <p>Elfsight Slider est un outil simple qui vous permet de capter l&rsquo;attention des utilisateurs en leur montrant plusieurs images, vid\u00e9os ou les meilleures offres sur votre site Web. Utilisez le nombre de diapositives dont vous avez besoin pour pr\u00e9senter vos produits et marquer les bonnes affaires. Ajoutez des effets visuels et redimensionnez la taille de l\u2019image\/vid\u00e9o selon vos besoins. Avec l&rsquo;aide de notre outil, vous pourrez cr\u00e9er un curseur apparent qui attirera l&rsquo;attention des utilisateurs et ne les laissera pas quitter votre site Web trop t\u00f4t. <\/p> <p><b>Lancez Slider pour atteindre vos objectifs commerciaux plus efficacement\u00a0! <\/b><\/p> <\/div> <div class=\"application-platform-content-item-features application-platform-content-item\" id=\"features\" data-nav-section=\"features\"> <h2>Voici seulement quelques-unes des fonctionnalit\u00e9s utiles du widget\u00a0: <\/h2> <ul><li>Ajoutez des images\/vid\u00e9os par URL ou t\u00e9l\u00e9chargez directement depuis votre appareil<\/li><li>Vid\u00e9o d&rsquo;arri\u00e8re-plan en boucle<\/li><li>Boutons d&rsquo;appel \u00e0 l&rsquo;action<\/li><li>Dur\u00e9e de commutation des diapositives r\u00e9glable<\/li><li>Pagination (traits, puces, vignettes, chiffres)<\/li><li>Navigation par balayage<\/li><li>Superposition de contenu diapositive par diapositive<\/li><li>Possibilit\u00e9 de mettre la diapositive en pause au survol<\/li><li>Afficher la barre de progression <\/li><li>Deux options de transition d&rsquo;image diff\u00e9rentes\u00a0: Fondu et Diapositive<\/li><li>Nombre illimit\u00e9 de diapositives<\/li><\/ul><p><a href=\"#demo\">Cochez simplement ceci d\u00e9mo pour avoir une id\u00e9e compl\u00e8te<\/a><\/p> <\/div> <div class=\"application-platform-content-item-installation application-platform-content-item\" id=\"installation\" data-nav-section=\"installation\"> <h2>Comment ajouter Slider \u00e0 une page Web Jimdo ? <\/h2> <p>Appliquez simplement les instructions ci-dessous pour commencer \u00e0 travailler avec l&rsquo;outil. <\/p> <ol><li><b>Lancez notre d\u00e9mo gratuite et commencez \u00e0 cr\u00e9er votre widget sur mesure. <\/b><br> Recherchez la conception et les param\u00e8tres personnalis\u00e9s du widget et appliquez les modifications. <\/li> <li><b>Copiez le code unique qui appara\u00eet dans la fen\u00eatre sur Elfsight Apps. <\/b><br> Une fois la cr\u00e9ation de votre outil personnel termin\u00e9e, copiez le code exclusif de la bo\u00eete qui appara\u00eet et conservez-le pour une utilisation future. <\/li> <li><b>Entrez en utilisant le widget sur votre page d&rsquo;accueil Jimdo. <\/b><br> Ajoutez le code copi\u00e9 auparavant dans votre site Web et appliquez les ajustements. <\/li> <li><b>Vous avez termin\u00e9\u00a0! L&rsquo;int\u00e9gration est effectu\u00e9e avec succ\u00e8s. <\/b><br> Visitez votre page pour voir le travail de l&rsquo;outil. <\/li><\/ol> <p>\u00c0 condition de r\u00e9pondre \u00e0 des demandes de renseignements ou de faire face \u00e0 des probl\u00e8mes, veuillez \u00e9crire \u00e0 notre \u00e9quipe de service client. Nos sp\u00e9cialistes sont impatients de vous aider avec tous les probl\u00e8mes que vous pourriez rencontrer avec le widget. <\/p> <div class=\"faq\" data-component=\"FAQ\"><div class=\"faq-item\">\r\n\t\t\t\t\t<div class=\"faq-item-question\">\r\n\t\t\t\t\t\t<h3 class=\"faq-item-question-text\">De quelle mani\u00e8re puis-je int\u00e9grer Slider dans mon Jimdo sans aucune connaissance en codage ?<\/h3>\r\n\r\n\t\t\t\t\t\t<div class=\"faq-item-question-icon\"><\/div>\r\n\t\t\t\t\t<\/div>\r\n\r\n\t\t\t\t\t<div class=\"faq-item-answer\">\r\n\t\t\t\t\t\t<div class=\"faq-item-answer-text\"> <p>Elfsight propose une solution Cloud qui permet \u00e0 un large public de cr\u00e9er soi-m\u00eame un widget Slider, d\u00e9couvrez la simplicit\u00e9 du processus\u00a0: travaillez directement dans l&rsquo;\u00e9diteur en direct pour cr\u00e9er une section Slider que vous souhaitez int\u00e9grer sur la page d&rsquo;accueil de Jimdo. Choisissez l&rsquo;un des mod\u00e8les pr\u00eats \u00e0 l&#8217;emploi et modifiez les param\u00e8tres du curseur, modifiez la disposition et la couleur des \u00e9l\u00e9ments et mettez \u00e0 jour votre contenu, sans aucune exp\u00e9rience de codage. Enregistrez les param\u00e8tres que vous avez d\u00e9finis dans Slider et copiez le code d&rsquo;installation du widget, qui peut \u00eatre facilement ajout\u00e9 \u00e0 la page Web Jimdo dans le cadre d&rsquo;un forfait gratuit. Gr\u00e2ce \u00e0 notre configurateur simple, chaque internaute peut cr\u00e9er un widget Slider en ligne et l&rsquo;int\u00e9grer sans effort \u00e0 n&rsquo;importe quelle page d&rsquo;accueil Jimdo. Il n&rsquo;est pas n\u00e9cessaire d&rsquo;obtenir un forfait payant ou de divulguer les informations d&rsquo;identification de votre carte pour acc\u00e9der au service Elfsight. Si vous rencontrez des obstacles \u00e0 une \u00e9tape quelconque, n&rsquo;h\u00e9sitez pas \u00e0 en parler \u00e0 notre \u00e9quipe d&rsquo;assistance.<\/p> <\/div>\r\n\t\t\t\t\t<\/div>\r\n\t\t\t\t<\/div> <\/div><\/div><p><\/p>","protected":false},"excerpt":{"rendered":"","protected":false},"author":18,"featured_media":0,"parent":1532,"menu_order":0,"comment_status":"closed","ping_status":"closed","template":"templates\/template-application-platform.php","meta":{"publish_to_discourse":"","publish_post_category":"","wpdc_auto_publish_overridden":"","wpdc_topic_tags":"","wpdc_pin_topic":"","wpdc_pin_until":"","discourse_post_id":"","discourse_permalink":"","wpdc_publishing_response":"","wpdc_publishing_error":"","footnotes":""},"class_list":["post-5923","page","type-page","status-publish","hentry"],"yoast_head":"<!-- This site is optimized with the Yoast SEO plugin v25.3.1 - https:\/\/yoast.com\/wordpress\/plugins\/seo\/ -->\n<title>Diapo - ajoutez plugin Diaporama sur Jimdo<\/title>\n<meta name=\"description\" content=\"Int\u00e9grez un Diapo attractif sur votre site. Appliquez la d\u00e9mo d&#039;Elfsight et g\u00e9n\u00e9rez votre widget en 2 minutes.\" \/>\n<meta name=\"robots\" content=\"index, follow, max-snippet:-1, max-image-preview:large, max-video-preview:-1\" \/>\n<link rel=\"canonical\" href=\"https:\/\/elfsight.com\/fr\/slider-widget\/jimdo\/\" \/>\n<meta property=\"og:locale\" content=\"fr_FR\" \/>\n<meta property=\"og:type\" content=\"article\" \/>\n<meta property=\"og:title\" content=\"Diapo - ajoutez plugin Diaporama sur Jimdo\" \/>\n<meta property=\"og:description\" content=\"Int\u00e9grez un Diapo attractif sur votre site. Appliquez la d\u00e9mo d&#039;Elfsight et g\u00e9n\u00e9rez votre widget en 2 minutes.\" \/>\n<meta property=\"og:url\" content=\"https:\/\/elfsight.com\/fr\/slider-widget\/jimdo\/\" \/>\n<meta property=\"og:site_name\" content=\"Elfsight FR\" \/>\n<meta property=\"article:modified_time\" content=\"2025-07-10T13:25:13+00:00\" \/>\n<meta name=\"twitter:card\" content=\"summary_large_image\" \/>\n<meta name=\"twitter:label1\" content=\"Dur\u00e9e de lecture estim\u00e9e\" \/>\n\t<meta name=\"twitter:data1\" content=\"1 minute\" \/>\n<!-- \/ Yoast SEO plugin. -->","yoast_head_json":{"title":"Diapo - ajoutez plugin Diaporama sur Jimdo","description":"Int\u00e9grez un Diapo attractif sur votre site. Appliquez la d\u00e9mo d'Elfsight et g\u00e9n\u00e9rez votre widget en 2 minutes.","robots":{"index":"index","follow":"follow","max-snippet":"max-snippet:-1","max-image-preview":"max-image-preview:large","max-video-preview":"max-video-preview:-1"},"canonical":"https:\/\/elfsight.com\/fr\/slider-widget\/jimdo\/","og_locale":"fr_FR","og_type":"article","og_title":"Diapo - ajoutez plugin Diaporama sur Jimdo","og_description":"Int\u00e9grez un Diapo attractif sur votre site. Appliquez la d\u00e9mo d'Elfsight et g\u00e9n\u00e9rez votre widget en 2 minutes.","og_url":"https:\/\/elfsight.com\/fr\/slider-widget\/jimdo\/","og_site_name":"Elfsight FR","article_modified_time":"2025-07-10T13:25:13+00:00","twitter_card":"summary_large_image","twitter_misc":{"Dur\u00e9e de lecture estim\u00e9e":"1 minute"},"schema":{"@context":"https:\/\/schema.org","@graph":[{"@type":"WebPage","@id":"https:\/\/elfsight.com\/fr\/slider-widget\/jimdo\/","url":"https:\/\/elfsight.com\/fr\/slider-widget\/jimdo\/","name":"Diapo - ajoutez plugin Diaporama sur Jimdo","isPartOf":{"@id":"https:\/\/elfsight.com\/fr\/#website"},"datePublished":"2021-12-03T09:01:12+00:00","dateModified":"2025-07-10T13:25:13+00:00","description":"Int\u00e9grez un Diapo attractif sur votre site. Appliquez la d\u00e9mo d'Elfsight et g\u00e9n\u00e9rez votre widget en 2 minutes.","breadcrumb":{"@id":"https:\/\/elfsight.com\/fr\/slider-widget\/jimdo\/#breadcrumb"},"inLanguage":"fr-FR","potentialAction":[{"@type":"ReadAction","target":["https:\/\/elfsight.com\/fr\/slider-widget\/jimdo\/"]}]},{"@type":"BreadcrumbList","@id":"https:\/\/elfsight.com\/fr\/slider-widget\/jimdo\/#breadcrumb","itemListElement":[{"@type":"ListItem","position":1,"name":"Home","item":"https:\/\/elfsight.com\/fr\/"},{"@type":"ListItem","position":2,"name":"Slider","item":"https:\/\/elfsight.com\/fr\/slider-widget\/"},{"@type":"ListItem","position":3,"name":"Slider &#8211; Jimdo"}]},{"@type":"WebSite","@id":"https:\/\/elfsight.com\/fr\/#website","url":"https:\/\/elfsight.com\/fr\/","name":"Elfsight FR","description":"","potentialAction":[{"@type":"SearchAction","target":{"@type":"EntryPoint","urlTemplate":"https:\/\/elfsight.com\/fr\/?s={search_term_string}"},"query-input":{"@type":"PropertyValueSpecification","valueRequired":true,"valueName":"search_term_string"}}],"inLanguage":"fr-FR"}]}},"meta_box":{"industry":"","seo_heading":"","heading":"","description":"","cta_heading":"","cta_description":"","application":"1525","h1":"Plugin Diapo pour Jimdo","h1_caption":"Ajoutez un curseur d'image ou de contenu \u00e0 votre site Web pour pr\u00e9senter sans effort des visuels, des promotions ou du contenu cl\u00e9 de mani\u00e8re dynamique sur votre site Web Jimdo.","application_category":[],"applications_title":"","applications_request_title":"","applications_request_button_text":"","hero_text":"","hero_video":"","hero_video_schema_markup":"","selling_points_title":"","selling_points_caption":"","selling_points":[],"selling_points_cta_text":"","features_title":"","features":"","ed_cta_examples_text":"","ed_cta_examples_hidden":"","ed_cta_demo_text":"","ed_cta_demo_hidden":"","why_caption":"","why_editor_title":"","why_editor_text":"","why_team_title":"","why_team_text":"","why_service_title":"","why_service_text":"","template_catalog_visible":"","template_catalog_title":"","template_catalog_text":"","template_catalog_categories_visible":"","demo_title":"Cr\u00e9ez votre widget Slider","demo_caption":"Configurez votre Slider et ajoutez-le gratuitement \u00e0 votre site Jimdo !","default_faq_hidden":"","app_template_category":[],"platform":"372","template_public_id":"","codecanyon_url":"","codecanyon_item_id":"","codecanyon_price":"","pricing_caption":"","pricing_elfsight_apps_hide_column":"","pricing_elfsight_apps_url":"","pricing_codecanyon_price_caption":"","integration_category":[],"integration_request_title":"","integration_request_cta":"","integration_platform":"","integrations":[],"platform_category":[],"video_schema_markup":"","price":"\u00c0 partir de $0\/mois","trial":"","benefits":[{"text":"Installation gratuite"},{"text":"Support Premium"},{"text":"Garantie de remboursement de 14 jours"},{"text":"L'am\u00e9lioration continue"}],"button_url":"#demo","button_target_blank":"0","button_nofollow":"0","attributes":[{"name":"Nombre d'installations","content":"1,000 - 5,000","_state":"expanded"},{"name":"Adaptif","content":"Oui","_state":"expanded"},{"name":"Navigateurs compatibles","content":"Firefox, Safari, Opera, Chrome, Edge","_state":"expanded"}],"tags":[],"tags_disable_links":"0","hide_more_platforms":"","video_object":"","demo_hide_cta":"0","demo_hide_cloud_options":"0","pricing_title":"","pricing":[{"pricing_icon":"platform","pricing_title":"Applications d'Elfsight","pricing_title_caption":"Solution num\u00e9rique multiplateforme qui fonctionne sur n'importe quel site","pricing_price":"\u00c0 partir de $0\/mois","pricing_price_caption":"Commencez avec un plan gratuit","pricing_benefits":[{"text":"Sites Web illimit\u00e9s"},{"text":"\u00c9quipe d'assistance professionnelle"},{"text":"Service d'installation gratuit"},{"text":"100% personnalisable"}],"pricing_button_text":"Ajouter au site Web","pricing_button_url":"https:\/\/apps.elfsight.com\/sign-up\/","pricing_button_nofollow":"1","_state":"expanded"}],"related_apps_title":"","related_apps_hidden":"1","author":"","image":[],"title":"","job":"","social_networks":[]},"_links":{"self":[{"href":"https:\/\/elfsight.com\/fr\/wp-json\/wp\/v2\/pages\/5923","targetHints":{"allow":["GET"]}}],"collection":[{"href":"https:\/\/elfsight.com\/fr\/wp-json\/wp\/v2\/pages"}],"about":[{"href":"https:\/\/elfsight.com\/fr\/wp-json\/wp\/v2\/types\/page"}],"author":[{"embeddable":true,"href":"https:\/\/elfsight.com\/fr\/wp-json\/wp\/v2\/users\/18"}],"replies":[{"embeddable":true,"href":"https:\/\/elfsight.com\/fr\/wp-json\/wp\/v2\/comments?post=5923"}],"version-history":[{"count":2,"href":"https:\/\/elfsight.com\/fr\/wp-json\/wp\/v2\/pages\/5923\/revisions"}],"predecessor-version":[{"id":15163,"href":"https:\/\/elfsight.com\/fr\/wp-json\/wp\/v2\/pages\/5923\/revisions\/15163"}],"up":[{"embeddable":true,"href":"https:\/\/elfsight.com\/fr\/wp-json\/wp\/v2\/pages\/1532"}],"wp:attachment":[{"href":"https:\/\/elfsight.com\/fr\/wp-json\/wp\/v2\/media?parent=5923"}],"curies":[{"name":"wp","href":"https:\/\/api.w.org\/{rel}","templated":true}]}}