{"id":5921,"date":"2021-12-03T09:01:16","date_gmt":"2021-12-03T09:01:16","guid":{"rendered":"https:\/\/elfsight.com\/fr\/?page_id=5921"},"modified":"2025-01-10T13:11:50","modified_gmt":"2025-01-10T13:11:50","slug":"iframe","status":"publish","type":"page","link":"https:\/\/elfsight.com\/fr\/slider-widget\/iframe\/","title":{"rendered":"Slider &#8211; iFrame"},"content":{"rendered":"\n<div class=\"application-platform-content-item-description application-platform-content-item\" id=\"description\" data-nav-section=\"description\"><h2>Int\u00e9grer Slider sur iFrame avec le widget Elfsight<\/h2> <p>Elfsight Photo &amp; Image Slider est un outil simple qui vous permet d&rsquo;attirer l&rsquo;attention des utilisateurs en exposant plusieurs images, vid\u00e9os ou les meilleures offres sur votre site. Utilisez le nombre de diapositives n\u00e9cessaire pour pr\u00e9senter vos produits et mettre en \u00e9vidence les offres int\u00e9ressantes. Ajoutez des effets visuels et redimensionnez la taille de l\u2019image\/vid\u00e9o selon vos besoins. Gr\u00e2ce \u00e0 notre outil, vous pourrez cr\u00e9er un curseur remarquable qui captera l&rsquo;attention des utilisateurs et ne les laissera pas quitter votre page Web pr\u00e9cipitamment.<\/p><\/div><div class=\"application-platform-content-item-features application-platform-content-item\" id=\"features\" data-nav-section=\"features\"><h2>Principales fonctionnalit\u00e9s du widget Slider<\/h2><p>Voir toutes les caract\u00e9ristiques fonctionnelles du produit. Vous pouvez les ajuster directement dans l&rsquo;\u00e9diteur et ils vous aideront \u00e0 cr\u00e9er le widget adapt\u00e9 \u00e0 votre cas.<\/p><ul><li>Ajoutez des boutons CTA pour guider votre audience vers la conversion.<\/li><li>Modifier la diapositive dur\u00e9e de commutation.<\/li><li>Choisissez entre les options de pagination.<\/li><li>Placez votre contenu n&rsquo;importe o\u00f9 sur la page gr\u00e2ce \u00e0 la position avanc\u00e9e.<\/li><li>Adaptez cinq options de contenu.<\/li><li>Adaptez cinq options de contenu.<\/li><\/ul><p><a href=\"#demo\">D\u00e9couvrez comment fonctionnent toutes les fonctionnalit\u00e9s, dans notre d\u00e9mo<\/a><\/p><\/div><div class=\"application-platform-content-item-installation application-platform-content-item\" id=\"installation\" data-nav-section=\"installation\"><h2>Comment int\u00e9grer Image Slider sur mon site Web iFrame\u00a0?<\/h2><p>Pour int\u00e9grer le produit, appliquez les instructions ci-dessous.<\/p><ol><li><b>Cr\u00e9ez votre plugin Photo Slider sur mesure<\/b><br> Gr\u00e2ce \u00e0 notre \u00e9diteur gratuit, configurez un plugin avec une apparence et des fonctionnalit\u00e9s pr\u00e9f\u00e9r\u00e9es.<\/li><li><b>Obtenez le code HTML individuel pour publier le plugin<\/b><br> Apr\u00e8s avoir configur\u00e9 votre widget, vous obtiendrez le code d&rsquo;installation \u00e0 partir de la notification apparue sur Elfsight Apps. Copiez-le pour une utilisation ult\u00e9rieure.<\/li> <li><b>Ajoutez le plugin sur votre site iFrame<\/b><br> Choisissez l&rsquo;endroit o\u00f9 vous pr\u00e9voyez d&rsquo;int\u00e9grer le plugin et collez-y le code HTML enregistr\u00e9. Publiez les modifications.<\/li> <li><b>Termin\u00e9\u00a0! <\/b><br> Entrez votre page Web pour afficher votre plugin. <\/li> <\/ol><p>Vous \u00eates invit\u00e9s \u00e0 vous adresser au support client lorsque vous avez besoin d&rsquo;aide ou si vous avez des questions. Nous serons heureux de r\u00e9pondre \u00e0 chaque demande.<\/p><div class=\"faq\" data-component=\"FAQ\"><div class=\"faq-item\">\r\n\t\t\t\t\t<div class=\"faq-item-question\">\r\n\t\t\t\t\t\t<h3 class=\"faq-item-question-text\">Comment puis-je int\u00e9grer Slider \u00e0 mon site Web iFrame sans connaissances en codage ?<\/h3>\r\n\r\n\t\t\t\t\t\t<div class=\"faq-item-question-icon\"><\/div>\r\n\t\t\t\t\t<\/div>\r\n\r\n\t\t\t\t\t<div class=\"faq-item-answer\">\r\n\t\t\t\t\t\t<div class=\"faq-item-answer-text\"> <p>Elfsight fournit une solution qui permet aux utilisateurs de cr\u00e9er un Slider. widget vous-m\u00eame, consultez les instructions simples\u00a0: Acc\u00e9dez \u00e0 l&rsquo;\u00e9diteur en direct pour g\u00e9n\u00e9rer un plugin Slider que vous souhaitez voir appara\u00eetre sur votre site Web iFrame. S\u00e9lectionnez l&rsquo;un des mod\u00e8les pr\u00e9d\u00e9finis et adaptez les param\u00e8tres du Slider, mettez \u00e0 jour votre contenu, changez la disposition et la couleur des \u00e9l\u00e9ments sans codage. Enregistrez les param\u00e8tres que vous avez d\u00e9finis sur Slider et copiez le code d&rsquo;installation du widget, que vous pouvez facilement inclure dans la page Web iFrame sans avoir besoin d&rsquo;acheter une version payante. \u00c0 l&rsquo;aide du configurateur convivial, tout utilisateur Web peut cr\u00e9er une application Slider et la coller sans effort sur le site Web iFrame. Il n&rsquo;est pas n\u00e9cessaire de payer ou de saisir les informations d&rsquo;identification de votre carte pour acc\u00e9der \u00e0 notre \u00e9diteur. Si vous rencontrez des probl\u00e8mes de quelque nature que ce soit, n&rsquo;h\u00e9sitez pas \u00e0 parler \u00e0 notre \u00e9quipe d&rsquo;assistance technique.<\/p> <\/div>\r\n\t\t\t\t\t<\/div>\r\n\t\t\t\t<\/div> <\/div><\/div>\n","protected":false},"excerpt":{"rendered":"","protected":false},"author":18,"featured_media":0,"parent":1532,"menu_order":0,"comment_status":"closed","ping_status":"closed","template":"templates\/template-application-platform.php","meta":{"publish_to_discourse":"","publish_post_category":"","wpdc_auto_publish_overridden":"","wpdc_topic_tags":"","wpdc_pin_topic":"","wpdc_pin_until":"","discourse_post_id":"","discourse_permalink":"","wpdc_publishing_response":"","wpdc_publishing_error":"","footnotes":""},"class_list":["post-5921","page","type-page","status-publish","hentry"],"yoast_head":"<!-- This site is optimized with the Yoast SEO plugin v25.3.1 - https:\/\/yoast.com\/wordpress\/plugins\/seo\/ -->\n<title>Diapo - ajoutez widget Diaporama sur iFrame<\/title>\n<meta name=\"description\" content=\"Int\u00e9grez un Diapo avantageux sur votre site. Appliquez la d\u00e9mo d&#039;Elfsight et g\u00e9n\u00e9rez votre widget en quelques minutes.\" \/>\n<meta name=\"robots\" content=\"index, follow, max-snippet:-1, max-image-preview:large, max-video-preview:-1\" \/>\n<link rel=\"canonical\" href=\"https:\/\/elfsight.com\/fr\/slider-widget\/iframe\/\" \/>\n<meta property=\"og:locale\" content=\"fr_FR\" \/>\n<meta property=\"og:type\" content=\"article\" \/>\n<meta property=\"og:title\" content=\"Diapo - ajoutez widget Diaporama sur iFrame\" \/>\n<meta property=\"og:description\" content=\"Int\u00e9grez un Diapo avantageux sur votre site. Appliquez la d\u00e9mo d&#039;Elfsight et g\u00e9n\u00e9rez votre widget en quelques minutes.\" \/>\n<meta property=\"og:url\" content=\"https:\/\/elfsight.com\/fr\/slider-widget\/iframe\/\" \/>\n<meta property=\"og:site_name\" content=\"Elfsight FR\" \/>\n<meta property=\"article:modified_time\" content=\"2025-01-10T13:11:50+00:00\" \/>\n<meta name=\"twitter:card\" content=\"summary_large_image\" \/>\n<meta name=\"twitter:label1\" content=\"Dur\u00e9e de lecture estim\u00e9e\" \/>\n\t<meta name=\"twitter:data1\" content=\"3 minutes\" \/>\n<!-- \/ Yoast SEO plugin. -->","yoast_head_json":{"title":"Diapo - ajoutez widget Diaporama sur iFrame","description":"Int\u00e9grez un Diapo avantageux sur votre site. Appliquez la d\u00e9mo d'Elfsight et g\u00e9n\u00e9rez votre widget en quelques minutes.","robots":{"index":"index","follow":"follow","max-snippet":"max-snippet:-1","max-image-preview":"max-image-preview:large","max-video-preview":"max-video-preview:-1"},"canonical":"https:\/\/elfsight.com\/fr\/slider-widget\/iframe\/","og_locale":"fr_FR","og_type":"article","og_title":"Diapo - ajoutez widget Diaporama sur iFrame","og_description":"Int\u00e9grez un Diapo avantageux sur votre site. Appliquez la d\u00e9mo d'Elfsight et g\u00e9n\u00e9rez votre widget en quelques minutes.","og_url":"https:\/\/elfsight.com\/fr\/slider-widget\/iframe\/","og_site_name":"Elfsight FR","article_modified_time":"2025-01-10T13:11:50+00:00","twitter_card":"summary_large_image","twitter_misc":{"Dur\u00e9e de lecture estim\u00e9e":"3 minutes"},"schema":{"@context":"https:\/\/schema.org","@graph":[{"@type":"WebPage","@id":"https:\/\/elfsight.com\/fr\/slider-widget\/iframe\/","url":"https:\/\/elfsight.com\/fr\/slider-widget\/iframe\/","name":"Diapo - ajoutez widget Diaporama sur iFrame","isPartOf":{"@id":"https:\/\/elfsight.com\/fr\/#website"},"datePublished":"2021-12-03T09:01:16+00:00","dateModified":"2025-01-10T13:11:50+00:00","description":"Int\u00e9grez un Diapo avantageux sur votre site. Appliquez la d\u00e9mo d'Elfsight et g\u00e9n\u00e9rez votre widget en quelques minutes.","breadcrumb":{"@id":"https:\/\/elfsight.com\/fr\/slider-widget\/iframe\/#breadcrumb"},"inLanguage":"fr-FR","potentialAction":[{"@type":"ReadAction","target":["https:\/\/elfsight.com\/fr\/slider-widget\/iframe\/"]}]},{"@type":"BreadcrumbList","@id":"https:\/\/elfsight.com\/fr\/slider-widget\/iframe\/#breadcrumb","itemListElement":[{"@type":"ListItem","position":1,"name":"Home","item":"https:\/\/elfsight.com\/fr\/"},{"@type":"ListItem","position":2,"name":"Slider","item":"https:\/\/elfsight.com\/fr\/slider-widget\/"},{"@type":"ListItem","position":3,"name":"Slider &#8211; iFrame"}]},{"@type":"WebSite","@id":"https:\/\/elfsight.com\/fr\/#website","url":"https:\/\/elfsight.com\/fr\/","name":"Elfsight FR","description":"","potentialAction":[{"@type":"SearchAction","target":{"@type":"EntryPoint","urlTemplate":"https:\/\/elfsight.com\/fr\/?s={search_term_string}"},"query-input":{"@type":"PropertyValueSpecification","valueRequired":true,"valueName":"search_term_string"}}],"inLanguage":"fr-FR"}]}},"meta_box":{"industry":"","seo_heading":"","heading":"","description":"","cta_heading":"","cta_description":"","application":"1525","h1":"Widget Diapo pour iFrame","h1_caption":"Ajoutez un curseur d'image ou de contenu \u00e0 votre site Web pour pr\u00e9senter sans effort des visuels, des promotions ou du contenu cl\u00e9 de mani\u00e8re dynamique sur votre site Web iFrame.","application_category":[],"applications_title":"","applications_request_title":"","applications_request_button_text":"","hero_text":"","hero_video":"","hero_video_schema_markup":"","selling_points_title":"","selling_points_caption":"","selling_points":[],"selling_points_cta_text":"","features_title":"","features":"","ed_cta_examples_text":"","ed_cta_examples_hidden":"","ed_cta_demo_text":"","ed_cta_demo_hidden":"","why_caption":"","why_editor_title":"","why_editor_text":"","why_team_title":"","why_team_text":"","why_service_title":"","why_service_text":"","template_catalog_visible":"0","template_catalog_title":"","template_catalog_text":"","template_catalog_categories_visible":"","demo_title":"Cr\u00e9ez votre widget Slider","demo_caption":"Configurez votre Slider et ajoutez-le \u00e0 votre site Web iFrame gratuitement\u00a0!","default_faq_hidden":"","app_template_category":[],"platform":"371","template_public_id":"","codecanyon_url":"","codecanyon_item_id":"","codecanyon_price":"","pricing_caption":"","pricing_elfsight_apps_hide_column":"","pricing_elfsight_apps_url":"","pricing_codecanyon_price_caption":"","integration_category":[],"integration_request_title":"","integration_request_cta":"","integration_platform":"","integrations":[],"platform_category":[],"video_schema_markup":"","price":"\u00c0 partir de $0\/mois","trial":"","benefits":[{"text":"Installation gratuite"},{"text":"Support Premium"},{"text":"Garantie de remboursement de 14 jours"},{"text":"L'am\u00e9lioration continue"}],"button_url":"#demo","button_target_blank":"0","button_nofollow":"0","attributes":[{"name":"Nombre d'installations","content":"1,000 - 5,000","_state":"expanded"},{"name":"Adaptif","content":"Oui","_state":"expanded"},{"name":"Navigateurs compatibles","content":"Firefox, Safari, Opera, Chrome, Edge","_state":"expanded"}],"tags":[],"tags_disable_links":"0","hide_more_platforms":"","video_object":"","demo_hide_cta":"0","demo_hide_cloud_options":"0","pricing_title":"","pricing":[{"pricing_icon":"platform","pricing_title":"Applications d'Elfsight","pricing_title_caption":"Solution num\u00e9rique multiplateforme qui fonctionne sur n'importe quel site","pricing_price":"\u00c0 partir de $0\/mois","pricing_price_caption":"Commencez avec un plan gratuit","pricing_benefits":[{"text":"Sites Web illimit\u00e9s"},{"text":"\u00c9quipe d'assistance professionnelle"},{"text":"Service d'installation gratuit"},{"text":"100% personnalisable"}],"pricing_button_text":"Ajouter au site Web","pricing_button_url":"https:\/\/apps.elfsight.com\/sign-up\/","pricing_button_nofollow":"1","_state":"expanded"}],"related_apps_title":"","related_apps_hidden":"1","author":"","image":[],"title":"","job":"","social_networks":[]},"_links":{"self":[{"href":"https:\/\/elfsight.com\/fr\/wp-json\/wp\/v2\/pages\/5921","targetHints":{"allow":["GET"]}}],"collection":[{"href":"https:\/\/elfsight.com\/fr\/wp-json\/wp\/v2\/pages"}],"about":[{"href":"https:\/\/elfsight.com\/fr\/wp-json\/wp\/v2\/types\/page"}],"author":[{"embeddable":true,"href":"https:\/\/elfsight.com\/fr\/wp-json\/wp\/v2\/users\/18"}],"replies":[{"embeddable":true,"href":"https:\/\/elfsight.com\/fr\/wp-json\/wp\/v2\/comments?post=5921"}],"version-history":[{"count":3,"href":"https:\/\/elfsight.com\/fr\/wp-json\/wp\/v2\/pages\/5921\/revisions"}],"predecessor-version":[{"id":16129,"href":"https:\/\/elfsight.com\/fr\/wp-json\/wp\/v2\/pages\/5921\/revisions\/16129"}],"up":[{"embeddable":true,"href":"https:\/\/elfsight.com\/fr\/wp-json\/wp\/v2\/pages\/1532"}],"wp:attachment":[{"href":"https:\/\/elfsight.com\/fr\/wp-json\/wp\/v2\/media?parent=5921"}],"curies":[{"name":"wp","href":"https:\/\/api.w.org\/{rel}","templated":true}]}}