{"id":5913,"date":"2021-12-03T09:01:30","date_gmt":"2021-12-03T09:01:30","guid":{"rendered":"https:\/\/elfsight.com\/fr\/?page_id=5913"},"modified":"2025-07-10T13:24:46","modified_gmt":"2025-07-10T13:24:46","slug":"facebook","status":"publish","type":"page","link":"https:\/\/elfsight.com\/fr\/slider-widget\/facebook\/","title":{"rendered":"Slider &#8211; Facebook Page"},"content":{"rendered":"<div class=\"application-platform-content-item-description application-platform-content-item\" id=\"description\" data-nav-section=\"description\"><h2>Description<\/h2>Elfsight Image and Video Slider est un instrument simple vous permettant d&rsquo;attirer l&rsquo;attention des utilisateurs en pr\u00e9sentant plusieurs images, vid\u00e9os ou les meilleurs offres sur votre page. Utilisez n&rsquo;importe quel nombre de diapositives, ce qui est essentiel pour montrer vos produits et mettre en \u00e9vidence les offres int\u00e9ressantes. Ajoutez des effets visuels et modifiez la taille de l&rsquo;image\/vid\u00e9o selon vos besoins. Gr\u00e2ce \u00e0 notre outil, vous r\u00e9ussirez \u00e0 cr\u00e9er un curseur bien marqu\u00e9 qui attirera l&rsquo;attention des visiteurs de la page et ne les laissera pas quitter votre page pr\u00e9cipitamment.<p><b>Cr\u00e9ez un curseur pour n&rsquo;importe quel objectif en quelques secondes\u00a0!<\/b><\/p><\/div><div class=\"faq\" data-component=\"FAQ\"><div class=\"faq-item\">\r\n\t\t\t\t\t<div class=\"faq-item-question\">\r\n\t\t\t\t\t\t<h3 class=\"faq-item-question-text\">De quelle mani\u00e8re puis-je int\u00e9grer un Slider au site Web Facebook ? <\/h3>\r\n\r\n\t\t\t\t\t\t<div class=\"faq-item-question-icon\"><\/div>\r\n\t\t\t\t\t<\/div>\r\n\r\n\t\t\t\t\t<div class=\"faq-item-answer\">\r\n\t\t\t\t\t\t<div class=\"faq-item-answer-text\"><p>La construction de l&rsquo;outil est effectu\u00e9 sur le site Web Elfsight et vous n\u2019avez pas besoin de coder. Utilisez la d\u00e9mo en direct pour cr\u00e9er votre outil personnel, acqu\u00e9rir le code et l&rsquo;ins\u00e9rer sur votre site Web. <\/p><\/div>\r\n\t\t\t\t\t<\/div>\r\n\t\t\t\t<\/div><div class=\"faq-item\">\r\n\t\t\t\t\t<div class=\"faq-item-question\">\r\n\t\t\t\t\t\t<h3 class=\"faq-item-question-text\">Les meilleures fa\u00e7ons d'utiliser l'int\u00e9gration des curseurs d'images et de vid\u00e9os<\/h3>\r\n\r\n\t\t\t\t\t\t<div class=\"faq-item-question-icon\"><\/div>\r\n\t\t\t\t\t<\/div>\r\n\r\n\t\t\t\t\t<div class=\"faq-item-answer\">\r\n\t\t\t\t\t\t<div class=\"faq-item-answer-text\"><p>Nous disposons d&rsquo;un large \u00e9ventail de possibilit\u00e9s d&rsquo;ajustement\u00a0: des widgets \u00e0 grande \u00e9chelle \u00e0 int\u00e9grer dans la zone de contenu, les widgets flottants avec fonction de d\u00e9filement, les dispositions pour le pied de page, l&rsquo;en-t\u00eate et toutes sortes d&rsquo;options verticales pour les barres lat\u00e9rales et les menus. <\/p><\/div>\r\n\t\t\t\t\t<\/div>\r\n\t\t\t\t<\/div><div class=\"faq-item\">\r\n\t\t\t\t\t<div class=\"faq-item-question\">\r\n\t\t\t\t\t\t<h3 class=\"faq-item-question-text\">Puis-je cr\u00e9er un curseur de galerie d'articles ou de salle de sport \u00e0 l'aide de l'\u00e9diteur ? <\/h3>\r\n\r\n\t\t\t\t\t\t<div class=\"faq-item-question-icon\"><\/div>\r\n\t\t\t\t\t<\/div>\r\n\r\n\t\t\t\t\t<div class=\"faq-item-answer\">\r\n\t\t\t\t\t\t<div class=\"faq-item-answer-text\"><p>Vous \u00eates libre de cr\u00e9er les modifications de n&rsquo;importe quel widget. Il existe une multitude de mises en page disponibles dans l&rsquo;\u00e9diteur, et toutes peuvent \u00eatre facilement ajust\u00e9es selon vos besoins. <\/p><\/div>\r\n\t\t\t\t\t<\/div>\r\n\t\t\t\t<\/div><\/div> <div class=\"application-platform-content-item-features application-platform-content-item\" id=\"features\" data-nav-section=\"features\"><h2>Fonctionnalit\u00e9s<\/h2><p>Voici une liste de toutes les fonctionnalit\u00e9s d&rsquo;Image &amp; Curseur vid\u00e9o. Vous pouvez les ajuster directement dans l&rsquo;\u00e9diteur et ils vous aideront \u00e0 fa\u00e7onner le widget le plus adapt\u00e9 \u00e0 vos besoins.<\/p><ul><li>Utilisez les CTA pour guider votre audience vers votre objectif\u00a0;<\/li><li>Modifier dur\u00e9e de changement de diapositive\u00a0;<\/li><li>Choisissez entre les options de pagination\u00a0;<\/li><li>Placez votre contenu o\u00f9 vous le souhaitez sur la page gr\u00e2ce \u00e0 la position avanc\u00e9e\u00a0;<\/li><li>Modifiez cinq fonctions de contenu .<\/li><\/ul><p><a href=\"#demo\">V\u00e9rifiez le fonctionnement de toutes les fonctionnalit\u00e9s dans notre d\u00e9mo<\/a><\/p><\/div> <div class=\"application-platform-content-item-installation application-platform-content-item\" id=\"installation\" data-nav-section=\"installation\"><h2>Comment ajouter un slider vid\u00e9o et image \u00e0 une page d&rsquo;entreprise Facebook\u00a0?<\/h2><p>Pour int\u00e9grer le widget, suivez les instructions ci-dessous<\/p><ul><li><b>G\u00e9n\u00e9rez votre slider unique<\/b><br>Gr\u00e2ce \u00e0 notre configurateur gratuit, obtenez un plugin avec une composition et des fonctionnalit\u00e9s personnalis\u00e9es. <\/li><li><b>Acqu\u00e9rir votre code individuel pour installer le plugin<\/b><br>Apr\u00e8s avoir d\u00e9fini votre widget, vous obtiendrez le code individuel dans la fen\u00eatre apparue sur Elfsight Apps. Copiez ce code. <\/li><li><b>Ajoutez le widget Slider \u00e0 la page Facebook<\/b><br> Cr\u00e9ez votre onglet Facebook personnalis\u00e9. Ins\u00e9rez le code que vous avez re\u00e7u sur les applications elfsight dans l&rsquo;onglet. Si vous rencontrez des probl\u00e8mes, consultez simplement notre guide sur <a href=\"https:\/\/elfsight.com\/blog\/how-to-add-custom-tab-to-facebook-page\/\" target=\"_blank\" rel=\"noopener noreferrer\">cr\u00e9ation d&rsquo;un onglet Facebook personnalis\u00e9<\/a><\/li><li><b>F\u00e9licitations\u00a0! Vous venez d&rsquo;int\u00e9grer le widget ! <\/b><br>Visitez la page pour v\u00e9rifier votre widget. <\/li><\/ul><p>Prenez une minute pour vous adresser \u00e0 notre service client au cas o\u00f9 vous auriez besoin de conseils ou si vous avez quelque chose \u00e0 demander. Nous serons heureux de r\u00e9pondre \u00e0 chaque demande.<\/p><\/div>","protected":false},"excerpt":{"rendered":"","protected":false},"author":18,"featured_media":0,"parent":1532,"menu_order":0,"comment_status":"closed","ping_status":"closed","template":"templates\/template-application-platform.php","meta":{"publish_to_discourse":"","publish_post_category":"","wpdc_auto_publish_overridden":"","wpdc_topic_tags":"","wpdc_pin_topic":"","wpdc_pin_until":"","discourse_post_id":"","discourse_permalink":"","wpdc_publishing_response":"","wpdc_publishing_error":"","footnotes":""},"class_list":["post-5913","page","type-page","status-publish","hentry"],"yoast_head":"<!-- This site is optimized with the Yoast SEO plugin v25.3.1 - https:\/\/yoast.com\/wordpress\/plugins\/seo\/ -->\n<title>Diapo - ajoutez widget Diaporama sur Facebook Page<\/title>\n<meta name=\"description\" content=\"Int\u00e9grez un Diapo attractif sur votre site. Utilisez la d\u00e9mo d&#039;Elfsight et g\u00e9n\u00e9rez votre widget en quelques minutes.\" \/>\n<meta name=\"robots\" content=\"index, follow, max-snippet:-1, max-image-preview:large, max-video-preview:-1\" \/>\n<link rel=\"canonical\" href=\"https:\/\/elfsight.com\/fr\/slider-widget\/facebook\/\" \/>\n<meta property=\"og:locale\" content=\"fr_FR\" \/>\n<meta property=\"og:type\" content=\"article\" \/>\n<meta property=\"og:title\" content=\"Diapo - ajoutez widget Diaporama sur Facebook Page\" \/>\n<meta property=\"og:description\" content=\"Int\u00e9grez un Diapo attractif sur votre site. Utilisez la d\u00e9mo d&#039;Elfsight et g\u00e9n\u00e9rez votre widget en quelques minutes.\" \/>\n<meta property=\"og:url\" content=\"https:\/\/elfsight.com\/fr\/slider-widget\/facebook\/\" \/>\n<meta property=\"og:site_name\" content=\"Elfsight FR\" \/>\n<meta property=\"article:modified_time\" content=\"2025-07-10T13:24:46+00:00\" \/>\n<meta name=\"twitter:card\" content=\"summary_large_image\" \/>\n<meta name=\"twitter:label1\" content=\"Dur\u00e9e de lecture estim\u00e9e\" \/>\n\t<meta name=\"twitter:data1\" content=\"1 minute\" \/>\n<!-- \/ Yoast SEO plugin. -->","yoast_head_json":{"title":"Diapo - ajoutez widget Diaporama sur Facebook Page","description":"Int\u00e9grez un Diapo attractif sur votre site. Utilisez la d\u00e9mo d'Elfsight et g\u00e9n\u00e9rez votre widget en quelques minutes.","robots":{"index":"index","follow":"follow","max-snippet":"max-snippet:-1","max-image-preview":"max-image-preview:large","max-video-preview":"max-video-preview:-1"},"canonical":"https:\/\/elfsight.com\/fr\/slider-widget\/facebook\/","og_locale":"fr_FR","og_type":"article","og_title":"Diapo - ajoutez widget Diaporama sur Facebook Page","og_description":"Int\u00e9grez un Diapo attractif sur votre site. Utilisez la d\u00e9mo d'Elfsight et g\u00e9n\u00e9rez votre widget en quelques minutes.","og_url":"https:\/\/elfsight.com\/fr\/slider-widget\/facebook\/","og_site_name":"Elfsight FR","article_modified_time":"2025-07-10T13:24:46+00:00","twitter_card":"summary_large_image","twitter_misc":{"Dur\u00e9e de lecture estim\u00e9e":"1 minute"},"schema":{"@context":"https:\/\/schema.org","@graph":[{"@type":"WebPage","@id":"https:\/\/elfsight.com\/fr\/slider-widget\/facebook\/","url":"https:\/\/elfsight.com\/fr\/slider-widget\/facebook\/","name":"Diapo - ajoutez widget Diaporama sur Facebook Page","isPartOf":{"@id":"https:\/\/elfsight.com\/fr\/#website"},"datePublished":"2021-12-03T09:01:30+00:00","dateModified":"2025-07-10T13:24:46+00:00","description":"Int\u00e9grez un Diapo attractif sur votre site. Utilisez la d\u00e9mo d'Elfsight et g\u00e9n\u00e9rez votre widget en quelques minutes.","breadcrumb":{"@id":"https:\/\/elfsight.com\/fr\/slider-widget\/facebook\/#breadcrumb"},"inLanguage":"fr-FR","potentialAction":[{"@type":"ReadAction","target":["https:\/\/elfsight.com\/fr\/slider-widget\/facebook\/"]}]},{"@type":"BreadcrumbList","@id":"https:\/\/elfsight.com\/fr\/slider-widget\/facebook\/#breadcrumb","itemListElement":[{"@type":"ListItem","position":1,"name":"Home","item":"https:\/\/elfsight.com\/fr\/"},{"@type":"ListItem","position":2,"name":"Slider","item":"https:\/\/elfsight.com\/fr\/slider-widget\/"},{"@type":"ListItem","position":3,"name":"Slider &#8211; Facebook Page"}]},{"@type":"WebSite","@id":"https:\/\/elfsight.com\/fr\/#website","url":"https:\/\/elfsight.com\/fr\/","name":"Elfsight FR","description":"","potentialAction":[{"@type":"SearchAction","target":{"@type":"EntryPoint","urlTemplate":"https:\/\/elfsight.com\/fr\/?s={search_term_string}"},"query-input":{"@type":"PropertyValueSpecification","valueRequired":true,"valueName":"search_term_string"}}],"inLanguage":"fr-FR"}]}},"meta_box":{"industry":"","seo_heading":"","heading":"","description":"","cta_heading":"","cta_description":"","application":"1525","h1":"Widget Diapo pour Facebook Page","h1_caption":"Ajoutez un curseur d'image ou de contenu \u00e0 votre site Web pour pr\u00e9senter sans effort des visuels, des promotions ou du contenu cl\u00e9 de mani\u00e8re dynamique sur votre site Web de page Facebook.","application_category":[],"applications_title":"","applications_request_title":"","applications_request_button_text":"","hero_text":"","hero_video":"","hero_video_schema_markup":"","selling_points_title":"","selling_points_caption":"","selling_points":[],"selling_points_cta_text":"","features_title":"","features":"","ed_cta_examples_text":"","ed_cta_examples_hidden":"","ed_cta_demo_text":"","ed_cta_demo_hidden":"","why_caption":"","why_editor_title":"","why_editor_text":"","why_team_title":"","why_team_text":"","why_service_title":"","why_service_text":"","template_catalog_visible":"","template_catalog_title":"","template_catalog_text":"","template_catalog_categories_visible":"","demo_title":"Cr\u00e9ez votre widget Slider","demo_caption":"Configurez votre Slider et ajoutez-le gratuitement \u00e0 votre page Facebook\u00a0!","default_faq_hidden":"","app_template_category":[],"platform":"394","template_public_id":"","codecanyon_url":"","codecanyon_item_id":"","codecanyon_price":"","pricing_caption":"","pricing_elfsight_apps_hide_column":"","pricing_elfsight_apps_url":"","pricing_codecanyon_price_caption":"","integration_category":[],"integration_request_title":"","integration_request_cta":"","integration_platform":"","integrations":[],"platform_category":[],"video_schema_markup":"","price":"\u00c0 partir de $0\/mois","trial":"","benefits":[{"text":"Installation gratuite"},{"text":"Support Premium"},{"text":"Garantie de remboursement de 14 jours"},{"text":"L'am\u00e9lioration continue"}],"button_url":"#demo","button_target_blank":"0","button_nofollow":"0","attributes":[{"name":"Nombre d'installations","content":"1,000 - 5,000","_state":"expanded"},{"name":"Adaptif","content":"Oui","_state":"expanded"},{"name":"Navigateurs compatibles","content":"Firefox, Safari, Opera, Chrome, Edge","_state":"expanded"}],"tags":[],"tags_disable_links":"0","hide_more_platforms":"","video_object":"","demo_hide_cta":"0","demo_hide_cloud_options":"0","pricing_title":"","pricing":[{"pricing_icon":"platform","pricing_title":"Applications d'Elfsight","pricing_title_caption":"Solution num\u00e9rique multiplateforme qui fonctionne sur n'importe quel site","pricing_price":"\u00c0 partir de $0\/mois","pricing_price_caption":"Commencez avec un plan gratuit","pricing_benefits":[{"text":"Sites Web illimit\u00e9s"},{"text":"\u00c9quipe d'assistance professionnelle"},{"text":"Service d'installation gratuit"},{"text":"100% personnalisable"}],"pricing_button_text":"Ajouter au site Web","pricing_button_url":"https:\/\/apps.elfsight.com\/sign-up\/","pricing_button_nofollow":"1","_state":"expanded"}],"related_apps_title":"","related_apps_hidden":"1","author":"","image":[],"title":"","job":"","social_networks":[]},"_links":{"self":[{"href":"https:\/\/elfsight.com\/fr\/wp-json\/wp\/v2\/pages\/5913","targetHints":{"allow":["GET"]}}],"collection":[{"href":"https:\/\/elfsight.com\/fr\/wp-json\/wp\/v2\/pages"}],"about":[{"href":"https:\/\/elfsight.com\/fr\/wp-json\/wp\/v2\/types\/page"}],"author":[{"embeddable":true,"href":"https:\/\/elfsight.com\/fr\/wp-json\/wp\/v2\/users\/18"}],"replies":[{"embeddable":true,"href":"https:\/\/elfsight.com\/fr\/wp-json\/wp\/v2\/comments?post=5913"}],"version-history":[{"count":2,"href":"https:\/\/elfsight.com\/fr\/wp-json\/wp\/v2\/pages\/5913\/revisions"}],"predecessor-version":[{"id":15168,"href":"https:\/\/elfsight.com\/fr\/wp-json\/wp\/v2\/pages\/5913\/revisions\/15168"}],"up":[{"embeddable":true,"href":"https:\/\/elfsight.com\/fr\/wp-json\/wp\/v2\/pages\/1532"}],"wp:attachment":[{"href":"https:\/\/elfsight.com\/fr\/wp-json\/wp\/v2\/media?parent=5913"}],"curies":[{"name":"wp","href":"https:\/\/api.w.org\/{rel}","templated":true}]}}