{"id":5911,"date":"2021-12-03T09:01:33","date_gmt":"2021-12-03T09:01:33","guid":{"rendered":"https:\/\/elfsight.com\/fr\/?page_id=5911"},"modified":"2025-07-10T13:24:41","modified_gmt":"2025-07-10T13:24:41","slug":"elementor","status":"publish","type":"page","link":"https:\/\/elfsight.com\/fr\/slider-widget\/elementor\/","title":{"rendered":"Slider &#8211; Elementor"},"content":{"rendered":"<div class=\"application-platform-content-item-description application-platform-content-item\" id=\"description\" data-nav-section=\"description\"><h2>Int\u00e9grer Slider sur Elementor avec le widget Elfsight<\/h2> <p>Elfsight Image Slider est un outil r\u00e9actif et simple qui vous permet d&rsquo;attirer l&rsquo;attention des utilisateurs en affichant diff\u00e9rentes images, vid\u00e9os ou les meilleures offres sur votre site Web. Utilisez n&rsquo;importe quel nombre de diapositives, ce qui est essentiel pour pr\u00e9senter votre marque et mettre en \u00e9vidence les bonnes affaires. Ajoutez des effets visuels et redimensionnez la taille de l\u2019image\/vid\u00e9o selon vos besoins. Gr\u00e2ce \u00e0 notre outil, vous pourrez cr\u00e9er un curseur saillant qui attirera l&rsquo;attention des visiteurs du site et ne les laissera pas quitter votre page Web trop t\u00f4t.<\/p><\/div><div class=\"faq\" data-component=\"FAQ\"> <div class=\"faq-item\">\r\n\t\t\t\t\t<div class=\"faq-item-question\">\r\n\t\t\t\t\t\t<h3 class=\"faq-item-question-text\">Comment puis-je int\u00e9grer un Slider \u00e0 mon site Elementor ?<\/h3>\r\n\r\n\t\t\t\t\t\t<div class=\"faq-item-question-icon\"><\/div>\r\n\t\t\t\t\t<\/div>\r\n\r\n\t\t\t\t\t<div class=\"faq-item-answer\">\r\n\t\t\t\t\t\t<div class=\"faq-item-answer-text\"><p>La cr\u00e9ation du widget se fait sur les pages Elfsight et vous n&rsquo;avez pas besoin de coder. Appliquez notre d\u00e9mo en direct pour fa\u00e7onner votre application, obtenez le code et ins\u00e9rez-le sur votre site Web. <\/p><\/div>\r\n\t\t\t\t\t<\/div>\r\n\t\t\t\t<\/div><div class=\"faq-item\">\r\n\t\t\t\t\t<div class=\"faq-item-question\">\r\n\t\t\t\t\t\t<h3 class=\"faq-item-question-text\">Les meilleures fa\u00e7ons d'utiliser l'int\u00e9gration d'Image Slider<\/h3>\r\n\r\n\t\t\t\t\t\t<div class=\"faq-item-question-icon\"><\/div>\r\n\t\t\t\t\t<\/div>\r\n\r\n\t\t\t\t\t<div class=\"faq-item-answer\">\r\n\t\t\t\t\t\t<div class=\"faq-item-answer-text\"><p>Nous vous proposerons une multitude d&rsquo;opportunit\u00e9s de personnalisation\u00a0: des widgets pleine taille \u00e0 impl\u00e9menter dans la section de contenu, des plugins flottants pour les opportunit\u00e9s de d\u00e9filement, des dispositions pour le pied de page, l&rsquo;en-t\u00eate et toutes sortes de possibilit\u00e9s verticales pour les barres lat\u00e9rales et les menus. <\/p><\/div>\r\n\t\t\t\t\t<\/div>\r\n\t\t\t\t<\/div><div class=\"faq-item\">\r\n\t\t\t\t\t<div class=\"faq-item-question\">\r\n\t\t\t\t\t\t<h3 class=\"faq-item-question-text\">Puis-je cr\u00e9er un curseur pleine largeur ou vid\u00e9o au moyen de l'\u00e9diteur ? <\/h3>\r\n\r\n\t\t\t\t\t\t<div class=\"faq-item-question-icon\"><\/div>\r\n\t\t\t\t\t<\/div>\r\n\r\n\t\t\t\t\t<div class=\"faq-item-answer\">\r\n\t\t\t\t\t\t<div class=\"faq-item-answer-text\"><p>Vous \u00eates invit\u00e9s \u00e0 cr\u00e9er les modifications de n&rsquo;importe quel widget. Il existe un large \u00e9ventail de mises en page disponibles dans l&rsquo;\u00e9diteur, et toutes peuvent \u00eatre facilement ajust\u00e9es selon vos besoins. <\/p><\/div>\r\n\t\t\t\t\t<\/div>\r\n\t\t\t\t<\/div><\/div><div class=\"application-platform-content-item-features application-platform-content-item\" id=\"features\" data-nav-section=\"features\"><h2>Principales fonctionnalit\u00e9s du widget Slider<\/h2><p>V\u00e9rifiez une liste de toutes les fonctions du produit. Ils sont disponibles directement dans l&rsquo;\u00e9diteur et vous aideront \u00e0 fa\u00e7onner le widget adapt\u00e9 \u00e0 votre cas d&rsquo;utilisation.<\/p><ul><li>Utilisez les CTA pour guider les visiteurs du site vers votre objectif.<\/li><li>Modifier la diapositive dur\u00e9e de commutation.<\/li><li>Choisissez entre de nombreuses fonctionnalit\u00e9s.<\/li><li>Placez le texte o\u00f9 vous le souhaitez sur la page gr\u00e2ce \u00e0 la position avanc\u00e9e.<\/li><li>Modifiez 5 options de contenu. .<\/li><\/ul><p>D\u00e9couvrez comment fonctionnent toutes les fonctionnalit\u00e9s dans notre d\u00e9mo<\/p><\/div><div class=\"application-platform-content-item-installation application-platform-content-item\" id=\"installation\" data-nav-section=\"installation\"><h2>Comment puis-je ajouter un curseur d&rsquo;image \u00e0 mon Elementor site\u00a0?<\/h2><div class=\"video-container\"><iframe width=\"720\" height=\"405\" src=\"https:\/\/www.youtube.com\/embed\/2y59r5MbcJg\" frameborder=\"0\" allowfullscreen=\"\"><\/iframe><\/div><p>Pour int\u00e9grer le produit, suivez simplement les instructions ci-dessous.<\/p><ol><li><b>Cr\u00e9ez votre propre plugin Photo Slider<\/b><br> En g\u00e9rant notre configurateur gratuit, configurez un plugin avec un look et des fonctions pr\u00e9f\u00e9rables. <\/li><li><b>Recevez le code individuel pour installer le plugin<\/b><br> Apr\u00e8s avoir configur\u00e9 votre widget, vous obtiendrez le code individuel dans la fen\u00eatre contextuelle d&rsquo;Elfsight Apps. Copiez le code. <\/li> <li><b>Int\u00e9grez le plugin sur votre site Web Elementor<\/b><br> D\u00e9finissez la zone sur laquelle vous devez r\u00e9v\u00e9ler le plugin et collez-y le code copi\u00e9. Appliquez les modifications. <\/li> <li><b>Fait\u00a0! <\/b><br> Acc\u00e9dez \u00e0 votre page pour afficher votre Slider. <\/li> <\/ol><p>Vous \u00eates invit\u00e9s \u00e0 contacter le service d&rsquo;assistance d&rsquo;Elfsight lorsque vous avez besoin d&rsquo;aide ou si vous avez quelque chose \u00e0 demander. Nos sp\u00e9cialistes vous donneront un coup de main pour chaque demande.<\/p><\/div>","protected":false},"excerpt":{"rendered":"","protected":false},"author":18,"featured_media":0,"parent":1532,"menu_order":0,"comment_status":"closed","ping_status":"closed","template":"templates\/template-application-platform.php","meta":{"publish_to_discourse":"","publish_post_category":"","wpdc_auto_publish_overridden":"","wpdc_topic_tags":"","wpdc_pin_topic":"","wpdc_pin_until":"","discourse_post_id":"","discourse_permalink":"","wpdc_publishing_response":"","wpdc_publishing_error":"","footnotes":""},"class_list":["post-5911","page","type-page","status-publish","hentry"],"yoast_head":"<!-- This site is optimized with the Yoast SEO plugin v25.3.1 - https:\/\/yoast.com\/wordpress\/plugins\/seo\/ -->\n<title>Diapo - ajoutez plugin Diaporama sur Elementor<\/title>\n<meta name=\"description\" content=\"Int\u00e9grez un Diapo attractif sur votre site. Appliquez la d\u00e9mo d&#039;Elfsight et g\u00e9n\u00e9rez votre widget en 2 minutes.\" \/>\n<meta name=\"robots\" content=\"index, follow, max-snippet:-1, max-image-preview:large, max-video-preview:-1\" \/>\n<link rel=\"canonical\" href=\"https:\/\/elfsight.com\/fr\/slider-widget\/elementor\/\" \/>\n<meta property=\"og:locale\" content=\"fr_FR\" \/>\n<meta property=\"og:type\" content=\"article\" \/>\n<meta property=\"og:title\" content=\"Diapo - ajoutez plugin Diaporama sur Elementor\" \/>\n<meta property=\"og:description\" content=\"Int\u00e9grez un Diapo attractif sur votre site. Appliquez la d\u00e9mo d&#039;Elfsight et g\u00e9n\u00e9rez votre widget en 2 minutes.\" \/>\n<meta property=\"og:url\" content=\"https:\/\/elfsight.com\/fr\/slider-widget\/elementor\/\" \/>\n<meta property=\"og:site_name\" content=\"Elfsight FR\" \/>\n<meta property=\"article:modified_time\" content=\"2025-07-10T13:24:41+00:00\" \/>\n<meta name=\"twitter:card\" content=\"summary_large_image\" \/>\n<meta name=\"twitter:label1\" content=\"Dur\u00e9e de lecture estim\u00e9e\" \/>\n\t<meta name=\"twitter:data1\" content=\"1 minute\" \/>\n<!-- \/ Yoast SEO plugin. -->","yoast_head_json":{"title":"Diapo - ajoutez plugin Diaporama sur Elementor","description":"Int\u00e9grez un Diapo attractif sur votre site. Appliquez la d\u00e9mo d'Elfsight et g\u00e9n\u00e9rez votre widget en 2 minutes.","robots":{"index":"index","follow":"follow","max-snippet":"max-snippet:-1","max-image-preview":"max-image-preview:large","max-video-preview":"max-video-preview:-1"},"canonical":"https:\/\/elfsight.com\/fr\/slider-widget\/elementor\/","og_locale":"fr_FR","og_type":"article","og_title":"Diapo - ajoutez plugin Diaporama sur Elementor","og_description":"Int\u00e9grez un Diapo attractif sur votre site. Appliquez la d\u00e9mo d'Elfsight et g\u00e9n\u00e9rez votre widget en 2 minutes.","og_url":"https:\/\/elfsight.com\/fr\/slider-widget\/elementor\/","og_site_name":"Elfsight FR","article_modified_time":"2025-07-10T13:24:41+00:00","twitter_card":"summary_large_image","twitter_misc":{"Dur\u00e9e de lecture estim\u00e9e":"1 minute"},"schema":{"@context":"https:\/\/schema.org","@graph":[{"@type":"WebPage","@id":"https:\/\/elfsight.com\/fr\/slider-widget\/elementor\/","url":"https:\/\/elfsight.com\/fr\/slider-widget\/elementor\/","name":"Diapo - ajoutez plugin Diaporama sur Elementor","isPartOf":{"@id":"https:\/\/elfsight.com\/fr\/#website"},"datePublished":"2021-12-03T09:01:33+00:00","dateModified":"2025-07-10T13:24:41+00:00","description":"Int\u00e9grez un Diapo attractif sur votre site. Appliquez la d\u00e9mo d'Elfsight et g\u00e9n\u00e9rez votre widget en 2 minutes.","breadcrumb":{"@id":"https:\/\/elfsight.com\/fr\/slider-widget\/elementor\/#breadcrumb"},"inLanguage":"fr-FR","potentialAction":[{"@type":"ReadAction","target":["https:\/\/elfsight.com\/fr\/slider-widget\/elementor\/"]}]},{"@type":"BreadcrumbList","@id":"https:\/\/elfsight.com\/fr\/slider-widget\/elementor\/#breadcrumb","itemListElement":[{"@type":"ListItem","position":1,"name":"Home","item":"https:\/\/elfsight.com\/fr\/"},{"@type":"ListItem","position":2,"name":"Slider","item":"https:\/\/elfsight.com\/fr\/slider-widget\/"},{"@type":"ListItem","position":3,"name":"Slider &#8211; Elementor"}]},{"@type":"WebSite","@id":"https:\/\/elfsight.com\/fr\/#website","url":"https:\/\/elfsight.com\/fr\/","name":"Elfsight FR","description":"","potentialAction":[{"@type":"SearchAction","target":{"@type":"EntryPoint","urlTemplate":"https:\/\/elfsight.com\/fr\/?s={search_term_string}"},"query-input":{"@type":"PropertyValueSpecification","valueRequired":true,"valueName":"search_term_string"}}],"inLanguage":"fr-FR"}]}},"meta_box":{"industry":"","seo_heading":"","heading":"","description":"","cta_heading":"","cta_description":"","application":"1525","h1":"Plugin Diapo pour Elementor","h1_caption":"Ajoutez un curseur d'image ou de contenu \u00e0 votre site Web pour pr\u00e9senter sans effort des visuels, des promotions ou du contenu cl\u00e9 de mani\u00e8re dynamique sur votre site Web Elementor.","application_category":[],"applications_title":"","applications_request_title":"","applications_request_button_text":"","hero_text":"","hero_video":"","hero_video_schema_markup":"","selling_points_title":"","selling_points_caption":"","selling_points":[],"selling_points_cta_text":"","features_title":"","features":"","ed_cta_examples_text":"","ed_cta_examples_hidden":"","ed_cta_demo_text":"","ed_cta_demo_hidden":"","why_caption":"","why_editor_title":"","why_editor_text":"","why_team_title":"","why_team_text":"","why_service_title":"","why_service_text":"","template_catalog_visible":"","template_catalog_title":"","template_catalog_text":"","template_catalog_categories_visible":"","demo_title":"Cr\u00e9ez votre widget Slider","demo_caption":"Configurez votre Slider et ajoutez-le \u00e0 votre site Web Elementor gratuitement\u00a0!","default_faq_hidden":"","app_template_category":[],"platform":"385","template_public_id":"","codecanyon_url":"","codecanyon_item_id":"","codecanyon_price":"","pricing_caption":"","pricing_elfsight_apps_hide_column":"","pricing_elfsight_apps_url":"","pricing_codecanyon_price_caption":"","integration_category":[],"integration_request_title":"","integration_request_cta":"","integration_platform":"","integrations":[],"platform_category":[],"video_schema_markup":"","price":"\u00c0 partir de $0\/mois","trial":"","benefits":[{"text":"Installation gratuite"},{"text":"Support Premium"},{"text":"Garantie de remboursement de 14 jours"},{"text":"L'am\u00e9lioration continue"}],"button_url":"#demo","button_target_blank":"0","button_nofollow":"0","attributes":[{"name":"Nombre d'installations","content":"1,000 - 5,000","_state":"expanded"},{"name":"Adaptif","content":"Oui","_state":"expanded"},{"name":"Navigateurs compatibles","content":"Firefox, Safari, Opera, Chrome, Edge","_state":"expanded"}],"tags":[],"tags_disable_links":"0","hide_more_platforms":"","video_object":"","demo_hide_cta":"0","demo_hide_cloud_options":"0","pricing_title":"","pricing":[{"pricing_icon":"platform","pricing_title":"Applications d'Elfsight","pricing_title_caption":"Solution num\u00e9rique multiplateforme qui fonctionne sur n'importe quel site","pricing_price":"\u00c0 partir de $0\/mois","pricing_price_caption":"Commencez avec un plan gratuit","pricing_benefits":[{"text":"Sites Web illimit\u00e9s"},{"text":"\u00c9quipe d'assistance professionnelle"},{"text":"Service d'installation gratuit"},{"text":"100% personnalisable"}],"pricing_button_text":"Ajouter au site Web","pricing_button_url":"https:\/\/apps.elfsight.com\/sign-up\/","pricing_button_nofollow":"1","_state":"expanded"}],"related_apps_title":"","related_apps_hidden":"1","author":"","image":[],"title":"","job":"","social_networks":[]},"_links":{"self":[{"href":"https:\/\/elfsight.com\/fr\/wp-json\/wp\/v2\/pages\/5911","targetHints":{"allow":["GET"]}}],"collection":[{"href":"https:\/\/elfsight.com\/fr\/wp-json\/wp\/v2\/pages"}],"about":[{"href":"https:\/\/elfsight.com\/fr\/wp-json\/wp\/v2\/types\/page"}],"author":[{"embeddable":true,"href":"https:\/\/elfsight.com\/fr\/wp-json\/wp\/v2\/users\/18"}],"replies":[{"embeddable":true,"href":"https:\/\/elfsight.com\/fr\/wp-json\/wp\/v2\/comments?post=5911"}],"version-history":[{"count":2,"href":"https:\/\/elfsight.com\/fr\/wp-json\/wp\/v2\/pages\/5911\/revisions"}],"predecessor-version":[{"id":15169,"href":"https:\/\/elfsight.com\/fr\/wp-json\/wp\/v2\/pages\/5911\/revisions\/15169"}],"up":[{"embeddable":true,"href":"https:\/\/elfsight.com\/fr\/wp-json\/wp\/v2\/pages\/1532"}],"wp:attachment":[{"href":"https:\/\/elfsight.com\/fr\/wp-json\/wp\/v2\/media?parent=5911"}],"curies":[{"name":"wp","href":"https:\/\/api.w.org\/{rel}","templated":true}]}}