{"id":5899,"date":"2021-12-03T09:01:53","date_gmt":"2021-12-03T09:01:53","guid":{"rendered":"https:\/\/elfsight.com\/fr\/?page_id=5899"},"modified":"2025-07-10T12:23:04","modified_gmt":"2025-07-10T12:23:04","slug":"woocommerce","status":"publish","type":"page","link":"https:\/\/elfsight.com\/fr\/photo-gallery-widget\/woocommerce\/","title":{"rendered":"Photo Gallery &#8211; WooCommerce"},"content":{"rendered":"<div class=\"application-platform-content-item-description application-platform-content-item\" id=\"description\" data-nav-section=\"description\"><h2>Description<\/h2><p>La galerie de photos Elfsight est votre meilleur moyen de collecter du mat\u00e9riel visuel ou de concevoir une superbe galerie sur votre site Web. Utilisez n&rsquo;importe quel nombre d&rsquo;images, r\u00e9digez des commentaires et trouvez la meilleure fa\u00e7on de les positionner sur la page. Ce widget comprend 6 variantes de mise en page et plusieurs fonctionnalit\u00e9s d&rsquo;interface suppl\u00e9mentaires. Chaque photo s&rsquo;affiche en mode contextuel, les utilisateurs peuvent les parcourir ou d\u00e9marrer un diaporama, zoomer et d\u00e9zoomer et voir les images en plein \u00e9cran. Vous \u00eates libre de peindre pour l&rsquo;interface du widget et d&rsquo;appliquer un arri\u00e8re-plan personnalis\u00e9, d&rsquo;utiliser les param\u00e8tres de texte et d&rsquo;autres fonctionnalit\u00e9s de style.<\/p><p><b>Impressionnez vos utilisateurs avec des galeries de photos all\u00e9chantes\u00a0!<\/b><\/p> <p><b>D\u00e9terminez ce qui a du sens<\/b><br>Utilisez notre plugin r\u00e9actif de galerie d&rsquo;images pour pr\u00e9senter vos offres les plus all\u00e9chantes ou pour afficher vos superbes photos de produits.<\/p><p><b>Exposer vos meilleures \u0153uvres ou produits<\/b><br>Vos photos et images impossibles \u00e0 manquer attireront plus de vues et captureront les gens pendant une p\u00e9riode plus longue, augmentant ainsi l&rsquo;engagement sur le site Web.<\/b><p><b>Obtenez plus de ventes facilement<\/b><br>En d\u00e9montrant votre exp\u00e9rience via le widget Photo, vos utilisateurs n&rsquo;auront plus le pouvoir de r\u00e9sister \u00e0 un achat, augmentant ainsi vos ventes.<\/b><\/div> <div class=\"application-platform-content-item-features application-platform-content-item\" id=\"features\" data-nav-section=\"features\"><h2>Voici quelques-unes des fonctionnalit\u00e9s utiles du widget\u00a0:<\/h2><ul> <li>Utiliser les boutons CTA pour guider les utilisateurs vers la conversion\u00a0;<\/li> <li>Modifier la dur\u00e9e de changement de diapositive\u00a0;<\/li> <li>Choisissez entre de nombreuses fonctionnalit\u00e9s de pagination\u00a0;<\/li> <li>Placez votre message o\u00f9 vous le souhaitez sur la page \u00e0 l&rsquo;aide de la position avanc\u00e9e\u00a0;<\/li> <li>Modifiez 5 fonctions de contenu.<\/li> <\/ul> <p><a href=\"#demo\">Vous pouvez d\u00e9couvrir toutes les fonctionnalit\u00e9s du widget dans la d\u00e9mo<\/a><\/p><\/div><div class=\"application-platform-content-item-installation application-platform-content-item\" id=\"installation\" data-nav-section=\"installation\"><h2>Comment int\u00e9grer la galerie de photos sur mon site Web WooCommerce\u00a0?<\/h2><p>Suivez simplement les instructions ci-dessous pour ins\u00e9rer le widget.<\/p><ol><li><b>Lancez notre d\u00e9mo gratuite et commencez \u00e0 fa\u00e7onner votre widget unique.<\/b><br>Choisissez l&rsquo;apparence et les caract\u00e9ristiques fonctionnelles pr\u00e9f\u00e9rables du plugin et appliquez les modifications.<\/li><li><b>Acqu\u00e9rir le code individuel qui est affich\u00e9 dans le formulaire sp\u00e9cial sur les applications Elfsight. <\/b><br>Lorsque la personnalisation de votre outil est termin\u00e9e, copiez le code individuel dans la bo\u00eete qui appara\u00eet et enregistrez-le pour une occasion future.<\/li><li><b>Initiez l&rsquo;utilisation du widget sur le site WooCommerce. <\/b><br>Int\u00e9grez le code enregistr\u00e9 pr\u00e9c\u00e9demment dans votre page et appliquez les corrections.<\/li><li><b>C&rsquo;est fait\u00a0! L&rsquo;int\u00e9gration est enti\u00e8rement effectu\u00e9e.<\/b><br>Visitez votre site pour observer comment fonctionne l&rsquo;outil.<\/li><\/ol><p>Si vous rencontrez des difficult\u00e9s, n&rsquo;h\u00e9sitez pas \u00e0 contacter notre service client. . Nos collaborateurs se feront un plaisir de vous aider avec tous les probl\u00e8mes que vous pourriez rencontrer avec le produit.<\/p><div class=\"faq\" data-component=\"FAQ\"><div class=\"faq-item\">\r\n\t\t\t\t\t<div class=\"faq-item-question\">\r\n\t\t\t\t\t\t<h3 class=\"faq-item-question-text\">Existe-t-il un moyen d'int\u00e9grer une galerie de photos \u00e0 mon site WooCommerce sans exp\u00e9rience en codage ?<\/h3>\r\n\r\n\t\t\t\t\t\t<div class=\"faq-item-question-icon\"><\/div>\r\n\t\t\t\t\t<\/div>\r\n\r\n\t\t\t\t\t<div class=\"faq-item-answer\">\r\n\t\t\t\t\t\t<div class=\"faq-item-answer-text\"> <p>Elfsight propose une solution qui permet aux utilisateurs de cr\u00e9er eux-m\u00eames une section Galerie de photos. D\u00e9couvrez les \u00e9tapes simples\u00a0: Travaillez directement dans la d\u00e9mo en direct pour cr\u00e9er une application Galerie de photos que vous souhaitez ajouter sur votre site WooCommerce. Choisissez l&rsquo;un des mod\u00e8les pr\u00eats \u00e0 l&#8217;emploi et modifiez les param\u00e8tres de la galerie de photos, transformez la mise en page et les couleurs, y compris votre contenu, sans aucune exp\u00e9rience de codage. Enregistrez les param\u00e8tres que vous avez d\u00e9finis dans la Galerie de photos et obtenez le code d&rsquo;installation du widget, que vous pouvez simplement coller dans n&rsquo;importe quel site WooCommerce sans avoir besoin d&rsquo;acheter un forfait payant. Avec l&rsquo;aide de l&rsquo;\u00e9diteur facile \u00e0 utiliser, tout internaute peut cr\u00e9er une application Galerie de photos et l&rsquo;int\u00e9grer facilement \u00e0 n&rsquo;importe quel site WooCommerce. Il n&rsquo;est pas n\u00e9cessaire d&rsquo;obtenir un forfait payant ou de soumettre les donn\u00e9es de votre carte pour acc\u00e9der \u00e0 notre service. Si vous rencontrez des probl\u00e8mes de quelque nature que ce soit, n&rsquo;h\u00e9sitez pas \u00e0 contacter notre \u00e9quipe d&rsquo;assistance.<\/p> <\/div>\r\n\t\t\t\t\t<\/div>\r\n\t\t\t\t<\/div> <\/div><\/div>","protected":false},"excerpt":{"rendered":"","protected":false},"author":18,"featured_media":0,"parent":1563,"menu_order":0,"comment_status":"closed","ping_status":"closed","template":"templates\/template-application-platform.php","meta":{"publish_to_discourse":"","publish_post_category":"","wpdc_auto_publish_overridden":"","wpdc_topic_tags":"","wpdc_pin_topic":"","wpdc_pin_until":"","discourse_post_id":"","discourse_permalink":"","wpdc_publishing_response":"","wpdc_publishing_error":"","footnotes":""},"class_list":["post-5899","page","type-page","status-publish","hentry"],"yoast_head":"<!-- This site is optimized with the Yoast SEO plugin v25.3.1 - https:\/\/yoast.com\/wordpress\/plugins\/seo\/ -->\n<title>Plugin pour Photo - ajoutez plugin Galerie Photo sur WooCommerce<\/title>\n<meta name=\"description\" content=\"Int\u00e9grez un Plugin pour Photo avantageux sur votre site. Appliquez la d\u00e9mo d&#039;Elfsight et g\u00e9n\u00e9rez votre widget en quelques minutes.\" \/>\n<meta name=\"robots\" content=\"index, follow, max-snippet:-1, max-image-preview:large, max-video-preview:-1\" \/>\n<link rel=\"canonical\" href=\"https:\/\/elfsight.com\/fr\/photo-gallery-widget\/woocommerce\/\" \/>\n<meta property=\"og:locale\" content=\"fr_FR\" \/>\n<meta property=\"og:type\" content=\"article\" \/>\n<meta property=\"og:title\" content=\"Plugin pour Photo - ajoutez plugin Galerie Photo sur WooCommerce\" \/>\n<meta property=\"og:description\" content=\"Int\u00e9grez un Plugin pour Photo avantageux sur votre site. Appliquez la d\u00e9mo d&#039;Elfsight et g\u00e9n\u00e9rez votre widget en quelques minutes.\" \/>\n<meta property=\"og:url\" content=\"https:\/\/elfsight.com\/fr\/photo-gallery-widget\/woocommerce\/\" \/>\n<meta property=\"og:site_name\" content=\"Elfsight FR\" \/>\n<meta property=\"article:modified_time\" content=\"2025-07-10T12:23:04+00:00\" \/>\n<meta name=\"twitter:card\" content=\"summary_large_image\" \/>\n<meta name=\"twitter:label1\" content=\"Dur\u00e9e de lecture estim\u00e9e\" \/>\n\t<meta name=\"twitter:data1\" content=\"1 minute\" \/>\n<!-- \/ Yoast SEO plugin. -->","yoast_head_json":{"title":"Plugin pour Photo - ajoutez plugin Galerie Photo sur WooCommerce","description":"Int\u00e9grez un Plugin pour Photo avantageux sur votre site. Appliquez la d\u00e9mo d'Elfsight et g\u00e9n\u00e9rez votre widget en quelques minutes.","robots":{"index":"index","follow":"follow","max-snippet":"max-snippet:-1","max-image-preview":"max-image-preview:large","max-video-preview":"max-video-preview:-1"},"canonical":"https:\/\/elfsight.com\/fr\/photo-gallery-widget\/woocommerce\/","og_locale":"fr_FR","og_type":"article","og_title":"Plugin pour Photo - ajoutez plugin Galerie Photo sur WooCommerce","og_description":"Int\u00e9grez un Plugin pour Photo avantageux sur votre site. Appliquez la d\u00e9mo d'Elfsight et g\u00e9n\u00e9rez votre widget en quelques minutes.","og_url":"https:\/\/elfsight.com\/fr\/photo-gallery-widget\/woocommerce\/","og_site_name":"Elfsight FR","article_modified_time":"2025-07-10T12:23:04+00:00","twitter_card":"summary_large_image","twitter_misc":{"Dur\u00e9e de lecture estim\u00e9e":"1 minute"},"schema":{"@context":"https:\/\/schema.org","@graph":[{"@type":"WebPage","@id":"https:\/\/elfsight.com\/fr\/photo-gallery-widget\/woocommerce\/","url":"https:\/\/elfsight.com\/fr\/photo-gallery-widget\/woocommerce\/","name":"Plugin pour Photo - ajoutez plugin Galerie Photo sur WooCommerce","isPartOf":{"@id":"https:\/\/elfsight.com\/fr\/#website"},"datePublished":"2021-12-03T09:01:53+00:00","dateModified":"2025-07-10T12:23:04+00:00","description":"Int\u00e9grez un Plugin pour Photo avantageux sur votre site. Appliquez la d\u00e9mo d'Elfsight et g\u00e9n\u00e9rez votre widget en quelques minutes.","breadcrumb":{"@id":"https:\/\/elfsight.com\/fr\/photo-gallery-widget\/woocommerce\/#breadcrumb"},"inLanguage":"fr-FR","potentialAction":[{"@type":"ReadAction","target":["https:\/\/elfsight.com\/fr\/photo-gallery-widget\/woocommerce\/"]}]},{"@type":"BreadcrumbList","@id":"https:\/\/elfsight.com\/fr\/photo-gallery-widget\/woocommerce\/#breadcrumb","itemListElement":[{"@type":"ListItem","position":1,"name":"Home","item":"https:\/\/elfsight.com\/fr\/"},{"@type":"ListItem","position":2,"name":"Photo Gallery","item":"https:\/\/elfsight.com\/fr\/photo-gallery-widget\/"},{"@type":"ListItem","position":3,"name":"Photo Gallery &#8211; WooCommerce"}]},{"@type":"WebSite","@id":"https:\/\/elfsight.com\/fr\/#website","url":"https:\/\/elfsight.com\/fr\/","name":"Elfsight FR","description":"","potentialAction":[{"@type":"SearchAction","target":{"@type":"EntryPoint","urlTemplate":"https:\/\/elfsight.com\/fr\/?s={search_term_string}"},"query-input":{"@type":"PropertyValueSpecification","valueRequired":true,"valueName":"search_term_string"}}],"inLanguage":"fr-FR"}]}},"meta_box":{"industry":"","seo_heading":"","heading":"","description":"","cta_heading":"","cta_description":"","application":"1556","h1":"Plugin Plugin pour Photo pour WooCommerce","h1_caption":"Pr\u00e9sentez vos photos extraordinaires sur la page","application_category":[],"applications_title":"","applications_request_title":"","applications_request_button_text":"","hero_text":"","hero_video":"","hero_video_schema_markup":"","selling_points_title":"","selling_points_caption":"","selling_points":[],"selling_points_cta_text":"","features_title":"","features":"","ed_cta_examples_text":"","ed_cta_examples_hidden":"","ed_cta_demo_text":"","ed_cta_demo_hidden":"","why_caption":"","why_editor_title":"","why_editor_text":"","why_team_title":"","why_team_text":"","why_service_title":"","why_service_text":"","template_catalog_visible":"","template_catalog_title":"","template_catalog_text":"","template_catalog_categories_visible":"","demo_title":"Cr\u00e9ez votre application Galerie de photos","demo_caption":"Configurez votre galerie de photos et ajoutez-la gratuitement \u00e0 votre site Web WooCommerce !","default_faq_hidden":"","app_template_category":[],"platform":"397","template_public_id":"","codecanyon_url":"","codecanyon_item_id":"","codecanyon_price":"","pricing_caption":"","pricing_elfsight_apps_hide_column":"","pricing_elfsight_apps_url":"","pricing_codecanyon_price_caption":"","integration_category":[],"integration_request_title":"","integration_request_cta":"","integration_platform":"","integrations":[],"platform_category":[],"video_schema_markup":"","price":"\u00c0 partir de $0\/mois","trial":"","benefits":[{"text":"Installation gratuite"},{"text":"Support Premium"},{"text":"Garantie de remboursement de 14 jours"},{"text":"L'am\u00e9lioration continue"}],"button_url":"#demo","button_target_blank":"0","button_nofollow":"0","attributes":[{"name":"Nombre d'installations","content":"1,000 - 5,000","_state":"expanded"},{"name":"Adaptif","content":"Oui","_state":"expanded"},{"name":"Navigateurs compatibles","content":"Firefox, Safari, Opera, Chrome, Edge","_state":"expanded"}],"tags":[],"tags_disable_links":"0","hide_more_platforms":"","video_object":"","demo_hide_cta":"0","demo_hide_cloud_options":"0","pricing_title":"","pricing":[{"pricing_icon":"platform","pricing_title":"Applications d'Elfsight","pricing_title_caption":"Solution num\u00e9rique multiplateforme qui fonctionne sur n'importe quel site","pricing_price":"\u00c0 partir de $0\/mois","pricing_price_caption":"Commencez avec un plan gratuit","pricing_benefits":[{"text":"Sites Web illimit\u00e9s"},{"text":"\u00c9quipe d'assistance professionnelle"},{"text":"Service d'installation gratuit"},{"text":"100% personnalisable"}],"pricing_button_text":"Ajouter au site Web","pricing_button_url":"https:\/\/apps.elfsight.com\/sign-up\/","pricing_button_nofollow":"1","_state":"expanded"}],"related_apps_title":"","related_apps_hidden":"1","author":"","image":[],"title":"","job":"","social_networks":[]},"_links":{"self":[{"href":"https:\/\/elfsight.com\/fr\/wp-json\/wp\/v2\/pages\/5899","targetHints":{"allow":["GET"]}}],"collection":[{"href":"https:\/\/elfsight.com\/fr\/wp-json\/wp\/v2\/pages"}],"about":[{"href":"https:\/\/elfsight.com\/fr\/wp-json\/wp\/v2\/types\/page"}],"author":[{"embeddable":true,"href":"https:\/\/elfsight.com\/fr\/wp-json\/wp\/v2\/users\/18"}],"replies":[{"embeddable":true,"href":"https:\/\/elfsight.com\/fr\/wp-json\/wp\/v2\/comments?post=5899"}],"version-history":[{"count":2,"href":"https:\/\/elfsight.com\/fr\/wp-json\/wp\/v2\/pages\/5899\/revisions"}],"predecessor-version":[{"id":15234,"href":"https:\/\/elfsight.com\/fr\/wp-json\/wp\/v2\/pages\/5899\/revisions\/15234"}],"up":[{"embeddable":true,"href":"https:\/\/elfsight.com\/fr\/wp-json\/wp\/v2\/pages\/1563"}],"wp:attachment":[{"href":"https:\/\/elfsight.com\/fr\/wp-json\/wp\/v2\/media?parent=5899"}],"curies":[{"name":"wp","href":"https:\/\/api.w.org\/{rel}","templated":true}]}}