{"id":5891,"date":"2021-12-03T09:02:12","date_gmt":"2021-12-03T09:02:12","guid":{"rendered":"https:\/\/elfsight.com\/fr\/?page_id=5891"},"modified":"2025-07-10T12:22:46","modified_gmt":"2025-07-10T12:22:46","slug":"webflow","status":"publish","type":"page","link":"https:\/\/elfsight.com\/fr\/photo-gallery-widget\/webflow\/","title":{"rendered":"Photo Gallery &#8211; Webflow"},"content":{"rendered":"<div class=\"application-platform-content-item-description application-platform-content-item\" id=\"description\" data-nav-section=\"description\"><h2>Int\u00e9grer une galerie de photos sur Webflow avec le widget Elfsight<\/h2> <p>Elfsight Gallery est le moyen le plus rapide d&rsquo;afficher des images ou de concevoir un style \u00e9l\u00e9gant. galerie sur votre site Web. T\u00e9l\u00e9chargez n&rsquo;importe quelle quantit\u00e9 d&rsquo;images, affichez les descriptions et trouvez la mani\u00e8re optimale de les placer sur la page. Le widget Elfsight comprend six mises en page et de nombreuses options d&rsquo;interface suppl\u00e9mentaires. Chaque image s&rsquo;affiche dans une fen\u00eatre contextuelle, les utilisateurs peuvent les parcourir ou activer un diaporama, zoomer et admirer les photos en plein \u00e9cran. Vous avez la possibilit\u00e9 de colorer l&rsquo;interface du widget et d&rsquo;appliquer un arri\u00e8re-plan unique, d&rsquo;utiliser des options de texte et davantage de variations de style. <\/p> <p><b>Augmentez l&rsquo;engagement des utilisateurs avec des collections de photos incontournables\u00a0! <\/b><\/p> <div class=\"faq\" data-component=\"FAQ\"> <div class=\"faq-item\">\r\n\t\t\t\t\t<div class=\"faq-item-question\">\r\n\t\t\t\t\t\t<h3 class=\"faq-item-question-text\">Quels autres plugins pour Webflow puis-je utiliser ? <\/h3>\r\n\r\n\t\t\t\t\t\t<div class=\"faq-item-question-icon\"><\/div>\r\n\t\t\t\t\t<\/div>\r\n\r\n\t\t\t\t\t<div class=\"faq-item-answer\">\r\n\t\t\t\t\t\t<div class=\"faq-item-answer-text\"> <p>Vous \u00eates libre de tester une pl\u00e9thore de plugins pour n&rsquo;importe quel objectif sur votre site Web, quel que soit votre secteur d&rsquo;activit\u00e9. . Par exemple, vous pouvez commencer avec ceux-ci\u00a0: <a href=\"https:\/\/elfsight.com\/online-form-builder\/webflow\/\">Form Builder<\/a>, <a href=\"https:\/\/elfsight .com\/cookie-consent-widget\/webflow\/\">Consentement aux cookies<\/a>, <a href=\"https:\/\/elfsight.com\/popup-widget\/webflow\/\">Popup<\/a>, <a href=\"https:\/\/elfsight.com\/instagram-feed-instashow\/webflow\/\">Flux Instagram<\/a>, <a href=\"https:\/\/elfsight.com\/slider-widget\/webflow\/\">Curseur<\/a>.<\/p> <\/div>\r\n\t\t\t\t\t<\/div>\r\n\t\t\t\t<\/div> <div class=\"faq-item\">\r\n\t\t\t\t\t<div class=\"faq-item-question\">\r\n\t\t\t\t\t\t<h3 class=\"faq-item-question-text\">De quelle mani\u00e8re puis-je int\u00e9grer le widget Galerie de photos dans mon site Web Webflow ? <\/h3>\r\n\r\n\t\t\t\t\t\t<div class=\"faq-item-question-icon\"><\/div>\r\n\t\t\t\t\t<\/div>\r\n\r\n\t\t\t\t\t<div class=\"faq-item-answer\">\r\n\t\t\t\t\t\t<div class=\"faq-item-answer-text\"> <p>Vous \u00eates libre d&rsquo;ajouter le widget Galerie de photos \u00e0 votre site Web Webflow pour pr\u00e9sentez une galerie tr\u00e8s r\u00e9active avec vos images et photos. Ouvrez simplement notre configurateur gratuit pour ajouter le widget \u00e0 votre site Webflow et suivez ces \u00e9tapes\u00a0: <\/p><ol><li>S\u00e9lectionnez les param\u00e8tres du th\u00e8me. <\/li><li>choisissez l&rsquo;\u00e9l\u00e9ment sur lequel vous devez int\u00e9grer la galerie de photos Webflow. <\/li><li>Ajoutez le code du service Elfsight Apps et enregistrez vos modifications. <\/li><li>Tout est fait. <\/li><\/ol><p>Nous vous recommandons \u00e9galement de pr\u00eater attention \u00e0 notre guide complet sur l&rsquo;installation du widget sur les plateformes les plus populaires. Vous pouvez trouver le guide <a href=\"https:\/\/elfsight.com\/tutorials\/how-to-add-photo-gallery-to-website\/#how-to-add-gallery-to-webflow\">ici<\/a>.<\/p><\/div>\r\n\t\t\t\t\t<\/div>\r\n\t\t\t\t<\/div> <div class=\"faq-item\">\r\n\t\t\t\t\t<div class=\"faq-item-question\">\r\n\t\t\t\t\t\t<h3 class=\"faq-item-question-text\">Existe-t-il un moyen de tester votre widget Galerie de photos Webflow ? <\/h3>\r\n\r\n\t\t\t\t\t\t<div class=\"faq-item-question-icon\"><\/div>\r\n\t\t\t\t\t<\/div>\r\n\r\n\t\t\t\t\t<div class=\"faq-item-answer\">\r\n\t\t\t\t\t\t<div class=\"faq-item-answer-text\"><p>Bien s\u00fbr\u00a0! Vous \u00eates invit\u00e9s \u00e0 utiliser notre <a href=\"https:\/\/elfsight.com\/photo-gallery-widget\/#demo\">d\u00e9mo<\/a> pour avoir une id\u00e9e des fonctionnalit\u00e9s du widget. Vous pouvez \u00e9galement utiliser la d\u00e9mo pour ajouter le widget Galerie de photos \u00e0 votre site Web Webflow\u00a0!<\/p> <\/div>\r\n\t\t\t\t\t<\/div>\r\n\t\t\t\t<\/div> <\/div><\/div> <div class=\"application-platform-content-item-features application-platform-content-item\" id=\"features\" data-nav-section=\"features\"><h2>Principales fonctionnalit\u00e9s de Photo Widget Galerie<\/h2> <p>V\u00e9rifiez une liste de tous les traits fonctionnels de la Galerie de photos pour Webflow. Vous pouvez les d\u00e9finir directement dans l&rsquo;\u00e9diteur et ils vous aideront \u00e0 construire le widget le plus adapt\u00e9 \u00e0 vos besoins. <\/p> <ul> <li>Utilisez des boutons CTA pour guider les utilisateurs vers votre objectif. <\/li> <li>Modifier la dur\u00e9e du changement de diapositive. <\/li> <li>Choisissez entre de nombreuses options de pagination. <\/li> <li>Placez le texte n&rsquo;importe o\u00f9 sur la page gr\u00e2ce \u00e0 la position avanc\u00e9e. <\/li> <li>Adaptez cinq fonctions de contenu. <\/li> <\/ul> <p><a href=\"#demo\">Vous pouvez essayer toutes les fonctionnalit\u00e9s du widget directement dans la d\u00e9mo<\/a><\/p> <\/div> <div class=\"application-platform-content-item-installation application-platform-content-item\" id=\"installation\" data-nav-section=\"installation\"> <h2>Comment int\u00e9grer la Galerie de photos \u00e0 Webflow\u00a0? <\/h2> <div class=\"video-container\"><iframe width=\"720\" height=\"405\" src=\"https:\/\/www.youtube.com\/embed\/ewXlqsKW7zU\" frameborder=\"0\" allowfullscreen=\"\"><\/iframe><\/div><p>Pour introduire le widget, suivez simplement les instructions ci-dessous. <\/p> <ol><li><b>G\u00e9n\u00e9rez votre plugin Galerie personnalis\u00e9<\/b><br> A l&rsquo;aide de notre d\u00e9mo gratuite, configurez un plugin avec une interface et des fonctions personnalis\u00e9es. <\/li> <li><b>Copiez le code individuel pour afficher le plugin<\/b><br> Apr\u00e8s avoir configur\u00e9 votre widget, vous obtiendrez le code unique dans la fen\u00eatre apparue sur Elfsight Apps. Copiez-le. <\/li> <li><b>Int\u00e9grez le plugin sur votre site Webflow<\/b><br> Choisissez l&rsquo;endroit o\u00f9 vous souhaitez placer le plugin et ins\u00e9rez-y le code enregistr\u00e9. Enregistrez les r\u00e9sultats. <\/li> <li><b>L&rsquo;installation est termin\u00e9e<\/b><br> Allez sur le site pour jeter un oeil \u00e0 votre travail. <\/li> <\/ol> <p>Vous \u00eates invit\u00e9s \u00e0 contacter le support client au cas o\u00f9 vous auriez besoin de conseils ou si vous avez quelque chose \u00e0 demander. Nos sp\u00e9cialistes se feront un plaisir de r\u00e9pondre \u00e0 chaque demande. <\/p> <\/div>","protected":false},"excerpt":{"rendered":"","protected":false},"author":18,"featured_media":0,"parent":1563,"menu_order":0,"comment_status":"closed","ping_status":"closed","template":"templates\/template-application-platform.php","meta":{"publish_to_discourse":"","publish_post_category":"","wpdc_auto_publish_overridden":"","wpdc_topic_tags":"","wpdc_pin_topic":"","wpdc_pin_until":"","discourse_post_id":"","discourse_permalink":"","wpdc_publishing_response":"","wpdc_publishing_error":"","footnotes":""},"class_list":["post-5891","page","type-page","status-publish","hentry"],"yoast_head":"<!-- This site is optimized with the Yoast SEO plugin v25.3.1 - https:\/\/yoast.com\/wordpress\/plugins\/seo\/ -->\n<title>Plugin pour Photo - ajoutez widget Galerie Photo sur Webflow<\/title>\n<meta name=\"description\" content=\"Int\u00e9grez un Plugin pour Photo avantageux sur votre site. Appliquez la d\u00e9mo d&#039;Elfsight et g\u00e9n\u00e9rez votre widget en quelques minutes.\" \/>\n<meta name=\"robots\" content=\"index, follow, max-snippet:-1, max-image-preview:large, max-video-preview:-1\" \/>\n<link rel=\"canonical\" href=\"https:\/\/elfsight.com\/fr\/photo-gallery-widget\/webflow\/\" \/>\n<meta property=\"og:locale\" content=\"fr_FR\" \/>\n<meta property=\"og:type\" content=\"article\" \/>\n<meta property=\"og:title\" content=\"Plugin pour Photo - ajoutez widget Galerie Photo sur Webflow\" \/>\n<meta property=\"og:description\" content=\"Int\u00e9grez un Plugin pour Photo avantageux sur votre site. Appliquez la d\u00e9mo d&#039;Elfsight et g\u00e9n\u00e9rez votre widget en quelques minutes.\" \/>\n<meta property=\"og:url\" content=\"https:\/\/elfsight.com\/fr\/photo-gallery-widget\/webflow\/\" \/>\n<meta property=\"og:site_name\" content=\"Elfsight FR\" \/>\n<meta property=\"article:modified_time\" content=\"2025-07-10T12:22:46+00:00\" \/>\n<meta name=\"twitter:card\" content=\"summary_large_image\" \/>\n<meta name=\"twitter:label1\" content=\"Dur\u00e9e de lecture estim\u00e9e\" \/>\n\t<meta name=\"twitter:data1\" content=\"1 minute\" \/>\n<!-- \/ Yoast SEO plugin. -->","yoast_head_json":{"title":"Plugin pour Photo - ajoutez widget Galerie Photo sur Webflow","description":"Int\u00e9grez un Plugin pour Photo avantageux sur votre site. Appliquez la d\u00e9mo d'Elfsight et g\u00e9n\u00e9rez votre widget en quelques minutes.","robots":{"index":"index","follow":"follow","max-snippet":"max-snippet:-1","max-image-preview":"max-image-preview:large","max-video-preview":"max-video-preview:-1"},"canonical":"https:\/\/elfsight.com\/fr\/photo-gallery-widget\/webflow\/","og_locale":"fr_FR","og_type":"article","og_title":"Plugin pour Photo - ajoutez widget Galerie Photo sur Webflow","og_description":"Int\u00e9grez un Plugin pour Photo avantageux sur votre site. Appliquez la d\u00e9mo d'Elfsight et g\u00e9n\u00e9rez votre widget en quelques minutes.","og_url":"https:\/\/elfsight.com\/fr\/photo-gallery-widget\/webflow\/","og_site_name":"Elfsight FR","article_modified_time":"2025-07-10T12:22:46+00:00","twitter_card":"summary_large_image","twitter_misc":{"Dur\u00e9e de lecture estim\u00e9e":"1 minute"},"schema":{"@context":"https:\/\/schema.org","@graph":[{"@type":"WebPage","@id":"https:\/\/elfsight.com\/fr\/photo-gallery-widget\/webflow\/","url":"https:\/\/elfsight.com\/fr\/photo-gallery-widget\/webflow\/","name":"Plugin pour Photo - ajoutez widget Galerie Photo sur Webflow","isPartOf":{"@id":"https:\/\/elfsight.com\/fr\/#website"},"datePublished":"2021-12-03T09:02:12+00:00","dateModified":"2025-07-10T12:22:46+00:00","description":"Int\u00e9grez un Plugin pour Photo avantageux sur votre site. Appliquez la d\u00e9mo d'Elfsight et g\u00e9n\u00e9rez votre widget en quelques minutes.","breadcrumb":{"@id":"https:\/\/elfsight.com\/fr\/photo-gallery-widget\/webflow\/#breadcrumb"},"inLanguage":"fr-FR","potentialAction":[{"@type":"ReadAction","target":["https:\/\/elfsight.com\/fr\/photo-gallery-widget\/webflow\/"]}]},{"@type":"BreadcrumbList","@id":"https:\/\/elfsight.com\/fr\/photo-gallery-widget\/webflow\/#breadcrumb","itemListElement":[{"@type":"ListItem","position":1,"name":"Home","item":"https:\/\/elfsight.com\/fr\/"},{"@type":"ListItem","position":2,"name":"Photo Gallery","item":"https:\/\/elfsight.com\/fr\/photo-gallery-widget\/"},{"@type":"ListItem","position":3,"name":"Photo Gallery &#8211; Webflow"}]},{"@type":"WebSite","@id":"https:\/\/elfsight.com\/fr\/#website","url":"https:\/\/elfsight.com\/fr\/","name":"Elfsight FR","description":"","potentialAction":[{"@type":"SearchAction","target":{"@type":"EntryPoint","urlTemplate":"https:\/\/elfsight.com\/fr\/?s={search_term_string}"},"query-input":{"@type":"PropertyValueSpecification","valueRequired":true,"valueName":"search_term_string"}}],"inLanguage":"fr-FR"}]}},"meta_box":{"industry":"","seo_heading":"","heading":"","description":"","cta_heading":"","cta_description":"","application":"1556","h1":"Widget Plugin pour Photo pour Webflow","h1_caption":"Pr\u00e9sentez vos images dans une galerie interactive et personnalisable qui am\u00e9liore sans effort l'attrait visuel de votre site Web sur votre site Web Webflow.","application_category":[],"applications_title":"","applications_request_title":"","applications_request_button_text":"","hero_text":"","hero_video":"","hero_video_schema_markup":"","selling_points_title":"","selling_points_caption":"","selling_points":[],"selling_points_cta_text":"","features_title":"","features":"","ed_cta_examples_text":"","ed_cta_examples_hidden":"","ed_cta_demo_text":"","ed_cta_demo_hidden":"","why_caption":"","why_editor_title":"","why_editor_text":"","why_team_title":"","why_team_text":"","why_service_title":"","why_service_text":"","template_catalog_visible":"","template_catalog_title":"","template_catalog_text":"","template_catalog_categories_visible":"","demo_title":"Cr\u00e9ez votre widget Galerie de photos","demo_caption":"Configurez votre galerie de photos et ajoutez-la gratuitement \u00e0 votre site Webflow\u00a0!","default_faq_hidden":"","app_template_category":[],"platform":"362","template_public_id":"","codecanyon_url":"","codecanyon_item_id":"","codecanyon_price":"","pricing_caption":"","pricing_elfsight_apps_hide_column":"","pricing_elfsight_apps_url":"","pricing_codecanyon_price_caption":"","integration_category":[],"integration_request_title":"","integration_request_cta":"","integration_platform":"","integrations":[],"platform_category":[],"video_schema_markup":"","price":"\u00c0 partir de $0\/mois","trial":"","benefits":[{"text":"Installation gratuite"},{"text":"Support Premium"},{"text":"Garantie de remboursement de 14 jours"},{"text":"L'am\u00e9lioration continue"}],"button_url":"#demo","button_target_blank":"0","button_nofollow":"0","attributes":[{"name":"Nombre d'installations","content":"1,000 - 5,000","_state":"expanded"},{"name":"Adaptif","content":"Oui","_state":"expanded"},{"name":"Navigateurs compatibles","content":"Firefox, Safari, Opera, Chrome, Edge","_state":"expanded"}],"tags":[],"tags_disable_links":"0","hide_more_platforms":"","video_object":"","demo_hide_cta":"0","demo_hide_cloud_options":"0","pricing_title":"","pricing":[{"pricing_icon":"platform","pricing_title":"Applications d'Elfsight","pricing_title_caption":"Solution num\u00e9rique multiplateforme qui fonctionne sur n'importe quel site","pricing_price":"\u00c0 partir de $0\/mois","pricing_price_caption":"Commencez avec un plan gratuit","pricing_benefits":[{"text":"Sites Web illimit\u00e9s"},{"text":"\u00c9quipe d'assistance professionnelle"},{"text":"Service d'installation gratuit"},{"text":"100% personnalisable"}],"pricing_button_text":"Ajouter au site Web","pricing_button_url":"https:\/\/apps.elfsight.com\/sign-up\/","pricing_button_nofollow":"1","_state":"expanded"}],"related_apps_title":"","related_apps_hidden":"1","author":"","image":[],"title":"","job":"","social_networks":[]},"_links":{"self":[{"href":"https:\/\/elfsight.com\/fr\/wp-json\/wp\/v2\/pages\/5891","targetHints":{"allow":["GET"]}}],"collection":[{"href":"https:\/\/elfsight.com\/fr\/wp-json\/wp\/v2\/pages"}],"about":[{"href":"https:\/\/elfsight.com\/fr\/wp-json\/wp\/v2\/types\/page"}],"author":[{"embeddable":true,"href":"https:\/\/elfsight.com\/fr\/wp-json\/wp\/v2\/users\/18"}],"replies":[{"embeddable":true,"href":"https:\/\/elfsight.com\/fr\/wp-json\/wp\/v2\/comments?post=5891"}],"version-history":[{"count":2,"href":"https:\/\/elfsight.com\/fr\/wp-json\/wp\/v2\/pages\/5891\/revisions"}],"predecessor-version":[{"id":14565,"href":"https:\/\/elfsight.com\/fr\/wp-json\/wp\/v2\/pages\/5891\/revisions\/14565"}],"up":[{"embeddable":true,"href":"https:\/\/elfsight.com\/fr\/wp-json\/wp\/v2\/pages\/1563"}],"wp:attachment":[{"href":"https:\/\/elfsight.com\/fr\/wp-json\/wp\/v2\/media?parent=5891"}],"curies":[{"name":"wp","href":"https:\/\/api.w.org\/{rel}","templated":true}]}}