{"id":5887,"date":"2021-12-03T09:02:35","date_gmt":"2021-12-03T09:02:35","guid":{"rendered":"https:\/\/elfsight.com\/fr\/?page_id=5887"},"modified":"2024-12-24T15:51:43","modified_gmt":"2024-12-24T15:51:43","slug":"shopify","status":"publish","type":"page","link":"https:\/\/elfsight.com\/fr\/photo-gallery-widget\/shopify\/","title":{"rendered":"Photo Gallery &#8211; Shopify"},"content":{"rendered":"\n<div class=\"application-platform-content-item-description application-platform-content-item\" id=\"description\" data-nav-section=\"description\"><h2>Int\u00e9grer une galerie de photos sur Shopify avec le widget Elfsight<\/h2> <p>Elfsight Gallery est le moyen le plus pratique d&rsquo;afficher vos visuels ou de cr\u00e9er des albums \u00e9l\u00e9gants sur votre site Web. Placez n&rsquo;importe quelle quantit\u00e9 d&rsquo;images, r\u00e9digez des l\u00e9gendes et s\u00e9lectionnez la meilleure fa\u00e7on de les organiser sur la page. Notre application propose 6 mises en page et plusieurs options de conception suppl\u00e9mentaires. Chaque image s&rsquo;ouvre dans une fen\u00eatre contextuelle, les utilisateurs peuvent les parcourir ou voir un diaporama, utiliser l&rsquo;option de zoom et profiter des images en plein \u00e9cran. Vous pouvez trouver des couleurs personnalis\u00e9es pour l&rsquo;interface du widget et appliquer un arri\u00e8re-plan unique, appliquer des param\u00e8tres de texte et davantage de fonctionnalit\u00e9s de style. <\/p> <p><b>Cr\u00e9ez des galeries de photos incontournables\u00a0! <\/b><\/p> <div class=\"faq\" data-component=\"FAQ\"> <div class=\"faq-item\">\r\n\t\t\t\t\t<div class=\"faq-item-question\">\r\n\t\t\t\t\t\t<h3 class=\"faq-item-question-text\">Quelles autres applications pour Shopify avez-vous exactement \u00e0 proposer ? <\/h3>\r\n\r\n\t\t\t\t\t\t<div class=\"faq-item-question-icon\"><\/div>\r\n\t\t\t\t\t<\/div>\r\n\r\n\t\t\t\t\t<div class=\"faq-item-answer\">\r\n\t\t\t\t\t\t<div class=\"faq-item-answer-text\"> <p>Nous pouvons vous proposer une grande vari\u00e9t\u00e9 d&rsquo;outils diff\u00e9rents pour vous permettre d&rsquo;accomplir tout type de t\u00e2che sur votre site. Voyez par vous-m\u00eame: <a href=\"https:\/\/elfsight.com\/fr\/slider-widget\/shopify\/\" target=\"_blank\" rel=\"noopener\">Slider<\/a>, <a href=\"https:\/\/elfsight.com\/fr\/google-reviews-widget\/shopify\/\" target=\"_blank\" rel=\"noopener\">Avis Google<\/a>, <a href=\"https:\/\/elfsight.com\/fr\/instagram-feed-instashow\/shopify\/\" target=\"_blank\" rel=\"noopener\">Flux Instagram<\/a>, <a href=\"https:\/\/elfsight.com\/fr\/pdf-embed-widget\/shopify\" target=\"_blank\" rel=\"noopener\">Flux PDF<\/a>, <a href=\"https:\/\/elfsight.com\/fr\/logo-showcase-widget\/shopify\/\" target=\"_blank\" rel=\"noopener\">Vitrine de logos<\/a>. <\/p> <\/div>\r\n\t\t\t\t\t<\/div>\r\n\t\t\t\t<\/div> <div class=\"faq-item\">\r\n\t\t\t\t\t<div class=\"faq-item-question\">\r\n\t\t\t\t\t\t<h3 class=\"faq-item-question-text\">Comment int\u00e9grer l'application Galerie de photos \u00e0 mon site Web Shopify?<\/h3>\r\n\r\n\t\t\t\t\t\t<div class=\"faq-item-question-icon\"><\/div>\r\n\t\t\t\t\t<\/div>\r\n\r\n\t\t\t\t\t<div class=\"faq-item-answer\">\r\n\t\t\t\t\t\t<div class=\"faq-item-answer-text\"> <p>Vous pouvez facilement ajouter l&rsquo;application Galerie de photos \u00e0 votre site Web Shopify, puis commencer instantan\u00e9ment \u00e0 afficher de superbes photos. images et images via une galerie r\u00e9active. Ouvrez simplement notre configurateur gratuit et suivez ces \u00e9tapes: <\/p><ol><li>Cliquez sur Param\u00e8tres du th\u00e8me. <\/li><li>S\u00e9lectionnez la partie sur laquelle vous souhaitez impl\u00e9menter la galerie de photos. <\/li><li>Int\u00e9grez le code depuis Elfsight Apps et enregistrez les modifications. <\/li><li>C&rsquo;est aussi simple que \u00e7a. <\/li><\/ol><p>Si vous devez ajouter le widget \u00e0 une autre plateforme, nous vous recommandons de consulter <a href=\"https:\/\/elfsight.com\/tutorials\/how-to-add-photo-gallery-to-website\/#how-to-add-gallery-to-shopify\" target=\"_blank\" rel=\"noopener\">ce guide<\/a>.<\/p><\/div>\r\n\t\t\t\t\t<\/div>\r\n\t\t\t\t<\/div> <div class=\"faq-item\">\r\n\t\t\t\t\t<div class=\"faq-item-question\">\r\n\t\t\t\t\t\t<h3 class=\"faq-item-question-text\">Comment puis-je tester votre application Shopify Photo Gallery lors de son utilisation?<\/h3>\r\n\r\n\t\t\t\t\t\t<div class=\"faq-item-question-icon\"><\/div>\r\n\t\t\t\t\t<\/div>\r\n\r\n\t\t\t\t\t<div class=\"faq-item-answer\">\r\n\t\t\t\t\t\t<div class=\"faq-item-answer-text\"> <p>Ce sera facile car nous avons une <a href=\"https:\/\/elfsight.com\/fr\/photo-gallery-widget\/#demo\">d\u00e9mo<\/a> en direct pour vous ! Vous pouvez \u00e9galement l&rsquo;utiliser pour ajouter le widget \u00e0 votre site Web Shopify.<\/p><\/div>\r\n\t\t\t\t\t<\/div>\r\n\t\t\t\t<\/div> <\/div><\/div> <div class=\"application-platform-content-item-features application-platform-content-item\" id=\"features\" data-nav-section=\"features\"><h2>Principales fonctionnalit\u00e9s du widget Galerie de photos<\/h2> <p>V\u00e9rifiez toutes les fonctions de la Galerie de photos pour Shopify. Ils sont disponibles directement dans l&rsquo;\u00e9diteur gratuit et vous aideront \u00e0 cr\u00e9er l&rsquo;application exactement pour vos besoins. <\/p> <ul> <li>Utilisez des CTA pour guider les utilisateurs vers la conversion. <\/li> <li>R\u00e9gulez la dur\u00e9e du changement de diapositive. <\/li> <li>Choisissez entre de nombreuses options de pagination. <\/li> <li>Placez votre message n&rsquo;importe o\u00f9 sur la page \u00e0 l&rsquo;aide de la position avanc\u00e9e. <\/li> <li>Ajustez 5 \u00e9l\u00e9ments de contenu. <\/li> <\/ul> <p><a href=\"#demo\">Testez toutes les autres fonctions de la d\u00e9mo<\/a><\/p> <\/div> <div class=\"application-platform-content-item-installation application-platform-content-item\" id=\"installation\" data-nav-section=\"installation\"><h2> Comment ajouter une galerie de photos \u00e0 Shopify\u00a0?<\/h2> <div class=\"video-container\"><iframe width=\"720\" height=\"405\" src=\"https:\/\/www.youtube.com\/embed\/6J3NWZRfiV8\" frameborder=\"0\" allowfullscreen=\"\"><\/iframe><\/div><p>Pour activer le widget, suivez simplement les instructions ci-dessous. <\/p> <ol><li><b>Utilisez notre configurateur gratuit et commencez \u00e0 cr\u00e9er votre application personnalis\u00e9e. <\/b><br> Choisissez la mise en page et les caract\u00e9ristiques fonctionnelles pr\u00e9f\u00e9r\u00e9es de l&rsquo;application et appliquez toutes les modifications. <\/li> <li><b>Recevez le code individuel affich\u00e9 dans la case sur les applications Elfsight. <\/b><br> Juste une fois la configuration de votre application termin\u00e9e, copiez le code exclusif dans la fen\u00eatre qui appara\u00eet et conservez-le pour un besoin ult\u00e9rieur. <\/li> <li><b>Commencez \u00e0 utiliser l&rsquo;application sur votre page Web Shopify. <\/b><br> Impl\u00e9mentez le code que vous avez copi\u00e9 auparavant dans votre page et appliquez les corrections. <\/li> <li><b>La configuration est enti\u00e8rement effectu\u00e9e. <\/b><br> Visitez votre site pour voir comment fonctionne l&rsquo;application. <\/li><\/ol><p>Prenez une minute pour contacter l&rsquo;assistance des clients Elfsight lorsque vous avez besoin d&rsquo;aide ou rencontrez des probl\u00e8mes. Nous vous donnerons un coup de main pour chaque demande. <\/p> <\/div>\n","protected":false},"excerpt":{"rendered":"","protected":false},"author":18,"featured_media":0,"parent":1563,"menu_order":0,"comment_status":"closed","ping_status":"closed","template":"templates\/template-application-platform.php","meta":{"publish_to_discourse":"","publish_post_category":"","wpdc_auto_publish_overridden":"","wpdc_topic_tags":"","wpdc_pin_topic":"","wpdc_pin_until":"","discourse_post_id":"","discourse_permalink":"","wpdc_publishing_response":"","wpdc_publishing_error":"","footnotes":""},"class_list":["post-5887","page","type-page","status-publish","hentry"],"yoast_head":"<!-- This site is optimized with the Yoast SEO plugin v25.3.1 - https:\/\/yoast.com\/wordpress\/plugins\/seo\/ -->\n<title>Plugin pour Photo - ajoutez app Galerie Photo sur Shopify<\/title>\n<meta name=\"description\" content=\"Int\u00e9grez un Plugin pour Photo avantageux sur votre site. Appliquez la d\u00e9mo d&#039;Elfsight et g\u00e9n\u00e9rez votre widget en quelques minutes.\" \/>\n<meta name=\"robots\" content=\"index, follow, max-snippet:-1, max-image-preview:large, max-video-preview:-1\" \/>\n<link rel=\"canonical\" href=\"https:\/\/elfsight.com\/fr\/photo-gallery-widget\/shopify\/\" \/>\n<meta property=\"og:locale\" content=\"fr_FR\" \/>\n<meta property=\"og:type\" content=\"article\" \/>\n<meta property=\"og:title\" content=\"Plugin pour Photo - ajoutez app Galerie Photo sur Shopify\" \/>\n<meta property=\"og:description\" content=\"Int\u00e9grez un Plugin pour Photo avantageux sur votre site. Appliquez la d\u00e9mo d&#039;Elfsight et g\u00e9n\u00e9rez votre widget en quelques minutes.\" \/>\n<meta property=\"og:url\" content=\"https:\/\/elfsight.com\/fr\/photo-gallery-widget\/shopify\/\" \/>\n<meta property=\"og:site_name\" content=\"Elfsight FR\" \/>\n<meta property=\"article:modified_time\" content=\"2024-12-24T15:51:43+00:00\" \/>\n<meta name=\"twitter:card\" content=\"summary_large_image\" \/>\n<meta name=\"twitter:label1\" content=\"Dur\u00e9e de lecture estim\u00e9e\" \/>\n\t<meta name=\"twitter:data1\" content=\"3 minutes\" \/>\n<!-- \/ Yoast SEO plugin. -->","yoast_head_json":{"title":"Plugin pour Photo - ajoutez app Galerie Photo sur Shopify","description":"Int\u00e9grez un Plugin pour Photo avantageux sur votre site. Appliquez la d\u00e9mo d'Elfsight et g\u00e9n\u00e9rez votre widget en quelques minutes.","robots":{"index":"index","follow":"follow","max-snippet":"max-snippet:-1","max-image-preview":"max-image-preview:large","max-video-preview":"max-video-preview:-1"},"canonical":"https:\/\/elfsight.com\/fr\/photo-gallery-widget\/shopify\/","og_locale":"fr_FR","og_type":"article","og_title":"Plugin pour Photo - ajoutez app Galerie Photo sur Shopify","og_description":"Int\u00e9grez un Plugin pour Photo avantageux sur votre site. Appliquez la d\u00e9mo d'Elfsight et g\u00e9n\u00e9rez votre widget en quelques minutes.","og_url":"https:\/\/elfsight.com\/fr\/photo-gallery-widget\/shopify\/","og_site_name":"Elfsight FR","article_modified_time":"2024-12-24T15:51:43+00:00","twitter_card":"summary_large_image","twitter_misc":{"Dur\u00e9e de lecture estim\u00e9e":"3 minutes"},"schema":{"@context":"https:\/\/schema.org","@graph":[{"@type":"WebPage","@id":"https:\/\/elfsight.com\/fr\/photo-gallery-widget\/shopify\/","url":"https:\/\/elfsight.com\/fr\/photo-gallery-widget\/shopify\/","name":"Plugin pour Photo - ajoutez app Galerie Photo sur Shopify","isPartOf":{"@id":"https:\/\/elfsight.com\/fr\/#website"},"datePublished":"2021-12-03T09:02:35+00:00","dateModified":"2024-12-24T15:51:43+00:00","description":"Int\u00e9grez un Plugin pour Photo avantageux sur votre site. Appliquez la d\u00e9mo d'Elfsight et g\u00e9n\u00e9rez votre widget en quelques minutes.","breadcrumb":{"@id":"https:\/\/elfsight.com\/fr\/photo-gallery-widget\/shopify\/#breadcrumb"},"inLanguage":"fr-FR","potentialAction":[{"@type":"ReadAction","target":["https:\/\/elfsight.com\/fr\/photo-gallery-widget\/shopify\/"]}]},{"@type":"BreadcrumbList","@id":"https:\/\/elfsight.com\/fr\/photo-gallery-widget\/shopify\/#breadcrumb","itemListElement":[{"@type":"ListItem","position":1,"name":"Home","item":"https:\/\/elfsight.com\/fr\/"},{"@type":"ListItem","position":2,"name":"Photo Gallery","item":"https:\/\/elfsight.com\/fr\/photo-gallery-widget\/"},{"@type":"ListItem","position":3,"name":"Photo Gallery &#8211; Shopify"}]},{"@type":"WebSite","@id":"https:\/\/elfsight.com\/fr\/#website","url":"https:\/\/elfsight.com\/fr\/","name":"Elfsight FR","description":"","potentialAction":[{"@type":"SearchAction","target":{"@type":"EntryPoint","urlTemplate":"https:\/\/elfsight.com\/fr\/?s={search_term_string}"},"query-input":{"@type":"PropertyValueSpecification","valueRequired":true,"valueName":"search_term_string"}}],"inLanguage":"fr-FR"}]}},"meta_box":{"industry":"","seo_heading":"","heading":"","description":"","cta_heading":"","cta_description":"","application":"1556","h1":"App Plugin pour Photo pour Shopify","h1_caption":"Pr\u00e9sentez vos images dans une galerie interactive et personnalisable qui am\u00e9liore sans effort l'attrait visuel de votre site Web sur votre site Web Shopify.","application_category":[],"applications_title":"","applications_request_title":"","applications_request_button_text":"","hero_text":"","hero_video":"","hero_video_schema_markup":"","selling_points_title":"","selling_points_caption":"","selling_points":[],"selling_points_cta_text":"","features_title":"","features":"","ed_cta_examples_text":"","ed_cta_examples_hidden":"","ed_cta_demo_text":"","ed_cta_demo_hidden":"","why_caption":"","why_editor_title":"","why_editor_text":"","why_team_title":"","why_team_text":"","why_service_title":"","why_service_text":"","template_catalog_visible":"0","template_catalog_title":"","template_catalog_text":"","template_catalog_categories_visible":"","demo_title":"Cr\u00e9ez votre application Galerie de photos","demo_caption":"Configurez votre galerie de photos et ajoutez-la gratuitement \u00e0 votre site Web Shopify\u00a0!","default_faq_hidden":"","app_template_category":[],"platform":"360","template_public_id":"","codecanyon_url":"","codecanyon_item_id":"","codecanyon_price":"","pricing_caption":"","pricing_elfsight_apps_hide_column":"","pricing_elfsight_apps_url":"","pricing_codecanyon_price_caption":"","integration_category":[],"integration_request_title":"","integration_request_cta":"","integration_platform":"","integrations":[],"platform_category":[],"video_schema_markup":"","price":"\u00c0 partir de $0\/mois","trial":"","benefits":[{"text":"Installation gratuite"},{"text":"Support Premium"},{"text":"Garantie de remboursement de 14 jours"},{"text":"L'am\u00e9lioration continue"}],"button_url":"#demo","button_target_blank":"0","button_nofollow":"0","attributes":[{"name":"Nombre d'installations","content":"1,000 - 5,000","_state":"expanded"},{"name":"Adaptif","content":"Oui","_state":"expanded"},{"name":"Navigateurs compatibles","content":"Firefox, Safari, Opera, Chrome, Edge","_state":"expanded"}],"tags":[],"tags_disable_links":"0","hide_more_platforms":"","video_object":"","demo_hide_cta":"0","demo_hide_cloud_options":"0","pricing_title":"","pricing":[{"pricing_icon":"platform","pricing_title":"Applications d'Elfsight","pricing_title_caption":"Solution num\u00e9rique multiplateforme qui fonctionne sur n'importe quel site","pricing_price":"\u00c0 partir de $0\/mois","pricing_price_caption":"Commencez avec un plan gratuit","pricing_benefits":[{"text":"Sites Web illimit\u00e9s"},{"text":"\u00c9quipe d'assistance professionnelle"},{"text":"Service d'installation gratuit"},{"text":"100% personnalisable"}],"pricing_button_text":"Ajouter au site Web","pricing_button_url":"https:\/\/apps.elfsight.com\/sign-up\/","pricing_button_nofollow":"1","_state":"expanded"}],"related_apps_title":"","related_apps_hidden":"1","author":"","image":[],"title":"","job":"","social_networks":[]},"_links":{"self":[{"href":"https:\/\/elfsight.com\/fr\/wp-json\/wp\/v2\/pages\/5887","targetHints":{"allow":["GET"]}}],"collection":[{"href":"https:\/\/elfsight.com\/fr\/wp-json\/wp\/v2\/pages"}],"about":[{"href":"https:\/\/elfsight.com\/fr\/wp-json\/wp\/v2\/types\/page"}],"author":[{"embeddable":true,"href":"https:\/\/elfsight.com\/fr\/wp-json\/wp\/v2\/users\/18"}],"replies":[{"embeddable":true,"href":"https:\/\/elfsight.com\/fr\/wp-json\/wp\/v2\/comments?post=5887"}],"version-history":[{"count":4,"href":"https:\/\/elfsight.com\/fr\/wp-json\/wp\/v2\/pages\/5887\/revisions"}],"predecessor-version":[{"id":16069,"href":"https:\/\/elfsight.com\/fr\/wp-json\/wp\/v2\/pages\/5887\/revisions\/16069"}],"up":[{"embeddable":true,"href":"https:\/\/elfsight.com\/fr\/wp-json\/wp\/v2\/pages\/1563"}],"wp:attachment":[{"href":"https:\/\/elfsight.com\/fr\/wp-json\/wp\/v2\/media?parent=5887"}],"curies":[{"name":"wp","href":"https:\/\/api.w.org\/{rel}","templated":true}]}}