{"id":5883,"date":"2021-12-03T09:04:24","date_gmt":"2021-12-03T09:04:24","guid":{"rendered":"https:\/\/elfsight.com\/fr\/?page_id=5883"},"modified":"2025-07-10T12:22:29","modified_gmt":"2025-07-10T12:22:29","slug":"opencart","status":"publish","type":"page","link":"https:\/\/elfsight.com\/fr\/photo-gallery-widget\/opencart\/","title":{"rendered":"Photo Gallery &#8211; OpenCart"},"content":{"rendered":"<div class=\"application-platform-content-item-description application-platform-content-item\" id=\"description\" data-nav-section=\"description\"><h2>Description<\/h2> <p>Elfsight Gallery est le moyen le plus rapide de configurer vos supports visuels ou de cr\u00e9er des albums \u00e9l\u00e9gants sur votre site Web. Utilisez n&rsquo;importe quel nombre de photos, commentez chacune d&rsquo;elles et trouvez la meilleure fa\u00e7on de les organiser sur la page. Cette extension comprend six types de disposition et une gamme de possibilit\u00e9s de conception suppl\u00e9mentaires. Chaque image appara\u00eet dans une fen\u00eatre contextuelle, les utilisateurs peuvent les parcourir ou regarder un diaporama, zoomer et profiter des images en plein \u00e9cran. Vous avez la possibilit\u00e9 de rechercher des couleurs personnalis\u00e9es pour l&rsquo;interface du widget et d&rsquo;ajouter un arri\u00e8re-plan personnalis\u00e9, de varier les options de texte et d&rsquo;autres fonctionnalit\u00e9s de style. <\/p> <p><b>Impressionnez vos utilisateurs avec de superbes galeries de photos\u00a0!<\/b><\/p> <\/div> <div class=\"application-platform-content-item-features application-platform-content-item\" id=\"features\" data-nav-section=\"features\"><h2>Fonctionnalit\u00e9s<\/h2> <p>V\u00e9rifiez tous les traits fonctionnels de la Galerie de photos pour OpenCart. Vous pouvez les d\u00e9finir directement dans l&rsquo;\u00e9diteur et ils vous aideront \u00e0 fa\u00e7onner le widget adapt\u00e9 \u00e0 votre cas d&rsquo;utilisation. <\/p> <ul> <li>Utilisez les boutons CTA pour guider les utilisateurs vers la conversion. <\/li> <li>Dur\u00e9e de changement de diapositive personnalis\u00e9e. <\/li> <li>Choisissez entre de nombreuses options de pagination. <\/li> <li>Placez votre message n&rsquo;importe o\u00f9 sur la page \u00e0 l&rsquo;aide de la position avanc\u00e9e. <\/li> <li>Modifier 5 options de contenu. <\/li> <\/ul> <p><a href=\"#demo\">V\u00e9rifiez le fonctionnement de toutes les fonctionnalit\u00e9s, dans notre d\u00e9mo<\/a><\/p> <\/div> <div class=\"application-platform-content-item-installation application-platform-content-item\" id=\"installation\" data-nav-section=\"installation\"> <h2>Comment ajouter le module Galerie de photos \u00e0 OpenCart\u00a0? <\/h2> <p>Suivez simplement les instructions ci-dessous pour ins\u00e9rer le widget sur OpenCart.<\/p> <ol><li><b>Utilisez notre \u00e9diteur gratuit et commencez \u00e0 fa\u00e7onner votre extension personnalis\u00e9e. <\/b><br> Recherchez l&rsquo;interface et les caract\u00e9ristiques souhait\u00e9es de l&rsquo;extension et appliquez les modifications. <\/li> <li><b>Copiez votre code unique affich\u00e9 dans le formulaire sp\u00e9cial sur les applications Elfsight. <\/b><br> Une fois la configuration de votre extension de galerie de photos personnelle termin\u00e9e, copiez le code individuel dans la fen\u00eatre contextuelle qui appara\u00eet et conservez-le pour une utilisation ult\u00e9rieure. <\/li> <li><b>Commencez \u00e0 utiliser l&rsquo;extension sur votre site Web OpenCart. <\/b><br> Ajoutez le code copi\u00e9 r\u00e9cemment dans votre site Web et appliquez les modifications. <\/li> <li><b>Vous avez termin\u00e9\u00a0! L&rsquo;int\u00e9gration est r\u00e9ussie. <\/b><br> Acc\u00e9dez \u00e0 votre page pour v\u00e9rifier les performances de l&rsquo;extension. <\/li><\/ol> <p>N&rsquo;h\u00e9sitez pas \u00e0 contacter le service d&rsquo;assistance si vous avez besoin d&rsquo;aide ou si vous rencontrez des probl\u00e8mes. Nous vous donnerons un coup de main pour chaque demande. <\/p> <div class=\"faq\" data-component=\"FAQ\"><div class=\"faq-item\">\r\n\t\t\t\t\t<div class=\"faq-item-question\">\r\n\t\t\t\t\t\t<h3 class=\"faq-item-question-text\">Comment puis-je int\u00e9grer une galerie de photos \u00e0 mon OpenCart sans exp\u00e9rience en codage ?<\/h3>\r\n\r\n\t\t\t\t\t\t<div class=\"faq-item-question-icon\"><\/div>\r\n\t\t\t\t\t<\/div>\r\n\r\n\t\t\t\t\t<div class=\"faq-item-answer\">\r\n\t\t\t\t\t\t<div class=\"faq-item-answer-text\"> <p>La soci\u00e9t\u00e9 Elfsight propose une solution qui permet \u00e0 un large public de cr\u00e9er vous-m\u00eame un plugin de galerie de photos. D\u00e9couvrez \u00e0 quel point le processus est le suivant\u00a0: commencez \u00e0 travailler dans l&rsquo;\u00e9diteur en direct pour cr\u00e9er une section Galerie de photos que vous souhaitez inclure sur le site OpenCart. Choisissez l&rsquo;un des nombreux mod\u00e8les pr\u00e9d\u00e9finis et adaptez les param\u00e8tres de la galerie de photos, changez la disposition et la couleur des \u00e9l\u00e9ments et ajoutez votre contenu, sans aucune exp\u00e9rience de codage. Enregistrez la galerie de photos et obtenez le code d&rsquo;installation, qui peut \u00eatre facilement coll\u00e9 dans la page Web OpenCart sans acheter de forfait payant. Avec l&rsquo;aide de notre configurateur intuitif, tout utilisateur Web peut cr\u00e9er une application Galerie de photos et l&rsquo;ajouter facilement au site OpenCart. Il n&rsquo;est pas n\u00e9cessaire de souscrire un abonnement payant ou de divulguer les informations d&rsquo;identification de votre carte pour acc\u00e9der au service Elfsight. Si vous rencontrez des probl\u00e8mes \u00e0 n&rsquo;importe quelle \u00e9tape, n&rsquo;h\u00e9sitez pas \u00e0 contacter notre support technique client.<\/p> <\/div>\r\n\t\t\t\t\t<\/div>\r\n\t\t\t\t<\/div> <\/div><\/div>","protected":false},"excerpt":{"rendered":"","protected":false},"author":18,"featured_media":0,"parent":1563,"menu_order":0,"comment_status":"closed","ping_status":"closed","template":"templates\/template-application-platform.php","meta":{"publish_to_discourse":"","publish_post_category":"","wpdc_auto_publish_overridden":"","wpdc_topic_tags":"","wpdc_pin_topic":"","wpdc_pin_until":"","discourse_post_id":"","discourse_permalink":"","wpdc_publishing_response":"","wpdc_publishing_error":"","footnotes":""},"class_list":["post-5883","page","type-page","status-publish","hentry"],"yoast_head":"<!-- This site is optimized with the Yoast SEO plugin v25.3.1 - https:\/\/yoast.com\/wordpress\/plugins\/seo\/ -->\n<title>Plugin pour Photo - ajoutez plugin Galerie Photo sur OpenCart<\/title>\n<meta name=\"description\" content=\"Int\u00e9grez un Plugin pour Photo attractif sur votre site. Utilisez la d\u00e9mo d&#039;Elfsight et g\u00e9n\u00e9rez votre module en deux minutes.\" \/>\n<meta name=\"robots\" content=\"index, follow, max-snippet:-1, max-image-preview:large, max-video-preview:-1\" \/>\n<link rel=\"canonical\" href=\"https:\/\/elfsight.com\/fr\/photo-gallery-widget\/opencart\/\" \/>\n<meta property=\"og:locale\" content=\"fr_FR\" \/>\n<meta property=\"og:type\" content=\"article\" \/>\n<meta property=\"og:title\" content=\"Plugin pour Photo - ajoutez plugin Galerie Photo sur OpenCart\" \/>\n<meta property=\"og:description\" content=\"Int\u00e9grez un Plugin pour Photo attractif sur votre site. Utilisez la d\u00e9mo d&#039;Elfsight et g\u00e9n\u00e9rez votre module en deux minutes.\" \/>\n<meta property=\"og:url\" content=\"https:\/\/elfsight.com\/fr\/photo-gallery-widget\/opencart\/\" \/>\n<meta property=\"og:site_name\" content=\"Elfsight FR\" \/>\n<meta property=\"article:modified_time\" content=\"2025-07-10T12:22:29+00:00\" \/>\n<meta name=\"twitter:card\" content=\"summary_large_image\" \/>\n<meta name=\"twitter:label1\" content=\"Dur\u00e9e de lecture estim\u00e9e\" \/>\n\t<meta name=\"twitter:data1\" content=\"1 minute\" \/>\n<!-- \/ Yoast SEO plugin. -->","yoast_head_json":{"title":"Plugin pour Photo - ajoutez plugin Galerie Photo sur OpenCart","description":"Int\u00e9grez un Plugin pour Photo attractif sur votre site. Utilisez la d\u00e9mo d'Elfsight et g\u00e9n\u00e9rez votre module en deux minutes.","robots":{"index":"index","follow":"follow","max-snippet":"max-snippet:-1","max-image-preview":"max-image-preview:large","max-video-preview":"max-video-preview:-1"},"canonical":"https:\/\/elfsight.com\/fr\/photo-gallery-widget\/opencart\/","og_locale":"fr_FR","og_type":"article","og_title":"Plugin pour Photo - ajoutez plugin Galerie Photo sur OpenCart","og_description":"Int\u00e9grez un Plugin pour Photo attractif sur votre site. Utilisez la d\u00e9mo d'Elfsight et g\u00e9n\u00e9rez votre module en deux minutes.","og_url":"https:\/\/elfsight.com\/fr\/photo-gallery-widget\/opencart\/","og_site_name":"Elfsight FR","article_modified_time":"2025-07-10T12:22:29+00:00","twitter_card":"summary_large_image","twitter_misc":{"Dur\u00e9e de lecture estim\u00e9e":"1 minute"},"schema":{"@context":"https:\/\/schema.org","@graph":[{"@type":"WebPage","@id":"https:\/\/elfsight.com\/fr\/photo-gallery-widget\/opencart\/","url":"https:\/\/elfsight.com\/fr\/photo-gallery-widget\/opencart\/","name":"Plugin pour Photo - ajoutez plugin Galerie Photo sur OpenCart","isPartOf":{"@id":"https:\/\/elfsight.com\/fr\/#website"},"datePublished":"2021-12-03T09:04:24+00:00","dateModified":"2025-07-10T12:22:29+00:00","description":"Int\u00e9grez un Plugin pour Photo attractif sur votre site. Utilisez la d\u00e9mo d'Elfsight et g\u00e9n\u00e9rez votre module en deux minutes.","breadcrumb":{"@id":"https:\/\/elfsight.com\/fr\/photo-gallery-widget\/opencart\/#breadcrumb"},"inLanguage":"fr-FR","potentialAction":[{"@type":"ReadAction","target":["https:\/\/elfsight.com\/fr\/photo-gallery-widget\/opencart\/"]}]},{"@type":"BreadcrumbList","@id":"https:\/\/elfsight.com\/fr\/photo-gallery-widget\/opencart\/#breadcrumb","itemListElement":[{"@type":"ListItem","position":1,"name":"Home","item":"https:\/\/elfsight.com\/fr\/"},{"@type":"ListItem","position":2,"name":"Photo Gallery","item":"https:\/\/elfsight.com\/fr\/photo-gallery-widget\/"},{"@type":"ListItem","position":3,"name":"Photo Gallery &#8211; OpenCart"}]},{"@type":"WebSite","@id":"https:\/\/elfsight.com\/fr\/#website","url":"https:\/\/elfsight.com\/fr\/","name":"Elfsight FR","description":"","potentialAction":[{"@type":"SearchAction","target":{"@type":"EntryPoint","urlTemplate":"https:\/\/elfsight.com\/fr\/?s={search_term_string}"},"query-input":{"@type":"PropertyValueSpecification","valueRequired":true,"valueName":"search_term_string"}}],"inLanguage":"fr-FR"}]}},"meta_box":{"industry":"","seo_heading":"","heading":"","description":"","cta_heading":"","cta_description":"","application":"1556","h1":"Plugin Plugin pour Photo pour OpenCart","h1_caption":"Pr\u00e9sentez vos images dans une galerie interactive et personnalisable qui am\u00e9liore sans effort l'attrait visuel de votre site Web sur votre site Web Opencart.","application_category":[],"applications_title":"","applications_request_title":"","applications_request_button_text":"","hero_text":"","hero_video":"","hero_video_schema_markup":"","selling_points_title":"","selling_points_caption":"","selling_points":[],"selling_points_cta_text":"","features_title":"","features":"","ed_cta_examples_text":"","ed_cta_examples_hidden":"","ed_cta_demo_text":"","ed_cta_demo_hidden":"","why_caption":"","why_editor_title":"","why_editor_text":"","why_team_title":"","why_team_text":"","why_service_title":"","why_service_text":"","template_catalog_visible":"","template_catalog_title":"","template_catalog_text":"","template_catalog_categories_visible":"","demo_title":"Cr\u00e9ez votre extension Galerie de photos","demo_caption":"Configurez votre galerie de photos et ajoutez-la gratuitement \u00e0 votre site Web OpenCart\u00a0!","default_faq_hidden":"","app_template_category":[],"platform":"359","template_public_id":"","codecanyon_url":"","codecanyon_item_id":"","codecanyon_price":"","pricing_caption":"","pricing_elfsight_apps_hide_column":"","pricing_elfsight_apps_url":"","pricing_codecanyon_price_caption":"","integration_category":[],"integration_request_title":"","integration_request_cta":"","integration_platform":"","integrations":[],"platform_category":[],"video_schema_markup":"","price":"\u00c0 partir de $0\/mois","trial":"","benefits":[{"text":"Installation gratuite"},{"text":"Support Premium"},{"text":"Garantie de remboursement de 14 jours"},{"text":"L'am\u00e9lioration continue"}],"button_url":"#demo","button_target_blank":"0","button_nofollow":"0","attributes":[{"name":"Nombre d'installations","content":"1,000 - 5,000","_state":"expanded"},{"name":"Adaptif","content":"Oui","_state":"expanded"},{"name":"Navigateurs compatibles","content":"Firefox, Safari, Opera, Chrome, Edge","_state":"expanded"}],"tags":[],"tags_disable_links":"0","hide_more_platforms":"","video_object":"","demo_hide_cta":"0","demo_hide_cloud_options":"0","pricing_title":"","pricing":[{"pricing_icon":"platform","pricing_title":"Applications d'Elfsight","pricing_title_caption":"Solution num\u00e9rique multiplateforme qui fonctionne sur n'importe quel site","pricing_price":"\u00c0 partir de $0\/mois","pricing_price_caption":"Commencez avec un plan gratuit","pricing_benefits":[{"text":"Sites Web illimit\u00e9s"},{"text":"\u00c9quipe d'assistance professionnelle"},{"text":"Service d'installation gratuit"},{"text":"100% personnalisable"}],"pricing_button_text":"Ajouter au site Web","pricing_button_url":"https:\/\/apps.elfsight.com\/sign-up\/","pricing_button_nofollow":"1","_state":"expanded"}],"related_apps_title":"","related_apps_hidden":"1","author":"","image":[],"title":"","job":"","social_networks":[]},"_links":{"self":[{"href":"https:\/\/elfsight.com\/fr\/wp-json\/wp\/v2\/pages\/5883","targetHints":{"allow":["GET"]}}],"collection":[{"href":"https:\/\/elfsight.com\/fr\/wp-json\/wp\/v2\/pages"}],"about":[{"href":"https:\/\/elfsight.com\/fr\/wp-json\/wp\/v2\/types\/page"}],"author":[{"embeddable":true,"href":"https:\/\/elfsight.com\/fr\/wp-json\/wp\/v2\/users\/18"}],"replies":[{"embeddable":true,"href":"https:\/\/elfsight.com\/fr\/wp-json\/wp\/v2\/comments?post=5883"}],"version-history":[{"count":2,"href":"https:\/\/elfsight.com\/fr\/wp-json\/wp\/v2\/pages\/5883\/revisions"}],"predecessor-version":[{"id":14569,"href":"https:\/\/elfsight.com\/fr\/wp-json\/wp\/v2\/pages\/5883\/revisions\/14569"}],"up":[{"embeddable":true,"href":"https:\/\/elfsight.com\/fr\/wp-json\/wp\/v2\/pages\/1563"}],"wp:attachment":[{"href":"https:\/\/elfsight.com\/fr\/wp-json\/wp\/v2\/media?parent=5883"}],"curies":[{"name":"wp","href":"https:\/\/api.w.org\/{rel}","templated":true}]}}