{"id":5879,"date":"2021-12-03T09:03:00","date_gmt":"2021-12-03T09:03:00","guid":{"rendered":"https:\/\/elfsight.com\/fr\/?page_id=5879"},"modified":"2025-07-10T12:22:24","modified_gmt":"2025-07-10T12:22:24","slug":"magento","status":"publish","type":"page","link":"https:\/\/elfsight.com\/fr\/photo-gallery-widget\/magento\/","title":{"rendered":"Photo Gallery &#8211; Magento"},"content":{"rendered":"<div class=\"application-platform-content-item-description application-platform-content-item\" id=\"description\" data-nav-section=\"description\"><h2>Description<\/h2> <p>Elfsight Gallery est votre meilleur moyen de collecter vos visuels ou de cr\u00e9er de superbes albums sur votre site Web. T\u00e9l\u00e9chargez n&rsquo;importe quelle quantit\u00e9 de photos, placez des commentaires et s\u00e9lectionnez la mani\u00e8re optimale de les placer sur la page. Cette extension propose 6 variantes de mise en page et plusieurs options de conception suppl\u00e9mentaires. Chaque photo peut \u00eatre visualis\u00e9e en mode contextuel, les gens peuvent les parcourir ou regarder un diaporama, zoomer et profiter des photos en plein \u00e9cran. Vous \u00eates libre de trouver des couleurs personnalis\u00e9es pour les \u00e9l\u00e9ments du widget et d&rsquo;ajouter un arri\u00e8re-plan personnalis\u00e9, de modifier les param\u00e8tres de texte et davantage d&rsquo;opportunit\u00e9s de style. <\/p> <p><b>Cr\u00e9ez une collection de photos incontournable\u00a0! <\/b><\/p> <p><b>D\u00e9terminez ce qui signifie quelque chose<\/b><br>Utilisez l&rsquo;extension r\u00e9active Image Gallery pour r\u00e9v\u00e9ler vos offres les plus int\u00e9ressantes ou pour exposer vos superbes photos de produits. <\/p><p><b>D\u00e9montrez vos meilleurs travaux ou produits<\/b><br>Vos photos et images captivantes attireront plus de vues et occuperont les gens plus longtemps, augmentant ainsi le niveau d&rsquo;engagement global sur votre site.<\/b> <p><b>R\u00e9alisez plus de ventes en quelques clics<\/b><br>En mettant en valeur vos comp\u00e9tences sur le plugin Photo, les visiteurs de votre site Web ne pourront pas r\u00e9sister \u00e0 l&rsquo;envie de faire un achat de mani\u00e8re \u00e0 augmenter vos ventes.<\/b><\/div> <div class=\"faq\" data-component=\"FAQ\"><div class=\"faq-item\">\r\n\t\t\t\t\t<div class=\"faq-item-question\">\r\n\t\t\t\t\t\t<h3 class=\"faq-item-question-text\">De quelle mani\u00e8re puis-je int\u00e9grer une galerie de photos au site Magento ? <\/h3>\r\n\r\n\t\t\t\t\t\t<div class=\"faq-item-question-icon\"><\/div>\r\n\t\t\t\t\t<\/div>\r\n\r\n\t\t\t\t\t<div class=\"faq-item-answer\">\r\n\t\t\t\t\t\t<div class=\"faq-item-answer-text\"><p>La cr\u00e9ation du widget est effectu\u00e9e sur le site Elfsight et vous n&rsquo;avez pas besoin d&rsquo;apprendre le codage. Ouvrez la d\u00e9mo en direct pour personnaliser votre propre widget, obtenez le code et int\u00e9grez-le dans votre site. <\/p><\/div>\r\n\t\t\t\t\t<\/div>\r\n\t\t\t\t<\/div><div class=\"faq-item\">\r\n\t\t\t\t\t<div class=\"faq-item-question\">\r\n\t\t\t\t\t\t<h3 class=\"faq-item-question-text\">Les meilleurs exemples d'utilisation de l'int\u00e9gration d'une galerie d'images r\u00e9active<\/h3>\r\n\r\n\t\t\t\t\t\t<div class=\"faq-item-question-icon\"><\/div>\r\n\t\t\t\t\t<\/div>\r\n\r\n\t\t\t\t\t<div class=\"faq-item-answer\">\r\n\t\t\t\t\t\t<div class=\"faq-item-answer-text\"><p>Nous disposons de nombreuses options de personnalisation\u00a0: des widgets \u00e0 grande \u00e9chelle \u00e0 ins\u00e9rer dans la zone de contenu, des widgets flottants pour la fonction de d\u00e9filement, des mises en page pour le pied de page de votre site Web, l&rsquo;en-t\u00eate et toutes les variantes de possibilit\u00e9s verticales pour les barres lat\u00e9rales et les menus du site Web. <\/p><\/div>\r\n\t\t\t\t\t<\/div>\r\n\t\t\t\t<\/div><div class=\"faq-item\">\r\n\t\t\t\t\t<div class=\"faq-item-question\">\r\n\t\t\t\t\t\t<h3 class=\"faq-item-question-text\">Comment puis-je cr\u00e9er une s\u00e9ance photo ou une galerie de photos de produits \u00e0 l'aide de l'\u00e9diteur ? <\/h3>\r\n\r\n\t\t\t\t\t\t<div class=\"faq-item-question-icon\"><\/div>\r\n\t\t\t\t\t<\/div>\r\n\r\n\t\t\t\t\t<div class=\"faq-item-answer\">\r\n\t\t\t\t\t\t<div class=\"faq-item-answer-text\"><p>Vous pouvez cr\u00e9er des variantes de n&rsquo;importe quel widget. Il existe un large \u00e9ventail de mises en page \u00e0 votre disposition dans l&rsquo;\u00e9diteur, et toutes peuvent \u00eatre facilement ajust\u00e9es selon vos besoins. <\/p><\/div>\r\n\t\t\t\t\t<\/div>\r\n\t\t\t\t<\/div><\/div><div class=\"application-platform-content-item-features application-platform-content-item\" id=\"features\" data-nav-section=\"features\"><h2>Fonctionnalit\u00e9s<\/h2> <p>V\u00e9rifiez une liste de toutes les caract\u00e9ristiques fonctionnelles de la Galerie de photos pour Magento. Ils sont disponibles directement dans l&rsquo;\u00e9diteur et vous aideront \u00e0 fa\u00e7onner le widget exactement pour votre cas d&rsquo;utilisation. <\/p> <ul> <li>Ajoutez des CTA pour guider votre audience vers la conversion. <\/li> <li>R\u00e9gulez la dur\u00e9e de commutation des diapositives. <\/li> <li>Choisissez entre de nombreuses variantes de pagination. <\/li> <li>Placez votre contenu n&rsquo;importe o\u00f9 sur la page gr\u00e2ce \u00e0 la position avanc\u00e9e. <\/li> <li>Ajustez cinq options de contenu. <\/li> <\/ul> <p><a href=\"#demo\">D\u00e9couvrez comment fonctionnent toutes les fonctionnalit\u00e9s, dans notre d\u00e9mo<\/a><\/p> <\/div> <div class=\"application-platform-content-item-installation application-platform-content-item\" id=\"installation\" data-nav-section=\"installation\"> <h2>Comment ajouter l&rsquo;extension Galerie de photos \u00e0 Magento\u00a0?<\/h2> <p>Suivez simplement les \u00e9tapes d\u00e9crites ci-dessous pour int\u00e9grer l&rsquo;extension Galerie de photos sur Magento.<\/p> <ol><li><b>Utilisez notre service gratuit \u00e9diteur et commencez \u00e0 fa\u00e7onner votre instrument personnalis\u00e9. <\/b><br> Choisissez l&rsquo;interface et les fonctionnalit\u00e9s souhait\u00e9es du widget et appliquez les modifications. <\/li> <li><b>Acqu\u00e9rez votre code individuel apparaissant dans la fen\u00eatre sur Elfsight Apps. <\/b><br> Une fois la configuration de votre outil personnel termin\u00e9e, copiez le code exclusif de la fen\u00eatre qui appara\u00eet et enregistrez-le pour une utilisation future. <\/li> <li><b>Commencez \u00e0 utiliser l&rsquo;extension sur votre site Magento. <\/b><br> Int\u00e9grez le code copi\u00e9 pr\u00e9c\u00e9demment dans votre page d&rsquo;accueil et enregistrez les corrections. <\/li> <li><b>Fait\u00a0! L&rsquo;int\u00e9gration est pleinement r\u00e9alis\u00e9e. <\/b><br> Acc\u00e9dez \u00e0 votre page pour visualiser les performances du widget. <\/li><\/ol><p>N&rsquo;h\u00e9sitez pas \u00e0 contacter le service client d&rsquo;Elfsight si vous avez besoin de conseils ou si vous avez des questions. Nous vous donnerons un coup de main pour chaque demande. <\/p> <\/div>","protected":false},"excerpt":{"rendered":"","protected":false},"author":18,"featured_media":0,"parent":1563,"menu_order":0,"comment_status":"closed","ping_status":"closed","template":"templates\/template-application-platform.php","meta":{"publish_to_discourse":"","publish_post_category":"","wpdc_auto_publish_overridden":"","wpdc_topic_tags":"","wpdc_pin_topic":"","wpdc_pin_until":"","discourse_post_id":"","discourse_permalink":"","wpdc_publishing_response":"","wpdc_publishing_error":"","footnotes":""},"class_list":["post-5879","page","type-page","status-publish","hentry"],"yoast_head":"<!-- This site is optimized with the Yoast SEO plugin v25.3.1 - https:\/\/yoast.com\/wordpress\/plugins\/seo\/ -->\n<title>Plugin pour Photo - ajoutez plugin Galerie Photo sur Magento<\/title>\n<meta name=\"description\" content=\"Int\u00e9grez un Plugin pour Photo attractif sur votre site. Utilisez la d\u00e9mo d&#039;Elfsight et g\u00e9n\u00e9rez votre extension en quelques minutes.\" \/>\n<meta name=\"robots\" content=\"index, follow, max-snippet:-1, max-image-preview:large, max-video-preview:-1\" \/>\n<link rel=\"canonical\" href=\"https:\/\/elfsight.com\/fr\/photo-gallery-widget\/magento\/\" \/>\n<meta property=\"og:locale\" content=\"fr_FR\" \/>\n<meta property=\"og:type\" content=\"article\" \/>\n<meta property=\"og:title\" content=\"Plugin pour Photo - ajoutez plugin Galerie Photo sur Magento\" \/>\n<meta property=\"og:description\" content=\"Int\u00e9grez un Plugin pour Photo attractif sur votre site. Utilisez la d\u00e9mo d&#039;Elfsight et g\u00e9n\u00e9rez votre extension en quelques minutes.\" \/>\n<meta property=\"og:url\" content=\"https:\/\/elfsight.com\/fr\/photo-gallery-widget\/magento\/\" \/>\n<meta property=\"og:site_name\" content=\"Elfsight FR\" \/>\n<meta property=\"article:modified_time\" content=\"2025-07-10T12:22:24+00:00\" \/>\n<meta name=\"twitter:card\" content=\"summary_large_image\" \/>\n<meta name=\"twitter:label1\" content=\"Dur\u00e9e de lecture estim\u00e9e\" \/>\n\t<meta name=\"twitter:data1\" content=\"1 minute\" \/>\n<!-- \/ Yoast SEO plugin. -->","yoast_head_json":{"title":"Plugin pour Photo - ajoutez plugin Galerie Photo sur Magento","description":"Int\u00e9grez un Plugin pour Photo attractif sur votre site. Utilisez la d\u00e9mo d'Elfsight et g\u00e9n\u00e9rez votre extension en quelques minutes.","robots":{"index":"index","follow":"follow","max-snippet":"max-snippet:-1","max-image-preview":"max-image-preview:large","max-video-preview":"max-video-preview:-1"},"canonical":"https:\/\/elfsight.com\/fr\/photo-gallery-widget\/magento\/","og_locale":"fr_FR","og_type":"article","og_title":"Plugin pour Photo - ajoutez plugin Galerie Photo sur Magento","og_description":"Int\u00e9grez un Plugin pour Photo attractif sur votre site. Utilisez la d\u00e9mo d'Elfsight et g\u00e9n\u00e9rez votre extension en quelques minutes.","og_url":"https:\/\/elfsight.com\/fr\/photo-gallery-widget\/magento\/","og_site_name":"Elfsight FR","article_modified_time":"2025-07-10T12:22:24+00:00","twitter_card":"summary_large_image","twitter_misc":{"Dur\u00e9e de lecture estim\u00e9e":"1 minute"},"schema":{"@context":"https:\/\/schema.org","@graph":[{"@type":"WebPage","@id":"https:\/\/elfsight.com\/fr\/photo-gallery-widget\/magento\/","url":"https:\/\/elfsight.com\/fr\/photo-gallery-widget\/magento\/","name":"Plugin pour Photo - ajoutez plugin Galerie Photo sur Magento","isPartOf":{"@id":"https:\/\/elfsight.com\/fr\/#website"},"datePublished":"2021-12-03T09:03:00+00:00","dateModified":"2025-07-10T12:22:24+00:00","description":"Int\u00e9grez un Plugin pour Photo attractif sur votre site. Utilisez la d\u00e9mo d'Elfsight et g\u00e9n\u00e9rez votre extension en quelques minutes.","breadcrumb":{"@id":"https:\/\/elfsight.com\/fr\/photo-gallery-widget\/magento\/#breadcrumb"},"inLanguage":"fr-FR","potentialAction":[{"@type":"ReadAction","target":["https:\/\/elfsight.com\/fr\/photo-gallery-widget\/magento\/"]}]},{"@type":"BreadcrumbList","@id":"https:\/\/elfsight.com\/fr\/photo-gallery-widget\/magento\/#breadcrumb","itemListElement":[{"@type":"ListItem","position":1,"name":"Home","item":"https:\/\/elfsight.com\/fr\/"},{"@type":"ListItem","position":2,"name":"Photo Gallery","item":"https:\/\/elfsight.com\/fr\/photo-gallery-widget\/"},{"@type":"ListItem","position":3,"name":"Photo Gallery &#8211; Magento"}]},{"@type":"WebSite","@id":"https:\/\/elfsight.com\/fr\/#website","url":"https:\/\/elfsight.com\/fr\/","name":"Elfsight FR","description":"","potentialAction":[{"@type":"SearchAction","target":{"@type":"EntryPoint","urlTemplate":"https:\/\/elfsight.com\/fr\/?s={search_term_string}"},"query-input":{"@type":"PropertyValueSpecification","valueRequired":true,"valueName":"search_term_string"}}],"inLanguage":"fr-FR"}]}},"meta_box":{"industry":"","seo_heading":"","heading":"","description":"","cta_heading":"","cta_description":"","application":"1556","h1":"Plugin Plugin pour Photo pour Magento","h1_caption":"Pr\u00e9sentez vos images dans une galerie interactive et personnalisable qui am\u00e9liore sans effort l'attrait visuel de votre site Web sur votre site Web Magento.","application_category":[],"applications_title":"","applications_request_title":"","applications_request_button_text":"","hero_text":"","hero_video":"","hero_video_schema_markup":"","selling_points_title":"","selling_points_caption":"","selling_points":[],"selling_points_cta_text":"","features_title":"","features":"","ed_cta_examples_text":"","ed_cta_examples_hidden":"","ed_cta_demo_text":"","ed_cta_demo_hidden":"","why_caption":"","why_editor_title":"","why_editor_text":"","why_team_title":"","why_team_text":"","why_service_title":"","why_service_text":"","template_catalog_visible":"","template_catalog_title":"","template_catalog_text":"","template_catalog_categories_visible":"","demo_title":"Cr\u00e9ez votre extension Galerie de photos","demo_caption":"Configurez votre galerie de photos et ajoutez-la gratuitement \u00e0 votre site Web Magento\u00a0!","default_faq_hidden":"","app_template_category":[],"platform":"357","template_public_id":"","codecanyon_url":"","codecanyon_item_id":"","codecanyon_price":"","pricing_caption":"","pricing_elfsight_apps_hide_column":"","pricing_elfsight_apps_url":"","pricing_codecanyon_price_caption":"","integration_category":[],"integration_request_title":"","integration_request_cta":"","integration_platform":"","integrations":[],"platform_category":[],"video_schema_markup":"","price":"\u00c0 partir de $0\/mois","trial":"","benefits":[{"text":"Installation gratuite"},{"text":"Support Premium"},{"text":"Garantie de remboursement de 14 jours"},{"text":"L'am\u00e9lioration continue"}],"button_url":"#demo","button_target_blank":"0","button_nofollow":"0","attributes":[{"name":"Nombre d'installations","content":"1,000 - 5,000","_state":"expanded"},{"name":"Adaptif","content":"Oui","_state":"expanded"},{"name":"Navigateurs compatibles","content":"Firefox, Safari, Opera, Chrome, Edge","_state":"expanded"}],"tags":[],"tags_disable_links":"0","hide_more_platforms":"","video_object":"","demo_hide_cta":"0","demo_hide_cloud_options":"0","pricing_title":"","pricing":[{"pricing_icon":"platform","pricing_title":"Applications d'Elfsight","pricing_title_caption":"Solution num\u00e9rique multiplateforme qui fonctionne sur n'importe quel site","pricing_price":"\u00c0 partir de $0\/mois","pricing_price_caption":"Commencez avec un plan gratuit","pricing_benefits":[{"text":"Sites Web illimit\u00e9s"},{"text":"\u00c9quipe d'assistance professionnelle"},{"text":"Service d'installation gratuit"},{"text":"100% personnalisable"}],"pricing_button_text":"Ajouter au site Web","pricing_button_url":"https:\/\/apps.elfsight.com\/sign-up\/","pricing_button_nofollow":"1","_state":"expanded"}],"related_apps_title":"","related_apps_hidden":"1","author":"","image":[],"title":"","job":"","social_networks":[]},"_links":{"self":[{"href":"https:\/\/elfsight.com\/fr\/wp-json\/wp\/v2\/pages\/5879","targetHints":{"allow":["GET"]}}],"collection":[{"href":"https:\/\/elfsight.com\/fr\/wp-json\/wp\/v2\/pages"}],"about":[{"href":"https:\/\/elfsight.com\/fr\/wp-json\/wp\/v2\/types\/page"}],"author":[{"embeddable":true,"href":"https:\/\/elfsight.com\/fr\/wp-json\/wp\/v2\/users\/18"}],"replies":[{"embeddable":true,"href":"https:\/\/elfsight.com\/fr\/wp-json\/wp\/v2\/comments?post=5879"}],"version-history":[{"count":2,"href":"https:\/\/elfsight.com\/fr\/wp-json\/wp\/v2\/pages\/5879\/revisions"}],"predecessor-version":[{"id":14571,"href":"https:\/\/elfsight.com\/fr\/wp-json\/wp\/v2\/pages\/5879\/revisions\/14571"}],"up":[{"embeddable":true,"href":"https:\/\/elfsight.com\/fr\/wp-json\/wp\/v2\/pages\/1563"}],"wp:attachment":[{"href":"https:\/\/elfsight.com\/fr\/wp-json\/wp\/v2\/media?parent=5879"}],"curies":[{"name":"wp","href":"https:\/\/api.w.org\/{rel}","templated":true}]}}