{"id":5875,"date":"2021-12-03T09:03:08","date_gmt":"2021-12-03T09:03:08","guid":{"rendered":"https:\/\/elfsight.com\/fr\/?page_id=5875"},"modified":"2025-07-10T12:22:14","modified_gmt":"2025-07-10T12:22:14","slug":"jquery","status":"publish","type":"page","link":"https:\/\/elfsight.com\/fr\/photo-gallery-widget\/jquery\/","title":{"rendered":"Photo Gallery &#8211; jQuery"},"content":{"rendered":"<div class=\"application-platform-content-item-description application-platform-content-item\" id=\"description\" data-nav-section=\"description\"><h2>Description<\/h2> <p>Elfsight Gallery est le moyen le plus rapide d&rsquo;organiser des photos ou de cr\u00e9er de magnifiques albums sur votre site Web. Ajoutez n&rsquo;importe quel nombre de photos, r\u00e9digez des l\u00e9gendes et trouvez la mani\u00e8re optimale de les placer sur la page. Notre plugin r\u00e9actif propose 6 types de mise en page et diff\u00e9rentes autres options de conception. Chaque image appara\u00eet dans une fen\u00eatre contextuelle, les utilisateurs peuvent les parcourir ou regarder un diaporama, zoomer et voir les images en plein \u00e9cran. Vous avez la possibilit\u00e9 de colorer l&rsquo;interface du widget et d&rsquo;ajouter un arri\u00e8re-plan unique, de modifier les param\u00e8tres de texte et d&rsquo;autres fonctionnalit\u00e9s de style. <\/p> <p><b>G\u00e9n\u00e9rez des galeries de photos incontournables\u00a0!<\/b><\/p> <p><b>Accentuez ce qui compte vraiment<\/b><br>Appliquez la galerie d&rsquo;images r\u00e9active plugin pour pr\u00e9senter vos offres les plus int\u00e9ressantes ou pour vanter vos photos de produits.<\/p><p><b>Pr\u00e9sentez vos \u0153uvres ou produits exceptionnels<\/b><br>Vos photos et images remarquables attireront plus de vues et attireront les gens. p\u00e9riode de temps plus longue, augmentant ainsi l&rsquo;engagement sur le site.<\/b><p><b>R\u00e9alisez plus de ventes en 1-2-3<\/b><br>En affichant vos connaissances via le widget Photo, vous aurez vos visiteurs n&rsquo;ont plus le pouvoir de refuser d&rsquo;effectuer un achat de mani\u00e8re \u00e0 augmenter vos ventes.<\/b><\/div> <div class=\"application-platform-content-item-features application-platform-content-item\" id=\"features\" data-nav-section=\"features\"><h2>Fonctionnalit\u00e9s<\/h2> <p>Voir toutes les fonctionnalit\u00e9s traits de la galerie de photos pour jQuery. Vous pouvez les d\u00e9finir directement dans l&rsquo;\u00e9diteur et ils vous aideront \u00e0 construire le plugin adapt\u00e9 \u00e0 votre cas d&rsquo;utilisation. <\/p> <ul> <li>Utilisez les CTA pour guider les visiteurs du site vers la conversion. <\/li> <li>Dur\u00e9e de changement de diapositive personnalis\u00e9e. <\/li> <li>Choisissez entre de nombreuses fonctionnalit\u00e9s de pagination. <\/li> <li>Placez votre texte o\u00f9 vous le souhaitez sur la page \u00e0 l&rsquo;aide de la position avanc\u00e9e. <\/li> <li>Ajustez 5 fonctions de contenu. <\/li> <\/ul> <p><a href=\"#demo\">Testez toutes les autres fonctions de la d\u00e9mo<\/a><\/p> <\/div> <div class=\"faq\" data-component=\"FAQ\"><div class=\"faq-item\">\r\n\t\t\t\t\t<div class=\"faq-item-question\">\r\n\t\t\t\t\t\t<h3 class=\"faq-item-question-text\">Comment puis-je int\u00e9grer une galerie de photos sur mon site jQuery ? <\/h3>\r\n\r\n\t\t\t\t\t\t<div class=\"faq-item-question-icon\"><\/div>\r\n\t\t\t\t\t<\/div>\r\n\r\n\t\t\t\t\t<div class=\"faq-item-answer\">\r\n\t\t\t\t\t\t<div class=\"faq-item-answer-text\"><p>La cr\u00e9ation de l&rsquo;outil s&rsquo;effectue au sein du site Elfsight et il n&rsquo;est pas n\u00e9cessaire d&rsquo;apprendre \u00e0 coder. Utilisez notre d\u00e9mo en direct pour personnaliser votre outil personnel, obtenez le code et ins\u00e9rez-le dans votre site. <\/p><\/div>\r\n\t\t\t\t\t<\/div>\r\n\t\t\t\t<\/div><div class=\"faq-item\">\r\n\t\t\t\t\t<div class=\"faq-item-question\">\r\n\t\t\t\t\t\t<h3 class=\"faq-item-question-text\">Les meilleurs exemples d'utilisation de l'int\u00e9gration de widgets Galerie<\/h3>\r\n\r\n\t\t\t\t\t\t<div class=\"faq-item-question-icon\"><\/div>\r\n\t\t\t\t\t<\/div>\r\n\r\n\t\t\t\t\t<div class=\"faq-item-answer\">\r\n\t\t\t\t\t\t<div class=\"faq-item-answer-text\"><p>Nous vous offrons de nombreuses options de personnalisation\u00a0: widgets complets \u00e0 int\u00e9grer dans la zone de contenu, flottants des plugins pour la fonction de d\u00e9filement, des vignettes pour le pied de page de votre site Web, la section d&rsquo;en-t\u00eate et toutes les variantes d&rsquo;options verticales pour les barres lat\u00e9rales et les menus du site Web. <\/p><\/div>\r\n\t\t\t\t\t<\/div>\r\n\t\t\t\t<\/div><div class=\"faq-item\">\r\n\t\t\t\t\t<div class=\"faq-item-question\">\r\n\t\t\t\t\t\t<h3 class=\"faq-item-question-text\">Comment puis-je cr\u00e9er une galerie de produits ou un slider de photos r\u00e9actif \u00e0 l'aide de votre \u00e9diteur ? <\/h3>\r\n\r\n\t\t\t\t\t\t<div class=\"faq-item-question-icon\"><\/div>\r\n\t\t\t\t\t<\/div>\r\n\r\n\t\t\t\t\t<div class=\"faq-item-answer\">\r\n\t\t\t\t\t\t<div class=\"faq-item-answer-text\"><p>Vous pouvez cr\u00e9er les modifications de n&rsquo;importe quel widget. De nombreuses mises en page sont \u00e0 votre disposition dans l&rsquo;\u00e9diteur, et toutes peuvent \u00eatre facilement ajust\u00e9es selon vos besoins. <\/p><\/div>\r\n\t\t\t\t\t<\/div>\r\n\t\t\t\t<\/div><\/div><div class=\"application-platform-content-item-installation application-platform-content-item\" id=\"installation\" data-nav-section=\"installation\"><h2>Comment ajouter le plugin Galerie de photos au site Web jQuery\u00a0?<\/h2> <p>Pour introduire le widget, suivez simplement quelques \u00e9tapes rapides. <\/p> <ol><li><b>G\u00e9n\u00e9rez votre plugin Galerie personnel<\/b><br> Avec l&rsquo;aide de notre \u00e9diteur gratuit, configurez un widget avec une mise en page et des caract\u00e9ristiques fonctionnelles pr\u00e9f\u00e9r\u00e9es.<\/li> <li><b>Obtenir le code individuel pour int\u00e9grer le plugin<\/b><br> Apr\u00e8s avoir configur\u00e9 votre widget, vous recevrez le code d&rsquo;installation dans la fen\u00eatre contextuelle des applications Elfsight. Copiez-le.<\/li> <li><b>Int\u00e9grez le plugin sur votre site Web jQuery<\/b><br> Choisissez la zone dans laquelle vous devez r\u00e9v\u00e9ler le widget et collez-y le code copi\u00e9. Publiez les modifications.<\/li> <li><b>Vous avez r\u00e9ussi l&rsquo;installation\u00a0!<\/b><br> Visitez votre boutique pour voir votre plugin. <\/li> <\/ol> <p>N&rsquo;h\u00e9sitez pas \u00e0 contacter notre service d&rsquo;assistance si vous avez besoin d&rsquo;aide ou si vous avez quelque chose \u00e0 demander. Nous serons heureux de r\u00e9pondre \u00e0 chaque demande. <\/p> <\/div>","protected":false},"excerpt":{"rendered":"","protected":false},"author":18,"featured_media":0,"parent":1563,"menu_order":0,"comment_status":"closed","ping_status":"closed","template":"templates\/template-application-platform.php","meta":{"publish_to_discourse":"","publish_post_category":"","wpdc_auto_publish_overridden":"","wpdc_topic_tags":"","wpdc_pin_topic":"","wpdc_pin_until":"","discourse_post_id":"","discourse_permalink":"","wpdc_publishing_response":"","wpdc_publishing_error":"","footnotes":""},"class_list":["post-5875","page","type-page","status-publish","hentry"],"yoast_head":"<!-- This site is optimized with the Yoast SEO plugin v25.3.1 - https:\/\/yoast.com\/wordpress\/plugins\/seo\/ -->\n<title>Plugin pour Photo - ajoutez widget Galerie Photo sur jQuery<\/title>\n<meta name=\"description\" content=\"Int\u00e9grez un Plugin pour Photo attractif sur votre site. Utilisez la d\u00e9mo d&#039;Elfsight et g\u00e9n\u00e9rez votre widget en quelques minutes.\" \/>\n<meta name=\"robots\" content=\"index, follow, max-snippet:-1, max-image-preview:large, max-video-preview:-1\" \/>\n<link rel=\"canonical\" href=\"https:\/\/elfsight.com\/fr\/photo-gallery-widget\/jquery\/\" \/>\n<meta property=\"og:locale\" content=\"fr_FR\" \/>\n<meta property=\"og:type\" content=\"article\" \/>\n<meta property=\"og:title\" content=\"Plugin pour Photo - ajoutez widget Galerie Photo sur jQuery\" \/>\n<meta property=\"og:description\" content=\"Int\u00e9grez un Plugin pour Photo attractif sur votre site. Utilisez la d\u00e9mo d&#039;Elfsight et g\u00e9n\u00e9rez votre widget en quelques minutes.\" \/>\n<meta property=\"og:url\" content=\"https:\/\/elfsight.com\/fr\/photo-gallery-widget\/jquery\/\" \/>\n<meta property=\"og:site_name\" content=\"Elfsight FR\" \/>\n<meta property=\"article:modified_time\" content=\"2025-07-10T12:22:14+00:00\" \/>\n<meta name=\"twitter:card\" content=\"summary_large_image\" \/>\n<meta name=\"twitter:label1\" content=\"Dur\u00e9e de lecture estim\u00e9e\" \/>\n\t<meta name=\"twitter:data1\" content=\"1 minute\" \/>\n<!-- \/ Yoast SEO plugin. -->","yoast_head_json":{"title":"Plugin pour Photo - ajoutez widget Galerie Photo sur jQuery","description":"Int\u00e9grez un Plugin pour Photo attractif sur votre site. Utilisez la d\u00e9mo d'Elfsight et g\u00e9n\u00e9rez votre widget en quelques minutes.","robots":{"index":"index","follow":"follow","max-snippet":"max-snippet:-1","max-image-preview":"max-image-preview:large","max-video-preview":"max-video-preview:-1"},"canonical":"https:\/\/elfsight.com\/fr\/photo-gallery-widget\/jquery\/","og_locale":"fr_FR","og_type":"article","og_title":"Plugin pour Photo - ajoutez widget Galerie Photo sur jQuery","og_description":"Int\u00e9grez un Plugin pour Photo attractif sur votre site. Utilisez la d\u00e9mo d'Elfsight et g\u00e9n\u00e9rez votre widget en quelques minutes.","og_url":"https:\/\/elfsight.com\/fr\/photo-gallery-widget\/jquery\/","og_site_name":"Elfsight FR","article_modified_time":"2025-07-10T12:22:14+00:00","twitter_card":"summary_large_image","twitter_misc":{"Dur\u00e9e de lecture estim\u00e9e":"1 minute"},"schema":{"@context":"https:\/\/schema.org","@graph":[{"@type":"WebPage","@id":"https:\/\/elfsight.com\/fr\/photo-gallery-widget\/jquery\/","url":"https:\/\/elfsight.com\/fr\/photo-gallery-widget\/jquery\/","name":"Plugin pour Photo - ajoutez widget Galerie Photo sur jQuery","isPartOf":{"@id":"https:\/\/elfsight.com\/fr\/#website"},"datePublished":"2021-12-03T09:03:08+00:00","dateModified":"2025-07-10T12:22:14+00:00","description":"Int\u00e9grez un Plugin pour Photo attractif sur votre site. Utilisez la d\u00e9mo d'Elfsight et g\u00e9n\u00e9rez votre widget en quelques minutes.","breadcrumb":{"@id":"https:\/\/elfsight.com\/fr\/photo-gallery-widget\/jquery\/#breadcrumb"},"inLanguage":"fr-FR","potentialAction":[{"@type":"ReadAction","target":["https:\/\/elfsight.com\/fr\/photo-gallery-widget\/jquery\/"]}]},{"@type":"BreadcrumbList","@id":"https:\/\/elfsight.com\/fr\/photo-gallery-widget\/jquery\/#breadcrumb","itemListElement":[{"@type":"ListItem","position":1,"name":"Home","item":"https:\/\/elfsight.com\/fr\/"},{"@type":"ListItem","position":2,"name":"Photo Gallery","item":"https:\/\/elfsight.com\/fr\/photo-gallery-widget\/"},{"@type":"ListItem","position":3,"name":"Photo Gallery &#8211; jQuery"}]},{"@type":"WebSite","@id":"https:\/\/elfsight.com\/fr\/#website","url":"https:\/\/elfsight.com\/fr\/","name":"Elfsight FR","description":"","potentialAction":[{"@type":"SearchAction","target":{"@type":"EntryPoint","urlTemplate":"https:\/\/elfsight.com\/fr\/?s={search_term_string}"},"query-input":{"@type":"PropertyValueSpecification","valueRequired":true,"valueName":"search_term_string"}}],"inLanguage":"fr-FR"}]}},"meta_box":{"industry":"","seo_heading":"","heading":"","description":"","cta_heading":"","cta_description":"","application":"1556","h1":"Widget Plugin pour Photo pour jQuery","h1_caption":"Pr\u00e9sentez vos images dans une galerie interactive et personnalisable qui am\u00e9liore sans effort l'attrait visuel de votre site Web sur votre site Web jQuery.","application_category":[],"applications_title":"","applications_request_title":"","applications_request_button_text":"","hero_text":"","hero_video":"","hero_video_schema_markup":"","selling_points_title":"","selling_points_caption":"","selling_points":[],"selling_points_cta_text":"","features_title":"","features":"","ed_cta_examples_text":"","ed_cta_examples_hidden":"","ed_cta_demo_text":"","ed_cta_demo_hidden":"","why_caption":"","why_editor_title":"","why_editor_text":"","why_team_title":"","why_team_text":"","why_service_title":"","why_service_text":"","template_catalog_visible":"","template_catalog_title":"","template_catalog_text":"","template_catalog_categories_visible":"","demo_title":"Cr\u00e9ez votre plugin Galerie de photos","demo_caption":"Configurez votre galerie de photos et ajoutez-la gratuitement \u00e0 votre site Web jQuery\u00a0!","default_faq_hidden":"","app_template_category":[],"platform":"355","template_public_id":"","codecanyon_url":"","codecanyon_item_id":"","codecanyon_price":"","pricing_caption":"","pricing_elfsight_apps_hide_column":"","pricing_elfsight_apps_url":"","pricing_codecanyon_price_caption":"","integration_category":[],"integration_request_title":"","integration_request_cta":"","integration_platform":"","integrations":[],"platform_category":[],"video_schema_markup":"","price":"\u00c0 partir de $0\/mois","trial":"","benefits":[{"text":"Installation gratuite"},{"text":"Support Premium"},{"text":"Garantie de remboursement de 14 jours"},{"text":"L'am\u00e9lioration continue"}],"button_url":"#demo","button_target_blank":"0","button_nofollow":"0","attributes":[{"name":"Nombre d'installations","content":"1,000 - 5,000","_state":"expanded"},{"name":"Adaptif","content":"Oui","_state":"expanded"},{"name":"Navigateurs compatibles","content":"Firefox, Safari, Opera, Chrome, Edge","_state":"expanded"}],"tags":[],"tags_disable_links":"0","hide_more_platforms":"","video_object":"","demo_hide_cta":"0","demo_hide_cloud_options":"0","pricing_title":"","pricing":[{"pricing_icon":"platform","pricing_title":"Applications d'Elfsight","pricing_title_caption":"Solution num\u00e9rique multiplateforme qui fonctionne sur n'importe quel site","pricing_price":"\u00c0 partir de $0\/mois","pricing_price_caption":"Commencez avec un plan gratuit","pricing_benefits":[{"text":"Sites Web illimit\u00e9s"},{"text":"\u00c9quipe d'assistance professionnelle"},{"text":"Service d'installation gratuit"},{"text":"100% personnalisable"}],"pricing_button_text":"Ajouter au site Web","pricing_button_url":"https:\/\/apps.elfsight.com\/sign-up\/","pricing_button_nofollow":"1","_state":"expanded"}],"related_apps_title":"","related_apps_hidden":"1","author":"","image":[],"title":"","job":"","social_networks":[]},"_links":{"self":[{"href":"https:\/\/elfsight.com\/fr\/wp-json\/wp\/v2\/pages\/5875","targetHints":{"allow":["GET"]}}],"collection":[{"href":"https:\/\/elfsight.com\/fr\/wp-json\/wp\/v2\/pages"}],"about":[{"href":"https:\/\/elfsight.com\/fr\/wp-json\/wp\/v2\/types\/page"}],"author":[{"embeddable":true,"href":"https:\/\/elfsight.com\/fr\/wp-json\/wp\/v2\/users\/18"}],"replies":[{"embeddable":true,"href":"https:\/\/elfsight.com\/fr\/wp-json\/wp\/v2\/comments?post=5875"}],"version-history":[{"count":2,"href":"https:\/\/elfsight.com\/fr\/wp-json\/wp\/v2\/pages\/5875\/revisions"}],"predecessor-version":[{"id":14573,"href":"https:\/\/elfsight.com\/fr\/wp-json\/wp\/v2\/pages\/5875\/revisions\/14573"}],"up":[{"embeddable":true,"href":"https:\/\/elfsight.com\/fr\/wp-json\/wp\/v2\/pages\/1563"}],"wp:attachment":[{"href":"https:\/\/elfsight.com\/fr\/wp-json\/wp\/v2\/media?parent=5875"}],"curies":[{"name":"wp","href":"https:\/\/api.w.org\/{rel}","templated":true}]}}