{"id":5871,"date":"2021-12-03T09:03:19","date_gmt":"2021-12-03T09:03:19","guid":{"rendered":"https:\/\/elfsight.com\/fr\/?page_id=5871"},"modified":"2025-07-10T12:13:51","modified_gmt":"2025-07-10T12:13:51","slug":"jimdo","status":"publish","type":"page","link":"https:\/\/elfsight.com\/fr\/photo-gallery-widget\/jimdo\/","title":{"rendered":"Photo Gallery &#8211; Jimdo"},"content":{"rendered":"<div class=\"application-platform-content-item-description application-platform-content-item\" id=\"description\" data-nav-section=\"description\"> <h2>Description<\/h2> <p>La galerie de photos Elfsight est votre meilleur moyen de d\u00e9montrer des visuels ou de concevoir une splendide galerie sur votre site Web. T\u00e9l\u00e9chargez n&rsquo;importe quelle quantit\u00e9 d&rsquo;images, r\u00e9digez des descriptions et choisissez la mani\u00e8re optimale de les positionner sur la page. Le widget Elfsight propose six options de mise en page et diverses fonctions de conception suppl\u00e9mentaires. Chaque photo peut \u00eatre visualis\u00e9e en mode contextuel, les utilisateurs peuvent les parcourir ou d\u00e9marrer un diaporama, zoomer et d\u00e9zoomer et ouvrir les photos en plein \u00e9cran. Vous \u00eates libre de s\u00e9lectionner les couleurs les plus assorties pour les \u00e9l\u00e9ments du widget et de t\u00e9l\u00e9charger un arri\u00e8re-plan unique, d&rsquo;appliquer des param\u00e8tres de texte et davantage d&rsquo;opportunit\u00e9s de style.<\/p><p><b>Augmentez l&rsquo;engagement des visiteurs avec des collections de photos attrayantes\u00a0! <\/b><\/p><\/div> <div class=\"application-platform-content-item-features application-platform-content-item\" id=\"features\" data-nav-section=\"features\"> <h2>Les fonctionnalit\u00e9s de widget les plus populaires<\/h2> <ul><li>T\u00e9l\u00e9chargez n&rsquo;importe quel nombre d&rsquo;images<\/li><li>R\u00e9organisez les images selon vos besoins ou choisissez une option al\u00e9atoire pour les m\u00e9langer<\/li><li>Afficher le titre et la description de la photo en survol ou par d\u00e9faut\u00a0: dans l&rsquo;image ou en dessous<\/li><li>Ouvrir les photos dans une fen\u00eatre contextuelle ou par redirection vers n&rsquo;importe quelle URL<\/li><li>Afficher ou masquer le titre et la description dans la fen\u00eatre contextuelle<\/li><li>T\u00e9l\u00e9charger une image personnalis\u00e9e de l&rsquo;arri\u00e8re-plan<\/li><li>Choisissez la couleur d&rsquo;arri\u00e8re-plan, peignez-la vous-m\u00eame et d\u00e9finissez la superposition<\/li><li> li&gt;<li>Variez la forme des images de rectangle \u00e0 arrondi<\/li><li>Ajoutez des effets d&rsquo;image par d\u00e9faut et au survol<\/li><li>Choisissez la couleur de superposition des photos<\/li><\/ul><p><a href=\"#demo\">Examinez toutes les fonctionnalit\u00e9s de personnalisation dans la d\u00e9mo compl\u00e8te<\/a><\/p> <\/div> <div class=\"application-platform-content-item-installation application-platform-content-item\" id=\"installation\" data-nav-section=\"installation\"> <h2>Comment puis-je ajouter une galerie de photos \u00e0 mon site Jimdo ? <\/h2> <p>Appliquez simplement les instructions ci-dessous pour int\u00e9grer l&rsquo;outil. <\/p> <ol><li><b>Utilisez notre configurateur gratuit et commencez \u00e0 fa\u00e7onner votre widget personnalis\u00e9. <\/b><br> D\u00e9terminez la disposition et les aspects s\u00e9lectionn\u00e9s de l&rsquo;outil et enregistrez les corrections. <\/li> <li><b>R\u00e9cup\u00e9rez le code unique apparaissant dans la case sur Elfsight Apps. <\/b><br> D\u00e8s que la configuration de votre widget est termin\u00e9e, copiez le code individuel dans la fen\u00eatre contextuelle et enregistrez-le pour une utilisation future. <\/li> <li><b>Commencez \u00e0 utiliser l&rsquo;outil sur votre page d&rsquo;accueil Jimdo. <\/b><br> Saisissez le code que vous avez enregistr\u00e9 r\u00e9cemment sur votre page d&rsquo;accueil et enregistrez les ajustements. <\/li> <li><b>L&rsquo;installation est enti\u00e8rement effectu\u00e9e. <\/b><br> Visitez votre site Web pour inspecter le fonctionnement du widget. <\/li><\/ol> <p>Si vous rencontrez des probl\u00e8mes, n&rsquo;h\u00e9sitez pas \u00e0 \u00e9crire \u00e0 notre \u00e9quipe d&rsquo;assistance. Nos collaborateurs se feront un plaisir de vous aider avec toutes les difficult\u00e9s que vous pourriez rencontrer avec l&rsquo;outil. <\/p> <div class=\"faq\" data-component=\"FAQ\"><div class=\"faq-item\">\r\n\t\t\t\t\t<div class=\"faq-item-question\">\r\n\t\t\t\t\t\t<h3 class=\"faq-item-question-text\">Existe-t-il une m\u00e9thode pour int\u00e9grer une galerie de photos \u00e0 ma page Web Jimdo sans exp\u00e9rience en codage ?<\/h3>\r\n\r\n\t\t\t\t\t\t<div class=\"faq-item-question-icon\"><\/div>\r\n\t\t\t\t\t<\/div>\r\n\r\n\t\t\t\t\t<div class=\"faq-item-answer\">\r\n\t\t\t\t\t\t<div class=\"faq-item-answer-text\"> <p>Elfsight fournit une solution Cloud qui permet \u00e0 l&rsquo;utilisateur de g\u00e9n\u00e9rer lui-m\u00eame une section Galerie de photos, d\u00e9couvrez \u00e0 quel point c&rsquo;est simple : travaillez directement dans l&rsquo;\u00e9diteur en direct pour cr\u00e9er une section Galerie de photos que vous souhaiteriez voir appara\u00eetre sur votre Jimdo. Choisissez l&rsquo;un des mod\u00e8les pr\u00e9d\u00e9finis et modifiez les param\u00e8tres de la galerie de photos, modifiez la mise en page et les couleurs, y compris votre contenu, sans codage. Cliquez pour enregistrer la galerie de photos et copier le code d&rsquo;installation du plugin, qui peut \u00eatre facilement coll\u00e9 dans n&rsquo;importe quel site Jimdo en utilisant un plan gratuit. \u00c0 l&rsquo;aide du configurateur simple, tout internaute peut cr\u00e9er une application Galerie de photos et l&rsquo;int\u00e9grer sur le site Web Jimdo. Il n&rsquo;est pas n\u00e9cessaire de payer ou de soumettre les informations d&rsquo;identification de votre carte pour acc\u00e9der \u00e0 notre service. Si vous rencontrez des probl\u00e8mes \u00e0 quelque \u00e9tape que ce soit, n&rsquo;h\u00e9sitez pas \u00e0 contacter notre support technique client.<\/p> <\/div>\r\n\t\t\t\t\t<\/div>\r\n\t\t\t\t<\/div> <\/div><\/div>","protected":false},"excerpt":{"rendered":"","protected":false},"author":18,"featured_media":0,"parent":1563,"menu_order":0,"comment_status":"closed","ping_status":"closed","template":"templates\/template-application-platform.php","meta":{"publish_to_discourse":"","publish_post_category":"","wpdc_auto_publish_overridden":"","wpdc_topic_tags":"","wpdc_pin_topic":"","wpdc_pin_until":"","discourse_post_id":"","discourse_permalink":"","wpdc_publishing_response":"","wpdc_publishing_error":"","footnotes":""},"class_list":["post-5871","page","type-page","status-publish","hentry"],"yoast_head":"<!-- This site is optimized with the Yoast SEO plugin v25.3.1 - https:\/\/yoast.com\/wordpress\/plugins\/seo\/ -->\n<title>Plugin pour Photo - ajoutez plugin Galerie Photo sur Jimdo<\/title>\n<meta name=\"description\" content=\"Int\u00e9grez un Plugin pour Photo avantageux sur votre site. Appliquez la d\u00e9mo d&#039;Elfsight et g\u00e9n\u00e9rez votre widget en deux minutes.\" \/>\n<meta name=\"robots\" content=\"index, follow, max-snippet:-1, max-image-preview:large, max-video-preview:-1\" \/>\n<link rel=\"canonical\" href=\"https:\/\/elfsight.com\/fr\/photo-gallery-widget\/jimdo\/\" \/>\n<meta property=\"og:locale\" content=\"fr_FR\" \/>\n<meta property=\"og:type\" content=\"article\" \/>\n<meta property=\"og:title\" content=\"Plugin pour Photo - ajoutez plugin Galerie Photo sur Jimdo\" \/>\n<meta property=\"og:description\" content=\"Int\u00e9grez un Plugin pour Photo avantageux sur votre site. Appliquez la d\u00e9mo d&#039;Elfsight et g\u00e9n\u00e9rez votre widget en deux minutes.\" \/>\n<meta property=\"og:url\" content=\"https:\/\/elfsight.com\/fr\/photo-gallery-widget\/jimdo\/\" \/>\n<meta property=\"og:site_name\" content=\"Elfsight FR\" \/>\n<meta property=\"article:modified_time\" content=\"2025-07-10T12:13:51+00:00\" \/>\n<meta name=\"twitter:card\" content=\"summary_large_image\" \/>\n<meta name=\"twitter:label1\" content=\"Dur\u00e9e de lecture estim\u00e9e\" \/>\n\t<meta name=\"twitter:data1\" content=\"1 minute\" \/>\n<!-- \/ Yoast SEO plugin. -->","yoast_head_json":{"title":"Plugin pour Photo - ajoutez plugin Galerie Photo sur Jimdo","description":"Int\u00e9grez un Plugin pour Photo avantageux sur votre site. Appliquez la d\u00e9mo d'Elfsight et g\u00e9n\u00e9rez votre widget en deux minutes.","robots":{"index":"index","follow":"follow","max-snippet":"max-snippet:-1","max-image-preview":"max-image-preview:large","max-video-preview":"max-video-preview:-1"},"canonical":"https:\/\/elfsight.com\/fr\/photo-gallery-widget\/jimdo\/","og_locale":"fr_FR","og_type":"article","og_title":"Plugin pour Photo - ajoutez plugin Galerie Photo sur Jimdo","og_description":"Int\u00e9grez un Plugin pour Photo avantageux sur votre site. Appliquez la d\u00e9mo d'Elfsight et g\u00e9n\u00e9rez votre widget en deux minutes.","og_url":"https:\/\/elfsight.com\/fr\/photo-gallery-widget\/jimdo\/","og_site_name":"Elfsight FR","article_modified_time":"2025-07-10T12:13:51+00:00","twitter_card":"summary_large_image","twitter_misc":{"Dur\u00e9e de lecture estim\u00e9e":"1 minute"},"schema":{"@context":"https:\/\/schema.org","@graph":[{"@type":"WebPage","@id":"https:\/\/elfsight.com\/fr\/photo-gallery-widget\/jimdo\/","url":"https:\/\/elfsight.com\/fr\/photo-gallery-widget\/jimdo\/","name":"Plugin pour Photo - ajoutez plugin Galerie Photo sur Jimdo","isPartOf":{"@id":"https:\/\/elfsight.com\/fr\/#website"},"datePublished":"2021-12-03T09:03:19+00:00","dateModified":"2025-07-10T12:13:51+00:00","description":"Int\u00e9grez un Plugin pour Photo avantageux sur votre site. Appliquez la d\u00e9mo d'Elfsight et g\u00e9n\u00e9rez votre widget en deux minutes.","breadcrumb":{"@id":"https:\/\/elfsight.com\/fr\/photo-gallery-widget\/jimdo\/#breadcrumb"},"inLanguage":"fr-FR","potentialAction":[{"@type":"ReadAction","target":["https:\/\/elfsight.com\/fr\/photo-gallery-widget\/jimdo\/"]}]},{"@type":"BreadcrumbList","@id":"https:\/\/elfsight.com\/fr\/photo-gallery-widget\/jimdo\/#breadcrumb","itemListElement":[{"@type":"ListItem","position":1,"name":"Home","item":"https:\/\/elfsight.com\/fr\/"},{"@type":"ListItem","position":2,"name":"Photo Gallery","item":"https:\/\/elfsight.com\/fr\/photo-gallery-widget\/"},{"@type":"ListItem","position":3,"name":"Photo Gallery &#8211; Jimdo"}]},{"@type":"WebSite","@id":"https:\/\/elfsight.com\/fr\/#website","url":"https:\/\/elfsight.com\/fr\/","name":"Elfsight FR","description":"","potentialAction":[{"@type":"SearchAction","target":{"@type":"EntryPoint","urlTemplate":"https:\/\/elfsight.com\/fr\/?s={search_term_string}"},"query-input":{"@type":"PropertyValueSpecification","valueRequired":true,"valueName":"search_term_string"}}],"inLanguage":"fr-FR"}]}},"meta_box":{"industry":"","seo_heading":"","heading":"","description":"","cta_heading":"","cta_description":"","application":"1556","h1":"Plugin Plugin pour Photo pour Jimdo","h1_caption":"Pr\u00e9sentez vos images dans une galerie interactive et personnalisable qui am\u00e9liore sans effort l'attrait visuel de votre site Web sur votre site Jimdo.","application_category":[],"applications_title":"","applications_request_title":"","applications_request_button_text":"","hero_text":"","hero_video":"","hero_video_schema_markup":"","selling_points_title":"","selling_points_caption":"","selling_points":[],"selling_points_cta_text":"","features_title":"","features":"","ed_cta_examples_text":"","ed_cta_examples_hidden":"","ed_cta_demo_text":"","ed_cta_demo_hidden":"","why_caption":"","why_editor_title":"","why_editor_text":"","why_team_title":"","why_team_text":"","why_service_title":"","why_service_text":"","template_catalog_visible":"","template_catalog_title":"","template_catalog_text":"","template_catalog_categories_visible":"","demo_title":"Cr\u00e9ez votre widget Galerie de photos","demo_caption":"Configurez votre galerie de photos et ajoutez-la gratuitement \u00e0 votre site Jimdo !","default_faq_hidden":"","app_template_category":[],"platform":"372","template_public_id":"","codecanyon_url":"","codecanyon_item_id":"","codecanyon_price":"","pricing_caption":"","pricing_elfsight_apps_hide_column":"","pricing_elfsight_apps_url":"","pricing_codecanyon_price_caption":"","integration_category":[],"integration_request_title":"","integration_request_cta":"","integration_platform":"","integrations":[],"platform_category":[],"video_schema_markup":"","price":"\u00c0 partir de $0\/mois","trial":"","benefits":[{"text":"Installation gratuite"},{"text":"Support Premium"},{"text":"Garantie de remboursement de 14 jours"},{"text":"L'am\u00e9lioration continue"}],"button_url":"#demo","button_target_blank":"0","button_nofollow":"0","attributes":[{"name":"Nombre d'installations","content":"1,000 - 5,000","_state":"expanded"},{"name":"Adaptif","content":"Oui","_state":"expanded"},{"name":"Navigateurs compatibles","content":"Firefox, Safari, Opera, Chrome, Edge","_state":"expanded"}],"tags":[],"tags_disable_links":"0","hide_more_platforms":"","video_object":"","demo_hide_cta":"0","demo_hide_cloud_options":"0","pricing_title":"","pricing":[{"pricing_icon":"platform","pricing_title":"Applications d'Elfsight","pricing_title_caption":"Solution num\u00e9rique multiplateforme qui fonctionne sur n'importe quel site","pricing_price":"\u00c0 partir de $0\/mois","pricing_price_caption":"Commencez avec un plan gratuit","pricing_benefits":[{"text":"Sites Web illimit\u00e9s"},{"text":"\u00c9quipe d'assistance professionnelle"},{"text":"Service d'installation gratuit"},{"text":"100% personnalisable"}],"pricing_button_text":"Ajouter au site Web","pricing_button_url":"https:\/\/apps.elfsight.com\/sign-up\/","pricing_button_nofollow":"1","_state":"expanded"}],"related_apps_title":"","related_apps_hidden":"1","author":"","image":[],"title":"","job":"","social_networks":[]},"_links":{"self":[{"href":"https:\/\/elfsight.com\/fr\/wp-json\/wp\/v2\/pages\/5871","targetHints":{"allow":["GET"]}}],"collection":[{"href":"https:\/\/elfsight.com\/fr\/wp-json\/wp\/v2\/pages"}],"about":[{"href":"https:\/\/elfsight.com\/fr\/wp-json\/wp\/v2\/types\/page"}],"author":[{"embeddable":true,"href":"https:\/\/elfsight.com\/fr\/wp-json\/wp\/v2\/users\/18"}],"replies":[{"embeddable":true,"href":"https:\/\/elfsight.com\/fr\/wp-json\/wp\/v2\/comments?post=5871"}],"version-history":[{"count":2,"href":"https:\/\/elfsight.com\/fr\/wp-json\/wp\/v2\/pages\/5871\/revisions"}],"predecessor-version":[{"id":14575,"href":"https:\/\/elfsight.com\/fr\/wp-json\/wp\/v2\/pages\/5871\/revisions\/14575"}],"up":[{"embeddable":true,"href":"https:\/\/elfsight.com\/fr\/wp-json\/wp\/v2\/pages\/1563"}],"wp:attachment":[{"href":"https:\/\/elfsight.com\/fr\/wp-json\/wp\/v2\/media?parent=5871"}],"curies":[{"name":"wp","href":"https:\/\/api.w.org\/{rel}","templated":true}]}}