{"id":5869,"date":"2021-12-03T09:03:23","date_gmt":"2021-12-03T09:03:23","guid":{"rendered":"https:\/\/elfsight.com\/fr\/?page_id=5869"},"modified":"2025-07-10T08:30:52","modified_gmt":"2025-07-10T08:30:52","slug":"iframe","status":"publish","type":"page","link":"https:\/\/elfsight.com\/fr\/photo-gallery-widget\/iframe\/","title":{"rendered":"Photo Gallery &#8211; iFrame"},"content":{"rendered":"<div class=\"application-platform-content-item-description application-platform-content-item\" id=\"description\" data-nav-section=\"description\"><h2>Int\u00e9grer une galerie de photos sur iFrame avec le widget Elfsight<\/h2> <p>Elfsight Gallery est le moyen le plus simple d&rsquo;organiser des visuels ou de cr\u00e9er un style \u00e9l\u00e9gant. albums sur votre site Web. T\u00e9l\u00e9chargez n&rsquo;importe quel nombre de photos, placez des commentaires et choisissez la meilleure fa\u00e7on de les placer sur la page. Le widget Elfsight propose 6 variantes de mise en page et diff\u00e9rentes autres fonctionnalit\u00e9s de conception. Chaque image appara\u00eet dans une fen\u00eatre contextuelle, les utilisateurs peuvent les parcourir ou d\u00e9marrer un diaporama, zoomer et d\u00e9zoomer et ouvrir les images en plein \u00e9cran. Vous pouvez choisir des couleurs personnalis\u00e9es pour les \u00e9l\u00e9ments du widget et t\u00e9l\u00e9charger un arri\u00e8re-plan unique, varier les param\u00e8tres de texte et davantage de possibilit\u00e9s de style.<\/p><p><b>Augmentez l&rsquo;engagement \u00e0 l&rsquo;aide de galeries de photos incontournables\u00a0! <\/b><\/p> <\/div> <div class=\"application-platform-content-item-features application-platform-content-item\" id=\"features\" data-nav-section=\"features\"><h2>Principales fonctionnalit\u00e9s du widget Galerie de photos<\/h2> <p>Voici une liste de toutes les caract\u00e9ristiques fonctionnelles de la Galerie de photos pour iFrame . Vous pouvez les g\u00e9rer directement dans l&rsquo;\u00e9diteur et ils vous aideront \u00e0 cr\u00e9er le widget adapt\u00e9 \u00e0 votre cas. <\/p> <ul> <li>Utilisez des boutons CTA pour guider les visiteurs du site vers votre objectif. <\/li> <li>Ajustez la dur\u00e9e du changement de diapositive. <\/li> <li>Choisissez entre de nombreuses variantes de pagination. <\/li> <li>Placez le texte n&rsquo;importe o\u00f9 sur la page gr\u00e2ce \u00e0 la position avanc\u00e9e. <\/li> <li>Ajustez cinq \u00e9l\u00e9ments de contenu. <\/li> <\/ul> <p><a href=\"#demo\">D\u00e9couvrez comment fonctionnent toutes les fonctionnalit\u00e9s, dans notre d\u00e9mo<\/a><\/p> <\/div> <div class=\"application-platform-content-item-installation application-platform-content-item\" id=\"installation\" data-nav-section=\"installation\"> <h2>Comment ajouter une galerie de photos \u00e0 iFrame\u00a0? <\/h2> <p>Pour ajouter un widget, suivez les instructions ci-dessous. <\/p> <ol><li><b>G\u00e9n\u00e9rez votre plugin Galerie unique<\/b><br> \u00c0 l&rsquo;aide de notre d\u00e9mo gratuite, cr\u00e9ez un plugin avec une apparence et des fonctions pr\u00e9f\u00e9r\u00e9es. <\/li> <li><b>Obtenez le code individuel pour int\u00e9grer le plugin<\/b><br> Apr\u00e8s avoir configur\u00e9 votre widget, vous obtiendrez votre code d&rsquo;installation dans la fen\u00eatre qui appara\u00eet sur Elfsight Apps. Copiez-le. <\/li> <li><b>Ajoutez le plugin sur votre site iFrame<\/b><br> Trouvez l&rsquo;endroit o\u00f9 vous souhaitez ajouter le plugin et ins\u00e9rez-y le code enregistr\u00e9. Enregistrez les modifications. <\/li> <li><b>Vous avez termin\u00e9\u00a0! <\/b><br> Acc\u00e9dez \u00e0 votre page, pour v\u00e9rifier votre travail. <\/li> <\/ol> <p>N&rsquo;h\u00e9sitez pas \u00e0 contacter le support client si vous avez besoin de conseils ou si vous rencontrez des probl\u00e8mes. Nous serons heureux de r\u00e9pondre \u00e0 chaque demande. <\/p> <div class=\"faq\" data-component=\"FAQ\"><div class=\"faq-item\">\r\n\t\t\t\t\t<div class=\"faq-item-question\">\r\n\t\t\t\t\t\t<h3 class=\"faq-item-question-text\">Comment ajouter une galerie de photos \u00e0 mon iFrame sans comp\u00e9tences en codage ?<\/h3>\r\n\r\n\t\t\t\t\t\t<div class=\"faq-item-question-icon\"><\/div>\r\n\t\t\t\t\t<\/div>\r\n\r\n\t\t\t\t\t<div class=\"faq-item-answer\">\r\n\t\t\t\t\t\t<div class=\"faq-item-answer-text\"> <p>Elfsight fournit une solution SaaS qui permet \u00e0 un large public de cr\u00e9er vous-m\u00eame un widget de galerie de photos, regardez \u00e0 quel point c&rsquo;est simple c&rsquo;est le cas\u00a0: acc\u00e9dez \u00e0 la d\u00e9mo en ligne pour cr\u00e9er un plugin de galerie de photos que vous souhaitez inclure sur votre iFrame. Choisissez l&rsquo;un des mod\u00e8les pr\u00e9d\u00e9finis et modifiez les param\u00e8tres de la galerie de photos, modifiez la disposition et la couleur des \u00e9l\u00e9ments, y compris votre contenu, sans exp\u00e9rience en codage. Cliquez pour enregistrer les param\u00e8tres que vous avez d\u00e9finis dans la galerie de photos et copier le code d&rsquo;installation, qui peut \u00eatre facilement ajout\u00e9 sur le site Web iFrame dans le cadre d&rsquo;un forfait gratuit. En travaillant dans le configurateur facile \u00e0 utiliser, tout internaute peut cr\u00e9er une galerie de photos et l&rsquo;ajouter facilement au site iFrame. Vous ne devriez pas souscrire \u00e0 un forfait payant ni saisir les donn\u00e9es de votre carte pour acc\u00e9der \u00e0 Elfsight Editor. Si vous rencontrez des obstacles \u00e0 une \u00e9tape quelconque, n&rsquo;h\u00e9sitez pas \u00e0 contacter notre support technique client.<\/p> <\/div>\r\n\t\t\t\t\t<\/div>\r\n\t\t\t\t<\/div> <\/div><\/div>","protected":false},"excerpt":{"rendered":"","protected":false},"author":18,"featured_media":0,"parent":1563,"menu_order":0,"comment_status":"closed","ping_status":"closed","template":"templates\/template-application-platform.php","meta":{"publish_to_discourse":"","publish_post_category":"","wpdc_auto_publish_overridden":"","wpdc_topic_tags":"","wpdc_pin_topic":"","wpdc_pin_until":"","discourse_post_id":"","discourse_permalink":"","wpdc_publishing_response":"","wpdc_publishing_error":"","footnotes":""},"class_list":["post-5869","page","type-page","status-publish","hentry"],"yoast_head":"<!-- This site is optimized with the Yoast SEO plugin v25.3.1 - https:\/\/yoast.com\/wordpress\/plugins\/seo\/ -->\n<title>Plugin pour Photo - ajoutez widget Galerie Photo sur iFrame<\/title>\n<meta name=\"description\" content=\"Int\u00e9grez un Plugin pour Photo attractif sur votre site. Utilisez la d\u00e9mo d&#039;Elfsight et g\u00e9n\u00e9rez votre widget en quelques minutes.\" \/>\n<meta name=\"robots\" content=\"index, follow, max-snippet:-1, max-image-preview:large, max-video-preview:-1\" \/>\n<link rel=\"canonical\" href=\"https:\/\/elfsight.com\/fr\/photo-gallery-widget\/iframe\/\" \/>\n<meta property=\"og:locale\" content=\"fr_FR\" \/>\n<meta property=\"og:type\" content=\"article\" \/>\n<meta property=\"og:title\" content=\"Plugin pour Photo - ajoutez widget Galerie Photo sur iFrame\" \/>\n<meta property=\"og:description\" content=\"Int\u00e9grez un Plugin pour Photo attractif sur votre site. Utilisez la d\u00e9mo d&#039;Elfsight et g\u00e9n\u00e9rez votre widget en quelques minutes.\" \/>\n<meta property=\"og:url\" content=\"https:\/\/elfsight.com\/fr\/photo-gallery-widget\/iframe\/\" \/>\n<meta property=\"og:site_name\" content=\"Elfsight FR\" \/>\n<meta property=\"article:modified_time\" content=\"2025-07-10T08:30:52+00:00\" \/>\n<meta name=\"twitter:card\" content=\"summary_large_image\" \/>\n<meta name=\"twitter:label1\" content=\"Dur\u00e9e de lecture estim\u00e9e\" \/>\n\t<meta name=\"twitter:data1\" content=\"1 minute\" \/>\n<!-- \/ Yoast SEO plugin. -->","yoast_head_json":{"title":"Plugin pour Photo - ajoutez widget Galerie Photo sur iFrame","description":"Int\u00e9grez un Plugin pour Photo attractif sur votre site. Utilisez la d\u00e9mo d'Elfsight et g\u00e9n\u00e9rez votre widget en quelques minutes.","robots":{"index":"index","follow":"follow","max-snippet":"max-snippet:-1","max-image-preview":"max-image-preview:large","max-video-preview":"max-video-preview:-1"},"canonical":"https:\/\/elfsight.com\/fr\/photo-gallery-widget\/iframe\/","og_locale":"fr_FR","og_type":"article","og_title":"Plugin pour Photo - ajoutez widget Galerie Photo sur iFrame","og_description":"Int\u00e9grez un Plugin pour Photo attractif sur votre site. Utilisez la d\u00e9mo d'Elfsight et g\u00e9n\u00e9rez votre widget en quelques minutes.","og_url":"https:\/\/elfsight.com\/fr\/photo-gallery-widget\/iframe\/","og_site_name":"Elfsight FR","article_modified_time":"2025-07-10T08:30:52+00:00","twitter_card":"summary_large_image","twitter_misc":{"Dur\u00e9e de lecture estim\u00e9e":"1 minute"},"schema":{"@context":"https:\/\/schema.org","@graph":[{"@type":"WebPage","@id":"https:\/\/elfsight.com\/fr\/photo-gallery-widget\/iframe\/","url":"https:\/\/elfsight.com\/fr\/photo-gallery-widget\/iframe\/","name":"Plugin pour Photo - ajoutez widget Galerie Photo sur iFrame","isPartOf":{"@id":"https:\/\/elfsight.com\/fr\/#website"},"datePublished":"2021-12-03T09:03:23+00:00","dateModified":"2025-07-10T08:30:52+00:00","description":"Int\u00e9grez un Plugin pour Photo attractif sur votre site. Utilisez la d\u00e9mo d'Elfsight et g\u00e9n\u00e9rez votre widget en quelques minutes.","breadcrumb":{"@id":"https:\/\/elfsight.com\/fr\/photo-gallery-widget\/iframe\/#breadcrumb"},"inLanguage":"fr-FR","potentialAction":[{"@type":"ReadAction","target":["https:\/\/elfsight.com\/fr\/photo-gallery-widget\/iframe\/"]}]},{"@type":"BreadcrumbList","@id":"https:\/\/elfsight.com\/fr\/photo-gallery-widget\/iframe\/#breadcrumb","itemListElement":[{"@type":"ListItem","position":1,"name":"Home","item":"https:\/\/elfsight.com\/fr\/"},{"@type":"ListItem","position":2,"name":"Photo Gallery","item":"https:\/\/elfsight.com\/fr\/photo-gallery-widget\/"},{"@type":"ListItem","position":3,"name":"Photo Gallery &#8211; iFrame"}]},{"@type":"WebSite","@id":"https:\/\/elfsight.com\/fr\/#website","url":"https:\/\/elfsight.com\/fr\/","name":"Elfsight FR","description":"","potentialAction":[{"@type":"SearchAction","target":{"@type":"EntryPoint","urlTemplate":"https:\/\/elfsight.com\/fr\/?s={search_term_string}"},"query-input":{"@type":"PropertyValueSpecification","valueRequired":true,"valueName":"search_term_string"}}],"inLanguage":"fr-FR"}]}},"meta_box":{"industry":"","seo_heading":"","heading":"","description":"","cta_heading":"","cta_description":"","application":"1556","h1":"Widget Plugin pour Photo pour iFrame","h1_caption":"Pr\u00e9sentez vos images dans une galerie interactive et personnalisable qui am\u00e9liore sans effort l'attrait visuel de votre site Web sur votre site Web iFrame.","application_category":[],"applications_title":"","applications_request_title":"","applications_request_button_text":"","hero_text":"","hero_video":"","hero_video_schema_markup":"","selling_points_title":"","selling_points_caption":"","selling_points":[],"selling_points_cta_text":"","features_title":"","features":"","ed_cta_examples_text":"","ed_cta_examples_hidden":"","ed_cta_demo_text":"","ed_cta_demo_hidden":"","why_caption":"","why_editor_title":"","why_editor_text":"","why_team_title":"","why_team_text":"","why_service_title":"","why_service_text":"","template_catalog_visible":"","template_catalog_title":"","template_catalog_text":"","template_catalog_categories_visible":"","demo_title":"Cr\u00e9ez votre widget Galerie de photos","demo_caption":"Configurez votre galerie de photos et ajoutez-la gratuitement \u00e0 votre site Web iFrame\u00a0!","default_faq_hidden":"","app_template_category":[],"platform":"371","template_public_id":"","codecanyon_url":"","codecanyon_item_id":"","codecanyon_price":"","pricing_caption":"","pricing_elfsight_apps_hide_column":"","pricing_elfsight_apps_url":"","pricing_codecanyon_price_caption":"","integration_category":[],"integration_request_title":"","integration_request_cta":"","integration_platform":"","integrations":[],"platform_category":[],"video_schema_markup":"","price":"\u00c0 partir de $0\/mois","trial":"","benefits":[{"text":"Installation gratuite"},{"text":"Support Premium"},{"text":"Garantie de remboursement de 14 jours"},{"text":"L'am\u00e9lioration continue"}],"button_url":"#demo","button_target_blank":"0","button_nofollow":"0","attributes":[{"name":"Nombre d'installations","content":"1,000 - 5,000","_state":"expanded"},{"name":"Adaptif","content":"Oui","_state":"expanded"},{"name":"Navigateurs compatibles","content":"Firefox, Safari, Opera, Chrome, Edge","_state":"expanded"}],"tags":[],"tags_disable_links":"0","hide_more_platforms":"","video_object":"","demo_hide_cta":"0","demo_hide_cloud_options":"0","pricing_title":"","pricing":[{"pricing_icon":"platform","pricing_title":"Applications d'Elfsight","pricing_title_caption":"Solution num\u00e9rique multiplateforme qui fonctionne sur n'importe quel site","pricing_price":"\u00c0 partir de $0\/mois","pricing_price_caption":"Commencez avec un plan gratuit","pricing_benefits":[{"text":"Sites Web illimit\u00e9s"},{"text":"\u00c9quipe d'assistance professionnelle"},{"text":"Service d'installation gratuit"},{"text":"100% personnalisable"}],"pricing_button_text":"Ajouter au site Web","pricing_button_url":"https:\/\/apps.elfsight.com\/sign-up\/","pricing_button_nofollow":"1","_state":"expanded"}],"related_apps_title":"","related_apps_hidden":"1","author":"","image":[],"title":"","job":"","social_networks":[]},"_links":{"self":[{"href":"https:\/\/elfsight.com\/fr\/wp-json\/wp\/v2\/pages\/5869","targetHints":{"allow":["GET"]}}],"collection":[{"href":"https:\/\/elfsight.com\/fr\/wp-json\/wp\/v2\/pages"}],"about":[{"href":"https:\/\/elfsight.com\/fr\/wp-json\/wp\/v2\/types\/page"}],"author":[{"embeddable":true,"href":"https:\/\/elfsight.com\/fr\/wp-json\/wp\/v2\/users\/18"}],"replies":[{"embeddable":true,"href":"https:\/\/elfsight.com\/fr\/wp-json\/wp\/v2\/comments?post=5869"}],"version-history":[{"count":2,"href":"https:\/\/elfsight.com\/fr\/wp-json\/wp\/v2\/pages\/5869\/revisions"}],"predecessor-version":[{"id":14576,"href":"https:\/\/elfsight.com\/fr\/wp-json\/wp\/v2\/pages\/5869\/revisions\/14576"}],"up":[{"embeddable":true,"href":"https:\/\/elfsight.com\/fr\/wp-json\/wp\/v2\/pages\/1563"}],"wp:attachment":[{"href":"https:\/\/elfsight.com\/fr\/wp-json\/wp\/v2\/media?parent=5869"}],"curies":[{"name":"wp","href":"https:\/\/api.w.org\/{rel}","templated":true}]}}