{"id":5863,"date":"2021-12-03T09:03:39","date_gmt":"2021-12-03T09:03:39","guid":{"rendered":"https:\/\/elfsight.com\/fr\/?page_id=5863"},"modified":"2025-07-10T08:30:41","modified_gmt":"2025-07-10T08:30:41","slug":"godaddy","status":"publish","type":"page","link":"https:\/\/elfsight.com\/fr\/photo-gallery-widget\/godaddy\/","title":{"rendered":"Photo Gallery &#8211; GoDaddy"},"content":{"rendered":"<div class=\"application-platform-content-item-description application-platform-content-item\" id=\"description\" data-nav-section=\"description\"> <h2>Int\u00e9grer la galerie de photos sur GoDaddy avec le widget Elfsight<\/h2> <p>Le plugin Elfsight Photo Gallery pour GoDaddy est votre meilleur moyen de collecter des photos ou faites une splendide galerie sur votre site. Ajoutez n&rsquo;importe quelle quantit\u00e9 d&rsquo;images, placez des l\u00e9gendes et s\u00e9lectionnez la mani\u00e8re optimale de les organiser sur la page. Le plugin Elfsight propose six options de mise en page et diff\u00e9rentes autres fonctions de conception. Chaque image s&rsquo;affiche dans une fen\u00eatre contextuelle, les visiteurs peuvent les parcourir ou regarder un diaporama, utiliser l&rsquo;option de zoom et admirer les images en plein \u00e9cran. Vous pouvez colorier l&rsquo;interface du plugin et appliquer un arri\u00e8re-plan unique, varier les param\u00e8tres de texte et davantage d&rsquo;opportunit\u00e9s de style. <\/p> <p><b>G\u00e9n\u00e9rez une collection de photos incontournable\u00a0! <\/b><\/p> <\/div> <div class=\"application-platform-content-item-features application-platform-content-item\" id=\"features\" data-nav-section=\"features\"> <h2>Principales fonctionnalit\u00e9s du widget Galerie de photos<\/h2> <p>Ici vous pouvez voir tous les traits fonctionnels de la Galerie de photos. Ils sont disponibles directement dans l\u2019\u00e9diteur et vous aideront \u00e0 fa\u00e7onner le plugin adapt\u00e9 \u00e0 votre cas. <\/p> <ul> <li>Utilisez les CTA pour guider les utilisateurs vers la conversion. <\/li> <li>Modifier la dur\u00e9e de commutation des diapositives. <\/li> <li>Choisissez entre de nombreuses variantes de pagination. <\/li> <li>Placez votre texte n&rsquo;importe o\u00f9 sur la page gr\u00e2ce \u00e0 la position avanc\u00e9e. <\/li> <li>Modifier 5 options de contenu. <\/li> <\/ul> <p><a href=\"#demo\">Testez toutes les autres fonctions de la d\u00e9mo<\/a><\/p> <\/div> <div class=\"application-platform-content-item-installation application-platform-content-item\" id=\"installation\" data-nav-section=\"installation\"> <h2> Comment puis-je int\u00e9grer une galerie de photos sur mon site GoDaddy\u00a0? <\/h2> <p>Pour activer le plugin, suivez simplement les instructions ci-dessous. <\/p> <ol><li><b>G\u00e9n\u00e9rez votre plugin Galerie personnalis\u00e9<\/b><br> Dans notre d\u00e9mo gratuite, cr\u00e9ez un plugin avec une mise en page et des fonctionnalit\u00e9s pr\u00e9f\u00e9r\u00e9es. <\/li> <li><b>Acqu\u00e9rir le code individuel pour int\u00e9grer le plugin<\/b><br> Apr\u00e8s avoir cr\u00e9\u00e9 votre plugin, vous acquerrez le code unique de la notification apparaissant sur Elfsight Apps. Copiez-le pour une utilisation ult\u00e9rieure. <\/li> <li><b>Publiez le plugin sur votre site Web GoDaddy<\/b><br> D\u00e9finissez la zone dans laquelle vous souhaitez int\u00e9grer le plugin et collez-y le code copi\u00e9. Appliquez les r\u00e9sultats. <\/li> <li><b>Vous avez enti\u00e8rement effectu\u00e9 l&rsquo;installation<\/b><br> Rendez-vous dans votre magasin, pour jeter un oeil \u00e0 votre travail. <\/li> <\/ol> <p>N&rsquo;h\u00e9sitez pas \u00e0 contacter le support client d&rsquo;Elfsight si vous avez besoin d&rsquo;aide ou si vous rencontrez des probl\u00e8mes. Nous serons heureux de r\u00e9pondre \u00e0 chaque demande. <\/p> <div class=\"faq\" data-component=\"FAQ\"><div class=\"faq-item\">\r\n\t\t\t\t\t<div class=\"faq-item-question\">\r\n\t\t\t\t\t\t<h3 class=\"faq-item-question-text\">Existe-t-il un moyen d'int\u00e9grer une galerie de photos \u00e0 ma page d'accueil GoDaddy sans codage ?<\/h3>\r\n\r\n\t\t\t\t\t\t<div class=\"faq-item-question-icon\"><\/div>\r\n\t\t\t\t\t<\/div>\r\n\r\n\t\t\t\t\t<div class=\"faq-item-answer\">\r\n\t\t\t\t\t\t<div class=\"faq-item-answer-text\"> <p>La soci\u00e9t\u00e9 Elfsight propose une solution qui permet aux propri\u00e9taires de sites de cr\u00e9er vous-m\u00eame un widget de galerie de photos, d\u00e9couvrez les \u00e9tapes simples\u00a0: Commencez \u00e0 travailler directement dans la d\u00e9mo en ligne pour cr\u00e9er un widget Galerie de photos que vous aimeriez voir sur votre page d&rsquo;accueil GoDaddy. S\u00e9lectionnez l&rsquo;un de nos mod\u00e8les pr\u00e9d\u00e9finis et modifiez les param\u00e8tres de la galerie de photos, incluez votre contenu, modifiez la mise en page et les couleurs sans aucune exp\u00e9rience de codage. Cliquez pour enregistrer les param\u00e8tres que vous avez d\u00e9finis dans la Galerie de photos et obtenir le code du plugin pour l&rsquo;installation, qui peut \u00eatre facilement int\u00e9gr\u00e9 dans n&rsquo;importe quelle page Web GoDaddy sans acheter de version payante. Avec le configurateur simple, chaque utilisateur Web peut cr\u00e9er un widget Galerie de photos et le coller facilement sur n&rsquo;importe quelle page d&rsquo;accueil de GoDaddy. Vous ne devez pas payer ni saisir les informations d&rsquo;identification de votre carte pour acc\u00e9der au service Elfsight. Si vous rencontrez des obstacles \u00e0 une \u00e9tape quelconque, n&rsquo;h\u00e9sitez pas \u00e0 en parler \u00e0 notre \u00e9quipe d&rsquo;assistance.<\/p> <\/div>\r\n\t\t\t\t\t<\/div>\r\n\t\t\t\t<\/div> <\/div><\/div>","protected":false},"excerpt":{"rendered":"","protected":false},"author":18,"featured_media":0,"parent":1563,"menu_order":0,"comment_status":"closed","ping_status":"closed","template":"templates\/template-application-platform.php","meta":{"publish_to_discourse":"","publish_post_category":"","wpdc_auto_publish_overridden":"","wpdc_topic_tags":"","wpdc_pin_topic":"","wpdc_pin_until":"","discourse_post_id":"","discourse_permalink":"","wpdc_publishing_response":"","wpdc_publishing_error":"","footnotes":""},"class_list":["post-5863","page","type-page","status-publish","hentry"],"yoast_head":"<!-- This site is optimized with the Yoast SEO plugin v25.3.1 - https:\/\/yoast.com\/wordpress\/plugins\/seo\/ -->\n<title>Plugin pour Photo - ajoutez app Galerie Photo sur GoDaddy<\/title>\n<meta name=\"description\" content=\"Int\u00e9grez un Plugin pour Photo attractif sur votre site. Utilisez la d\u00e9mo d&#039;Elfsight et g\u00e9n\u00e9rez votre plugin en quelques minutes.\" \/>\n<meta name=\"robots\" content=\"index, follow, max-snippet:-1, max-image-preview:large, max-video-preview:-1\" \/>\n<link rel=\"canonical\" href=\"https:\/\/elfsight.com\/fr\/photo-gallery-widget\/godaddy\/\" \/>\n<meta property=\"og:locale\" content=\"fr_FR\" \/>\n<meta property=\"og:type\" content=\"article\" \/>\n<meta property=\"og:title\" content=\"Plugin pour Photo - ajoutez app Galerie Photo sur GoDaddy\" \/>\n<meta property=\"og:description\" content=\"Int\u00e9grez un Plugin pour Photo attractif sur votre site. Utilisez la d\u00e9mo d&#039;Elfsight et g\u00e9n\u00e9rez votre plugin en quelques minutes.\" \/>\n<meta property=\"og:url\" content=\"https:\/\/elfsight.com\/fr\/photo-gallery-widget\/godaddy\/\" \/>\n<meta property=\"og:site_name\" content=\"Elfsight FR\" \/>\n<meta property=\"article:modified_time\" content=\"2025-07-10T08:30:41+00:00\" \/>\n<meta name=\"twitter:card\" content=\"summary_large_image\" \/>\n<meta name=\"twitter:label1\" content=\"Dur\u00e9e de lecture estim\u00e9e\" \/>\n\t<meta name=\"twitter:data1\" content=\"1 minute\" \/>\n<!-- \/ Yoast SEO plugin. -->","yoast_head_json":{"title":"Plugin pour Photo - ajoutez app Galerie Photo sur GoDaddy","description":"Int\u00e9grez un Plugin pour Photo attractif sur votre site. Utilisez la d\u00e9mo d'Elfsight et g\u00e9n\u00e9rez votre plugin en quelques minutes.","robots":{"index":"index","follow":"follow","max-snippet":"max-snippet:-1","max-image-preview":"max-image-preview:large","max-video-preview":"max-video-preview:-1"},"canonical":"https:\/\/elfsight.com\/fr\/photo-gallery-widget\/godaddy\/","og_locale":"fr_FR","og_type":"article","og_title":"Plugin pour Photo - ajoutez app Galerie Photo sur GoDaddy","og_description":"Int\u00e9grez un Plugin pour Photo attractif sur votre site. Utilisez la d\u00e9mo d'Elfsight et g\u00e9n\u00e9rez votre plugin en quelques minutes.","og_url":"https:\/\/elfsight.com\/fr\/photo-gallery-widget\/godaddy\/","og_site_name":"Elfsight FR","article_modified_time":"2025-07-10T08:30:41+00:00","twitter_card":"summary_large_image","twitter_misc":{"Dur\u00e9e de lecture estim\u00e9e":"1 minute"},"schema":{"@context":"https:\/\/schema.org","@graph":[{"@type":"WebPage","@id":"https:\/\/elfsight.com\/fr\/photo-gallery-widget\/godaddy\/","url":"https:\/\/elfsight.com\/fr\/photo-gallery-widget\/godaddy\/","name":"Plugin pour Photo - ajoutez app Galerie Photo sur GoDaddy","isPartOf":{"@id":"https:\/\/elfsight.com\/fr\/#website"},"datePublished":"2021-12-03T09:03:39+00:00","dateModified":"2025-07-10T08:30:41+00:00","description":"Int\u00e9grez un Plugin pour Photo attractif sur votre site. Utilisez la d\u00e9mo d'Elfsight et g\u00e9n\u00e9rez votre plugin en quelques minutes.","breadcrumb":{"@id":"https:\/\/elfsight.com\/fr\/photo-gallery-widget\/godaddy\/#breadcrumb"},"inLanguage":"fr-FR","potentialAction":[{"@type":"ReadAction","target":["https:\/\/elfsight.com\/fr\/photo-gallery-widget\/godaddy\/"]}]},{"@type":"BreadcrumbList","@id":"https:\/\/elfsight.com\/fr\/photo-gallery-widget\/godaddy\/#breadcrumb","itemListElement":[{"@type":"ListItem","position":1,"name":"Home","item":"https:\/\/elfsight.com\/fr\/"},{"@type":"ListItem","position":2,"name":"Photo Gallery","item":"https:\/\/elfsight.com\/fr\/photo-gallery-widget\/"},{"@type":"ListItem","position":3,"name":"Photo Gallery &#8211; GoDaddy"}]},{"@type":"WebSite","@id":"https:\/\/elfsight.com\/fr\/#website","url":"https:\/\/elfsight.com\/fr\/","name":"Elfsight FR","description":"","potentialAction":[{"@type":"SearchAction","target":{"@type":"EntryPoint","urlTemplate":"https:\/\/elfsight.com\/fr\/?s={search_term_string}"},"query-input":{"@type":"PropertyValueSpecification","valueRequired":true,"valueName":"search_term_string"}}],"inLanguage":"fr-FR"}]}},"meta_box":{"industry":"","seo_heading":"","heading":"","description":"","cta_heading":"","cta_description":"","application":"1556","h1":"App Plugin pour Photo pour GoDaddy","h1_caption":"Pr\u00e9sentez vos images dans une galerie interactive et personnalisable qui am\u00e9liore sans effort l'attrait visuel de votre site Web sur votre site Web GoDaddy.","application_category":[],"applications_title":"","applications_request_title":"","applications_request_button_text":"","hero_text":"","hero_video":"","hero_video_schema_markup":"","selling_points_title":"","selling_points_caption":"","selling_points":[],"selling_points_cta_text":"","features_title":"","features":"","ed_cta_examples_text":"","ed_cta_examples_hidden":"","ed_cta_demo_text":"","ed_cta_demo_hidden":"","why_caption":"","why_editor_title":"","why_editor_text":"","why_team_title":"","why_team_text":"","why_service_title":"","why_service_text":"","template_catalog_visible":"","template_catalog_title":"","template_catalog_text":"","template_catalog_categories_visible":"","demo_title":"Cr\u00e9ez votre plugin Galerie de photos","demo_caption":"Configurez votre galerie de photos et ajoutez-la gratuitement \u00e0 votre site Web GoDaddy\u00a0!","default_faq_hidden":"","app_template_category":[],"platform":"370","template_public_id":"","codecanyon_url":"","codecanyon_item_id":"","codecanyon_price":"","pricing_caption":"","pricing_elfsight_apps_hide_column":"","pricing_elfsight_apps_url":"","pricing_codecanyon_price_caption":"","integration_category":[],"integration_request_title":"","integration_request_cta":"","integration_platform":"","integrations":[],"platform_category":[],"video_schema_markup":"","price":"\u00c0 partir de $0\/mois","trial":"","benefits":[{"text":"Installation gratuite"},{"text":"Support Premium"},{"text":"Garantie de remboursement de 14 jours"},{"text":"L'am\u00e9lioration continue"}],"button_url":"#demo","button_target_blank":"0","button_nofollow":"0","attributes":[{"name":"Nombre d'installations","content":"1,000 - 5,000","_state":"expanded"},{"name":"Adaptif","content":"Oui","_state":"expanded"},{"name":"Navigateurs compatibles","content":"Firefox, Safari, Opera, Chrome, Edge","_state":"expanded"}],"tags":[],"tags_disable_links":"0","hide_more_platforms":"","video_object":"","demo_hide_cta":"0","demo_hide_cloud_options":"0","pricing_title":"","pricing":[{"pricing_icon":"platform","pricing_title":"Applications d'Elfsight","pricing_title_caption":"Solution num\u00e9rique multiplateforme qui fonctionne sur n'importe quel site","pricing_price":"\u00c0 partir de $0\/mois","pricing_price_caption":"Commencez avec un plan gratuit","pricing_benefits":[{"text":"Sites Web illimit\u00e9s"},{"text":"\u00c9quipe d'assistance professionnelle"},{"text":"Service d'installation gratuit"},{"text":"100% personnalisable"}],"pricing_button_text":"Ajouter au site Web","pricing_button_url":"https:\/\/apps.elfsight.com\/sign-up\/","pricing_button_nofollow":"1","_state":"expanded"}],"related_apps_title":"","related_apps_hidden":"1","author":"","image":[],"title":"","job":"","social_networks":[]},"_links":{"self":[{"href":"https:\/\/elfsight.com\/fr\/wp-json\/wp\/v2\/pages\/5863","targetHints":{"allow":["GET"]}}],"collection":[{"href":"https:\/\/elfsight.com\/fr\/wp-json\/wp\/v2\/pages"}],"about":[{"href":"https:\/\/elfsight.com\/fr\/wp-json\/wp\/v2\/types\/page"}],"author":[{"embeddable":true,"href":"https:\/\/elfsight.com\/fr\/wp-json\/wp\/v2\/users\/18"}],"replies":[{"embeddable":true,"href":"https:\/\/elfsight.com\/fr\/wp-json\/wp\/v2\/comments?post=5863"}],"version-history":[{"count":2,"href":"https:\/\/elfsight.com\/fr\/wp-json\/wp\/v2\/pages\/5863\/revisions"}],"predecessor-version":[{"id":14579,"href":"https:\/\/elfsight.com\/fr\/wp-json\/wp\/v2\/pages\/5863\/revisions\/14579"}],"up":[{"embeddable":true,"href":"https:\/\/elfsight.com\/fr\/wp-json\/wp\/v2\/pages\/1563"}],"wp:attachment":[{"href":"https:\/\/elfsight.com\/fr\/wp-json\/wp\/v2\/media?parent=5863"}],"curies":[{"name":"wp","href":"https:\/\/api.w.org\/{rel}","templated":true}]}}