{"id":5855,"date":"2021-12-03T09:03:58","date_gmt":"2021-12-03T09:03:58","guid":{"rendered":"https:\/\/elfsight.com\/fr\/?page_id=5855"},"modified":"2025-07-10T08:30:20","modified_gmt":"2025-07-10T08:30:20","slug":"blogger","status":"publish","type":"page","link":"https:\/\/elfsight.com\/fr\/photo-gallery-widget\/blogger\/","title":{"rendered":"Photo Gallery &#8211; Blogger"},"content":{"rendered":"<div class=\"application-platform-content-item-description application-platform-content-item\" id=\"description\" data-nav-section=\"description\"><h2>Description<\/h2> <p>Elfsight Gallery est votre meilleur moyen d&rsquo;afficher vos photos ou de cr\u00e9er de superbes albums sur votre site Web. T\u00e9l\u00e9chargez n&rsquo;importe quel nombre d&rsquo;images, ajoutez des l\u00e9gendes et trouvez la mani\u00e8re optimale de les placer sur la page. Le widget Elfsight propose 6 options de mise en page et diverses autres fonctions de conception. Chaque photo s&rsquo;ouvre dans une fen\u00eatre contextuelle, les visiteurs peuvent les parcourir ou activer un diaporama, zoomer et voir les photos en plein \u00e9cran. Vous pouvez choisir vos couleurs pr\u00e9f\u00e9r\u00e9es pour les \u00e9l\u00e9ments du widget et t\u00e9l\u00e9charger un arri\u00e8re-plan personnalis\u00e9, appliquer des options de texte et davantage d&rsquo;opportunit\u00e9s de style. <\/p> <p><b>Inspirez vos clients avec des galeries de photos all\u00e9chantes\u00a0! <\/b><\/p> <\/div><div class=\"faq\" data-component=\"FAQ\"><div class=\"faq-item\">\r\n\t\t\t\t\t<div class=\"faq-item-question\">\r\n\t\t\t\t\t\t<h3 class=\"faq-item-question-text\">De quelle mani\u00e8re puis-je int\u00e9grer une galerie de photos au site Web Blogger ? <\/h3>\r\n\r\n\t\t\t\t\t\t<div class=\"faq-item-question-icon\"><\/div>\r\n\t\t\t\t\t<\/div>\r\n\r\n\t\t\t\t\t<div class=\"faq-item-answer\">\r\n\t\t\t\t\t\t<div class=\"faq-item-answer-text\"><p>La fondation de l&rsquo;outil se produit sur les pages Elfsight et vous n&rsquo;avez pas besoin de coder. Acc\u00e9dez \u00e0 notre d\u00e9mo en ligne pour personnaliser votre propre application, r\u00e9cup\u00e9rez le code et collez-le dans votre site. <\/p><\/div>\r\n\t\t\t\t\t<\/div>\r\n\t\t\t\t<\/div><div class=\"faq-item\">\r\n\t\t\t\t\t<div class=\"faq-item-question\">\r\n\t\t\t\t\t\t<h3 class=\"faq-item-question-text\">Les meilleures fa\u00e7ons d'utiliser l'int\u00e9gration de la galerie d'images<\/h3>\r\n\r\n\t\t\t\t\t\t<div class=\"faq-item-question-icon\"><\/div>\r\n\t\t\t\t\t<\/div>\r\n\r\n\t\t\t\t\t<div class=\"faq-item-answer\">\r\n\t\t\t\t\t\t<div class=\"faq-item-answer-text\"><p>Nous vous proposerons de nombreuses opportunit\u00e9s de personnalisation\u00a0: des widgets \u00e0 grande \u00e9chelle \u00e0 int\u00e9grer dans le zone de contenu, widgets flottants avec possibilit\u00e9s de d\u00e9filement, mises en page pour le pied de page de votre site Web, section d&rsquo;en-t\u00eate et toutes les variantes d&rsquo;opportunit\u00e9s verticales pour les barres lat\u00e9rales et les menus du site Web. <\/p><\/div>\r\n\t\t\t\t\t<\/div>\r\n\t\t\t\t<\/div><div class=\"faq-item\">\r\n\t\t\t\t\t<div class=\"faq-item-question\">\r\n\t\t\t\t\t\t<h3 class=\"faq-item-question-text\">Puis-je cr\u00e9er une s\u00e9ance photo ou une galerie de photos de vendeur de produits \u00e0 l'aide de l'\u00e9diteur ? <\/h3>\r\n\r\n\t\t\t\t\t\t<div class=\"faq-item-question-icon\"><\/div>\r\n\t\t\t\t\t<\/div>\r\n\r\n\t\t\t\t\t<div class=\"faq-item-answer\">\r\n\t\t\t\t\t\t<div class=\"faq-item-answer-text\"><p>Vous \u00eates invit\u00e9s \u00e0 cr\u00e9er les variantes de n&rsquo;importe quel widget. Il existe une multitude de mises en page \u00e0 votre disposition dans l&rsquo;\u00e9diteur, et elles peuvent toutes \u00eatre rapidement ajust\u00e9es selon vos besoins. <\/p><\/div>\r\n\t\t\t\t\t<\/div>\r\n\t\t\t\t<\/div><\/div><div class=\"application-platform-content-item-features application-platform-content-item\" id=\"features\" data-nav-section=\"features\"><h2>Fonctionnalit\u00e9s<\/h2> <p>Voici une liste de toutes les fonctionnalit\u00e9s de la galerie de photos Blogger. Vous pouvez les d\u00e9finir directement dans l&rsquo;\u00e9diteur et ils vous aideront \u00e0 configurer le widget sp\u00e9cialement pour votre cas d&rsquo;utilisation. <\/p> <ul> <li>Utilisez des CTA pour guider les visiteurs du site vers votre objectif. <\/li> <li>Dur\u00e9e de changement de diapositive personnalis\u00e9e. <\/li> <li>Choisissez entre de nombreuses options de pagination. <\/li> <li>Placez votre message n&rsquo;importe o\u00f9 sur la page gr\u00e2ce \u00e0 la position avanc\u00e9e. <\/li> <li>Adapter 5 \u00e9l\u00e9ments de contenu. <\/li> <\/ul> <p><a href=\"#demo\">Essayez toutes les autres fonctions de la d\u00e9mo<\/a><\/p> <\/div><div class=\"application-platform-content-item-installation application-platform-content-item\" id=\"installation\" data-nav-section=\"installation\"><h2> Comment ajouter une galerie de photos sur mon site Web Blogger\u00a0?<\/h2> <div class=\"video-container\"><iframe width=\"720\" height=\"405\" src=\"https:\/\/www.youtube.com\/embed\/MknexCj-n7M\" frameborder=\"0\" allowfullscreen=\"\"><\/iframe><\/div><p>Pour int\u00e9grer le widget, suivez simplement les \u00e9tapes rapides suivantes. <\/p> <ol><li><b>Cr\u00e9ez votre widget Galerie personnalis\u00e9<\/b><br> Dans notre configurateur gratuit, g\u00e9n\u00e9rez un plugin avec une interface et des fonctionnalit\u00e9s pr\u00e9f\u00e9r\u00e9es. <\/li> <li><b>Obtenir le code personnel pour configurer le widget<\/b><br> Apr\u00e8s avoir configur\u00e9 votre plugin, vous recevrez votre code personnel dans la fen\u00eatre qui appara\u00eet sur Elfsight Apps. Copiez le code. <\/li> <li><b>Affichez le widget sur votre site Web Blogger<\/b><br> Acc\u00e9dez \u00e0 la zone dans laquelle vous souhaitez int\u00e9grer le plugin et ins\u00e9rez-y le code copi\u00e9. Enregistrez les modifications.<\/li> <li><b>L&rsquo;int\u00e9gration est r\u00e9ussie\u00a0!<\/b><br> Visitez le site pour afficher votre widget.<\/li> <\/ol> <p>Prenez une minute pour adressez-vous au service d&rsquo;assistance d&rsquo;Elfsight lorsque vous avez besoin d&rsquo;aide ou si vous avez quelque chose \u00e0 demander. Nos sp\u00e9cialistes vous donneront un coup de main pour chaque demande.<\/p> <\/div>","protected":false},"excerpt":{"rendered":"","protected":false},"author":18,"featured_media":0,"parent":1563,"menu_order":0,"comment_status":"closed","ping_status":"closed","template":"templates\/template-application-platform.php","meta":{"publish_to_discourse":"","publish_post_category":"","wpdc_auto_publish_overridden":"","wpdc_topic_tags":"","wpdc_pin_topic":"","wpdc_pin_until":"","discourse_post_id":"","discourse_permalink":"","wpdc_publishing_response":"","wpdc_publishing_error":"","footnotes":""},"class_list":["post-5855","page","type-page","status-publish","hentry"],"yoast_head":"<!-- This site is optimized with the Yoast SEO plugin v25.3.1 - https:\/\/yoast.com\/wordpress\/plugins\/seo\/ -->\n<title>Plugin pour Photo - ajoutez plugin Galerie Photo sur Blogger<\/title>\n<meta name=\"description\" content=\"Int\u00e9grez un Plugin pour Photo avantageux sur votre site. Appliquez la d\u00e9mo d&#039;Elfsight et g\u00e9n\u00e9rez votre widget en 2 minutes.\" \/>\n<meta name=\"robots\" content=\"index, follow, max-snippet:-1, max-image-preview:large, max-video-preview:-1\" \/>\n<link rel=\"canonical\" href=\"https:\/\/elfsight.com\/fr\/photo-gallery-widget\/blogger\/\" \/>\n<meta property=\"og:locale\" content=\"fr_FR\" \/>\n<meta property=\"og:type\" content=\"article\" \/>\n<meta property=\"og:title\" content=\"Plugin pour Photo - ajoutez plugin Galerie Photo sur Blogger\" \/>\n<meta property=\"og:description\" content=\"Int\u00e9grez un Plugin pour Photo avantageux sur votre site. Appliquez la d\u00e9mo d&#039;Elfsight et g\u00e9n\u00e9rez votre widget en 2 minutes.\" \/>\n<meta property=\"og:url\" content=\"https:\/\/elfsight.com\/fr\/photo-gallery-widget\/blogger\/\" \/>\n<meta property=\"og:site_name\" content=\"Elfsight FR\" \/>\n<meta property=\"article:modified_time\" content=\"2025-07-10T08:30:20+00:00\" \/>\n<meta name=\"twitter:card\" content=\"summary_large_image\" \/>\n<meta name=\"twitter:label1\" content=\"Dur\u00e9e de lecture estim\u00e9e\" \/>\n\t<meta name=\"twitter:data1\" content=\"1 minute\" \/>\n<!-- \/ Yoast SEO plugin. -->","yoast_head_json":{"title":"Plugin pour Photo - ajoutez plugin Galerie Photo sur Blogger","description":"Int\u00e9grez un Plugin pour Photo avantageux sur votre site. Appliquez la d\u00e9mo d'Elfsight et g\u00e9n\u00e9rez votre widget en 2 minutes.","robots":{"index":"index","follow":"follow","max-snippet":"max-snippet:-1","max-image-preview":"max-image-preview:large","max-video-preview":"max-video-preview:-1"},"canonical":"https:\/\/elfsight.com\/fr\/photo-gallery-widget\/blogger\/","og_locale":"fr_FR","og_type":"article","og_title":"Plugin pour Photo - ajoutez plugin Galerie Photo sur Blogger","og_description":"Int\u00e9grez un Plugin pour Photo avantageux sur votre site. Appliquez la d\u00e9mo d'Elfsight et g\u00e9n\u00e9rez votre widget en 2 minutes.","og_url":"https:\/\/elfsight.com\/fr\/photo-gallery-widget\/blogger\/","og_site_name":"Elfsight FR","article_modified_time":"2025-07-10T08:30:20+00:00","twitter_card":"summary_large_image","twitter_misc":{"Dur\u00e9e de lecture estim\u00e9e":"1 minute"},"schema":{"@context":"https:\/\/schema.org","@graph":[{"@type":"WebPage","@id":"https:\/\/elfsight.com\/fr\/photo-gallery-widget\/blogger\/","url":"https:\/\/elfsight.com\/fr\/photo-gallery-widget\/blogger\/","name":"Plugin pour Photo - ajoutez plugin Galerie Photo sur Blogger","isPartOf":{"@id":"https:\/\/elfsight.com\/fr\/#website"},"datePublished":"2021-12-03T09:03:58+00:00","dateModified":"2025-07-10T08:30:20+00:00","description":"Int\u00e9grez un Plugin pour Photo avantageux sur votre site. Appliquez la d\u00e9mo d'Elfsight et g\u00e9n\u00e9rez votre widget en 2 minutes.","breadcrumb":{"@id":"https:\/\/elfsight.com\/fr\/photo-gallery-widget\/blogger\/#breadcrumb"},"inLanguage":"fr-FR","potentialAction":[{"@type":"ReadAction","target":["https:\/\/elfsight.com\/fr\/photo-gallery-widget\/blogger\/"]}]},{"@type":"BreadcrumbList","@id":"https:\/\/elfsight.com\/fr\/photo-gallery-widget\/blogger\/#breadcrumb","itemListElement":[{"@type":"ListItem","position":1,"name":"Home","item":"https:\/\/elfsight.com\/fr\/"},{"@type":"ListItem","position":2,"name":"Photo Gallery","item":"https:\/\/elfsight.com\/fr\/photo-gallery-widget\/"},{"@type":"ListItem","position":3,"name":"Photo Gallery &#8211; Blogger"}]},{"@type":"WebSite","@id":"https:\/\/elfsight.com\/fr\/#website","url":"https:\/\/elfsight.com\/fr\/","name":"Elfsight FR","description":"","potentialAction":[{"@type":"SearchAction","target":{"@type":"EntryPoint","urlTemplate":"https:\/\/elfsight.com\/fr\/?s={search_term_string}"},"query-input":{"@type":"PropertyValueSpecification","valueRequired":true,"valueName":"search_term_string"}}],"inLanguage":"fr-FR"}]}},"meta_box":{"industry":"","seo_heading":"","heading":"","description":"","cta_heading":"","cta_description":"","application":"1556","h1":"Plugin Plugin pour Photo pour Blogger","h1_caption":"Pr\u00e9sentez vos images dans une galerie interactive et personnalisable qui am\u00e9liore sans effort l'attrait visuel de votre site Web sur votre site Web Blogger.","application_category":[],"applications_title":"","applications_request_title":"","applications_request_button_text":"","hero_text":"","hero_video":"","hero_video_schema_markup":"","selling_points_title":"","selling_points_caption":"","selling_points":[],"selling_points_cta_text":"","features_title":"","features":"","ed_cta_examples_text":"","ed_cta_examples_hidden":"","ed_cta_demo_text":"","ed_cta_demo_hidden":"","why_caption":"","why_editor_title":"","why_editor_text":"","why_team_title":"","why_team_text":"","why_service_title":"","why_service_text":"","template_catalog_visible":"","template_catalog_title":"","template_catalog_text":"","template_catalog_categories_visible":"","demo_title":"Cr\u00e9ez votre widget Galerie de photos","demo_caption":"Configurez votre galerie de photos et ajoutez-la gratuitement \u00e0 votre site Web Blogger\u00a0!","default_faq_hidden":"","app_template_category":[],"platform":"348","template_public_id":"","codecanyon_url":"","codecanyon_item_id":"","codecanyon_price":"","pricing_caption":"","pricing_elfsight_apps_hide_column":"","pricing_elfsight_apps_url":"","pricing_codecanyon_price_caption":"","integration_category":[],"integration_request_title":"","integration_request_cta":"","integration_platform":"","integrations":[],"platform_category":[],"video_schema_markup":"","price":"\u00c0 partir de $0\/mois","trial":"","benefits":[{"text":"Installation gratuite"},{"text":"Support Premium"},{"text":"Garantie de remboursement de 14 jours"},{"text":"L'am\u00e9lioration continue"}],"button_url":"#demo","button_target_blank":"0","button_nofollow":"0","attributes":[{"name":"Nombre d'installations","content":"1,000 - 5,000","_state":"expanded"},{"name":"Adaptif","content":"Oui","_state":"expanded"},{"name":"Navigateurs compatibles","content":"Firefox, Safari, Opera, Chrome, Edge","_state":"expanded"}],"tags":[],"tags_disable_links":"0","hide_more_platforms":"","video_object":"","demo_hide_cta":"0","demo_hide_cloud_options":"0","pricing_title":"","pricing":[{"pricing_icon":"platform","pricing_title":"Applications d'Elfsight","pricing_title_caption":"Solution num\u00e9rique multiplateforme qui fonctionne sur n'importe quel site","pricing_price":"\u00c0 partir de $0\/mois","pricing_price_caption":"Commencez avec un plan gratuit","pricing_benefits":[{"text":"Sites Web illimit\u00e9s"},{"text":"\u00c9quipe d'assistance professionnelle"},{"text":"Service d'installation gratuit"},{"text":"100% personnalisable"}],"pricing_button_text":"Ajouter au site Web","pricing_button_url":"https:\/\/apps.elfsight.com\/sign-up\/","pricing_button_nofollow":"1","_state":"expanded"}],"related_apps_title":"","related_apps_hidden":"1","author":"","image":[],"title":"","job":"","social_networks":[]},"_links":{"self":[{"href":"https:\/\/elfsight.com\/fr\/wp-json\/wp\/v2\/pages\/5855","targetHints":{"allow":["GET"]}}],"collection":[{"href":"https:\/\/elfsight.com\/fr\/wp-json\/wp\/v2\/pages"}],"about":[{"href":"https:\/\/elfsight.com\/fr\/wp-json\/wp\/v2\/types\/page"}],"author":[{"embeddable":true,"href":"https:\/\/elfsight.com\/fr\/wp-json\/wp\/v2\/users\/18"}],"replies":[{"embeddable":true,"href":"https:\/\/elfsight.com\/fr\/wp-json\/wp\/v2\/comments?post=5855"}],"version-history":[{"count":2,"href":"https:\/\/elfsight.com\/fr\/wp-json\/wp\/v2\/pages\/5855\/revisions"}],"predecessor-version":[{"id":14583,"href":"https:\/\/elfsight.com\/fr\/wp-json\/wp\/v2\/pages\/5855\/revisions\/14583"}],"up":[{"embeddable":true,"href":"https:\/\/elfsight.com\/fr\/wp-json\/wp\/v2\/pages\/1563"}],"wp:attachment":[{"href":"https:\/\/elfsight.com\/fr\/wp-json\/wp\/v2\/media?parent=5855"}],"curies":[{"name":"wp","href":"https:\/\/api.w.org\/{rel}","templated":true}]}}