{"id":5847,"date":"2021-12-03T10:09:45","date_gmt":"2021-12-03T10:09:45","guid":{"rendered":"https:\/\/elfsight.com\/fr\/?page_id=5847"},"modified":"2024-11-11T10:58:47","modified_gmt":"2024-11-11T10:58:47","slug":"wix","status":"publish","type":"page","link":"https:\/\/elfsight.com\/fr\/facebook-reviews-widget\/wix\/","title":{"rendered":"Facebook Reviews &#8211; Wix"},"content":{"rendered":"<div class=\"application-platform-content-item-description application-platform-content-item\" id=\"description\" data-nav-section=\"description\"><h2>Description<\/h2><p>Elfsight Facebook Reviews est un outil simple, ajoutez des avis de votre page Facebook sur votre site et augmentez la confiance en votre affaires parmi les utilisateurs du site Web. Vous pouvez trier les critiques, ajouter un nombre d&rsquo;\u00e9toiles, des d\u00e9tails sur l&rsquo;auteur et un bouton pour publier une nouvelle critique. Le widget Elfsight Facebook Reviews propose diverses mises en page et mod\u00e8les d&rsquo;avis, des fonctionnalit\u00e9s d&rsquo;interface commutables et un en-t\u00eate flexible pour une grande personnalisation. Avec l&rsquo;aide de vos avis Facebook sur le site Web, vous pouvez d\u00e9montrer l&rsquo;\u00e9valuation des clients, renforcer la confiance et recevoir plus d&rsquo;avis.<\/p><p><b>D\u00e9montrez ce que les clients disent de vous sur Facebook et augmentez le niveau de fiabilit\u00e9\u00a0! <\/b><\/p><ul><li><b>Renforcez la confiance en d\u00e9montrant les avis de vraies personnes<\/b><br>Convainquez les utilisateurs que vos avis sont authentiques \u00e0 l&rsquo;aide de donn\u00e9es d\u00e9taill\u00e9es sur l&rsquo;auteur et augmentez la cr\u00e9dibilit\u00e9 de votre marque.<\/li><li><b>Recevez plus d&rsquo;avis gr\u00e2ce au bouton d&rsquo;appel \u00e0 l&rsquo;action<\/b><br>Gr\u00e2ce \u00e0 un acc\u00e8s fluide \u00e0 votre page Facebook et \u00e0 un bouton d&rsquo;appel \u00e0 l&rsquo;action inspirant, vous pouvez collecter davantage d&rsquo;avis clients. .<\/li><li><b>Parvenez \u00e0 une compr\u00e9hension plus claire de vos offres<\/b><br>Montrer vos produits \u00e0 travers l&rsquo;exp\u00e9rience utilisateur des clients aidera les utilisateurs \u00e0 bien comprendre.<\/li><\/ul> <\/div><div class=\"application-platform-content-item-features application-platform-content-item\" id=\"features\" data-nav-section=\"features\"><h2>Fonctionnalit\u00e9s<\/h2><p>D\u00e9couvrez quelques avantages de ce widget. Ils en font le meilleur instrument Wix pour afficher les avis Facebook sur une page Web\u00a0:<\/p><ul><li>\u00c9l\u00e9ments commutables de l&rsquo;en-t\u00eate\u00a0: note et photos des \u00e9valuateurs\u00a0;<\/li><li>Types d&rsquo;avis classiques ou ma\u00e7onniques Disposition de la grille\u00a0;<\/li><li>D\u00e9finition de la vitesse des diapositives et de la vitesse de lecture automatique\u00a0;<\/li><li>Liens pris en charge dans le message de refus de demande de r\u00e9vision\u00a0;<\/li><li>Trois types de d\u00e9coration de r\u00e9vision\u00a0: bordure, arri\u00e8re-plan, aucun\u00a0; <\/li><\/ul><p><a href=\"#demo\">D\u00e9couvrez la liste compl\u00e8te des avantages dans notre d\u00e9mo<\/a><\/p><\/div><div class=\"application-platform-content-item-installation application-platform-content-item\" id=\"installation\" data-nav-section=\"installation\"> <h2>Comment int\u00e9grer les avis Facebook au site Web Wix<\/h2><div class=\"video-container\"><iframe width=\"720\" height=\"405\" src=\"https:\/\/www.youtube.com\/embed\/2cy-yQapEPA\" frameborder=\"0\" allowfullscreen=\"\"><\/iframe><\/div><p>Utilisez notre petit manuel sur l&rsquo;int\u00e9gration et la personnalisation du plugin. Cela ne prendra que 3 minutes et ne n\u00e9cessitera aucune connaissance en programmation.<\/p><ol><li><b>Choisissez le widget sur Wix market<\/b><br> Ouvrez la page avec les avis Facebook et appuyez sur \u00ab\u00a0Ajouter vers le site\u00bb.<\/li><li><b>Placez le widget sur le site<\/b><br> Dans la fen\u00eatre contextuelle, allez dans \u00abOuvrir l&rsquo;\u00e9diteur\u00bb et ins\u00e9rez le widget sur la page souhait\u00e9e.<\/li><li><b>Configurez vos avis<\/b><br> D\u00e9finissez les param\u00e8tres s\u00e9lectionn\u00e9s pour l&rsquo;apparence et entrez la source des avis. Enregistrez toutes les modifications.<\/li><li><b>L&rsquo;int\u00e9gration est r\u00e9ussie\u00a0!<\/b><br> Visitez le site Web pour v\u00e9rifier vos avis\u00a0!<\/li><\/ol><p>Je n&rsquo;ai pas r\u00e9ussi ajouter ou ins\u00e9rer le plugin sur un site internet ? Laissez votre message dans notre centre d&rsquo;aide.<\/p><\/div><div class=\"faq\" data-component=\"FAQ\"><div class=\"faq-item\">\r\n\t\t\t\t\t<div class=\"faq-item-question\">\r\n\t\t\t\t\t\t<h3 class=\"faq-item-question-text\">Comment ajouter des avis Facebook sur mon site Wix ?<\/h3>\r\n\r\n\t\t\t\t\t\t<div class=\"faq-item-question-icon\"><\/div>\r\n\t\t\t\t\t<\/div>\r\n\r\n\t\t\t\t\t<div class=\"faq-item-answer\">\r\n\t\t\t\t\t\t<div class=\"faq-item-answer-text\"><p>Tout ce dont vous avez besoin est de construisez votre widget, puis modifiez son style et enregistrez les ajustements. Copiez le code de votre widget et int\u00e9grez-le dans la mise en page que vous utilisez. <\/p><\/div>\r\n\t\t\t\t\t<\/div>\r\n\t\t\t\t<\/div><div class=\"faq-item\">\r\n\t\t\t\t\t<div class=\"faq-item-question\">\r\n\t\t\t\t\t\t<h3 class=\"faq-item-question-text\">Comment collecter les avis des clients Facebook pour mes pages produits ?<\/h3>\r\n\r\n\t\t\t\t\t\t<div class=\"faq-item-question-icon\"><\/div>\r\n\t\t\t\t\t<\/div>\r\n\r\n\t\t\t\t\t<div class=\"faq-item-answer\">\r\n\t\t\t\t\t\t<div class=\"faq-item-answer-text\"><p>Tout ce que vous avez \u00e0 faire est d&rsquo;utiliser le bouton d&rsquo;appel \u00e0 l&rsquo;action. En appuyant sur les visiteurs auront un acc\u00e8s imm\u00e9diat \u00e0 votre profil. <\/p><\/div>\r\n\t\t\t\t\t<\/div>\r\n\t\t\t\t<\/div><div class=\"faq-item\">\r\n\t\t\t\t\t<div class=\"faq-item-question\">\r\n\t\t\t\t\t\t<h3 class=\"faq-item-question-text\">Puis-je cr\u00e9er mon application de notation Wix \/ mod\u00e8le de badge ?<\/h3>\r\n\r\n\t\t\t\t\t\t<div class=\"faq-item-question-icon\"><\/div>\r\n\t\t\t\t\t<\/div>\r\n\r\n\t\t\t\t\t<div class=\"faq-item-answer\">\r\n\t\t\t\t\t\t<div class=\"faq-item-answer-text\"><p>Appliquer tous les points du guide d\u00e9taill\u00e9\u00a0: <\/p><ol><li>Lancez Elfsight configurateur et commencez \u00e0 cr\u00e9er votre application personnalis\u00e9e. <\/li> <li>Configurez les aspects de l&rsquo;application et cliquez pour enregistrer les modifications n\u00e9cessaires. <\/li><li>Copiez le code personnel affich\u00e9 dans la fen\u00eatre. <\/li> <li>Int\u00e9grez le code dans votre site Web et enregistrez la page. <\/li><li> Vous avez int\u00e9gr\u00e9 un nouveau widget sur votre page. <\/li><\/div>\r\n\t\t\t\t\t<\/div>\r\n\t\t\t\t<\/div><\/div>","protected":false},"excerpt":{"rendered":"","protected":false},"author":18,"featured_media":0,"parent":2252,"menu_order":0,"comment_status":"closed","ping_status":"closed","template":"templates\/template-application-platform.php","meta":{"publish_to_discourse":"","publish_post_category":"","wpdc_auto_publish_overridden":"","wpdc_topic_tags":"","wpdc_pin_topic":"","wpdc_pin_until":"","discourse_post_id":"","discourse_permalink":"","wpdc_publishing_response":"","wpdc_publishing_error":"","footnotes":""},"class_list":["post-5847","page","type-page","status-publish","hentry"],"yoast_head":"<!-- This site is optimized with the Yoast SEO plugin v25.3.1 - https:\/\/yoast.com\/wordpress\/plugins\/seo\/ -->\n<title>Avis Facebook - ajoutez app Avis Client Facebook sur Wix<\/title>\n<meta name=\"description\" content=\"Int\u00e9grez un Avis Facebook avantageux sur votre site. Utilisez la d\u00e9mo d&#039;Elfsight et g\u00e9n\u00e9rez votre plugin en deux minutes.\" \/>\n<meta name=\"robots\" content=\"index, follow, max-snippet:-1, max-image-preview:large, max-video-preview:-1\" \/>\n<link rel=\"canonical\" href=\"https:\/\/elfsight.com\/fr\/facebook-reviews-widget\/wix\/\" \/>\n<meta property=\"og:locale\" content=\"fr_FR\" \/>\n<meta property=\"og:type\" content=\"article\" \/>\n<meta property=\"og:title\" content=\"Avis Facebook - ajoutez app Avis Client Facebook sur Wix\" \/>\n<meta property=\"og:description\" content=\"Int\u00e9grez un Avis Facebook avantageux sur votre site. Utilisez la d\u00e9mo d&#039;Elfsight et g\u00e9n\u00e9rez votre plugin en deux minutes.\" \/>\n<meta property=\"og:url\" content=\"https:\/\/elfsight.com\/fr\/facebook-reviews-widget\/wix\/\" \/>\n<meta property=\"og:site_name\" content=\"Elfsight FR\" \/>\n<meta property=\"article:modified_time\" content=\"2024-11-11T10:58:47+00:00\" \/>\n<meta name=\"twitter:card\" content=\"summary_large_image\" \/>\n<meta name=\"twitter:label1\" content=\"Dur\u00e9e de lecture estim\u00e9e\" \/>\n\t<meta name=\"twitter:data1\" content=\"1 minute\" \/>\n<!-- \/ Yoast SEO plugin. -->","yoast_head_json":{"title":"Avis Facebook - ajoutez app Avis Client Facebook sur Wix","description":"Int\u00e9grez un Avis Facebook avantageux sur votre site. Utilisez la d\u00e9mo d'Elfsight et g\u00e9n\u00e9rez votre plugin en deux minutes.","robots":{"index":"index","follow":"follow","max-snippet":"max-snippet:-1","max-image-preview":"max-image-preview:large","max-video-preview":"max-video-preview:-1"},"canonical":"https:\/\/elfsight.com\/fr\/facebook-reviews-widget\/wix\/","og_locale":"fr_FR","og_type":"article","og_title":"Avis Facebook - ajoutez app Avis Client Facebook sur Wix","og_description":"Int\u00e9grez un Avis Facebook avantageux sur votre site. Utilisez la d\u00e9mo d'Elfsight et g\u00e9n\u00e9rez votre plugin en deux minutes.","og_url":"https:\/\/elfsight.com\/fr\/facebook-reviews-widget\/wix\/","og_site_name":"Elfsight FR","article_modified_time":"2024-11-11T10:58:47+00:00","twitter_card":"summary_large_image","twitter_misc":{"Dur\u00e9e de lecture estim\u00e9e":"1 minute"},"schema":{"@context":"https:\/\/schema.org","@graph":[{"@type":"WebPage","@id":"https:\/\/elfsight.com\/fr\/facebook-reviews-widget\/wix\/","url":"https:\/\/elfsight.com\/fr\/facebook-reviews-widget\/wix\/","name":"Avis Facebook - ajoutez app Avis Client Facebook sur Wix","isPartOf":{"@id":"https:\/\/elfsight.com\/fr\/#website"},"datePublished":"2021-12-03T10:09:45+00:00","dateModified":"2024-11-11T10:58:47+00:00","description":"Int\u00e9grez un Avis Facebook avantageux sur votre site. Utilisez la d\u00e9mo d'Elfsight et g\u00e9n\u00e9rez votre plugin en deux minutes.","breadcrumb":{"@id":"https:\/\/elfsight.com\/fr\/facebook-reviews-widget\/wix\/#breadcrumb"},"inLanguage":"fr-FR","potentialAction":[{"@type":"ReadAction","target":["https:\/\/elfsight.com\/fr\/facebook-reviews-widget\/wix\/"]}]},{"@type":"BreadcrumbList","@id":"https:\/\/elfsight.com\/fr\/facebook-reviews-widget\/wix\/#breadcrumb","itemListElement":[{"@type":"ListItem","position":1,"name":"Home","item":"https:\/\/elfsight.com\/fr\/"},{"@type":"ListItem","position":2,"name":"Facebook Reviews","item":"https:\/\/elfsight.com\/fr\/facebook-reviews-widget\/"},{"@type":"ListItem","position":3,"name":"Facebook Reviews &#8211; Wix"}]},{"@type":"WebSite","@id":"https:\/\/elfsight.com\/fr\/#website","url":"https:\/\/elfsight.com\/fr\/","name":"Elfsight FR","description":"","potentialAction":[{"@type":"SearchAction","target":{"@type":"EntryPoint","urlTemplate":"https:\/\/elfsight.com\/fr\/?s={search_term_string}"},"query-input":{"@type":"PropertyValueSpecification","valueRequired":true,"valueName":"search_term_string"}}],"inLanguage":"fr-FR"}]}},"meta_box":{"industry":"","seo_heading":"","heading":"","description":"","cta_heading":"","cta_description":"","application":"2182","h1":"App Avis Facebook pour Wix","h1_caption":"Int\u00e9grez les avis clients de votre page Facebook directement sur votre site Web pour am\u00e9liorer la confiance et la preuve sociale sur votre site Web Wix sans effort.","application_category":[],"applications_title":"","applications_request_title":"","applications_request_button_text":"","hero_text":"","hero_video":"","hero_video_schema_markup":"","selling_points_title":"","selling_points_caption":"","selling_points":[],"selling_points_cta_text":"","features_title":"","features":"","ed_cta_examples_text":"","ed_cta_examples_hidden":"","ed_cta_demo_text":"","ed_cta_demo_hidden":"","why_caption":"","why_editor_title":"","why_editor_text":"","why_team_title":"","why_team_text":"","why_service_title":"","why_service_text":"","template_catalog_visible":"","template_catalog_title":"","template_catalog_text":"","template_catalog_categories_visible":"","demo_title":"Cr\u00e9ez votre application Facebook Reviews","demo_caption":"Configurez vos avis Facebook et ajoutez-les \u00e0 votre site Wix gratuitement !","default_faq_hidden":"","app_template_category":[],"platform":"345","template_public_id":"","codecanyon_url":"","codecanyon_item_id":"","codecanyon_price":"","pricing_caption":"","pricing_elfsight_apps_hide_column":"","pricing_elfsight_apps_url":"","pricing_codecanyon_price_caption":"","integration_category":[],"integration_request_title":"","integration_request_cta":"","integration_platform":"","integrations":[],"platform_category":[],"video_schema_markup":"","price":"\u00c0 partir de $0\/mois","trial":"","benefits":[{"text":"Installation gratuite"},{"text":"Support Premium"},{"text":"Garantie de remboursement de 14 jours"},{"text":"L'am\u00e9lioration continue"}],"button_url":"#demo","button_target_blank":"0","button_nofollow":"0","attributes":[{"name":"Nombre d'installations","content":"1,000 - 5,000","_state":"expanded"},{"name":"Adaptif","content":"Oui","_state":"expanded"},{"name":"Navigateurs compatibles","content":"Firefox, Safari, Opera, Chrome, Edge","_state":"expanded"}],"tags":[],"tags_disable_links":"0","hide_more_platforms":"","video_object":"","demo_hide_cta":"0","demo_hide_cloud_options":"0","pricing_title":"","pricing":[{"pricing_icon":"platform","pricing_title":"Applications d'Elfsight","pricing_title_caption":"Solution num\u00e9rique multiplateforme qui fonctionne sur n'importe quel site","pricing_price":"\u00c0 partir de $0\/mois","pricing_price_caption":"Commencez avec un plan gratuit","pricing_benefits":[{"text":"Sites Web illimit\u00e9s"},{"text":"\u00c9quipe d'assistance professionnelle"},{"text":"Service d'installation gratuit"},{"text":"100% personnalisable"}],"pricing_button_text":"Ajouter au site Web","pricing_button_url":"https:\/\/apps.elfsight.com\/sign-up\/","pricing_button_nofollow":"1","_state":"expanded"}],"related_apps_title":"","related_apps_hidden":"1","author":"","image":[],"title":"","job":"","social_networks":[]},"_links":{"self":[{"href":"https:\/\/elfsight.com\/fr\/wp-json\/wp\/v2\/pages\/5847","targetHints":{"allow":["GET"]}}],"collection":[{"href":"https:\/\/elfsight.com\/fr\/wp-json\/wp\/v2\/pages"}],"about":[{"href":"https:\/\/elfsight.com\/fr\/wp-json\/wp\/v2\/types\/page"}],"author":[{"embeddable":true,"href":"https:\/\/elfsight.com\/fr\/wp-json\/wp\/v2\/users\/18"}],"replies":[{"embeddable":true,"href":"https:\/\/elfsight.com\/fr\/wp-json\/wp\/v2\/comments?post=5847"}],"version-history":[{"count":2,"href":"https:\/\/elfsight.com\/fr\/wp-json\/wp\/v2\/pages\/5847\/revisions"}],"predecessor-version":[{"id":14859,"href":"https:\/\/elfsight.com\/fr\/wp-json\/wp\/v2\/pages\/5847\/revisions\/14859"}],"up":[{"embeddable":true,"href":"https:\/\/elfsight.com\/fr\/wp-json\/wp\/v2\/pages\/2252"}],"wp:attachment":[{"href":"https:\/\/elfsight.com\/fr\/wp-json\/wp\/v2\/media?parent=5847"}],"curies":[{"name":"wp","href":"https:\/\/api.w.org\/{rel}","templated":true}]}}