{"id":5845,"date":"2021-12-03T10:09:48","date_gmt":"2021-12-03T10:09:48","guid":{"rendered":"https:\/\/elfsight.com\/fr\/?page_id=5845"},"modified":"2024-11-11T10:58:47","modified_gmt":"2024-11-11T10:58:47","slug":"weebly","status":"publish","type":"page","link":"https:\/\/elfsight.com\/fr\/facebook-reviews-widget\/weebly\/","title":{"rendered":"Facebook Reviews &#8211; Weebly"},"content":{"rendered":"<div class=\"application-platform-content-item-description application-platform-content-item\" id=\"description\" data-nav-section=\"description\"><h2>Description<\/h2><p>Elfsight Facebook Reviews est un moyen simple d&rsquo;afficher les avis de votre page Facebook sur votre page Web et d&rsquo;augmenter la confiance. \u00e0 votre entreprise par les clients du site Web. Vous pouvez appliquer un filtre d&rsquo;avis, afficher le nombre d&rsquo;\u00e9toiles, les informations sur l&rsquo;auteur et afficher un bouton pour laisser un nouvel avis. Le widget Elfsight Facebook Reviews propose diff\u00e9rentes mises en page et mod\u00e8les d&rsquo;avis, des \u00e9l\u00e9ments commutables et un en-t\u00eate flexible pour une personnalisation approfondie. En utilisant vos avis Facebook sur le site, vous d\u00e9montrerez une grande reconnaissance, renforcerez la confiance et obtiendrez plus d&rsquo;avis.<\/p><p><b>Ayez plus d&rsquo;avis clients affichant les avis Facebook avec la possibilit\u00e9 d&rsquo;en laisser de nouveaux\u00a0!<\/b> <\/p><ul><li><b>Renforcez la confiance en affichant les avis des vrais utilisateurs<\/b><br> Montrez que les avis sont authentiques avec des donn\u00e9es compl\u00e8tes sur l&rsquo;auteur et augmentez la confiance envers votre marque.<\/li><li><b>Attirez plus de ventes en affichant votre note \u00e9lev\u00e9e<\/b><br> D\u00e9montrez votre note \u00e9lev\u00e9e et vos avis positifs pour prouver que vos articles valent la peine d&rsquo;\u00eatre achet\u00e9s et attirer plus d&rsquo;achats.<\/li><li><b>Obtenez une image plus claire. compr\u00e9hension de vos offres aupr\u00e8s des nouveaux utilisateurs<\/b><br> Pr\u00e9senter vos produits \u00e0 travers les yeux des clients aidera les clients potentiels \u00e0 mieux les comprendre.<\/li><\/ul><\/div><div class=\"application-platform-content-item-features application-platform-content-item\" id=\"features\" data-nav-section=\"features\"> <h2>Fonctionnalit\u00e9s<\/h2><p>V\u00e9rifiez quelles fonctionnalit\u00e9s font de ce plugin l&rsquo;un des meilleurs pour Weebly\u00a0:<\/p><ul><li>En-t\u00eate commutable du widget\u00a0;<\/li><li>Choisir le num\u00e9ro d&rsquo;avis par page\u00a0;<\/li><li>D\u00e9finition de la vitesse des diapositives et de la vitesse de lecture automatique\u00a0;<\/li><li>Liens pris en charge dans le message de refus de demande d&rsquo;avis\u00a0;<\/li><li>5\u00a0\u00e9l\u00e9ments pouvant \u00eatre peints dans l&rsquo;interface\u00a0: arri\u00e8re-plan, r\u00e9viser le texte, les liens. Bouton de demande de r\u00e9vision, note\u00a0;<\/li><\/ul><p><a href=\"#demo\">V\u00e9rifiez les fonctionnalit\u00e9s les plus importantes de la d\u00e9mo Elfsight<\/a><\/p><\/div><div class=\"application-platform-content-item-installation application-platform-content-item\" id=\"installation\" data-nav-section=\"installation\"><h2>Comment ajouter des avis Facebook au site Web Weebly<\/h2><div class=\"video-container\"><iframe width=\"720\" height=\"405\" src=\"https:\/\/www.youtube.com\/embed\/gTTmnUeCyUQ\" frameborder=\"0\" allowfullscreen=\"\"><\/iframe><\/div><p>Une instruction simple sur l&rsquo;int\u00e9gration du widget sur une page Web sans comp\u00e9tence en programmation. La dur\u00e9e totale de l&rsquo;ex\u00e9cution manuelle ne d\u00e9passe pas 1 minute.<\/p><ol><li><b>Ex\u00e9cutez notre \u00e9diteur gratuit et commencez \u00e0 cr\u00e9er votre application personnalis\u00e9e. <\/b><br> Choisissez l&rsquo;interface et les param\u00e8tres s\u00e9lectionn\u00e9s de l&rsquo;application et appliquez toutes les modifications. <\/li> <li><b>Acqu\u00e9rez votre code individuel indiqu\u00e9 dans la case sur les applications Elfsight. <\/b><br> Une fois la personnalisation de votre application personnelle termin\u00e9e, copiez le code individuel de la fen\u00eatre contextuelle apparue et conservez-le pour une occasion ult\u00e9rieure. <\/li> <li><b>Commencez \u00e0 utiliser l&rsquo;application sur le site Weebly. <\/b><br> Int\u00e9grez le code que vous avez enregistr\u00e9 auparavant dans votre page Web et appliquez les ajustements. <\/li> <li><b>Fait\u00a0! L&rsquo;installation est enti\u00e8rement termin\u00e9e. <\/b><br> Ouvrez votre site Web pour voir comment fonctionne l&rsquo;application. <\/li><\/ol><p>Vous rencontrez des difficult\u00e9s pour ajouter le plugin ou le personnaliser\u00a0? Contactez notre \u00e9quipe d&rsquo;assistance.<\/p><div class=\"faq\" data-component=\"FAQ\"> <div class=\"faq-item\">\r\n\t\t\t\t\t<div class=\"faq-item-question\">\r\n\t\t\t\t\t\t<h3 class=\"faq-item-question-text\">Comment puis-je ajouter des avis Facebook \u00e0 mon site Web Weebly sans comp\u00e9tences en codage ?<\/h3>\r\n\r\n\t\t\t\t\t\t<div class=\"faq-item-question-icon\"><\/div>\r\n\t\t\t\t\t<\/div>\r\n\r\n\t\t\t\t\t<div class=\"faq-item-answer\">\r\n\t\t\t\t\t\t<div class=\"faq-item-answer-text\"> <p>Elfsight fournit une solution SaaS qui vous permet de cr\u00e9er un compte Facebook. Widget d&rsquo;avis vous-m\u00eame, voyez \u00e0 quel point le processus est simple\u00a0: travaillez directement dans l&rsquo;\u00e9diteur en ligne pour cr\u00e9er un widget d&rsquo;avis Facebook que vous aimeriez voir sur votre site Web Weebly. Choisissez l&rsquo;un des mod\u00e8les pr\u00e9d\u00e9finis et ajustez les param\u00e8tres des avis Facebook, ajoutez votre contenu, modifiez la disposition et la couleur des \u00e9l\u00e9ments sans aucune comp\u00e9tence en codage. Enregistrez les avis Facebook et copiez son code d&rsquo;installation, que vous pouvez facilement coller sur votre site Web Weebly sans avoir besoin d&rsquo;acheter un forfait payant. Gr\u00e2ce \u00e0 notre \u00e9diteur intuitif, tout internaute peut cr\u00e9er un widget Avis Facebook en ligne et l&rsquo;int\u00e9grer facilement \u00e0 son site Web Weebly. Il n&rsquo;est pas n\u00e9cessaire de payer ou de saisir les informations d&rsquo;identification de votre carte pour acc\u00e9der au service. Si vous rencontrez des probl\u00e8mes \u00e0 n&rsquo;importe quelle \u00e9tape, n&rsquo;h\u00e9sitez pas \u00e0 contacter notre \u00e9quipe d&rsquo;assistance technique.<\/p> <\/div>\r\n\t\t\t\t\t<\/div>\r\n\t\t\t\t<\/div> <\/div> <\/div>","protected":false},"excerpt":{"rendered":"","protected":false},"author":18,"featured_media":0,"parent":2252,"menu_order":0,"comment_status":"closed","ping_status":"closed","template":"templates\/template-application-platform.php","meta":{"publish_to_discourse":"","publish_post_category":"","wpdc_auto_publish_overridden":"","wpdc_topic_tags":"","wpdc_pin_topic":"","wpdc_pin_until":"","discourse_post_id":"","discourse_permalink":"","wpdc_publishing_response":"","wpdc_publishing_error":"","footnotes":""},"class_list":["post-5845","page","type-page","status-publish","hentry"],"yoast_head":"<!-- This site is optimized with the Yoast SEO plugin v25.3.1 - https:\/\/yoast.com\/wordpress\/plugins\/seo\/ -->\n<title>Avis Facebook - ajoutez app Avis Client Facebook sur Weebly<\/title>\n<meta name=\"description\" content=\"Int\u00e9grez un Avis Facebook attractif sur votre site. Utilisez la d\u00e9mo d&#039;Elfsight et g\u00e9n\u00e9rez votre widget en quelques minutes.\" \/>\n<meta name=\"robots\" content=\"index, follow, max-snippet:-1, max-image-preview:large, max-video-preview:-1\" \/>\n<link rel=\"canonical\" href=\"https:\/\/elfsight.com\/fr\/facebook-reviews-widget\/weebly\/\" \/>\n<meta property=\"og:locale\" content=\"fr_FR\" \/>\n<meta property=\"og:type\" content=\"article\" \/>\n<meta property=\"og:title\" content=\"Avis Facebook - ajoutez app Avis Client Facebook sur Weebly\" \/>\n<meta property=\"og:description\" content=\"Int\u00e9grez un Avis Facebook attractif sur votre site. Utilisez la d\u00e9mo d&#039;Elfsight et g\u00e9n\u00e9rez votre widget en quelques minutes.\" \/>\n<meta property=\"og:url\" content=\"https:\/\/elfsight.com\/fr\/facebook-reviews-widget\/weebly\/\" \/>\n<meta property=\"og:site_name\" content=\"Elfsight FR\" \/>\n<meta property=\"article:modified_time\" content=\"2024-11-11T10:58:47+00:00\" \/>\n<meta name=\"twitter:card\" content=\"summary_large_image\" \/>\n<meta name=\"twitter:label1\" content=\"Dur\u00e9e de lecture estim\u00e9e\" \/>\n\t<meta name=\"twitter:data1\" content=\"1 minute\" \/>\n<!-- \/ Yoast SEO plugin. -->","yoast_head_json":{"title":"Avis Facebook - ajoutez app Avis Client Facebook sur Weebly","description":"Int\u00e9grez un Avis Facebook attractif sur votre site. Utilisez la d\u00e9mo d'Elfsight et g\u00e9n\u00e9rez votre widget en quelques minutes.","robots":{"index":"index","follow":"follow","max-snippet":"max-snippet:-1","max-image-preview":"max-image-preview:large","max-video-preview":"max-video-preview:-1"},"canonical":"https:\/\/elfsight.com\/fr\/facebook-reviews-widget\/weebly\/","og_locale":"fr_FR","og_type":"article","og_title":"Avis Facebook - ajoutez app Avis Client Facebook sur Weebly","og_description":"Int\u00e9grez un Avis Facebook attractif sur votre site. Utilisez la d\u00e9mo d'Elfsight et g\u00e9n\u00e9rez votre widget en quelques minutes.","og_url":"https:\/\/elfsight.com\/fr\/facebook-reviews-widget\/weebly\/","og_site_name":"Elfsight FR","article_modified_time":"2024-11-11T10:58:47+00:00","twitter_card":"summary_large_image","twitter_misc":{"Dur\u00e9e de lecture estim\u00e9e":"1 minute"},"schema":{"@context":"https:\/\/schema.org","@graph":[{"@type":"WebPage","@id":"https:\/\/elfsight.com\/fr\/facebook-reviews-widget\/weebly\/","url":"https:\/\/elfsight.com\/fr\/facebook-reviews-widget\/weebly\/","name":"Avis Facebook - ajoutez app Avis Client Facebook sur Weebly","isPartOf":{"@id":"https:\/\/elfsight.com\/fr\/#website"},"datePublished":"2021-12-03T10:09:48+00:00","dateModified":"2024-11-11T10:58:47+00:00","description":"Int\u00e9grez un Avis Facebook attractif sur votre site. Utilisez la d\u00e9mo d'Elfsight et g\u00e9n\u00e9rez votre widget en quelques minutes.","breadcrumb":{"@id":"https:\/\/elfsight.com\/fr\/facebook-reviews-widget\/weebly\/#breadcrumb"},"inLanguage":"fr-FR","potentialAction":[{"@type":"ReadAction","target":["https:\/\/elfsight.com\/fr\/facebook-reviews-widget\/weebly\/"]}]},{"@type":"BreadcrumbList","@id":"https:\/\/elfsight.com\/fr\/facebook-reviews-widget\/weebly\/#breadcrumb","itemListElement":[{"@type":"ListItem","position":1,"name":"Home","item":"https:\/\/elfsight.com\/fr\/"},{"@type":"ListItem","position":2,"name":"Facebook Reviews","item":"https:\/\/elfsight.com\/fr\/facebook-reviews-widget\/"},{"@type":"ListItem","position":3,"name":"Facebook Reviews &#8211; Weebly"}]},{"@type":"WebSite","@id":"https:\/\/elfsight.com\/fr\/#website","url":"https:\/\/elfsight.com\/fr\/","name":"Elfsight FR","description":"","potentialAction":[{"@type":"SearchAction","target":{"@type":"EntryPoint","urlTemplate":"https:\/\/elfsight.com\/fr\/?s={search_term_string}"},"query-input":{"@type":"PropertyValueSpecification","valueRequired":true,"valueName":"search_term_string"}}],"inLanguage":"fr-FR"}]}},"meta_box":{"industry":"","seo_heading":"","heading":"","description":"","cta_heading":"","cta_description":"","application":"2182","h1":"L'application Avis Facebook pour Weebly","h1_caption":"Int\u00e9grez les avis clients de votre page Facebook directement sur votre site Web pour am\u00e9liorer sans effort la confiance et la preuve sociale dans votre site Web Weebly.","application_category":[],"applications_title":"","applications_request_title":"","applications_request_button_text":"","hero_text":"","hero_video":"","hero_video_schema_markup":"","selling_points_title":"","selling_points_caption":"","selling_points":[],"selling_points_cta_text":"","features_title":"","features":"","ed_cta_examples_text":"","ed_cta_examples_hidden":"","ed_cta_demo_text":"","ed_cta_demo_hidden":"","why_caption":"","why_editor_title":"","why_editor_text":"","why_team_title":"","why_team_text":"","why_service_title":"","why_service_text":"","template_catalog_visible":"","template_catalog_title":"","template_catalog_text":"","template_catalog_categories_visible":"","demo_title":"Cr\u00e9ez votre application Facebook Reviews","demo_caption":"Configurez vos avis Facebook et ajoutez-les gratuitement \u00e0 votre site Web Weebly\u00a0!","default_faq_hidden":"","app_template_category":[],"platform":"363","template_public_id":"","codecanyon_url":"","codecanyon_item_id":"","codecanyon_price":"","pricing_caption":"","pricing_elfsight_apps_hide_column":"","pricing_elfsight_apps_url":"","pricing_codecanyon_price_caption":"","integration_category":[],"integration_request_title":"","integration_request_cta":"","integration_platform":"","integrations":[],"platform_category":[],"video_schema_markup":"","price":"\u00c0 partir de $0\/mois","trial":"","benefits":[{"text":"Installation gratuite"},{"text":"Support Premium"},{"text":"Garantie de remboursement de 14 jours"},{"text":"L'am\u00e9lioration continue"}],"button_url":"#demo","button_target_blank":"0","button_nofollow":"0","attributes":[{"name":"Nombre d'installations","content":"1,000 - 5,000","_state":"expanded"},{"name":"Adaptif","content":"Oui","_state":"expanded"},{"name":"Navigateurs compatibles","content":"Firefox, Safari, Opera, Chrome, Edge","_state":"expanded"}],"tags":[],"tags_disable_links":"0","hide_more_platforms":"","video_object":"","demo_hide_cta":"0","demo_hide_cloud_options":"0","pricing_title":"","pricing":[{"pricing_icon":"platform","pricing_title":"Applications d'Elfsight","pricing_title_caption":"Solution num\u00e9rique multiplateforme qui fonctionne sur n'importe quel site","pricing_price":"\u00c0 partir de $0\/mois","pricing_price_caption":"Commencez avec un plan gratuit","pricing_benefits":[{"text":"Sites Web illimit\u00e9s"},{"text":"\u00c9quipe d'assistance professionnelle"},{"text":"Service d'installation gratuit"},{"text":"100% personnalisable"}],"pricing_button_text":"Ajouter au site Web","pricing_button_url":"https:\/\/apps.elfsight.com\/sign-up\/","pricing_button_nofollow":"1","_state":"expanded"}],"related_apps_title":"","related_apps_hidden":"1","author":"","image":[],"title":"","job":"","social_networks":[]},"_links":{"self":[{"href":"https:\/\/elfsight.com\/fr\/wp-json\/wp\/v2\/pages\/5845","targetHints":{"allow":["GET"]}}],"collection":[{"href":"https:\/\/elfsight.com\/fr\/wp-json\/wp\/v2\/pages"}],"about":[{"href":"https:\/\/elfsight.com\/fr\/wp-json\/wp\/v2\/types\/page"}],"author":[{"embeddable":true,"href":"https:\/\/elfsight.com\/fr\/wp-json\/wp\/v2\/users\/18"}],"replies":[{"embeddable":true,"href":"https:\/\/elfsight.com\/fr\/wp-json\/wp\/v2\/comments?post=5845"}],"version-history":[{"count":2,"href":"https:\/\/elfsight.com\/fr\/wp-json\/wp\/v2\/pages\/5845\/revisions"}],"predecessor-version":[{"id":14860,"href":"https:\/\/elfsight.com\/fr\/wp-json\/wp\/v2\/pages\/5845\/revisions\/14860"}],"up":[{"embeddable":true,"href":"https:\/\/elfsight.com\/fr\/wp-json\/wp\/v2\/pages\/2252"}],"wp:attachment":[{"href":"https:\/\/elfsight.com\/fr\/wp-json\/wp\/v2\/media?parent=5845"}],"curies":[{"name":"wp","href":"https:\/\/api.w.org\/{rel}","templated":true}]}}