{"id":5839,"date":"2021-12-03T10:09:57","date_gmt":"2021-12-03T10:09:57","guid":{"rendered":"https:\/\/elfsight.com\/fr\/?page_id=5839"},"modified":"2024-11-11T10:58:55","modified_gmt":"2024-11-11T10:58:55","slug":"squarespace","status":"publish","type":"page","link":"https:\/\/elfsight.com\/fr\/facebook-reviews-widget\/squarespace\/","title":{"rendered":"Facebook Reviews &#8211; Squarespace"},"content":{"rendered":"<div class=\"application-platform-content-item-description application-platform-content-item\" id=\"description\" data-nav-section=\"description\"><h2>Int\u00e9grez les avis Facebook sur Squarespace avec le widget Elfsight<\/h2><p>Profitez de vos avis clients Facebook sur le site au moyen d&rsquo;Elfsight Commentaires Facebook et montrez votre fiabilit\u00e9. Le public du site Web pourra voir ce que les utilisateurs disent de vous sur Facebook dans un widget au design \u00e9pur\u00e9 et aux d\u00e9tails Facebook originaux. L&rsquo;interface est r\u00e9glable et comporte un nombre d&rsquo;\u00e9toiles, des informations sur l&rsquo;auteur, des composants commutables et des variantes de mise en page et de mod\u00e8le pr\u00e9d\u00e9finies. Via Elfsight Facebook Reviews, vous pouvez afficher un bouton pour r\u00e9diger un nouvel avis et recevoir de nouveaux commentaires.<\/p><p><b>Obtenez plus de commentaires clients d\u00e9montrant les avis Facebook permettant d&rsquo;en laisser de nouveaux\u00a0!<\/b><\/p> <ul><li><b>Augmentez votre cr\u00e9dibilit\u00e9 en affichant les avis de vrais clients<\/b><br>Convainquez les utilisateurs que vos avis sont authentiques en utilisant les informations compl\u00e8tes sur l&rsquo;auteur et renforcez la cr\u00e9dibilit\u00e9 de votre marque.<\/li><li><b>Inspirez de nouveaux avis avec le bouton d&rsquo;appel \u00e0 l&rsquo;action<\/b><br>Gr\u00e2ce \u00e0 un acc\u00e8s rapide \u00e0 votre page Facebook et \u00e0 un bouton d&rsquo;appel \u00e0 l&rsquo;action convaincant, vous pouvez recevoir davantage de commentaires de vos clients.<\/li><li><b>Parvenez \u00e0 une compr\u00e9hension plus claire de vos offres<\/b><br>Montrer vos produits \u00e0 travers l&rsquo;exp\u00e9rience utilisateur des clients aidera les clients potentiels \u00e0 mieux les comprendre.<\/li><\/ul><\/div><div class=\"application-platform-content-item- Features application-platform-content-item\" id=\" Features\" data-nav-section=\" Features\"><h2>Principales fonctionnalit\u00e9s du widget Commentaires Facebook<\/h2><p>Principales fonctionnalit\u00e9s du widget Elfsight, qui en font le moyen id\u00e9al pour Squarespace pour l&rsquo;insertion du plugin\u00a0:<\/p><ul><li>22 langues pr\u00e9d\u00e9finies prises en charge\u00a0;<\/li><li>Navigation par fl\u00e8ches et glissements dans la disposition Slider\u00a0;<\/li><li>Choix du type de pagination dans la disposition Slider\u00a0;<\/li><li>Bouton de demande de r\u00e9vision pour rediriger sur la page Facebook\u00a0;<\/li><li>Titre du widget modifiable avec taille et poids de police r\u00e9glables\u00a0;<\/li><\/ul><p><a href=\"#demo\">Essayez l&rsquo;ensemble complet des avantages dans l&rsquo;\u00e9diteur\u00a0!<\/a><\/p><\/div><div class=\"application-platform-content-item-installation application-platform-content-item\" id=\"installation\" data-nav-section=\"installation\"><h2>Comment ajouter des avis Facebook au site Web Squarespace<\/h2><div class=\"video-container\"><iframe width=\"720\" height=\"405\" src=\"https:\/\/www.youtube.com\/embed\/0KgPIvf_CEk\" frameborder=\"0\" allowfullscreen=\"\"><\/iframe><\/div><p>Pour effectuer l&rsquo;int\u00e9gration, vous n&rsquo;avez pas besoin d&rsquo;avoir connaissances en programmation ou beaucoup de temps. Seulement quelques actions simples et 2 minutes.<\/p><ol><li><b>Cr\u00e9ez vos avis Facebook personnalis\u00e9s<\/b><br> Avec notre \u00e9diteur gratuit, fa\u00e7onnez un plugin avec la mise en page et les param\u00e8tres requis.<\/li><li><b>Acqu\u00e9rir un code pour ajouter le plugin<\/b><br> Apr\u00e8s la personnalisation du widget, obtenez un code pour le plugin Reviews \u00e0 partir de la notification qui appara\u00eet sur les applications Elfsight.<\/li><li><b>Publier le plugin sur le site SquareSpace<\/b><br> Placez le plugin \u00e0 l&rsquo;endroit requis du site Web et enregistrez les modifications.<\/li><li><b>Termin\u00e9\u00a0!<\/b><br> Acc\u00e9dez \u00e0 votre site , pour v\u00e9rifier votre travail.<\/li><\/ol><p>Vous avez du mal \u00e0 ajouter ou \u00e0 personnaliser votre propre plugin\u00a0? N&rsquo;h\u00e9sitez pas \u00e0 vous adresser \u00e0 notre support client.<\/p><div class=\"faq\" data-component=\"FAQ\"> <div class=\"faq-item\">\r\n\t\t\t\t\t<div class=\"faq-item-question\">\r\n\t\t\t\t\t\t<h3 class=\"faq-item-question-text\">Comment ajouter des avis Facebook \u00e0 mon site Squarespace sans comp\u00e9tences en codage ?<\/h3>\r\n\r\n\t\t\t\t\t\t<div class=\"faq-item-question-icon\"><\/div>\r\n\t\t\t\t\t<\/div>\r\n\r\n\t\t\t\t\t<div class=\"faq-item-answer\">\r\n\t\t\t\t\t\t<div class=\"faq-item-answer-text\"> <p>Elfsight propose une solution SaaS qui vous permet de cr\u00e9er un Widget d&rsquo;avis Facebook vous-m\u00eame, voyez \u00e0 quel point le processus est simple\u00a0: travaillez directement dans l&rsquo;\u00e9diteur en ligne pour cr\u00e9er un widget d&rsquo;avis Facebook que vous aimeriez voir sur votre site Web Squarespace. Choisissez l&rsquo;un des mod\u00e8les pr\u00e9d\u00e9finis et ajustez les param\u00e8tres des avis Facebook, ajoutez votre contenu, modifiez la mise en page et les couleurs sans comp\u00e9tences en codage. Enregistrez les avis Facebook et copiez son code d&rsquo;installation, que vous pouvez inclure dans votre site Web Squarespace sans acheter de version payante. Gr\u00e2ce \u00e0 notre \u00e9diteur intuitif, tout internaute peut cr\u00e9er un widget Avis Facebook en ligne et l&rsquo;int\u00e9grer facilement \u00e0 son site Web Squarespace. Il n&rsquo;est pas n\u00e9cessaire de payer ou de saisir les informations d&rsquo;identification de votre carte pour acc\u00e9der au service. Si vous rencontrez des probl\u00e8mes \u00e0 n&rsquo;importe quelle \u00e9tape, n&rsquo;h\u00e9sitez pas \u00e0 contacter notre \u00e9quipe d&rsquo;assistance technique.<\/p> <\/div>\r\n\t\t\t\t\t<\/div>\r\n\t\t\t\t<\/div> <\/div> <\/div>","protected":false},"excerpt":{"rendered":"","protected":false},"author":18,"featured_media":0,"parent":2252,"menu_order":0,"comment_status":"closed","ping_status":"closed","template":"templates\/template-application-platform.php","meta":{"publish_to_discourse":"","publish_post_category":"","wpdc_auto_publish_overridden":"","wpdc_topic_tags":"","wpdc_pin_topic":"","wpdc_pin_until":"","discourse_post_id":"","discourse_permalink":"","wpdc_publishing_response":"","wpdc_publishing_error":"","footnotes":""},"class_list":["post-5839","page","type-page","status-publish","hentry"],"yoast_head":"<!-- This site is optimized with the Yoast SEO plugin v25.3.1 - https:\/\/yoast.com\/wordpress\/plugins\/seo\/ -->\n<title>Avis Facebook - ajoutez plugin Avis Client Facebook sur Squarespace<\/title>\n<meta name=\"description\" content=\"Int\u00e9grez un Avis Facebook avantageux sur votre site. Utilisez la d\u00e9mo d&#039;Elfsight et g\u00e9n\u00e9rez votre widget en quelques minutes.\" \/>\n<meta name=\"robots\" content=\"index, follow, max-snippet:-1, max-image-preview:large, max-video-preview:-1\" \/>\n<link rel=\"canonical\" href=\"https:\/\/elfsight.com\/fr\/facebook-reviews-widget\/squarespace\/\" \/>\n<meta property=\"og:locale\" content=\"fr_FR\" \/>\n<meta property=\"og:type\" content=\"article\" \/>\n<meta property=\"og:title\" content=\"Avis Facebook - ajoutez plugin Avis Client Facebook sur Squarespace\" \/>\n<meta property=\"og:description\" content=\"Int\u00e9grez un Avis Facebook avantageux sur votre site. Utilisez la d\u00e9mo d&#039;Elfsight et g\u00e9n\u00e9rez votre widget en quelques minutes.\" \/>\n<meta property=\"og:url\" content=\"https:\/\/elfsight.com\/fr\/facebook-reviews-widget\/squarespace\/\" \/>\n<meta property=\"og:site_name\" content=\"Elfsight FR\" \/>\n<meta property=\"article:modified_time\" content=\"2024-11-11T10:58:55+00:00\" \/>\n<meta name=\"twitter:card\" content=\"summary_large_image\" \/>\n<meta name=\"twitter:label1\" content=\"Dur\u00e9e de lecture estim\u00e9e\" \/>\n\t<meta name=\"twitter:data1\" content=\"1 minute\" \/>\n<!-- \/ Yoast SEO plugin. -->","yoast_head_json":{"title":"Avis Facebook - ajoutez plugin Avis Client Facebook sur Squarespace","description":"Int\u00e9grez un Avis Facebook avantageux sur votre site. Utilisez la d\u00e9mo d'Elfsight et g\u00e9n\u00e9rez votre widget en quelques minutes.","robots":{"index":"index","follow":"follow","max-snippet":"max-snippet:-1","max-image-preview":"max-image-preview:large","max-video-preview":"max-video-preview:-1"},"canonical":"https:\/\/elfsight.com\/fr\/facebook-reviews-widget\/squarespace\/","og_locale":"fr_FR","og_type":"article","og_title":"Avis Facebook - ajoutez plugin Avis Client Facebook sur Squarespace","og_description":"Int\u00e9grez un Avis Facebook avantageux sur votre site. Utilisez la d\u00e9mo d'Elfsight et g\u00e9n\u00e9rez votre widget en quelques minutes.","og_url":"https:\/\/elfsight.com\/fr\/facebook-reviews-widget\/squarespace\/","og_site_name":"Elfsight FR","article_modified_time":"2024-11-11T10:58:55+00:00","twitter_card":"summary_large_image","twitter_misc":{"Dur\u00e9e de lecture estim\u00e9e":"1 minute"},"schema":{"@context":"https:\/\/schema.org","@graph":[{"@type":"WebPage","@id":"https:\/\/elfsight.com\/fr\/facebook-reviews-widget\/squarespace\/","url":"https:\/\/elfsight.com\/fr\/facebook-reviews-widget\/squarespace\/","name":"Avis Facebook - ajoutez plugin Avis Client Facebook sur Squarespace","isPartOf":{"@id":"https:\/\/elfsight.com\/fr\/#website"},"datePublished":"2021-12-03T10:09:57+00:00","dateModified":"2024-11-11T10:58:55+00:00","description":"Int\u00e9grez un Avis Facebook avantageux sur votre site. Utilisez la d\u00e9mo d'Elfsight et g\u00e9n\u00e9rez votre widget en quelques minutes.","breadcrumb":{"@id":"https:\/\/elfsight.com\/fr\/facebook-reviews-widget\/squarespace\/#breadcrumb"},"inLanguage":"fr-FR","potentialAction":[{"@type":"ReadAction","target":["https:\/\/elfsight.com\/fr\/facebook-reviews-widget\/squarespace\/"]}]},{"@type":"BreadcrumbList","@id":"https:\/\/elfsight.com\/fr\/facebook-reviews-widget\/squarespace\/#breadcrumb","itemListElement":[{"@type":"ListItem","position":1,"name":"Home","item":"https:\/\/elfsight.com\/fr\/"},{"@type":"ListItem","position":2,"name":"Facebook Reviews","item":"https:\/\/elfsight.com\/fr\/facebook-reviews-widget\/"},{"@type":"ListItem","position":3,"name":"Facebook Reviews &#8211; Squarespace"}]},{"@type":"WebSite","@id":"https:\/\/elfsight.com\/fr\/#website","url":"https:\/\/elfsight.com\/fr\/","name":"Elfsight FR","description":"","potentialAction":[{"@type":"SearchAction","target":{"@type":"EntryPoint","urlTemplate":"https:\/\/elfsight.com\/fr\/?s={search_term_string}"},"query-input":{"@type":"PropertyValueSpecification","valueRequired":true,"valueName":"search_term_string"}}],"inLanguage":"fr-FR"}]}},"meta_box":{"industry":"","seo_heading":"","heading":"","description":"","cta_heading":"","cta_description":"","application":"2182","h1":"Plugin Avis Facebook pour Squarespace","h1_caption":"Int\u00e9grez les avis clients de votre page Facebook directement sur votre site Web pour am\u00e9liorer sans effort la confiance et la preuve sociale sur votre site Web Squarespace.","application_category":[],"applications_title":"","applications_request_title":"","applications_request_button_text":"","hero_text":"","hero_video":"","hero_video_schema_markup":"","selling_points_title":"","selling_points_caption":"","selling_points":[],"selling_points_cta_text":"","features_title":"","features":"","ed_cta_examples_text":"","ed_cta_examples_hidden":"","ed_cta_demo_text":"","ed_cta_demo_hidden":"","why_caption":"","why_editor_title":"","why_editor_text":"","why_team_title":"","why_team_text":"","why_service_title":"","why_service_text":"","template_catalog_visible":"","template_catalog_title":"","template_catalog_text":"","template_catalog_categories_visible":"","demo_title":"Cr\u00e9ez votre plugin Facebook Reviews","demo_caption":"Configurez vos avis Facebook et ajoutez-les gratuitement \u00e0 votre site Web Squarespace !","default_faq_hidden":"","app_template_category":[],"platform":"361","template_public_id":"","codecanyon_url":"","codecanyon_item_id":"","codecanyon_price":"","pricing_caption":"","pricing_elfsight_apps_hide_column":"","pricing_elfsight_apps_url":"","pricing_codecanyon_price_caption":"","integration_category":[],"integration_request_title":"","integration_request_cta":"","integration_platform":"","integrations":[],"platform_category":[],"video_schema_markup":"","price":"\u00c0 partir de $0\/mois","trial":"","benefits":[{"text":"Installation gratuite"},{"text":"Support Premium"},{"text":"Garantie de remboursement de 14 jours"},{"text":"L'am\u00e9lioration continue"}],"button_url":"#demo","button_target_blank":"0","button_nofollow":"0","attributes":[{"name":"Nombre d'installations","content":"1,000 - 5,000","_state":"expanded"},{"name":"Adaptif","content":"Oui","_state":"expanded"},{"name":"Navigateurs compatibles","content":"Firefox, Safari, Opera, Chrome, Edge","_state":"expanded"}],"tags":[],"tags_disable_links":"0","hide_more_platforms":"","video_object":"","demo_hide_cta":"0","demo_hide_cloud_options":"0","pricing_title":"","pricing":[{"pricing_icon":"platform","pricing_title":"Applications d'Elfsight","pricing_title_caption":"Solution num\u00e9rique multiplateforme qui fonctionne sur n'importe quel site","pricing_price":"\u00c0 partir de $0\/mois","pricing_price_caption":"Commencez avec un plan gratuit","pricing_benefits":[{"text":"Sites Web illimit\u00e9s"},{"text":"\u00c9quipe d'assistance professionnelle"},{"text":"Service d'installation gratuit"},{"text":"100% personnalisable"}],"pricing_button_text":"Ajouter au site Web","pricing_button_url":"https:\/\/apps.elfsight.com\/sign-up\/","pricing_button_nofollow":"1","_state":"expanded"}],"related_apps_title":"","related_apps_hidden":"1","author":"","image":[],"title":"","job":"","social_networks":[]},"_links":{"self":[{"href":"https:\/\/elfsight.com\/fr\/wp-json\/wp\/v2\/pages\/5839","targetHints":{"allow":["GET"]}}],"collection":[{"href":"https:\/\/elfsight.com\/fr\/wp-json\/wp\/v2\/pages"}],"about":[{"href":"https:\/\/elfsight.com\/fr\/wp-json\/wp\/v2\/types\/page"}],"author":[{"embeddable":true,"href":"https:\/\/elfsight.com\/fr\/wp-json\/wp\/v2\/users\/18"}],"replies":[{"embeddable":true,"href":"https:\/\/elfsight.com\/fr\/wp-json\/wp\/v2\/comments?post=5839"}],"version-history":[{"count":2,"href":"https:\/\/elfsight.com\/fr\/wp-json\/wp\/v2\/pages\/5839\/revisions"}],"predecessor-version":[{"id":14863,"href":"https:\/\/elfsight.com\/fr\/wp-json\/wp\/v2\/pages\/5839\/revisions\/14863"}],"up":[{"embeddable":true,"href":"https:\/\/elfsight.com\/fr\/wp-json\/wp\/v2\/pages\/2252"}],"wp:attachment":[{"href":"https:\/\/elfsight.com\/fr\/wp-json\/wp\/v2\/media?parent=5839"}],"curies":[{"name":"wp","href":"https:\/\/api.w.org\/{rel}","templated":true}]}}