{"id":5825,"date":"2021-12-03T10:10:17","date_gmt":"2021-12-03T10:10:17","guid":{"rendered":"https:\/\/elfsight.com\/fr\/?page_id=5825"},"modified":"2024-12-19T13:20:32","modified_gmt":"2024-12-19T13:20:32","slug":"jquery","status":"publish","type":"page","link":"https:\/\/elfsight.com\/fr\/facebook-reviews-widget\/jquery\/","title":{"rendered":"Facebook Reviews &#8211; jQuery"},"content":{"rendered":"\n<div class=\"application-platform-content-item-description application-platform-content-item\" id=\"description\" data-nav-section=\"description\">\n<h2>Description<\/h2>\n<p>Pr\u00e9sentez les avis de vos clients Facebook sur le site Web avec Elfsight Facebook Reviews et vantez votre fiabilit\u00e9. Le public du site verra ce que les clients disent de vos produits sur Facebook dans un widget au design \u00e9pur\u00e9 et aux \u00e9l\u00e9ments Facebook originaux. L&rsquo;interface est r\u00e9glable et propose un classement par \u00e9toiles, des informations sur l&rsquo;auteur, des fonctionnalit\u00e9s commutables et des options de mise en page et de mod\u00e8le pr\u00eates. Avec l&rsquo;aide d&rsquo;Elfsight Facebook Reviews, vous pouvez afficher un bouton pour ajouter un nouvel avis et attirer les commentaires des clients.<\/p>\n<p><b>Collez vos avis Facebook sur le site Web pour d\u00e9voiler votre haute \u00e9valuation !<\/b><\/p>\n<ul>\n    <li><b>Augmentez la fiabilit\u00e9 en r\u00e9v\u00e9lant les avis des vrais utilisateurs<\/b><br>Convainquez les utilisateurs que vos avis sont vrais en utilisant les donn\u00e9es compl\u00e8tes de l&rsquo;auteur et renforcez la confiance dans votre marque.<\/li>\n    <li><b>Augmentez les achats en affichant votre note \u00e9lev\u00e9e<\/b><br>D\u00e9montrez votre note \u00e9lev\u00e9e et vos excellents avis pour convaincre les utilisateurs que vos articles valent la peine d&rsquo;\u00eatre achet\u00e9s.<\/li>\n    <li><b>Parvenez \u00e0 une meilleure compr\u00e9hension de vos offres<\/b><br>D\u00e9montrer vos produits \u00e0 travers l&rsquo;exp\u00e9rience des clients aidera les clients potentiels \u00e0 mieux les comprendre.<\/li>\n<\/ul>\n<\/div>\n\n<div class=\"application-platform-content-item-features application-platform-content-item\" id=\"features\" data-nav-section=\"features\">\n<h2>Fonctionnalit\u00e9s<\/h2>\n<p>Voici une courte liste de fonctionnalit\u00e9s qui font de notre plugin une solution parfaite pour JQuery :<\/p>\n<ul>\n    <li>Trois types de filtres : par type, exclusion par et quantit\u00e9 d&rsquo;avis ;<\/li>\n    <li>Choisir le nombre d&rsquo;avis par page ;<\/li>\n    <li>D\u00e9finir la vitesse des diapositives et la vitesse de lecture automatique ;<\/li>\n    <li>Liens pris en charge dans le message de refus de demande d&rsquo;avis ;<\/li>\n    <li>Trois types de d\u00e9coration de r\u00e9vision : Bordure, Arri\u00e8re-plan, Aucun ;<\/li>\n<\/ul>\n<p><a href=\"#demo\">D\u00e9couvrez l&rsquo;ensemble complet des fonctions dans la d\u00e9mo !<\/a><\/p>\n<\/div>\n\n<div class=\"application-platform-content-item-installation application-platform-content-item\" id=\"installation\" data-nav-section=\"installation\">\n<h2>Comment ajouter des avis Facebook au site Web jQuery<\/h2>\n<p>Le plugin Elfsight est le plus simple en termes d&rsquo;int\u00e9gration et ne n\u00e9cessitera pas de comp\u00e9tences en programmation Web. Le temps moyen d&rsquo;installation ne d\u00e9passe pas 80 secondes.<\/p>\n<ol>\n    <li><b>Cr\u00e9ez vos avis Facebook personnalis\u00e9s<\/b><br>Avec notre \u00e9diteur gratuit, cr\u00e9ez un plugin avec les options de mise en page et de param\u00e8tres requises.<\/li>\n    <li><b>Obtenez un code pour publier le plugin<\/b><br>Apr\u00e8s la personnalisation du widget, obtenez un code pour le plugin Reviews \u00e0 partir de la notification apparue sur les applications Elfsight.<\/li>\n    <li><b>Placez le widget sur le site Web<\/b><br>Ouvrez le code de la page dans l&rsquo;\u00e9diteur HTML, ajoutez le widget \u00e0 la zone s\u00e9lectionn\u00e9e (contenu, pied de page, barre lat\u00e9rale, etc.) et publiez les r\u00e9sultats.<\/li>\n    <li><b>La configuration est termin\u00e9e<\/b><br>Ouvrez le site pour voir votre travail.<\/li>\n<\/ol>\n<p>Des questions sont apparues lors de l&rsquo;installation ? Envoyez une demande au centre d&rsquo;assistance Elfsight ou utilisez le texte complet du didacticiel pour terminer la cr\u00e9ation du plugin par vous-m\u00eame.<\/p>\n<\/div>\n\n<div class=\"faq\" data-component=\"FAQ\">\n    <div class=\"faq-item\">\r\n\t\t\t\t\t<div class=\"faq-item-question\">\r\n\t\t\t\t\t\t<h3 class=\"faq-item-question-text\">Comment puis-je ajouter des avis Facebook \u00e0 mon site Web jQuery sans comp\u00e9tences en codage ?<\/h3>\r\n\r\n\t\t\t\t\t\t<div class=\"faq-item-question-icon\"><\/div>\r\n\t\t\t\t\t<\/div>\r\n\r\n\t\t\t\t\t<div class=\"faq-item-answer\">\r\n\t\t\t\t\t\t<div class=\"faq-item-answer-text\">\n    <p>Elfsight fournit une solution SaaS qui vous permet de cr\u00e9er vous-m\u00eame un widget d&rsquo;avis Facebook. Voyez \u00e0 quel point le processus est simple : travaillez directement dans l&rsquo;\u00e9diteur en ligne pour cr\u00e9er un widget d&rsquo;avis Facebook que vous aimeriez voir sur votre site Web jQuery. Choisissez l&rsquo;un des mod\u00e8les pr\u00e9d\u00e9finis et ajustez les param\u00e8tres des avis Facebook, ajoutez votre contenu, modifiez la mise en page et les couleurs sans aucune comp\u00e9tence en codage. Enregistrez les avis Facebook et copiez son code d&rsquo;installation, que vous pouvez int\u00e9grer sans effort dans votre site Web jQuery sans avoir besoin d&rsquo;acheter un abonnement payant. Gr\u00e2ce \u00e0 notre \u00e9diteur intuitif, tout internaute peut cr\u00e9er un widget Avis Facebook en ligne et l&rsquo;int\u00e9grer facilement \u00e0 son site Web jQuery. Il n&rsquo;est pas n\u00e9cessaire de payer ou de saisir les informations d&rsquo;identification de votre carte pour acc\u00e9der au service. Si vous rencontrez des probl\u00e8mes \u00e0 n&rsquo;importe quelle \u00e9tape, n&rsquo;h\u00e9sitez pas \u00e0 contacter notre \u00e9quipe d&rsquo;assistance technique.<\/p>\n    <\/div>\r\n\t\t\t\t\t<\/div>\r\n\t\t\t\t<\/div>\n<\/div>\n\n","protected":false},"excerpt":{"rendered":"","protected":false},"author":18,"featured_media":0,"parent":2252,"menu_order":0,"comment_status":"closed","ping_status":"closed","template":"templates\/template-application-platform.php","meta":{"publish_to_discourse":"","publish_post_category":"","wpdc_auto_publish_overridden":"","wpdc_topic_tags":"","wpdc_pin_topic":"","wpdc_pin_until":"","discourse_post_id":"","discourse_permalink":"","wpdc_publishing_response":"","wpdc_publishing_error":"","footnotes":""},"class_list":["post-5825","page","type-page","status-publish","hentry"],"yoast_head":"<!-- This site is optimized with the Yoast SEO plugin v25.3.1 - https:\/\/yoast.com\/wordpress\/plugins\/seo\/ -->\n<title>Avis Facebook - ajoutez widget Avis Client Facebook sur jQuery<\/title>\n<meta name=\"description\" content=\"Int\u00e9grez un Avis Facebook avantageux sur votre site. Appliquez la d\u00e9mo d&#039;Elfsight et g\u00e9n\u00e9rez votre widget en deux minutes.\" \/>\n<meta name=\"robots\" content=\"index, follow, max-snippet:-1, max-image-preview:large, max-video-preview:-1\" \/>\n<link rel=\"canonical\" href=\"https:\/\/elfsight.com\/fr\/facebook-reviews-widget\/jquery\/\" \/>\n<meta property=\"og:locale\" content=\"fr_FR\" \/>\n<meta property=\"og:type\" content=\"article\" \/>\n<meta property=\"og:title\" content=\"Avis Facebook - ajoutez widget Avis Client Facebook sur jQuery\" \/>\n<meta property=\"og:description\" content=\"Int\u00e9grez un Avis Facebook avantageux sur votre site. Appliquez la d\u00e9mo d&#039;Elfsight et g\u00e9n\u00e9rez votre widget en deux minutes.\" \/>\n<meta property=\"og:url\" content=\"https:\/\/elfsight.com\/fr\/facebook-reviews-widget\/jquery\/\" \/>\n<meta property=\"og:site_name\" content=\"Elfsight FR\" \/>\n<meta property=\"article:modified_time\" content=\"2024-12-19T13:20:32+00:00\" \/>\n<meta name=\"twitter:card\" content=\"summary_large_image\" \/>\n<meta name=\"twitter:label1\" content=\"Dur\u00e9e de lecture estim\u00e9e\" \/>\n\t<meta name=\"twitter:data1\" content=\"4 minutes\" \/>\n<!-- \/ Yoast SEO plugin. -->","yoast_head_json":{"title":"Avis Facebook - ajoutez widget Avis Client Facebook sur jQuery","description":"Int\u00e9grez un Avis Facebook avantageux sur votre site. Appliquez la d\u00e9mo d'Elfsight et g\u00e9n\u00e9rez votre widget en deux minutes.","robots":{"index":"index","follow":"follow","max-snippet":"max-snippet:-1","max-image-preview":"max-image-preview:large","max-video-preview":"max-video-preview:-1"},"canonical":"https:\/\/elfsight.com\/fr\/facebook-reviews-widget\/jquery\/","og_locale":"fr_FR","og_type":"article","og_title":"Avis Facebook - ajoutez widget Avis Client Facebook sur jQuery","og_description":"Int\u00e9grez un Avis Facebook avantageux sur votre site. Appliquez la d\u00e9mo d'Elfsight et g\u00e9n\u00e9rez votre widget en deux minutes.","og_url":"https:\/\/elfsight.com\/fr\/facebook-reviews-widget\/jquery\/","og_site_name":"Elfsight FR","article_modified_time":"2024-12-19T13:20:32+00:00","twitter_card":"summary_large_image","twitter_misc":{"Dur\u00e9e de lecture estim\u00e9e":"4 minutes"},"schema":{"@context":"https:\/\/schema.org","@graph":[{"@type":"WebPage","@id":"https:\/\/elfsight.com\/fr\/facebook-reviews-widget\/jquery\/","url":"https:\/\/elfsight.com\/fr\/facebook-reviews-widget\/jquery\/","name":"Avis Facebook - ajoutez widget Avis Client Facebook sur jQuery","isPartOf":{"@id":"https:\/\/elfsight.com\/fr\/#website"},"datePublished":"2021-12-03T10:10:17+00:00","dateModified":"2024-12-19T13:20:32+00:00","description":"Int\u00e9grez un Avis Facebook avantageux sur votre site. Appliquez la d\u00e9mo d'Elfsight et g\u00e9n\u00e9rez votre widget en deux minutes.","breadcrumb":{"@id":"https:\/\/elfsight.com\/fr\/facebook-reviews-widget\/jquery\/#breadcrumb"},"inLanguage":"fr-FR","potentialAction":[{"@type":"ReadAction","target":["https:\/\/elfsight.com\/fr\/facebook-reviews-widget\/jquery\/"]}]},{"@type":"BreadcrumbList","@id":"https:\/\/elfsight.com\/fr\/facebook-reviews-widget\/jquery\/#breadcrumb","itemListElement":[{"@type":"ListItem","position":1,"name":"Home","item":"https:\/\/elfsight.com\/fr\/"},{"@type":"ListItem","position":2,"name":"Facebook Reviews","item":"https:\/\/elfsight.com\/fr\/facebook-reviews-widget\/"},{"@type":"ListItem","position":3,"name":"Facebook Reviews &#8211; jQuery"}]},{"@type":"WebSite","@id":"https:\/\/elfsight.com\/fr\/#website","url":"https:\/\/elfsight.com\/fr\/","name":"Elfsight FR","description":"","potentialAction":[{"@type":"SearchAction","target":{"@type":"EntryPoint","urlTemplate":"https:\/\/elfsight.com\/fr\/?s={search_term_string}"},"query-input":{"@type":"PropertyValueSpecification","valueRequired":true,"valueName":"search_term_string"}}],"inLanguage":"fr-FR"}]}},"meta_box":{"industry":"","seo_heading":"","heading":"","description":"","cta_heading":"","cta_description":"","application":"2182","h1":"Avis Facebook pour jQuery","h1_caption":"Int\u00e9grez les avis clients de votre page Facebook directement sur votre site Web pour am\u00e9liorer sans effort la confiance et la preuve sociale dans votre site Web jQuery.","application_category":[],"applications_title":"","applications_request_title":"","applications_request_button_text":"","hero_text":"","hero_video":"","hero_video_schema_markup":"","selling_points_title":"","selling_points_caption":"","selling_points":[],"selling_points_cta_text":"","features_title":"","features":"","ed_cta_examples_text":"","ed_cta_examples_hidden":"","ed_cta_demo_text":"","ed_cta_demo_hidden":"","why_caption":"","why_editor_title":"","why_editor_text":"","why_team_title":"","why_team_text":"","why_service_title":"","why_service_text":"","template_catalog_visible":"0","template_catalog_title":"","template_catalog_text":"","template_catalog_categories_visible":"","demo_title":"Cr\u00e9ez votre plugin Facebook Reviews","demo_caption":"Configurez vos avis Facebook et ajoutez-les gratuitement \u00e0 votre site Web jQuery\u00a0!","default_faq_hidden":"","app_template_category":[],"platform":"355","template_public_id":"","codecanyon_url":"","codecanyon_item_id":"","codecanyon_price":"","pricing_caption":"","pricing_elfsight_apps_hide_column":"","pricing_elfsight_apps_url":"","pricing_codecanyon_price_caption":"","integration_category":[],"integration_request_title":"","integration_request_cta":"","integration_platform":"","integrations":[],"platform_category":[],"video_schema_markup":"","price":"\u00c0 partir de $0\/mois","trial":"","benefits":[{"text":"Installation gratuite"},{"text":"Support Premium"},{"text":"Garantie de remboursement de 14 jours"},{"text":"L'am\u00e9lioration continue"}],"button_url":"#demo","button_target_blank":"0","button_nofollow":"0","attributes":[{"name":"Nombre d'installations","content":"1,000 - 5,000","_state":"expanded"},{"name":"Adaptif","content":"Oui","_state":"expanded"},{"name":"Navigateurs compatibles","content":"Firefox, Safari, Opera, Chrome, Edge","_state":"expanded"}],"tags":[],"tags_disable_links":"0","hide_more_platforms":"","video_object":"","demo_hide_cta":"0","demo_hide_cloud_options":"0","pricing_title":"","pricing":[{"pricing_icon":"platform","pricing_title":"Applications d'Elfsight","pricing_title_caption":"Solution num\u00e9rique multiplateforme qui fonctionne sur n'importe quel site","pricing_price":"\u00c0 partir de $0\/mois","pricing_price_caption":"Commencez avec un plan gratuit","pricing_benefits":[{"text":"Sites Web illimit\u00e9s"},{"text":"\u00c9quipe d'assistance professionnelle"},{"text":"Service d'installation gratuit"},{"text":"100% personnalisable"}],"pricing_button_text":"Ajouter au site Web","pricing_button_url":"https:\/\/apps.elfsight.com\/sign-up\/","pricing_button_nofollow":"1","_state":"expanded"}],"related_apps_title":"","related_apps_hidden":"1","author":"","image":[],"title":"","job":"","social_networks":[]},"_links":{"self":[{"href":"https:\/\/elfsight.com\/fr\/wp-json\/wp\/v2\/pages\/5825","targetHints":{"allow":["GET"]}}],"collection":[{"href":"https:\/\/elfsight.com\/fr\/wp-json\/wp\/v2\/pages"}],"about":[{"href":"https:\/\/elfsight.com\/fr\/wp-json\/wp\/v2\/types\/page"}],"author":[{"embeddable":true,"href":"https:\/\/elfsight.com\/fr\/wp-json\/wp\/v2\/users\/18"}],"replies":[{"embeddable":true,"href":"https:\/\/elfsight.com\/fr\/wp-json\/wp\/v2\/comments?post=5825"}],"version-history":[{"count":3,"href":"https:\/\/elfsight.com\/fr\/wp-json\/wp\/v2\/pages\/5825\/revisions"}],"predecessor-version":[{"id":15930,"href":"https:\/\/elfsight.com\/fr\/wp-json\/wp\/v2\/pages\/5825\/revisions\/15930"}],"up":[{"embeddable":true,"href":"https:\/\/elfsight.com\/fr\/wp-json\/wp\/v2\/pages\/2252"}],"wp:attachment":[{"href":"https:\/\/elfsight.com\/fr\/wp-json\/wp\/v2\/media?parent=5825"}],"curies":[{"name":"wp","href":"https:\/\/api.w.org\/{rel}","templated":true}]}}