{"id":5823,"date":"2021-12-03T10:10:21","date_gmt":"2021-12-03T10:10:21","guid":{"rendered":"https:\/\/elfsight.com\/fr\/?page_id=5823"},"modified":"2024-11-11T10:59:04","modified_gmt":"2024-11-11T10:59:04","slug":"joomla","status":"publish","type":"page","link":"https:\/\/elfsight.com\/fr\/facebook-reviews-widget\/joomla\/","title":{"rendered":"Facebook Reviews &#8211; Joomla"},"content":{"rendered":"<div class=\"application-platform-content-item-description application-platform-content-item\" id=\"description\" data-nav-section=\"description\"><h2>Description<\/h2><p>Elfsight Facebook Reviews est un moyen simple de pr\u00e9senter les avis de votre page Facebook sur votre site Web et d&rsquo;augmenter la confiance dans votre marque aupr\u00e8s de la client\u00e8le du site. Vous pouvez appliquer un filtre d&rsquo;avis, afficher le nombre d&rsquo;\u00e9toiles, les informations sur l&rsquo;auteur et un bouton pour laisser un avis suppl\u00e9mentaire. Notre widget Facebook Reviews comprend des mises en page et des mod\u00e8les d&rsquo;avis vari\u00e9s, des \u00e9l\u00e9ments commutables et un en-t\u00eate adaptable pour une personnalisation maximale. Avec l&rsquo;aide de vos avis Facebook sur le site, vous b\u00e9n\u00e9ficierez d&rsquo;\u00e9valuations \u00e9lev\u00e9es, renforcerez la confiance et recevrez encore plus d&rsquo;avis.<\/p><p><b>Obtenez plus d&rsquo;informations sur vos clients en affichant les avis Facebook avec une incitation \u00e0 l&rsquo;action. !<\/b><\/p><ul><li><b>Augmentez la valeur per\u00e7ue de vos produits en affichant les meilleurs avis<\/b><br> Utilisez des filtres pour masquer tous les avis n\u00e9gatifs et assurez-vous que l&rsquo;audience soit s\u00fbre \u00e0 100\u00a0% des l&rsquo;excellence de vos offres.<\/li><li><b>Gagnez des avis avec le bouton d&rsquo;appel \u00e0 l&rsquo;action<\/b><br> Gr\u00e2ce \u00e0 la redirection rapide vers votre page Facebook et au bouton d&rsquo;appel \u00e0 l&rsquo;action convaincant, vous pouvez obtenez plus d&rsquo;informations sur les clients.<\/li><li><b>Parvenez \u00e0 une compr\u00e9hension plus claire de vos offres aupr\u00e8s des utilisateurs<\/b><br> Afficher vos articles \u00e0 travers l&rsquo;exp\u00e9rience utilisateur des clients aidera les visiteurs \u00e0 mieux les comprendre.<\/li><\/ul><\/div><div class=\"application-platform-content-item-features application-platform-content-item\" id=\"features\" data-nav-section=\"features\"><h2>Fonctionnalit\u00e9s<\/h2><p>Quelles fonctionnalit\u00e9s font du plugin Elfsight le meilleur pour chaque site Joomla\u00a0? \u00c9tudiez nos principales caract\u00e9ristiques\u00a0:<\/p><ul><li>\u00c9l\u00e9ments commutables de l&rsquo;en-t\u00eate\u00a0: notes et photos des \u00e9valuateurs\u00a0;<\/li><li>Types de disposition en grille classiques ou ma\u00e7onn\u00e9s\u00a0;<\/li><li>Choisir type de pagination dans la disposition Slider\u00a0;<\/li><li>Message texte modifiable apr\u00e8s refus de demande de r\u00e9vision, avec options de formatage\u00a0;<\/li><li>5 \u00e9l\u00e9ments pouvant \u00eatre peints de l&rsquo;interface\u00a0: arri\u00e8re-plan, texte de r\u00e9vision, liens. Bouton de demande de r\u00e9vision, \u00e9valuation\u00a0;<\/li><\/ul><p><a href=\"#demo\">V\u00e9rifiez-les tous<\/a><\/p><\/div><div class=\"application-platform-content-item-installation application-platform-content-item\" id=\"installation\" data-nav-section=\"installation\"><h2>Comment ajouter des avis Facebook au site Web Joomla<\/h2><p>Suivez simplement les \u00e9tapes pr\u00e9sent\u00e9es ci-dessous pour activer les avis Facebook sur Joomla.<\/p> <ol><li><b>Ex\u00e9cutez notre \u00e9diteur gratuit et d\u00e9marrez cr\u00e9er votre extension personnalis\u00e9e. <\/b><br> Pr\u00e9cisez la forme pr\u00e9f\u00e9r\u00e9e et les sp\u00e9cifications du plugin et appliquez les corrections. <\/li> <li><b>Copiez votre code personnel qui appara\u00eet dans le formulaire sp\u00e9cial sur les applications Elfsight. <\/b><br> Juste apr\u00e8s la configuration de votre outil personnel, copiez le code individuel de la fen\u00eatre contextuelle apparue et conservez-le pour une occasion ult\u00e9rieure. <\/li> <li><b>Initiez l&rsquo;utilisation de l&rsquo;extension sur votre site Web Joomla. <\/b><br> Ajoutez le code enregistr\u00e9 r\u00e9cemment dans votre site Web et appliquez les modifications. <\/li> <li><b>L&rsquo;installation est enti\u00e8rement effectu\u00e9e. <\/b><br> Visitez votre site pour examiner les performances du widget. <\/li><\/ol><p>Vous rencontrez des difficult\u00e9s ou des questions en suivant le tutoriel ou en d\u00e9finissant un plugin unique\u00a0? \u00c9crivez au centre d&rsquo;assistance Elfsight et nous serons heureux de vous aider \u00e0 cr\u00e9er et \u00e0 afficher un plugin sur votre site Web.<\/p><div class=\"faq\" data-component=\"FAQ\"> <div class=\"faq-item\">\r\n\t\t\t\t\t<div class=\"faq-item-question\">\r\n\t\t\t\t\t\t<h3 class=\"faq-item-question-text\">Comment puis-je ajouter des avis Facebook \u00e0 mon site Web Joomla sans comp\u00e9tences en codage ?<\/h3>\r\n\r\n\t\t\t\t\t\t<div class=\"faq-item-question-icon\"><\/div>\r\n\t\t\t\t\t<\/div>\r\n\r\n\t\t\t\t\t<div class=\"faq-item-answer\">\r\n\t\t\t\t\t\t<div class=\"faq-item-answer-text\"> <p>Elfsight fournit une solution SaaS qui vous permet de cr\u00e9er vous-m\u00eame un widget d&rsquo;avis Facebook. Voyez \u00e0 quel point le processus est simple\u00a0: travaillez directement dans l&rsquo;\u00e9diteur en ligne pour cr\u00e9er un widget d&rsquo;avis Facebook que vous aimeriez voir sur votre site Web Joomla. Choisissez l&rsquo;un des mod\u00e8les pr\u00e9d\u00e9finis et ajustez les param\u00e8tres des avis Facebook, ajoutez votre contenu, modifiez la mise en page et les couleurs sans comp\u00e9tences en codage. Enregistrez les avis Facebook et copiez son code d&rsquo;installation, que vous pouvez facilement ajouter \u00e0 votre site Web Joomla sans acheter de version payante. Gr\u00e2ce \u00e0 notre \u00e9diteur intuitif, tout internaute peut cr\u00e9er un widget Avis Facebook en ligne et l&rsquo;int\u00e9grer facilement \u00e0 son site Web Joomla. Il n&rsquo;est pas n\u00e9cessaire de payer ou de saisir les informations d&rsquo;identification de votre carte pour acc\u00e9der au service. Si vous rencontrez des probl\u00e8mes \u00e0 n&rsquo;importe quelle \u00e9tape, n&rsquo;h\u00e9sitez pas \u00e0 contacter notre \u00e9quipe d&rsquo;assistance technique.<\/p> <\/div>\r\n\t\t\t\t\t<\/div>\r\n\t\t\t\t<\/div> <\/div> <\/div>","protected":false},"excerpt":{"rendered":"","protected":false},"author":18,"featured_media":0,"parent":2252,"menu_order":0,"comment_status":"closed","ping_status":"closed","template":"templates\/template-application-platform.php","meta":{"publish_to_discourse":"","publish_post_category":"","wpdc_auto_publish_overridden":"","wpdc_topic_tags":"","wpdc_pin_topic":"","wpdc_pin_until":"","discourse_post_id":"","discourse_permalink":"","wpdc_publishing_response":"","wpdc_publishing_error":"","footnotes":""},"class_list":["post-5823","page","type-page","status-publish","hentry"],"yoast_head":"<!-- This site is optimized with the Yoast SEO plugin v25.3.1 - https:\/\/yoast.com\/wordpress\/plugins\/seo\/ -->\n<title>Avis Facebook - ajoutez extension Avis Client Facebook sur Joomla<\/title>\n<meta name=\"description\" content=\"Int\u00e9grez un Avis Facebook attractif sur votre site. Utilisez la d\u00e9mo d&#039;Elfsight et g\u00e9n\u00e9rez votre module en deux minutes.\" \/>\n<meta name=\"robots\" content=\"index, follow, max-snippet:-1, max-image-preview:large, max-video-preview:-1\" \/>\n<link rel=\"canonical\" href=\"https:\/\/elfsight.com\/fr\/facebook-reviews-widget\/joomla\/\" \/>\n<meta property=\"og:locale\" content=\"fr_FR\" \/>\n<meta property=\"og:type\" content=\"article\" \/>\n<meta property=\"og:title\" content=\"Avis Facebook - ajoutez extension Avis Client Facebook sur Joomla\" \/>\n<meta property=\"og:description\" content=\"Int\u00e9grez un Avis Facebook attractif sur votre site. Utilisez la d\u00e9mo d&#039;Elfsight et g\u00e9n\u00e9rez votre module en deux minutes.\" \/>\n<meta property=\"og:url\" content=\"https:\/\/elfsight.com\/fr\/facebook-reviews-widget\/joomla\/\" \/>\n<meta property=\"og:site_name\" content=\"Elfsight FR\" \/>\n<meta property=\"article:modified_time\" content=\"2024-11-11T10:59:04+00:00\" \/>\n<meta name=\"twitter:card\" content=\"summary_large_image\" \/>\n<meta name=\"twitter:label1\" content=\"Dur\u00e9e de lecture estim\u00e9e\" \/>\n\t<meta name=\"twitter:data1\" content=\"1 minute\" \/>\n<!-- \/ Yoast SEO plugin. -->","yoast_head_json":{"title":"Avis Facebook - ajoutez extension Avis Client Facebook sur Joomla","description":"Int\u00e9grez un Avis Facebook attractif sur votre site. Utilisez la d\u00e9mo d'Elfsight et g\u00e9n\u00e9rez votre module en deux minutes.","robots":{"index":"index","follow":"follow","max-snippet":"max-snippet:-1","max-image-preview":"max-image-preview:large","max-video-preview":"max-video-preview:-1"},"canonical":"https:\/\/elfsight.com\/fr\/facebook-reviews-widget\/joomla\/","og_locale":"fr_FR","og_type":"article","og_title":"Avis Facebook - ajoutez extension Avis Client Facebook sur Joomla","og_description":"Int\u00e9grez un Avis Facebook attractif sur votre site. Utilisez la d\u00e9mo d'Elfsight et g\u00e9n\u00e9rez votre module en deux minutes.","og_url":"https:\/\/elfsight.com\/fr\/facebook-reviews-widget\/joomla\/","og_site_name":"Elfsight FR","article_modified_time":"2024-11-11T10:59:04+00:00","twitter_card":"summary_large_image","twitter_misc":{"Dur\u00e9e de lecture estim\u00e9e":"1 minute"},"schema":{"@context":"https:\/\/schema.org","@graph":[{"@type":"WebPage","@id":"https:\/\/elfsight.com\/fr\/facebook-reviews-widget\/joomla\/","url":"https:\/\/elfsight.com\/fr\/facebook-reviews-widget\/joomla\/","name":"Avis Facebook - ajoutez extension Avis Client Facebook sur Joomla","isPartOf":{"@id":"https:\/\/elfsight.com\/fr\/#website"},"datePublished":"2021-12-03T10:10:21+00:00","dateModified":"2024-11-11T10:59:04+00:00","description":"Int\u00e9grez un Avis Facebook attractif sur votre site. Utilisez la d\u00e9mo d'Elfsight et g\u00e9n\u00e9rez votre module en deux minutes.","breadcrumb":{"@id":"https:\/\/elfsight.com\/fr\/facebook-reviews-widget\/joomla\/#breadcrumb"},"inLanguage":"fr-FR","potentialAction":[{"@type":"ReadAction","target":["https:\/\/elfsight.com\/fr\/facebook-reviews-widget\/joomla\/"]}]},{"@type":"BreadcrumbList","@id":"https:\/\/elfsight.com\/fr\/facebook-reviews-widget\/joomla\/#breadcrumb","itemListElement":[{"@type":"ListItem","position":1,"name":"Home","item":"https:\/\/elfsight.com\/fr\/"},{"@type":"ListItem","position":2,"name":"Facebook Reviews","item":"https:\/\/elfsight.com\/fr\/facebook-reviews-widget\/"},{"@type":"ListItem","position":3,"name":"Facebook Reviews &#8211; Joomla"}]},{"@type":"WebSite","@id":"https:\/\/elfsight.com\/fr\/#website","url":"https:\/\/elfsight.com\/fr\/","name":"Elfsight FR","description":"","potentialAction":[{"@type":"SearchAction","target":{"@type":"EntryPoint","urlTemplate":"https:\/\/elfsight.com\/fr\/?s={search_term_string}"},"query-input":{"@type":"PropertyValueSpecification","valueRequired":true,"valueName":"search_term_string"}}],"inLanguage":"fr-FR"}]}},"meta_box":{"industry":"","seo_heading":"","heading":"","description":"","cta_heading":"","cta_description":"","application":"2182","h1":"L'extension Avis Facebook pour Joomla","h1_caption":"Int\u00e9grez les avis des clients de votre page Facebook directement sur votre site Web pour am\u00e9liorer sans effort la confiance et la preuve sociale dans votre site Web Joomla.","application_category":[],"applications_title":"","applications_request_title":"","applications_request_button_text":"","hero_text":"","hero_video":"","hero_video_schema_markup":"","selling_points_title":"","selling_points_caption":"","selling_points":[],"selling_points_cta_text":"","features_title":"","features":"","ed_cta_examples_text":"","ed_cta_examples_hidden":"","ed_cta_demo_text":"","ed_cta_demo_hidden":"","why_caption":"","why_editor_title":"","why_editor_text":"","why_team_title":"","why_team_text":"","why_service_title":"","why_service_text":"","template_catalog_visible":"","template_catalog_title":"","template_catalog_text":"","template_catalog_categories_visible":"","demo_title":"Cr\u00e9ez votre plugin Facebook Reviews","demo_caption":"Configurez vos avis Facebook et ajoutez-les gratuitement \u00e0 votre site Joomla !","default_faq_hidden":"","app_template_category":[],"platform":"354","template_public_id":"","codecanyon_url":"","codecanyon_item_id":"","codecanyon_price":"","pricing_caption":"","pricing_elfsight_apps_hide_column":"","pricing_elfsight_apps_url":"","pricing_codecanyon_price_caption":"","integration_category":[],"integration_request_title":"","integration_request_cta":"","integration_platform":"","integrations":[],"platform_category":[],"video_schema_markup":"","price":"\u00c0 partir de $0\/mois","trial":"","benefits":[{"text":"Installation gratuite"},{"text":"Support Premium"},{"text":"Garantie de remboursement de 14 jours"},{"text":"L'am\u00e9lioration continue"}],"button_url":"#demo","button_target_blank":"0","button_nofollow":"0","attributes":[{"name":"Nombre d'installations","content":"1,000 - 5,000","_state":"expanded"},{"name":"Adaptif","content":"Oui","_state":"expanded"},{"name":"Navigateurs compatibles","content":"Firefox, Safari, Opera, Chrome, Edge","_state":"expanded"}],"tags":[],"tags_disable_links":"0","hide_more_platforms":"","video_object":"","demo_hide_cta":"0","demo_hide_cloud_options":"0","pricing_title":"","pricing":[{"pricing_icon":"platform","pricing_title":"Applications d'Elfsight","pricing_title_caption":"Solution num\u00e9rique multiplateforme qui fonctionne sur n'importe quel site","pricing_price":"\u00c0 partir de $0\/mois","pricing_price_caption":"Commencez avec un plan gratuit","pricing_benefits":[{"text":"Sites Web illimit\u00e9s"},{"text":"\u00c9quipe d'assistance professionnelle"},{"text":"Service d'installation gratuit"},{"text":"100% personnalisable"}],"pricing_button_text":"Ajouter au site Web","pricing_button_url":"https:\/\/apps.elfsight.com\/sign-up\/","pricing_button_nofollow":"1","_state":"expanded"}],"related_apps_title":"","related_apps_hidden":"1","author":"","image":[],"title":"","job":"","social_networks":[]},"_links":{"self":[{"href":"https:\/\/elfsight.com\/fr\/wp-json\/wp\/v2\/pages\/5823","targetHints":{"allow":["GET"]}}],"collection":[{"href":"https:\/\/elfsight.com\/fr\/wp-json\/wp\/v2\/pages"}],"about":[{"href":"https:\/\/elfsight.com\/fr\/wp-json\/wp\/v2\/types\/page"}],"author":[{"embeddable":true,"href":"https:\/\/elfsight.com\/fr\/wp-json\/wp\/v2\/users\/18"}],"replies":[{"embeddable":true,"href":"https:\/\/elfsight.com\/fr\/wp-json\/wp\/v2\/comments?post=5823"}],"version-history":[{"count":2,"href":"https:\/\/elfsight.com\/fr\/wp-json\/wp\/v2\/pages\/5823\/revisions"}],"predecessor-version":[{"id":14871,"href":"https:\/\/elfsight.com\/fr\/wp-json\/wp\/v2\/pages\/5823\/revisions\/14871"}],"up":[{"embeddable":true,"href":"https:\/\/elfsight.com\/fr\/wp-json\/wp\/v2\/pages\/2252"}],"wp:attachment":[{"href":"https:\/\/elfsight.com\/fr\/wp-json\/wp\/v2\/media?parent=5823"}],"curies":[{"name":"wp","href":"https:\/\/api.w.org\/{rel}","templated":true}]}}